{"id":967,"date":"2021-04-08T02:14:18","date_gmt":"2021-04-08T02:14:18","guid":{"rendered":"http:\/\/khachhang.webrt.vn\/phong\/chosi\/?post_type=product&#038;p=967"},"modified":"2021-04-08T05:53:01","modified_gmt":"2021-04-08T05:53:01","slug":"thach-trai-cay-han-quoc-500g-9","status":"publish","type":"product","link":"https:\/\/pluginviet.com\/mau42\/san-pham\/thach-trai-cay-han-quoc-500g-9\/","title":{"rendered":"Th\u1ea1ch tr\u00e1i c\u00e2y h\u00e0n qu\u1ed1c 500g"},"content":{"rendered":"<h3>TH\u00c0NH PH\u1ea6N:<\/h3>\n<p>\u0111\u1ea1m , ch\u1ea5t x\u01a1 axit folic, c\u00e1c vitamin nh\u00f3m B v\u00e0 7 lo\u1ea1i kho\u00e1ng ch\u1ea5t quan tr\u1ecdng :\u0111\u1ed3ng, k\u1ebdm, magi\u00ea ,kali, s\u1eaft v\u00e0 m\u0103ng gan<\/p>\n<h3>H\u01af\u1edaNG D\u1eaaN S\u1eec D\u1ee4NG:<\/h3>\n<p>R\u1eefa s\u1ea1ch \u0111\u1eadu v\u00e0 ng\u00e2m\u0111\u1eadu l\u0103ng v\u1edbi n\u01b0\u1edbc t\u1eeb 2-4 gi\u1edd ho\u1eb7c ng\u00e2m qua \u0111\u00eam tr\u01b0\u1edbc khi ch\u1ebf bi\u1ebfn. \u0110\u1eadu l\u0103ng th\u01b0\u1eddng d\u00f9ng \u0111\u1ec3 h\u1ea7mho\u1eb7c n\u1ea5u canh , l\u00e0m s\u00fap \u0111\u1eadu , l\u00e0m ch\u00e8 hay c\u00e0 ri\u2026 H\u1ea1t \u0111\u1eadu c\u00f3 m\u00e0u \u0111\u1ecf cam, h\u1ea1t nh\u1ecf, h\u1ea7u h\u1ebft \u0111\u00e3 \u0111\u01b0\u1ee3c b\u00f3c v\u1ecf v\u00e0 t\u00e1ch l\u00e0m \u0111\u00f4i. Trong c\u00e1c lo\u1ea1i \u0111\u1eadu l\u0103ng, \u0111\u00e2y l\u00e0 lo\u1ea1i \u0111\u1eadu n\u1ea5u nhanh nh\u1ea5t v\u1edbi v\u1ecb ng\u1ecdt, b\u00f9i v\u00e0 b\u1edf. Khi n\u1ea5u ch\u00edn, h\u1ea1t \u0111\u1eadu chuy\u1ec3n sang m\u00e0u cam nh\u1ea1t.<\/p>\n<p>H\u1ea1t \u0111\u1eadu l\u0103ng c\u00f3 h\u00ecnh tr\u00f2n ho\u1eb7c h\u00ecnh b\u1ea7u d\u1ee5c.<\/p>\n","protected":false},"excerpt":{"rendered":"<p>Quy c\u00e1ch: T\u00fai<\/p>\n<p>Tr\u1ecdng l\u01b0\u1ee3ng\/Dung t\u00edch: 400g<\/p>\n<p>Xu\u1ea5t x\u1ee9: Australia (\u00dac)<\/p>\n","protected":false},"featured_media":952,"comment_status":"open","ping_status":"closed","template":"","meta":[],"product_cat":[15,119,123,115,120,122,118,121,114],"product_tag":[],"yoast_head":"<!-- This site is optimized with the Yoast SEO plugin v21.5 - https:\/\/yoast.com\/wordpress\/plugins\/seo\/ -->\n<title>Th\u1ea1ch tr\u00e1i c\u00e2y h\u00e0n qu\u1ed1c 500g - C\u1eeda h\u00e0ng b\u00e1nh k\u1eb9o<\/title>\n<meta name=\"robots\" content=\"index, follow, max-snippet:-1, max-image-preview:large, max-video-preview:-1\" \/>\n<link rel=\"canonical\" href=\"https:\/\/pluginviet.com\/mau42\/san-pham\/thach-trai-cay-han-quoc-500g-9\/\" \/>\n<meta property=\"og:locale\" content=\"vi_VN\" \/>\n<meta property=\"og:type\" content=\"article\" \/>\n<meta property=\"og:title\" content=\"Th\u1ea1ch tr\u00e1i c\u00e2y h\u00e0n qu\u1ed1c 500g - C\u1eeda h\u00e0ng b\u00e1nh k\u1eb9o\" \/>\n<meta property=\"og:description\" content=\"Quy c\u00e1ch: T\u00fai  Tr\u1ecdng l\u01b0\u1ee3ng\/Dung t\u00edch: 400g  Xu\u1ea5t x\u1ee9: Australia (\u00dac)\" \/>\n<meta property=\"og:url\" content=\"https:\/\/pluginviet.com\/mau42\/san-pham\/thach-trai-cay-han-quoc-500g-9\/\" \/>\n<meta property=\"og:site_name\" content=\"C\u1eeda h\u00e0ng b\u00e1nh k\u1eb9o\" \/>\n<meta property=\"article:modified_time\" content=\"2021-04-08T05:53:01+00:00\" \/>\n<meta property=\"og:image\" content=\"https:\/\/pluginviet.com\/mau42\/wp-content\/uploads\/2021\/04\/cam-thom-600x600.png\" \/>\n\t<meta property=\"og:image:width\" content=\"600\" \/>\n\t<meta property=\"og:image:height\" content=\"600\" \/>\n\t<meta property=\"og:image:type\" content=\"image\/png\" \/>\n<meta name=\"twitter:card\" content=\"summary_large_image\" \/>\n<meta name=\"twitter:label1\" content=\"\u01af\u1edbc t\u00ednh th\u1eddi gian \u0111\u1ecdc\" \/>\n\t<meta name=\"twitter:data1\" content=\"1 ph\u00fat\" \/>\n<script type=\"application\/ld+json\" class=\"yoast-schema-graph\">{\"@context\":\"https:\/\/schema.org\",\"@graph\":[{\"@type\":\"WebPage\",\"@id\":\"https:\/\/pluginviet.com\/mau42\/san-pham\/thach-trai-cay-han-quoc-500g-9\/\",\"url\":\"https:\/\/pluginviet.com\/mau42\/san-pham\/thach-trai-cay-han-quoc-500g-9\/\",\"name\":\"Th\u1ea1ch tr\u00e1i c\u00e2y h\u00e0n qu\u1ed1c 500g - C\u1eeda h\u00e0ng b\u00e1nh k\u1eb9o\",\"isPartOf\":{\"@id\":\"https:\/\/pluginviet.com\/mau42\/#website\"},\"datePublished\":\"2021-04-08T02:14:18+00:00\",\"dateModified\":\"2021-04-08T05:53:01+00:00\",\"breadcrumb\":{\"@id\":\"https:\/\/pluginviet.com\/mau42\/san-pham\/thach-trai-cay-han-quoc-500g-9\/#breadcrumb\"},\"inLanguage\":\"vi\",\"potentialAction\":[{\"@type\":\"ReadAction\",\"target\":[\"https:\/\/pluginviet.com\/mau42\/san-pham\/thach-trai-cay-han-quoc-500g-9\/\"]}]},{\"@type\":\"BreadcrumbList\",\"@id\":\"https:\/\/pluginviet.com\/mau42\/san-pham\/thach-trai-cay-han-quoc-500g-9\/#breadcrumb\",\"itemListElement\":[{\"@type\":\"ListItem\",\"position\":1,\"name\":\"Trang ch\u1ee7\",\"item\":\"https:\/\/pluginviet.com\/mau42\/\"},{\"@type\":\"ListItem\",\"position\":2,\"name\":\"Shop\",\"item\":\"https:\/\/pluginviet.com\/mau42\/shop\/\"},{\"@type\":\"ListItem\",\"position\":3,\"name\":\"Th\u1ea1ch tr\u00e1i c\u00e2y h\u00e0n qu\u1ed1c 500g\"}]},{\"@type\":\"WebSite\",\"@id\":\"https:\/\/pluginviet.com\/mau42\/#website\",\"url\":\"https:\/\/pluginviet.com\/mau42\/\",\"name\":\"C\u1eeda h\u00e0ng b\u00e1nh k\u1eb9o\",\"description\":\"\",\"potentialAction\":[{\"@type\":\"SearchAction\",\"target\":{\"@type\":\"EntryPoint\",\"urlTemplate\":\"https:\/\/pluginviet.com\/mau42\/?s={search_term_string}\"},\"query-input\":\"required name=search_term_string\"}],\"inLanguage\":\"vi\"}]}<\/script>\n<!-- \/ Yoast SEO plugin. -->","yoast_head_json":{"title":"Th\u1ea1ch tr\u00e1i c\u00e2y h\u00e0n qu\u1ed1c 500g - C\u1eeda h\u00e0ng b\u00e1nh k\u1eb9o","robots":{"index":"index","follow":"follow","max-snippet":"max-snippet:-1","max-image-preview":"max-image-preview:large","max-video-preview":"max-video-preview:-1"},"canonical":"https:\/\/pluginviet.com\/mau42\/san-pham\/thach-trai-cay-han-quoc-500g-9\/","og_locale":"vi_VN","og_type":"article","og_title":"Th\u1ea1ch tr\u00e1i c\u00e2y h\u00e0n qu\u1ed1c 500g - C\u1eeda h\u00e0ng b\u00e1nh k\u1eb9o","og_description":"Quy c\u00e1ch: T\u00fai  Tr\u1ecdng l\u01b0\u1ee3ng\/Dung t\u00edch: 400g  Xu\u1ea5t x\u1ee9: Australia (\u00dac)","og_url":"https:\/\/pluginviet.com\/mau42\/san-pham\/thach-trai-cay-han-quoc-500g-9\/","og_site_name":"C\u1eeda h\u00e0ng b\u00e1nh k\u1eb9o","article_modified_time":"2021-04-08T05:53:01+00:00","og_image":[{"width":600,"height":600,"url":"https:\/\/pluginviet.com\/mau42\/wp-content\/uploads\/2021\/04\/cam-thom-600x600.png","type":"image\/png"}],"twitter_card":"summary_large_image","twitter_misc":{"\u01af\u1edbc t\u00ednh th\u1eddi gian \u0111\u1ecdc":"1 ph\u00fat"},"schema":{"@context":"https:\/\/schema.org","@graph":[{"@type":"WebPage","@id":"https:\/\/pluginviet.com\/mau42\/san-pham\/thach-trai-cay-han-quoc-500g-9\/","url":"https:\/\/pluginviet.com\/mau42\/san-pham\/thach-trai-cay-han-quoc-500g-9\/","name":"Th\u1ea1ch tr\u00e1i c\u00e2y h\u00e0n qu\u1ed1c 500g - C\u1eeda h\u00e0ng b\u00e1nh k\u1eb9o","isPartOf":{"@id":"https:\/\/pluginviet.com\/mau42\/#website"},"datePublished":"2021-04-08T02:14:18+00:00","dateModified":"2021-04-08T05:53:01+00:00","breadcrumb":{"@id":"https:\/\/pluginviet.com\/mau42\/san-pham\/thach-trai-cay-han-quoc-500g-9\/#breadcrumb"},"inLanguage":"vi","potentialAction":[{"@type":"ReadAction","target":["https:\/\/pluginviet.com\/mau42\/san-pham\/thach-trai-cay-han-quoc-500g-9\/"]}]},{"@type":"BreadcrumbList","@id":"https:\/\/pluginviet.com\/mau42\/san-pham\/thach-trai-cay-han-quoc-500g-9\/#breadcrumb","itemListElement":[{"@type":"ListItem","position":1,"name":"Trang ch\u1ee7","item":"https:\/\/pluginviet.com\/mau42\/"},{"@type":"ListItem","position":2,"name":"Shop","item":"https:\/\/pluginviet.com\/mau42\/shop\/"},{"@type":"ListItem","position":3,"name":"Th\u1ea1ch tr\u00e1i c\u00e2y h\u00e0n qu\u1ed1c 500g"}]},{"@type":"WebSite","@id":"https:\/\/pluginviet.com\/mau42\/#website","url":"https:\/\/pluginviet.com\/mau42\/","name":"C\u1eeda h\u00e0ng b\u00e1nh k\u1eb9o","description":"","potentialAction":[{"@type":"SearchAction","target":{"@type":"EntryPoint","urlTemplate":"https:\/\/pluginviet.com\/mau42\/?s={search_term_string}"},"query-input":"required name=search_term_string"}],"inLanguage":"vi"}]}},"_links":{"self":[{"href":"https:\/\/pluginviet.com\/mau42\/wp-json\/wp\/v2\/product\/967"}],"collection":[{"href":"https:\/\/pluginviet.com\/mau42\/wp-json\/wp\/v2\/product"}],"about":[{"href":"https:\/\/pluginviet.com\/mau42\/wp-json\/wp\/v2\/types\/product"}],"replies":[{"embeddable":true,"href":"https:\/\/pluginviet.com\/mau42\/wp-json\/wp\/v2\/comments?post=967"}],"wp:featuredmedia":[{"embeddable":true,"href":"https:\/\/pluginviet.com\/mau42\/wp-json\/wp\/v2\/media\/952"}],"wp:attachment":[{"href":"https:\/\/pluginviet.com\/mau42\/wp-json\/wp\/v2\/media?parent=967"}],"wp:term":[{"taxonomy":"product_cat","embeddable":true,"href":"https:\/\/pluginviet.com\/mau42\/wp-json\/wp\/v2\/product_cat?post=967"},{"taxonomy":"product_tag","embeddable":true,"href":"https:\/\/pluginviet.com\/mau42\/wp-json\/wp\/v2\/product_tag?post=967"}],"curies":[{"name":"wp","href":"https:\/\/api.w.org\/{rel}","templated":true}]}}