{"id":2044,"date":"2023-07-18T09:50:54","date_gmt":"2023-07-18T09:50:54","guid":{"rendered":"https:\/\/khomaudep.com\/mau3\/?post_type=product&#038;p=2044"},"modified":"2023-07-18T09:51:12","modified_gmt":"2023-07-18T09:51:12","slug":"khoa-van-tay-philips-ddl603e-khoa-cua-nhap-khau-chinh-hang-2","status":"publish","type":"product","link":"https:\/\/pluginviet.com\/mau39\/san-pham\/khoa-van-tay-philips-ddl603e-khoa-cua-nhap-khau-chinh-hang-2\/","title":{"rendered":"Kho\u00e1 V\u00e2n Tay Philips DDL603E \u2013 Kh\u00f3a C\u1eeda Nh\u1eadp Kh\u1ea9u Ch\u00ednh H\u00e3ng"},"content":{"rendered":"<h3>Kho\u00e1 V\u00e2n Tay Philips DDL603E l\u00e0 m\u1eabu kh\u00f3a v\u00e2n tay th\u1ebf h\u1ec7 m\u1edbi c\u1ee7a Philips.<\/h3>\n<p>M\u1ed9t s\u1ea3n ph\u1ea9m ho\u00e0n h\u1ea3o \u0111\u1ebfn t\u1eeb ngo\u1ea1i quan \u0111\u1ebfn c\u00f4ng n\u0103ng, mang \u0111\u1ebfn tr\u1ea3i nghi\u1ec7m tuy\u1ec7t v\u1eddi cho ng\u01b0\u1eddi ti\u00eau d\u00f9ng.<\/p>\n<h3>Ngo\u1ea1i quan c\u1ee7a Kho\u00e1 V\u00e2n Tay Philips DDL603E<\/h3>\n<h3>Thi\u1ebft k\u1ebf tay g\u1ea1t d\u1ec5 c\u1ea7m n\u1eafm<\/h3>\n<p>Kh\u00f3a th\u00f4ng minh DDL603E c\u00f3 ngo\u1ea1i quan t\u1ed1i gi\u1ea3n, theo ph\u01b0\u01a1ng ch\u00e2m th\u00e2n thi\u1ec7n v\u1edbi ng\u01b0\u1eddi d\u00f9ng khi ch\u1ec9 c\u00f3 1 tay g\u1ea1t.<\/p>\n<p>Ng\u01b0\u1eddi d\u00f9ng s\u1ebd b\u1ecb thu h\u00fat ngay t\u1eeb \u00e1nh nh\u00ecn \u0111\u1ea7u ti\u00ean v\u1edbi d\u00f2ng s\u1ea3n ph\u1ea9m n\u00e0y.<\/p>\n<p>Thi\u1ebft k\u1ebf m\u00e0u \u0111en trang nh\u00e3, k\u00ednh c\u01b0\u1eddng l\u1ef1c ch\u1ecbu \u0111\u01b0\u1ee3c t\u00e1c \u0111\u1ed9ng m\u1ea1nh. D\u1ec5 d\u00e0ng s\u1eed d\u1ee5ng cho c\u1ea3 ng\u01b0\u1eddi l\u1edbn l\u1eabn tr\u1ebb nh\u1ecf.<\/p>\n<p><a href=\"https:\/\/khomaudep.com\/mau3\/wp-content\/uploads\/2023\/07\/khoa-thong-minh-philips-ddl603e-4-768x768-1-1.jpg\"><img loading=\"lazy\" decoding=\"async\" class=\"aligncenter wp-image-2027 size-full\" src=\"https:\/\/khomaudep.com\/mau3\/wp-content\/uploads\/2023\/07\/khoa-thong-minh-philips-ddl603e-4-768x768-1-1.jpg\" alt=\"\" width=\"768\" height=\"768\" srcset=\"https:\/\/pluginviet.com\/mau39\/wp-content\/uploads\/2023\/07\/khoa-thong-minh-philips-ddl603e-4-768x768-1-1.jpg 768w, https:\/\/pluginviet.com\/mau39\/wp-content\/uploads\/2023\/07\/khoa-thong-minh-philips-ddl603e-4-768x768-1-1-400x400.jpg 400w, https:\/\/pluginviet.com\/mau39\/wp-content\/uploads\/2023\/07\/khoa-thong-minh-philips-ddl603e-4-768x768-1-1-280x280.jpg 280w, https:\/\/pluginviet.com\/mau39\/wp-content\/uploads\/2023\/07\/khoa-thong-minh-philips-ddl603e-4-768x768-1-1-600x600.jpg 600w, https:\/\/pluginviet.com\/mau39\/wp-content\/uploads\/2023\/07\/khoa-thong-minh-philips-ddl603e-4-768x768-1-1-100x100.jpg 100w\" sizes=\"(max-width: 768px) 100vw, 768px\" \/><\/a><\/p>\n<h3>M\u1edf kh\u00f3a b\u1eb1ng v\u00e2n tay si\u00eau t\u1ed1c tr\u00ean tay c\u1ea7m<\/h3>\n<p>Mang trong m\u00ecnh c\u00f4ng ngh\u1ec7 v\u00e2n tay\u00a0FPC Th\u1ee5y \u0110i\u1ec3n\u00a0\u2013 c\u00f4ng ngh\u1ec7 cao c\u1ea5p, \u0111\u01b0\u1ee3c tin d\u00f9ng \u1edf 135 ng\u00e2n h\u00e0ng tr\u00ean th\u1ebf gi\u1edbi. Philips DDL603E c\u00f3 c\u01a1 ch\u1ebf \u0111\u1ea3m b\u1ea3o an to\u00e0n, an ninh tuy\u1ec7t \u0111\u1ed1i.<\/p>\n<h3>Kh\u1ea3 n\u0103ng t\u01b0\u01a1ng th\u00edch cao<\/h3>\n<p>DDL603E c\u00f3 th\u1ec3 d\u1ec5 d\u00e0ng thay th\u1ebf \u1ed5 kh\u00f3a c\u0169 c\u1ee7a gia \u0111\u00ecnh b\u1ea1n tr\u00ean nhi\u1ec1u ch\u1ea5t li\u1ec7u c\u1eeda kh\u00e1c nhau: c\u1eeda s\u1eaft, c\u1eeda g\u1ed7,\u2026..v\u1edbi kh\u1ea3 n\u0103ng t\u01b0\u01a1ng th\u00edch l\u00ean \u0111\u1ebfn 99%.<\/p>\n<p>Thi\u1ebft k\u1ebf hi\u1ec7n \u0111\u1ea1i gi\u00fap g\u00e2y \u1ea5n t\u01b0\u1ee3ng m\u1ea1nh ngay t\u1eeb l\u1ea7n nh\u00ecn \u0111\u1ea7u ti\u00ean c\u1ee7a kh\u00f3a Philips 603E.<\/p>\n<p>&nbsp;<\/p>\n","protected":false},"excerpt":{"rendered":"<p>\u0110\u1ed5i m\u1edbi s\u1ea3n ph\u1ea9m l\u00ean \u0111\u1ebfn 12 th\u00e1ng\u00a0(Xem chi ti\u1ebft)<\/p>\n<p>T\u1eb7ng g\u00f3i b\u1ea3o tr\u00ec, b\u1ea3o d\u01b0\u1ee1ng t\u1ea1i nh\u00e0 24 Th\u00e1ng tr\u1ecb gi\u00e1 800.000 (VND)<\/p>\n<p>Gi\u1ea3m 5% khi mua c\u00e1c s\u1ea3n ph\u1ea9m (K\u00e9t S\u1eaft v\u00e0 Robot h\u00fat b\u1ee5i)<\/p>\n<p>Giao h\u00e0ng t\u1eadn n\u01a1i mi\u1ec5n ph\u00ed theo ch\u00ednh s\u00e1ch v\u1eadn chuy\u1ec3n\u00a0(Xem chi ti\u1ebft)<\/p>\n<p>B\u1ea3o h\u00e0nh ch\u00ednh h\u00e3ng 24 Th\u00e1ng<\/p>\n","protected":false},"featured_media":2029,"comment_status":"open","ping_status":"closed","template":"","meta":[],"product_cat":[15,153,141],"product_tag":[],"hang":[210],"acf":[],"yoast_head":"<!-- This site is optimized with the Yoast SEO plugin v21.5 - https:\/\/yoast.com\/wordpress\/plugins\/seo\/ -->\n<title>Kho\u00e1 V\u00e2n Tay Philips DDL603E \u2013 Kh\u00f3a C\u1eeda Nh\u1eadp Kh\u1ea9u Ch\u00ednh H\u00e3ng - B\u1ebfp t\u1eeb<\/title>\n<meta name=\"robots\" content=\"index, follow, max-snippet:-1, max-image-preview:large, max-video-preview:-1\" \/>\n<link rel=\"canonical\" href=\"https:\/\/pluginviet.com\/mau39\/san-pham\/khoa-van-tay-philips-ddl603e-khoa-cua-nhap-khau-chinh-hang-2\/\" \/>\n<meta property=\"og:locale\" content=\"vi_VN\" \/>\n<meta property=\"og:type\" content=\"article\" \/>\n<meta property=\"og:title\" content=\"Kho\u00e1 V\u00e2n Tay Philips DDL603E \u2013 Kh\u00f3a C\u1eeda Nh\u1eadp Kh\u1ea9u Ch\u00ednh H\u00e3ng - B\u1ebfp t\u1eeb\" \/>\n<meta property=\"og:description\" content=\"\u0110\u1ed5i m\u1edbi s\u1ea3n ph\u1ea9m l\u00ean \u0111\u1ebfn 12 th\u00e1ng\u00a0(Xem chi ti\u1ebft)  T\u1eb7ng g\u00f3i b\u1ea3o tr\u00ec, b\u1ea3o d\u01b0\u1ee1ng t\u1ea1i nh\u00e0 24 Th\u00e1ng tr\u1ecb gi\u00e1 800.000 (VND)  Gi\u1ea3m 5% khi mua c\u00e1c s\u1ea3n ph\u1ea9m (K\u00e9t S\u1eaft v\u00e0 Robot h\u00fat b\u1ee5i)  Giao h\u00e0ng t\u1eadn n\u01a1i mi\u1ec5n ph\u00ed theo ch\u00ednh s\u00e1ch v\u1eadn chuy\u1ec3n\u00a0(Xem chi ti\u1ebft)  B\u1ea3o h\u00e0nh ch\u00ednh h\u00e3ng 24 Th\u00e1ng\" \/>\n<meta property=\"og:url\" content=\"https:\/\/pluginviet.com\/mau39\/san-pham\/khoa-van-tay-philips-ddl603e-khoa-cua-nhap-khau-chinh-hang-2\/\" \/>\n<meta property=\"og:site_name\" content=\"B\u1ebfp t\u1eeb\" \/>\n<meta property=\"article:modified_time\" content=\"2023-07-18T09:51:12+00:00\" \/>\n<meta property=\"og:image\" content=\"https:\/\/pluginviet.com\/mau39\/wp-content\/uploads\/2023\/07\/khoa-van-tay-philips-ddl603e-1.jpg\" \/>\n\t<meta property=\"og:image:width\" content=\"600\" \/>\n\t<meta property=\"og:image:height\" content=\"600\" \/>\n\t<meta property=\"og:image:type\" content=\"image\/jpeg\" \/>\n<meta name=\"twitter:card\" content=\"summary_large_image\" \/>\n<meta name=\"twitter:label1\" content=\"\u01af\u1edbc t\u00ednh th\u1eddi gian \u0111\u1ecdc\" \/>\n\t<meta name=\"twitter:data1\" content=\"2 ph\u00fat\" \/>\n<script type=\"application\/ld+json\" class=\"yoast-schema-graph\">{\"@context\":\"https:\/\/schema.org\",\"@graph\":[{\"@type\":\"WebPage\",\"@id\":\"https:\/\/pluginviet.com\/mau39\/san-pham\/khoa-van-tay-philips-ddl603e-khoa-cua-nhap-khau-chinh-hang-2\/\",\"url\":\"https:\/\/pluginviet.com\/mau39\/san-pham\/khoa-van-tay-philips-ddl603e-khoa-cua-nhap-khau-chinh-hang-2\/\",\"name\":\"Kho\u00e1 V\u00e2n Tay Philips DDL603E \u2013 Kh\u00f3a C\u1eeda Nh\u1eadp Kh\u1ea9u Ch\u00ednh H\u00e3ng - B\u1ebfp t\u1eeb\",\"isPartOf\":{\"@id\":\"https:\/\/pluginviet.com\/mau39\/#website\"},\"datePublished\":\"2023-07-18T09:50:54+00:00\",\"dateModified\":\"2023-07-18T09:51:12+00:00\",\"breadcrumb\":{\"@id\":\"https:\/\/pluginviet.com\/mau39\/san-pham\/khoa-van-tay-philips-ddl603e-khoa-cua-nhap-khau-chinh-hang-2\/#breadcrumb\"},\"inLanguage\":\"vi\",\"potentialAction\":[{\"@type\":\"ReadAction\",\"target\":[\"https:\/\/pluginviet.com\/mau39\/san-pham\/khoa-van-tay-philips-ddl603e-khoa-cua-nhap-khau-chinh-hang-2\/\"]}]},{\"@type\":\"BreadcrumbList\",\"@id\":\"https:\/\/pluginviet.com\/mau39\/san-pham\/khoa-van-tay-philips-ddl603e-khoa-cua-nhap-khau-chinh-hang-2\/#breadcrumb\",\"itemListElement\":[{\"@type\":\"ListItem\",\"position\":1,\"name\":\"Trang ch\u1ee7\",\"item\":\"https:\/\/pluginviet.com\/mau39\/\"},{\"@type\":\"ListItem\",\"position\":2,\"name\":\"Shop\",\"item\":\"https:\/\/pluginviet.com\/mau39\/shop\/\"},{\"@type\":\"ListItem\",\"position\":3,\"name\":\"Kho\u00e1 V\u00e2n Tay Philips DDL603E \u2013 Kh\u00f3a C\u1eeda Nh\u1eadp Kh\u1ea9u Ch\u00ednh H\u00e3ng\"}]},{\"@type\":\"WebSite\",\"@id\":\"https:\/\/pluginviet.com\/mau39\/#website\",\"url\":\"https:\/\/pluginviet.com\/mau39\/\",\"name\":\"B\u1ebfp t\u1eeb\",\"description\":\"\",\"potentialAction\":[{\"@type\":\"SearchAction\",\"target\":{\"@type\":\"EntryPoint\",\"urlTemplate\":\"https:\/\/pluginviet.com\/mau39\/?s={search_term_string}\"},\"query-input\":\"required name=search_term_string\"}],\"inLanguage\":\"vi\"}]}<\/script>\n<!-- \/ Yoast SEO plugin. -->","yoast_head_json":{"title":"Kho\u00e1 V\u00e2n Tay Philips DDL603E \u2013 Kh\u00f3a C\u1eeda Nh\u1eadp Kh\u1ea9u Ch\u00ednh H\u00e3ng - B\u1ebfp t\u1eeb","robots":{"index":"index","follow":"follow","max-snippet":"max-snippet:-1","max-image-preview":"max-image-preview:large","max-video-preview":"max-video-preview:-1"},"canonical":"https:\/\/pluginviet.com\/mau39\/san-pham\/khoa-van-tay-philips-ddl603e-khoa-cua-nhap-khau-chinh-hang-2\/","og_locale":"vi_VN","og_type":"article","og_title":"Kho\u00e1 V\u00e2n Tay Philips DDL603E \u2013 Kh\u00f3a C\u1eeda Nh\u1eadp Kh\u1ea9u Ch\u00ednh H\u00e3ng - B\u1ebfp t\u1eeb","og_description":"\u0110\u1ed5i m\u1edbi s\u1ea3n ph\u1ea9m l\u00ean \u0111\u1ebfn 12 th\u00e1ng\u00a0(Xem chi ti\u1ebft)  T\u1eb7ng g\u00f3i b\u1ea3o tr\u00ec, b\u1ea3o d\u01b0\u1ee1ng t\u1ea1i nh\u00e0 24 Th\u00e1ng tr\u1ecb gi\u00e1 800.000 (VND)  Gi\u1ea3m 5% khi mua c\u00e1c s\u1ea3n ph\u1ea9m (K\u00e9t S\u1eaft v\u00e0 Robot h\u00fat b\u1ee5i)  Giao h\u00e0ng t\u1eadn n\u01a1i mi\u1ec5n ph\u00ed theo ch\u00ednh s\u00e1ch v\u1eadn chuy\u1ec3n\u00a0(Xem chi ti\u1ebft)  B\u1ea3o h\u00e0nh ch\u00ednh h\u00e3ng 24 Th\u00e1ng","og_url":"https:\/\/pluginviet.com\/mau39\/san-pham\/khoa-van-tay-philips-ddl603e-khoa-cua-nhap-khau-chinh-hang-2\/","og_site_name":"B\u1ebfp t\u1eeb","article_modified_time":"2023-07-18T09:51:12+00:00","og_image":[{"width":600,"height":600,"url":"https:\/\/pluginviet.com\/mau39\/wp-content\/uploads\/2023\/07\/khoa-van-tay-philips-ddl603e-1.jpg","type":"image\/jpeg"}],"twitter_card":"summary_large_image","twitter_misc":{"\u01af\u1edbc t\u00ednh th\u1eddi gian \u0111\u1ecdc":"2 ph\u00fat"},"schema":{"@context":"https:\/\/schema.org","@graph":[{"@type":"WebPage","@id":"https:\/\/pluginviet.com\/mau39\/san-pham\/khoa-van-tay-philips-ddl603e-khoa-cua-nhap-khau-chinh-hang-2\/","url":"https:\/\/pluginviet.com\/mau39\/san-pham\/khoa-van-tay-philips-ddl603e-khoa-cua-nhap-khau-chinh-hang-2\/","name":"Kho\u00e1 V\u00e2n Tay Philips DDL603E \u2013 Kh\u00f3a C\u1eeda Nh\u1eadp Kh\u1ea9u Ch\u00ednh H\u00e3ng - B\u1ebfp t\u1eeb","isPartOf":{"@id":"https:\/\/pluginviet.com\/mau39\/#website"},"datePublished":"2023-07-18T09:50:54+00:00","dateModified":"2023-07-18T09:51:12+00:00","breadcrumb":{"@id":"https:\/\/pluginviet.com\/mau39\/san-pham\/khoa-van-tay-philips-ddl603e-khoa-cua-nhap-khau-chinh-hang-2\/#breadcrumb"},"inLanguage":"vi","potentialAction":[{"@type":"ReadAction","target":["https:\/\/pluginviet.com\/mau39\/san-pham\/khoa-van-tay-philips-ddl603e-khoa-cua-nhap-khau-chinh-hang-2\/"]}]},{"@type":"BreadcrumbList","@id":"https:\/\/pluginviet.com\/mau39\/san-pham\/khoa-van-tay-philips-ddl603e-khoa-cua-nhap-khau-chinh-hang-2\/#breadcrumb","itemListElement":[{"@type":"ListItem","position":1,"name":"Trang ch\u1ee7","item":"https:\/\/pluginviet.com\/mau39\/"},{"@type":"ListItem","position":2,"name":"Shop","item":"https:\/\/pluginviet.com\/mau39\/shop\/"},{"@type":"ListItem","position":3,"name":"Kho\u00e1 V\u00e2n Tay Philips DDL603E \u2013 Kh\u00f3a C\u1eeda Nh\u1eadp Kh\u1ea9u Ch\u00ednh H\u00e3ng"}]},{"@type":"WebSite","@id":"https:\/\/pluginviet.com\/mau39\/#website","url":"https:\/\/pluginviet.com\/mau39\/","name":"B\u1ebfp t\u1eeb","description":"","potentialAction":[{"@type":"SearchAction","target":{"@type":"EntryPoint","urlTemplate":"https:\/\/pluginviet.com\/mau39\/?s={search_term_string}"},"query-input":"required name=search_term_string"}],"inLanguage":"vi"}]}},"_links":{"self":[{"href":"https:\/\/pluginviet.com\/mau39\/wp-json\/wp\/v2\/product\/2044"}],"collection":[{"href":"https:\/\/pluginviet.com\/mau39\/wp-json\/wp\/v2\/product"}],"about":[{"href":"https:\/\/pluginviet.com\/mau39\/wp-json\/wp\/v2\/types\/product"}],"replies":[{"embeddable":true,"href":"https:\/\/pluginviet.com\/mau39\/wp-json\/wp\/v2\/comments?post=2044"}],"wp:featuredmedia":[{"embeddable":true,"href":"https:\/\/pluginviet.com\/mau39\/wp-json\/wp\/v2\/media\/2029"}],"wp:attachment":[{"href":"https:\/\/pluginviet.com\/mau39\/wp-json\/wp\/v2\/media?parent=2044"}],"wp:term":[{"taxonomy":"product_cat","embeddable":true,"href":"https:\/\/pluginviet.com\/mau39\/wp-json\/wp\/v2\/product_cat?post=2044"},{"taxonomy":"product_tag","embeddable":true,"href":"https:\/\/pluginviet.com\/mau39\/wp-json\/wp\/v2\/product_tag?post=2044"},{"taxonomy":"hang","embeddable":true,"href":"https:\/\/pluginviet.com\/mau39\/wp-json\/wp\/v2\/hang?post=2044"}],"curies":[{"name":"wp","href":"https:\/\/api.w.org\/{rel}","templated":true}]}}