{"id":1845,"date":"2022-03-03T00:23:36","date_gmt":"2022-03-03T00:23:36","guid":{"rendered":"http:\/\/khachhang.webrt.vn\/phong\/besthome\/?post_type=product&#038;p=1845"},"modified":"2023-07-18T09:01:13","modified_gmt":"2023-07-18T09:01:13","slug":"bep-tu-cam-bien-teka-izf-68710-mst-code-112500038-11","status":"publish","type":"product","link":"https:\/\/pluginviet.com\/mau39\/san-pham\/bep-tu-cam-bien-teka-izf-68710-mst-code-112500038-11\/","title":{"rendered":"B\u1ebfp T\u1eeb C\u1ea3m Bi\u1ebfn Teka IZF 68710 MST code 112500038"},"content":{"rendered":"<p>Th\u01b0\u01a1ng hi\u1ec7u Kalite &#8211; Vi\u1ec7t Nam, nh\u1eadp kh\u1ea9u nguy\u00ean chi\u1ebfc t\u1eeb Th\u00e1i Lan.<\/p>\n<p>T\u00ednh n\u0103ng inverter ti\u1ebft ki\u1ec7m \u0111i\u1ec7n n\u0103ng \u0111\u1ebfn 30%.<\/p>\n<p>T\u1ed5ng c\u00f4ng su\u1ea5t 4000W, ch\u1ee9c n\u0103ng Booster gia nhi\u1ec7t nhanh gi\u00fap n\u1ea5u \u0103n nhanh ch\u00f3ng.<\/p>\n<p>B\u1ea3ng \u0111i\u1ec1u khi\u1ec3n c\u1ea3m \u1ee9ng tr\u01b0\u1ee3t slide \u0111a \u0111i\u1ec3m d\u1ec5 thao t\u00e1c.<\/p>\n<p>Ch\u1ee9c n\u0103ng t\u1ea1m d\u1eebng khi b\u1eadn vi\u1ec7c gi\u00fap tr\u00e1nh t\u00ecnh tr\u1ea1ng ch\u00e1y kh\u00e9t<\/p>\n<p>M\u1eb7t k\u00ednh ch\u1ecbu l\u1ef1c, ch\u1ecbu nhi\u1ec7t, b\u1ec1n t\u1ed1t, lau ch\u00f9i d\u1ec5 d\u00e0ng.<\/p>\n<p>B\u1ebfp t\u1eeb \u0111\u00f4i sang tr\u1ecdng, l\u1eafp \u00e2m ti\u1ebft ki\u1ec7m kh\u00f4ng gian.<\/p>\n<p><a href=\"https:\/\/khomaudep.com\/mau3\/wp-content\/uploads\/2022\/02\/ID4000BS-1-600x400-1.jpg\"><img loading=\"lazy\" decoding=\"async\" class=\"size-full wp-image-1606 aligncenter\" src=\"https:\/\/khomaudep.com\/mau3\/wp-content\/uploads\/2022\/02\/ID4000BS-1-600x400-1.jpg\" alt=\"\" width=\"600\" height=\"400\" \/><\/a><\/p>\n<p>An to\u00e0n khi s\u1eed d\u1ee5ng v\u1edbi c\u00e1c t\u00ednh n\u0103ng: d\u1eebng b\u1ebfp t\u1ea1m th\u1eddi, t\u1ef1 t\u1eaft b\u1ebfp khi n\u01b0\u1edbc tr\u00e0n, kh\u00f3a b\u1ea3ng \u0111i\u1ec1u khi\u1ec3n, t\u1ef1 t\u1eaft<\/p>\n<p>Th\u01b0\u01a1ng hi\u1ec7u Kalite &#8211; Vi\u1ec7t Nam, nh\u1eadp kh\u1ea9u nguy\u00ean chi\u1ebfc t\u1eeb Th\u00e1i Lan.<\/p>\n<p>T\u00ednh n\u0103ng inverter ti\u1ebft ki\u1ec7m \u0111i\u1ec7n n\u0103ng \u0111\u1ebfn 30%.<\/p>\n<p>T\u1ed5ng c\u00f4ng su\u1ea5t 4000W, ch\u1ee9c n\u0103ng Booster gia nhi\u1ec7t nhanh gi\u00fap n\u1ea5u \u0103n nhanh ch\u00f3ng.<\/p>\n<p>B\u1ea3ng \u0111i\u1ec1u khi\u1ec3n c\u1ea3m \u1ee9ng tr\u01b0\u1ee3t slide \u0111a \u0111i\u1ec3m d\u1ec5 thao t\u00e1c.<\/p>\n<p>Ch\u1ee9c n\u0103ng t\u1ea1m d\u1eebng khi b\u1eadn vi\u1ec7c gi\u00fap tr\u00e1nh t\u00ecnh tr\u1ea1ng ch\u00e1y kh\u00e9t<\/p>\n<p>M\u1eb7t k\u00ednh ch\u1ecbu l\u1ef1c, ch\u1ecbu nhi\u1ec7t, b\u1ec1n t\u1ed1t, lau ch\u00f9i d\u1ec5 d\u00e0ng.<\/p>\n<p>B\u1ebfp t\u1eeb \u0111\u00f4i sang tr\u1ecdng, l\u1eafp \u00e2m ti\u1ebft ki\u1ec7m kh\u00f4ng gian.<\/p>\n","protected":false},"excerpt":{"rendered":"<p>T\u1eb7ng b\u1ed9 n\u1ed3i tr\u1ecb gi\u00e1: <span style=\"color: #c8203b;\">1.500.000\u0111<\/span><\/p>\n<p>M\u00e3 gi\u1ea3m gi\u00e1 20% t\u1ed1i \u0111a <span style=\"color: #c8203b;\">100.000\u0111<\/span><\/p>\n<p>H\u1ed7 tr\u1ee3 \u0111\u1ed5i h\u00e0ng m\u1edbi trong v\u00f2ng 7 ng\u00e0y<\/p>\n","protected":false},"featured_media":1607,"comment_status":"open","ping_status":"closed","template":"","meta":[],"product_cat":[15,146,143,142,148,149,147,150,151,144,140,145],"product_tag":[],"hang":[191],"acf":[],"yoast_head":"<!-- This site is optimized with the Yoast SEO plugin v21.5 - https:\/\/yoast.com\/wordpress\/plugins\/seo\/ -->\n<title>B\u1ebfp T\u1eeb C\u1ea3m Bi\u1ebfn Teka IZF 68710 MST code 112500038 - B\u1ebfp t\u1eeb<\/title>\n<meta name=\"robots\" content=\"index, follow, max-snippet:-1, max-image-preview:large, max-video-preview:-1\" \/>\n<link rel=\"canonical\" href=\"https:\/\/pluginviet.com\/mau39\/san-pham\/bep-tu-cam-bien-teka-izf-68710-mst-code-112500038-11\/\" \/>\n<meta property=\"og:locale\" content=\"vi_VN\" \/>\n<meta property=\"og:type\" content=\"article\" \/>\n<meta property=\"og:title\" content=\"B\u1ebfp T\u1eeb C\u1ea3m Bi\u1ebfn Teka IZF 68710 MST code 112500038 - B\u1ebfp t\u1eeb\" \/>\n<meta property=\"og:description\" content=\"T\u1eb7ng b\u1ed9 n\u1ed3i tr\u1ecb gi\u00e1: 1.500.000\u0111  M\u00e3 gi\u1ea3m gi\u00e1 20% t\u1ed1i \u0111a 100.000\u0111  H\u1ed7 tr\u1ee3 \u0111\u1ed5i h\u00e0ng m\u1edbi trong v\u00f2ng 7 ng\u00e0y\" \/>\n<meta property=\"og:url\" content=\"https:\/\/pluginviet.com\/mau39\/san-pham\/bep-tu-cam-bien-teka-izf-68710-mst-code-112500038-11\/\" \/>\n<meta property=\"og:site_name\" content=\"B\u1ebfp t\u1eeb\" \/>\n<meta property=\"article:modified_time\" content=\"2023-07-18T09:01:13+00:00\" \/>\n<meta property=\"og:image\" content=\"https:\/\/pluginviet.com\/mau39\/wp-content\/uploads\/2022\/02\/Them-tieu-de-phu-64.png\" \/>\n\t<meta property=\"og:image:width\" content=\"600\" \/>\n\t<meta property=\"og:image:height\" content=\"400\" \/>\n\t<meta property=\"og:image:type\" content=\"image\/png\" \/>\n<meta name=\"twitter:card\" content=\"summary_large_image\" \/>\n<meta name=\"twitter:label1\" content=\"\u01af\u1edbc t\u00ednh th\u1eddi gian \u0111\u1ecdc\" \/>\n\t<meta name=\"twitter:data1\" content=\"2 ph\u00fat\" \/>\n<script type=\"application\/ld+json\" class=\"yoast-schema-graph\">{\"@context\":\"https:\/\/schema.org\",\"@graph\":[{\"@type\":\"WebPage\",\"@id\":\"https:\/\/pluginviet.com\/mau39\/san-pham\/bep-tu-cam-bien-teka-izf-68710-mst-code-112500038-11\/\",\"url\":\"https:\/\/pluginviet.com\/mau39\/san-pham\/bep-tu-cam-bien-teka-izf-68710-mst-code-112500038-11\/\",\"name\":\"B\u1ebfp T\u1eeb C\u1ea3m Bi\u1ebfn Teka IZF 68710 MST code 112500038 - B\u1ebfp t\u1eeb\",\"isPartOf\":{\"@id\":\"https:\/\/pluginviet.com\/mau39\/#website\"},\"datePublished\":\"2022-03-03T00:23:36+00:00\",\"dateModified\":\"2023-07-18T09:01:13+00:00\",\"breadcrumb\":{\"@id\":\"https:\/\/pluginviet.com\/mau39\/san-pham\/bep-tu-cam-bien-teka-izf-68710-mst-code-112500038-11\/#breadcrumb\"},\"inLanguage\":\"vi\",\"potentialAction\":[{\"@type\":\"ReadAction\",\"target\":[\"https:\/\/pluginviet.com\/mau39\/san-pham\/bep-tu-cam-bien-teka-izf-68710-mst-code-112500038-11\/\"]}]},{\"@type\":\"BreadcrumbList\",\"@id\":\"https:\/\/pluginviet.com\/mau39\/san-pham\/bep-tu-cam-bien-teka-izf-68710-mst-code-112500038-11\/#breadcrumb\",\"itemListElement\":[{\"@type\":\"ListItem\",\"position\":1,\"name\":\"Trang ch\u1ee7\",\"item\":\"https:\/\/pluginviet.com\/mau39\/\"},{\"@type\":\"ListItem\",\"position\":2,\"name\":\"Shop\",\"item\":\"https:\/\/pluginviet.com\/mau39\/shop\/\"},{\"@type\":\"ListItem\",\"position\":3,\"name\":\"B\u1ebfp T\u1eeb C\u1ea3m Bi\u1ebfn Teka IZF 68710 MST code 112500038\"}]},{\"@type\":\"WebSite\",\"@id\":\"https:\/\/pluginviet.com\/mau39\/#website\",\"url\":\"https:\/\/pluginviet.com\/mau39\/\",\"name\":\"B\u1ebfp t\u1eeb\",\"description\":\"\",\"potentialAction\":[{\"@type\":\"SearchAction\",\"target\":{\"@type\":\"EntryPoint\",\"urlTemplate\":\"https:\/\/pluginviet.com\/mau39\/?s={search_term_string}\"},\"query-input\":\"required name=search_term_string\"}],\"inLanguage\":\"vi\"}]}<\/script>\n<!-- \/ Yoast SEO plugin. -->","yoast_head_json":{"title":"B\u1ebfp T\u1eeb C\u1ea3m Bi\u1ebfn Teka IZF 68710 MST code 112500038 - B\u1ebfp t\u1eeb","robots":{"index":"index","follow":"follow","max-snippet":"max-snippet:-1","max-image-preview":"max-image-preview:large","max-video-preview":"max-video-preview:-1"},"canonical":"https:\/\/pluginviet.com\/mau39\/san-pham\/bep-tu-cam-bien-teka-izf-68710-mst-code-112500038-11\/","og_locale":"vi_VN","og_type":"article","og_title":"B\u1ebfp T\u1eeb C\u1ea3m Bi\u1ebfn Teka IZF 68710 MST code 112500038 - B\u1ebfp t\u1eeb","og_description":"T\u1eb7ng b\u1ed9 n\u1ed3i tr\u1ecb gi\u00e1: 1.500.000\u0111  M\u00e3 gi\u1ea3m gi\u00e1 20% t\u1ed1i \u0111a 100.000\u0111  H\u1ed7 tr\u1ee3 \u0111\u1ed5i h\u00e0ng m\u1edbi trong v\u00f2ng 7 ng\u00e0y","og_url":"https:\/\/pluginviet.com\/mau39\/san-pham\/bep-tu-cam-bien-teka-izf-68710-mst-code-112500038-11\/","og_site_name":"B\u1ebfp t\u1eeb","article_modified_time":"2023-07-18T09:01:13+00:00","og_image":[{"width":600,"height":400,"url":"https:\/\/pluginviet.com\/mau39\/wp-content\/uploads\/2022\/02\/Them-tieu-de-phu-64.png","type":"image\/png"}],"twitter_card":"summary_large_image","twitter_misc":{"\u01af\u1edbc t\u00ednh th\u1eddi gian \u0111\u1ecdc":"2 ph\u00fat"},"schema":{"@context":"https:\/\/schema.org","@graph":[{"@type":"WebPage","@id":"https:\/\/pluginviet.com\/mau39\/san-pham\/bep-tu-cam-bien-teka-izf-68710-mst-code-112500038-11\/","url":"https:\/\/pluginviet.com\/mau39\/san-pham\/bep-tu-cam-bien-teka-izf-68710-mst-code-112500038-11\/","name":"B\u1ebfp T\u1eeb C\u1ea3m Bi\u1ebfn Teka IZF 68710 MST code 112500038 - B\u1ebfp t\u1eeb","isPartOf":{"@id":"https:\/\/pluginviet.com\/mau39\/#website"},"datePublished":"2022-03-03T00:23:36+00:00","dateModified":"2023-07-18T09:01:13+00:00","breadcrumb":{"@id":"https:\/\/pluginviet.com\/mau39\/san-pham\/bep-tu-cam-bien-teka-izf-68710-mst-code-112500038-11\/#breadcrumb"},"inLanguage":"vi","potentialAction":[{"@type":"ReadAction","target":["https:\/\/pluginviet.com\/mau39\/san-pham\/bep-tu-cam-bien-teka-izf-68710-mst-code-112500038-11\/"]}]},{"@type":"BreadcrumbList","@id":"https:\/\/pluginviet.com\/mau39\/san-pham\/bep-tu-cam-bien-teka-izf-68710-mst-code-112500038-11\/#breadcrumb","itemListElement":[{"@type":"ListItem","position":1,"name":"Trang ch\u1ee7","item":"https:\/\/pluginviet.com\/mau39\/"},{"@type":"ListItem","position":2,"name":"Shop","item":"https:\/\/pluginviet.com\/mau39\/shop\/"},{"@type":"ListItem","position":3,"name":"B\u1ebfp T\u1eeb C\u1ea3m Bi\u1ebfn Teka IZF 68710 MST code 112500038"}]},{"@type":"WebSite","@id":"https:\/\/pluginviet.com\/mau39\/#website","url":"https:\/\/pluginviet.com\/mau39\/","name":"B\u1ebfp t\u1eeb","description":"","potentialAction":[{"@type":"SearchAction","target":{"@type":"EntryPoint","urlTemplate":"https:\/\/pluginviet.com\/mau39\/?s={search_term_string}"},"query-input":"required name=search_term_string"}],"inLanguage":"vi"}]}},"_links":{"self":[{"href":"https:\/\/pluginviet.com\/mau39\/wp-json\/wp\/v2\/product\/1845"}],"collection":[{"href":"https:\/\/pluginviet.com\/mau39\/wp-json\/wp\/v2\/product"}],"about":[{"href":"https:\/\/pluginviet.com\/mau39\/wp-json\/wp\/v2\/types\/product"}],"replies":[{"embeddable":true,"href":"https:\/\/pluginviet.com\/mau39\/wp-json\/wp\/v2\/comments?post=1845"}],"wp:featuredmedia":[{"embeddable":true,"href":"https:\/\/pluginviet.com\/mau39\/wp-json\/wp\/v2\/media\/1607"}],"wp:attachment":[{"href":"https:\/\/pluginviet.com\/mau39\/wp-json\/wp\/v2\/media?parent=1845"}],"wp:term":[{"taxonomy":"product_cat","embeddable":true,"href":"https:\/\/pluginviet.com\/mau39\/wp-json\/wp\/v2\/product_cat?post=1845"},{"taxonomy":"product_tag","embeddable":true,"href":"https:\/\/pluginviet.com\/mau39\/wp-json\/wp\/v2\/product_tag?post=1845"},{"taxonomy":"hang","embeddable":true,"href":"https:\/\/pluginviet.com\/mau39\/wp-json\/wp\/v2\/hang?post=1845"}],"curies":[{"name":"wp","href":"https:\/\/api.w.org\/{rel}","templated":true}]}}