{"id":2492,"date":"2022-01-03T12:26:29","date_gmt":"2022-01-03T12:26:29","guid":{"rendered":"http:\/\/khachhang.webrt.vn\/phong\/huytuantelecom\/?post_type=product&#038;p=2492"},"modified":"2022-11-10T07:30:04","modified_gmt":"2022-11-10T07:30:04","slug":"khoa-cua-van-tay-phglock-fp6011as-mau-bac","status":"publish","type":"product","link":"https:\/\/pluginviet.com\/mau38\/san-pham\/khoa-cua-van-tay-phglock-fp6011as-mau-bac\/","title":{"rendered":"Kh\u00f3a c\u1eeda v\u00e2n tay PHGLOCK FP6011AS (M\u00e0u B\u1ea1c)"},"content":{"rendered":"","protected":false},"excerpt":{"rendered":"<p>\u2013 Kh\u00f3a v\u00e2n tay b\u1ea3n m\u00e0u B\u1ea1c Amber.<br \/>\n\u2013 C\u00e1ch m\u1edf kh\u00f3a: S\u1eed d\u1ee5ng 99 th\u1ebb Mifare, 100 m\u00e3 s\u1ed1, 99 v\u00e2n tay v\u00e0 ch\u00eca kh\u00f3a c\u01a1.<br \/>\n\u2013 C\u1ea5u t\u1ea1o H\u1ee3p kim.<br \/>\n\u2013 S\u1eed d\u1ee5ng 4 vi\u00ean pin AAA. C\u00f3 k\u1ebft n\u1ed1i pin d\u1ef1 ph\u00f2ng qua c\u1ed5ng Micro USB.<br \/>\n\u2013 T\u1ef1 \u0111\u1ed5i tay n\u1eafm theo nhu c\u1ea7u.<br \/>\n\u2013 Ch\u1ee9c n\u0103ng kh\u00f3a \u0111\u00f4i: Kh\u00f3a b\u1eb1ng 3 ch\u1ed1t. N\u00e2ng tay n\u1eafm \u0111\u1ec3 b\u1eadt ch\u1ed1t an to\u00e0n khi kh\u00f3a c\u1eeda.<br \/>\n\u2013 \u0110\u1ed1 c\u1eeda chu\u1ea9n (mm): 38 (d\u00e0y) x 90 (r\u1ed9ng). Chu\u1ea9n ru\u1ed9t: 5560<\/p>\n","protected":false},"featured_media":2493,"comment_status":"open","ping_status":"closed","template":"","meta":[],"product_cat":[154],"product_tag":[],"yoast_head":"<!-- This site is optimized with the Yoast SEO plugin v21.5 - https:\/\/yoast.com\/wordpress\/plugins\/seo\/ -->\n<title>Kh\u00f3a c\u1eeda v\u00e2n tay PHGLOCK FP6011AS (M\u00e0u B\u1ea1c) - M\u1eabu 2<\/title>\n<meta name=\"description\" content=\"PHGLOCK FP6011AS (M\u00e0u B\u1ea1c) l\u00e0 d\u00f2ng kh\u00f3a c\u1eeda v\u00e2n tay cho ph\u00f2ng c\u0103n h\u1ed9, nh\u00e0 ph\u1ed1, chung c\u01b0 b\u00e1n ch\u1ea1y, gi\u00e1 r\u1ebb tr\u00ean th\u1ecb tr\u01b0\u1eddng hi\u1ec7n nay. Model FP6011 l\u00e0 d\u00f2ng kho\u00e1 \u0111i\u1ec7n t\u1eed d\u1ec5 d\u00e0ng qu\u1ea3n l\u00fd v\u00e0 ti\u1ebft ki\u1ec7m th\u1eddi gian l\u00e0 \u01b0u \u0111i\u1ec3m c\u1ee7a d\u00f2ng kho\u00e1 n\u00e0y.\" \/>\n<meta name=\"robots\" content=\"index, follow, max-snippet:-1, max-image-preview:large, max-video-preview:-1\" \/>\n<link rel=\"canonical\" href=\"https:\/\/pluginviet.com\/mau38\/san-pham\/khoa-cua-van-tay-phglock-fp6011as-mau-bac\/\" \/>\n<meta property=\"og:locale\" content=\"vi_VN\" \/>\n<meta property=\"og:type\" content=\"article\" \/>\n<meta property=\"og:title\" content=\"Kh\u00f3a c\u1eeda v\u00e2n tay PHGLOCK FP6011AS (M\u00e0u B\u1ea1c) - M\u1eabu 2\" \/>\n<meta property=\"og:description\" content=\"PHGLOCK FP6011AS (M\u00e0u B\u1ea1c) l\u00e0 d\u00f2ng kh\u00f3a c\u1eeda v\u00e2n tay cho ph\u00f2ng c\u0103n h\u1ed9, nh\u00e0 ph\u1ed1, chung c\u01b0 b\u00e1n ch\u1ea1y, gi\u00e1 r\u1ebb tr\u00ean th\u1ecb tr\u01b0\u1eddng hi\u1ec7n nay. Model FP6011 l\u00e0 d\u00f2ng kho\u00e1 \u0111i\u1ec7n t\u1eed d\u1ec5 d\u00e0ng qu\u1ea3n l\u00fd v\u00e0 ti\u1ebft ki\u1ec7m th\u1eddi gian l\u00e0 \u01b0u \u0111i\u1ec3m c\u1ee7a d\u00f2ng kho\u00e1 n\u00e0y.\" \/>\n<meta property=\"og:url\" content=\"https:\/\/pluginviet.com\/mau38\/san-pham\/khoa-cua-van-tay-phglock-fp6011as-mau-bac\/\" \/>\n<meta property=\"og:site_name\" content=\"M\u1eabu 2\" \/>\n<meta property=\"article:modified_time\" content=\"2022-11-10T07:30:04+00:00\" \/>\n<meta property=\"og:image\" content=\"https:\/\/pluginviet.com\/mau38\/wp-content\/uploads\/2022\/01\/fp6011as-800x800-1.png\" \/>\n\t<meta property=\"og:image:width\" content=\"800\" \/>\n\t<meta property=\"og:image:height\" content=\"800\" \/>\n\t<meta property=\"og:image:type\" content=\"image\/png\" \/>\n<meta name=\"twitter:card\" content=\"summary_large_image\" \/>\n<script type=\"application\/ld+json\" class=\"yoast-schema-graph\">{\"@context\":\"https:\/\/schema.org\",\"@graph\":[{\"@type\":\"WebPage\",\"@id\":\"https:\/\/pluginviet.com\/mau38\/san-pham\/khoa-cua-van-tay-phglock-fp6011as-mau-bac\/\",\"url\":\"https:\/\/pluginviet.com\/mau38\/san-pham\/khoa-cua-van-tay-phglock-fp6011as-mau-bac\/\",\"name\":\"Kh\u00f3a c\u1eeda v\u00e2n tay PHGLOCK FP6011AS (M\u00e0u B\u1ea1c) - M\u1eabu 2\",\"isPartOf\":{\"@id\":\"https:\/\/pluginviet.com\/mau38\/#website\"},\"datePublished\":\"2022-01-03T12:26:29+00:00\",\"dateModified\":\"2022-11-10T07:30:04+00:00\",\"description\":\"PHGLOCK FP6011AS (M\u00e0u B\u1ea1c) l\u00e0 d\u00f2ng kh\u00f3a c\u1eeda v\u00e2n tay cho ph\u00f2ng c\u0103n h\u1ed9, nh\u00e0 ph\u1ed1, chung c\u01b0 b\u00e1n ch\u1ea1y, gi\u00e1 r\u1ebb tr\u00ean th\u1ecb tr\u01b0\u1eddng hi\u1ec7n nay. Model FP6011 l\u00e0 d\u00f2ng kho\u00e1 \u0111i\u1ec7n t\u1eed d\u1ec5 d\u00e0ng qu\u1ea3n l\u00fd v\u00e0 ti\u1ebft ki\u1ec7m th\u1eddi gian l\u00e0 \u01b0u \u0111i\u1ec3m c\u1ee7a d\u00f2ng kho\u00e1 n\u00e0y.\",\"breadcrumb\":{\"@id\":\"https:\/\/pluginviet.com\/mau38\/san-pham\/khoa-cua-van-tay-phglock-fp6011as-mau-bac\/#breadcrumb\"},\"inLanguage\":\"vi\",\"potentialAction\":[{\"@type\":\"ReadAction\",\"target\":[\"https:\/\/pluginviet.com\/mau38\/san-pham\/khoa-cua-van-tay-phglock-fp6011as-mau-bac\/\"]}]},{\"@type\":\"BreadcrumbList\",\"@id\":\"https:\/\/pluginviet.com\/mau38\/san-pham\/khoa-cua-van-tay-phglock-fp6011as-mau-bac\/#breadcrumb\",\"itemListElement\":[{\"@type\":\"ListItem\",\"position\":1,\"name\":\"Trang ch\u1ee7\",\"item\":\"https:\/\/pluginviet.com\/mau38\/\"},{\"@type\":\"ListItem\",\"position\":2,\"name\":\"Shop\",\"item\":\"https:\/\/pluginviet.com\/mau38\/shop\/\"},{\"@type\":\"ListItem\",\"position\":3,\"name\":\"Kh\u00f3a c\u1eeda v\u00e2n tay PHGLOCK FP6011AS (M\u00e0u B\u1ea1c)\"}]},{\"@type\":\"WebSite\",\"@id\":\"https:\/\/pluginviet.com\/mau38\/#website\",\"url\":\"https:\/\/pluginviet.com\/mau38\/\",\"name\":\"M\u1eabu 2\",\"description\":\"\",\"potentialAction\":[{\"@type\":\"SearchAction\",\"target\":{\"@type\":\"EntryPoint\",\"urlTemplate\":\"https:\/\/pluginviet.com\/mau38\/?s={search_term_string}\"},\"query-input\":\"required name=search_term_string\"}],\"inLanguage\":\"vi\"}]}<\/script>\n<!-- \/ Yoast SEO plugin. -->","yoast_head_json":{"title":"Kh\u00f3a c\u1eeda v\u00e2n tay PHGLOCK FP6011AS (M\u00e0u B\u1ea1c) - M\u1eabu 2","description":"PHGLOCK FP6011AS (M\u00e0u B\u1ea1c) l\u00e0 d\u00f2ng kh\u00f3a c\u1eeda v\u00e2n tay cho ph\u00f2ng c\u0103n h\u1ed9, nh\u00e0 ph\u1ed1, chung c\u01b0 b\u00e1n ch\u1ea1y, gi\u00e1 r\u1ebb tr\u00ean th\u1ecb tr\u01b0\u1eddng hi\u1ec7n nay. Model FP6011 l\u00e0 d\u00f2ng kho\u00e1 \u0111i\u1ec7n t\u1eed d\u1ec5 d\u00e0ng qu\u1ea3n l\u00fd v\u00e0 ti\u1ebft ki\u1ec7m th\u1eddi gian l\u00e0 \u01b0u \u0111i\u1ec3m c\u1ee7a d\u00f2ng kho\u00e1 n\u00e0y.","robots":{"index":"index","follow":"follow","max-snippet":"max-snippet:-1","max-image-preview":"max-image-preview:large","max-video-preview":"max-video-preview:-1"},"canonical":"https:\/\/pluginviet.com\/mau38\/san-pham\/khoa-cua-van-tay-phglock-fp6011as-mau-bac\/","og_locale":"vi_VN","og_type":"article","og_title":"Kh\u00f3a c\u1eeda v\u00e2n tay PHGLOCK FP6011AS (M\u00e0u B\u1ea1c) - M\u1eabu 2","og_description":"PHGLOCK FP6011AS (M\u00e0u B\u1ea1c) l\u00e0 d\u00f2ng kh\u00f3a c\u1eeda v\u00e2n tay cho ph\u00f2ng c\u0103n h\u1ed9, nh\u00e0 ph\u1ed1, chung c\u01b0 b\u00e1n ch\u1ea1y, gi\u00e1 r\u1ebb tr\u00ean th\u1ecb tr\u01b0\u1eddng hi\u1ec7n nay. Model FP6011 l\u00e0 d\u00f2ng kho\u00e1 \u0111i\u1ec7n t\u1eed d\u1ec5 d\u00e0ng qu\u1ea3n l\u00fd v\u00e0 ti\u1ebft ki\u1ec7m th\u1eddi gian l\u00e0 \u01b0u \u0111i\u1ec3m c\u1ee7a d\u00f2ng kho\u00e1 n\u00e0y.","og_url":"https:\/\/pluginviet.com\/mau38\/san-pham\/khoa-cua-van-tay-phglock-fp6011as-mau-bac\/","og_site_name":"M\u1eabu 2","article_modified_time":"2022-11-10T07:30:04+00:00","og_image":[{"width":800,"height":800,"url":"https:\/\/pluginviet.com\/mau38\/wp-content\/uploads\/2022\/01\/fp6011as-800x800-1.png","type":"image\/png"}],"twitter_card":"summary_large_image","schema":{"@context":"https:\/\/schema.org","@graph":[{"@type":"WebPage","@id":"https:\/\/pluginviet.com\/mau38\/san-pham\/khoa-cua-van-tay-phglock-fp6011as-mau-bac\/","url":"https:\/\/pluginviet.com\/mau38\/san-pham\/khoa-cua-van-tay-phglock-fp6011as-mau-bac\/","name":"Kh\u00f3a c\u1eeda v\u00e2n tay PHGLOCK FP6011AS (M\u00e0u B\u1ea1c) - M\u1eabu 2","isPartOf":{"@id":"https:\/\/pluginviet.com\/mau38\/#website"},"datePublished":"2022-01-03T12:26:29+00:00","dateModified":"2022-11-10T07:30:04+00:00","description":"PHGLOCK FP6011AS (M\u00e0u B\u1ea1c) l\u00e0 d\u00f2ng kh\u00f3a c\u1eeda v\u00e2n tay cho ph\u00f2ng c\u0103n h\u1ed9, nh\u00e0 ph\u1ed1, chung c\u01b0 b\u00e1n ch\u1ea1y, gi\u00e1 r\u1ebb tr\u00ean th\u1ecb tr\u01b0\u1eddng hi\u1ec7n nay. Model FP6011 l\u00e0 d\u00f2ng kho\u00e1 \u0111i\u1ec7n t\u1eed d\u1ec5 d\u00e0ng qu\u1ea3n l\u00fd v\u00e0 ti\u1ebft ki\u1ec7m th\u1eddi gian l\u00e0 \u01b0u \u0111i\u1ec3m c\u1ee7a d\u00f2ng kho\u00e1 n\u00e0y.","breadcrumb":{"@id":"https:\/\/pluginviet.com\/mau38\/san-pham\/khoa-cua-van-tay-phglock-fp6011as-mau-bac\/#breadcrumb"},"inLanguage":"vi","potentialAction":[{"@type":"ReadAction","target":["https:\/\/pluginviet.com\/mau38\/san-pham\/khoa-cua-van-tay-phglock-fp6011as-mau-bac\/"]}]},{"@type":"BreadcrumbList","@id":"https:\/\/pluginviet.com\/mau38\/san-pham\/khoa-cua-van-tay-phglock-fp6011as-mau-bac\/#breadcrumb","itemListElement":[{"@type":"ListItem","position":1,"name":"Trang ch\u1ee7","item":"https:\/\/pluginviet.com\/mau38\/"},{"@type":"ListItem","position":2,"name":"Shop","item":"https:\/\/pluginviet.com\/mau38\/shop\/"},{"@type":"ListItem","position":3,"name":"Kh\u00f3a c\u1eeda v\u00e2n tay PHGLOCK FP6011AS (M\u00e0u B\u1ea1c)"}]},{"@type":"WebSite","@id":"https:\/\/pluginviet.com\/mau38\/#website","url":"https:\/\/pluginviet.com\/mau38\/","name":"M\u1eabu 2","description":"","potentialAction":[{"@type":"SearchAction","target":{"@type":"EntryPoint","urlTemplate":"https:\/\/pluginviet.com\/mau38\/?s={search_term_string}"},"query-input":"required name=search_term_string"}],"inLanguage":"vi"}]}},"_links":{"self":[{"href":"https:\/\/pluginviet.com\/mau38\/wp-json\/wp\/v2\/product\/2492"}],"collection":[{"href":"https:\/\/pluginviet.com\/mau38\/wp-json\/wp\/v2\/product"}],"about":[{"href":"https:\/\/pluginviet.com\/mau38\/wp-json\/wp\/v2\/types\/product"}],"replies":[{"embeddable":true,"href":"https:\/\/pluginviet.com\/mau38\/wp-json\/wp\/v2\/comments?post=2492"}],"wp:featuredmedia":[{"embeddable":true,"href":"https:\/\/pluginviet.com\/mau38\/wp-json\/wp\/v2\/media\/2493"}],"wp:attachment":[{"href":"https:\/\/pluginviet.com\/mau38\/wp-json\/wp\/v2\/media?parent=2492"}],"wp:term":[{"taxonomy":"product_cat","embeddable":true,"href":"https:\/\/pluginviet.com\/mau38\/wp-json\/wp\/v2\/product_cat?post=2492"},{"taxonomy":"product_tag","embeddable":true,"href":"https:\/\/pluginviet.com\/mau38\/wp-json\/wp\/v2\/product_tag?post=2492"}],"curies":[{"name":"wp","href":"https:\/\/api.w.org\/{rel}","templated":true}]}}