{"id":2490,"date":"2022-01-03T12:20:00","date_gmt":"2022-01-03T12:20:00","guid":{"rendered":"http:\/\/khachhang.webrt.vn\/phong\/huytuantelecom\/?post_type=product&#038;p=2490"},"modified":"2022-11-10T07:30:09","modified_gmt":"2022-11-10T07:30:09","slug":"khoa-cua-van-tay-phglock-fp6011bc-mau-den","status":"publish","type":"product","link":"https:\/\/pluginviet.com\/mau38\/san-pham\/khoa-cua-van-tay-phglock-fp6011bc-mau-den\/","title":{"rendered":"Kh\u00f3a c\u1eeda v\u00e2n tay PHGLOCK FP6011BC (M\u00e0u \u0110en)"},"content":{"rendered":"","protected":false},"excerpt":{"rendered":"<p>\u2013 Kh\u00f3a v\u00e2n tay b\u1ea3n \u0110en Copper<br \/>\n\u2013 C\u00e1ch m\u1edf kh\u00f3a: S\u1eed d\u1ee5ng 99 th\u1ebb Mifare, 100 m\u00e3 s\u1ed1, 99 v\u00e2n tay v\u00e0 ch\u00eca kh\u00f3a c\u01a1.<br \/>\n\u2013 C\u1ea5u t\u1ea1o H\u1ee3p kim.<br \/>\n\u2013 S\u1eed d\u1ee5ng 4 vi\u00ean pin AAA. C\u00f3 k\u1ebft n\u1ed1i pin d\u1ef1 ph\u00f2ng qua c\u1ed5ng Micro USB.<br \/>\n\u2013 T\u1ef1 \u0111\u1ed5i tay n\u1eafm theo nhu c\u1ea7u.<br \/>\n\u2013 Ch\u1ee9c n\u0103ng kh\u00f3a \u0111\u00f4i: Kh\u00f3a b\u1eb1ng 3 ch\u1ed1t. N\u00e2ng tay n\u1eafm \u0111\u1ec3 b\u1eadt ch\u1ed1t an to\u00e0n khi kh\u00f3a c\u1eeda.<br \/>\n\u2013 \u0110\u1ed1 c\u1eeda chu\u1ea9n (mm): 38 (d\u00e0y) x 90 (r\u1ed9ng). Chu\u1ea9n ru\u1ed9t: 5560.<\/p>\n","protected":false},"featured_media":2491,"comment_status":"open","ping_status":"closed","template":"","meta":[],"product_cat":[154],"product_tag":[],"yoast_head":"<!-- This site is optimized with the Yoast SEO plugin v21.5 - https:\/\/yoast.com\/wordpress\/plugins\/seo\/ -->\n<title>Kh\u00f3a c\u1eeda v\u00e2n tay PHGLOCK FP6011BC (M\u00e0u \u0110en) - M\u1eabu 2<\/title>\n<meta name=\"description\" content=\"Kho\u00e1 c\u1eeda ph\u00f2ng FP6011BC (M\u00e0u \u0110en) thu\u1ed9c d\u00f2ng kho\u00e1 \u0111i\u1ec7n t\u1eed thu\u1ed9c th\u01b0\u01a1ng hi\u1ec7u PHGLock. Phi\u00ean b\u1ea3n kh\u00f3a n\u00e0y c\u00f3 3 m\u00e0u cho b\u1ea1n l\u1ef1a ch\u1ecdn: \u0110en, B\u1ea1c, v\u00e0 V\u00e0ng. \u0110\u00e2y l\u00e0 m\u1ed9t trong nh\u01b0ng m\u1eabu kho\u00e1 c\u00f3 thi\u1ebft k\u1ebf \u0111\u01a1n gi\u1ea3n, ch\u1eafc ch\u1eafc v\u1edbi ch\u1ea5t li\u1ec7u Inox. N\u1ebfu nh\u01b0 b\u00ecnh th\u01b0\u1eddng ch\u1ec9 c\u00f3 chi\u1ebfc ch\u00eca kho\u00e1 c\u01a1, kh\u00e1ch h\u00e0ng c\u00f3 th\u1ec3 \u0111\u00e1nh r\u01a1i b\u1ea5t k\u1ec3 l\u00fac n\u00e0o, FP6011 c\u00f3 th\u00eam th\u1ebb c\u1ea3m \u1ee9ng MF, ti\u1ec7n l\u1ee3i, d\u1ec5 d\u00e0ng s\u1eed d\u1ee5ng, m\u1edf c\u1eeda nhanh ch\u00f3ng trong v\u00f2ng 1-2s v\u00e0 t\u0103ng t\u00ednh n\u0103ng b\u1ea3o m\u1eadt h\u01a1n.\" \/>\n<meta name=\"robots\" content=\"index, follow, max-snippet:-1, max-image-preview:large, max-video-preview:-1\" \/>\n<link rel=\"canonical\" href=\"https:\/\/pluginviet.com\/mau38\/san-pham\/khoa-cua-van-tay-phglock-fp6011bc-mau-den\/\" \/>\n<meta property=\"og:locale\" content=\"vi_VN\" \/>\n<meta property=\"og:type\" content=\"article\" \/>\n<meta property=\"og:title\" content=\"Kh\u00f3a c\u1eeda v\u00e2n tay PHGLOCK FP6011BC (M\u00e0u \u0110en) - M\u1eabu 2\" \/>\n<meta property=\"og:description\" content=\"Kho\u00e1 c\u1eeda ph\u00f2ng FP6011BC (M\u00e0u \u0110en) thu\u1ed9c d\u00f2ng kho\u00e1 \u0111i\u1ec7n t\u1eed thu\u1ed9c th\u01b0\u01a1ng hi\u1ec7u PHGLock. Phi\u00ean b\u1ea3n kh\u00f3a n\u00e0y c\u00f3 3 m\u00e0u cho b\u1ea1n l\u1ef1a ch\u1ecdn: \u0110en, B\u1ea1c, v\u00e0 V\u00e0ng. \u0110\u00e2y l\u00e0 m\u1ed9t trong nh\u01b0ng m\u1eabu kho\u00e1 c\u00f3 thi\u1ebft k\u1ebf \u0111\u01a1n gi\u1ea3n, ch\u1eafc ch\u1eafc v\u1edbi ch\u1ea5t li\u1ec7u Inox. N\u1ebfu nh\u01b0 b\u00ecnh th\u01b0\u1eddng ch\u1ec9 c\u00f3 chi\u1ebfc ch\u00eca kho\u00e1 c\u01a1, kh\u00e1ch h\u00e0ng c\u00f3 th\u1ec3 \u0111\u00e1nh r\u01a1i b\u1ea5t k\u1ec3 l\u00fac n\u00e0o, FP6011 c\u00f3 th\u00eam th\u1ebb c\u1ea3m \u1ee9ng MF, ti\u1ec7n l\u1ee3i, d\u1ec5 d\u00e0ng s\u1eed d\u1ee5ng, m\u1edf c\u1eeda nhanh ch\u00f3ng trong v\u00f2ng 1-2s v\u00e0 t\u0103ng t\u00ednh n\u0103ng b\u1ea3o m\u1eadt h\u01a1n.\" \/>\n<meta property=\"og:url\" content=\"https:\/\/pluginviet.com\/mau38\/san-pham\/khoa-cua-van-tay-phglock-fp6011bc-mau-den\/\" \/>\n<meta property=\"og:site_name\" content=\"M\u1eabu 2\" \/>\n<meta property=\"article:modified_time\" content=\"2022-11-10T07:30:09+00:00\" \/>\n<meta property=\"og:image\" content=\"https:\/\/pluginviet.com\/mau38\/wp-content\/uploads\/2022\/01\/tai-xuong.jpg\" \/>\n\t<meta property=\"og:image:width\" content=\"225\" \/>\n\t<meta property=\"og:image:height\" content=\"225\" \/>\n\t<meta property=\"og:image:type\" content=\"image\/jpeg\" \/>\n<meta name=\"twitter:card\" content=\"summary_large_image\" \/>\n<script type=\"application\/ld+json\" class=\"yoast-schema-graph\">{\"@context\":\"https:\/\/schema.org\",\"@graph\":[{\"@type\":\"WebPage\",\"@id\":\"https:\/\/pluginviet.com\/mau38\/san-pham\/khoa-cua-van-tay-phglock-fp6011bc-mau-den\/\",\"url\":\"https:\/\/pluginviet.com\/mau38\/san-pham\/khoa-cua-van-tay-phglock-fp6011bc-mau-den\/\",\"name\":\"Kh\u00f3a c\u1eeda v\u00e2n tay PHGLOCK FP6011BC (M\u00e0u \u0110en) - M\u1eabu 2\",\"isPartOf\":{\"@id\":\"https:\/\/pluginviet.com\/mau38\/#website\"},\"datePublished\":\"2022-01-03T12:20:00+00:00\",\"dateModified\":\"2022-11-10T07:30:09+00:00\",\"description\":\"Kho\u00e1 c\u1eeda ph\u00f2ng FP6011BC (M\u00e0u \u0110en) thu\u1ed9c d\u00f2ng kho\u00e1 \u0111i\u1ec7n t\u1eed thu\u1ed9c th\u01b0\u01a1ng hi\u1ec7u PHGLock. Phi\u00ean b\u1ea3n kh\u00f3a n\u00e0y c\u00f3 3 m\u00e0u cho b\u1ea1n l\u1ef1a ch\u1ecdn: \u0110en, B\u1ea1c, v\u00e0 V\u00e0ng. \u0110\u00e2y l\u00e0 m\u1ed9t trong nh\u01b0ng m\u1eabu kho\u00e1 c\u00f3 thi\u1ebft k\u1ebf \u0111\u01a1n gi\u1ea3n, ch\u1eafc ch\u1eafc v\u1edbi ch\u1ea5t li\u1ec7u Inox. N\u1ebfu nh\u01b0 b\u00ecnh th\u01b0\u1eddng ch\u1ec9 c\u00f3 chi\u1ebfc ch\u00eca kho\u00e1 c\u01a1, kh\u00e1ch h\u00e0ng c\u00f3 th\u1ec3 \u0111\u00e1nh r\u01a1i b\u1ea5t k\u1ec3 l\u00fac n\u00e0o, FP6011 c\u00f3 th\u00eam th\u1ebb c\u1ea3m \u1ee9ng MF, ti\u1ec7n l\u1ee3i, d\u1ec5 d\u00e0ng s\u1eed d\u1ee5ng, m\u1edf c\u1eeda nhanh ch\u00f3ng trong v\u00f2ng 1-2s v\u00e0 t\u0103ng t\u00ednh n\u0103ng b\u1ea3o m\u1eadt h\u01a1n.\",\"breadcrumb\":{\"@id\":\"https:\/\/pluginviet.com\/mau38\/san-pham\/khoa-cua-van-tay-phglock-fp6011bc-mau-den\/#breadcrumb\"},\"inLanguage\":\"vi\",\"potentialAction\":[{\"@type\":\"ReadAction\",\"target\":[\"https:\/\/pluginviet.com\/mau38\/san-pham\/khoa-cua-van-tay-phglock-fp6011bc-mau-den\/\"]}]},{\"@type\":\"BreadcrumbList\",\"@id\":\"https:\/\/pluginviet.com\/mau38\/san-pham\/khoa-cua-van-tay-phglock-fp6011bc-mau-den\/#breadcrumb\",\"itemListElement\":[{\"@type\":\"ListItem\",\"position\":1,\"name\":\"Trang ch\u1ee7\",\"item\":\"https:\/\/pluginviet.com\/mau38\/\"},{\"@type\":\"ListItem\",\"position\":2,\"name\":\"Shop\",\"item\":\"https:\/\/pluginviet.com\/mau38\/shop\/\"},{\"@type\":\"ListItem\",\"position\":3,\"name\":\"Kh\u00f3a c\u1eeda v\u00e2n tay PHGLOCK FP6011BC (M\u00e0u \u0110en)\"}]},{\"@type\":\"WebSite\",\"@id\":\"https:\/\/pluginviet.com\/mau38\/#website\",\"url\":\"https:\/\/pluginviet.com\/mau38\/\",\"name\":\"M\u1eabu 2\",\"description\":\"\",\"potentialAction\":[{\"@type\":\"SearchAction\",\"target\":{\"@type\":\"EntryPoint\",\"urlTemplate\":\"https:\/\/pluginviet.com\/mau38\/?s={search_term_string}\"},\"query-input\":\"required name=search_term_string\"}],\"inLanguage\":\"vi\"}]}<\/script>\n<!-- \/ Yoast SEO plugin. -->","yoast_head_json":{"title":"Kh\u00f3a c\u1eeda v\u00e2n tay PHGLOCK FP6011BC (M\u00e0u \u0110en) - M\u1eabu 2","description":"Kho\u00e1 c\u1eeda ph\u00f2ng FP6011BC (M\u00e0u \u0110en) thu\u1ed9c d\u00f2ng kho\u00e1 \u0111i\u1ec7n t\u1eed thu\u1ed9c th\u01b0\u01a1ng hi\u1ec7u PHGLock. Phi\u00ean b\u1ea3n kh\u00f3a n\u00e0y c\u00f3 3 m\u00e0u cho b\u1ea1n l\u1ef1a ch\u1ecdn: \u0110en, B\u1ea1c, v\u00e0 V\u00e0ng. \u0110\u00e2y l\u00e0 m\u1ed9t trong nh\u01b0ng m\u1eabu kho\u00e1 c\u00f3 thi\u1ebft k\u1ebf \u0111\u01a1n gi\u1ea3n, ch\u1eafc ch\u1eafc v\u1edbi ch\u1ea5t li\u1ec7u Inox. N\u1ebfu nh\u01b0 b\u00ecnh th\u01b0\u1eddng ch\u1ec9 c\u00f3 chi\u1ebfc ch\u00eca kho\u00e1 c\u01a1, kh\u00e1ch h\u00e0ng c\u00f3 th\u1ec3 \u0111\u00e1nh r\u01a1i b\u1ea5t k\u1ec3 l\u00fac n\u00e0o, FP6011 c\u00f3 th\u00eam th\u1ebb c\u1ea3m \u1ee9ng MF, ti\u1ec7n l\u1ee3i, d\u1ec5 d\u00e0ng s\u1eed d\u1ee5ng, m\u1edf c\u1eeda nhanh ch\u00f3ng trong v\u00f2ng 1-2s v\u00e0 t\u0103ng t\u00ednh n\u0103ng b\u1ea3o m\u1eadt h\u01a1n.","robots":{"index":"index","follow":"follow","max-snippet":"max-snippet:-1","max-image-preview":"max-image-preview:large","max-video-preview":"max-video-preview:-1"},"canonical":"https:\/\/pluginviet.com\/mau38\/san-pham\/khoa-cua-van-tay-phglock-fp6011bc-mau-den\/","og_locale":"vi_VN","og_type":"article","og_title":"Kh\u00f3a c\u1eeda v\u00e2n tay PHGLOCK FP6011BC (M\u00e0u \u0110en) - M\u1eabu 2","og_description":"Kho\u00e1 c\u1eeda ph\u00f2ng FP6011BC (M\u00e0u \u0110en) thu\u1ed9c d\u00f2ng kho\u00e1 \u0111i\u1ec7n t\u1eed thu\u1ed9c th\u01b0\u01a1ng hi\u1ec7u PHGLock. Phi\u00ean b\u1ea3n kh\u00f3a n\u00e0y c\u00f3 3 m\u00e0u cho b\u1ea1n l\u1ef1a ch\u1ecdn: \u0110en, B\u1ea1c, v\u00e0 V\u00e0ng. \u0110\u00e2y l\u00e0 m\u1ed9t trong nh\u01b0ng m\u1eabu kho\u00e1 c\u00f3 thi\u1ebft k\u1ebf \u0111\u01a1n gi\u1ea3n, ch\u1eafc ch\u1eafc v\u1edbi ch\u1ea5t li\u1ec7u Inox. N\u1ebfu nh\u01b0 b\u00ecnh th\u01b0\u1eddng ch\u1ec9 c\u00f3 chi\u1ebfc ch\u00eca kho\u00e1 c\u01a1, kh\u00e1ch h\u00e0ng c\u00f3 th\u1ec3 \u0111\u00e1nh r\u01a1i b\u1ea5t k\u1ec3 l\u00fac n\u00e0o, FP6011 c\u00f3 th\u00eam th\u1ebb c\u1ea3m \u1ee9ng MF, ti\u1ec7n l\u1ee3i, d\u1ec5 d\u00e0ng s\u1eed d\u1ee5ng, m\u1edf c\u1eeda nhanh ch\u00f3ng trong v\u00f2ng 1-2s v\u00e0 t\u0103ng t\u00ednh n\u0103ng b\u1ea3o m\u1eadt h\u01a1n.","og_url":"https:\/\/pluginviet.com\/mau38\/san-pham\/khoa-cua-van-tay-phglock-fp6011bc-mau-den\/","og_site_name":"M\u1eabu 2","article_modified_time":"2022-11-10T07:30:09+00:00","og_image":[{"width":225,"height":225,"url":"https:\/\/pluginviet.com\/mau38\/wp-content\/uploads\/2022\/01\/tai-xuong.jpg","type":"image\/jpeg"}],"twitter_card":"summary_large_image","schema":{"@context":"https:\/\/schema.org","@graph":[{"@type":"WebPage","@id":"https:\/\/pluginviet.com\/mau38\/san-pham\/khoa-cua-van-tay-phglock-fp6011bc-mau-den\/","url":"https:\/\/pluginviet.com\/mau38\/san-pham\/khoa-cua-van-tay-phglock-fp6011bc-mau-den\/","name":"Kh\u00f3a c\u1eeda v\u00e2n tay PHGLOCK FP6011BC (M\u00e0u \u0110en) - M\u1eabu 2","isPartOf":{"@id":"https:\/\/pluginviet.com\/mau38\/#website"},"datePublished":"2022-01-03T12:20:00+00:00","dateModified":"2022-11-10T07:30:09+00:00","description":"Kho\u00e1 c\u1eeda ph\u00f2ng FP6011BC (M\u00e0u \u0110en) thu\u1ed9c d\u00f2ng kho\u00e1 \u0111i\u1ec7n t\u1eed thu\u1ed9c th\u01b0\u01a1ng hi\u1ec7u PHGLock. Phi\u00ean b\u1ea3n kh\u00f3a n\u00e0y c\u00f3 3 m\u00e0u cho b\u1ea1n l\u1ef1a ch\u1ecdn: \u0110en, B\u1ea1c, v\u00e0 V\u00e0ng. \u0110\u00e2y l\u00e0 m\u1ed9t trong nh\u01b0ng m\u1eabu kho\u00e1 c\u00f3 thi\u1ebft k\u1ebf \u0111\u01a1n gi\u1ea3n, ch\u1eafc ch\u1eafc v\u1edbi ch\u1ea5t li\u1ec7u Inox. N\u1ebfu nh\u01b0 b\u00ecnh th\u01b0\u1eddng ch\u1ec9 c\u00f3 chi\u1ebfc ch\u00eca kho\u00e1 c\u01a1, kh\u00e1ch h\u00e0ng c\u00f3 th\u1ec3 \u0111\u00e1nh r\u01a1i b\u1ea5t k\u1ec3 l\u00fac n\u00e0o, FP6011 c\u00f3 th\u00eam th\u1ebb c\u1ea3m \u1ee9ng MF, ti\u1ec7n l\u1ee3i, d\u1ec5 d\u00e0ng s\u1eed d\u1ee5ng, m\u1edf c\u1eeda nhanh ch\u00f3ng trong v\u00f2ng 1-2s v\u00e0 t\u0103ng t\u00ednh n\u0103ng b\u1ea3o m\u1eadt h\u01a1n.","breadcrumb":{"@id":"https:\/\/pluginviet.com\/mau38\/san-pham\/khoa-cua-van-tay-phglock-fp6011bc-mau-den\/#breadcrumb"},"inLanguage":"vi","potentialAction":[{"@type":"ReadAction","target":["https:\/\/pluginviet.com\/mau38\/san-pham\/khoa-cua-van-tay-phglock-fp6011bc-mau-den\/"]}]},{"@type":"BreadcrumbList","@id":"https:\/\/pluginviet.com\/mau38\/san-pham\/khoa-cua-van-tay-phglock-fp6011bc-mau-den\/#breadcrumb","itemListElement":[{"@type":"ListItem","position":1,"name":"Trang ch\u1ee7","item":"https:\/\/pluginviet.com\/mau38\/"},{"@type":"ListItem","position":2,"name":"Shop","item":"https:\/\/pluginviet.com\/mau38\/shop\/"},{"@type":"ListItem","position":3,"name":"Kh\u00f3a c\u1eeda v\u00e2n tay PHGLOCK FP6011BC (M\u00e0u \u0110en)"}]},{"@type":"WebSite","@id":"https:\/\/pluginviet.com\/mau38\/#website","url":"https:\/\/pluginviet.com\/mau38\/","name":"M\u1eabu 2","description":"","potentialAction":[{"@type":"SearchAction","target":{"@type":"EntryPoint","urlTemplate":"https:\/\/pluginviet.com\/mau38\/?s={search_term_string}"},"query-input":"required name=search_term_string"}],"inLanguage":"vi"}]}},"_links":{"self":[{"href":"https:\/\/pluginviet.com\/mau38\/wp-json\/wp\/v2\/product\/2490"}],"collection":[{"href":"https:\/\/pluginviet.com\/mau38\/wp-json\/wp\/v2\/product"}],"about":[{"href":"https:\/\/pluginviet.com\/mau38\/wp-json\/wp\/v2\/types\/product"}],"replies":[{"embeddable":true,"href":"https:\/\/pluginviet.com\/mau38\/wp-json\/wp\/v2\/comments?post=2490"}],"wp:featuredmedia":[{"embeddable":true,"href":"https:\/\/pluginviet.com\/mau38\/wp-json\/wp\/v2\/media\/2491"}],"wp:attachment":[{"href":"https:\/\/pluginviet.com\/mau38\/wp-json\/wp\/v2\/media?parent=2490"}],"wp:term":[{"taxonomy":"product_cat","embeddable":true,"href":"https:\/\/pluginviet.com\/mau38\/wp-json\/wp\/v2\/product_cat?post=2490"},{"taxonomy":"product_tag","embeddable":true,"href":"https:\/\/pluginviet.com\/mau38\/wp-json\/wp\/v2\/product_tag?post=2490"}],"curies":[{"name":"wp","href":"https:\/\/api.w.org\/{rel}","templated":true}]}}