{"id":2486,"date":"2022-01-03T12:04:54","date_gmt":"2022-01-03T12:04:54","guid":{"rendered":"http:\/\/khachhang.webrt.vn\/phong\/huytuantelecom\/?post_type=product&#038;p=2486"},"modified":"2022-11-10T07:30:15","modified_gmt":"2022-11-10T07:30:15","slug":"khoa-cua-nhan-dien-khuon-mat-phglock-fl6007","status":"publish","type":"product","link":"https:\/\/pluginviet.com\/mau38\/san-pham\/khoa-cua-nhan-dien-khuon-mat-phglock-fl6007\/","title":{"rendered":"Kh\u00f3a c\u1eeda nh\u1eadn di\u1ec7n khu\u00f4n m\u1eb7t PHGLOCK FL6007"},"content":{"rendered":"","protected":false},"excerpt":{"rendered":"<p>\u2013 Kh\u00f3a h\u1ed7 tr\u1ee3 100 ng\u01b0\u1eddi d\u00f9ng<br \/>\n\u2013 Pin theo kh\u00f3a, s\u1ea1c tr\u1ef1c ti\u1ebfp l\u00ean pin v\u00e0 c\u00f3 k\u00edch ngu\u1ed3n d\u1ef1 ph\u00f2ng qua c\u1ed5ng micro USB.<br \/>\n\u2013 L\u01b0u t\u1ea5t c\u1ea3 l\u1ecbch s\u1eed m\u1edf c\u1eeda.<br \/>\n\u2013 C\u00f3 chu\u00f4ng b\u00e1o nh\u1ea5n t\u1eeb b\u00ean ngo\u00e0i (t\u1eaft ho\u1eb7c m\u1edf).<br \/>\n\u2013 T\u00ednh n\u0103ng m\u1edf c\u1eeda \u0111\u0103ng nh\u1eadp 2 t\u00e0i kho\u1ea3n.<br \/>\n\u2013 \u0110i\u1ec1u ch\u1ec9nh \u00e2m l\u01b0\u1ee3ng.<br \/>\n\u2013 \u0110\u1ed1 c\u1eeda: 38mm (d\u00e0y) x 105mm (r\u1ed9ng).<\/p>\n","protected":false},"featured_media":2487,"comment_status":"open","ping_status":"closed","template":"","meta":[],"product_cat":[154],"product_tag":[],"yoast_head":"<!-- This site is optimized with the Yoast SEO plugin v21.5 - https:\/\/yoast.com\/wordpress\/plugins\/seo\/ -->\n<title>Kh\u00f3a c\u1eeda nh\u1eadn di\u1ec7n khu\u00f4n m\u1eb7t PHGLOCK FL6007 - M\u1eabu 2<\/title>\n<meta name=\"description\" content=\"PHGLOCK FL6007 l\u00e0 d\u00f2ng kh\u00f3a nh\u1eadn di\u1ec7n khu\u00f4n m\u1eb7t c\u00f3 t\u1ea5t c\u1ea3 c\u00e1c t\u00ednh n\u0103ng m\u00e0 ng\u01b0\u1eddi s\u1eed d\u1ee5ng c\u1ea7n v\u00e0 c\u00f3 gi\u00e1 r\u1ebb tr\u00ean th\u1ecb tr\u01b0\u1eddng hi\u1ec7n nay. \u0110\u00e2y l\u00e0 c\u00f4ng ngh\u1ec7 \u0111\u01b0\u1ee3c ph\u00e1t tri\u1ec3n tr\u00ean n\u1ec1n t\u1ea3ng c\u1ee7a tr\u00ed tu\u1ec7 nh\u1eadn t\u1ea1o AI, v\u1eady n\u00ean c\u00f3 th\u1ec3 n\u00f3i c\u00f4ng ngh\u1ec7 nh\u1eadn di\u1ec7n khu\u00f4n m\u1eb7t \u0111ang l\u00e0 xu h\u01b0\u1edbng to\u00e0n c\u1ea7u.\" \/>\n<meta name=\"robots\" content=\"index, follow, max-snippet:-1, max-image-preview:large, max-video-preview:-1\" \/>\n<link rel=\"canonical\" href=\"https:\/\/pluginviet.com\/mau38\/san-pham\/khoa-cua-nhan-dien-khuon-mat-phglock-fl6007\/\" \/>\n<meta property=\"og:locale\" content=\"vi_VN\" \/>\n<meta property=\"og:type\" content=\"article\" \/>\n<meta property=\"og:title\" content=\"Kh\u00f3a c\u1eeda nh\u1eadn di\u1ec7n khu\u00f4n m\u1eb7t PHGLOCK FL6007 - M\u1eabu 2\" \/>\n<meta property=\"og:description\" content=\"PHGLOCK FL6007 l\u00e0 d\u00f2ng kh\u00f3a nh\u1eadn di\u1ec7n khu\u00f4n m\u1eb7t c\u00f3 t\u1ea5t c\u1ea3 c\u00e1c t\u00ednh n\u0103ng m\u00e0 ng\u01b0\u1eddi s\u1eed d\u1ee5ng c\u1ea7n v\u00e0 c\u00f3 gi\u00e1 r\u1ebb tr\u00ean th\u1ecb tr\u01b0\u1eddng hi\u1ec7n nay. \u0110\u00e2y l\u00e0 c\u00f4ng ngh\u1ec7 \u0111\u01b0\u1ee3c ph\u00e1t tri\u1ec3n tr\u00ean n\u1ec1n t\u1ea3ng c\u1ee7a tr\u00ed tu\u1ec7 nh\u1eadn t\u1ea1o AI, v\u1eady n\u00ean c\u00f3 th\u1ec3 n\u00f3i c\u00f4ng ngh\u1ec7 nh\u1eadn di\u1ec7n khu\u00f4n m\u1eb7t \u0111ang l\u00e0 xu h\u01b0\u1edbng to\u00e0n c\u1ea7u.\" \/>\n<meta property=\"og:url\" content=\"https:\/\/pluginviet.com\/mau38\/san-pham\/khoa-cua-nhan-dien-khuon-mat-phglock-fl6007\/\" \/>\n<meta property=\"og:site_name\" content=\"M\u1eabu 2\" \/>\n<meta property=\"article:modified_time\" content=\"2022-11-10T07:30:15+00:00\" \/>\n<meta property=\"og:image\" content=\"https:\/\/pluginviet.com\/mau38\/wp-content\/uploads\/2022\/01\/450px_YYng_WEB_FL6007.png\" \/>\n\t<meta property=\"og:image:width\" content=\"1876\" \/>\n\t<meta property=\"og:image:height\" content=\"1876\" \/>\n\t<meta property=\"og:image:type\" content=\"image\/png\" \/>\n<meta name=\"twitter:card\" content=\"summary_large_image\" \/>\n<script type=\"application\/ld+json\" class=\"yoast-schema-graph\">{\"@context\":\"https:\/\/schema.org\",\"@graph\":[{\"@type\":\"WebPage\",\"@id\":\"https:\/\/pluginviet.com\/mau38\/san-pham\/khoa-cua-nhan-dien-khuon-mat-phglock-fl6007\/\",\"url\":\"https:\/\/pluginviet.com\/mau38\/san-pham\/khoa-cua-nhan-dien-khuon-mat-phglock-fl6007\/\",\"name\":\"Kh\u00f3a c\u1eeda nh\u1eadn di\u1ec7n khu\u00f4n m\u1eb7t PHGLOCK FL6007 - M\u1eabu 2\",\"isPartOf\":{\"@id\":\"https:\/\/pluginviet.com\/mau38\/#website\"},\"datePublished\":\"2022-01-03T12:04:54+00:00\",\"dateModified\":\"2022-11-10T07:30:15+00:00\",\"description\":\"PHGLOCK FL6007 l\u00e0 d\u00f2ng kh\u00f3a nh\u1eadn di\u1ec7n khu\u00f4n m\u1eb7t c\u00f3 t\u1ea5t c\u1ea3 c\u00e1c t\u00ednh n\u0103ng m\u00e0 ng\u01b0\u1eddi s\u1eed d\u1ee5ng c\u1ea7n v\u00e0 c\u00f3 gi\u00e1 r\u1ebb tr\u00ean th\u1ecb tr\u01b0\u1eddng hi\u1ec7n nay. \u0110\u00e2y l\u00e0 c\u00f4ng ngh\u1ec7 \u0111\u01b0\u1ee3c ph\u00e1t tri\u1ec3n tr\u00ean n\u1ec1n t\u1ea3ng c\u1ee7a tr\u00ed tu\u1ec7 nh\u1eadn t\u1ea1o AI, v\u1eady n\u00ean c\u00f3 th\u1ec3 n\u00f3i c\u00f4ng ngh\u1ec7 nh\u1eadn di\u1ec7n khu\u00f4n m\u1eb7t \u0111ang l\u00e0 xu h\u01b0\u1edbng to\u00e0n c\u1ea7u.\",\"breadcrumb\":{\"@id\":\"https:\/\/pluginviet.com\/mau38\/san-pham\/khoa-cua-nhan-dien-khuon-mat-phglock-fl6007\/#breadcrumb\"},\"inLanguage\":\"vi\",\"potentialAction\":[{\"@type\":\"ReadAction\",\"target\":[\"https:\/\/pluginviet.com\/mau38\/san-pham\/khoa-cua-nhan-dien-khuon-mat-phglock-fl6007\/\"]}]},{\"@type\":\"BreadcrumbList\",\"@id\":\"https:\/\/pluginviet.com\/mau38\/san-pham\/khoa-cua-nhan-dien-khuon-mat-phglock-fl6007\/#breadcrumb\",\"itemListElement\":[{\"@type\":\"ListItem\",\"position\":1,\"name\":\"Trang ch\u1ee7\",\"item\":\"https:\/\/pluginviet.com\/mau38\/\"},{\"@type\":\"ListItem\",\"position\":2,\"name\":\"Shop\",\"item\":\"https:\/\/pluginviet.com\/mau38\/shop\/\"},{\"@type\":\"ListItem\",\"position\":3,\"name\":\"Kh\u00f3a c\u1eeda nh\u1eadn di\u1ec7n khu\u00f4n m\u1eb7t PHGLOCK FL6007\"}]},{\"@type\":\"WebSite\",\"@id\":\"https:\/\/pluginviet.com\/mau38\/#website\",\"url\":\"https:\/\/pluginviet.com\/mau38\/\",\"name\":\"M\u1eabu 2\",\"description\":\"\",\"potentialAction\":[{\"@type\":\"SearchAction\",\"target\":{\"@type\":\"EntryPoint\",\"urlTemplate\":\"https:\/\/pluginviet.com\/mau38\/?s={search_term_string}\"},\"query-input\":\"required name=search_term_string\"}],\"inLanguage\":\"vi\"}]}<\/script>\n<!-- \/ Yoast SEO plugin. -->","yoast_head_json":{"title":"Kh\u00f3a c\u1eeda nh\u1eadn di\u1ec7n khu\u00f4n m\u1eb7t PHGLOCK FL6007 - M\u1eabu 2","description":"PHGLOCK FL6007 l\u00e0 d\u00f2ng kh\u00f3a nh\u1eadn di\u1ec7n khu\u00f4n m\u1eb7t c\u00f3 t\u1ea5t c\u1ea3 c\u00e1c t\u00ednh n\u0103ng m\u00e0 ng\u01b0\u1eddi s\u1eed d\u1ee5ng c\u1ea7n v\u00e0 c\u00f3 gi\u00e1 r\u1ebb tr\u00ean th\u1ecb tr\u01b0\u1eddng hi\u1ec7n nay. \u0110\u00e2y l\u00e0 c\u00f4ng ngh\u1ec7 \u0111\u01b0\u1ee3c ph\u00e1t tri\u1ec3n tr\u00ean n\u1ec1n t\u1ea3ng c\u1ee7a tr\u00ed tu\u1ec7 nh\u1eadn t\u1ea1o AI, v\u1eady n\u00ean c\u00f3 th\u1ec3 n\u00f3i c\u00f4ng ngh\u1ec7 nh\u1eadn di\u1ec7n khu\u00f4n m\u1eb7t \u0111ang l\u00e0 xu h\u01b0\u1edbng to\u00e0n c\u1ea7u.","robots":{"index":"index","follow":"follow","max-snippet":"max-snippet:-1","max-image-preview":"max-image-preview:large","max-video-preview":"max-video-preview:-1"},"canonical":"https:\/\/pluginviet.com\/mau38\/san-pham\/khoa-cua-nhan-dien-khuon-mat-phglock-fl6007\/","og_locale":"vi_VN","og_type":"article","og_title":"Kh\u00f3a c\u1eeda nh\u1eadn di\u1ec7n khu\u00f4n m\u1eb7t PHGLOCK FL6007 - M\u1eabu 2","og_description":"PHGLOCK FL6007 l\u00e0 d\u00f2ng kh\u00f3a nh\u1eadn di\u1ec7n khu\u00f4n m\u1eb7t c\u00f3 t\u1ea5t c\u1ea3 c\u00e1c t\u00ednh n\u0103ng m\u00e0 ng\u01b0\u1eddi s\u1eed d\u1ee5ng c\u1ea7n v\u00e0 c\u00f3 gi\u00e1 r\u1ebb tr\u00ean th\u1ecb tr\u01b0\u1eddng hi\u1ec7n nay. \u0110\u00e2y l\u00e0 c\u00f4ng ngh\u1ec7 \u0111\u01b0\u1ee3c ph\u00e1t tri\u1ec3n tr\u00ean n\u1ec1n t\u1ea3ng c\u1ee7a tr\u00ed tu\u1ec7 nh\u1eadn t\u1ea1o AI, v\u1eady n\u00ean c\u00f3 th\u1ec3 n\u00f3i c\u00f4ng ngh\u1ec7 nh\u1eadn di\u1ec7n khu\u00f4n m\u1eb7t \u0111ang l\u00e0 xu h\u01b0\u1edbng to\u00e0n c\u1ea7u.","og_url":"https:\/\/pluginviet.com\/mau38\/san-pham\/khoa-cua-nhan-dien-khuon-mat-phglock-fl6007\/","og_site_name":"M\u1eabu 2","article_modified_time":"2022-11-10T07:30:15+00:00","og_image":[{"width":1876,"height":1876,"url":"https:\/\/pluginviet.com\/mau38\/wp-content\/uploads\/2022\/01\/450px_YYng_WEB_FL6007.png","type":"image\/png"}],"twitter_card":"summary_large_image","schema":{"@context":"https:\/\/schema.org","@graph":[{"@type":"WebPage","@id":"https:\/\/pluginviet.com\/mau38\/san-pham\/khoa-cua-nhan-dien-khuon-mat-phglock-fl6007\/","url":"https:\/\/pluginviet.com\/mau38\/san-pham\/khoa-cua-nhan-dien-khuon-mat-phglock-fl6007\/","name":"Kh\u00f3a c\u1eeda nh\u1eadn di\u1ec7n khu\u00f4n m\u1eb7t PHGLOCK FL6007 - M\u1eabu 2","isPartOf":{"@id":"https:\/\/pluginviet.com\/mau38\/#website"},"datePublished":"2022-01-03T12:04:54+00:00","dateModified":"2022-11-10T07:30:15+00:00","description":"PHGLOCK FL6007 l\u00e0 d\u00f2ng kh\u00f3a nh\u1eadn di\u1ec7n khu\u00f4n m\u1eb7t c\u00f3 t\u1ea5t c\u1ea3 c\u00e1c t\u00ednh n\u0103ng m\u00e0 ng\u01b0\u1eddi s\u1eed d\u1ee5ng c\u1ea7n v\u00e0 c\u00f3 gi\u00e1 r\u1ebb tr\u00ean th\u1ecb tr\u01b0\u1eddng hi\u1ec7n nay. \u0110\u00e2y l\u00e0 c\u00f4ng ngh\u1ec7 \u0111\u01b0\u1ee3c ph\u00e1t tri\u1ec3n tr\u00ean n\u1ec1n t\u1ea3ng c\u1ee7a tr\u00ed tu\u1ec7 nh\u1eadn t\u1ea1o AI, v\u1eady n\u00ean c\u00f3 th\u1ec3 n\u00f3i c\u00f4ng ngh\u1ec7 nh\u1eadn di\u1ec7n khu\u00f4n m\u1eb7t \u0111ang l\u00e0 xu h\u01b0\u1edbng to\u00e0n c\u1ea7u.","breadcrumb":{"@id":"https:\/\/pluginviet.com\/mau38\/san-pham\/khoa-cua-nhan-dien-khuon-mat-phglock-fl6007\/#breadcrumb"},"inLanguage":"vi","potentialAction":[{"@type":"ReadAction","target":["https:\/\/pluginviet.com\/mau38\/san-pham\/khoa-cua-nhan-dien-khuon-mat-phglock-fl6007\/"]}]},{"@type":"BreadcrumbList","@id":"https:\/\/pluginviet.com\/mau38\/san-pham\/khoa-cua-nhan-dien-khuon-mat-phglock-fl6007\/#breadcrumb","itemListElement":[{"@type":"ListItem","position":1,"name":"Trang ch\u1ee7","item":"https:\/\/pluginviet.com\/mau38\/"},{"@type":"ListItem","position":2,"name":"Shop","item":"https:\/\/pluginviet.com\/mau38\/shop\/"},{"@type":"ListItem","position":3,"name":"Kh\u00f3a c\u1eeda nh\u1eadn di\u1ec7n khu\u00f4n m\u1eb7t PHGLOCK FL6007"}]},{"@type":"WebSite","@id":"https:\/\/pluginviet.com\/mau38\/#website","url":"https:\/\/pluginviet.com\/mau38\/","name":"M\u1eabu 2","description":"","potentialAction":[{"@type":"SearchAction","target":{"@type":"EntryPoint","urlTemplate":"https:\/\/pluginviet.com\/mau38\/?s={search_term_string}"},"query-input":"required name=search_term_string"}],"inLanguage":"vi"}]}},"_links":{"self":[{"href":"https:\/\/pluginviet.com\/mau38\/wp-json\/wp\/v2\/product\/2486"}],"collection":[{"href":"https:\/\/pluginviet.com\/mau38\/wp-json\/wp\/v2\/product"}],"about":[{"href":"https:\/\/pluginviet.com\/mau38\/wp-json\/wp\/v2\/types\/product"}],"replies":[{"embeddable":true,"href":"https:\/\/pluginviet.com\/mau38\/wp-json\/wp\/v2\/comments?post=2486"}],"wp:featuredmedia":[{"embeddable":true,"href":"https:\/\/pluginviet.com\/mau38\/wp-json\/wp\/v2\/media\/2487"}],"wp:attachment":[{"href":"https:\/\/pluginviet.com\/mau38\/wp-json\/wp\/v2\/media?parent=2486"}],"wp:term":[{"taxonomy":"product_cat","embeddable":true,"href":"https:\/\/pluginviet.com\/mau38\/wp-json\/wp\/v2\/product_cat?post=2486"},{"taxonomy":"product_tag","embeddable":true,"href":"https:\/\/pluginviet.com\/mau38\/wp-json\/wp\/v2\/product_tag?post=2486"}],"curies":[{"name":"wp","href":"https:\/\/api.w.org\/{rel}","templated":true}]}}