{"id":2473,"date":"2021-12-28T07:03:37","date_gmt":"2021-12-28T07:03:37","guid":{"rendered":"http:\/\/khachhang.webrt.vn\/phong\/huytuantelecom\/?post_type=product&#038;p=2473"},"modified":"2022-11-10T07:30:27","modified_gmt":"2022-11-10T07:30:27","slug":"camera-ip-starlight-2-0mp-dh-ipc-hdw4231emp-ase","status":"publish","type":"product","link":"https:\/\/pluginviet.com\/mau38\/san-pham\/camera-ip-starlight-2-0mp-dh-ipc-hdw4231emp-ase\/","title":{"rendered":"Camera IP Starlight 2.0MP | DH-IPC-HDW4231EMP-ASE"},"content":{"rendered":"","protected":false},"excerpt":{"rendered":"<p>2MP IR Eyeball Network Camera<br \/>\n\u25a0 \u0110\u1ed9 ph\u00e2n gi\u1ea3i 2 MPixel c\u1ea3m bi\u1ebfn CMOS 1\/2.8&#8243; , khung h\u00ecnh 25\/30fps@1080P(1920\u00d71080)<br \/>\n\u25a0 Chu\u1ea9n n\u00e9n h\u00ecnh \u1ea3nh H.265+<br \/>\n\u25a0 C\u00f4ng ngh\u1ec7 StarLight v\u1edbi \u0111\u1ed9 nh\u1ea1y s\u00e1ng c\u1ef1c th\u1ea5p 0.007Lux\/F1.6 (\u1ea3nh m\u00e0u), v\u00e0 0Lux\/F1.6 (\u1ea3nh h\u1ed3ng ngo\u1ea1i), Ch\u1ebf \u0111\u1ed9 ng\u00e0y \u0111\u00eam ICR, ch\u1ed1ng ng\u01b0\u1ee3c s\u00e1ng th\u1ef1c WDR(120dB), Ch\u1ebf \u0111\u1ed9 Ng\u00e0y \u0110\u00eam ICR, ch\u1ed1ng nhi\u1ec5u h\u00ecnh \u1ea3nh 3DNR, T\u1ef1 \u0111\u1ed9ng c\u00e2n b\u1eb1ng tr\u1eafng AWB, T\u1ef1 \u0111\u1ed9ng b\u00f9 t\u00edn hi\u1ec7u \u1ea3nh AGC, b\u00f9 s\u00e1ng BLC..<br \/>\n\u25a0 H\u1ed7 tr\u1ee3 h\u1ed3ng ngo\u1ea1i th\u00f4ng minh l\u00ean \u0111\u1ebfn 50m<br \/>\n\u25a0 H\u1ed7 tr\u1ee3 Mic<br \/>\n\u25a0 \u1ed0ng k\u00ednh c\u1ed1 \u0111\u1ecbnh 3.6mm , h\u1ed7 tr\u1ee3 th\u1ebb nh\u1edb l\u00ean \u0111\u1ebfn 128Gb, H\u1ed7 tr\u1ee3 c\u00e1c t\u00ednh n\u0103ng th\u00f4ng minh: Ph\u00e1t hi\u1ec7n khu\u00f4n m\u1eb7t, ph\u00e1t hi\u1ec7n x\u00e2m nh\u1eadp, thay \u0111\u1ed5i hi\u1ec7n tr\u01b0\u1eddng, h\u00e0ng r\u00e0o \u1ea3o.., chu\u1ea9n t\u01b0\u01a1ng th\u00edch ONVIF<br \/>\n\u25a0 Chu\u1ea9n ch\u1ed1ng n\u01b0\u1edbc IP67, \u0111i\u1ec7n \u00e1p DC12V, PoE (802.3af), m\u00f4i tr\u01b0\u1eddng l\u00e0m vi\u1ec7c -30\u00b0 C ~ +60\u00b0 C \u0111\u1ed9 \u1ea9m l\u1edbn h\u01a1n 95%.<br \/>\n\u25a0 Ch\u1ea5t li\u1ec7u v\u1ecf kim lo\u1ea1i<\/p>\n","protected":false},"featured_media":2474,"comment_status":"open","ping_status":"closed","template":"","meta":[],"product_cat":[153],"product_tag":[],"yoast_head":"<!-- This site is optimized with the Yoast SEO plugin v21.5 - https:\/\/yoast.com\/wordpress\/plugins\/seo\/ -->\n<title>Camera IP Starlight 2.0MP | DH-IPC-HDW4231EMP-ASE - M\u1eabu 2<\/title>\n<meta name=\"description\" content=\"2MP IR Eyeball Network Camera\u25a0 \u0110\u1ed9 ph\u00e2n gi\u1ea3i 2 MPixel c\u1ea3m bi\u1ebfn CMOS 1\/2.8&quot; , khung h\u00ecnh 25\/30fps@1080P(1920\u00d71080)\u25a0 Chu\u1ea9n n\u00e9n h\u00ecnh \u1ea3nh H.265+\u25a0 C\u00f4ng ngh\u1ec7 StarLight v\u1edbi \u0111\u1ed9 nh\u1ea1y s\u00e1ng c\u1ef1c th\u1ea5p 0.007Lux\/F1.6 (\u1ea3nh m\u00e0u), v\u00e0 0Lux\/F1.6 (\u1ea3nh h\u1ed3ng ngo\u1ea1i), Ch\u1ebf \u0111\u1ed9 ng\u00e0y \u0111\u00eam ICR, ch\u1ed1ng ng\u01b0\u1ee3c s\u00e1ng th\u1ef1c WDR(120dB), Ch\u1ebf \u0111\u1ed9 Ng\u00e0y \u0110\u00eam ICR, ch\u1ed1ng nhi\u1ec5u h\u00ecnh \u1ea3nh 3DNR, T\u1ef1 \u0111\u1ed9ng c\u00e2n b\u1eb1ng tr\u1eafng AWB, T\u1ef1 \u0111\u1ed9ng b\u00f9 t\u00edn hi\u1ec7u \u1ea3nh AGC, b\u00f9 s\u00e1ng BLC..\u25a0 H\u1ed7 tr\u1ee3 h\u1ed3ng ngo\u1ea1i th\u00f4ng minh l\u00ean \u0111\u1ebfn 50m\u25a0 H\u1ed7 tr\u1ee3 Mic\u25a0 \u1ed0ng k\u00ednh c\u1ed1 \u0111\u1ecbnh 3.6mm , h\u1ed7 tr\u1ee3 th\u1ebb nh\u1edb l\u00ean \u0111\u1ebfn 128Gb, H\u1ed7 tr\u1ee3 c\u00e1c t\u00ednh n\u0103ng th\u00f4ng minh: Ph\u00e1t hi\u1ec7n khu\u00f4n m\u1eb7t, ph\u00e1t hi\u1ec7n x\u00e2m nh\u1eadp, thay \u0111\u1ed5i hi\u1ec7n tr\u01b0\u1eddng, h\u00e0ng r\u00e0o \u1ea3o.., chu\u1ea9n t\u01b0\u01a1ng th\u00edch ONVIF\u25a0 Chu\u1ea9n ch\u1ed1ng n\u01b0\u1edbc IP67, \u0111i\u1ec7n \u00e1p DC12V, PoE (802.3af), m\u00f4i tr\u01b0\u1eddng l\u00e0m vi\u1ec7c -30\u00b0 C ~ +60\u00b0 C \u0111\u1ed9 \u1ea9m l\u1edbn h\u01a1n 95%. \u25a0 Ch\u1ea5t li\u1ec7u v\u1ecf kim lo\u1ea1i\" \/>\n<meta name=\"robots\" content=\"index, follow, max-snippet:-1, max-image-preview:large, max-video-preview:-1\" \/>\n<link rel=\"canonical\" href=\"https:\/\/pluginviet.com\/mau38\/san-pham\/camera-ip-starlight-2-0mp-dh-ipc-hdw4231emp-ase\/\" \/>\n<meta property=\"og:locale\" content=\"vi_VN\" \/>\n<meta property=\"og:type\" content=\"article\" \/>\n<meta property=\"og:title\" content=\"Camera IP Starlight 2.0MP | DH-IPC-HDW4231EMP-ASE - M\u1eabu 2\" \/>\n<meta property=\"og:description\" content=\"2MP IR Eyeball Network Camera\u25a0 \u0110\u1ed9 ph\u00e2n gi\u1ea3i 2 MPixel c\u1ea3m bi\u1ebfn CMOS 1\/2.8&quot; , khung h\u00ecnh 25\/30fps@1080P(1920\u00d71080)\u25a0 Chu\u1ea9n n\u00e9n h\u00ecnh \u1ea3nh H.265+\u25a0 C\u00f4ng ngh\u1ec7 StarLight v\u1edbi \u0111\u1ed9 nh\u1ea1y s\u00e1ng c\u1ef1c th\u1ea5p 0.007Lux\/F1.6 (\u1ea3nh m\u00e0u), v\u00e0 0Lux\/F1.6 (\u1ea3nh h\u1ed3ng ngo\u1ea1i), Ch\u1ebf \u0111\u1ed9 ng\u00e0y \u0111\u00eam ICR, ch\u1ed1ng ng\u01b0\u1ee3c s\u00e1ng th\u1ef1c WDR(120dB), Ch\u1ebf \u0111\u1ed9 Ng\u00e0y \u0110\u00eam ICR, ch\u1ed1ng nhi\u1ec5u h\u00ecnh \u1ea3nh 3DNR, T\u1ef1 \u0111\u1ed9ng c\u00e2n b\u1eb1ng tr\u1eafng AWB, T\u1ef1 \u0111\u1ed9ng b\u00f9 t\u00edn hi\u1ec7u \u1ea3nh AGC, b\u00f9 s\u00e1ng BLC..\u25a0 H\u1ed7 tr\u1ee3 h\u1ed3ng ngo\u1ea1i th\u00f4ng minh l\u00ean \u0111\u1ebfn 50m\u25a0 H\u1ed7 tr\u1ee3 Mic\u25a0 \u1ed0ng k\u00ednh c\u1ed1 \u0111\u1ecbnh 3.6mm , h\u1ed7 tr\u1ee3 th\u1ebb nh\u1edb l\u00ean \u0111\u1ebfn 128Gb, H\u1ed7 tr\u1ee3 c\u00e1c t\u00ednh n\u0103ng th\u00f4ng minh: Ph\u00e1t hi\u1ec7n khu\u00f4n m\u1eb7t, ph\u00e1t hi\u1ec7n x\u00e2m nh\u1eadp, thay \u0111\u1ed5i hi\u1ec7n tr\u01b0\u1eddng, h\u00e0ng r\u00e0o \u1ea3o.., chu\u1ea9n t\u01b0\u01a1ng th\u00edch ONVIF\u25a0 Chu\u1ea9n ch\u1ed1ng n\u01b0\u1edbc IP67, \u0111i\u1ec7n \u00e1p DC12V, PoE (802.3af), m\u00f4i tr\u01b0\u1eddng l\u00e0m vi\u1ec7c -30\u00b0 C ~ +60\u00b0 C \u0111\u1ed9 \u1ea9m l\u1edbn h\u01a1n 95%. \u25a0 Ch\u1ea5t li\u1ec7u v\u1ecf kim lo\u1ea1i\" \/>\n<meta property=\"og:url\" content=\"https:\/\/pluginviet.com\/mau38\/san-pham\/camera-ip-starlight-2-0mp-dh-ipc-hdw4231emp-ase\/\" \/>\n<meta property=\"og:site_name\" content=\"M\u1eabu 2\" \/>\n<meta property=\"article:modified_time\" content=\"2022-11-10T07:30:27+00:00\" \/>\n<meta property=\"og:image\" content=\"https:\/\/pluginviet.com\/mau38\/wp-content\/uploads\/2021\/12\/p_32456_DAHUA-IPC-HDW4231EMP-ASE.jpg\" \/>\n\t<meta property=\"og:image:width\" content=\"600\" \/>\n\t<meta property=\"og:image:height\" content=\"445\" \/>\n\t<meta property=\"og:image:type\" content=\"image\/jpeg\" \/>\n<meta name=\"twitter:card\" content=\"summary_large_image\" \/>\n<script type=\"application\/ld+json\" class=\"yoast-schema-graph\">{\"@context\":\"https:\/\/schema.org\",\"@graph\":[{\"@type\":\"WebPage\",\"@id\":\"https:\/\/pluginviet.com\/mau38\/san-pham\/camera-ip-starlight-2-0mp-dh-ipc-hdw4231emp-ase\/\",\"url\":\"https:\/\/pluginviet.com\/mau38\/san-pham\/camera-ip-starlight-2-0mp-dh-ipc-hdw4231emp-ase\/\",\"name\":\"Camera IP Starlight 2.0MP | DH-IPC-HDW4231EMP-ASE - M\u1eabu 2\",\"isPartOf\":{\"@id\":\"https:\/\/pluginviet.com\/mau38\/#website\"},\"datePublished\":\"2021-12-28T07:03:37+00:00\",\"dateModified\":\"2022-11-10T07:30:27+00:00\",\"description\":\"2MP IR Eyeball Network Camera\u25a0 \u0110\u1ed9 ph\u00e2n gi\u1ea3i 2 MPixel c\u1ea3m bi\u1ebfn CMOS 1\/2.8\\\" , khung h\u00ecnh 25\/30fps@1080P(1920\u00d71080)\u25a0 Chu\u1ea9n n\u00e9n h\u00ecnh \u1ea3nh H.265+\u25a0 C\u00f4ng ngh\u1ec7 StarLight v\u1edbi \u0111\u1ed9 nh\u1ea1y s\u00e1ng c\u1ef1c th\u1ea5p 0.007Lux\/F1.6 (\u1ea3nh m\u00e0u), v\u00e0 0Lux\/F1.6 (\u1ea3nh h\u1ed3ng ngo\u1ea1i), Ch\u1ebf \u0111\u1ed9 ng\u00e0y \u0111\u00eam ICR, ch\u1ed1ng ng\u01b0\u1ee3c s\u00e1ng th\u1ef1c WDR(120dB), Ch\u1ebf \u0111\u1ed9 Ng\u00e0y \u0110\u00eam ICR, ch\u1ed1ng nhi\u1ec5u h\u00ecnh \u1ea3nh 3DNR, T\u1ef1 \u0111\u1ed9ng c\u00e2n b\u1eb1ng tr\u1eafng AWB, T\u1ef1 \u0111\u1ed9ng b\u00f9 t\u00edn hi\u1ec7u \u1ea3nh AGC, b\u00f9 s\u00e1ng BLC..\u25a0 H\u1ed7 tr\u1ee3 h\u1ed3ng ngo\u1ea1i th\u00f4ng minh l\u00ean \u0111\u1ebfn 50m\u25a0 H\u1ed7 tr\u1ee3 Mic\u25a0 \u1ed0ng k\u00ednh c\u1ed1 \u0111\u1ecbnh 3.6mm , h\u1ed7 tr\u1ee3 th\u1ebb nh\u1edb l\u00ean \u0111\u1ebfn 128Gb, H\u1ed7 tr\u1ee3 c\u00e1c t\u00ednh n\u0103ng th\u00f4ng minh: Ph\u00e1t hi\u1ec7n khu\u00f4n m\u1eb7t, ph\u00e1t hi\u1ec7n x\u00e2m nh\u1eadp, thay \u0111\u1ed5i hi\u1ec7n tr\u01b0\u1eddng, h\u00e0ng r\u00e0o \u1ea3o.., chu\u1ea9n t\u01b0\u01a1ng th\u00edch ONVIF\u25a0 Chu\u1ea9n ch\u1ed1ng n\u01b0\u1edbc IP67, \u0111i\u1ec7n \u00e1p DC12V, PoE (802.3af), m\u00f4i tr\u01b0\u1eddng l\u00e0m vi\u1ec7c -30\u00b0 C ~ +60\u00b0 C \u0111\u1ed9 \u1ea9m l\u1edbn h\u01a1n 95%. \u25a0 Ch\u1ea5t li\u1ec7u v\u1ecf kim lo\u1ea1i\",\"breadcrumb\":{\"@id\":\"https:\/\/pluginviet.com\/mau38\/san-pham\/camera-ip-starlight-2-0mp-dh-ipc-hdw4231emp-ase\/#breadcrumb\"},\"inLanguage\":\"vi\",\"potentialAction\":[{\"@type\":\"ReadAction\",\"target\":[\"https:\/\/pluginviet.com\/mau38\/san-pham\/camera-ip-starlight-2-0mp-dh-ipc-hdw4231emp-ase\/\"]}]},{\"@type\":\"BreadcrumbList\",\"@id\":\"https:\/\/pluginviet.com\/mau38\/san-pham\/camera-ip-starlight-2-0mp-dh-ipc-hdw4231emp-ase\/#breadcrumb\",\"itemListElement\":[{\"@type\":\"ListItem\",\"position\":1,\"name\":\"Trang ch\u1ee7\",\"item\":\"https:\/\/pluginviet.com\/mau38\/\"},{\"@type\":\"ListItem\",\"position\":2,\"name\":\"Shop\",\"item\":\"https:\/\/pluginviet.com\/mau38\/shop\/\"},{\"@type\":\"ListItem\",\"position\":3,\"name\":\"Camera IP Starlight 2.0MP | DH-IPC-HDW4231EMP-ASE\"}]},{\"@type\":\"WebSite\",\"@id\":\"https:\/\/pluginviet.com\/mau38\/#website\",\"url\":\"https:\/\/pluginviet.com\/mau38\/\",\"name\":\"M\u1eabu 2\",\"description\":\"\",\"potentialAction\":[{\"@type\":\"SearchAction\",\"target\":{\"@type\":\"EntryPoint\",\"urlTemplate\":\"https:\/\/pluginviet.com\/mau38\/?s={search_term_string}\"},\"query-input\":\"required name=search_term_string\"}],\"inLanguage\":\"vi\"}]}<\/script>\n<!-- \/ Yoast SEO plugin. -->","yoast_head_json":{"title":"Camera IP Starlight 2.0MP | DH-IPC-HDW4231EMP-ASE - M\u1eabu 2","description":"2MP IR Eyeball Network Camera\u25a0 \u0110\u1ed9 ph\u00e2n gi\u1ea3i 2 MPixel c\u1ea3m bi\u1ebfn CMOS 1\/2.8\" , khung h\u00ecnh 25\/30fps@1080P(1920\u00d71080)\u25a0 Chu\u1ea9n n\u00e9n h\u00ecnh \u1ea3nh H.265+\u25a0 C\u00f4ng ngh\u1ec7 StarLight v\u1edbi \u0111\u1ed9 nh\u1ea1y s\u00e1ng c\u1ef1c th\u1ea5p 0.007Lux\/F1.6 (\u1ea3nh m\u00e0u), v\u00e0 0Lux\/F1.6 (\u1ea3nh h\u1ed3ng ngo\u1ea1i), Ch\u1ebf \u0111\u1ed9 ng\u00e0y \u0111\u00eam ICR, ch\u1ed1ng ng\u01b0\u1ee3c s\u00e1ng th\u1ef1c WDR(120dB), Ch\u1ebf \u0111\u1ed9 Ng\u00e0y \u0110\u00eam ICR, ch\u1ed1ng nhi\u1ec5u h\u00ecnh \u1ea3nh 3DNR, T\u1ef1 \u0111\u1ed9ng c\u00e2n b\u1eb1ng tr\u1eafng AWB, T\u1ef1 \u0111\u1ed9ng b\u00f9 t\u00edn hi\u1ec7u \u1ea3nh AGC, b\u00f9 s\u00e1ng BLC..\u25a0 H\u1ed7 tr\u1ee3 h\u1ed3ng ngo\u1ea1i th\u00f4ng minh l\u00ean \u0111\u1ebfn 50m\u25a0 H\u1ed7 tr\u1ee3 Mic\u25a0 \u1ed0ng k\u00ednh c\u1ed1 \u0111\u1ecbnh 3.6mm , h\u1ed7 tr\u1ee3 th\u1ebb nh\u1edb l\u00ean \u0111\u1ebfn 128Gb, H\u1ed7 tr\u1ee3 c\u00e1c t\u00ednh n\u0103ng th\u00f4ng minh: Ph\u00e1t hi\u1ec7n khu\u00f4n m\u1eb7t, ph\u00e1t hi\u1ec7n x\u00e2m nh\u1eadp, thay \u0111\u1ed5i hi\u1ec7n tr\u01b0\u1eddng, h\u00e0ng r\u00e0o \u1ea3o.., chu\u1ea9n t\u01b0\u01a1ng th\u00edch ONVIF\u25a0 Chu\u1ea9n ch\u1ed1ng n\u01b0\u1edbc IP67, \u0111i\u1ec7n \u00e1p DC12V, PoE (802.3af), m\u00f4i tr\u01b0\u1eddng l\u00e0m vi\u1ec7c -30\u00b0 C ~ +60\u00b0 C \u0111\u1ed9 \u1ea9m l\u1edbn h\u01a1n 95%. \u25a0 Ch\u1ea5t li\u1ec7u v\u1ecf kim lo\u1ea1i","robots":{"index":"index","follow":"follow","max-snippet":"max-snippet:-1","max-image-preview":"max-image-preview:large","max-video-preview":"max-video-preview:-1"},"canonical":"https:\/\/pluginviet.com\/mau38\/san-pham\/camera-ip-starlight-2-0mp-dh-ipc-hdw4231emp-ase\/","og_locale":"vi_VN","og_type":"article","og_title":"Camera IP Starlight 2.0MP | DH-IPC-HDW4231EMP-ASE - M\u1eabu 2","og_description":"2MP IR Eyeball Network Camera\u25a0 \u0110\u1ed9 ph\u00e2n gi\u1ea3i 2 MPixel c\u1ea3m bi\u1ebfn CMOS 1\/2.8\" , khung h\u00ecnh 25\/30fps@1080P(1920\u00d71080)\u25a0 Chu\u1ea9n n\u00e9n h\u00ecnh \u1ea3nh H.265+\u25a0 C\u00f4ng ngh\u1ec7 StarLight v\u1edbi \u0111\u1ed9 nh\u1ea1y s\u00e1ng c\u1ef1c th\u1ea5p 0.007Lux\/F1.6 (\u1ea3nh m\u00e0u), v\u00e0 0Lux\/F1.6 (\u1ea3nh h\u1ed3ng ngo\u1ea1i), Ch\u1ebf \u0111\u1ed9 ng\u00e0y \u0111\u00eam ICR, ch\u1ed1ng ng\u01b0\u1ee3c s\u00e1ng th\u1ef1c WDR(120dB), Ch\u1ebf \u0111\u1ed9 Ng\u00e0y \u0110\u00eam ICR, ch\u1ed1ng nhi\u1ec5u h\u00ecnh \u1ea3nh 3DNR, T\u1ef1 \u0111\u1ed9ng c\u00e2n b\u1eb1ng tr\u1eafng AWB, T\u1ef1 \u0111\u1ed9ng b\u00f9 t\u00edn hi\u1ec7u \u1ea3nh AGC, b\u00f9 s\u00e1ng BLC..\u25a0 H\u1ed7 tr\u1ee3 h\u1ed3ng ngo\u1ea1i th\u00f4ng minh l\u00ean \u0111\u1ebfn 50m\u25a0 H\u1ed7 tr\u1ee3 Mic\u25a0 \u1ed0ng k\u00ednh c\u1ed1 \u0111\u1ecbnh 3.6mm , h\u1ed7 tr\u1ee3 th\u1ebb nh\u1edb l\u00ean \u0111\u1ebfn 128Gb, H\u1ed7 tr\u1ee3 c\u00e1c t\u00ednh n\u0103ng th\u00f4ng minh: Ph\u00e1t hi\u1ec7n khu\u00f4n m\u1eb7t, ph\u00e1t hi\u1ec7n x\u00e2m nh\u1eadp, thay \u0111\u1ed5i hi\u1ec7n tr\u01b0\u1eddng, h\u00e0ng r\u00e0o \u1ea3o.., chu\u1ea9n t\u01b0\u01a1ng th\u00edch ONVIF\u25a0 Chu\u1ea9n ch\u1ed1ng n\u01b0\u1edbc IP67, \u0111i\u1ec7n \u00e1p DC12V, PoE (802.3af), m\u00f4i tr\u01b0\u1eddng l\u00e0m vi\u1ec7c -30\u00b0 C ~ +60\u00b0 C \u0111\u1ed9 \u1ea9m l\u1edbn h\u01a1n 95%. \u25a0 Ch\u1ea5t li\u1ec7u v\u1ecf kim lo\u1ea1i","og_url":"https:\/\/pluginviet.com\/mau38\/san-pham\/camera-ip-starlight-2-0mp-dh-ipc-hdw4231emp-ase\/","og_site_name":"M\u1eabu 2","article_modified_time":"2022-11-10T07:30:27+00:00","og_image":[{"width":600,"height":445,"url":"https:\/\/pluginviet.com\/mau38\/wp-content\/uploads\/2021\/12\/p_32456_DAHUA-IPC-HDW4231EMP-ASE.jpg","type":"image\/jpeg"}],"twitter_card":"summary_large_image","schema":{"@context":"https:\/\/schema.org","@graph":[{"@type":"WebPage","@id":"https:\/\/pluginviet.com\/mau38\/san-pham\/camera-ip-starlight-2-0mp-dh-ipc-hdw4231emp-ase\/","url":"https:\/\/pluginviet.com\/mau38\/san-pham\/camera-ip-starlight-2-0mp-dh-ipc-hdw4231emp-ase\/","name":"Camera IP Starlight 2.0MP | DH-IPC-HDW4231EMP-ASE - M\u1eabu 2","isPartOf":{"@id":"https:\/\/pluginviet.com\/mau38\/#website"},"datePublished":"2021-12-28T07:03:37+00:00","dateModified":"2022-11-10T07:30:27+00:00","description":"2MP IR Eyeball Network Camera\u25a0 \u0110\u1ed9 ph\u00e2n gi\u1ea3i 2 MPixel c\u1ea3m bi\u1ebfn CMOS 1\/2.8\" , khung h\u00ecnh 25\/30fps@1080P(1920\u00d71080)\u25a0 Chu\u1ea9n n\u00e9n h\u00ecnh \u1ea3nh H.265+\u25a0 C\u00f4ng ngh\u1ec7 StarLight v\u1edbi \u0111\u1ed9 nh\u1ea1y s\u00e1ng c\u1ef1c th\u1ea5p 0.007Lux\/F1.6 (\u1ea3nh m\u00e0u), v\u00e0 0Lux\/F1.6 (\u1ea3nh h\u1ed3ng ngo\u1ea1i), Ch\u1ebf \u0111\u1ed9 ng\u00e0y \u0111\u00eam ICR, ch\u1ed1ng ng\u01b0\u1ee3c s\u00e1ng th\u1ef1c WDR(120dB), Ch\u1ebf \u0111\u1ed9 Ng\u00e0y \u0110\u00eam ICR, ch\u1ed1ng nhi\u1ec5u h\u00ecnh \u1ea3nh 3DNR, T\u1ef1 \u0111\u1ed9ng c\u00e2n b\u1eb1ng tr\u1eafng AWB, T\u1ef1 \u0111\u1ed9ng b\u00f9 t\u00edn hi\u1ec7u \u1ea3nh AGC, b\u00f9 s\u00e1ng BLC..\u25a0 H\u1ed7 tr\u1ee3 h\u1ed3ng ngo\u1ea1i th\u00f4ng minh l\u00ean \u0111\u1ebfn 50m\u25a0 H\u1ed7 tr\u1ee3 Mic\u25a0 \u1ed0ng k\u00ednh c\u1ed1 \u0111\u1ecbnh 3.6mm , h\u1ed7 tr\u1ee3 th\u1ebb nh\u1edb l\u00ean \u0111\u1ebfn 128Gb, H\u1ed7 tr\u1ee3 c\u00e1c t\u00ednh n\u0103ng th\u00f4ng minh: Ph\u00e1t hi\u1ec7n khu\u00f4n m\u1eb7t, ph\u00e1t hi\u1ec7n x\u00e2m nh\u1eadp, thay \u0111\u1ed5i hi\u1ec7n tr\u01b0\u1eddng, h\u00e0ng r\u00e0o \u1ea3o.., chu\u1ea9n t\u01b0\u01a1ng th\u00edch ONVIF\u25a0 Chu\u1ea9n ch\u1ed1ng n\u01b0\u1edbc IP67, \u0111i\u1ec7n \u00e1p DC12V, PoE (802.3af), m\u00f4i tr\u01b0\u1eddng l\u00e0m vi\u1ec7c -30\u00b0 C ~ +60\u00b0 C \u0111\u1ed9 \u1ea9m l\u1edbn h\u01a1n 95%. \u25a0 Ch\u1ea5t li\u1ec7u v\u1ecf kim lo\u1ea1i","breadcrumb":{"@id":"https:\/\/pluginviet.com\/mau38\/san-pham\/camera-ip-starlight-2-0mp-dh-ipc-hdw4231emp-ase\/#breadcrumb"},"inLanguage":"vi","potentialAction":[{"@type":"ReadAction","target":["https:\/\/pluginviet.com\/mau38\/san-pham\/camera-ip-starlight-2-0mp-dh-ipc-hdw4231emp-ase\/"]}]},{"@type":"BreadcrumbList","@id":"https:\/\/pluginviet.com\/mau38\/san-pham\/camera-ip-starlight-2-0mp-dh-ipc-hdw4231emp-ase\/#breadcrumb","itemListElement":[{"@type":"ListItem","position":1,"name":"Trang ch\u1ee7","item":"https:\/\/pluginviet.com\/mau38\/"},{"@type":"ListItem","position":2,"name":"Shop","item":"https:\/\/pluginviet.com\/mau38\/shop\/"},{"@type":"ListItem","position":3,"name":"Camera IP Starlight 2.0MP | DH-IPC-HDW4231EMP-ASE"}]},{"@type":"WebSite","@id":"https:\/\/pluginviet.com\/mau38\/#website","url":"https:\/\/pluginviet.com\/mau38\/","name":"M\u1eabu 2","description":"","potentialAction":[{"@type":"SearchAction","target":{"@type":"EntryPoint","urlTemplate":"https:\/\/pluginviet.com\/mau38\/?s={search_term_string}"},"query-input":"required name=search_term_string"}],"inLanguage":"vi"}]}},"_links":{"self":[{"href":"https:\/\/pluginviet.com\/mau38\/wp-json\/wp\/v2\/product\/2473"}],"collection":[{"href":"https:\/\/pluginviet.com\/mau38\/wp-json\/wp\/v2\/product"}],"about":[{"href":"https:\/\/pluginviet.com\/mau38\/wp-json\/wp\/v2\/types\/product"}],"replies":[{"embeddable":true,"href":"https:\/\/pluginviet.com\/mau38\/wp-json\/wp\/v2\/comments?post=2473"}],"wp:featuredmedia":[{"embeddable":true,"href":"https:\/\/pluginviet.com\/mau38\/wp-json\/wp\/v2\/media\/2474"}],"wp:attachment":[{"href":"https:\/\/pluginviet.com\/mau38\/wp-json\/wp\/v2\/media?parent=2473"}],"wp:term":[{"taxonomy":"product_cat","embeddable":true,"href":"https:\/\/pluginviet.com\/mau38\/wp-json\/wp\/v2\/product_cat?post=2473"},{"taxonomy":"product_tag","embeddable":true,"href":"https:\/\/pluginviet.com\/mau38\/wp-json\/wp\/v2\/product_tag?post=2473"}],"curies":[{"name":"wp","href":"https:\/\/api.w.org\/{rel}","templated":true}]}}