{"id":2469,"date":"2021-12-28T06:21:10","date_gmt":"2021-12-28T06:21:10","guid":{"rendered":"http:\/\/khachhang.webrt.vn\/phong\/huytuantelecom\/?post_type=product&#038;p=2469"},"modified":"2022-11-10T07:30:31","modified_gmt":"2022-11-10T07:30:31","slug":"camera-dahua-dh-ipc-hdbw4231ep-ase","status":"publish","type":"product","link":"https:\/\/pluginviet.com\/mau38\/san-pham\/camera-dahua-dh-ipc-hdbw4231ep-ase\/","title":{"rendered":"Camera Dahua DH-IPC-HDBW4231EP-ASE"},"content":{"rendered":"","protected":false},"excerpt":{"rendered":"<p>\u25a0 \u0110\u1ed9 ph\u00e2n gi\u1ea3i 2 MPixel c\u1ea3m bi\u1ebfn CMOS Exmor 1\/2.8&#8243; , khung h\u00ecnh 50\/60fps@1080P(1920\u00d71080), H\u1ed7 tr\u1ee3 m\u00e3 h\u00f3a 3 lu\u1ed3ng v\u1edbi \u0111\u1ecbnh d\u1ea1ng H.265+\/H.265\/H.264+\/H.264,<br \/>\n\u25a0 C\u00f4ng ngh\u1ec7 StarLight v\u1edbi \u0111\u1ed9 nh\u1ea1y s\u00e1ng c\u1ef1c th\u1ea5p 0.007Lux\/F2.0 (\u1ea3nh m\u00e0u), v\u00e0 0Lux\/F2.0 (\u1ea3nh h\u1ed3ng ngo\u1ea1i), Ch\u1ebf \u0111\u1ed9 ng\u00e0y \u0111\u00eam ICR, ch\u1ed1ng ng\u01b0\u1ee3c s\u00e1ng th\u1ef1c WDR(120dB), Ch\u1ebf \u0111\u1ed9 Ng\u00e0y \u0110\u00eam ICR, ch\u1ed1ng nhi\u1ec5u h\u00ecnh \u1ea3nh 3DNR, T\u1ef1 \u0111\u1ed9ng c\u00e2n b\u1eb1ng tr\u1eafng AWB, T\u1ef1 \u0111\u1ed9ng b\u00f9 t\u00edn hi\u1ec7u \u1ea3nh AGC, b\u00f9 s\u00e1ng BLC.., H\u1ed7 tr\u1ee3 h\u1ed3ng ngo\u1ea1i th\u00f4ng minh l\u00ean \u0111\u1ebfn 30m<br \/>\n\u25a0 \u1ed0ng k\u00ednh c\u1ed1 \u0111\u1ecbnh 3.6mm cho g\u00f3c quan s\u00e1t l\u00ean \u0111\u1ebfn 87\u00b0, H\u1ed7 tr\u1ee3 1\/1 audio in\/out, 1\/1 alarm in\/out, h\u1ed7 tr\u1ee3 th\u1ebb nh\u1edb l\u00ean \u0111\u1ebfn 128Gb, H\u1ed7 tr\u1ee3 c\u00e1c t\u00ednh n\u0103ng th\u00f4ng minh: nh\u1eadn d\u1ea1ng khu\u00f4n m\u1eb7t, ph\u00e1t hi\u1ec7n x\u00e2m nh\u1eadp, thay \u0111\u1ed5i hi\u1ec7n tr\u01b0\u1eddng, h\u00e0ng r\u00e0o \u1ea3o.., chu\u1ea9n t\u01b0\u01a1ng th\u00edch ONVIF, PSIA, CGI,<br \/>\n\u25a0 H\u1ed7 tr\u1ee3 xem h\u00ecnh b\u1eb1ng nhi\u1ec1u c\u00f4ng c\u1ee5: Web, ph\u1ea7n m\u1ec1m CMS (DSS\/PSS) v\u00e0 DMSS, chu\u1ea9n ng\u00e2m nu\u00f3c IP67 IK10, \u0111i\u1ec7n \u00e1p DC12V, EPoE (802.3af), m\u00f4i tr\u01b0\u1eddng l\u00e0m vi\u1ec7c -30\u00b0 C ~ +60\u00b0 C \u0111\u1ed9 \u1ea9m l\u1edbn h\u01a1n 95%.<\/p>\n","protected":false},"featured_media":2470,"comment_status":"open","ping_status":"closed","template":"","meta":[],"product_cat":[153],"product_tag":[],"yoast_head":"<!-- This site is optimized with the Yoast SEO plugin v21.5 - https:\/\/yoast.com\/wordpress\/plugins\/seo\/ -->\n<title>Camera Dahua DH-IPC-HDBW4231EP-ASE - M\u1eabu 2<\/title>\n<meta name=\"description\" content=\"\u0110\u01b0\u1ee3c t\u00edch h\u1ee3p nhi\u1ec1u t\u00ednh n\u0103ng hi\u1ec7n \u0111\u1ea1i, Camera Dahua DH-IPC-HDBW4231EP-ASE l\u00e0 gi\u1ea3i ph\u00e1p an ninh hi\u1ec7u qu\u1ea3 cho c\u00e1c h\u1ec7 th\u1ed1ng gi\u00e1m s\u00e1t trong c\u00e1c c\u00f4ng tr\u00ecnh l\u1edbn nh\u01b0 c\u00f4ng x\u01b0\u1edfng, trung t\u00e2m th\u01b0\u01a1ng m\u1ea1i, tr\u01b0\u1eddng h\u1ecdc, b\u1ec7nh vi\u1ec7n\u2026\" \/>\n<meta name=\"robots\" content=\"index, follow, max-snippet:-1, max-image-preview:large, max-video-preview:-1\" \/>\n<link rel=\"canonical\" href=\"https:\/\/pluginviet.com\/mau38\/san-pham\/camera-dahua-dh-ipc-hdbw4231ep-ase\/\" \/>\n<meta property=\"og:locale\" content=\"vi_VN\" \/>\n<meta property=\"og:type\" content=\"article\" \/>\n<meta property=\"og:title\" content=\"Camera Dahua DH-IPC-HDBW4231EP-ASE - M\u1eabu 2\" \/>\n<meta property=\"og:description\" content=\"\u0110\u01b0\u1ee3c t\u00edch h\u1ee3p nhi\u1ec1u t\u00ednh n\u0103ng hi\u1ec7n \u0111\u1ea1i, Camera Dahua DH-IPC-HDBW4231EP-ASE l\u00e0 gi\u1ea3i ph\u00e1p an ninh hi\u1ec7u qu\u1ea3 cho c\u00e1c h\u1ec7 th\u1ed1ng gi\u00e1m s\u00e1t trong c\u00e1c c\u00f4ng tr\u00ecnh l\u1edbn nh\u01b0 c\u00f4ng x\u01b0\u1edfng, trung t\u00e2m th\u01b0\u01a1ng m\u1ea1i, tr\u01b0\u1eddng h\u1ecdc, b\u1ec7nh vi\u1ec7n\u2026\" \/>\n<meta property=\"og:url\" content=\"https:\/\/pluginviet.com\/mau38\/san-pham\/camera-dahua-dh-ipc-hdbw4231ep-ase\/\" \/>\n<meta property=\"og:site_name\" content=\"M\u1eabu 2\" \/>\n<meta property=\"article:modified_time\" content=\"2022-11-10T07:30:31+00:00\" \/>\n<meta property=\"og:image\" content=\"https:\/\/pluginviet.com\/mau38\/wp-content\/uploads\/2021\/12\/p_23379_DAHUA-IPC-HDBW4231EP-ASE.jpg\" \/>\n\t<meta property=\"og:image:width\" content=\"602\" \/>\n\t<meta property=\"og:image:height\" content=\"363\" \/>\n\t<meta property=\"og:image:type\" content=\"image\/jpeg\" \/>\n<meta name=\"twitter:card\" content=\"summary_large_image\" \/>\n<script type=\"application\/ld+json\" class=\"yoast-schema-graph\">{\"@context\":\"https:\/\/schema.org\",\"@graph\":[{\"@type\":\"WebPage\",\"@id\":\"https:\/\/pluginviet.com\/mau38\/san-pham\/camera-dahua-dh-ipc-hdbw4231ep-ase\/\",\"url\":\"https:\/\/pluginviet.com\/mau38\/san-pham\/camera-dahua-dh-ipc-hdbw4231ep-ase\/\",\"name\":\"Camera Dahua DH-IPC-HDBW4231EP-ASE - M\u1eabu 2\",\"isPartOf\":{\"@id\":\"https:\/\/pluginviet.com\/mau38\/#website\"},\"datePublished\":\"2021-12-28T06:21:10+00:00\",\"dateModified\":\"2022-11-10T07:30:31+00:00\",\"description\":\"\u0110\u01b0\u1ee3c t\u00edch h\u1ee3p nhi\u1ec1u t\u00ednh n\u0103ng hi\u1ec7n \u0111\u1ea1i, Camera Dahua DH-IPC-HDBW4231EP-ASE l\u00e0 gi\u1ea3i ph\u00e1p an ninh hi\u1ec7u qu\u1ea3 cho c\u00e1c h\u1ec7 th\u1ed1ng gi\u00e1m s\u00e1t trong c\u00e1c c\u00f4ng tr\u00ecnh l\u1edbn nh\u01b0 c\u00f4ng x\u01b0\u1edfng, trung t\u00e2m th\u01b0\u01a1ng m\u1ea1i, tr\u01b0\u1eddng h\u1ecdc, b\u1ec7nh vi\u1ec7n\u2026\",\"breadcrumb\":{\"@id\":\"https:\/\/pluginviet.com\/mau38\/san-pham\/camera-dahua-dh-ipc-hdbw4231ep-ase\/#breadcrumb\"},\"inLanguage\":\"vi\",\"potentialAction\":[{\"@type\":\"ReadAction\",\"target\":[\"https:\/\/pluginviet.com\/mau38\/san-pham\/camera-dahua-dh-ipc-hdbw4231ep-ase\/\"]}]},{\"@type\":\"BreadcrumbList\",\"@id\":\"https:\/\/pluginviet.com\/mau38\/san-pham\/camera-dahua-dh-ipc-hdbw4231ep-ase\/#breadcrumb\",\"itemListElement\":[{\"@type\":\"ListItem\",\"position\":1,\"name\":\"Trang ch\u1ee7\",\"item\":\"https:\/\/pluginviet.com\/mau38\/\"},{\"@type\":\"ListItem\",\"position\":2,\"name\":\"Shop\",\"item\":\"https:\/\/pluginviet.com\/mau38\/shop\/\"},{\"@type\":\"ListItem\",\"position\":3,\"name\":\"Camera Dahua DH-IPC-HDBW4231EP-ASE\"}]},{\"@type\":\"WebSite\",\"@id\":\"https:\/\/pluginviet.com\/mau38\/#website\",\"url\":\"https:\/\/pluginviet.com\/mau38\/\",\"name\":\"M\u1eabu 2\",\"description\":\"\",\"potentialAction\":[{\"@type\":\"SearchAction\",\"target\":{\"@type\":\"EntryPoint\",\"urlTemplate\":\"https:\/\/pluginviet.com\/mau38\/?s={search_term_string}\"},\"query-input\":\"required name=search_term_string\"}],\"inLanguage\":\"vi\"}]}<\/script>\n<!-- \/ Yoast SEO plugin. -->","yoast_head_json":{"title":"Camera Dahua DH-IPC-HDBW4231EP-ASE - M\u1eabu 2","description":"\u0110\u01b0\u1ee3c t\u00edch h\u1ee3p nhi\u1ec1u t\u00ednh n\u0103ng hi\u1ec7n \u0111\u1ea1i, Camera Dahua DH-IPC-HDBW4231EP-ASE l\u00e0 gi\u1ea3i ph\u00e1p an ninh hi\u1ec7u qu\u1ea3 cho c\u00e1c h\u1ec7 th\u1ed1ng gi\u00e1m s\u00e1t trong c\u00e1c c\u00f4ng tr\u00ecnh l\u1edbn nh\u01b0 c\u00f4ng x\u01b0\u1edfng, trung t\u00e2m th\u01b0\u01a1ng m\u1ea1i, tr\u01b0\u1eddng h\u1ecdc, b\u1ec7nh vi\u1ec7n\u2026","robots":{"index":"index","follow":"follow","max-snippet":"max-snippet:-1","max-image-preview":"max-image-preview:large","max-video-preview":"max-video-preview:-1"},"canonical":"https:\/\/pluginviet.com\/mau38\/san-pham\/camera-dahua-dh-ipc-hdbw4231ep-ase\/","og_locale":"vi_VN","og_type":"article","og_title":"Camera Dahua DH-IPC-HDBW4231EP-ASE - M\u1eabu 2","og_description":"\u0110\u01b0\u1ee3c t\u00edch h\u1ee3p nhi\u1ec1u t\u00ednh n\u0103ng hi\u1ec7n \u0111\u1ea1i, Camera Dahua DH-IPC-HDBW4231EP-ASE l\u00e0 gi\u1ea3i ph\u00e1p an ninh hi\u1ec7u qu\u1ea3 cho c\u00e1c h\u1ec7 th\u1ed1ng gi\u00e1m s\u00e1t trong c\u00e1c c\u00f4ng tr\u00ecnh l\u1edbn nh\u01b0 c\u00f4ng x\u01b0\u1edfng, trung t\u00e2m th\u01b0\u01a1ng m\u1ea1i, tr\u01b0\u1eddng h\u1ecdc, b\u1ec7nh vi\u1ec7n\u2026","og_url":"https:\/\/pluginviet.com\/mau38\/san-pham\/camera-dahua-dh-ipc-hdbw4231ep-ase\/","og_site_name":"M\u1eabu 2","article_modified_time":"2022-11-10T07:30:31+00:00","og_image":[{"width":602,"height":363,"url":"https:\/\/pluginviet.com\/mau38\/wp-content\/uploads\/2021\/12\/p_23379_DAHUA-IPC-HDBW4231EP-ASE.jpg","type":"image\/jpeg"}],"twitter_card":"summary_large_image","schema":{"@context":"https:\/\/schema.org","@graph":[{"@type":"WebPage","@id":"https:\/\/pluginviet.com\/mau38\/san-pham\/camera-dahua-dh-ipc-hdbw4231ep-ase\/","url":"https:\/\/pluginviet.com\/mau38\/san-pham\/camera-dahua-dh-ipc-hdbw4231ep-ase\/","name":"Camera Dahua DH-IPC-HDBW4231EP-ASE - M\u1eabu 2","isPartOf":{"@id":"https:\/\/pluginviet.com\/mau38\/#website"},"datePublished":"2021-12-28T06:21:10+00:00","dateModified":"2022-11-10T07:30:31+00:00","description":"\u0110\u01b0\u1ee3c t\u00edch h\u1ee3p nhi\u1ec1u t\u00ednh n\u0103ng hi\u1ec7n \u0111\u1ea1i, Camera Dahua DH-IPC-HDBW4231EP-ASE l\u00e0 gi\u1ea3i ph\u00e1p an ninh hi\u1ec7u qu\u1ea3 cho c\u00e1c h\u1ec7 th\u1ed1ng gi\u00e1m s\u00e1t trong c\u00e1c c\u00f4ng tr\u00ecnh l\u1edbn nh\u01b0 c\u00f4ng x\u01b0\u1edfng, trung t\u00e2m th\u01b0\u01a1ng m\u1ea1i, tr\u01b0\u1eddng h\u1ecdc, b\u1ec7nh vi\u1ec7n\u2026","breadcrumb":{"@id":"https:\/\/pluginviet.com\/mau38\/san-pham\/camera-dahua-dh-ipc-hdbw4231ep-ase\/#breadcrumb"},"inLanguage":"vi","potentialAction":[{"@type":"ReadAction","target":["https:\/\/pluginviet.com\/mau38\/san-pham\/camera-dahua-dh-ipc-hdbw4231ep-ase\/"]}]},{"@type":"BreadcrumbList","@id":"https:\/\/pluginviet.com\/mau38\/san-pham\/camera-dahua-dh-ipc-hdbw4231ep-ase\/#breadcrumb","itemListElement":[{"@type":"ListItem","position":1,"name":"Trang ch\u1ee7","item":"https:\/\/pluginviet.com\/mau38\/"},{"@type":"ListItem","position":2,"name":"Shop","item":"https:\/\/pluginviet.com\/mau38\/shop\/"},{"@type":"ListItem","position":3,"name":"Camera Dahua DH-IPC-HDBW4231EP-ASE"}]},{"@type":"WebSite","@id":"https:\/\/pluginviet.com\/mau38\/#website","url":"https:\/\/pluginviet.com\/mau38\/","name":"M\u1eabu 2","description":"","potentialAction":[{"@type":"SearchAction","target":{"@type":"EntryPoint","urlTemplate":"https:\/\/pluginviet.com\/mau38\/?s={search_term_string}"},"query-input":"required name=search_term_string"}],"inLanguage":"vi"}]}},"_links":{"self":[{"href":"https:\/\/pluginviet.com\/mau38\/wp-json\/wp\/v2\/product\/2469"}],"collection":[{"href":"https:\/\/pluginviet.com\/mau38\/wp-json\/wp\/v2\/product"}],"about":[{"href":"https:\/\/pluginviet.com\/mau38\/wp-json\/wp\/v2\/types\/product"}],"replies":[{"embeddable":true,"href":"https:\/\/pluginviet.com\/mau38\/wp-json\/wp\/v2\/comments?post=2469"}],"wp:featuredmedia":[{"embeddable":true,"href":"https:\/\/pluginviet.com\/mau38\/wp-json\/wp\/v2\/media\/2470"}],"wp:attachment":[{"href":"https:\/\/pluginviet.com\/mau38\/wp-json\/wp\/v2\/media?parent=2469"}],"wp:term":[{"taxonomy":"product_cat","embeddable":true,"href":"https:\/\/pluginviet.com\/mau38\/wp-json\/wp\/v2\/product_cat?post=2469"},{"taxonomy":"product_tag","embeddable":true,"href":"https:\/\/pluginviet.com\/mau38\/wp-json\/wp\/v2\/product_tag?post=2469"}],"curies":[{"name":"wp","href":"https:\/\/api.w.org\/{rel}","templated":true}]}}