{"id":2463,"date":"2021-12-28T06:08:40","date_gmt":"2021-12-28T06:08:40","guid":{"rendered":"http:\/\/khachhang.webrt.vn\/phong\/huytuantelecom\/?post_type=product&#038;p=2463"},"modified":"2022-11-10T07:30:42","modified_gmt":"2022-11-10T07:30:42","slug":"camera-ip-2mp-epoe-dahua-dh-ipc-hdbw4239rp-ase","status":"publish","type":"product","link":"https:\/\/pluginviet.com\/mau38\/san-pham\/camera-ip-2mp-epoe-dahua-dh-ipc-hdbw4239rp-ase\/","title":{"rendered":"Camera IP 2MP ePoE Dahua DH-IPC-HDBW4239RP-ASE"},"content":{"rendered":"","protected":false},"excerpt":{"rendered":"<p>\u25a0 \u0110\u1ed9 ph\u00e2n gi\u1ea3i 2 MPixel c\u1ea3m bi\u1ebfn STARVIS\u2122 CMOS k\u00edch th\u01b0\u1edbc 1\/2.8\u201d<br \/>\n\u25a0 H\u1ed7 tr\u1ee3 m\u00e3 h\u00f3a 3 lu\u1ed3ng v\u1edbi \u0111\u1ecbnh d\u1ea1ng H.265+ v\u00e0 H.264, 25fps@1080P(1920\u00d71080)<br \/>\n\u25a0 H\u1ed7 tr\u1ee3 c\u00e1c t\u00ednh n\u0103ng th\u00f4ng minh.<br \/>\n\u25a0 Ch\u1ed1ng ng\u01b0\u1ee3c s\u00e1ng WDR(120dB), Ch\u1ebf \u0111\u1ed9 Ng\u00e0y \u0110\u00eam ICR, ch\u1ed1ng nhi\u1ec5u h\u00ecnh \u1ea3nh 3DNR, T\u1ef1 \u0111\u1ed9ng c\u00e2n b\u1eb1ng tr\u1eafng AWB, T\u1ef1 \u0111\u1ed9ng b\u00f9 s\u00e1ng AGC, Ch\u1ed1ng ng\u01b0\u1ee3c s\u00e1ng BLC<br \/>\n\u25a0 C\u00f4ng ngh\u1ec7 Full-color Startlight v\u1edbi \u0111\u1ed9 nh\u1ea1y s\u00e1ng c\u1ef1c th\u1ea5p 0.001Lux\/F1.0 (\u1ea3nh m\u00e0u) &#8211; Cho h\u00ecnh \u1ea3nh c\u00f3 m\u00e0u trong m\u00f4i tr\u01b0\u1eddng \u00e1nh s\u00e1ng c\u01b0c th\u1ea5p.<br \/>\n\u25a0 H\u1ed7 tr\u1ee3 xem h\u00ecnh b\u1eb1ng nhi\u1ec1u c\u00f4ng c\u1ee5: Web, ph\u1ea7n m\u1ec1m CMS (DSS\/PSS) v\u00e0 DMSS<br \/>\n\u25a0 Lens 3.6mm (C\u00f3 th\u1ec3 l\u1ef1a ch\u1ecdn 6mm)<br \/>\n\u25a0 H\u1ed7 tr\u1ee3 th\u1ebb nh\u1edb t\u1ed1i \u0111a 128Gb<br \/>\n\u25a0 1\/1 Alarm in\/out, 1\/1 audio in\/out<br \/>\n\u25a0 IP67, IK10, C\u00f4ng ngh\u1ec7 ePoE<br \/>\n\u25a0 Ch\u1ea5t li\u1ec7u kim lo\u1ea1i<\/p>\n","protected":false},"featured_media":2464,"comment_status":"open","ping_status":"closed","template":"","meta":[],"product_cat":[153],"product_tag":[],"yoast_head":"<!-- This site is optimized with the Yoast SEO plugin v21.5 - https:\/\/yoast.com\/wordpress\/plugins\/seo\/ -->\n<title>Camera IP 2MP ePoE Dahua DH-IPC-HDBW4239RP-ASE - M\u1eabu 2<\/title>\n<meta name=\"description\" content=\"Camera b\u00e1n c\u1ea7u h\u1ed3ng ngo\u1ea1i Dahua DH-IPC-HDBW4239RP-ASE h\u1ed7 tr\u1ee3 ch\u1ed1ng ng\u01b0\u1ee3c s\u00e1ng th\u1ef1c WDR(120dB) v\u00e0 c\u00f4ng ngh\u1ec7 Starlight cho h\u00ecnh \u1ea3nh c\u00f3 m\u00e0u trong m\u00f4i tr\u01b0\u1eddng \u00e1nh s\u00e1ng c\u1ef1c th\u1ea5p ph\u00f9 h\u1ee3p l\u1eafp \u0111\u1eb7t cho nh\u00e0 x\u01b0\u1edfng, kho b\u00e3i, b\u00e3i gi\u1eef xe, vv\u2026.. S\u1ea3n ph\u1ea9m \u0111ang c\u00f3 gi\u00e1 \u01b0u \u0111\u00e3i t\u1ed1t v\u00e0 b\u1ea3o h\u00e0nh 24 th\u00e1ng tr\u00ean to\u00e0n qu\u1ed1c\" \/>\n<meta name=\"robots\" content=\"index, follow, max-snippet:-1, max-image-preview:large, max-video-preview:-1\" \/>\n<link rel=\"canonical\" href=\"https:\/\/pluginviet.com\/mau38\/san-pham\/camera-ip-2mp-epoe-dahua-dh-ipc-hdbw4239rp-ase\/\" \/>\n<meta property=\"og:locale\" content=\"vi_VN\" \/>\n<meta property=\"og:type\" content=\"article\" \/>\n<meta property=\"og:title\" content=\"Camera IP 2MP ePoE Dahua DH-IPC-HDBW4239RP-ASE - M\u1eabu 2\" \/>\n<meta property=\"og:description\" content=\"Camera b\u00e1n c\u1ea7u h\u1ed3ng ngo\u1ea1i Dahua DH-IPC-HDBW4239RP-ASE h\u1ed7 tr\u1ee3 ch\u1ed1ng ng\u01b0\u1ee3c s\u00e1ng th\u1ef1c WDR(120dB) v\u00e0 c\u00f4ng ngh\u1ec7 Starlight cho h\u00ecnh \u1ea3nh c\u00f3 m\u00e0u trong m\u00f4i tr\u01b0\u1eddng \u00e1nh s\u00e1ng c\u1ef1c th\u1ea5p ph\u00f9 h\u1ee3p l\u1eafp \u0111\u1eb7t cho nh\u00e0 x\u01b0\u1edfng, kho b\u00e3i, b\u00e3i gi\u1eef xe, vv\u2026.. S\u1ea3n ph\u1ea9m \u0111ang c\u00f3 gi\u00e1 \u01b0u \u0111\u00e3i t\u1ed1t v\u00e0 b\u1ea3o h\u00e0nh 24 th\u00e1ng tr\u00ean to\u00e0n qu\u1ed1c\" \/>\n<meta property=\"og:url\" content=\"https:\/\/pluginviet.com\/mau38\/san-pham\/camera-ip-2mp-epoe-dahua-dh-ipc-hdbw4239rp-ase\/\" \/>\n<meta property=\"og:site_name\" content=\"M\u1eabu 2\" \/>\n<meta property=\"article:modified_time\" content=\"2022-11-10T07:30:42+00:00\" \/>\n<meta property=\"og:image\" content=\"https:\/\/pluginviet.com\/mau38\/wp-content\/uploads\/2021\/12\/IPC-HDBW4239RP-ASE-1.jpg\" \/>\n\t<meta property=\"og:image:width\" content=\"400\" \/>\n\t<meta property=\"og:image:height\" content=\"400\" \/>\n\t<meta property=\"og:image:type\" content=\"image\/jpeg\" \/>\n<meta name=\"twitter:card\" content=\"summary_large_image\" \/>\n<script type=\"application\/ld+json\" class=\"yoast-schema-graph\">{\"@context\":\"https:\/\/schema.org\",\"@graph\":[{\"@type\":\"WebPage\",\"@id\":\"https:\/\/pluginviet.com\/mau38\/san-pham\/camera-ip-2mp-epoe-dahua-dh-ipc-hdbw4239rp-ase\/\",\"url\":\"https:\/\/pluginviet.com\/mau38\/san-pham\/camera-ip-2mp-epoe-dahua-dh-ipc-hdbw4239rp-ase\/\",\"name\":\"Camera IP 2MP ePoE Dahua DH-IPC-HDBW4239RP-ASE - M\u1eabu 2\",\"isPartOf\":{\"@id\":\"https:\/\/pluginviet.com\/mau38\/#website\"},\"datePublished\":\"2021-12-28T06:08:40+00:00\",\"dateModified\":\"2022-11-10T07:30:42+00:00\",\"description\":\"Camera b\u00e1n c\u1ea7u h\u1ed3ng ngo\u1ea1i Dahua DH-IPC-HDBW4239RP-ASE h\u1ed7 tr\u1ee3 ch\u1ed1ng ng\u01b0\u1ee3c s\u00e1ng th\u1ef1c WDR(120dB) v\u00e0 c\u00f4ng ngh\u1ec7 Starlight cho h\u00ecnh \u1ea3nh c\u00f3 m\u00e0u trong m\u00f4i tr\u01b0\u1eddng \u00e1nh s\u00e1ng c\u1ef1c th\u1ea5p ph\u00f9 h\u1ee3p l\u1eafp \u0111\u1eb7t cho nh\u00e0 x\u01b0\u1edfng, kho b\u00e3i, b\u00e3i gi\u1eef xe, vv\u2026.. S\u1ea3n ph\u1ea9m \u0111ang c\u00f3 gi\u00e1 \u01b0u \u0111\u00e3i t\u1ed1t v\u00e0 b\u1ea3o h\u00e0nh 24 th\u00e1ng tr\u00ean to\u00e0n qu\u1ed1c\",\"breadcrumb\":{\"@id\":\"https:\/\/pluginviet.com\/mau38\/san-pham\/camera-ip-2mp-epoe-dahua-dh-ipc-hdbw4239rp-ase\/#breadcrumb\"},\"inLanguage\":\"vi\",\"potentialAction\":[{\"@type\":\"ReadAction\",\"target\":[\"https:\/\/pluginviet.com\/mau38\/san-pham\/camera-ip-2mp-epoe-dahua-dh-ipc-hdbw4239rp-ase\/\"]}]},{\"@type\":\"BreadcrumbList\",\"@id\":\"https:\/\/pluginviet.com\/mau38\/san-pham\/camera-ip-2mp-epoe-dahua-dh-ipc-hdbw4239rp-ase\/#breadcrumb\",\"itemListElement\":[{\"@type\":\"ListItem\",\"position\":1,\"name\":\"Trang ch\u1ee7\",\"item\":\"https:\/\/pluginviet.com\/mau38\/\"},{\"@type\":\"ListItem\",\"position\":2,\"name\":\"Shop\",\"item\":\"https:\/\/pluginviet.com\/mau38\/shop\/\"},{\"@type\":\"ListItem\",\"position\":3,\"name\":\"Camera IP 2MP ePoE Dahua DH-IPC-HDBW4239RP-ASE\"}]},{\"@type\":\"WebSite\",\"@id\":\"https:\/\/pluginviet.com\/mau38\/#website\",\"url\":\"https:\/\/pluginviet.com\/mau38\/\",\"name\":\"M\u1eabu 2\",\"description\":\"\",\"potentialAction\":[{\"@type\":\"SearchAction\",\"target\":{\"@type\":\"EntryPoint\",\"urlTemplate\":\"https:\/\/pluginviet.com\/mau38\/?s={search_term_string}\"},\"query-input\":\"required name=search_term_string\"}],\"inLanguage\":\"vi\"}]}<\/script>\n<!-- \/ Yoast SEO plugin. -->","yoast_head_json":{"title":"Camera IP 2MP ePoE Dahua DH-IPC-HDBW4239RP-ASE - M\u1eabu 2","description":"Camera b\u00e1n c\u1ea7u h\u1ed3ng ngo\u1ea1i Dahua DH-IPC-HDBW4239RP-ASE h\u1ed7 tr\u1ee3 ch\u1ed1ng ng\u01b0\u1ee3c s\u00e1ng th\u1ef1c WDR(120dB) v\u00e0 c\u00f4ng ngh\u1ec7 Starlight cho h\u00ecnh \u1ea3nh c\u00f3 m\u00e0u trong m\u00f4i tr\u01b0\u1eddng \u00e1nh s\u00e1ng c\u1ef1c th\u1ea5p ph\u00f9 h\u1ee3p l\u1eafp \u0111\u1eb7t cho nh\u00e0 x\u01b0\u1edfng, kho b\u00e3i, b\u00e3i gi\u1eef xe, vv\u2026.. S\u1ea3n ph\u1ea9m \u0111ang c\u00f3 gi\u00e1 \u01b0u \u0111\u00e3i t\u1ed1t v\u00e0 b\u1ea3o h\u00e0nh 24 th\u00e1ng tr\u00ean to\u00e0n qu\u1ed1c","robots":{"index":"index","follow":"follow","max-snippet":"max-snippet:-1","max-image-preview":"max-image-preview:large","max-video-preview":"max-video-preview:-1"},"canonical":"https:\/\/pluginviet.com\/mau38\/san-pham\/camera-ip-2mp-epoe-dahua-dh-ipc-hdbw4239rp-ase\/","og_locale":"vi_VN","og_type":"article","og_title":"Camera IP 2MP ePoE Dahua DH-IPC-HDBW4239RP-ASE - M\u1eabu 2","og_description":"Camera b\u00e1n c\u1ea7u h\u1ed3ng ngo\u1ea1i Dahua DH-IPC-HDBW4239RP-ASE h\u1ed7 tr\u1ee3 ch\u1ed1ng ng\u01b0\u1ee3c s\u00e1ng th\u1ef1c WDR(120dB) v\u00e0 c\u00f4ng ngh\u1ec7 Starlight cho h\u00ecnh \u1ea3nh c\u00f3 m\u00e0u trong m\u00f4i tr\u01b0\u1eddng \u00e1nh s\u00e1ng c\u1ef1c th\u1ea5p ph\u00f9 h\u1ee3p l\u1eafp \u0111\u1eb7t cho nh\u00e0 x\u01b0\u1edfng, kho b\u00e3i, b\u00e3i gi\u1eef xe, vv\u2026.. S\u1ea3n ph\u1ea9m \u0111ang c\u00f3 gi\u00e1 \u01b0u \u0111\u00e3i t\u1ed1t v\u00e0 b\u1ea3o h\u00e0nh 24 th\u00e1ng tr\u00ean to\u00e0n qu\u1ed1c","og_url":"https:\/\/pluginviet.com\/mau38\/san-pham\/camera-ip-2mp-epoe-dahua-dh-ipc-hdbw4239rp-ase\/","og_site_name":"M\u1eabu 2","article_modified_time":"2022-11-10T07:30:42+00:00","og_image":[{"width":400,"height":400,"url":"https:\/\/pluginviet.com\/mau38\/wp-content\/uploads\/2021\/12\/IPC-HDBW4239RP-ASE-1.jpg","type":"image\/jpeg"}],"twitter_card":"summary_large_image","schema":{"@context":"https:\/\/schema.org","@graph":[{"@type":"WebPage","@id":"https:\/\/pluginviet.com\/mau38\/san-pham\/camera-ip-2mp-epoe-dahua-dh-ipc-hdbw4239rp-ase\/","url":"https:\/\/pluginviet.com\/mau38\/san-pham\/camera-ip-2mp-epoe-dahua-dh-ipc-hdbw4239rp-ase\/","name":"Camera IP 2MP ePoE Dahua DH-IPC-HDBW4239RP-ASE - M\u1eabu 2","isPartOf":{"@id":"https:\/\/pluginviet.com\/mau38\/#website"},"datePublished":"2021-12-28T06:08:40+00:00","dateModified":"2022-11-10T07:30:42+00:00","description":"Camera b\u00e1n c\u1ea7u h\u1ed3ng ngo\u1ea1i Dahua DH-IPC-HDBW4239RP-ASE h\u1ed7 tr\u1ee3 ch\u1ed1ng ng\u01b0\u1ee3c s\u00e1ng th\u1ef1c WDR(120dB) v\u00e0 c\u00f4ng ngh\u1ec7 Starlight cho h\u00ecnh \u1ea3nh c\u00f3 m\u00e0u trong m\u00f4i tr\u01b0\u1eddng \u00e1nh s\u00e1ng c\u1ef1c th\u1ea5p ph\u00f9 h\u1ee3p l\u1eafp \u0111\u1eb7t cho nh\u00e0 x\u01b0\u1edfng, kho b\u00e3i, b\u00e3i gi\u1eef xe, vv\u2026.. S\u1ea3n ph\u1ea9m \u0111ang c\u00f3 gi\u00e1 \u01b0u \u0111\u00e3i t\u1ed1t v\u00e0 b\u1ea3o h\u00e0nh 24 th\u00e1ng tr\u00ean to\u00e0n qu\u1ed1c","breadcrumb":{"@id":"https:\/\/pluginviet.com\/mau38\/san-pham\/camera-ip-2mp-epoe-dahua-dh-ipc-hdbw4239rp-ase\/#breadcrumb"},"inLanguage":"vi","potentialAction":[{"@type":"ReadAction","target":["https:\/\/pluginviet.com\/mau38\/san-pham\/camera-ip-2mp-epoe-dahua-dh-ipc-hdbw4239rp-ase\/"]}]},{"@type":"BreadcrumbList","@id":"https:\/\/pluginviet.com\/mau38\/san-pham\/camera-ip-2mp-epoe-dahua-dh-ipc-hdbw4239rp-ase\/#breadcrumb","itemListElement":[{"@type":"ListItem","position":1,"name":"Trang ch\u1ee7","item":"https:\/\/pluginviet.com\/mau38\/"},{"@type":"ListItem","position":2,"name":"Shop","item":"https:\/\/pluginviet.com\/mau38\/shop\/"},{"@type":"ListItem","position":3,"name":"Camera IP 2MP ePoE Dahua DH-IPC-HDBW4239RP-ASE"}]},{"@type":"WebSite","@id":"https:\/\/pluginviet.com\/mau38\/#website","url":"https:\/\/pluginviet.com\/mau38\/","name":"M\u1eabu 2","description":"","potentialAction":[{"@type":"SearchAction","target":{"@type":"EntryPoint","urlTemplate":"https:\/\/pluginviet.com\/mau38\/?s={search_term_string}"},"query-input":"required name=search_term_string"}],"inLanguage":"vi"}]}},"_links":{"self":[{"href":"https:\/\/pluginviet.com\/mau38\/wp-json\/wp\/v2\/product\/2463"}],"collection":[{"href":"https:\/\/pluginviet.com\/mau38\/wp-json\/wp\/v2\/product"}],"about":[{"href":"https:\/\/pluginviet.com\/mau38\/wp-json\/wp\/v2\/types\/product"}],"replies":[{"embeddable":true,"href":"https:\/\/pluginviet.com\/mau38\/wp-json\/wp\/v2\/comments?post=2463"}],"wp:featuredmedia":[{"embeddable":true,"href":"https:\/\/pluginviet.com\/mau38\/wp-json\/wp\/v2\/media\/2464"}],"wp:attachment":[{"href":"https:\/\/pluginviet.com\/mau38\/wp-json\/wp\/v2\/media?parent=2463"}],"wp:term":[{"taxonomy":"product_cat","embeddable":true,"href":"https:\/\/pluginviet.com\/mau38\/wp-json\/wp\/v2\/product_cat?post=2463"},{"taxonomy":"product_tag","embeddable":true,"href":"https:\/\/pluginviet.com\/mau38\/wp-json\/wp\/v2\/product_tag?post=2463"}],"curies":[{"name":"wp","href":"https:\/\/api.w.org\/{rel}","templated":true}]}}