{"id":2444,"date":"2021-12-28T01:42:24","date_gmt":"2021-12-28T01:42:24","guid":{"rendered":"http:\/\/khachhang.webrt.vn\/phong\/huytuantelecom\/?post_type=product&#038;p=2444"},"modified":"2022-11-10T07:32:17","modified_gmt":"2022-11-10T07:32:17","slug":"camera-ip-ai-2mp-dahua-dh-ipc-hfw3249t1p-as-pv","status":"publish","type":"product","link":"https:\/\/pluginviet.com\/mau38\/san-pham\/camera-ip-ai-2mp-dahua-dh-ipc-hfw3249t1p-as-pv\/","title":{"rendered":"Camera IP AI 2MP DAHUA DH-IPC-HFW3249T1P-AS-PV"},"content":{"rendered":"","protected":false},"excerpt":{"rendered":"<p>\u2013 \u0110\u1ed9 ph\u00e2n gi\u1ea3i 2MP(1920 \u00d7 1080) @30 fps<br \/>\n\u2013 M\u00e3 h\u00f3a 3 lu\u1ed3ng v\u1edbi \u0111\u1ecbnh d\u1ea1ng H.265 v\u00e0 H.264<br \/>\n\u2013 C\u00f4ng ngh\u1ec7 Full-Color v\u1edbi \u0111\u1ed9 nh\u1ea1y s\u00e1ng 0.0015 Lux@F1.0<br \/>\n\u2013 Ch\u1ed1ng ng\u01b0\u1ee3c s\u00e1ng WDR(120dB).<br \/>\n\u2013 H\u1ed7 tr\u1ee3 \u0111\u00e8n LED tr\u1ee3 s\u00e1ng l\u00ean \u0111\u1ebfn 40m<br \/>\n\u2013 T\u00edch h\u1ee3p mic v\u00e0 loa. \u0110\u00e8n tr\u1ee3 s\u00e1ng v\u00e0 \u0111\u00e8n c\u1ea3nh b\u00e1o xanh \u0111\u1ecf<br \/>\n\u2013 H\u1ed7 tr\u1ee3 khe c\u1eafm th\u1ebb nh\u1edb l\u00ean \u0111\u1ebfn 256GB<br \/>\n\u2013 Chu\u1ea9n ch\u1ed1ng n\u01b0\u1edbc IP67<\/p>\n","protected":false},"featured_media":2445,"comment_status":"open","ping_status":"closed","template":"","meta":[],"product_cat":[153],"product_tag":[],"yoast_head":"<!-- This site is optimized with the Yoast SEO plugin v21.5 - https:\/\/yoast.com\/wordpress\/plugins\/seo\/ -->\n<title>Camera IP AI 2MP DAHUA DH-IPC-HFW3249T1P-AS-PV - M\u1eabu 2<\/title>\n<meta name=\"description\" content=\"DAHUA DH-IPC-HFW3249T1P-AS-PV l\u00e0 camera IP c\u00f3 \u0111\u1ed9 ph\u00e2n gi\u1ea3i 2.0MP h\u00ecnh \u1ea3nh s\u1eafc n\u00e9t. \u0110\u00e2y l\u00e0 camera d\u00f2ng Lile Ai 2MP ch\u1ed1ng ng\u01b0\u1ee3c s\u00e1ng th\u1ef1c 120dB gi\u00fap v\u1eadt th\u1ec3 quan s\u00e1t r\u00f5 n\u00e9t trong v\u00f9ng s\u00e1ng, t\u1ed1i c\u00f3 lu\u1ed3ng s\u00e1ng m\u1ea1nh. C\u00f3 th\u1ec3 l\u1eafp \u0111\u1eb7t s\u1ea3n ph\u1ea9m c\u1ea3 trong nh\u00e0 l\u1eabn ngo\u00e0i tr\u1eddi. V\u00ec v\u1eady, c\u00f3 th\u1ec3 s\u1eed d\u1ee5ng trong c\u00e1c d\u1ef1 \u00e1n t\u00f2a nh\u00e0, kho b\u00e3i, nh\u00e0 x\u01b0\u1edfng, trung t\u00e2m th\u01b0\u01a1ng m\u1ea1i, b\u1ec7nh vi\u1ec7n,\u2026\" \/>\n<meta name=\"robots\" content=\"index, follow, max-snippet:-1, max-image-preview:large, max-video-preview:-1\" \/>\n<link rel=\"canonical\" href=\"https:\/\/pluginviet.com\/mau38\/san-pham\/camera-ip-ai-2mp-dahua-dh-ipc-hfw3249t1p-as-pv\/\" \/>\n<meta property=\"og:locale\" content=\"vi_VN\" \/>\n<meta property=\"og:type\" content=\"article\" \/>\n<meta property=\"og:title\" content=\"Camera IP AI 2MP DAHUA DH-IPC-HFW3249T1P-AS-PV - M\u1eabu 2\" \/>\n<meta property=\"og:description\" content=\"DAHUA DH-IPC-HFW3249T1P-AS-PV l\u00e0 camera IP c\u00f3 \u0111\u1ed9 ph\u00e2n gi\u1ea3i 2.0MP h\u00ecnh \u1ea3nh s\u1eafc n\u00e9t. \u0110\u00e2y l\u00e0 camera d\u00f2ng Lile Ai 2MP ch\u1ed1ng ng\u01b0\u1ee3c s\u00e1ng th\u1ef1c 120dB gi\u00fap v\u1eadt th\u1ec3 quan s\u00e1t r\u00f5 n\u00e9t trong v\u00f9ng s\u00e1ng, t\u1ed1i c\u00f3 lu\u1ed3ng s\u00e1ng m\u1ea1nh. C\u00f3 th\u1ec3 l\u1eafp \u0111\u1eb7t s\u1ea3n ph\u1ea9m c\u1ea3 trong nh\u00e0 l\u1eabn ngo\u00e0i tr\u1eddi. V\u00ec v\u1eady, c\u00f3 th\u1ec3 s\u1eed d\u1ee5ng trong c\u00e1c d\u1ef1 \u00e1n t\u00f2a nh\u00e0, kho b\u00e3i, nh\u00e0 x\u01b0\u1edfng, trung t\u00e2m th\u01b0\u01a1ng m\u1ea1i, b\u1ec7nh vi\u1ec7n,\u2026\" \/>\n<meta property=\"og:url\" content=\"https:\/\/pluginviet.com\/mau38\/san-pham\/camera-ip-ai-2mp-dahua-dh-ipc-hfw3249t1p-as-pv\/\" \/>\n<meta property=\"og:site_name\" content=\"M\u1eabu 2\" \/>\n<meta property=\"article:modified_time\" content=\"2022-11-10T07:32:17+00:00\" \/>\n<meta property=\"og:image\" content=\"https:\/\/pluginviet.com\/mau38\/wp-content\/uploads\/2021\/12\/camera-ip-ai-2mp-dahua-dh-ipc-hfw3249t1p-as-pv-1.jpg\" \/>\n\t<meta property=\"og:image:width\" content=\"700\" \/>\n\t<meta property=\"og:image:height\" content=\"700\" \/>\n\t<meta property=\"og:image:type\" content=\"image\/jpeg\" \/>\n<meta name=\"twitter:card\" content=\"summary_large_image\" \/>\n<script type=\"application\/ld+json\" class=\"yoast-schema-graph\">{\"@context\":\"https:\/\/schema.org\",\"@graph\":[{\"@type\":\"WebPage\",\"@id\":\"https:\/\/pluginviet.com\/mau38\/san-pham\/camera-ip-ai-2mp-dahua-dh-ipc-hfw3249t1p-as-pv\/\",\"url\":\"https:\/\/pluginviet.com\/mau38\/san-pham\/camera-ip-ai-2mp-dahua-dh-ipc-hfw3249t1p-as-pv\/\",\"name\":\"Camera IP AI 2MP DAHUA DH-IPC-HFW3249T1P-AS-PV - M\u1eabu 2\",\"isPartOf\":{\"@id\":\"https:\/\/pluginviet.com\/mau38\/#website\"},\"datePublished\":\"2021-12-28T01:42:24+00:00\",\"dateModified\":\"2022-11-10T07:32:17+00:00\",\"description\":\"DAHUA DH-IPC-HFW3249T1P-AS-PV l\u00e0 camera IP c\u00f3 \u0111\u1ed9 ph\u00e2n gi\u1ea3i 2.0MP h\u00ecnh \u1ea3nh s\u1eafc n\u00e9t. \u0110\u00e2y l\u00e0 camera d\u00f2ng Lile Ai 2MP ch\u1ed1ng ng\u01b0\u1ee3c s\u00e1ng th\u1ef1c 120dB gi\u00fap v\u1eadt th\u1ec3 quan s\u00e1t r\u00f5 n\u00e9t trong v\u00f9ng s\u00e1ng, t\u1ed1i c\u00f3 lu\u1ed3ng s\u00e1ng m\u1ea1nh. C\u00f3 th\u1ec3 l\u1eafp \u0111\u1eb7t s\u1ea3n ph\u1ea9m c\u1ea3 trong nh\u00e0 l\u1eabn ngo\u00e0i tr\u1eddi. V\u00ec v\u1eady, c\u00f3 th\u1ec3 s\u1eed d\u1ee5ng trong c\u00e1c d\u1ef1 \u00e1n t\u00f2a nh\u00e0, kho b\u00e3i, nh\u00e0 x\u01b0\u1edfng, trung t\u00e2m th\u01b0\u01a1ng m\u1ea1i, b\u1ec7nh vi\u1ec7n,\u2026\",\"breadcrumb\":{\"@id\":\"https:\/\/pluginviet.com\/mau38\/san-pham\/camera-ip-ai-2mp-dahua-dh-ipc-hfw3249t1p-as-pv\/#breadcrumb\"},\"inLanguage\":\"vi\",\"potentialAction\":[{\"@type\":\"ReadAction\",\"target\":[\"https:\/\/pluginviet.com\/mau38\/san-pham\/camera-ip-ai-2mp-dahua-dh-ipc-hfw3249t1p-as-pv\/\"]}]},{\"@type\":\"BreadcrumbList\",\"@id\":\"https:\/\/pluginviet.com\/mau38\/san-pham\/camera-ip-ai-2mp-dahua-dh-ipc-hfw3249t1p-as-pv\/#breadcrumb\",\"itemListElement\":[{\"@type\":\"ListItem\",\"position\":1,\"name\":\"Trang ch\u1ee7\",\"item\":\"https:\/\/pluginviet.com\/mau38\/\"},{\"@type\":\"ListItem\",\"position\":2,\"name\":\"Shop\",\"item\":\"https:\/\/pluginviet.com\/mau38\/shop\/\"},{\"@type\":\"ListItem\",\"position\":3,\"name\":\"Camera IP AI 2MP DAHUA DH-IPC-HFW3249T1P-AS-PV\"}]},{\"@type\":\"WebSite\",\"@id\":\"https:\/\/pluginviet.com\/mau38\/#website\",\"url\":\"https:\/\/pluginviet.com\/mau38\/\",\"name\":\"M\u1eabu 2\",\"description\":\"\",\"potentialAction\":[{\"@type\":\"SearchAction\",\"target\":{\"@type\":\"EntryPoint\",\"urlTemplate\":\"https:\/\/pluginviet.com\/mau38\/?s={search_term_string}\"},\"query-input\":\"required name=search_term_string\"}],\"inLanguage\":\"vi\"}]}<\/script>\n<!-- \/ Yoast SEO plugin. -->","yoast_head_json":{"title":"Camera IP AI 2MP DAHUA DH-IPC-HFW3249T1P-AS-PV - M\u1eabu 2","description":"DAHUA DH-IPC-HFW3249T1P-AS-PV l\u00e0 camera IP c\u00f3 \u0111\u1ed9 ph\u00e2n gi\u1ea3i 2.0MP h\u00ecnh \u1ea3nh s\u1eafc n\u00e9t. \u0110\u00e2y l\u00e0 camera d\u00f2ng Lile Ai 2MP ch\u1ed1ng ng\u01b0\u1ee3c s\u00e1ng th\u1ef1c 120dB gi\u00fap v\u1eadt th\u1ec3 quan s\u00e1t r\u00f5 n\u00e9t trong v\u00f9ng s\u00e1ng, t\u1ed1i c\u00f3 lu\u1ed3ng s\u00e1ng m\u1ea1nh. C\u00f3 th\u1ec3 l\u1eafp \u0111\u1eb7t s\u1ea3n ph\u1ea9m c\u1ea3 trong nh\u00e0 l\u1eabn ngo\u00e0i tr\u1eddi. V\u00ec v\u1eady, c\u00f3 th\u1ec3 s\u1eed d\u1ee5ng trong c\u00e1c d\u1ef1 \u00e1n t\u00f2a nh\u00e0, kho b\u00e3i, nh\u00e0 x\u01b0\u1edfng, trung t\u00e2m th\u01b0\u01a1ng m\u1ea1i, b\u1ec7nh vi\u1ec7n,\u2026","robots":{"index":"index","follow":"follow","max-snippet":"max-snippet:-1","max-image-preview":"max-image-preview:large","max-video-preview":"max-video-preview:-1"},"canonical":"https:\/\/pluginviet.com\/mau38\/san-pham\/camera-ip-ai-2mp-dahua-dh-ipc-hfw3249t1p-as-pv\/","og_locale":"vi_VN","og_type":"article","og_title":"Camera IP AI 2MP DAHUA DH-IPC-HFW3249T1P-AS-PV - M\u1eabu 2","og_description":"DAHUA DH-IPC-HFW3249T1P-AS-PV l\u00e0 camera IP c\u00f3 \u0111\u1ed9 ph\u00e2n gi\u1ea3i 2.0MP h\u00ecnh \u1ea3nh s\u1eafc n\u00e9t. \u0110\u00e2y l\u00e0 camera d\u00f2ng Lile Ai 2MP ch\u1ed1ng ng\u01b0\u1ee3c s\u00e1ng th\u1ef1c 120dB gi\u00fap v\u1eadt th\u1ec3 quan s\u00e1t r\u00f5 n\u00e9t trong v\u00f9ng s\u00e1ng, t\u1ed1i c\u00f3 lu\u1ed3ng s\u00e1ng m\u1ea1nh. C\u00f3 th\u1ec3 l\u1eafp \u0111\u1eb7t s\u1ea3n ph\u1ea9m c\u1ea3 trong nh\u00e0 l\u1eabn ngo\u00e0i tr\u1eddi. V\u00ec v\u1eady, c\u00f3 th\u1ec3 s\u1eed d\u1ee5ng trong c\u00e1c d\u1ef1 \u00e1n t\u00f2a nh\u00e0, kho b\u00e3i, nh\u00e0 x\u01b0\u1edfng, trung t\u00e2m th\u01b0\u01a1ng m\u1ea1i, b\u1ec7nh vi\u1ec7n,\u2026","og_url":"https:\/\/pluginviet.com\/mau38\/san-pham\/camera-ip-ai-2mp-dahua-dh-ipc-hfw3249t1p-as-pv\/","og_site_name":"M\u1eabu 2","article_modified_time":"2022-11-10T07:32:17+00:00","og_image":[{"width":700,"height":700,"url":"https:\/\/pluginviet.com\/mau38\/wp-content\/uploads\/2021\/12\/camera-ip-ai-2mp-dahua-dh-ipc-hfw3249t1p-as-pv-1.jpg","type":"image\/jpeg"}],"twitter_card":"summary_large_image","schema":{"@context":"https:\/\/schema.org","@graph":[{"@type":"WebPage","@id":"https:\/\/pluginviet.com\/mau38\/san-pham\/camera-ip-ai-2mp-dahua-dh-ipc-hfw3249t1p-as-pv\/","url":"https:\/\/pluginviet.com\/mau38\/san-pham\/camera-ip-ai-2mp-dahua-dh-ipc-hfw3249t1p-as-pv\/","name":"Camera IP AI 2MP DAHUA DH-IPC-HFW3249T1P-AS-PV - M\u1eabu 2","isPartOf":{"@id":"https:\/\/pluginviet.com\/mau38\/#website"},"datePublished":"2021-12-28T01:42:24+00:00","dateModified":"2022-11-10T07:32:17+00:00","description":"DAHUA DH-IPC-HFW3249T1P-AS-PV l\u00e0 camera IP c\u00f3 \u0111\u1ed9 ph\u00e2n gi\u1ea3i 2.0MP h\u00ecnh \u1ea3nh s\u1eafc n\u00e9t. \u0110\u00e2y l\u00e0 camera d\u00f2ng Lile Ai 2MP ch\u1ed1ng ng\u01b0\u1ee3c s\u00e1ng th\u1ef1c 120dB gi\u00fap v\u1eadt th\u1ec3 quan s\u00e1t r\u00f5 n\u00e9t trong v\u00f9ng s\u00e1ng, t\u1ed1i c\u00f3 lu\u1ed3ng s\u00e1ng m\u1ea1nh. C\u00f3 th\u1ec3 l\u1eafp \u0111\u1eb7t s\u1ea3n ph\u1ea9m c\u1ea3 trong nh\u00e0 l\u1eabn ngo\u00e0i tr\u1eddi. V\u00ec v\u1eady, c\u00f3 th\u1ec3 s\u1eed d\u1ee5ng trong c\u00e1c d\u1ef1 \u00e1n t\u00f2a nh\u00e0, kho b\u00e3i, nh\u00e0 x\u01b0\u1edfng, trung t\u00e2m th\u01b0\u01a1ng m\u1ea1i, b\u1ec7nh vi\u1ec7n,\u2026","breadcrumb":{"@id":"https:\/\/pluginviet.com\/mau38\/san-pham\/camera-ip-ai-2mp-dahua-dh-ipc-hfw3249t1p-as-pv\/#breadcrumb"},"inLanguage":"vi","potentialAction":[{"@type":"ReadAction","target":["https:\/\/pluginviet.com\/mau38\/san-pham\/camera-ip-ai-2mp-dahua-dh-ipc-hfw3249t1p-as-pv\/"]}]},{"@type":"BreadcrumbList","@id":"https:\/\/pluginviet.com\/mau38\/san-pham\/camera-ip-ai-2mp-dahua-dh-ipc-hfw3249t1p-as-pv\/#breadcrumb","itemListElement":[{"@type":"ListItem","position":1,"name":"Trang ch\u1ee7","item":"https:\/\/pluginviet.com\/mau38\/"},{"@type":"ListItem","position":2,"name":"Shop","item":"https:\/\/pluginviet.com\/mau38\/shop\/"},{"@type":"ListItem","position":3,"name":"Camera IP AI 2MP DAHUA DH-IPC-HFW3249T1P-AS-PV"}]},{"@type":"WebSite","@id":"https:\/\/pluginviet.com\/mau38\/#website","url":"https:\/\/pluginviet.com\/mau38\/","name":"M\u1eabu 2","description":"","potentialAction":[{"@type":"SearchAction","target":{"@type":"EntryPoint","urlTemplate":"https:\/\/pluginviet.com\/mau38\/?s={search_term_string}"},"query-input":"required name=search_term_string"}],"inLanguage":"vi"}]}},"_links":{"self":[{"href":"https:\/\/pluginviet.com\/mau38\/wp-json\/wp\/v2\/product\/2444"}],"collection":[{"href":"https:\/\/pluginviet.com\/mau38\/wp-json\/wp\/v2\/product"}],"about":[{"href":"https:\/\/pluginviet.com\/mau38\/wp-json\/wp\/v2\/types\/product"}],"replies":[{"embeddable":true,"href":"https:\/\/pluginviet.com\/mau38\/wp-json\/wp\/v2\/comments?post=2444"}],"wp:featuredmedia":[{"embeddable":true,"href":"https:\/\/pluginviet.com\/mau38\/wp-json\/wp\/v2\/media\/2445"}],"wp:attachment":[{"href":"https:\/\/pluginviet.com\/mau38\/wp-json\/wp\/v2\/media?parent=2444"}],"wp:term":[{"taxonomy":"product_cat","embeddable":true,"href":"https:\/\/pluginviet.com\/mau38\/wp-json\/wp\/v2\/product_cat?post=2444"},{"taxonomy":"product_tag","embeddable":true,"href":"https:\/\/pluginviet.com\/mau38\/wp-json\/wp\/v2\/product_tag?post=2444"}],"curies":[{"name":"wp","href":"https:\/\/api.w.org\/{rel}","templated":true}]}}