{"id":2438,"date":"2021-12-28T01:24:41","date_gmt":"2021-12-28T01:24:41","guid":{"rendered":"http:\/\/khachhang.webrt.vn\/phong\/huytuantelecom\/?post_type=product&#038;p=2438"},"modified":"2022-11-10T07:32:25","modified_gmt":"2022-11-10T07:32:25","slug":"camera-wifi-dahua-dh-ipc-a15p","status":"publish","type":"product","link":"https:\/\/pluginviet.com\/mau38\/san-pham\/camera-wifi-dahua-dh-ipc-a15p\/","title":{"rendered":"Camera Wifi Dahua DH-IPC-A15P"},"content":{"rendered":"","protected":false},"excerpt":{"rendered":"<p>\u25a0 \u0110\u1ed9 ph\u00e2n gi\u1ea3i 1.3M Progressive scan CMOS 1\/3&#8243; 25\/30fps@1.3MP(1280\u00d7960)<br \/>\n\u25a0 \u0110\u1ed9 nh\u1ea1y s\u00e1ng t\u1ed1i thi\u1ec3u 0.45lux\/F2.0(color),0lux\/F2.0(IR on), t\u1ea7m xa h\u1ed3ng ngo\u1ea1i 10m, Ch\u1ed1ng ng\u01b0\u1ee3c s\u00e1ng DWDR, ch\u1ebf \u0111\u1ed9 ng\u00e0y \u0111\u00eam(ICR), t\u1ef1 \u0111\u1ed9ng c\u00e2n b\u1eb1ng tr\u1eafng (AWB),T\u1ef1 \u0111\u1ed9ng b\u00f9 t\u00edn hi\u1ec7u \u1ea3nh (AGC), b\u00f9 s\u00e1ng (BLC),HLC, Ch\u1ed1ng nhi\u1ec5u (3D-DNR)<br \/>\n\u25a0 \u1ed0ng k\u00ednh c\u1ed1 \u0111inh 3.6mm, quay qu\u00e9t ngang (PAN) 355\u00b0 t\u1ed1c \u0111\u1ed9 100\u00b0 \/s, quay d\u1ecdc l\u00ean xu\u1ed1ng 90\u00b0, 100\u00b0 \/s, (Tour), t\u00edch h\u1ee3p m\u00edc v\u00e0 loa v\u1edbi chu\u1ea9n \u00e2m thanh G.711a;G.711Mu;AAC<br \/>\n\u25a0 H\u1ee1 tr\u1ee3 \u0111\u00e0m tho\u1ea1i 2 chi\u1ec1u, t\u00edch h\u1ee3p Wi-Fi(IEEE802.11b\/g\/n) kho\u1ea3ng c\u00e1ch 50m, h\u1ed7 tr\u1ee3 khe c\u1eafm th\u1ebb nh\u1edb Micro SD, up to 128 GB, \u0111i\u1ec7n \u00e1p DC 5V2A, c\u00f4ng su\u1ea5t 8.2 W, M\u00f4i tr\u01b0\u1eddng l\u00e0m vi\u1ec7c t\u1eeb-10\u00b0C~+45\u00b0C, , k\u00edch th\u01b0\u1edbc 94mm x 94mm x 94mm, tr\u1ecdng l\u01b0\u1ee3ng 0.575Kg,<\/p>\n","protected":false},"featured_media":2439,"comment_status":"open","ping_status":"closed","template":"","meta":[],"product_cat":[153],"product_tag":[],"yoast_head":"<!-- This site is optimized with the Yoast SEO plugin v21.5 - https:\/\/yoast.com\/wordpress\/plugins\/seo\/ -->\n<title>Camera Wifi Dahua DH-IPC-A15P - M\u1eabu 2<\/title>\n<meta name=\"description\" content=\"D\u00f2ng camera thi\u1ebft k\u1ebf nh\u1ecf g\u1ecdn, tinh t\u1ebf. H\u1ed7 tr\u1ee3 \u0111\u00e0m tho\u1ea1i gi\u00fap k\u1ebft n\u1ed1i c\u00e1c th\u00e0nh vi\u00ean trong gia \u0111\u00ecnh t\u1eeb xa. Quan s\u00e1t v\u00e0 tr\u00f2 chuy\u1ec7n tr\u1ef1c ti\u1ebfp qua \u0111i\u1ec7n tho\u1ea1i. H\u1ed7 tr\u1ee3 th\u1ebb nh\u1edb l\u1edbn cho th\u1eddi gian l\u01b0u tr\u1eef d\u00e0i h\u01a1n. K\u1ebft n\u1ed1i th\u00f4ng minh qua \u0111i\u1ec7n tho\u1ea1i.\" \/>\n<meta name=\"robots\" content=\"index, follow, max-snippet:-1, max-image-preview:large, max-video-preview:-1\" \/>\n<link rel=\"canonical\" href=\"https:\/\/pluginviet.com\/mau38\/san-pham\/camera-wifi-dahua-dh-ipc-a15p\/\" \/>\n<meta property=\"og:locale\" content=\"vi_VN\" \/>\n<meta property=\"og:type\" content=\"article\" \/>\n<meta property=\"og:title\" content=\"Camera Wifi Dahua DH-IPC-A15P - M\u1eabu 2\" \/>\n<meta property=\"og:description\" content=\"D\u00f2ng camera thi\u1ebft k\u1ebf nh\u1ecf g\u1ecdn, tinh t\u1ebf. H\u1ed7 tr\u1ee3 \u0111\u00e0m tho\u1ea1i gi\u00fap k\u1ebft n\u1ed1i c\u00e1c th\u00e0nh vi\u00ean trong gia \u0111\u00ecnh t\u1eeb xa. Quan s\u00e1t v\u00e0 tr\u00f2 chuy\u1ec7n tr\u1ef1c ti\u1ebfp qua \u0111i\u1ec7n tho\u1ea1i. H\u1ed7 tr\u1ee3 th\u1ebb nh\u1edb l\u1edbn cho th\u1eddi gian l\u01b0u tr\u1eef d\u00e0i h\u01a1n. K\u1ebft n\u1ed1i th\u00f4ng minh qua \u0111i\u1ec7n tho\u1ea1i.\" \/>\n<meta property=\"og:url\" content=\"https:\/\/pluginviet.com\/mau38\/san-pham\/camera-wifi-dahua-dh-ipc-a15p\/\" \/>\n<meta property=\"og:site_name\" content=\"M\u1eabu 2\" \/>\n<meta property=\"article:modified_time\" content=\"2022-11-10T07:32:25+00:00\" \/>\n<meta property=\"og:image\" content=\"https:\/\/pluginviet.com\/mau38\/wp-content\/uploads\/2021\/12\/34892_camera_ip_wifi_dahua_dh_ipc_a15p_1_.jpg\" \/>\n\t<meta property=\"og:image:width\" content=\"700\" \/>\n\t<meta property=\"og:image:height\" content=\"400\" \/>\n\t<meta property=\"og:image:type\" content=\"image\/jpeg\" \/>\n<meta name=\"twitter:card\" content=\"summary_large_image\" \/>\n<script type=\"application\/ld+json\" class=\"yoast-schema-graph\">{\"@context\":\"https:\/\/schema.org\",\"@graph\":[{\"@type\":\"WebPage\",\"@id\":\"https:\/\/pluginviet.com\/mau38\/san-pham\/camera-wifi-dahua-dh-ipc-a15p\/\",\"url\":\"https:\/\/pluginviet.com\/mau38\/san-pham\/camera-wifi-dahua-dh-ipc-a15p\/\",\"name\":\"Camera Wifi Dahua DH-IPC-A15P - M\u1eabu 2\",\"isPartOf\":{\"@id\":\"https:\/\/pluginviet.com\/mau38\/#website\"},\"datePublished\":\"2021-12-28T01:24:41+00:00\",\"dateModified\":\"2022-11-10T07:32:25+00:00\",\"description\":\"D\u00f2ng camera thi\u1ebft k\u1ebf nh\u1ecf g\u1ecdn, tinh t\u1ebf. H\u1ed7 tr\u1ee3 \u0111\u00e0m tho\u1ea1i gi\u00fap k\u1ebft n\u1ed1i c\u00e1c th\u00e0nh vi\u00ean trong gia \u0111\u00ecnh t\u1eeb xa. Quan s\u00e1t v\u00e0 tr\u00f2 chuy\u1ec7n tr\u1ef1c ti\u1ebfp qua \u0111i\u1ec7n tho\u1ea1i. H\u1ed7 tr\u1ee3 th\u1ebb nh\u1edb l\u1edbn cho th\u1eddi gian l\u01b0u tr\u1eef d\u00e0i h\u01a1n. K\u1ebft n\u1ed1i th\u00f4ng minh qua \u0111i\u1ec7n tho\u1ea1i.\",\"breadcrumb\":{\"@id\":\"https:\/\/pluginviet.com\/mau38\/san-pham\/camera-wifi-dahua-dh-ipc-a15p\/#breadcrumb\"},\"inLanguage\":\"vi\",\"potentialAction\":[{\"@type\":\"ReadAction\",\"target\":[\"https:\/\/pluginviet.com\/mau38\/san-pham\/camera-wifi-dahua-dh-ipc-a15p\/\"]}]},{\"@type\":\"BreadcrumbList\",\"@id\":\"https:\/\/pluginviet.com\/mau38\/san-pham\/camera-wifi-dahua-dh-ipc-a15p\/#breadcrumb\",\"itemListElement\":[{\"@type\":\"ListItem\",\"position\":1,\"name\":\"Trang ch\u1ee7\",\"item\":\"https:\/\/pluginviet.com\/mau38\/\"},{\"@type\":\"ListItem\",\"position\":2,\"name\":\"Shop\",\"item\":\"https:\/\/pluginviet.com\/mau38\/shop\/\"},{\"@type\":\"ListItem\",\"position\":3,\"name\":\"Camera Wifi Dahua DH-IPC-A15P\"}]},{\"@type\":\"WebSite\",\"@id\":\"https:\/\/pluginviet.com\/mau38\/#website\",\"url\":\"https:\/\/pluginviet.com\/mau38\/\",\"name\":\"M\u1eabu 2\",\"description\":\"\",\"potentialAction\":[{\"@type\":\"SearchAction\",\"target\":{\"@type\":\"EntryPoint\",\"urlTemplate\":\"https:\/\/pluginviet.com\/mau38\/?s={search_term_string}\"},\"query-input\":\"required name=search_term_string\"}],\"inLanguage\":\"vi\"}]}<\/script>\n<!-- \/ Yoast SEO plugin. -->","yoast_head_json":{"title":"Camera Wifi Dahua DH-IPC-A15P - M\u1eabu 2","description":"D\u00f2ng camera thi\u1ebft k\u1ebf nh\u1ecf g\u1ecdn, tinh t\u1ebf. H\u1ed7 tr\u1ee3 \u0111\u00e0m tho\u1ea1i gi\u00fap k\u1ebft n\u1ed1i c\u00e1c th\u00e0nh vi\u00ean trong gia \u0111\u00ecnh t\u1eeb xa. Quan s\u00e1t v\u00e0 tr\u00f2 chuy\u1ec7n tr\u1ef1c ti\u1ebfp qua \u0111i\u1ec7n tho\u1ea1i. H\u1ed7 tr\u1ee3 th\u1ebb nh\u1edb l\u1edbn cho th\u1eddi gian l\u01b0u tr\u1eef d\u00e0i h\u01a1n. K\u1ebft n\u1ed1i th\u00f4ng minh qua \u0111i\u1ec7n tho\u1ea1i.","robots":{"index":"index","follow":"follow","max-snippet":"max-snippet:-1","max-image-preview":"max-image-preview:large","max-video-preview":"max-video-preview:-1"},"canonical":"https:\/\/pluginviet.com\/mau38\/san-pham\/camera-wifi-dahua-dh-ipc-a15p\/","og_locale":"vi_VN","og_type":"article","og_title":"Camera Wifi Dahua DH-IPC-A15P - M\u1eabu 2","og_description":"D\u00f2ng camera thi\u1ebft k\u1ebf nh\u1ecf g\u1ecdn, tinh t\u1ebf. H\u1ed7 tr\u1ee3 \u0111\u00e0m tho\u1ea1i gi\u00fap k\u1ebft n\u1ed1i c\u00e1c th\u00e0nh vi\u00ean trong gia \u0111\u00ecnh t\u1eeb xa. Quan s\u00e1t v\u00e0 tr\u00f2 chuy\u1ec7n tr\u1ef1c ti\u1ebfp qua \u0111i\u1ec7n tho\u1ea1i. H\u1ed7 tr\u1ee3 th\u1ebb nh\u1edb l\u1edbn cho th\u1eddi gian l\u01b0u tr\u1eef d\u00e0i h\u01a1n. K\u1ebft n\u1ed1i th\u00f4ng minh qua \u0111i\u1ec7n tho\u1ea1i.","og_url":"https:\/\/pluginviet.com\/mau38\/san-pham\/camera-wifi-dahua-dh-ipc-a15p\/","og_site_name":"M\u1eabu 2","article_modified_time":"2022-11-10T07:32:25+00:00","og_image":[{"width":700,"height":400,"url":"https:\/\/pluginviet.com\/mau38\/wp-content\/uploads\/2021\/12\/34892_camera_ip_wifi_dahua_dh_ipc_a15p_1_.jpg","type":"image\/jpeg"}],"twitter_card":"summary_large_image","schema":{"@context":"https:\/\/schema.org","@graph":[{"@type":"WebPage","@id":"https:\/\/pluginviet.com\/mau38\/san-pham\/camera-wifi-dahua-dh-ipc-a15p\/","url":"https:\/\/pluginviet.com\/mau38\/san-pham\/camera-wifi-dahua-dh-ipc-a15p\/","name":"Camera Wifi Dahua DH-IPC-A15P - M\u1eabu 2","isPartOf":{"@id":"https:\/\/pluginviet.com\/mau38\/#website"},"datePublished":"2021-12-28T01:24:41+00:00","dateModified":"2022-11-10T07:32:25+00:00","description":"D\u00f2ng camera thi\u1ebft k\u1ebf nh\u1ecf g\u1ecdn, tinh t\u1ebf. H\u1ed7 tr\u1ee3 \u0111\u00e0m tho\u1ea1i gi\u00fap k\u1ebft n\u1ed1i c\u00e1c th\u00e0nh vi\u00ean trong gia \u0111\u00ecnh t\u1eeb xa. Quan s\u00e1t v\u00e0 tr\u00f2 chuy\u1ec7n tr\u1ef1c ti\u1ebfp qua \u0111i\u1ec7n tho\u1ea1i. H\u1ed7 tr\u1ee3 th\u1ebb nh\u1edb l\u1edbn cho th\u1eddi gian l\u01b0u tr\u1eef d\u00e0i h\u01a1n. K\u1ebft n\u1ed1i th\u00f4ng minh qua \u0111i\u1ec7n tho\u1ea1i.","breadcrumb":{"@id":"https:\/\/pluginviet.com\/mau38\/san-pham\/camera-wifi-dahua-dh-ipc-a15p\/#breadcrumb"},"inLanguage":"vi","potentialAction":[{"@type":"ReadAction","target":["https:\/\/pluginviet.com\/mau38\/san-pham\/camera-wifi-dahua-dh-ipc-a15p\/"]}]},{"@type":"BreadcrumbList","@id":"https:\/\/pluginviet.com\/mau38\/san-pham\/camera-wifi-dahua-dh-ipc-a15p\/#breadcrumb","itemListElement":[{"@type":"ListItem","position":1,"name":"Trang ch\u1ee7","item":"https:\/\/pluginviet.com\/mau38\/"},{"@type":"ListItem","position":2,"name":"Shop","item":"https:\/\/pluginviet.com\/mau38\/shop\/"},{"@type":"ListItem","position":3,"name":"Camera Wifi Dahua DH-IPC-A15P"}]},{"@type":"WebSite","@id":"https:\/\/pluginviet.com\/mau38\/#website","url":"https:\/\/pluginviet.com\/mau38\/","name":"M\u1eabu 2","description":"","potentialAction":[{"@type":"SearchAction","target":{"@type":"EntryPoint","urlTemplate":"https:\/\/pluginviet.com\/mau38\/?s={search_term_string}"},"query-input":"required name=search_term_string"}],"inLanguage":"vi"}]}},"_links":{"self":[{"href":"https:\/\/pluginviet.com\/mau38\/wp-json\/wp\/v2\/product\/2438"}],"collection":[{"href":"https:\/\/pluginviet.com\/mau38\/wp-json\/wp\/v2\/product"}],"about":[{"href":"https:\/\/pluginviet.com\/mau38\/wp-json\/wp\/v2\/types\/product"}],"replies":[{"embeddable":true,"href":"https:\/\/pluginviet.com\/mau38\/wp-json\/wp\/v2\/comments?post=2438"}],"wp:featuredmedia":[{"embeddable":true,"href":"https:\/\/pluginviet.com\/mau38\/wp-json\/wp\/v2\/media\/2439"}],"wp:attachment":[{"href":"https:\/\/pluginviet.com\/mau38\/wp-json\/wp\/v2\/media?parent=2438"}],"wp:term":[{"taxonomy":"product_cat","embeddable":true,"href":"https:\/\/pluginviet.com\/mau38\/wp-json\/wp\/v2\/product_cat?post=2438"},{"taxonomy":"product_tag","embeddable":true,"href":"https:\/\/pluginviet.com\/mau38\/wp-json\/wp\/v2\/product_tag?post=2438"}],"curies":[{"name":"wp","href":"https:\/\/api.w.org\/{rel}","templated":true}]}}