{"id":2427,"date":"2021-12-26T13:48:00","date_gmt":"2021-12-26T13:48:00","guid":{"rendered":"http:\/\/khachhang.webrt.vn\/phong\/huytuantelecom\/?post_type=product&#038;p=2427"},"modified":"2022-11-10T07:32:31","modified_gmt":"2022-11-10T07:32:31","slug":"camera-ip-full-color-dome-4mp-dahua-dh-ipc-hdw2439tp-as-led-s2","status":"publish","type":"product","link":"https:\/\/pluginviet.com\/mau38\/san-pham\/camera-ip-full-color-dome-4mp-dahua-dh-ipc-hdw2439tp-as-led-s2\/","title":{"rendered":"Camera IP Full-Color Dome 4MP DAHUA DH-IPC-HDW2439TP-AS-LED-S2"},"content":{"rendered":"","protected":false},"excerpt":{"rendered":"<p>4MP Lite Full-color Fixed-focal Bullet Network Camera<br \/>\nT\u00edch h\u1ee3p \u0111\u00e8n led tr\u1ee3 s\u00e1ng cho h\u00ecnh \u1ea3nh c\u00f3 m\u00e0u 24\/24h<br \/>\n\u25a0 \u0110\u1ed9 ph\u00e2n gi\u1ea3i 4MP c\u1ea3m bi\u1ebfn CMOS 1\/3\u201d<br \/>\n\u25a0 Chu\u1ea9n n\u00e9n h\u00ecnh \u1ea3nh H.265+, 25\/30fps@4MP,<br \/>\n\u25a0 \u0110\u1ed9 nh\u1ea1y s\u00e1ng t\u1ed1i thi\u1ec3u 0.004Lux@F1.0<br \/>\n\u25a0 Ch\u1ed1ng ng\u01b0\u1ee3c s\u00e1ng WDR , ch\u1ebf \u0111\u1ed9 ng\u00e0y \u0111\u00eam(ICR), b\u00f9 s\u00e1ng(BLC,HLC), Ch\u1ed1ng nhi\u1ec5u (3D-DNR)<br \/>\n\u25a0 \u1ed0ng k\u00ednh 3.6mm<br \/>\n\u25a0 T\u00edch h\u1ee3p Mic<br \/>\n\u25a0 Ph\u00e1t hi\u1ec7n th\u00f4ng minh: H\u00e0ng r\u00e0o \u1ea3o, X\u00e2m nh\u1eadp. Ph\u00e1t hi\u1ec7n \u0111i\u1ec7n \u00e1p<br \/>\n\u25a0 Kho\u1ea3ng c\u00e1ch \u0111\u00e8n tr\u1ee3 s\u00e1ng 30m . Chu\u1ea9n ch\u1ed1ng n\u01b0\u1edbc IP67.H\u1ed7 tr\u1ee3 khe c\u1eafm th\u1ebb nh\u1edb 256GB<br \/>\n\u25a0 \u0110i\u1ec7n \u00e1p 12V DC\/PoE (802.3af), c\u00f4ng su\u1ea5t &lt;7.4W<br \/>\n\u25a0 Ch\u1ea5t li\u1ec7u kim lo\u1ea1i + nh\u1ef1a. K\u00edch th\u01b0\u1edbc 100.9 mm \u00d7 \u03a6109.9 mm , tr\u1ecdng l\u01b0\u1ee3ng 0.365kg<\/p>\n","protected":false},"featured_media":2428,"comment_status":"open","ping_status":"closed","template":"","meta":[],"product_cat":[153],"product_tag":[],"yoast_head":"<!-- This site is optimized with the Yoast SEO plugin v21.5 - https:\/\/yoast.com\/wordpress\/plugins\/seo\/ -->\n<title>Camera IP Full-Color Dome 4MP DAHUA DH-IPC-HDW2439TP-AS-LED-S2 - M\u1eabu 2<\/title>\n<meta name=\"description\" content=\"DAHUA DH-IPC-HDW2439TP-AS-LED-S2 l\u00e0 camera IP Full-Color d\u00f2ng Lite m\u1edbi nh\u1ea5t c\u1ee7a Dahua, c\u00f3 \u0111\u1ed9 ph\u00e2n gi\u1ea3i 4.0 megapixel. Thi\u1ebft k\u1ebf nh\u1ecf g\u1ecdn, ch\u1eafc ch\u1eafc v\u1edbi \u0111\u1ed9 nh\u1ea1y s\u00e1ng t\u1ed1i thi\u1ec3u 0.004Lux@F1.0\" \/>\n<meta name=\"robots\" content=\"index, follow, max-snippet:-1, max-image-preview:large, max-video-preview:-1\" \/>\n<link rel=\"canonical\" href=\"https:\/\/pluginviet.com\/mau38\/san-pham\/camera-ip-full-color-dome-4mp-dahua-dh-ipc-hdw2439tp-as-led-s2\/\" \/>\n<meta property=\"og:locale\" content=\"vi_VN\" \/>\n<meta property=\"og:type\" content=\"article\" \/>\n<meta property=\"og:title\" content=\"Camera IP Full-Color Dome 4MP DAHUA DH-IPC-HDW2439TP-AS-LED-S2 - M\u1eabu 2\" \/>\n<meta property=\"og:description\" content=\"DAHUA DH-IPC-HDW2439TP-AS-LED-S2 l\u00e0 camera IP Full-Color d\u00f2ng Lite m\u1edbi nh\u1ea5t c\u1ee7a Dahua, c\u00f3 \u0111\u1ed9 ph\u00e2n gi\u1ea3i 4.0 megapixel. Thi\u1ebft k\u1ebf nh\u1ecf g\u1ecdn, ch\u1eafc ch\u1eafc v\u1edbi \u0111\u1ed9 nh\u1ea1y s\u00e1ng t\u1ed1i thi\u1ec3u 0.004Lux@F1.0\" \/>\n<meta property=\"og:url\" content=\"https:\/\/pluginviet.com\/mau38\/san-pham\/camera-ip-full-color-dome-4mp-dahua-dh-ipc-hdw2439tp-as-led-s2\/\" \/>\n<meta property=\"og:site_name\" content=\"M\u1eabu 2\" \/>\n<meta property=\"article:modified_time\" content=\"2022-11-10T07:32:31+00:00\" \/>\n<meta property=\"og:image\" content=\"https:\/\/pluginviet.com\/mau38\/wp-content\/uploads\/2021\/12\/camera-ip-full-color-dome-4mp-dahua-dh-ipc-hdw2439tp-as-led-s2-1.jpg\" \/>\n\t<meta property=\"og:image:width\" content=\"700\" \/>\n\t<meta property=\"og:image:height\" content=\"700\" \/>\n\t<meta property=\"og:image:type\" content=\"image\/jpeg\" \/>\n<meta name=\"twitter:card\" content=\"summary_large_image\" \/>\n<script type=\"application\/ld+json\" class=\"yoast-schema-graph\">{\"@context\":\"https:\/\/schema.org\",\"@graph\":[{\"@type\":\"WebPage\",\"@id\":\"https:\/\/pluginviet.com\/mau38\/san-pham\/camera-ip-full-color-dome-4mp-dahua-dh-ipc-hdw2439tp-as-led-s2\/\",\"url\":\"https:\/\/pluginviet.com\/mau38\/san-pham\/camera-ip-full-color-dome-4mp-dahua-dh-ipc-hdw2439tp-as-led-s2\/\",\"name\":\"Camera IP Full-Color Dome 4MP DAHUA DH-IPC-HDW2439TP-AS-LED-S2 - M\u1eabu 2\",\"isPartOf\":{\"@id\":\"https:\/\/pluginviet.com\/mau38\/#website\"},\"datePublished\":\"2021-12-26T13:48:00+00:00\",\"dateModified\":\"2022-11-10T07:32:31+00:00\",\"description\":\"DAHUA DH-IPC-HDW2439TP-AS-LED-S2 l\u00e0 camera IP Full-Color d\u00f2ng Lite m\u1edbi nh\u1ea5t c\u1ee7a Dahua, c\u00f3 \u0111\u1ed9 ph\u00e2n gi\u1ea3i 4.0 megapixel. Thi\u1ebft k\u1ebf nh\u1ecf g\u1ecdn, ch\u1eafc ch\u1eafc v\u1edbi \u0111\u1ed9 nh\u1ea1y s\u00e1ng t\u1ed1i thi\u1ec3u 0.004Lux@F1.0\",\"breadcrumb\":{\"@id\":\"https:\/\/pluginviet.com\/mau38\/san-pham\/camera-ip-full-color-dome-4mp-dahua-dh-ipc-hdw2439tp-as-led-s2\/#breadcrumb\"},\"inLanguage\":\"vi\",\"potentialAction\":[{\"@type\":\"ReadAction\",\"target\":[\"https:\/\/pluginviet.com\/mau38\/san-pham\/camera-ip-full-color-dome-4mp-dahua-dh-ipc-hdw2439tp-as-led-s2\/\"]}]},{\"@type\":\"BreadcrumbList\",\"@id\":\"https:\/\/pluginviet.com\/mau38\/san-pham\/camera-ip-full-color-dome-4mp-dahua-dh-ipc-hdw2439tp-as-led-s2\/#breadcrumb\",\"itemListElement\":[{\"@type\":\"ListItem\",\"position\":1,\"name\":\"Trang ch\u1ee7\",\"item\":\"https:\/\/pluginviet.com\/mau38\/\"},{\"@type\":\"ListItem\",\"position\":2,\"name\":\"Shop\",\"item\":\"https:\/\/pluginviet.com\/mau38\/shop\/\"},{\"@type\":\"ListItem\",\"position\":3,\"name\":\"Camera IP Full-Color Dome 4MP DAHUA DH-IPC-HDW2439TP-AS-LED-S2\"}]},{\"@type\":\"WebSite\",\"@id\":\"https:\/\/pluginviet.com\/mau38\/#website\",\"url\":\"https:\/\/pluginviet.com\/mau38\/\",\"name\":\"M\u1eabu 2\",\"description\":\"\",\"potentialAction\":[{\"@type\":\"SearchAction\",\"target\":{\"@type\":\"EntryPoint\",\"urlTemplate\":\"https:\/\/pluginviet.com\/mau38\/?s={search_term_string}\"},\"query-input\":\"required name=search_term_string\"}],\"inLanguage\":\"vi\"}]}<\/script>\n<!-- \/ Yoast SEO plugin. -->","yoast_head_json":{"title":"Camera IP Full-Color Dome 4MP DAHUA DH-IPC-HDW2439TP-AS-LED-S2 - M\u1eabu 2","description":"DAHUA DH-IPC-HDW2439TP-AS-LED-S2 l\u00e0 camera IP Full-Color d\u00f2ng Lite m\u1edbi nh\u1ea5t c\u1ee7a Dahua, c\u00f3 \u0111\u1ed9 ph\u00e2n gi\u1ea3i 4.0 megapixel. Thi\u1ebft k\u1ebf nh\u1ecf g\u1ecdn, ch\u1eafc ch\u1eafc v\u1edbi \u0111\u1ed9 nh\u1ea1y s\u00e1ng t\u1ed1i thi\u1ec3u 0.004Lux@F1.0","robots":{"index":"index","follow":"follow","max-snippet":"max-snippet:-1","max-image-preview":"max-image-preview:large","max-video-preview":"max-video-preview:-1"},"canonical":"https:\/\/pluginviet.com\/mau38\/san-pham\/camera-ip-full-color-dome-4mp-dahua-dh-ipc-hdw2439tp-as-led-s2\/","og_locale":"vi_VN","og_type":"article","og_title":"Camera IP Full-Color Dome 4MP DAHUA DH-IPC-HDW2439TP-AS-LED-S2 - M\u1eabu 2","og_description":"DAHUA DH-IPC-HDW2439TP-AS-LED-S2 l\u00e0 camera IP Full-Color d\u00f2ng Lite m\u1edbi nh\u1ea5t c\u1ee7a Dahua, c\u00f3 \u0111\u1ed9 ph\u00e2n gi\u1ea3i 4.0 megapixel. Thi\u1ebft k\u1ebf nh\u1ecf g\u1ecdn, ch\u1eafc ch\u1eafc v\u1edbi \u0111\u1ed9 nh\u1ea1y s\u00e1ng t\u1ed1i thi\u1ec3u 0.004Lux@F1.0","og_url":"https:\/\/pluginviet.com\/mau38\/san-pham\/camera-ip-full-color-dome-4mp-dahua-dh-ipc-hdw2439tp-as-led-s2\/","og_site_name":"M\u1eabu 2","article_modified_time":"2022-11-10T07:32:31+00:00","og_image":[{"width":700,"height":700,"url":"https:\/\/pluginviet.com\/mau38\/wp-content\/uploads\/2021\/12\/camera-ip-full-color-dome-4mp-dahua-dh-ipc-hdw2439tp-as-led-s2-1.jpg","type":"image\/jpeg"}],"twitter_card":"summary_large_image","schema":{"@context":"https:\/\/schema.org","@graph":[{"@type":"WebPage","@id":"https:\/\/pluginviet.com\/mau38\/san-pham\/camera-ip-full-color-dome-4mp-dahua-dh-ipc-hdw2439tp-as-led-s2\/","url":"https:\/\/pluginviet.com\/mau38\/san-pham\/camera-ip-full-color-dome-4mp-dahua-dh-ipc-hdw2439tp-as-led-s2\/","name":"Camera IP Full-Color Dome 4MP DAHUA DH-IPC-HDW2439TP-AS-LED-S2 - M\u1eabu 2","isPartOf":{"@id":"https:\/\/pluginviet.com\/mau38\/#website"},"datePublished":"2021-12-26T13:48:00+00:00","dateModified":"2022-11-10T07:32:31+00:00","description":"DAHUA DH-IPC-HDW2439TP-AS-LED-S2 l\u00e0 camera IP Full-Color d\u00f2ng Lite m\u1edbi nh\u1ea5t c\u1ee7a Dahua, c\u00f3 \u0111\u1ed9 ph\u00e2n gi\u1ea3i 4.0 megapixel. Thi\u1ebft k\u1ebf nh\u1ecf g\u1ecdn, ch\u1eafc ch\u1eafc v\u1edbi \u0111\u1ed9 nh\u1ea1y s\u00e1ng t\u1ed1i thi\u1ec3u 0.004Lux@F1.0","breadcrumb":{"@id":"https:\/\/pluginviet.com\/mau38\/san-pham\/camera-ip-full-color-dome-4mp-dahua-dh-ipc-hdw2439tp-as-led-s2\/#breadcrumb"},"inLanguage":"vi","potentialAction":[{"@type":"ReadAction","target":["https:\/\/pluginviet.com\/mau38\/san-pham\/camera-ip-full-color-dome-4mp-dahua-dh-ipc-hdw2439tp-as-led-s2\/"]}]},{"@type":"BreadcrumbList","@id":"https:\/\/pluginviet.com\/mau38\/san-pham\/camera-ip-full-color-dome-4mp-dahua-dh-ipc-hdw2439tp-as-led-s2\/#breadcrumb","itemListElement":[{"@type":"ListItem","position":1,"name":"Trang ch\u1ee7","item":"https:\/\/pluginviet.com\/mau38\/"},{"@type":"ListItem","position":2,"name":"Shop","item":"https:\/\/pluginviet.com\/mau38\/shop\/"},{"@type":"ListItem","position":3,"name":"Camera IP Full-Color Dome 4MP DAHUA DH-IPC-HDW2439TP-AS-LED-S2"}]},{"@type":"WebSite","@id":"https:\/\/pluginviet.com\/mau38\/#website","url":"https:\/\/pluginviet.com\/mau38\/","name":"M\u1eabu 2","description":"","potentialAction":[{"@type":"SearchAction","target":{"@type":"EntryPoint","urlTemplate":"https:\/\/pluginviet.com\/mau38\/?s={search_term_string}"},"query-input":"required name=search_term_string"}],"inLanguage":"vi"}]}},"_links":{"self":[{"href":"https:\/\/pluginviet.com\/mau38\/wp-json\/wp\/v2\/product\/2427"}],"collection":[{"href":"https:\/\/pluginviet.com\/mau38\/wp-json\/wp\/v2\/product"}],"about":[{"href":"https:\/\/pluginviet.com\/mau38\/wp-json\/wp\/v2\/types\/product"}],"replies":[{"embeddable":true,"href":"https:\/\/pluginviet.com\/mau38\/wp-json\/wp\/v2\/comments?post=2427"}],"wp:featuredmedia":[{"embeddable":true,"href":"https:\/\/pluginviet.com\/mau38\/wp-json\/wp\/v2\/media\/2428"}],"wp:attachment":[{"href":"https:\/\/pluginviet.com\/mau38\/wp-json\/wp\/v2\/media?parent=2427"}],"wp:term":[{"taxonomy":"product_cat","embeddable":true,"href":"https:\/\/pluginviet.com\/mau38\/wp-json\/wp\/v2\/product_cat?post=2427"},{"taxonomy":"product_tag","embeddable":true,"href":"https:\/\/pluginviet.com\/mau38\/wp-json\/wp\/v2\/product_tag?post=2427"}],"curies":[{"name":"wp","href":"https:\/\/api.w.org\/{rel}","templated":true}]}}