{"id":2327,"date":"2021-12-25T07:29:31","date_gmt":"2021-12-25T07:29:31","guid":{"rendered":"http:\/\/khachhang.webrt.vn\/phong\/huytuantelecom\/?post_type=product&#038;p=2327"},"modified":"2022-11-10T07:32:57","modified_gmt":"2022-11-10T07:32:57","slug":"nut-nhan-camera-chuong-cua-ip-dahua-dhi-vto2111d-p-s2","status":"publish","type":"product","link":"https:\/\/pluginviet.com\/mau38\/san-pham\/nut-nhan-camera-chuong-cua-ip-dahua-dhi-vto2111d-p-s2\/","title":{"rendered":"N\u00fat nh\u1ea5n camera chu\u00f4ng c\u1eeda IP DAHUA DHI-VTO2111D-P-S2"},"content":{"rendered":"","protected":false},"excerpt":{"rendered":"<p>\u2013 \u0110\u1ed9 ph\u00e2n gi\u1ea3i 1MP CMOS v\u1edbi g\u00f3c quan s\u00e1t l\u00ean \u0111\u1ebfn 107\u00b0.<br \/>\n\u2013 H\u1ed7 tr\u1ee3 c\u00e1c t\u00ednh n\u0103ng nh\u01b0 WDR, color\/IR, 3DNR, ..<br \/>\n\u2013 H\u1ed7 tr\u1ee3 k\u1ebft n\u1ed1i kh\u00f4ng d\u00e2y.<br \/>\n\u2013 T\u00edch h\u1ee3p mic v\u00e0 loa, h\u1ed7 tr\u1ee3 \u0111\u00e0m tho\u1ea1i 2 chi\u1ec1u qua m\u00e0n h\u00ecnh ho\u1eb7c App.<br \/>\n\u2013 H\u1ed7 tr\u1ee3 m\u1edf kh\u00f3a th\u00f4ng qua th\u1ebb IC (l\u00ean \u0111\u1ebfn 10000 th\u1ebb), app t\u1eeb xa ho\u1eb7c m\u00e0n h\u00ecnh.<br \/>\n\u2013 H\u1ed7 tr\u1ee3 c\u00e1c c\u1ed5ng ngo\u1ea1i vi : audio input, RS485, n\u00fat nh\u1ea5n Exit,\u2026<br \/>\n\u2013 C\u1ea5u h\u00ecnh th\u00f4ng qua giao di\u1ec7n Web.<\/p>\n","protected":false},"featured_media":2328,"comment_status":"open","ping_status":"closed","template":"","meta":[],"product_cat":[154],"product_tag":[],"yoast_head":"<!-- This site is optimized with the Yoast SEO plugin v21.5 - https:\/\/yoast.com\/wordpress\/plugins\/seo\/ -->\n<title>N\u00fat nh\u1ea5n camera chu\u00f4ng c\u1eeda IP DAHUA DHI-VTO2111D-P-S2 - M\u1eabu 2<\/title>\n<meta name=\"description\" content=\"DAHUA DHI-VTO2111D-P-S2 l\u00e0 d\u00f2ng n\u00fat nh\u1ea5n camera chu\u00f4ng c\u1eeda m\u00e0n h\u00ecnh l\u1eafp \u0111\u1eb7t ngo\u00e0i tr\u1eddi thi\u1ebft k\u1ebf sang tr\u1ecdng, hi\u1ec7n \u0111\u1ea1i. H\u1ed7 tr\u1ee3 \u0111\u1ed9 ph\u00e2n gi\u1ea3i HD720P, gi\u00fap ch\u1ee7 nh\u00e0 d\u1ec5 d\u00e0ng n\u1eafm b\u1eaft t\u00ecnh h\u00ecnh v\u00e0 v\u1ecb kh\u00e1ch ngo\u00e0i c\u1eeda\" \/>\n<meta name=\"robots\" content=\"index, follow, max-snippet:-1, max-image-preview:large, max-video-preview:-1\" \/>\n<link rel=\"canonical\" href=\"https:\/\/pluginviet.com\/mau38\/san-pham\/nut-nhan-camera-chuong-cua-ip-dahua-dhi-vto2111d-p-s2\/\" \/>\n<meta property=\"og:locale\" content=\"vi_VN\" \/>\n<meta property=\"og:type\" content=\"article\" \/>\n<meta property=\"og:title\" content=\"N\u00fat nh\u1ea5n camera chu\u00f4ng c\u1eeda IP DAHUA DHI-VTO2111D-P-S2 - M\u1eabu 2\" \/>\n<meta property=\"og:description\" content=\"DAHUA DHI-VTO2111D-P-S2 l\u00e0 d\u00f2ng n\u00fat nh\u1ea5n camera chu\u00f4ng c\u1eeda m\u00e0n h\u00ecnh l\u1eafp \u0111\u1eb7t ngo\u00e0i tr\u1eddi thi\u1ebft k\u1ebf sang tr\u1ecdng, hi\u1ec7n \u0111\u1ea1i. H\u1ed7 tr\u1ee3 \u0111\u1ed9 ph\u00e2n gi\u1ea3i HD720P, gi\u00fap ch\u1ee7 nh\u00e0 d\u1ec5 d\u00e0ng n\u1eafm b\u1eaft t\u00ecnh h\u00ecnh v\u00e0 v\u1ecb kh\u00e1ch ngo\u00e0i c\u1eeda\" \/>\n<meta property=\"og:url\" content=\"https:\/\/pluginviet.com\/mau38\/san-pham\/nut-nhan-camera-chuong-cua-ip-dahua-dhi-vto2111d-p-s2\/\" \/>\n<meta property=\"og:site_name\" content=\"M\u1eabu 2\" \/>\n<meta property=\"article:modified_time\" content=\"2022-11-10T07:32:57+00:00\" \/>\n<meta property=\"og:image\" content=\"https:\/\/pluginviet.com\/mau38\/wp-content\/uploads\/2021\/12\/nut-nhan-camera-chuong-cua-ip-dahua-dhi-vto2111d-p-s2-1.jpg\" \/>\n\t<meta property=\"og:image:width\" content=\"700\" \/>\n\t<meta property=\"og:image:height\" content=\"700\" \/>\n\t<meta property=\"og:image:type\" content=\"image\/jpeg\" \/>\n<meta name=\"twitter:card\" content=\"summary_large_image\" \/>\n<script type=\"application\/ld+json\" class=\"yoast-schema-graph\">{\"@context\":\"https:\/\/schema.org\",\"@graph\":[{\"@type\":\"WebPage\",\"@id\":\"https:\/\/pluginviet.com\/mau38\/san-pham\/nut-nhan-camera-chuong-cua-ip-dahua-dhi-vto2111d-p-s2\/\",\"url\":\"https:\/\/pluginviet.com\/mau38\/san-pham\/nut-nhan-camera-chuong-cua-ip-dahua-dhi-vto2111d-p-s2\/\",\"name\":\"N\u00fat nh\u1ea5n camera chu\u00f4ng c\u1eeda IP DAHUA DHI-VTO2111D-P-S2 - M\u1eabu 2\",\"isPartOf\":{\"@id\":\"https:\/\/pluginviet.com\/mau38\/#website\"},\"datePublished\":\"2021-12-25T07:29:31+00:00\",\"dateModified\":\"2022-11-10T07:32:57+00:00\",\"description\":\"DAHUA DHI-VTO2111D-P-S2 l\u00e0 d\u00f2ng n\u00fat nh\u1ea5n camera chu\u00f4ng c\u1eeda m\u00e0n h\u00ecnh l\u1eafp \u0111\u1eb7t ngo\u00e0i tr\u1eddi thi\u1ebft k\u1ebf sang tr\u1ecdng, hi\u1ec7n \u0111\u1ea1i. H\u1ed7 tr\u1ee3 \u0111\u1ed9 ph\u00e2n gi\u1ea3i HD720P, gi\u00fap ch\u1ee7 nh\u00e0 d\u1ec5 d\u00e0ng n\u1eafm b\u1eaft t\u00ecnh h\u00ecnh v\u00e0 v\u1ecb kh\u00e1ch ngo\u00e0i c\u1eeda\",\"breadcrumb\":{\"@id\":\"https:\/\/pluginviet.com\/mau38\/san-pham\/nut-nhan-camera-chuong-cua-ip-dahua-dhi-vto2111d-p-s2\/#breadcrumb\"},\"inLanguage\":\"vi\",\"potentialAction\":[{\"@type\":\"ReadAction\",\"target\":[\"https:\/\/pluginviet.com\/mau38\/san-pham\/nut-nhan-camera-chuong-cua-ip-dahua-dhi-vto2111d-p-s2\/\"]}]},{\"@type\":\"BreadcrumbList\",\"@id\":\"https:\/\/pluginviet.com\/mau38\/san-pham\/nut-nhan-camera-chuong-cua-ip-dahua-dhi-vto2111d-p-s2\/#breadcrumb\",\"itemListElement\":[{\"@type\":\"ListItem\",\"position\":1,\"name\":\"Trang ch\u1ee7\",\"item\":\"https:\/\/pluginviet.com\/mau38\/\"},{\"@type\":\"ListItem\",\"position\":2,\"name\":\"Shop\",\"item\":\"https:\/\/pluginviet.com\/mau38\/shop\/\"},{\"@type\":\"ListItem\",\"position\":3,\"name\":\"N\u00fat nh\u1ea5n camera chu\u00f4ng c\u1eeda IP DAHUA DHI-VTO2111D-P-S2\"}]},{\"@type\":\"WebSite\",\"@id\":\"https:\/\/pluginviet.com\/mau38\/#website\",\"url\":\"https:\/\/pluginviet.com\/mau38\/\",\"name\":\"M\u1eabu 2\",\"description\":\"\",\"potentialAction\":[{\"@type\":\"SearchAction\",\"target\":{\"@type\":\"EntryPoint\",\"urlTemplate\":\"https:\/\/pluginviet.com\/mau38\/?s={search_term_string}\"},\"query-input\":\"required name=search_term_string\"}],\"inLanguage\":\"vi\"}]}<\/script>\n<!-- \/ Yoast SEO plugin. -->","yoast_head_json":{"title":"N\u00fat nh\u1ea5n camera chu\u00f4ng c\u1eeda IP DAHUA DHI-VTO2111D-P-S2 - M\u1eabu 2","description":"DAHUA DHI-VTO2111D-P-S2 l\u00e0 d\u00f2ng n\u00fat nh\u1ea5n camera chu\u00f4ng c\u1eeda m\u00e0n h\u00ecnh l\u1eafp \u0111\u1eb7t ngo\u00e0i tr\u1eddi thi\u1ebft k\u1ebf sang tr\u1ecdng, hi\u1ec7n \u0111\u1ea1i. H\u1ed7 tr\u1ee3 \u0111\u1ed9 ph\u00e2n gi\u1ea3i HD720P, gi\u00fap ch\u1ee7 nh\u00e0 d\u1ec5 d\u00e0ng n\u1eafm b\u1eaft t\u00ecnh h\u00ecnh v\u00e0 v\u1ecb kh\u00e1ch ngo\u00e0i c\u1eeda","robots":{"index":"index","follow":"follow","max-snippet":"max-snippet:-1","max-image-preview":"max-image-preview:large","max-video-preview":"max-video-preview:-1"},"canonical":"https:\/\/pluginviet.com\/mau38\/san-pham\/nut-nhan-camera-chuong-cua-ip-dahua-dhi-vto2111d-p-s2\/","og_locale":"vi_VN","og_type":"article","og_title":"N\u00fat nh\u1ea5n camera chu\u00f4ng c\u1eeda IP DAHUA DHI-VTO2111D-P-S2 - M\u1eabu 2","og_description":"DAHUA DHI-VTO2111D-P-S2 l\u00e0 d\u00f2ng n\u00fat nh\u1ea5n camera chu\u00f4ng c\u1eeda m\u00e0n h\u00ecnh l\u1eafp \u0111\u1eb7t ngo\u00e0i tr\u1eddi thi\u1ebft k\u1ebf sang tr\u1ecdng, hi\u1ec7n \u0111\u1ea1i. H\u1ed7 tr\u1ee3 \u0111\u1ed9 ph\u00e2n gi\u1ea3i HD720P, gi\u00fap ch\u1ee7 nh\u00e0 d\u1ec5 d\u00e0ng n\u1eafm b\u1eaft t\u00ecnh h\u00ecnh v\u00e0 v\u1ecb kh\u00e1ch ngo\u00e0i c\u1eeda","og_url":"https:\/\/pluginviet.com\/mau38\/san-pham\/nut-nhan-camera-chuong-cua-ip-dahua-dhi-vto2111d-p-s2\/","og_site_name":"M\u1eabu 2","article_modified_time":"2022-11-10T07:32:57+00:00","og_image":[{"width":700,"height":700,"url":"https:\/\/pluginviet.com\/mau38\/wp-content\/uploads\/2021\/12\/nut-nhan-camera-chuong-cua-ip-dahua-dhi-vto2111d-p-s2-1.jpg","type":"image\/jpeg"}],"twitter_card":"summary_large_image","schema":{"@context":"https:\/\/schema.org","@graph":[{"@type":"WebPage","@id":"https:\/\/pluginviet.com\/mau38\/san-pham\/nut-nhan-camera-chuong-cua-ip-dahua-dhi-vto2111d-p-s2\/","url":"https:\/\/pluginviet.com\/mau38\/san-pham\/nut-nhan-camera-chuong-cua-ip-dahua-dhi-vto2111d-p-s2\/","name":"N\u00fat nh\u1ea5n camera chu\u00f4ng c\u1eeda IP DAHUA DHI-VTO2111D-P-S2 - M\u1eabu 2","isPartOf":{"@id":"https:\/\/pluginviet.com\/mau38\/#website"},"datePublished":"2021-12-25T07:29:31+00:00","dateModified":"2022-11-10T07:32:57+00:00","description":"DAHUA DHI-VTO2111D-P-S2 l\u00e0 d\u00f2ng n\u00fat nh\u1ea5n camera chu\u00f4ng c\u1eeda m\u00e0n h\u00ecnh l\u1eafp \u0111\u1eb7t ngo\u00e0i tr\u1eddi thi\u1ebft k\u1ebf sang tr\u1ecdng, hi\u1ec7n \u0111\u1ea1i. H\u1ed7 tr\u1ee3 \u0111\u1ed9 ph\u00e2n gi\u1ea3i HD720P, gi\u00fap ch\u1ee7 nh\u00e0 d\u1ec5 d\u00e0ng n\u1eafm b\u1eaft t\u00ecnh h\u00ecnh v\u00e0 v\u1ecb kh\u00e1ch ngo\u00e0i c\u1eeda","breadcrumb":{"@id":"https:\/\/pluginviet.com\/mau38\/san-pham\/nut-nhan-camera-chuong-cua-ip-dahua-dhi-vto2111d-p-s2\/#breadcrumb"},"inLanguage":"vi","potentialAction":[{"@type":"ReadAction","target":["https:\/\/pluginviet.com\/mau38\/san-pham\/nut-nhan-camera-chuong-cua-ip-dahua-dhi-vto2111d-p-s2\/"]}]},{"@type":"BreadcrumbList","@id":"https:\/\/pluginviet.com\/mau38\/san-pham\/nut-nhan-camera-chuong-cua-ip-dahua-dhi-vto2111d-p-s2\/#breadcrumb","itemListElement":[{"@type":"ListItem","position":1,"name":"Trang ch\u1ee7","item":"https:\/\/pluginviet.com\/mau38\/"},{"@type":"ListItem","position":2,"name":"Shop","item":"https:\/\/pluginviet.com\/mau38\/shop\/"},{"@type":"ListItem","position":3,"name":"N\u00fat nh\u1ea5n camera chu\u00f4ng c\u1eeda IP DAHUA DHI-VTO2111D-P-S2"}]},{"@type":"WebSite","@id":"https:\/\/pluginviet.com\/mau38\/#website","url":"https:\/\/pluginviet.com\/mau38\/","name":"M\u1eabu 2","description":"","potentialAction":[{"@type":"SearchAction","target":{"@type":"EntryPoint","urlTemplate":"https:\/\/pluginviet.com\/mau38\/?s={search_term_string}"},"query-input":"required name=search_term_string"}],"inLanguage":"vi"}]}},"_links":{"self":[{"href":"https:\/\/pluginviet.com\/mau38\/wp-json\/wp\/v2\/product\/2327"}],"collection":[{"href":"https:\/\/pluginviet.com\/mau38\/wp-json\/wp\/v2\/product"}],"about":[{"href":"https:\/\/pluginviet.com\/mau38\/wp-json\/wp\/v2\/types\/product"}],"replies":[{"embeddable":true,"href":"https:\/\/pluginviet.com\/mau38\/wp-json\/wp\/v2\/comments?post=2327"}],"wp:featuredmedia":[{"embeddable":true,"href":"https:\/\/pluginviet.com\/mau38\/wp-json\/wp\/v2\/media\/2328"}],"wp:attachment":[{"href":"https:\/\/pluginviet.com\/mau38\/wp-json\/wp\/v2\/media?parent=2327"}],"wp:term":[{"taxonomy":"product_cat","embeddable":true,"href":"https:\/\/pluginviet.com\/mau38\/wp-json\/wp\/v2\/product_cat?post=2327"},{"taxonomy":"product_tag","embeddable":true,"href":"https:\/\/pluginviet.com\/mau38\/wp-json\/wp\/v2\/product_tag?post=2327"}],"curies":[{"name":"wp","href":"https:\/\/api.w.org\/{rel}","templated":true}]}}