{"id":2234,"date":"2021-12-21T05:53:03","date_gmt":"2021-12-21T05:53:03","guid":{"rendered":"http:\/\/khachhang.webrt.vn\/phong\/huytuantelecom\/?post_type=product&#038;p=2234"},"modified":"2022-11-10T07:33:09","modified_gmt":"2022-11-10T07:33:09","slug":"may-in-hp-laserjet-enterprise-m604n","status":"publish","type":"product","link":"https:\/\/pluginviet.com\/mau38\/san-pham\/may-in-hp-laserjet-enterprise-m604n\/","title":{"rendered":"M\u00e1y in HP LaserJet Enterprise M604n"},"content":{"rendered":"","protected":false},"excerpt":{"rendered":"<p>&#8211;\u00a0C\u00f4ng ngh\u1ec7 in: Laser.<\/p>\n<p>&#8211;\u00a0T\u1ed1c \u0111\u1ed9 in: 50 trang\/ ph\u00fat (tr\u1eafng \u0111en, A4), 52 trang\/ ph\u00fat (tr\u1eafng \u0111en, Letter).<\/p>\n<p>&#8211;\u00a0\u0110\u1ed9 ph\u00e2n gi\u1ea3i: 1200 x 1200 dpi.<\/p>\n<p>&#8211;\u00a0Th\u1eddi gian in trang \u0111\u1ea7u ti\u00ean: 7.5 gi\u00e2y (Tr\u1eafng \u0111en: A4, letter, ready).<\/p>\n<p>&#8211;\u00a0H\u1ed7 tr\u1ee3 t\u00ednh n\u0103ng Wireless.<\/p>\n<p>&#8211;\u00a0Hi\u1ec3n th\u1ecb m\u00e0n h\u00ecnh m\u00e0u LCD: 4 line, 3 LED lights.<\/p>\n<p>&#8211;\u00a0Kh\u1ed5 gi\u1ea5y: A4, letter.<\/p>\n<p>&#8211;\u00a0B\u1ed9 nh\u1edb RAM: 512MB.<\/p>\n<p>&#8211;\u00a0T\u1ed1c \u0111\u1ed9 x\u1eed l\u00fd: 1.2 GHz.<\/p>\n<p>&#8211;\u00a0Chu k\u00ec l\u00e0m vi\u1ec7c: 175,000 trang\/ th\u00e1ng.<\/p>\n<p>&#8211;\u00a0X\u1eed l\u00fd gi\u1ea5y ng\u00f5 v\u00e0o: Khay n\u1ea1p gi\u1ea5y 500 t\u1edd.<\/p>\n<p>&#8211;\u00a0S\u1ed1 h\u1ed9p m\u1ef1c in: 2 m\u00e0u \u0111en.<\/p>\n<p>&#8211;\u00a0Ng\u00f4n ng\u1eef in chu\u1ea9n: HP PCL6, HP PCL 5e<\/p>\n<p>&#8211;\u00a0H\u1ed7 tr\u1ee3 k\u1ebft n\u1ed1i c\u1ed5ng: USB 2.0 t\u1ed1c \u0111\u1ed9 cao.<\/p>\n<p>&#8211;\u00a0H\u1ed7 tr\u1ee3 k\u1ebft n\u1ed1i c\u1ed5ng m\u1ea1ng: Gigabit Ethernet 10\/100\/1000T.<\/p>\n<p>&#8211;\u00a0Ng\u00f4n ng\u1eef in: HP PCL 6, HP PCL 5e, HP Postscript Level 3 emulation, native PDF printing (v 1.7).<\/p>\n<p>&#8211;\u00a0T\u00ednh n\u0103ng in di \u0111\u1ed9ng: HP ePrint, Apple AirPrint\u2122.<\/p>\n<p>&#8211;\u00a0K\u00edch th\u01b0\u1edbc: 425 x 451 x 399 mm.<\/p>\n<p>&#8211;\u00a0Tr\u1ecdng l\u01b0\u1ee3ng: 22.6 kg.<\/p>\n","protected":false},"featured_media":2235,"comment_status":"open","ping_status":"closed","template":"","meta":[],"product_cat":[157],"product_tag":[190],"yoast_head":"<!-- This site is optimized with the Yoast SEO plugin v21.5 - https:\/\/yoast.com\/wordpress\/plugins\/seo\/ -->\n<title>M\u00e1y in HP LaserJet Enterprise M604n - M\u1eabu 2<\/title>\n<meta name=\"robots\" content=\"index, follow, max-snippet:-1, max-image-preview:large, max-video-preview:-1\" \/>\n<link rel=\"canonical\" href=\"https:\/\/pluginviet.com\/mau38\/san-pham\/may-in-hp-laserjet-enterprise-m604n\/\" \/>\n<meta property=\"og:locale\" content=\"vi_VN\" \/>\n<meta property=\"og:type\" content=\"article\" \/>\n<meta property=\"og:title\" content=\"M\u00e1y in HP LaserJet Enterprise M604n - M\u1eabu 2\" \/>\n<meta property=\"og:description\" content=\"-\u00a0C\u00f4ng ngh\u1ec7 in: Laser.  -\u00a0T\u1ed1c \u0111\u1ed9 in: 50 trang\/ ph\u00fat (tr\u1eafng \u0111en, A4), 52 trang\/ ph\u00fat (tr\u1eafng \u0111en, Letter).  -\u00a0\u0110\u1ed9 ph\u00e2n gi\u1ea3i: 1200 x 1200 dpi.  -\u00a0Th\u1eddi gian in trang \u0111\u1ea7u ti\u00ean: 7.5 gi\u00e2y (Tr\u1eafng \u0111en: A4, letter, ready).  -\u00a0H\u1ed7 tr\u1ee3 t\u00ednh n\u0103ng Wireless.  -\u00a0Hi\u1ec3n th\u1ecb m\u00e0n h\u00ecnh m\u00e0u LCD: 4 line, 3 LED lights.  -\u00a0Kh\u1ed5 gi\u1ea5y: A4, letter.  -\u00a0B\u1ed9 nh\u1edb RAM: 512MB.  -\u00a0T\u1ed1c \u0111\u1ed9 x\u1eed l\u00fd: 1.2 GHz.  -\u00a0Chu k\u00ec l\u00e0m vi\u1ec7c: 175,000 trang\/ th\u00e1ng.  -\u00a0X\u1eed l\u00fd gi\u1ea5y ng\u00f5 v\u00e0o: Khay n\u1ea1p gi\u1ea5y 500 t\u1edd.  -\u00a0S\u1ed1 h\u1ed9p m\u1ef1c in: 2 m\u00e0u \u0111en.  -\u00a0Ng\u00f4n ng\u1eef in chu\u1ea9n: HP PCL6, HP PCL 5e  -\u00a0H\u1ed7 tr\u1ee3 k\u1ebft n\u1ed1i c\u1ed5ng: USB 2.0 t\u1ed1c \u0111\u1ed9 cao.  -\u00a0H\u1ed7 tr\u1ee3 k\u1ebft n\u1ed1i c\u1ed5ng m\u1ea1ng: Gigabit Ethernet 10\/100\/1000T.  -\u00a0Ng\u00f4n ng\u1eef in: HP PCL 6, HP PCL 5e, HP Postscript Level 3 emulation, native PDF printing (v 1.7).  -\u00a0T\u00ednh n\u0103ng in di \u0111\u1ed9ng: HP ePrint, Apple AirPrint\u2122.  -\u00a0K\u00edch th\u01b0\u1edbc: 425 x 451 x 399 mm.  -\u00a0Tr\u1ecdng l\u01b0\u1ee3ng: 22.6 kg.\" \/>\n<meta property=\"og:url\" content=\"https:\/\/pluginviet.com\/mau38\/san-pham\/may-in-hp-laserjet-enterprise-m604n\/\" \/>\n<meta property=\"og:site_name\" content=\"M\u1eabu 2\" \/>\n<meta property=\"article:modified_time\" content=\"2022-11-10T07:33:09+00:00\" \/>\n<meta property=\"og:image\" content=\"https:\/\/pluginviet.com\/mau38\/wp-content\/uploads\/2021\/12\/892_hp_laserjet_m604n.png\" \/>\n\t<meta property=\"og:image:width\" content=\"474\" \/>\n\t<meta property=\"og:image:height\" content=\"356\" \/>\n\t<meta property=\"og:image:type\" content=\"image\/png\" \/>\n<meta name=\"twitter:card\" content=\"summary_large_image\" \/>\n<script type=\"application\/ld+json\" class=\"yoast-schema-graph\">{\"@context\":\"https:\/\/schema.org\",\"@graph\":[{\"@type\":\"WebPage\",\"@id\":\"https:\/\/pluginviet.com\/mau38\/san-pham\/may-in-hp-laserjet-enterprise-m604n\/\",\"url\":\"https:\/\/pluginviet.com\/mau38\/san-pham\/may-in-hp-laserjet-enterprise-m604n\/\",\"name\":\"M\u00e1y in HP LaserJet Enterprise M604n - M\u1eabu 2\",\"isPartOf\":{\"@id\":\"https:\/\/pluginviet.com\/mau38\/#website\"},\"datePublished\":\"2021-12-21T05:53:03+00:00\",\"dateModified\":\"2022-11-10T07:33:09+00:00\",\"breadcrumb\":{\"@id\":\"https:\/\/pluginviet.com\/mau38\/san-pham\/may-in-hp-laserjet-enterprise-m604n\/#breadcrumb\"},\"inLanguage\":\"vi\",\"potentialAction\":[{\"@type\":\"ReadAction\",\"target\":[\"https:\/\/pluginviet.com\/mau38\/san-pham\/may-in-hp-laserjet-enterprise-m604n\/\"]}]},{\"@type\":\"BreadcrumbList\",\"@id\":\"https:\/\/pluginviet.com\/mau38\/san-pham\/may-in-hp-laserjet-enterprise-m604n\/#breadcrumb\",\"itemListElement\":[{\"@type\":\"ListItem\",\"position\":1,\"name\":\"Trang ch\u1ee7\",\"item\":\"https:\/\/pluginviet.com\/mau38\/\"},{\"@type\":\"ListItem\",\"position\":2,\"name\":\"Shop\",\"item\":\"https:\/\/pluginviet.com\/mau38\/shop\/\"},{\"@type\":\"ListItem\",\"position\":3,\"name\":\"M\u00e1y in HP LaserJet Enterprise M604n\"}]},{\"@type\":\"WebSite\",\"@id\":\"https:\/\/pluginviet.com\/mau38\/#website\",\"url\":\"https:\/\/pluginviet.com\/mau38\/\",\"name\":\"M\u1eabu 2\",\"description\":\"\",\"potentialAction\":[{\"@type\":\"SearchAction\",\"target\":{\"@type\":\"EntryPoint\",\"urlTemplate\":\"https:\/\/pluginviet.com\/mau38\/?s={search_term_string}\"},\"query-input\":\"required name=search_term_string\"}],\"inLanguage\":\"vi\"}]}<\/script>\n<!-- \/ Yoast SEO plugin. -->","yoast_head_json":{"title":"M\u00e1y in HP LaserJet Enterprise M604n - M\u1eabu 2","robots":{"index":"index","follow":"follow","max-snippet":"max-snippet:-1","max-image-preview":"max-image-preview:large","max-video-preview":"max-video-preview:-1"},"canonical":"https:\/\/pluginviet.com\/mau38\/san-pham\/may-in-hp-laserjet-enterprise-m604n\/","og_locale":"vi_VN","og_type":"article","og_title":"M\u00e1y in HP LaserJet Enterprise M604n - M\u1eabu 2","og_description":"-\u00a0C\u00f4ng ngh\u1ec7 in: Laser.  -\u00a0T\u1ed1c \u0111\u1ed9 in: 50 trang\/ ph\u00fat (tr\u1eafng \u0111en, A4), 52 trang\/ ph\u00fat (tr\u1eafng \u0111en, Letter).  -\u00a0\u0110\u1ed9 ph\u00e2n gi\u1ea3i: 1200 x 1200 dpi.  -\u00a0Th\u1eddi gian in trang \u0111\u1ea7u ti\u00ean: 7.5 gi\u00e2y (Tr\u1eafng \u0111en: A4, letter, ready).  -\u00a0H\u1ed7 tr\u1ee3 t\u00ednh n\u0103ng Wireless.  -\u00a0Hi\u1ec3n th\u1ecb m\u00e0n h\u00ecnh m\u00e0u LCD: 4 line, 3 LED lights.  -\u00a0Kh\u1ed5 gi\u1ea5y: A4, letter.  -\u00a0B\u1ed9 nh\u1edb RAM: 512MB.  -\u00a0T\u1ed1c \u0111\u1ed9 x\u1eed l\u00fd: 1.2 GHz.  -\u00a0Chu k\u00ec l\u00e0m vi\u1ec7c: 175,000 trang\/ th\u00e1ng.  -\u00a0X\u1eed l\u00fd gi\u1ea5y ng\u00f5 v\u00e0o: Khay n\u1ea1p gi\u1ea5y 500 t\u1edd.  -\u00a0S\u1ed1 h\u1ed9p m\u1ef1c in: 2 m\u00e0u \u0111en.  -\u00a0Ng\u00f4n ng\u1eef in chu\u1ea9n: HP PCL6, HP PCL 5e  -\u00a0H\u1ed7 tr\u1ee3 k\u1ebft n\u1ed1i c\u1ed5ng: USB 2.0 t\u1ed1c \u0111\u1ed9 cao.  -\u00a0H\u1ed7 tr\u1ee3 k\u1ebft n\u1ed1i c\u1ed5ng m\u1ea1ng: Gigabit Ethernet 10\/100\/1000T.  -\u00a0Ng\u00f4n ng\u1eef in: HP PCL 6, HP PCL 5e, HP Postscript Level 3 emulation, native PDF printing (v 1.7).  -\u00a0T\u00ednh n\u0103ng in di \u0111\u1ed9ng: HP ePrint, Apple AirPrint\u2122.  -\u00a0K\u00edch th\u01b0\u1edbc: 425 x 451 x 399 mm.  -\u00a0Tr\u1ecdng l\u01b0\u1ee3ng: 22.6 kg.","og_url":"https:\/\/pluginviet.com\/mau38\/san-pham\/may-in-hp-laserjet-enterprise-m604n\/","og_site_name":"M\u1eabu 2","article_modified_time":"2022-11-10T07:33:09+00:00","og_image":[{"width":474,"height":356,"url":"https:\/\/pluginviet.com\/mau38\/wp-content\/uploads\/2021\/12\/892_hp_laserjet_m604n.png","type":"image\/png"}],"twitter_card":"summary_large_image","schema":{"@context":"https:\/\/schema.org","@graph":[{"@type":"WebPage","@id":"https:\/\/pluginviet.com\/mau38\/san-pham\/may-in-hp-laserjet-enterprise-m604n\/","url":"https:\/\/pluginviet.com\/mau38\/san-pham\/may-in-hp-laserjet-enterprise-m604n\/","name":"M\u00e1y in HP LaserJet Enterprise M604n - M\u1eabu 2","isPartOf":{"@id":"https:\/\/pluginviet.com\/mau38\/#website"},"datePublished":"2021-12-21T05:53:03+00:00","dateModified":"2022-11-10T07:33:09+00:00","breadcrumb":{"@id":"https:\/\/pluginviet.com\/mau38\/san-pham\/may-in-hp-laserjet-enterprise-m604n\/#breadcrumb"},"inLanguage":"vi","potentialAction":[{"@type":"ReadAction","target":["https:\/\/pluginviet.com\/mau38\/san-pham\/may-in-hp-laserjet-enterprise-m604n\/"]}]},{"@type":"BreadcrumbList","@id":"https:\/\/pluginviet.com\/mau38\/san-pham\/may-in-hp-laserjet-enterprise-m604n\/#breadcrumb","itemListElement":[{"@type":"ListItem","position":1,"name":"Trang ch\u1ee7","item":"https:\/\/pluginviet.com\/mau38\/"},{"@type":"ListItem","position":2,"name":"Shop","item":"https:\/\/pluginviet.com\/mau38\/shop\/"},{"@type":"ListItem","position":3,"name":"M\u00e1y in HP LaserJet Enterprise M604n"}]},{"@type":"WebSite","@id":"https:\/\/pluginviet.com\/mau38\/#website","url":"https:\/\/pluginviet.com\/mau38\/","name":"M\u1eabu 2","description":"","potentialAction":[{"@type":"SearchAction","target":{"@type":"EntryPoint","urlTemplate":"https:\/\/pluginviet.com\/mau38\/?s={search_term_string}"},"query-input":"required name=search_term_string"}],"inLanguage":"vi"}]}},"_links":{"self":[{"href":"https:\/\/pluginviet.com\/mau38\/wp-json\/wp\/v2\/product\/2234"}],"collection":[{"href":"https:\/\/pluginviet.com\/mau38\/wp-json\/wp\/v2\/product"}],"about":[{"href":"https:\/\/pluginviet.com\/mau38\/wp-json\/wp\/v2\/types\/product"}],"replies":[{"embeddable":true,"href":"https:\/\/pluginviet.com\/mau38\/wp-json\/wp\/v2\/comments?post=2234"}],"wp:featuredmedia":[{"embeddable":true,"href":"https:\/\/pluginviet.com\/mau38\/wp-json\/wp\/v2\/media\/2235"}],"wp:attachment":[{"href":"https:\/\/pluginviet.com\/mau38\/wp-json\/wp\/v2\/media?parent=2234"}],"wp:term":[{"taxonomy":"product_cat","embeddable":true,"href":"https:\/\/pluginviet.com\/mau38\/wp-json\/wp\/v2\/product_cat?post=2234"},{"taxonomy":"product_tag","embeddable":true,"href":"https:\/\/pluginviet.com\/mau38\/wp-json\/wp\/v2\/product_tag?post=2234"}],"curies":[{"name":"wp","href":"https:\/\/api.w.org\/{rel}","templated":true}]}}