{"id":2192,"date":"2021-12-21T01:20:29","date_gmt":"2021-12-21T01:20:29","guid":{"rendered":"http:\/\/khachhang.webrt.vn\/phong\/huytuantelecom\/?post_type=product&#038;p=2192"},"modified":"2022-11-10T07:33:34","modified_gmt":"2022-11-10T07:33:34","slug":"may-in-laser-da-chuc-nang-canon-mf244dw","status":"publish","type":"product","link":"https:\/\/pluginviet.com\/mau38\/san-pham\/may-in-laser-da-chuc-nang-canon-mf244dw\/","title":{"rendered":"M\u00e1y in laser \u0111a ch\u1ee9c n\u0103ng Canon MF244DW"},"content":{"rendered":"","protected":false},"excerpt":{"rendered":"<p><span class=\"item \">M\u00e1y in Canon MF244dw<\/span><span class=\"item \"><i class=\"fa fa-check-circle\"><\/i>Lo\u1ea1i m\u00e1y in : M\u00e1y in laser \u0111en tr\u1eafng \u0111a n\u0103ng (In, Sao ch\u00e9p, Qu\u00e9t) \u0111\u1ea3o m\u1eb7t<\/span><span class=\"item \"><i class=\"fa fa-check-circle\"><\/i>Xu\u1ea5t x\u1ee9:\u00a0<b><span style=\"color: red;\">Korea<\/span><\/b><\/span><span class=\"item \"><i class=\"fa fa-check-circle\"><\/i>T\u1ed1c \u0111\u1ed9 : 27 trang\/ph\u00fat<\/span><span class=\"item hide d-block\"><i class=\"fa fa-check-circle\"><\/i>Kh\u1ed5 gi\u1ea5y t\u1ed1i \u0111a : A4.<\/span><span class=\"item hide d-block\"><i class=\"fa fa-check-circle\"><\/i>\u0110\u1ed9 ph\u00e2n gi\u1ea3i : 600 x 600dpi<\/span><span class=\"item hide d-block\"><i class=\"fa fa-check-circle\"><\/i>Khay gi\u1ea5y ti\u00eau chu\u1ea9n : 250 t\u1edd.<\/span><span class=\"item hide d-block\"><i class=\"fa fa-check-circle\"><\/i>Khay \u0111a n\u0103ng: 1 t\u1edd.<\/span><span class=\"item hide d-block\"><i class=\"fa fa-check-circle\"><\/i>Tr\u1ecdng l\u01b0\u1ee3ng : 12.7kg<\/span><span class=\"item hide d-block\"><i class=\"fa fa-check-circle\"><\/i>Ngu\u1ed3n \u0111i\u1ec7n: 220 \u2013 240V, 50\/60Hz<\/span><span class=\"item hide d-block\"><i class=\"fa fa-check-circle\"><\/i>C\u1ed5ng k\u1ebft n\u1ed1i : USB Device High-Speed 2.0, Shared 10\/100\/1000 BASE-T Ethernet (Network), Wi-Fi 802.11b\/g\/n<\/span><\/p>\n","protected":false},"featured_media":2195,"comment_status":"open","ping_status":"closed","template":"","meta":[],"product_cat":[157],"product_tag":[184],"yoast_head":"<!-- This site is optimized with the Yoast SEO plugin v21.5 - https:\/\/yoast.com\/wordpress\/plugins\/seo\/ -->\n<title>M\u00e1y in laser \u0111a ch\u1ee9c n\u0103ng Canon MF244DW - M\u1eabu 2<\/title>\n<meta name=\"description\" content=\"S\u1ea3n ph\u1ea9m Ma\u0301y in laser \u0111en tr\u0103\u0301ngH\u00e3ng s\u1ea3n xu\u1ea5t CanonModel \u0110a ch\u01b0\u0301c n\u0103ng MF244DWCh\u1ee9c n\u0103ng Copy - In - Scan - Duplex - ADF - WifiKh\u1ed5 gi\u1ea5y A4, B5, A5, LGL, LTR, STMT, EXE, OFFICIO, B-OFFICIO, M-OFFICIO, GLTR, GLGL, FLS, 16K, IndexCard Kh\u00f4\u0309 bao th\u01b0: COM10, Monarch, C5, DL, kh\u00f4\u0309 tuy\u0300 cho\u0323n (T\u00f4\u0301i thi\u00ea\u0309u 76,2 x 210mm \u0111\u00ea\u0301n t\u00f4\u0301i \u0111a 216 x 356mm)B\u00f4\u0323 nh\u01a1\u0301 512MbT\u1ed1c \u0111\u1ed9 in\/copy :T\u00f4\u0301c \u0111\u00f4\u0323 in 27 ppm (A4)In \u0111\u1ea3o m\u1eb7t Co\u0301ADF Co\u0301\u0110\u1ed9 ph\u00e2n gi\u1ea3i in 600 x 600dpi, 1200 x 1200dpi (equivalent), Quy\u00e9t 600 x 600dpi (quang ho\u0323c), 9600 x 9600dpi (n\u00f4\u0323i suy)C\u1ed5ng giao ti\u1ebfp USB\/ LAN\/ WIFIDu\u0300ng m\u1ef1c Catridge Canon 337 (2,400 trang)M\u00f4 ta\u0309 kha\u0301c Khay Cassett 250 t\u01a1\u0300\/ khay tay 1 t\u01a1\u0300\/Ph\u00f3ng to, thu nho\u0309 25 - 400%.\/K\u00ea\u0301t n\u00f4\u0301i USB 2.0 t\u00f4\u0301c \u0111\u00f4\u0323 cao, 10 \/ 100 Base-T\/Base-TX Ethernet (Network).Wi-Fi 802.11b\/g\/n\/Khay na\u0323p gi\u00e2\u0301y t\u01b0\u0323 \u0111\u00f4\u0323ng ADF 35 t\u01a1\u0300. L\u01b0\u01a1\u0323ng in khuy\u00ea\u0301n nghi\u0323 h\u00e0ng th\u00e1ng 500-2,000 trang\" \/>\n<meta name=\"robots\" content=\"index, follow, max-snippet:-1, max-image-preview:large, max-video-preview:-1\" \/>\n<link rel=\"canonical\" href=\"https:\/\/pluginviet.com\/mau38\/san-pham\/may-in-laser-da-chuc-nang-canon-mf244dw\/\" \/>\n<meta property=\"og:locale\" content=\"vi_VN\" \/>\n<meta property=\"og:type\" content=\"article\" \/>\n<meta property=\"og:title\" content=\"M\u00e1y in laser \u0111a ch\u1ee9c n\u0103ng Canon MF244DW - M\u1eabu 2\" \/>\n<meta property=\"og:description\" content=\"S\u1ea3n ph\u1ea9m Ma\u0301y in laser \u0111en tr\u0103\u0301ngH\u00e3ng s\u1ea3n xu\u1ea5t CanonModel \u0110a ch\u01b0\u0301c n\u0103ng MF244DWCh\u1ee9c n\u0103ng Copy - In - Scan - Duplex - ADF - WifiKh\u1ed5 gi\u1ea5y A4, B5, A5, LGL, LTR, STMT, EXE, OFFICIO, B-OFFICIO, M-OFFICIO, GLTR, GLGL, FLS, 16K, IndexCard Kh\u00f4\u0309 bao th\u01b0: COM10, Monarch, C5, DL, kh\u00f4\u0309 tuy\u0300 cho\u0323n (T\u00f4\u0301i thi\u00ea\u0309u 76,2 x 210mm \u0111\u00ea\u0301n t\u00f4\u0301i \u0111a 216 x 356mm)B\u00f4\u0323 nh\u01a1\u0301 512MbT\u1ed1c \u0111\u1ed9 in\/copy :T\u00f4\u0301c \u0111\u00f4\u0323 in 27 ppm (A4)In \u0111\u1ea3o m\u1eb7t Co\u0301ADF Co\u0301\u0110\u1ed9 ph\u00e2n gi\u1ea3i in 600 x 600dpi, 1200 x 1200dpi (equivalent), Quy\u00e9t 600 x 600dpi (quang ho\u0323c), 9600 x 9600dpi (n\u00f4\u0323i suy)C\u1ed5ng giao ti\u1ebfp USB\/ LAN\/ WIFIDu\u0300ng m\u1ef1c Catridge Canon 337 (2,400 trang)M\u00f4 ta\u0309 kha\u0301c Khay Cassett 250 t\u01a1\u0300\/ khay tay 1 t\u01a1\u0300\/Ph\u00f3ng to, thu nho\u0309 25 - 400%.\/K\u00ea\u0301t n\u00f4\u0301i USB 2.0 t\u00f4\u0301c \u0111\u00f4\u0323 cao, 10 \/ 100 Base-T\/Base-TX Ethernet (Network).Wi-Fi 802.11b\/g\/n\/Khay na\u0323p gi\u00e2\u0301y t\u01b0\u0323 \u0111\u00f4\u0323ng ADF 35 t\u01a1\u0300. L\u01b0\u01a1\u0323ng in khuy\u00ea\u0301n nghi\u0323 h\u00e0ng th\u00e1ng 500-2,000 trang\" \/>\n<meta property=\"og:url\" content=\"https:\/\/pluginviet.com\/mau38\/san-pham\/may-in-laser-da-chuc-nang-canon-mf244dw\/\" \/>\n<meta property=\"og:site_name\" content=\"M\u1eabu 2\" \/>\n<meta property=\"article:modified_time\" content=\"2022-11-10T07:33:34+00:00\" \/>\n<meta property=\"og:image\" content=\"https:\/\/pluginviet.com\/mau38\/wp-content\/uploads\/2021\/12\/MF_244DW_HOBeauty_098_675x450__80163_zoom.jpg\" \/>\n\t<meta property=\"og:image:width\" content=\"675\" \/>\n\t<meta property=\"og:image:height\" content=\"450\" \/>\n\t<meta property=\"og:image:type\" content=\"image\/jpeg\" \/>\n<meta name=\"twitter:card\" content=\"summary_large_image\" \/>\n<script type=\"application\/ld+json\" class=\"yoast-schema-graph\">{\"@context\":\"https:\/\/schema.org\",\"@graph\":[{\"@type\":\"WebPage\",\"@id\":\"https:\/\/pluginviet.com\/mau38\/san-pham\/may-in-laser-da-chuc-nang-canon-mf244dw\/\",\"url\":\"https:\/\/pluginviet.com\/mau38\/san-pham\/may-in-laser-da-chuc-nang-canon-mf244dw\/\",\"name\":\"M\u00e1y in laser \u0111a ch\u1ee9c n\u0103ng Canon MF244DW - M\u1eabu 2\",\"isPartOf\":{\"@id\":\"https:\/\/pluginviet.com\/mau38\/#website\"},\"datePublished\":\"2021-12-21T01:20:29+00:00\",\"dateModified\":\"2022-11-10T07:33:34+00:00\",\"description\":\"S\u1ea3n ph\u1ea9m Ma\u0301y in laser \u0111en tr\u0103\u0301ngH\u00e3ng s\u1ea3n xu\u1ea5t CanonModel \u0110a ch\u01b0\u0301c n\u0103ng MF244DWCh\u1ee9c n\u0103ng Copy - In - Scan - Duplex - ADF - WifiKh\u1ed5 gi\u1ea5y A4, B5, A5, LGL, LTR, STMT, EXE, OFFICIO, B-OFFICIO, M-OFFICIO, GLTR, GLGL, FLS, 16K, IndexCard Kh\u00f4\u0309 bao th\u01b0: COM10, Monarch, C5, DL, kh\u00f4\u0309 tuy\u0300 cho\u0323n (T\u00f4\u0301i thi\u00ea\u0309u 76,2 x 210mm \u0111\u00ea\u0301n t\u00f4\u0301i \u0111a 216 x 356mm)B\u00f4\u0323 nh\u01a1\u0301 512MbT\u1ed1c \u0111\u1ed9 in\/copy :T\u00f4\u0301c \u0111\u00f4\u0323 in 27 ppm (A4)In \u0111\u1ea3o m\u1eb7t Co\u0301ADF Co\u0301\u0110\u1ed9 ph\u00e2n gi\u1ea3i in 600 x 600dpi, 1200 x 1200dpi (equivalent), Quy\u00e9t 600 x 600dpi (quang ho\u0323c), 9600 x 9600dpi (n\u00f4\u0323i suy)C\u1ed5ng giao ti\u1ebfp USB\/ LAN\/ WIFIDu\u0300ng m\u1ef1c Catridge Canon 337 (2,400 trang)M\u00f4 ta\u0309 kha\u0301c Khay Cassett 250 t\u01a1\u0300\/ khay tay 1 t\u01a1\u0300\/Ph\u00f3ng to, thu nho\u0309 25 - 400%.\/K\u00ea\u0301t n\u00f4\u0301i USB 2.0 t\u00f4\u0301c \u0111\u00f4\u0323 cao, 10 \/ 100 Base-T\/Base-TX Ethernet (Network).Wi-Fi 802.11b\/g\/n\/Khay na\u0323p gi\u00e2\u0301y t\u01b0\u0323 \u0111\u00f4\u0323ng ADF 35 t\u01a1\u0300. L\u01b0\u01a1\u0323ng in khuy\u00ea\u0301n nghi\u0323 h\u00e0ng th\u00e1ng 500-2,000 trang\",\"breadcrumb\":{\"@id\":\"https:\/\/pluginviet.com\/mau38\/san-pham\/may-in-laser-da-chuc-nang-canon-mf244dw\/#breadcrumb\"},\"inLanguage\":\"vi\",\"potentialAction\":[{\"@type\":\"ReadAction\",\"target\":[\"https:\/\/pluginviet.com\/mau38\/san-pham\/may-in-laser-da-chuc-nang-canon-mf244dw\/\"]}]},{\"@type\":\"BreadcrumbList\",\"@id\":\"https:\/\/pluginviet.com\/mau38\/san-pham\/may-in-laser-da-chuc-nang-canon-mf244dw\/#breadcrumb\",\"itemListElement\":[{\"@type\":\"ListItem\",\"position\":1,\"name\":\"Trang ch\u1ee7\",\"item\":\"https:\/\/pluginviet.com\/mau38\/\"},{\"@type\":\"ListItem\",\"position\":2,\"name\":\"Shop\",\"item\":\"https:\/\/pluginviet.com\/mau38\/shop\/\"},{\"@type\":\"ListItem\",\"position\":3,\"name\":\"M\u00e1y in laser \u0111a ch\u1ee9c n\u0103ng Canon MF244DW\"}]},{\"@type\":\"WebSite\",\"@id\":\"https:\/\/pluginviet.com\/mau38\/#website\",\"url\":\"https:\/\/pluginviet.com\/mau38\/\",\"name\":\"M\u1eabu 2\",\"description\":\"\",\"potentialAction\":[{\"@type\":\"SearchAction\",\"target\":{\"@type\":\"EntryPoint\",\"urlTemplate\":\"https:\/\/pluginviet.com\/mau38\/?s={search_term_string}\"},\"query-input\":\"required name=search_term_string\"}],\"inLanguage\":\"vi\"}]}<\/script>\n<!-- \/ Yoast SEO plugin. -->","yoast_head_json":{"title":"M\u00e1y in laser \u0111a ch\u1ee9c n\u0103ng Canon MF244DW - M\u1eabu 2","description":"S\u1ea3n ph\u1ea9m Ma\u0301y in laser \u0111en tr\u0103\u0301ngH\u00e3ng s\u1ea3n xu\u1ea5t CanonModel \u0110a ch\u01b0\u0301c n\u0103ng MF244DWCh\u1ee9c n\u0103ng Copy - In - Scan - Duplex - ADF - WifiKh\u1ed5 gi\u1ea5y A4, B5, A5, LGL, LTR, STMT, EXE, OFFICIO, B-OFFICIO, M-OFFICIO, GLTR, GLGL, FLS, 16K, IndexCard Kh\u00f4\u0309 bao th\u01b0: COM10, Monarch, C5, DL, kh\u00f4\u0309 tuy\u0300 cho\u0323n (T\u00f4\u0301i thi\u00ea\u0309u 76,2 x 210mm \u0111\u00ea\u0301n t\u00f4\u0301i \u0111a 216 x 356mm)B\u00f4\u0323 nh\u01a1\u0301 512MbT\u1ed1c \u0111\u1ed9 in\/copy :T\u00f4\u0301c \u0111\u00f4\u0323 in 27 ppm (A4)In \u0111\u1ea3o m\u1eb7t Co\u0301ADF Co\u0301\u0110\u1ed9 ph\u00e2n gi\u1ea3i in 600 x 600dpi, 1200 x 1200dpi (equivalent), Quy\u00e9t 600 x 600dpi (quang ho\u0323c), 9600 x 9600dpi (n\u00f4\u0323i suy)C\u1ed5ng giao ti\u1ebfp USB\/ LAN\/ WIFIDu\u0300ng m\u1ef1c Catridge Canon 337 (2,400 trang)M\u00f4 ta\u0309 kha\u0301c Khay Cassett 250 t\u01a1\u0300\/ khay tay 1 t\u01a1\u0300\/Ph\u00f3ng to, thu nho\u0309 25 - 400%.\/K\u00ea\u0301t n\u00f4\u0301i USB 2.0 t\u00f4\u0301c \u0111\u00f4\u0323 cao, 10 \/ 100 Base-T\/Base-TX Ethernet (Network).Wi-Fi 802.11b\/g\/n\/Khay na\u0323p gi\u00e2\u0301y t\u01b0\u0323 \u0111\u00f4\u0323ng ADF 35 t\u01a1\u0300. L\u01b0\u01a1\u0323ng in khuy\u00ea\u0301n nghi\u0323 h\u00e0ng th\u00e1ng 500-2,000 trang","robots":{"index":"index","follow":"follow","max-snippet":"max-snippet:-1","max-image-preview":"max-image-preview:large","max-video-preview":"max-video-preview:-1"},"canonical":"https:\/\/pluginviet.com\/mau38\/san-pham\/may-in-laser-da-chuc-nang-canon-mf244dw\/","og_locale":"vi_VN","og_type":"article","og_title":"M\u00e1y in laser \u0111a ch\u1ee9c n\u0103ng Canon MF244DW - M\u1eabu 2","og_description":"S\u1ea3n ph\u1ea9m Ma\u0301y in laser \u0111en tr\u0103\u0301ngH\u00e3ng s\u1ea3n xu\u1ea5t CanonModel \u0110a ch\u01b0\u0301c n\u0103ng MF244DWCh\u1ee9c n\u0103ng Copy - In - Scan - Duplex - ADF - WifiKh\u1ed5 gi\u1ea5y A4, B5, A5, LGL, LTR, STMT, EXE, OFFICIO, B-OFFICIO, M-OFFICIO, GLTR, GLGL, FLS, 16K, IndexCard Kh\u00f4\u0309 bao th\u01b0: COM10, Monarch, C5, DL, kh\u00f4\u0309 tuy\u0300 cho\u0323n (T\u00f4\u0301i thi\u00ea\u0309u 76,2 x 210mm \u0111\u00ea\u0301n t\u00f4\u0301i \u0111a 216 x 356mm)B\u00f4\u0323 nh\u01a1\u0301 512MbT\u1ed1c \u0111\u1ed9 in\/copy :T\u00f4\u0301c \u0111\u00f4\u0323 in 27 ppm (A4)In \u0111\u1ea3o m\u1eb7t Co\u0301ADF Co\u0301\u0110\u1ed9 ph\u00e2n gi\u1ea3i in 600 x 600dpi, 1200 x 1200dpi (equivalent), Quy\u00e9t 600 x 600dpi (quang ho\u0323c), 9600 x 9600dpi (n\u00f4\u0323i suy)C\u1ed5ng giao ti\u1ebfp USB\/ LAN\/ WIFIDu\u0300ng m\u1ef1c Catridge Canon 337 (2,400 trang)M\u00f4 ta\u0309 kha\u0301c Khay Cassett 250 t\u01a1\u0300\/ khay tay 1 t\u01a1\u0300\/Ph\u00f3ng to, thu nho\u0309 25 - 400%.\/K\u00ea\u0301t n\u00f4\u0301i USB 2.0 t\u00f4\u0301c \u0111\u00f4\u0323 cao, 10 \/ 100 Base-T\/Base-TX Ethernet (Network).Wi-Fi 802.11b\/g\/n\/Khay na\u0323p gi\u00e2\u0301y t\u01b0\u0323 \u0111\u00f4\u0323ng ADF 35 t\u01a1\u0300. L\u01b0\u01a1\u0323ng in khuy\u00ea\u0301n nghi\u0323 h\u00e0ng th\u00e1ng 500-2,000 trang","og_url":"https:\/\/pluginviet.com\/mau38\/san-pham\/may-in-laser-da-chuc-nang-canon-mf244dw\/","og_site_name":"M\u1eabu 2","article_modified_time":"2022-11-10T07:33:34+00:00","og_image":[{"width":675,"height":450,"url":"https:\/\/pluginviet.com\/mau38\/wp-content\/uploads\/2021\/12\/MF_244DW_HOBeauty_098_675x450__80163_zoom.jpg","type":"image\/jpeg"}],"twitter_card":"summary_large_image","schema":{"@context":"https:\/\/schema.org","@graph":[{"@type":"WebPage","@id":"https:\/\/pluginviet.com\/mau38\/san-pham\/may-in-laser-da-chuc-nang-canon-mf244dw\/","url":"https:\/\/pluginviet.com\/mau38\/san-pham\/may-in-laser-da-chuc-nang-canon-mf244dw\/","name":"M\u00e1y in laser \u0111a ch\u1ee9c n\u0103ng Canon MF244DW - M\u1eabu 2","isPartOf":{"@id":"https:\/\/pluginviet.com\/mau38\/#website"},"datePublished":"2021-12-21T01:20:29+00:00","dateModified":"2022-11-10T07:33:34+00:00","description":"S\u1ea3n ph\u1ea9m Ma\u0301y in laser \u0111en tr\u0103\u0301ngH\u00e3ng s\u1ea3n xu\u1ea5t CanonModel \u0110a ch\u01b0\u0301c n\u0103ng MF244DWCh\u1ee9c n\u0103ng Copy - In - Scan - Duplex - ADF - WifiKh\u1ed5 gi\u1ea5y A4, B5, A5, LGL, LTR, STMT, EXE, OFFICIO, B-OFFICIO, M-OFFICIO, GLTR, GLGL, FLS, 16K, IndexCard Kh\u00f4\u0309 bao th\u01b0: COM10, Monarch, C5, DL, kh\u00f4\u0309 tuy\u0300 cho\u0323n (T\u00f4\u0301i thi\u00ea\u0309u 76,2 x 210mm \u0111\u00ea\u0301n t\u00f4\u0301i \u0111a 216 x 356mm)B\u00f4\u0323 nh\u01a1\u0301 512MbT\u1ed1c \u0111\u1ed9 in\/copy :T\u00f4\u0301c \u0111\u00f4\u0323 in 27 ppm (A4)In \u0111\u1ea3o m\u1eb7t Co\u0301ADF Co\u0301\u0110\u1ed9 ph\u00e2n gi\u1ea3i in 600 x 600dpi, 1200 x 1200dpi (equivalent), Quy\u00e9t 600 x 600dpi (quang ho\u0323c), 9600 x 9600dpi (n\u00f4\u0323i suy)C\u1ed5ng giao ti\u1ebfp USB\/ LAN\/ WIFIDu\u0300ng m\u1ef1c Catridge Canon 337 (2,400 trang)M\u00f4 ta\u0309 kha\u0301c Khay Cassett 250 t\u01a1\u0300\/ khay tay 1 t\u01a1\u0300\/Ph\u00f3ng to, thu nho\u0309 25 - 400%.\/K\u00ea\u0301t n\u00f4\u0301i USB 2.0 t\u00f4\u0301c \u0111\u00f4\u0323 cao, 10 \/ 100 Base-T\/Base-TX Ethernet (Network).Wi-Fi 802.11b\/g\/n\/Khay na\u0323p gi\u00e2\u0301y t\u01b0\u0323 \u0111\u00f4\u0323ng ADF 35 t\u01a1\u0300. L\u01b0\u01a1\u0323ng in khuy\u00ea\u0301n nghi\u0323 h\u00e0ng th\u00e1ng 500-2,000 trang","breadcrumb":{"@id":"https:\/\/pluginviet.com\/mau38\/san-pham\/may-in-laser-da-chuc-nang-canon-mf244dw\/#breadcrumb"},"inLanguage":"vi","potentialAction":[{"@type":"ReadAction","target":["https:\/\/pluginviet.com\/mau38\/san-pham\/may-in-laser-da-chuc-nang-canon-mf244dw\/"]}]},{"@type":"BreadcrumbList","@id":"https:\/\/pluginviet.com\/mau38\/san-pham\/may-in-laser-da-chuc-nang-canon-mf244dw\/#breadcrumb","itemListElement":[{"@type":"ListItem","position":1,"name":"Trang ch\u1ee7","item":"https:\/\/pluginviet.com\/mau38\/"},{"@type":"ListItem","position":2,"name":"Shop","item":"https:\/\/pluginviet.com\/mau38\/shop\/"},{"@type":"ListItem","position":3,"name":"M\u00e1y in laser \u0111a ch\u1ee9c n\u0103ng Canon MF244DW"}]},{"@type":"WebSite","@id":"https:\/\/pluginviet.com\/mau38\/#website","url":"https:\/\/pluginviet.com\/mau38\/","name":"M\u1eabu 2","description":"","potentialAction":[{"@type":"SearchAction","target":{"@type":"EntryPoint","urlTemplate":"https:\/\/pluginviet.com\/mau38\/?s={search_term_string}"},"query-input":"required name=search_term_string"}],"inLanguage":"vi"}]}},"_links":{"self":[{"href":"https:\/\/pluginviet.com\/mau38\/wp-json\/wp\/v2\/product\/2192"}],"collection":[{"href":"https:\/\/pluginviet.com\/mau38\/wp-json\/wp\/v2\/product"}],"about":[{"href":"https:\/\/pluginviet.com\/mau38\/wp-json\/wp\/v2\/types\/product"}],"replies":[{"embeddable":true,"href":"https:\/\/pluginviet.com\/mau38\/wp-json\/wp\/v2\/comments?post=2192"}],"wp:featuredmedia":[{"embeddable":true,"href":"https:\/\/pluginviet.com\/mau38\/wp-json\/wp\/v2\/media\/2195"}],"wp:attachment":[{"href":"https:\/\/pluginviet.com\/mau38\/wp-json\/wp\/v2\/media?parent=2192"}],"wp:term":[{"taxonomy":"product_cat","embeddable":true,"href":"https:\/\/pluginviet.com\/mau38\/wp-json\/wp\/v2\/product_cat?post=2192"},{"taxonomy":"product_tag","embeddable":true,"href":"https:\/\/pluginviet.com\/mau38\/wp-json\/wp\/v2\/product_tag?post=2192"}],"curies":[{"name":"wp","href":"https:\/\/api.w.org\/{rel}","templated":true}]}}