{"id":1898,"date":"2021-12-16T06:19:20","date_gmt":"2021-12-16T06:19:20","guid":{"rendered":"http:\/\/khachhang.webrt.vn\/phong\/huytuantelecom\/?post_type=product&#038;p=1898"},"modified":"2021-12-16T06:19:20","modified_gmt":"2021-12-16T06:19:20","slug":"tong-dai-analog-adsun-fx106pc","status":"publish","type":"product","link":"https:\/\/pluginviet.com\/mau38\/san-pham\/tong-dai-analog-adsun-fx106pc\/","title":{"rendered":"T\u1ed5ng \u0111\u00e0i Analog ADSUN FX106PC"},"content":{"rendered":"<p style=\"text-align: justify;\"><span style=\"color: #000000;\"><strong>Th\u01b0\u01a1ng hi\u1ec7u ADSUN &#8211;<\/strong> Nh\u00e0 s\u1ea3n xu\u1ea5t, ph\u00e2n ph\u1ed1i thi\u1ebft b\u1ecb gi\u00e1m s\u00e1t h\u00e0nh, t\u1ed5ng \u0111\u00e0i \u0111i\u1ec7n tho\u1ea1i, \u0111\u1ed3ng h\u1ed3 t\u00ednh c\u01b0\u1edbc taxi, h\u1ec7 th\u00f4ng qu\u1ea3n l\u00fd gi\u00e1m s\u00e1t d\u00e2y chuy\u1ec1n s\u1ea3n xu\u1ea5t &#8230; S\u1ea3n ph\u1ea9m c\u1ee7a ADSUN mang th\u01b0\u01a1ng hi\u1ec7u Vi\u1ec7t Nam, \u0111\u00e3 \u0111\u01b0\u1ee3c kh\u1eb3ng \u0111\u1ecbnh ch\u1ea5t l\u01b0\u1ee3ng tr\u00ean th\u1ecb tr\u01b0\u1eddng trong h\u01a1n 10 n\u0103m qua.<\/span><\/p>\n","protected":false},"excerpt":{"rendered":"<p style=\"text-align: justify;\"><span style=\"color: #000000; font-size: 16px;\"><strong>T\u1ed5ng \u0111\u00e0i ADSUN FX106PC<\/strong> c\u00f3 1 trung k\u1ebf, 6 m\u00e1y nh\u00e1nh, c\u00e0i \u0111\u1eb7t l\u1eadp tr\u00ecnh r\u1ea5t thu\u1eadn ti\u1ec7n b\u1eb1ng m\u00e1y \u0111i\u1ec7n tho\u1ea1i th\u01b0\u1eddng, l\u1ec7nh \u0111\u01a1n gi\u1ea3n, gi\u00e1 r\u1ebb, ch\u1ea5t l\u01b0\u1ee3ng t\u1ed1t. C\u00f3 gi\u00e1 s\u1ec9 d\u00e0nh cho \u0111\u1ea1i l\u00fd, giao h\u00e0ng mi\u1ec5n ph\u00ed.<\/span><\/p>\n","protected":false},"featured_media":1899,"comment_status":"open","ping_status":"closed","template":"","meta":[],"product_cat":[148],"product_tag":[],"yoast_head":"<!-- This site is optimized with the Yoast SEO plugin v21.5 - https:\/\/yoast.com\/wordpress\/plugins\/seo\/ -->\n<title>T\u1ed5ng \u0111\u00e0i Analog ADSUN FX106PC - M\u1eabu 2<\/title>\n<meta name=\"robots\" content=\"index, follow, max-snippet:-1, max-image-preview:large, max-video-preview:-1\" \/>\n<link rel=\"canonical\" href=\"https:\/\/pluginviet.com\/mau38\/san-pham\/tong-dai-analog-adsun-fx106pc\/\" \/>\n<meta property=\"og:locale\" content=\"vi_VN\" \/>\n<meta property=\"og:type\" content=\"article\" \/>\n<meta property=\"og:title\" content=\"T\u1ed5ng \u0111\u00e0i Analog ADSUN FX106PC - M\u1eabu 2\" \/>\n<meta property=\"og:description\" content=\"T\u1ed5ng \u0111\u00e0i ADSUN FX106PC c\u00f3 1 trung k\u1ebf, 6 m\u00e1y nh\u00e1nh, c\u00e0i \u0111\u1eb7t l\u1eadp tr\u00ecnh r\u1ea5t thu\u1eadn ti\u1ec7n b\u1eb1ng m\u00e1y \u0111i\u1ec7n tho\u1ea1i th\u01b0\u1eddng, l\u1ec7nh \u0111\u01a1n gi\u1ea3n, gi\u00e1 r\u1ebb, ch\u1ea5t l\u01b0\u1ee3ng t\u1ed1t. C\u00f3 gi\u00e1 s\u1ec9 d\u00e0nh cho \u0111\u1ea1i l\u00fd, giao h\u00e0ng mi\u1ec5n ph\u00ed.\" \/>\n<meta property=\"og:url\" content=\"https:\/\/pluginviet.com\/mau38\/san-pham\/tong-dai-analog-adsun-fx106pc\/\" \/>\n<meta property=\"og:site_name\" content=\"M\u1eabu 2\" \/>\n<meta property=\"og:image\" content=\"https:\/\/pluginviet.com\/mau38\/wp-content\/uploads\/2021\/12\/ADSUN-FX106PC-600x600-1.jpg\" \/>\n\t<meta property=\"og:image:width\" content=\"600\" \/>\n\t<meta property=\"og:image:height\" content=\"600\" \/>\n\t<meta property=\"og:image:type\" content=\"image\/jpeg\" \/>\n<meta name=\"twitter:card\" content=\"summary_large_image\" \/>\n<meta name=\"twitter:label1\" content=\"\u01af\u1edbc t\u00ednh th\u1eddi gian \u0111\u1ecdc\" \/>\n\t<meta name=\"twitter:data1\" content=\"1 ph\u00fat\" \/>\n<script type=\"application\/ld+json\" class=\"yoast-schema-graph\">{\"@context\":\"https:\/\/schema.org\",\"@graph\":[{\"@type\":\"WebPage\",\"@id\":\"https:\/\/pluginviet.com\/mau38\/san-pham\/tong-dai-analog-adsun-fx106pc\/\",\"url\":\"https:\/\/pluginviet.com\/mau38\/san-pham\/tong-dai-analog-adsun-fx106pc\/\",\"name\":\"T\u1ed5ng \u0111\u00e0i Analog ADSUN FX106PC - M\u1eabu 2\",\"isPartOf\":{\"@id\":\"https:\/\/pluginviet.com\/mau38\/#website\"},\"datePublished\":\"2021-12-16T06:19:20+00:00\",\"dateModified\":\"2021-12-16T06:19:20+00:00\",\"breadcrumb\":{\"@id\":\"https:\/\/pluginviet.com\/mau38\/san-pham\/tong-dai-analog-adsun-fx106pc\/#breadcrumb\"},\"inLanguage\":\"vi\",\"potentialAction\":[{\"@type\":\"ReadAction\",\"target\":[\"https:\/\/pluginviet.com\/mau38\/san-pham\/tong-dai-analog-adsun-fx106pc\/\"]}]},{\"@type\":\"BreadcrumbList\",\"@id\":\"https:\/\/pluginviet.com\/mau38\/san-pham\/tong-dai-analog-adsun-fx106pc\/#breadcrumb\",\"itemListElement\":[{\"@type\":\"ListItem\",\"position\":1,\"name\":\"Trang ch\u1ee7\",\"item\":\"https:\/\/pluginviet.com\/mau38\/\"},{\"@type\":\"ListItem\",\"position\":2,\"name\":\"Shop\",\"item\":\"https:\/\/pluginviet.com\/mau38\/shop\/\"},{\"@type\":\"ListItem\",\"position\":3,\"name\":\"T\u1ed5ng \u0111\u00e0i Analog ADSUN FX106PC\"}]},{\"@type\":\"WebSite\",\"@id\":\"https:\/\/pluginviet.com\/mau38\/#website\",\"url\":\"https:\/\/pluginviet.com\/mau38\/\",\"name\":\"M\u1eabu 2\",\"description\":\"\",\"potentialAction\":[{\"@type\":\"SearchAction\",\"target\":{\"@type\":\"EntryPoint\",\"urlTemplate\":\"https:\/\/pluginviet.com\/mau38\/?s={search_term_string}\"},\"query-input\":\"required name=search_term_string\"}],\"inLanguage\":\"vi\"}]}<\/script>\n<!-- \/ Yoast SEO plugin. -->","yoast_head_json":{"title":"T\u1ed5ng \u0111\u00e0i Analog ADSUN FX106PC - M\u1eabu 2","robots":{"index":"index","follow":"follow","max-snippet":"max-snippet:-1","max-image-preview":"max-image-preview:large","max-video-preview":"max-video-preview:-1"},"canonical":"https:\/\/pluginviet.com\/mau38\/san-pham\/tong-dai-analog-adsun-fx106pc\/","og_locale":"vi_VN","og_type":"article","og_title":"T\u1ed5ng \u0111\u00e0i Analog ADSUN FX106PC - M\u1eabu 2","og_description":"T\u1ed5ng \u0111\u00e0i ADSUN FX106PC c\u00f3 1 trung k\u1ebf, 6 m\u00e1y nh\u00e1nh, c\u00e0i \u0111\u1eb7t l\u1eadp tr\u00ecnh r\u1ea5t thu\u1eadn ti\u1ec7n b\u1eb1ng m\u00e1y \u0111i\u1ec7n tho\u1ea1i th\u01b0\u1eddng, l\u1ec7nh \u0111\u01a1n gi\u1ea3n, gi\u00e1 r\u1ebb, ch\u1ea5t l\u01b0\u1ee3ng t\u1ed1t. C\u00f3 gi\u00e1 s\u1ec9 d\u00e0nh cho \u0111\u1ea1i l\u00fd, giao h\u00e0ng mi\u1ec5n ph\u00ed.","og_url":"https:\/\/pluginviet.com\/mau38\/san-pham\/tong-dai-analog-adsun-fx106pc\/","og_site_name":"M\u1eabu 2","og_image":[{"width":600,"height":600,"url":"https:\/\/pluginviet.com\/mau38\/wp-content\/uploads\/2021\/12\/ADSUN-FX106PC-600x600-1.jpg","type":"image\/jpeg"}],"twitter_card":"summary_large_image","twitter_misc":{"\u01af\u1edbc t\u00ednh th\u1eddi gian \u0111\u1ecdc":"1 ph\u00fat"},"schema":{"@context":"https:\/\/schema.org","@graph":[{"@type":"WebPage","@id":"https:\/\/pluginviet.com\/mau38\/san-pham\/tong-dai-analog-adsun-fx106pc\/","url":"https:\/\/pluginviet.com\/mau38\/san-pham\/tong-dai-analog-adsun-fx106pc\/","name":"T\u1ed5ng \u0111\u00e0i Analog ADSUN FX106PC - M\u1eabu 2","isPartOf":{"@id":"https:\/\/pluginviet.com\/mau38\/#website"},"datePublished":"2021-12-16T06:19:20+00:00","dateModified":"2021-12-16T06:19:20+00:00","breadcrumb":{"@id":"https:\/\/pluginviet.com\/mau38\/san-pham\/tong-dai-analog-adsun-fx106pc\/#breadcrumb"},"inLanguage":"vi","potentialAction":[{"@type":"ReadAction","target":["https:\/\/pluginviet.com\/mau38\/san-pham\/tong-dai-analog-adsun-fx106pc\/"]}]},{"@type":"BreadcrumbList","@id":"https:\/\/pluginviet.com\/mau38\/san-pham\/tong-dai-analog-adsun-fx106pc\/#breadcrumb","itemListElement":[{"@type":"ListItem","position":1,"name":"Trang ch\u1ee7","item":"https:\/\/pluginviet.com\/mau38\/"},{"@type":"ListItem","position":2,"name":"Shop","item":"https:\/\/pluginviet.com\/mau38\/shop\/"},{"@type":"ListItem","position":3,"name":"T\u1ed5ng \u0111\u00e0i Analog ADSUN FX106PC"}]},{"@type":"WebSite","@id":"https:\/\/pluginviet.com\/mau38\/#website","url":"https:\/\/pluginviet.com\/mau38\/","name":"M\u1eabu 2","description":"","potentialAction":[{"@type":"SearchAction","target":{"@type":"EntryPoint","urlTemplate":"https:\/\/pluginviet.com\/mau38\/?s={search_term_string}"},"query-input":"required name=search_term_string"}],"inLanguage":"vi"}]}},"_links":{"self":[{"href":"https:\/\/pluginviet.com\/mau38\/wp-json\/wp\/v2\/product\/1898"}],"collection":[{"href":"https:\/\/pluginviet.com\/mau38\/wp-json\/wp\/v2\/product"}],"about":[{"href":"https:\/\/pluginviet.com\/mau38\/wp-json\/wp\/v2\/types\/product"}],"replies":[{"embeddable":true,"href":"https:\/\/pluginviet.com\/mau38\/wp-json\/wp\/v2\/comments?post=1898"}],"wp:featuredmedia":[{"embeddable":true,"href":"https:\/\/pluginviet.com\/mau38\/wp-json\/wp\/v2\/media\/1899"}],"wp:attachment":[{"href":"https:\/\/pluginviet.com\/mau38\/wp-json\/wp\/v2\/media?parent=1898"}],"wp:term":[{"taxonomy":"product_cat","embeddable":true,"href":"https:\/\/pluginviet.com\/mau38\/wp-json\/wp\/v2\/product_cat?post=1898"},{"taxonomy":"product_tag","embeddable":true,"href":"https:\/\/pluginviet.com\/mau38\/wp-json\/wp\/v2\/product_tag?post=1898"}],"curies":[{"name":"wp","href":"https:\/\/api.w.org\/{rel}","templated":true}]}}