{"id":1896,"date":"2021-12-16T06:14:11","date_gmt":"2021-12-16T06:14:11","guid":{"rendered":"http:\/\/khachhang.webrt.vn\/phong\/huytuantelecom\/?post_type=product&#038;p=1896"},"modified":"2022-11-10T07:33:46","modified_gmt":"2022-11-10T07:33:46","slug":"bo-dam-hypersia-a1-dam-thoai-1km-3km","status":"publish","type":"product","link":"https:\/\/pluginviet.com\/mau38\/san-pham\/bo-dam-hypersia-a1-dam-thoai-1km-3km\/","title":{"rendered":"B\u1ed9 \u0110\u00e0m Hypersia A1 \u0110\u00e0m Tho\u1ea1i 1KM-3KM"},"content":{"rendered":"<p style=\"text-align: justify;\"><span style=\"color: #000000;\">Hypersia A1 l\u00e0 d\u00f2ng b\u1ed9 \u0111\u00e0m cao c\u1ea5p c\u1ee7a h\u00e3ng b\u1ed9 \u0111\u00e0m n\u1ed5i ti\u1ebfng Hypersia Singapore. \u0110\u00e2y l\u00e0 d\u00f2ng b\u1ed9 \u0111\u00e0m c\u00f3 hi\u1ec7u ho\u1ea1t \u0111\u1ed9ng t\u1ed1t nh\u1ea5t hi\u1ec7n nay. \u0110\u01b0\u1ee3c \u0111\u00e1nh gi\u00e1 l\u00e0 d\u00f2ng s\u1ea3n ph\u1ea9m b\u00e1n ch\u1ea1y nh\u1ea5t ph\u00e2n kh\u00fac t\u1ea1i Vi\u1ec7t Nam v\u00ec c\u00e1c \u01b0u \u0111i\u1ec3m sau:<\/span><\/p>\n<ul>\n<li style=\"text-align: justify;\"><span style=\"color: #000000;\">S\u1ea3n ph\u1ea9m c\u00f3 \u0111\u1ed9 b\u1ec1n b\u1ec9 r\u1ea5t cao.\u00c2m thanh nghe trong tuy\u1ec7t v\u1eddi.<\/span><\/li>\n<li style=\"text-align: justify;\"><span style=\"color: #000000;\">S\u1ea3n ph\u1ea9m \u0111\u01b0\u1ee3c h\u00e3ng b\u1ea3o h\u00e0nh \u0111\u1ed5i m\u1edbi trong th\u1eddi gian b\u1ea3o h\u00e0nh.<\/span><\/li>\n<li style=\"text-align: justify;\"><span style=\"color: #000000;\">S\u1ea3n ph\u1ea9m \u0111\u01b0\u1ee3c \u0111\u0103ng k\u00fd v\u1edbi c\u1ee5c t\u1ea7n s\u1ed1. C\u1ee5c \u0111o l\u01b0\u1eddng ch\u1ea5t l\u01b0\u1ee3ng.<\/span><\/li>\n<\/ul>\n","protected":false},"excerpt":{"rendered":"<p style=\"text-align: justify;\"><span style=\"color: #000000; font-size: 16px;\">B\u1ed9 \u0110\u00e0m Cao C\u1ea5p Hypersia Singapore<\/span><\/p>\n<p style=\"text-align: justify;\"><span style=\"color: #000000; font-size: 16px;\">C\u00f4ng su\u1ea5t ph\u00e1t 7W g\u1ecdi xa t\u1eeb 1km-5km n\u1ed9i th\u00e0nh<\/span><\/p>\n<p style=\"text-align: justify;\"><span style=\"color: #000000; font-size: 16px;\">\u00c2m thanh si\u00eau t\u1ed1t<\/span><\/p>\n<p style=\"text-align: justify;\"><span style=\"color: #000000; font-size: 16px;\">\u0110\u1ed9 b\u1ec1n cao, b\u1ea3o h\u00e0nh \u0111\u1ed5i m\u1edbi<\/span><\/p>\n","protected":false},"featured_media":1897,"comment_status":"open","ping_status":"closed","template":"","meta":[],"product_cat":[148],"product_tag":[],"yoast_head":"<!-- This site is optimized with the Yoast SEO plugin v21.5 - https:\/\/yoast.com\/wordpress\/plugins\/seo\/ -->\n<title>B\u1ed9 \u0110\u00e0m Hypersia A1 \u0110\u00e0m Tho\u1ea1i 1KM-3KM - M\u1eabu 2<\/title>\n<meta name=\"robots\" content=\"index, follow, max-snippet:-1, max-image-preview:large, max-video-preview:-1\" \/>\n<link rel=\"canonical\" href=\"https:\/\/pluginviet.com\/mau38\/san-pham\/bo-dam-hypersia-a1-dam-thoai-1km-3km\/\" \/>\n<meta property=\"og:locale\" content=\"vi_VN\" \/>\n<meta property=\"og:type\" content=\"article\" \/>\n<meta property=\"og:title\" content=\"B\u1ed9 \u0110\u00e0m Hypersia A1 \u0110\u00e0m Tho\u1ea1i 1KM-3KM - M\u1eabu 2\" \/>\n<meta property=\"og:description\" content=\"B\u1ed9 \u0110\u00e0m Cao C\u1ea5p Hypersia Singapore C\u00f4ng su\u1ea5t ph\u00e1t 7W g\u1ecdi xa t\u1eeb 1km-5km n\u1ed9i th\u00e0nh \u00c2m thanh si\u00eau t\u1ed1t \u0110\u1ed9 b\u1ec1n cao, b\u1ea3o h\u00e0nh \u0111\u1ed5i m\u1edbi\" \/>\n<meta property=\"og:url\" content=\"https:\/\/pluginviet.com\/mau38\/san-pham\/bo-dam-hypersia-a1-dam-thoai-1km-3km\/\" \/>\n<meta property=\"og:site_name\" content=\"M\u1eabu 2\" \/>\n<meta property=\"article:modified_time\" content=\"2022-11-10T07:33:46+00:00\" \/>\n<meta property=\"og:image\" content=\"https:\/\/pluginviet.com\/mau38\/wp-content\/uploads\/2021\/12\/bo-dam-hypersia-A1-moi-1.jpg\" \/>\n\t<meta property=\"og:image:width\" content=\"500\" \/>\n\t<meta property=\"og:image:height\" content=\"500\" \/>\n\t<meta property=\"og:image:type\" content=\"image\/jpeg\" \/>\n<meta name=\"twitter:card\" content=\"summary_large_image\" \/>\n<meta name=\"twitter:label1\" content=\"\u01af\u1edbc t\u00ednh th\u1eddi gian \u0111\u1ecdc\" \/>\n\t<meta name=\"twitter:data1\" content=\"1 ph\u00fat\" \/>\n<script type=\"application\/ld+json\" class=\"yoast-schema-graph\">{\"@context\":\"https:\/\/schema.org\",\"@graph\":[{\"@type\":\"WebPage\",\"@id\":\"https:\/\/pluginviet.com\/mau38\/san-pham\/bo-dam-hypersia-a1-dam-thoai-1km-3km\/\",\"url\":\"https:\/\/pluginviet.com\/mau38\/san-pham\/bo-dam-hypersia-a1-dam-thoai-1km-3km\/\",\"name\":\"B\u1ed9 \u0110\u00e0m Hypersia A1 \u0110\u00e0m Tho\u1ea1i 1KM-3KM - M\u1eabu 2\",\"isPartOf\":{\"@id\":\"https:\/\/pluginviet.com\/mau38\/#website\"},\"datePublished\":\"2021-12-16T06:14:11+00:00\",\"dateModified\":\"2022-11-10T07:33:46+00:00\",\"breadcrumb\":{\"@id\":\"https:\/\/pluginviet.com\/mau38\/san-pham\/bo-dam-hypersia-a1-dam-thoai-1km-3km\/#breadcrumb\"},\"inLanguage\":\"vi\",\"potentialAction\":[{\"@type\":\"ReadAction\",\"target\":[\"https:\/\/pluginviet.com\/mau38\/san-pham\/bo-dam-hypersia-a1-dam-thoai-1km-3km\/\"]}]},{\"@type\":\"BreadcrumbList\",\"@id\":\"https:\/\/pluginviet.com\/mau38\/san-pham\/bo-dam-hypersia-a1-dam-thoai-1km-3km\/#breadcrumb\",\"itemListElement\":[{\"@type\":\"ListItem\",\"position\":1,\"name\":\"Trang ch\u1ee7\",\"item\":\"https:\/\/pluginviet.com\/mau38\/\"},{\"@type\":\"ListItem\",\"position\":2,\"name\":\"Shop\",\"item\":\"https:\/\/pluginviet.com\/mau38\/shop\/\"},{\"@type\":\"ListItem\",\"position\":3,\"name\":\"B\u1ed9 \u0110\u00e0m Hypersia A1 \u0110\u00e0m Tho\u1ea1i 1KM-3KM\"}]},{\"@type\":\"WebSite\",\"@id\":\"https:\/\/pluginviet.com\/mau38\/#website\",\"url\":\"https:\/\/pluginviet.com\/mau38\/\",\"name\":\"M\u1eabu 2\",\"description\":\"\",\"potentialAction\":[{\"@type\":\"SearchAction\",\"target\":{\"@type\":\"EntryPoint\",\"urlTemplate\":\"https:\/\/pluginviet.com\/mau38\/?s={search_term_string}\"},\"query-input\":\"required name=search_term_string\"}],\"inLanguage\":\"vi\"}]}<\/script>\n<!-- \/ Yoast SEO plugin. -->","yoast_head_json":{"title":"B\u1ed9 \u0110\u00e0m Hypersia A1 \u0110\u00e0m Tho\u1ea1i 1KM-3KM - M\u1eabu 2","robots":{"index":"index","follow":"follow","max-snippet":"max-snippet:-1","max-image-preview":"max-image-preview:large","max-video-preview":"max-video-preview:-1"},"canonical":"https:\/\/pluginviet.com\/mau38\/san-pham\/bo-dam-hypersia-a1-dam-thoai-1km-3km\/","og_locale":"vi_VN","og_type":"article","og_title":"B\u1ed9 \u0110\u00e0m Hypersia A1 \u0110\u00e0m Tho\u1ea1i 1KM-3KM - M\u1eabu 2","og_description":"B\u1ed9 \u0110\u00e0m Cao C\u1ea5p Hypersia Singapore C\u00f4ng su\u1ea5t ph\u00e1t 7W g\u1ecdi xa t\u1eeb 1km-5km n\u1ed9i th\u00e0nh \u00c2m thanh si\u00eau t\u1ed1t \u0110\u1ed9 b\u1ec1n cao, b\u1ea3o h\u00e0nh \u0111\u1ed5i m\u1edbi","og_url":"https:\/\/pluginviet.com\/mau38\/san-pham\/bo-dam-hypersia-a1-dam-thoai-1km-3km\/","og_site_name":"M\u1eabu 2","article_modified_time":"2022-11-10T07:33:46+00:00","og_image":[{"width":500,"height":500,"url":"https:\/\/pluginviet.com\/mau38\/wp-content\/uploads\/2021\/12\/bo-dam-hypersia-A1-moi-1.jpg","type":"image\/jpeg"}],"twitter_card":"summary_large_image","twitter_misc":{"\u01af\u1edbc t\u00ednh th\u1eddi gian \u0111\u1ecdc":"1 ph\u00fat"},"schema":{"@context":"https:\/\/schema.org","@graph":[{"@type":"WebPage","@id":"https:\/\/pluginviet.com\/mau38\/san-pham\/bo-dam-hypersia-a1-dam-thoai-1km-3km\/","url":"https:\/\/pluginviet.com\/mau38\/san-pham\/bo-dam-hypersia-a1-dam-thoai-1km-3km\/","name":"B\u1ed9 \u0110\u00e0m Hypersia A1 \u0110\u00e0m Tho\u1ea1i 1KM-3KM - M\u1eabu 2","isPartOf":{"@id":"https:\/\/pluginviet.com\/mau38\/#website"},"datePublished":"2021-12-16T06:14:11+00:00","dateModified":"2022-11-10T07:33:46+00:00","breadcrumb":{"@id":"https:\/\/pluginviet.com\/mau38\/san-pham\/bo-dam-hypersia-a1-dam-thoai-1km-3km\/#breadcrumb"},"inLanguage":"vi","potentialAction":[{"@type":"ReadAction","target":["https:\/\/pluginviet.com\/mau38\/san-pham\/bo-dam-hypersia-a1-dam-thoai-1km-3km\/"]}]},{"@type":"BreadcrumbList","@id":"https:\/\/pluginviet.com\/mau38\/san-pham\/bo-dam-hypersia-a1-dam-thoai-1km-3km\/#breadcrumb","itemListElement":[{"@type":"ListItem","position":1,"name":"Trang ch\u1ee7","item":"https:\/\/pluginviet.com\/mau38\/"},{"@type":"ListItem","position":2,"name":"Shop","item":"https:\/\/pluginviet.com\/mau38\/shop\/"},{"@type":"ListItem","position":3,"name":"B\u1ed9 \u0110\u00e0m Hypersia A1 \u0110\u00e0m Tho\u1ea1i 1KM-3KM"}]},{"@type":"WebSite","@id":"https:\/\/pluginviet.com\/mau38\/#website","url":"https:\/\/pluginviet.com\/mau38\/","name":"M\u1eabu 2","description":"","potentialAction":[{"@type":"SearchAction","target":{"@type":"EntryPoint","urlTemplate":"https:\/\/pluginviet.com\/mau38\/?s={search_term_string}"},"query-input":"required name=search_term_string"}],"inLanguage":"vi"}]}},"_links":{"self":[{"href":"https:\/\/pluginviet.com\/mau38\/wp-json\/wp\/v2\/product\/1896"}],"collection":[{"href":"https:\/\/pluginviet.com\/mau38\/wp-json\/wp\/v2\/product"}],"about":[{"href":"https:\/\/pluginviet.com\/mau38\/wp-json\/wp\/v2\/types\/product"}],"replies":[{"embeddable":true,"href":"https:\/\/pluginviet.com\/mau38\/wp-json\/wp\/v2\/comments?post=1896"}],"wp:featuredmedia":[{"embeddable":true,"href":"https:\/\/pluginviet.com\/mau38\/wp-json\/wp\/v2\/media\/1897"}],"wp:attachment":[{"href":"https:\/\/pluginviet.com\/mau38\/wp-json\/wp\/v2\/media?parent=1896"}],"wp:term":[{"taxonomy":"product_cat","embeddable":true,"href":"https:\/\/pluginviet.com\/mau38\/wp-json\/wp\/v2\/product_cat?post=1896"},{"taxonomy":"product_tag","embeddable":true,"href":"https:\/\/pluginviet.com\/mau38\/wp-json\/wp\/v2\/product_tag?post=1896"}],"curies":[{"name":"wp","href":"https:\/\/api.w.org\/{rel}","templated":true}]}}