{"id":1881,"date":"2021-12-16T06:04:21","date_gmt":"2021-12-16T06:04:21","guid":{"rendered":"http:\/\/khachhang.webrt.vn\/phong\/huytuantelecom\/?post_type=product&#038;p=1881"},"modified":"2021-12-16T06:04:21","modified_gmt":"2021-12-16T06:04:21","slug":"router-wifi-tp-link-archer-c6-ac1200","status":"publish","type":"product","link":"https:\/\/pluginviet.com\/mau38\/san-pham\/router-wifi-tp-link-archer-c6-ac1200\/","title":{"rendered":"Router Wifi TP-Link Archer C6 AC1200"},"content":{"rendered":"<p style=\"text-align: justify;\"><span style=\"color: #000000;\">Archer C6 AC1200<\/span><br \/>\n<span style=\"color: #000000;\">&#8211; Model: Archer C6<\/span><br \/>\n<span style=\"color: #000000;\">&#8211; T\u1ed1c \u0111\u1ed9 WIFI: AC1200 Dual-Band Wi-Fi Route<\/span><br \/>\n<span style=\"color: #000000;\">&#8211; Angten: 4 antennas ng\u1ea7m<\/span><br \/>\n<span style=\"color: #000000;\">&#8211; C\u1ed5ng giao ti\u1ebfp: 5 Gigabit Ports<\/span><br \/>\n<span style=\"color: #000000;\">&#8211; M\u00f4 t\u1ea3: AC1200 Dual-Band Wi-Fi Router, 867Mbps at 5GHz + 300Mbps at 2.4GHz, 5 Gigabit Ports, 4 antennas, Beamforming, MU-MIMO, IPTV, Access Point Mode, VPN Server, IPv6 Ready, Tether App. Router kh\u00f4ng d\u00e2y b\u0103ng t\u1ea7n k\u00e9p AC1200, T\u1ed1c \u0111\u1ed9 867Mbps \u1edf b\u0103ng t\u1ea7n 5GHz + t\u1ed1c \u0111\u1ed9 300Mbps \u1edf b\u0103ng t\u1ea7n 2.4GHz, 802.11a\/b\/g\/n\/ac, 1 c\u1ed5ng WAN 10\/100\/1000M + 4 c\u1ed5ng LAN 10\/100\/1000M, N\u00fat M\u1edf\/T\u1eaft Wi-Fi, 4 \u0103ngten c\u1ed1 \u0111\u1ecbnh &amp; 1 \u0103ngten ng\u1ea7m<\/span><\/p>\n","protected":false},"excerpt":{"rendered":"<p>Archer C6 AC1200 &#8211; Model: Archer C6 &#8211; T\u1ed1c \u0111\u1ed9 WIFI: AC1200 Dual-Band Wi-Fi Route &#8211; Angten: 4 antennas ng\u1ea7m &#8211; C\u1ed5ng giao ti\u1ebfp: 5 Gigabit Ports &#8211; M\u00f4 t\u1ea3: AC1200 Dual-Band Wi-Fi Router, 867Mbps at 5GHz + 300Mbps at 2.4GHz, 5 Gigabit Ports, 4 antennas, Beamforming, MU-MIMO, IPTV, Access Point Mode, VPN Server, IPv6 [&#8230;]\n","protected":false},"featured_media":1882,"comment_status":"open","ping_status":"closed","template":"","meta":[],"product_cat":[148],"product_tag":[],"yoast_head":"<!-- This site is optimized with the Yoast SEO plugin v21.5 - https:\/\/yoast.com\/wordpress\/plugins\/seo\/ -->\n<title>Router Wifi TP-Link Archer C6 AC1200 - M\u1eabu 2<\/title>\n<meta name=\"robots\" content=\"index, follow, max-snippet:-1, max-image-preview:large, max-video-preview:-1\" \/>\n<link rel=\"canonical\" href=\"https:\/\/pluginviet.com\/mau38\/san-pham\/router-wifi-tp-link-archer-c6-ac1200\/\" \/>\n<meta property=\"og:locale\" content=\"vi_VN\" \/>\n<meta property=\"og:type\" content=\"article\" \/>\n<meta property=\"og:title\" content=\"Router Wifi TP-Link Archer C6 AC1200 - M\u1eabu 2\" \/>\n<meta property=\"og:description\" content=\"Archer C6 AC1200 &#8211; Model: Archer C6 &#8211; T\u1ed1c \u0111\u1ed9 WIFI: AC1200 Dual-Band Wi-Fi Route &#8211; Angten: 4 antennas ng\u1ea7m &#8211; C\u1ed5ng giao ti\u1ebfp: 5 Gigabit Ports &#8211; M\u00f4 t\u1ea3: AC1200 Dual-Band Wi-Fi Router, 867Mbps at 5GHz + 300Mbps at 2.4GHz, 5 Gigabit Ports, 4 antennas, Beamforming, MU-MIMO, IPTV, Access Point Mode, VPN Server, IPv6 [...]\" \/>\n<meta property=\"og:url\" content=\"https:\/\/pluginviet.com\/mau38\/san-pham\/router-wifi-tp-link-archer-c6-ac1200\/\" \/>\n<meta property=\"og:site_name\" content=\"M\u1eabu 2\" \/>\n<meta property=\"og:image\" content=\"https:\/\/pluginviet.com\/mau38\/wp-content\/uploads\/2021\/12\/modern-wifi.jpg\" \/>\n\t<meta property=\"og:image:width\" content=\"1000\" \/>\n\t<meta property=\"og:image:height\" content=\"1000\" \/>\n\t<meta property=\"og:image:type\" content=\"image\/jpeg\" \/>\n<meta name=\"twitter:card\" content=\"summary_large_image\" \/>\n<meta name=\"twitter:label1\" content=\"\u01af\u1edbc t\u00ednh th\u1eddi gian \u0111\u1ecdc\" \/>\n\t<meta name=\"twitter:data1\" content=\"1 ph\u00fat\" \/>\n<script type=\"application\/ld+json\" class=\"yoast-schema-graph\">{\"@context\":\"https:\/\/schema.org\",\"@graph\":[{\"@type\":\"WebPage\",\"@id\":\"https:\/\/pluginviet.com\/mau38\/san-pham\/router-wifi-tp-link-archer-c6-ac1200\/\",\"url\":\"https:\/\/pluginviet.com\/mau38\/san-pham\/router-wifi-tp-link-archer-c6-ac1200\/\",\"name\":\"Router Wifi TP-Link Archer C6 AC1200 - M\u1eabu 2\",\"isPartOf\":{\"@id\":\"https:\/\/pluginviet.com\/mau38\/#website\"},\"datePublished\":\"2021-12-16T06:04:21+00:00\",\"dateModified\":\"2021-12-16T06:04:21+00:00\",\"breadcrumb\":{\"@id\":\"https:\/\/pluginviet.com\/mau38\/san-pham\/router-wifi-tp-link-archer-c6-ac1200\/#breadcrumb\"},\"inLanguage\":\"vi\",\"potentialAction\":[{\"@type\":\"ReadAction\",\"target\":[\"https:\/\/pluginviet.com\/mau38\/san-pham\/router-wifi-tp-link-archer-c6-ac1200\/\"]}]},{\"@type\":\"BreadcrumbList\",\"@id\":\"https:\/\/pluginviet.com\/mau38\/san-pham\/router-wifi-tp-link-archer-c6-ac1200\/#breadcrumb\",\"itemListElement\":[{\"@type\":\"ListItem\",\"position\":1,\"name\":\"Trang ch\u1ee7\",\"item\":\"https:\/\/pluginviet.com\/mau38\/\"},{\"@type\":\"ListItem\",\"position\":2,\"name\":\"Shop\",\"item\":\"https:\/\/pluginviet.com\/mau38\/shop\/\"},{\"@type\":\"ListItem\",\"position\":3,\"name\":\"Router Wifi TP-Link Archer C6 AC1200\"}]},{\"@type\":\"WebSite\",\"@id\":\"https:\/\/pluginviet.com\/mau38\/#website\",\"url\":\"https:\/\/pluginviet.com\/mau38\/\",\"name\":\"M\u1eabu 2\",\"description\":\"\",\"potentialAction\":[{\"@type\":\"SearchAction\",\"target\":{\"@type\":\"EntryPoint\",\"urlTemplate\":\"https:\/\/pluginviet.com\/mau38\/?s={search_term_string}\"},\"query-input\":\"required name=search_term_string\"}],\"inLanguage\":\"vi\"}]}<\/script>\n<!-- \/ Yoast SEO plugin. -->","yoast_head_json":{"title":"Router Wifi TP-Link Archer C6 AC1200 - M\u1eabu 2","robots":{"index":"index","follow":"follow","max-snippet":"max-snippet:-1","max-image-preview":"max-image-preview:large","max-video-preview":"max-video-preview:-1"},"canonical":"https:\/\/pluginviet.com\/mau38\/san-pham\/router-wifi-tp-link-archer-c6-ac1200\/","og_locale":"vi_VN","og_type":"article","og_title":"Router Wifi TP-Link Archer C6 AC1200 - M\u1eabu 2","og_description":"Archer C6 AC1200 &#8211; Model: Archer C6 &#8211; T\u1ed1c \u0111\u1ed9 WIFI: AC1200 Dual-Band Wi-Fi Route &#8211; Angten: 4 antennas ng\u1ea7m &#8211; C\u1ed5ng giao ti\u1ebfp: 5 Gigabit Ports &#8211; M\u00f4 t\u1ea3: AC1200 Dual-Band Wi-Fi Router, 867Mbps at 5GHz + 300Mbps at 2.4GHz, 5 Gigabit Ports, 4 antennas, Beamforming, MU-MIMO, IPTV, Access Point Mode, VPN Server, IPv6 [...]","og_url":"https:\/\/pluginviet.com\/mau38\/san-pham\/router-wifi-tp-link-archer-c6-ac1200\/","og_site_name":"M\u1eabu 2","og_image":[{"width":1000,"height":1000,"url":"https:\/\/pluginviet.com\/mau38\/wp-content\/uploads\/2021\/12\/modern-wifi.jpg","type":"image\/jpeg"}],"twitter_card":"summary_large_image","twitter_misc":{"\u01af\u1edbc t\u00ednh th\u1eddi gian \u0111\u1ecdc":"1 ph\u00fat"},"schema":{"@context":"https:\/\/schema.org","@graph":[{"@type":"WebPage","@id":"https:\/\/pluginviet.com\/mau38\/san-pham\/router-wifi-tp-link-archer-c6-ac1200\/","url":"https:\/\/pluginviet.com\/mau38\/san-pham\/router-wifi-tp-link-archer-c6-ac1200\/","name":"Router Wifi TP-Link Archer C6 AC1200 - M\u1eabu 2","isPartOf":{"@id":"https:\/\/pluginviet.com\/mau38\/#website"},"datePublished":"2021-12-16T06:04:21+00:00","dateModified":"2021-12-16T06:04:21+00:00","breadcrumb":{"@id":"https:\/\/pluginviet.com\/mau38\/san-pham\/router-wifi-tp-link-archer-c6-ac1200\/#breadcrumb"},"inLanguage":"vi","potentialAction":[{"@type":"ReadAction","target":["https:\/\/pluginviet.com\/mau38\/san-pham\/router-wifi-tp-link-archer-c6-ac1200\/"]}]},{"@type":"BreadcrumbList","@id":"https:\/\/pluginviet.com\/mau38\/san-pham\/router-wifi-tp-link-archer-c6-ac1200\/#breadcrumb","itemListElement":[{"@type":"ListItem","position":1,"name":"Trang ch\u1ee7","item":"https:\/\/pluginviet.com\/mau38\/"},{"@type":"ListItem","position":2,"name":"Shop","item":"https:\/\/pluginviet.com\/mau38\/shop\/"},{"@type":"ListItem","position":3,"name":"Router Wifi TP-Link Archer C6 AC1200"}]},{"@type":"WebSite","@id":"https:\/\/pluginviet.com\/mau38\/#website","url":"https:\/\/pluginviet.com\/mau38\/","name":"M\u1eabu 2","description":"","potentialAction":[{"@type":"SearchAction","target":{"@type":"EntryPoint","urlTemplate":"https:\/\/pluginviet.com\/mau38\/?s={search_term_string}"},"query-input":"required name=search_term_string"}],"inLanguage":"vi"}]}},"_links":{"self":[{"href":"https:\/\/pluginviet.com\/mau38\/wp-json\/wp\/v2\/product\/1881"}],"collection":[{"href":"https:\/\/pluginviet.com\/mau38\/wp-json\/wp\/v2\/product"}],"about":[{"href":"https:\/\/pluginviet.com\/mau38\/wp-json\/wp\/v2\/types\/product"}],"replies":[{"embeddable":true,"href":"https:\/\/pluginviet.com\/mau38\/wp-json\/wp\/v2\/comments?post=1881"}],"wp:featuredmedia":[{"embeddable":true,"href":"https:\/\/pluginviet.com\/mau38\/wp-json\/wp\/v2\/media\/1882"}],"wp:attachment":[{"href":"https:\/\/pluginviet.com\/mau38\/wp-json\/wp\/v2\/media?parent=1881"}],"wp:term":[{"taxonomy":"product_cat","embeddable":true,"href":"https:\/\/pluginviet.com\/mau38\/wp-json\/wp\/v2\/product_cat?post=1881"},{"taxonomy":"product_tag","embeddable":true,"href":"https:\/\/pluginviet.com\/mau38\/wp-json\/wp\/v2\/product_tag?post=1881"}],"curies":[{"name":"wp","href":"https:\/\/api.w.org\/{rel}","templated":true}]}}