{"id":1817,"date":"2021-12-15T08:35:46","date_gmt":"2021-12-15T08:35:46","guid":{"rendered":"http:\/\/khachhang.webrt.vn\/phong\/huytuantelecom\/?post_type=product&#038;p=1817"},"modified":"2022-11-10T07:34:12","modified_gmt":"2022-11-10T07:34:12","slug":"cong-tac-cam-ung-kinh-phang-vien-nhom","status":"publish","type":"product","link":"https:\/\/pluginviet.com\/mau38\/san-pham\/cong-tac-cam-ung-kinh-phang-vien-nhom\/","title":{"rendered":"C\u00f4ng t\u1eafc c\u1ea3m \u1ee9ng k\u00ednh ph\u1eb3ng vi\u1ec1n nh\u00f4m"},"content":{"rendered":"<p style=\"text-align: justify;\"><span style=\"color: #000000;\">C\u00f4ng t\u1eafc c\u1ea3m \u1ee9ng th\u00f4ng minh Lumi l\u00e0 s\u1ea3n ph\u1ea9m ch\u1ee7 \u0111\u1ea1o trong h\u1ec7 sinh th\u00e1i Nh\u00e0 th\u00f4ng minh Lumi. \u0110\u00f3ng vai tr\u00f2 nh\u01b0 m\u1ed9t thi\u1ebft b\u1ecb trung gian, c\u00f4ng t\u1eafc c\u1ea3m \u1ee9ng k\u00ednh ph\u1eb3ng th\u00f4ng minh gi\u00fap ng\u01b0\u1eddi d\u00f9ng \u0111i\u1ec1u khi\u1ec3n c\u00e1c thi\u1ebft b\u1ecb \u0111i\u1ec7n trong nh\u00e0 b\u1eb1ng Smartphone v\u00e0 Gi\u1ecdng n\u00f3i. Kh\u00f4ng ch\u1ec9 ghi \u0111i\u1ec3m v\u1ec1 c\u00e1c t\u00ednh n\u0103ng th\u00f4ng minh, c\u00f4ng t\u1eafc c\u1ea3m \u1ee9ng k\u00ednh ph\u1eb3ng c\u00f2n cu\u1ed1n h\u00fat v\u1edbi m\u1eb7t k\u00ednh ph\u1eb3ng c\u01b0\u1eddng l\u1ef1c 2 m\u00e0u \u0111en ho\u1eb7c tr\u1eafng c\u1ed5 \u0111i\u1ec3n, c\u00f9ng vi\u1ec1n nh\u00f4m s\u1eafc n\u00e9t t\u1eebng \u0111\u01b0\u1eddng v\u00e1t kim c\u01b0\u01a1ng, mang \u0111\u1ebfn s\u1ef1 tinh t\u1ebf, sang ch\u1ea3nh v\u00e0 sang tr\u1ecdng khi l\u1eafp \u0111\u1eb7t tr\u00ean t\u01b0\u1eddng.<\/span><\/p>\n<h2 style=\"text-align: justify;\"><span style=\"color: #000000;\"><strong>T\u00ednh n\u0103ng c\u00f4ng t\u1eafc c\u1ea3m \u1ee9ng th\u00f4ng minh k\u00ednh ph\u1eb3ng Lumi<\/strong><\/span><\/h2>\n<p style=\"text-align: justify;\"><span style=\"color: #000000;\">S\u1eed d\u1ee5ng c\u00f4ng t\u1eafc th\u00f4ng minh thay th\u1ebf cho c\u00e1c c\u00f4ng t\u1eafc c\u01a1 truy\u1ec1n th\u1ed1ng, ng\u01b0\u1eddi d\u00f9ng c\u00f3 th\u1ec3 t\u1eadn h\u01b0\u1edfng m\u1ed9t cu\u1ed9c s\u1ed1ng th\u00f4ng minh v\u1edbi h\u1ea7u h\u1ebft c\u00e1c l\u1ec7nh \u0111i\u1ec1u khi\u1ec3n thi\u1ebft b\u1ecb \u0111i\u1ec7n trong nh\u00e0 \u0111\u01b0\u1ee3c th\u1ef1c hi\u1ec7n tr\u00ean m\u1ed9t chi\u1ebfc Smartphone ho\u1eb7c gi\u1ecdng n\u00f3i.<\/span><\/p>\n<p style=\"text-align: justify;\"><span style=\"color: #000000;\">S\u1eed d\u1ee5ng truy\u1ec1n th\u00f4ng kh\u00f4ng d\u00e2y Zigbee l\u00e0m giao th\u1ee9c giao ti\u1ebfp, x\u1eed l\u00fd v\u00e0 g\u1eedi l\u1ec7nh, c\u00f4ng t\u1eafc th\u00f4ng minh k\u1ebft n\u1ed1i v\u1edbi \u0111i\u1ec7n tho\u1ea1i c\u1ee7a b\u1ea1n th\u00f4ng qua b\u1ed9 \u0111i\u1ec1u khi\u1ec3n trung t\u00e2m \u0111\u1ec3 th\u1ef1c hi\u1ec7n<\/span><\/p>\n<ul style=\"text-align: justify;\">\n<li><span style=\"color: #000000;\">\u0110i\u1ec1u khi\u1ec3n to\u00e0n b\u1ed9 h\u1ec7 th\u1ed1ng \u0111\u00e8n \u0111i\u1ec7n trong nh\u00e0 b\u1eb1ng Smartphone v\u00e0 Gi\u1ecdng n\u00f3i<\/span><\/li>\n<li><span style=\"color: #000000;\">L\u00ean l\u1ecbch, h\u1eb9n gi\u1edd b\u1eadt b\u00ecnh n\u00f3ng l\u1ea1nh, r\u00e8m c\u1eeda\u2026 theo l\u1ecbch sinh ho\u1ea1t c\u1ee7a gia \u0111\u00ecnh<\/span><\/li>\n<li><span style=\"color: #000000;\">\u0110\u00f3ng\/ m\u1edf r\u00e8m c\u1eeda b\u1eb1ng c\u00e1ch ch\u1ea1m nh\u1eb9 tr\u00ean Smartphone\u2026<\/span><\/li>\n<li><span style=\"color: #000000;\">Thi\u1ebft l\u1eadp Rule, c\u1ea3nh, l\u1ecbch cho c\u00e1c thi\u1ebft b\u1ecb th\u00f4ng minh trong nh\u00e0 ho\u1ea1t \u0111\u1ed9ng \u0111\u1ed3ng th\u1eddi, ho\u1eb7c l\u00e0m t\u00edn hi\u1ec7u \u0111\u1ea7u v\u00e0o, \u0111\u1ea7u ra thi\u1ebft l\u1eadp c\u00e1c k\u1ecbch b\u1ea3n s\u1ed1ng th\u00f4ng minh nh\u01b0 \u0103n t\u1ed1i, v\u1ec1 nh\u00e0,\u2026<\/span><\/li>\n<\/ul>\n<p style=\"text-align: justify;\"><span style=\"color: #000000;\">N\u00f3i chung, ch\u1ec9 c\u1ea7n thi\u1ebft b\u1ecb \u0111\u01b0\u1ee3c \u0111i\u1ec1u khi\u1ec3n b\u1eb1ng c\u00f4ng t\u1eafc c\u01a1 th\u00ec ho\u00e0n to\u00e0n c\u00f3 th\u1ec3 tr\u1edf th\u00e0nh thi\u1ebft b\u1ecb th\u00f4ng minh cho ph\u00e9p \u0111i\u1ec1u khi\u1ec3n qua Smartphone v\u00e0 gi\u1ecdng n\u00f3i nh\u1edd c\u00f4ng t\u1eafc c\u1ea3m \u1ee9ng th\u00f4ng minh.<\/span><\/p>\n<p style=\"text-align: justify;\"><span style=\"color: #000000;\">\u0110\u1eb7c bi\u1ec7t, Lumi \u0111\u00e3 k\u1ebft n\u1ed1i th\u00e0nh c\u00f4ng v\u1edbi c\u00e1c tr\u1ee3 l\u00fd \u1ea3o nh\u01b0 Google Assistant, Alexa. Nh\u1edd v\u1eady, b\u1ea1n c\u00f3 th\u1ec3 tr\u1ea3i nghi\u1ec7m s\u1ef1 quy\u1ec1n n\u0103ng c\u1ee7a gi\u1ecdng n\u00f3i. V\u00ed d\u1ee5: khi b\u1ea1n n\u00f3i c\u00e2u l\u1ec7nh\u201cOK GOOGLE, I\u2019M HOME; Hey SIRI, I\u2019M HOME\u201d t\u1ea5t c\u1ea3 c\u00e1c thi\u1ebft b\u1ecb trong ng\u00f4i nh\u00e0 s\u1ebd ho\u00e0n to\u00e0n b\u1eadt\/t\u1eaft, t\u00f9y theo c\u00e2u l\u1ec7nh.<\/span><\/p>\n<h2 style=\"text-align: justify;\"><span style=\"color: #000000;\"><strong>\u01afu \u0111i\u1ec3m c\u1ee7a c\u00f4ng t\u1eafc c\u1ea3m \u1ee9ng th\u00f4ng minh k\u00ednh ph\u1eb3ng<\/strong><\/span><\/h2>\n<h3 style=\"text-align: justify;\"><span style=\"color: #000000;\"><strong>Thi\u1ebft k\u1ebf hi\u1ec7n \u0111\u1ea1i, tinh t\u1ebf, sang tr\u1ecdng<\/strong><\/span><\/h3>\n<p style=\"text-align: justify;\"><span style=\"color: #000000;\">C\u00f4ng t\u1eafc \u0111i\u1ec7n Lumi l\u00e0 c\u00f4ng t\u1eafc c\u1ea3m \u1ee9ng th\u00f4ng minh, s\u1eed d\u1ee5ng m\u1eb7t m\u1eb7t k\u00ednh c\u01b0\u1eddng l\u1ef1c, ch\u1ed1ng x\u01b0\u1edbc, ch\u1ed1ng va \u0111\u1eadp t\u1ed1t, k\u1ebft h\u1ee3p v\u1edbi v\u00f2ng tr\u00f2n t\u1ecfa s\u00e1ng Led bao quanh, k\u00e8m theo logo Lumi \u1edf g\u00f3c ph\u1ea3i t\u1ea1o n\u00ean \u0111i\u1ec3m nh\u1ea5n cho th\u01b0\u01a1ng hi\u1ec7u v\u00e0 s\u1ef1 l\u00f4i cu\u1ed1n cho s\u1ea3n ph\u1ea9m. \u0110\u1ed3ng th\u1eddi, \u0111\u00e8n Led lu\u00f4n \u0111\u01b0\u1ee3c t\u1ecfa s\u00e1ng d\u00f9 b\u1eadt hay t\u1eaft, n\u00ean b\u1ea1n s\u1ebd th\u1ea5y ngay chi\u1ebfc c\u00f4ng t\u1eafc d\u00f9 l\u00e0 trong \u0111\u00eam t\u1ed1i.<\/span><\/p>\n<h3 style=\"text-align: justify;\"><span style=\"color: #000000;\"><strong>H\u1ec7 th\u1ed1ng c\u1ea7u n\u1ed1i an to\u00e0n, hi\u1ec7u qu\u1ea3<\/strong><\/span><\/h3>\n<p style=\"text-align: justify;\"><span style=\"color: #000000;\">B\u00ean trong c\u00f4ng t\u1eafc Lumi l\u00e0 h\u1ec7 th\u1ed1ng ReLay c\u00f3 ch\u1ee9c n\u0103ng \u0111\u00f3ng\/c\u1eaft ngu\u1ed3n \u0111i\u1ec7n. V\u1ecf ngo\u00e0i l\u00e0m b\u1eb1ng ch\u1ea5t li\u1ec7u nh\u1ef1a PP, c\u00f3 kh\u1ea3 n\u0103ng ch\u1ed1ng ch\u00e1y. S\u1ea3n ph\u1ea9m \u0111\u01b0\u1ee3c ki\u1ec3m tra, v\u00e0 test k\u1ef9 c\u00e0ng tr\u01b0\u1edbc khi xu\u1ea5t x\u01b0\u1edfng n\u00ean tuy\u1ec7t \u0111\u1ed1i kh\u00f4ng x\u1ea3y ra tr\u01b0\u1eddng h\u1ee3p ch\u1eadp ch\u00e1y. \u0110\u1eb7c bi\u1ec7t, c\u00f4ng t\u1eafc c\u1ea3m \u1ee9ng c\u1ee7a Lumi \u0111\u01b0\u1ee3c s\u1eed d\u1ee5ng c\u00f4ng ngh\u1ec7 \u0111i\u1ec7n dung n\u00ean r\u1ea5t an to\u00e0n k\u1ec3 c\u1ea3 khi tay \u01b0\u1edbt ch\u1ea1m v\u00e0o c\u00f4ng t\u1eafc \u0111i\u1ec7n.<\/span><\/p>\n<h3 style=\"text-align: justify;\"><span style=\"color: #000000;\"><strong>D\u1ec5 d\u00e0ng l\u1eafp \u0111\u1eb7t v\u00e0 b\u1ea3o h\u00e0nh linh ho\u1ea1t<\/strong><\/span><\/h3>\n<p style=\"text-align: justify;\"><span style=\"color: #000000;\">\u0110\u1ed3ng b\u1ed9 v\u1ec1 ch\u00ednh s\u00e1ch v\u00e0 th\u1eddi gian l\u1eafp \u0111\u1eb7t v\u1edbi c\u00e1c thi\u1ebft b\u1ecb kh\u00e1c trong nh\u00e0 th\u00f4ng minh Lumi, d\u00f2ng c\u00f4ng t\u1eafc m\u1edbi c\u1ee7a Lumi c\u0169ng s\u1edf h\u1eefu nh\u1eefng b\u1ed9 ti\u1ec7n \u00edch th\u1ed1ng nh\u1ea5t<\/span><br \/>\n<span style=\"color: #000000;\">\u2013 D\u1ec5 d\u00e0ng l\u1eafp \u0111\u1eb7t, thi c\u00f4ng ch\u1ec9 trong 1 ng\u00e0y<\/span><br \/>\n<span style=\"color: #000000;\">\u2013 \u0110i\u1ec1u khi\u1ec3n \u0111\u01b0\u1ee3c b\u1eb1ng Smartphone v\u1edbi app Lumi Life<\/span><br \/>\n<span style=\"color: #000000;\">\u2013 T\u01b0\u01a1ng th\u00edch v\u1edbi k\u00edch th\u01b0\u1edbc \u0111\u1ebf \u00e2m v\u00e0 h\u1ea1 t\u1ea7ng \u0111i\u1ec7n Vi\u1ec7t Nam<\/span><br \/>\n<span style=\"color: #000000;\">\u2013 Ch\u00ednh s\u00e1ch b\u1ea3o h\u00e0nh 24 th\u00e1ng<\/span><\/p>\n<h3 style=\"text-align: justify;\"><span style=\"color: #000000;\"><strong>C\u00e1ch th\u1ee9c ho\u1ea1t \u0111\u1ed9ng<\/strong><\/span><\/h3>\n<p style=\"text-align: justify;\"><span style=\"color: #000000;\">C\u00f4ng t\u1eafc c\u1ea3m \u1ee9ng th\u00f4ng minh k\u00ednh ph\u1eb3ng s\u1ebd ho\u1ea1t \u0111\u1ed9ng theo s\u1ef1 \u0111i\u1ec1u khi\u1ec3n c\u1ee7a b\u1ed9 \u0111i\u1ec1u khi\u1ec3n trung t\u00e2m (Home Controller). C\u00e1ch th\u1ee9c ho\u1ea1t \u0111\u1ed9ng c\u1ee7a thi\u1ebft b\u1ecb s\u1ebd \u0111\u01b0\u1ee3c th\u1ec3 hi\u1ec7n qua v\u00ed d\u1ee5 sau:<\/span><\/p>\n<p style=\"text-align: justify;\"><span style=\"color: #000000;\">Khi ng\u01b0\u1eddi d\u00f9ng ph\u00e1t l\u1ec7nh \u201ct\u1eaft \u0111\u00e8n\u201d b\u1eb1ng c\u00e1ch ch\u1ea1m v\u00e0o n\u00fat \u0111\u00e8n tr\u00ean app \u0111i\u1ec7n tho\u1ea1i, l\u1ec7nh n\u00e0y s\u1ebd \u0111\u01b0\u1ee3c g\u1eedi t\u1edbi b\u1ed9 \u0111i\u1ec1u khi\u1ec3n trung t\u00e2m th\u00f4ng qua s\u00f3ng Zigbee. T\u1eeb \u0111\u00f3, b\u1ed9 \u0111i\u1ec1u khi\u1ec3n trung t\u00e2m \u0111i\u1ec1u khi\u1ec3n c\u00f4ng t\u1eafc c\u1ea3m \u1ee9ng th\u00f4ng minh k\u00ednh l\u00f5m b\u1eadt\/ t\u1eaft thi\u1ebft b\u1ecb \u0111\u00e8n \u0111\u00fang nh\u01b0 y\u00eau c\u1ea7u c\u1ee7a ch\u1ee7 nh\u00e0.<\/span><\/p>\n<p style=\"text-align: justify;\"><span style=\"color: #000000;\">\u0110\u1ebfn nay, v\u1edbi g\u1ea7n 25.000 ng\u00f4i nh\u00e0 \u0111\u00e3 ho\u00e0n thi\u1ec7n, h\u00e0ng tr\u0103m d\u1ef1 \u00e1n \u0111ang tri\u1ec3n khai v\u00e0 k\u00fd k\u1ebft h\u1ee3p \u0111\u1ed3ng, Lumi t\u1ef1 h\u00e0o tr\u1edf th\u00e0nh th\u01b0\u01a1ng hi\u1ec7u Vi\u1ec7t \u0111\u01b0\u1ee3c kh\u00e1ch h\u00e0ng l\u1ef1a ch\u1ecdn nhi\u1ec1u nh\u1ea5t trong th\u1ecb tr\u01b0\u1eddng smarthome t\u1ea1i Vi\u1ec7t Nam. Ch\u1ec9 t\u1eeb 25 \u2013 70 tri\u1ec7u\/c\u0103n h\u1ed9 ho\u1eb7c 40 \u2013 150 tri\u1ec7u\/bi\u1ec7t th\u1ef1 li\u1ec1n k\u1ec1 l\u00e0 b\u1ea1n \u0111\u00e3 s\u1edf h\u1eefu ngay ng\u00f4i nh\u00e0 ti\u1ec7n nghi, hi\u1ec7n \u0111\u1ea1i, sang tr\u1ecdng, \u0111\u1eb3ng c\u1ea5p Ch\u00e2u \u00c2u, gi\u00e1 ch\u1ec9 b\u1eb1ng 1\/2 gi\u1ea3i ph\u00e1p nh\u1eadp kh\u1ea9u tr\u00ean th\u1ecb tr\u01b0\u1eddng.<\/span><\/p>\n<p style=\"text-align: justify;\">\n","protected":false},"excerpt":{"rendered":"<p style=\"text-align: justify;\"><span style=\"font-size: 16px; color: #000000;\">M\u1eb7t k\u00ednh c\u01b0\u1eddng l\u1ef1c ch\u1ed1ng x\u01b0\u1edbc<\/span><br \/>\n<span style=\"font-size: 16px; color: #000000;\">Vi\u1ec1n nh\u00f4m v\u00e1t kim c\u01b0\u01a1ng ho\u1eb7c bo tr\u00f2n<\/span><br \/>\n<span style=\"font-size: 16px; color: #000000;\">\u0110i\u1ec1u khi\u1ec3n t\u1eeb xa th\u00f4ng qua internet\/ m\u1ea1ng LAN trong nh\u00e0 (Qua app Lumi Life)<\/span><br \/>\n<span style=\"font-size: 16px; color: #000000;\">\u0110i\u1ec1u khi\u1ec3n theo nh\u00f3m Rule, C\u1ea3nh, L\u1ecbch (T\u00f9y bi\u1ebfn theo nhu c\u1ea7u ng\u01b0\u1eddi s\u1eed d\u1ee5ng).<\/span><br \/>\n<span style=\"font-size: 16px; color: #000000;\">C\u00f3 th\u1ec3 \u0111i\u1ec1u khi\u1ec3n thi\u1ebft b\u1ecb b\u1eb1ng gi\u1ecdng n\u00f3i th\u00f4ng qua vi\u1ec7c t\u00edch h\u1ee3p Google Assistant, Alexa, Apple Siri<\/span><br \/>\n<span style=\"font-size: 16px; color: #000000;\">An to\u00e0n, ch\u1ed1ng ch\u00e1y n\u1ed5<\/span><br \/>\n<span style=\"font-size: 16px; color: #000000;\">Truy\u1ec1n th\u00f4ng: Zigbee<\/span><br \/>\n<span style=\"font-size: 16px; color: #000000;\">M\u00e0u m\u1eb7t k\u00ednh: Tr\u1eafng\/ \u0110en<\/span><br \/>\n<span style=\"font-size: 16px; color: #000000;\">Ki\u1ec3u d\u00e1ng: Vu\u00f4ng: 95 x 95 x 31.5 mm. Ch\u1eef nh\u1eadt: 121.5 x 80 x 31.5 mm<\/span><br \/>\n<span style=\"font-size: 16px; color: #000000;\">B\u1ea3o h\u00e0nh 24 th\u00e1ng<\/span><\/p>\n","protected":false},"featured_media":1818,"comment_status":"open","ping_status":"closed","template":"","meta":[],"product_cat":[154],"product_tag":[],"yoast_head":"<!-- This site is optimized with the Yoast SEO plugin v21.5 - https:\/\/yoast.com\/wordpress\/plugins\/seo\/ -->\n<title>C\u00f4ng t\u1eafc c\u1ea3m \u1ee9ng k\u00ednh ph\u1eb3ng vi\u1ec1n nh\u00f4m - M\u1eabu 2<\/title>\n<meta name=\"robots\" content=\"index, follow, max-snippet:-1, max-image-preview:large, max-video-preview:-1\" \/>\n<link rel=\"canonical\" href=\"https:\/\/pluginviet.com\/mau38\/san-pham\/cong-tac-cam-ung-kinh-phang-vien-nhom\/\" \/>\n<meta property=\"og:locale\" content=\"vi_VN\" \/>\n<meta property=\"og:type\" content=\"article\" \/>\n<meta property=\"og:title\" content=\"C\u00f4ng t\u1eafc c\u1ea3m \u1ee9ng k\u00ednh ph\u1eb3ng vi\u1ec1n nh\u00f4m - M\u1eabu 2\" \/>\n<meta property=\"og:description\" content=\"M\u1eb7t k\u00ednh c\u01b0\u1eddng l\u1ef1c ch\u1ed1ng x\u01b0\u1edbc Vi\u1ec1n nh\u00f4m v\u00e1t kim c\u01b0\u01a1ng ho\u1eb7c bo tr\u00f2n \u0110i\u1ec1u khi\u1ec3n t\u1eeb xa th\u00f4ng qua internet\/ m\u1ea1ng LAN trong nh\u00e0 (Qua app Lumi Life) \u0110i\u1ec1u khi\u1ec3n theo nh\u00f3m Rule, C\u1ea3nh, L\u1ecbch (T\u00f9y bi\u1ebfn theo nhu c\u1ea7u ng\u01b0\u1eddi s\u1eed d\u1ee5ng). C\u00f3 th\u1ec3 \u0111i\u1ec1u khi\u1ec3n thi\u1ebft b\u1ecb b\u1eb1ng gi\u1ecdng n\u00f3i th\u00f4ng qua vi\u1ec7c t\u00edch h\u1ee3p Google Assistant, Alexa, Apple Siri An to\u00e0n, ch\u1ed1ng ch\u00e1y n\u1ed5 Truy\u1ec1n th\u00f4ng: Zigbee M\u00e0u m\u1eb7t k\u00ednh: Tr\u1eafng\/ \u0110en Ki\u1ec3u d\u00e1ng: Vu\u00f4ng: 95 x 95 x 31.5 mm. Ch\u1eef nh\u1eadt: 121.5 x 80 x 31.5 mm B\u1ea3o h\u00e0nh 24 th\u00e1ng\" \/>\n<meta property=\"og:url\" content=\"https:\/\/pluginviet.com\/mau38\/san-pham\/cong-tac-cam-ung-kinh-phang-vien-nhom\/\" \/>\n<meta property=\"og:site_name\" content=\"M\u1eabu 2\" \/>\n<meta property=\"article:modified_time\" content=\"2022-11-10T07:34:12+00:00\" \/>\n<meta property=\"og:image\" content=\"https:\/\/pluginviet.com\/mau38\/wp-content\/uploads\/2021\/12\/giaiphap3_1585801635-1.png\" \/>\n\t<meta property=\"og:image:width\" content=\"500\" \/>\n\t<meta property=\"og:image:height\" content=\"500\" \/>\n\t<meta property=\"og:image:type\" content=\"image\/png\" \/>\n<meta name=\"twitter:card\" content=\"summary_large_image\" \/>\n<meta name=\"twitter:label1\" content=\"\u01af\u1edbc t\u00ednh th\u1eddi gian \u0111\u1ecdc\" \/>\n\t<meta name=\"twitter:data1\" content=\"4 ph\u00fat\" \/>\n<script type=\"application\/ld+json\" class=\"yoast-schema-graph\">{\"@context\":\"https:\/\/schema.org\",\"@graph\":[{\"@type\":\"WebPage\",\"@id\":\"https:\/\/pluginviet.com\/mau38\/san-pham\/cong-tac-cam-ung-kinh-phang-vien-nhom\/\",\"url\":\"https:\/\/pluginviet.com\/mau38\/san-pham\/cong-tac-cam-ung-kinh-phang-vien-nhom\/\",\"name\":\"C\u00f4ng t\u1eafc c\u1ea3m \u1ee9ng k\u00ednh ph\u1eb3ng vi\u1ec1n nh\u00f4m - M\u1eabu 2\",\"isPartOf\":{\"@id\":\"https:\/\/pluginviet.com\/mau38\/#website\"},\"datePublished\":\"2021-12-15T08:35:46+00:00\",\"dateModified\":\"2022-11-10T07:34:12+00:00\",\"breadcrumb\":{\"@id\":\"https:\/\/pluginviet.com\/mau38\/san-pham\/cong-tac-cam-ung-kinh-phang-vien-nhom\/#breadcrumb\"},\"inLanguage\":\"vi\",\"potentialAction\":[{\"@type\":\"ReadAction\",\"target\":[\"https:\/\/pluginviet.com\/mau38\/san-pham\/cong-tac-cam-ung-kinh-phang-vien-nhom\/\"]}]},{\"@type\":\"BreadcrumbList\",\"@id\":\"https:\/\/pluginviet.com\/mau38\/san-pham\/cong-tac-cam-ung-kinh-phang-vien-nhom\/#breadcrumb\",\"itemListElement\":[{\"@type\":\"ListItem\",\"position\":1,\"name\":\"Trang ch\u1ee7\",\"item\":\"https:\/\/pluginviet.com\/mau38\/\"},{\"@type\":\"ListItem\",\"position\":2,\"name\":\"Shop\",\"item\":\"https:\/\/pluginviet.com\/mau38\/shop\/\"},{\"@type\":\"ListItem\",\"position\":3,\"name\":\"C\u00f4ng t\u1eafc c\u1ea3m \u1ee9ng k\u00ednh ph\u1eb3ng vi\u1ec1n nh\u00f4m\"}]},{\"@type\":\"WebSite\",\"@id\":\"https:\/\/pluginviet.com\/mau38\/#website\",\"url\":\"https:\/\/pluginviet.com\/mau38\/\",\"name\":\"M\u1eabu 2\",\"description\":\"\",\"potentialAction\":[{\"@type\":\"SearchAction\",\"target\":{\"@type\":\"EntryPoint\",\"urlTemplate\":\"https:\/\/pluginviet.com\/mau38\/?s={search_term_string}\"},\"query-input\":\"required name=search_term_string\"}],\"inLanguage\":\"vi\"}]}<\/script>\n<!-- \/ Yoast SEO plugin. -->","yoast_head_json":{"title":"C\u00f4ng t\u1eafc c\u1ea3m \u1ee9ng k\u00ednh ph\u1eb3ng vi\u1ec1n nh\u00f4m - M\u1eabu 2","robots":{"index":"index","follow":"follow","max-snippet":"max-snippet:-1","max-image-preview":"max-image-preview:large","max-video-preview":"max-video-preview:-1"},"canonical":"https:\/\/pluginviet.com\/mau38\/san-pham\/cong-tac-cam-ung-kinh-phang-vien-nhom\/","og_locale":"vi_VN","og_type":"article","og_title":"C\u00f4ng t\u1eafc c\u1ea3m \u1ee9ng k\u00ednh ph\u1eb3ng vi\u1ec1n nh\u00f4m - M\u1eabu 2","og_description":"M\u1eb7t k\u00ednh c\u01b0\u1eddng l\u1ef1c ch\u1ed1ng x\u01b0\u1edbc Vi\u1ec1n nh\u00f4m v\u00e1t kim c\u01b0\u01a1ng ho\u1eb7c bo tr\u00f2n \u0110i\u1ec1u khi\u1ec3n t\u1eeb xa th\u00f4ng qua internet\/ m\u1ea1ng LAN trong nh\u00e0 (Qua app Lumi Life) \u0110i\u1ec1u khi\u1ec3n theo nh\u00f3m Rule, C\u1ea3nh, L\u1ecbch (T\u00f9y bi\u1ebfn theo nhu c\u1ea7u ng\u01b0\u1eddi s\u1eed d\u1ee5ng). C\u00f3 th\u1ec3 \u0111i\u1ec1u khi\u1ec3n thi\u1ebft b\u1ecb b\u1eb1ng gi\u1ecdng n\u00f3i th\u00f4ng qua vi\u1ec7c t\u00edch h\u1ee3p Google Assistant, Alexa, Apple Siri An to\u00e0n, ch\u1ed1ng ch\u00e1y n\u1ed5 Truy\u1ec1n th\u00f4ng: Zigbee M\u00e0u m\u1eb7t k\u00ednh: Tr\u1eafng\/ \u0110en Ki\u1ec3u d\u00e1ng: Vu\u00f4ng: 95 x 95 x 31.5 mm. Ch\u1eef nh\u1eadt: 121.5 x 80 x 31.5 mm B\u1ea3o h\u00e0nh 24 th\u00e1ng","og_url":"https:\/\/pluginviet.com\/mau38\/san-pham\/cong-tac-cam-ung-kinh-phang-vien-nhom\/","og_site_name":"M\u1eabu 2","article_modified_time":"2022-11-10T07:34:12+00:00","og_image":[{"width":500,"height":500,"url":"https:\/\/pluginviet.com\/mau38\/wp-content\/uploads\/2021\/12\/giaiphap3_1585801635-1.png","type":"image\/png"}],"twitter_card":"summary_large_image","twitter_misc":{"\u01af\u1edbc t\u00ednh th\u1eddi gian \u0111\u1ecdc":"4 ph\u00fat"},"schema":{"@context":"https:\/\/schema.org","@graph":[{"@type":"WebPage","@id":"https:\/\/pluginviet.com\/mau38\/san-pham\/cong-tac-cam-ung-kinh-phang-vien-nhom\/","url":"https:\/\/pluginviet.com\/mau38\/san-pham\/cong-tac-cam-ung-kinh-phang-vien-nhom\/","name":"C\u00f4ng t\u1eafc c\u1ea3m \u1ee9ng k\u00ednh ph\u1eb3ng vi\u1ec1n nh\u00f4m - M\u1eabu 2","isPartOf":{"@id":"https:\/\/pluginviet.com\/mau38\/#website"},"datePublished":"2021-12-15T08:35:46+00:00","dateModified":"2022-11-10T07:34:12+00:00","breadcrumb":{"@id":"https:\/\/pluginviet.com\/mau38\/san-pham\/cong-tac-cam-ung-kinh-phang-vien-nhom\/#breadcrumb"},"inLanguage":"vi","potentialAction":[{"@type":"ReadAction","target":["https:\/\/pluginviet.com\/mau38\/san-pham\/cong-tac-cam-ung-kinh-phang-vien-nhom\/"]}]},{"@type":"BreadcrumbList","@id":"https:\/\/pluginviet.com\/mau38\/san-pham\/cong-tac-cam-ung-kinh-phang-vien-nhom\/#breadcrumb","itemListElement":[{"@type":"ListItem","position":1,"name":"Trang ch\u1ee7","item":"https:\/\/pluginviet.com\/mau38\/"},{"@type":"ListItem","position":2,"name":"Shop","item":"https:\/\/pluginviet.com\/mau38\/shop\/"},{"@type":"ListItem","position":3,"name":"C\u00f4ng t\u1eafc c\u1ea3m \u1ee9ng k\u00ednh ph\u1eb3ng vi\u1ec1n nh\u00f4m"}]},{"@type":"WebSite","@id":"https:\/\/pluginviet.com\/mau38\/#website","url":"https:\/\/pluginviet.com\/mau38\/","name":"M\u1eabu 2","description":"","potentialAction":[{"@type":"SearchAction","target":{"@type":"EntryPoint","urlTemplate":"https:\/\/pluginviet.com\/mau38\/?s={search_term_string}"},"query-input":"required name=search_term_string"}],"inLanguage":"vi"}]}},"_links":{"self":[{"href":"https:\/\/pluginviet.com\/mau38\/wp-json\/wp\/v2\/product\/1817"}],"collection":[{"href":"https:\/\/pluginviet.com\/mau38\/wp-json\/wp\/v2\/product"}],"about":[{"href":"https:\/\/pluginviet.com\/mau38\/wp-json\/wp\/v2\/types\/product"}],"replies":[{"embeddable":true,"href":"https:\/\/pluginviet.com\/mau38\/wp-json\/wp\/v2\/comments?post=1817"}],"wp:featuredmedia":[{"embeddable":true,"href":"https:\/\/pluginviet.com\/mau38\/wp-json\/wp\/v2\/media\/1818"}],"wp:attachment":[{"href":"https:\/\/pluginviet.com\/mau38\/wp-json\/wp\/v2\/media?parent=1817"}],"wp:term":[{"taxonomy":"product_cat","embeddable":true,"href":"https:\/\/pluginviet.com\/mau38\/wp-json\/wp\/v2\/product_cat?post=1817"},{"taxonomy":"product_tag","embeddable":true,"href":"https:\/\/pluginviet.com\/mau38\/wp-json\/wp\/v2\/product_tag?post=1817"}],"curies":[{"name":"wp","href":"https:\/\/api.w.org\/{rel}","templated":true}]}}