{"id":1797,"date":"2021-12-15T08:23:35","date_gmt":"2021-12-15T08:23:35","guid":{"rendered":"http:\/\/khachhang.webrt.vn\/phong\/huytuantelecom\/?post_type=product&#038;p=1797"},"modified":"2022-11-10T07:34:26","modified_gmt":"2022-11-10T07:34:26","slug":"bo-dieu-khien-trung-tam","status":"publish","type":"product","link":"https:\/\/pluginviet.com\/mau38\/san-pham\/bo-dieu-khien-trung-tam\/","title":{"rendered":"B\u1ed9 \u0111i\u1ec1u khi\u1ec3n trung t\u00e2m"},"content":{"rendered":"<p style=\"text-align: justify;\"><span style=\"color: #000000;\">B\u1ed9 \u0111i\u1ec1u khi\u1ec3n trung t\u00e2m (HC) l\u00e0 b\u1ed9 n\u00e3o ghi nh\u1eadn v\u00e0 \u0111i\u1ec1u khi\u1ec3n t\u1ea5t c\u1ea3 thi\u1ebft b\u1ecb \u0111i\u1ec7n c\u1ee7a ng\u00f4i nh\u00e0 th\u00f4ng minh Lumi. \u0110\u01b0\u1ee3c \u1ee9ng d\u1ee5ng c\u00f4ng ngh\u1ec7 truy\u1ec1n th\u00f4ng Zigbee, gi\u00fap \u0111i\u1ec1u khi\u1ec3n to\u00e0n b\u1ed9 ng\u00f4i nh\u00e0 b\u1eb1ng smarthome v\u00e0 gi\u1ecdng n\u00f3i.<\/span><\/p>\n<h2 style=\"text-align: justify;\"><span style=\"color: #000000;\"><strong>C\u01a1 ch\u1ebf ho\u1ea1t \u0111\u1ed9ng B\u1ed9 \u0111i\u1ec1u khi\u1ec3n trung t\u00e2m<\/strong><\/span><\/h2>\n<p style=\"text-align: justify;\"><span style=\"color: #000000;\">L\u00e0 \u0111\u1ea7u m\u1ed1i ti\u1ebfp nh\u1eadn, truy\u1ec1n th\u00f4ng tin \u201cc\u00f4ng vi\u1ec7c\u201d \u0111\u1ebfn c\u00f4ng t\u1eafc \u0111\u1ec3 y\u00eau c\u1ea7u thi\u1ebft b\u1ecb th\u1ef1c hi\u1ec7n nhi\u1ec7m v\u1ee5. M\u1ecdi thi\u1ebft b\u1ecb trong m\u1ea1ng \u0111\u1ec1u c\u00f3 th\u1ec3 \u0111\u00f3ng vai tr\u00f2 l\u00e0m Gateway. C\u00f3 th\u1ec3 k\u1ebft n\u1ed1i tr\u1ef1c ti\u1ebfp t\u1edbi smartphone. Th\u00f4ng qua b\u1ed9 \u0111i\u1ec1u khi\u1ec3n trung t\u00e2m, c\u00e1c tr\u1ea1ng th\u00e1i c\u1ee7a thi\u1ebft b\u1ecb s\u1ebd \u0111\u01b0\u1ee3c \u0111\u1ed3ng b\u1ed9 l\u00ean m\u00e1y ch\u1ee7. Ng\u01b0\u1eddi d\u00f9ng c\u00f3 th\u1ec3 \u0111i\u1ec1u khi\u1ec3n t\u1eeb xa qua \u0111i\u1ec7n tho\u1ea1i th\u00f4ng minh. L\u00e0 n\u01a1i l\u01b0u tr\u1eef c\u00e1c th\u00f4ng tin c\u1ea5u h\u00ecnh, c\u00e0i \u0111\u1eb7t c\u1ee7a ng\u01b0\u1eddi d\u00f9ng. C\u1eadp nh\u1eadt tr\u1ea1ng th\u00e1i thi\u1ebft b\u1ecb, t\u1ef1 \u0111\u1ed9ng ra l\u1ec7nh ho\u1ea1t \u0111\u1ed9ng theo c\u1ea5u h\u00ecnh m\u00e0 ng\u01b0\u1eddi d\u00f9ng c\u00e0i \u0111\u1eb7t.<\/span><\/p>\n<p style=\"text-align: justify;\"><span style=\"color: #000000;\">Thi\u1ebft b\u1ecb \u0111i\u1ec1u khi\u1ec3n nh\u00e0 th\u00f4ng minh Lumi c\u00f3 2 m\u00e0u c\u01a1 b\u1ea3n: \u0111\u00e8n \u2013 b\u1ea1c. Thi\u1ebft k\u1ebf nh\u1ecf g\u1ecdn v\u1edbi v\u1ecf nh\u1ef1a v\u00e0 m\u1eb7t k\u00ednh c\u01b0\u1eddng l\u1ef1c ch\u1ed1ng x\u01b0\u1edbc. C\u00f3 th\u1ec3 c\u1eafm tr\u1ef1c ti\u1ebfp v\u00e0o \u1ed5 \u0111i\u1ec7n 220V.<\/span><\/p>\n<h2 style=\"text-align: justify;\"><span style=\"color: #000000;\"><strong>\u1ee8ng d\u1ee5ng c\u1ee7a B\u1ed9 \u0111i\u1ec1u khi\u1ec3n trung t\u00e2m nh\u00e0 th\u00f4ng minh Lumi<\/strong><\/span><\/h2>\n<p style=\"text-align: justify;\"><span style=\"color: #000000;\">\u0110\u00f3ng vai tr\u00f2 l\u00e0 thi\u1ebft b\u1ecb \u0111\u1ea7u n\u00e3o \u0111\u1ec3 \u0111i\u1ec1u khi\u1ec3n nh\u00e0 th\u00f4ng minh. Mang \u0111\u1ebfn nhi\u1ec1u ti\u1ec7n \u00edch, c\u00f3 th\u1ec3 bi\u1ebfn m\u1ecdi ng\u00f4i nh\u00e0 b\u00ecnh th\u01b0\u1eddng tr\u1edf th\u00e0nh nh\u00e0 th\u00f4ng minh. V\u1edbi t\u00ednh n\u0103ng k\u1ebft n\u1ed1i c\u00f4ng t\u1eafc \u0111i\u1ec1u khi\u1ec3n c\u00e1c thi\u1ebft b\u1ecb \u0111i\u1ec7n trong gia \u0111\u00ecnh. N\u1ebfu kh\u00f4ng s\u1eed d\u1ee5ng b\u1ed9 \u0111i\u1ec1u khi\u1ec3n trung t\u00e2m th\u00ec c\u00e1c thi\u1ebft b\u1ecb c\u00f4ng t\u1eafc th\u00f4ng minh s\u1ebd ch\u1ec9 c\u00f3 ch\u1ee9c n\u0103ng nh\u01b0 c\u00f4ng t\u1eafc th\u01b0\u1eddng. B\u1ea1n kh\u00f4ng th\u1ec3 \u0111i\u1ec1u \u0111i\u1ec1u khi\u1ec3n t\u1eeb xa, h\u1eb9n gi\u1edd, c\u0169ng nh\u01b0 c\u00e0i \u0111\u1eb7t ch\u1ebf \u0111\u1ed9 t\u1ef1 ho\u1ea1t \u0111\u1ed9ng cho h\u1ec7 th\u1ed1ng thi\u1ebft b\u1ecb \u0111i\u1ec7n trong ng\u00f4i nh\u00e0 c\u1ee7a m\u00ecnh tr\u00ean \u0111i\u1ec7n tho\u1ea1i, m\u00e1y t\u00ednh b\u1ea3ng<\/span><\/p>\n<h2 style=\"text-align: justify;\"><span style=\"color: #000000;\"><strong>Ph\u01b0\u01a1ng th\u1ee9c ho\u1ea1t \u0111\u1ed9ng c\u1ee7a thi\u1ebft b\u1ecb \u0111i\u1ec1u khi\u1ec3n nh\u00e0 th\u00f4ng minh<\/strong><\/span><\/h2>\n<p style=\"text-align: justify;\"><span style=\"color: #000000;\">B\u1ed9 \u0111i\u1ec1u khi\u1ec3n trung t\u00e2m nh\u00e0 th\u00f4ng minh ti\u1ebfp nh\u1eadn t\u00edn hi\u1ec7u t\u1eeb c\u1ea3m bi\u1ebfn, ng\u01b0\u1eddi d\u00f9ng g\u1eedi \u0111\u1ebfn server. Sau khi ti\u1ebfp nh\u1eadn th\u00f4ng tin, thi\u1ebft b\u1ecb \u0111i\u1ec1u khi\u1ec3n nh\u00e0 th\u00f4ng minh s\u1ebd truy\u1ec1n t\u00edn hi\u1ec7u \u0111\u1ebfn c\u00f4ng t\u1eafc \u0111\u01b0\u1ee3c g\u1eafn v\u1edbi thi\u1ebft b\u1ecb, \u0111\u1ec3 th\u1ef1c hi\u1ec7n y\u00eau c\u1ea7u c\u1ee7a ng\u01b0\u1eddi d\u00f9ng.<\/span><\/p>\n<p style=\"text-align: justify;\"><span style=\"color: #000000;\">V\u00ed d\u1ee5: Khi c\u1ea3m bi\u1ebfn ph\u00e1t hi\u1ec7n chuy\u1ec3n \u0111\u1ed9ng g\u1eedi t\u00edn hi\u1ec7u \u201cc\u00f3 ng\u01b0\u1eddi di chuy\u1ec3n v\u00e0o v\u00f9ng c\u1ea3m bi\u1ebfn\u201d \u0111\u1ebfn b\u1ed9 \u0111i\u1ec1u khi\u1ec3n trung t\u00e2m nh\u00e0 th\u00f4ng minh. T\u1ea1i \u0111\u00e2y, b\u1ed9 \u0111i\u1ec1u khi\u1ec3n trung t\u00e2m truy\u1ec1n t\u00edn hi\u1ec7u nh\u1eadn \u0111\u01b0\u1ee3c \u0111\u1ebfn c\u00f4ng t\u1eafc k\u1ebft n\u1ed1i v\u1edbi thi\u1ebft b\u1ecb nh\u01b0 b\u00f3ng \u0111\u00e8n h\u00e0nh lang, \u0111\u00e8n tu\u00fdp \u2026 s\u1ebd t\u1ef1 \u0111\u1ed9ng b\u1eadt\/t\u1eaft.<\/span><\/p>\n<p style=\"text-align: justify;\"><span style=\"color: #000000;\">Ngo\u00e0i ra, HC c\u00f2n cho ph\u00e9p ng\u01b0\u1eddi d\u00f9ng t\u1ea1o ho\u1ea1t c\u1ea3nh.<\/span><\/p>\n<p style=\"text-align: justify;\"><span style=\"color: #000000;\">V\u00ed d\u1ee5: B\u1ea1n c\u00f3 th\u1ec3 t\u1ea1o c\u1ea3nh b\u1eb1ng c\u00e1ch s\u1eed d\u1ee5ng 1 n\u00fat c\u00f4ng t\u1eafc c\u1ea3m \u1ee9ng b\u1eadt ho\u1eb7c t\u1eaft to\u00e0n b\u1ed9 thi\u1ebft b\u1ecb trong nh\u00e0, ch\u1ec9 c\u1ea7n 1 ch\u1ea1m tr\u1ef1c ti\u1ebfp nh\u01b0 c\u00f4ng t\u1eafc c\u01a1 ho\u1eb7c tr\u00ean \u0111i\u1ec7n tho\u1ea1i, b\u1ea1n \u0111\u00e3 ho\u00e0n to\u00e0n \u0111i\u1ec1u khi\u1ec3n t\u1ea5t c\u1ea3 c\u00e1c thi\u1ebft b\u1ecb \u0111i\u1ec7n trong ng\u00f4i nh\u00e0. T\u01b0\u01a1ng t\u1ef1 v\u1edbi nh\u1eefng ho\u1ea1t c\u1ea3nh: ti\u1ebfp kh\u00e1ch, \u0103n t\u1ed1i, \u0111i l\u00e0m v\u1ec1 \u2026 cho c\u00e1c thi\u1ebft b\u1ecb trong gia \u0111\u00ecnh.<\/span><\/p>\n<h2 style=\"text-align: justify;\"><span style=\"color: #000000;\"><strong>\u01afu \u0111i\u1ec3m c\u1ee7a b\u1ed9 \u0111i\u1ec1u khi\u1ec3n trung t\u00e2m<\/strong><\/span><\/h2>\n<p style=\"text-align: justify;\"><span style=\"color: #000000;\">L\u00e0 c\u00f4ng ngh\u1ec7 n\u1ed5i b\u1eadt tr\u00ean th\u1ebf gi\u1edbi hi\u1ec7n nay \u1ee9ng d\u1ee5ng trong nhi\u1ec1u c\u00f4ng ngh\u1ec7. Li\u00ean k\u1ebft s\u1ed1 l\u01b0\u1ee3ng l\u1edbn c\u00e1c thi\u1ebft b\u1ecb, l\u00ean t\u1edbi 90 thi\u1ebft b\u1ecb trong c\u00f9ng m\u1ed9t h\u1ec7 th\u1ed1ng. B\u1ed9 \u0111i\u1ec1u khi\u1ec3n trung t\u00e2m b\u1ea3o m\u1eadt t\u1ed1t. C\u00f3 th\u1ec3 h\u1ed7 tr\u1ee3, k\u1ebft n\u1ed1i c\u00e1c thi\u1ebft b\u1ecb trong nh\u00e0 th\u00e0nh m\u1ed9t m\u1ea1ng l\u01b0\u1edbi th\u00f4ng minh. Ti\u00eau hao r\u1ea5t \u00edt n\u0103ng l\u01b0\u1ee3ng, ti\u1ebft ki\u1ec7m t\u1ed1i \u0111a chi ph\u00ed so v\u1edbi c\u00e1c c\u00f4ng ngh\u1ec7 kh\u00e1c.<\/span><\/p>\n<p style=\"text-align: justify;\"><span style=\"color: #000000;\">\u0110\u1eb7c bi\u1ec7t, sever Lumi \u0111\u00e3 t\u00edch h\u1ee3p th\u00e0nh c\u00f4ng v\u1edbi Sever c\u1ee7a Amazon \u2013 M\u1ef9 v\u00e0 Google \u0111\u1ec3 t\u1ea1o ra gi\u1ea3i ph\u00e1p nh\u00e0 th\u00f4ng minh \u0111i\u1ec1u khi\u1ec3n b\u1eb1ng gi\u1ecdng n\u00f3i. Cho ph\u00e9p ng\u01b0\u1eddi d\u00f9ng ho\u00e0n to\u00e0n ki\u1ec3m so\u00e1t, \u0111i\u1ec1u khi\u1ec3n c\u00e1c thi\u1ebft b\u1ecb trong ng\u00f4i nh\u00e0 b\u1eb1ng ch\u00ednh \u201cgi\u1ecdng n\u00f3i quy\u1ec1n n\u0103ng\u201d c\u1ee7a m\u00ecnh. Khi b\u1ea1n n\u00f3i c\u00e2u l\u1ec7nh \u201cTurn on go home\u201d ho\u1eb7c \u201cTurn off go out\u201d t\u1ea5t c\u1ea3 c\u00e1c thi\u1ebft b\u1ecb trong ng\u00f4i nh\u00e0 s\u1ebd ho\u00e0n to\u00e0n b\u1eadt\/t\u1eaft, t\u00f9y theo c\u00e2u l\u1ec7nh.<\/span><\/p>\n<h2 style=\"text-align: justify;\"><span style=\"color: #000000;\"><strong>L\u1eddi k\u1ebft<\/strong> <\/span><\/h2>\n<p style=\"text-align: justify;\"><span style=\"color: #000000;\">Th\u1ecb tr\u01b0\u1eddng thi\u1ebft b\u1ecb nh\u00e0 th\u00f4ng minh s\u1ebd t\u0103ng tr\u01b0\u1edfng 14,4% m\u1ed7i n\u0103m v\u00e0o n\u0103m 2023, theo d\u1ef1 b\u00e1o c\u1ee7a h\u00e3ng nghi\u00ean c\u1ee9u th\u1ecb tr\u01b0\u1eddng IDC. \u0110i\u1ec1u \u0111\u00f3 cho th\u1ea5y, nh\u00e0 th\u00f4ng minh \u0111\u00e3 v\u00e0 \u0111ang tr\u1edf th\u00e0nh ti\u00eau chu\u1ea9n, xu h\u01b0\u1edbng nh\u00e0 \u1edf hi\u1ec7n \u0111\u1ea1i trong t\u01b0\u01a1ng lai.<\/span><\/p>\n","protected":false},"excerpt":{"rendered":"<p><strong><span style=\"color: #000000; font-size: 16px;\">Cho thi\u1ebft b\u1ecb gia nh\u1eadp m\u1ea1ng Zigbee li\u00ean k\u1ebft c\u00e1c thi\u1ebft b\u1ecb trong c\u00f9ng h\u1ec7 th\u1ed1ng v\u1edbi nhau.<\/span><\/strong><br \/>\n<strong><span style=\"color: #000000; font-size: 16px;\">Truy\u1ec1n th\u00f4ng: Zigbee.<\/span><\/strong><br \/>\n<strong><span style=\"color: #000000; font-size: 16px;\">\u0110i\u1ec1u khi\u1ec3n c\u00e1c thi\u1ebft b\u1ecb b\u1eb1ng \u1ee9ng d\u1ee5ng Lumi Life.<\/span><\/strong><br \/>\n<strong><span style=\"color: #000000; font-size: 16px;\">Th\u1ef1c hi\u1ec7n x\u1eed l\u00fd c\u00e1c c\u00e0i \u0111\u1eb7t t\u1ef1 \u0111\u1ed9ng: c\u1ea3nh, rule, h\u1eb9n gi\u1edd thi\u1ebft b\u1ecb, nh\u00f3m thi\u1ebft b\u1ecb.<\/span><\/strong><br \/>\n<strong><span style=\"color: #000000; font-size: 16px;\">B\u1ea3o h\u00e0nh: 24 th\u00e1ng<\/span><\/strong><\/p>\n","protected":false},"featured_media":1812,"comment_status":"open","ping_status":"closed","template":"","meta":[],"product_cat":[154],"product_tag":[],"yoast_head":"<!-- This site is optimized with the Yoast SEO plugin v21.5 - https:\/\/yoast.com\/wordpress\/plugins\/seo\/ -->\n<title>B\u1ed9 \u0111i\u1ec1u khi\u1ec3n trung t\u00e2m - M\u1eabu 2<\/title>\n<meta name=\"robots\" content=\"index, follow, max-snippet:-1, max-image-preview:large, max-video-preview:-1\" \/>\n<link rel=\"canonical\" href=\"https:\/\/pluginviet.com\/mau38\/san-pham\/bo-dieu-khien-trung-tam\/\" \/>\n<meta property=\"og:locale\" content=\"vi_VN\" \/>\n<meta property=\"og:type\" content=\"article\" \/>\n<meta property=\"og:title\" content=\"B\u1ed9 \u0111i\u1ec1u khi\u1ec3n trung t\u00e2m - M\u1eabu 2\" \/>\n<meta property=\"og:description\" content=\"Cho thi\u1ebft b\u1ecb gia nh\u1eadp m\u1ea1ng Zigbee li\u00ean k\u1ebft c\u00e1c thi\u1ebft b\u1ecb trong c\u00f9ng h\u1ec7 th\u1ed1ng v\u1edbi nhau. Truy\u1ec1n th\u00f4ng: Zigbee. \u0110i\u1ec1u khi\u1ec3n c\u00e1c thi\u1ebft b\u1ecb b\u1eb1ng \u1ee9ng d\u1ee5ng Lumi Life. Th\u1ef1c hi\u1ec7n x\u1eed l\u00fd c\u00e1c c\u00e0i \u0111\u1eb7t t\u1ef1 \u0111\u1ed9ng: c\u1ea3nh, rule, h\u1eb9n gi\u1edd thi\u1ebft b\u1ecb, nh\u00f3m thi\u1ebft b\u1ecb. B\u1ea3o h\u00e0nh: 24 th\u00e1ng\" \/>\n<meta property=\"og:url\" content=\"https:\/\/pluginviet.com\/mau38\/san-pham\/bo-dieu-khien-trung-tam\/\" \/>\n<meta property=\"og:site_name\" content=\"M\u1eabu 2\" \/>\n<meta property=\"article:modified_time\" content=\"2022-11-10T07:34:26+00:00\" \/>\n<meta property=\"og:image\" content=\"https:\/\/pluginviet.com\/mau38\/wp-content\/uploads\/2021\/12\/lumi.png\" \/>\n\t<meta property=\"og:image:width\" content=\"500\" \/>\n\t<meta property=\"og:image:height\" content=\"500\" \/>\n\t<meta property=\"og:image:type\" content=\"image\/png\" \/>\n<meta name=\"twitter:card\" content=\"summary_large_image\" \/>\n<meta name=\"twitter:label1\" content=\"\u01af\u1edbc t\u00ednh th\u1eddi gian \u0111\u1ecdc\" \/>\n\t<meta name=\"twitter:data1\" content=\"4 ph\u00fat\" \/>\n<script type=\"application\/ld+json\" class=\"yoast-schema-graph\">{\"@context\":\"https:\/\/schema.org\",\"@graph\":[{\"@type\":\"WebPage\",\"@id\":\"https:\/\/pluginviet.com\/mau38\/san-pham\/bo-dieu-khien-trung-tam\/\",\"url\":\"https:\/\/pluginviet.com\/mau38\/san-pham\/bo-dieu-khien-trung-tam\/\",\"name\":\"B\u1ed9 \u0111i\u1ec1u khi\u1ec3n trung t\u00e2m - M\u1eabu 2\",\"isPartOf\":{\"@id\":\"https:\/\/pluginviet.com\/mau38\/#website\"},\"datePublished\":\"2021-12-15T08:23:35+00:00\",\"dateModified\":\"2022-11-10T07:34:26+00:00\",\"breadcrumb\":{\"@id\":\"https:\/\/pluginviet.com\/mau38\/san-pham\/bo-dieu-khien-trung-tam\/#breadcrumb\"},\"inLanguage\":\"vi\",\"potentialAction\":[{\"@type\":\"ReadAction\",\"target\":[\"https:\/\/pluginviet.com\/mau38\/san-pham\/bo-dieu-khien-trung-tam\/\"]}]},{\"@type\":\"BreadcrumbList\",\"@id\":\"https:\/\/pluginviet.com\/mau38\/san-pham\/bo-dieu-khien-trung-tam\/#breadcrumb\",\"itemListElement\":[{\"@type\":\"ListItem\",\"position\":1,\"name\":\"Trang ch\u1ee7\",\"item\":\"https:\/\/pluginviet.com\/mau38\/\"},{\"@type\":\"ListItem\",\"position\":2,\"name\":\"Shop\",\"item\":\"https:\/\/pluginviet.com\/mau38\/shop\/\"},{\"@type\":\"ListItem\",\"position\":3,\"name\":\"B\u1ed9 \u0111i\u1ec1u khi\u1ec3n trung t\u00e2m\"}]},{\"@type\":\"WebSite\",\"@id\":\"https:\/\/pluginviet.com\/mau38\/#website\",\"url\":\"https:\/\/pluginviet.com\/mau38\/\",\"name\":\"M\u1eabu 2\",\"description\":\"\",\"potentialAction\":[{\"@type\":\"SearchAction\",\"target\":{\"@type\":\"EntryPoint\",\"urlTemplate\":\"https:\/\/pluginviet.com\/mau38\/?s={search_term_string}\"},\"query-input\":\"required name=search_term_string\"}],\"inLanguage\":\"vi\"}]}<\/script>\n<!-- \/ Yoast SEO plugin. -->","yoast_head_json":{"title":"B\u1ed9 \u0111i\u1ec1u khi\u1ec3n trung t\u00e2m - M\u1eabu 2","robots":{"index":"index","follow":"follow","max-snippet":"max-snippet:-1","max-image-preview":"max-image-preview:large","max-video-preview":"max-video-preview:-1"},"canonical":"https:\/\/pluginviet.com\/mau38\/san-pham\/bo-dieu-khien-trung-tam\/","og_locale":"vi_VN","og_type":"article","og_title":"B\u1ed9 \u0111i\u1ec1u khi\u1ec3n trung t\u00e2m - M\u1eabu 2","og_description":"Cho thi\u1ebft b\u1ecb gia nh\u1eadp m\u1ea1ng Zigbee li\u00ean k\u1ebft c\u00e1c thi\u1ebft b\u1ecb trong c\u00f9ng h\u1ec7 th\u1ed1ng v\u1edbi nhau. Truy\u1ec1n th\u00f4ng: Zigbee. \u0110i\u1ec1u khi\u1ec3n c\u00e1c thi\u1ebft b\u1ecb b\u1eb1ng \u1ee9ng d\u1ee5ng Lumi Life. Th\u1ef1c hi\u1ec7n x\u1eed l\u00fd c\u00e1c c\u00e0i \u0111\u1eb7t t\u1ef1 \u0111\u1ed9ng: c\u1ea3nh, rule, h\u1eb9n gi\u1edd thi\u1ebft b\u1ecb, nh\u00f3m thi\u1ebft b\u1ecb. B\u1ea3o h\u00e0nh: 24 th\u00e1ng","og_url":"https:\/\/pluginviet.com\/mau38\/san-pham\/bo-dieu-khien-trung-tam\/","og_site_name":"M\u1eabu 2","article_modified_time":"2022-11-10T07:34:26+00:00","og_image":[{"width":500,"height":500,"url":"https:\/\/pluginviet.com\/mau38\/wp-content\/uploads\/2021\/12\/lumi.png","type":"image\/png"}],"twitter_card":"summary_large_image","twitter_misc":{"\u01af\u1edbc t\u00ednh th\u1eddi gian \u0111\u1ecdc":"4 ph\u00fat"},"schema":{"@context":"https:\/\/schema.org","@graph":[{"@type":"WebPage","@id":"https:\/\/pluginviet.com\/mau38\/san-pham\/bo-dieu-khien-trung-tam\/","url":"https:\/\/pluginviet.com\/mau38\/san-pham\/bo-dieu-khien-trung-tam\/","name":"B\u1ed9 \u0111i\u1ec1u khi\u1ec3n trung t\u00e2m - M\u1eabu 2","isPartOf":{"@id":"https:\/\/pluginviet.com\/mau38\/#website"},"datePublished":"2021-12-15T08:23:35+00:00","dateModified":"2022-11-10T07:34:26+00:00","breadcrumb":{"@id":"https:\/\/pluginviet.com\/mau38\/san-pham\/bo-dieu-khien-trung-tam\/#breadcrumb"},"inLanguage":"vi","potentialAction":[{"@type":"ReadAction","target":["https:\/\/pluginviet.com\/mau38\/san-pham\/bo-dieu-khien-trung-tam\/"]}]},{"@type":"BreadcrumbList","@id":"https:\/\/pluginviet.com\/mau38\/san-pham\/bo-dieu-khien-trung-tam\/#breadcrumb","itemListElement":[{"@type":"ListItem","position":1,"name":"Trang ch\u1ee7","item":"https:\/\/pluginviet.com\/mau38\/"},{"@type":"ListItem","position":2,"name":"Shop","item":"https:\/\/pluginviet.com\/mau38\/shop\/"},{"@type":"ListItem","position":3,"name":"B\u1ed9 \u0111i\u1ec1u khi\u1ec3n trung t\u00e2m"}]},{"@type":"WebSite","@id":"https:\/\/pluginviet.com\/mau38\/#website","url":"https:\/\/pluginviet.com\/mau38\/","name":"M\u1eabu 2","description":"","potentialAction":[{"@type":"SearchAction","target":{"@type":"EntryPoint","urlTemplate":"https:\/\/pluginviet.com\/mau38\/?s={search_term_string}"},"query-input":"required name=search_term_string"}],"inLanguage":"vi"}]}},"_links":{"self":[{"href":"https:\/\/pluginviet.com\/mau38\/wp-json\/wp\/v2\/product\/1797"}],"collection":[{"href":"https:\/\/pluginviet.com\/mau38\/wp-json\/wp\/v2\/product"}],"about":[{"href":"https:\/\/pluginviet.com\/mau38\/wp-json\/wp\/v2\/types\/product"}],"replies":[{"embeddable":true,"href":"https:\/\/pluginviet.com\/mau38\/wp-json\/wp\/v2\/comments?post=1797"}],"wp:featuredmedia":[{"embeddable":true,"href":"https:\/\/pluginviet.com\/mau38\/wp-json\/wp\/v2\/media\/1812"}],"wp:attachment":[{"href":"https:\/\/pluginviet.com\/mau38\/wp-json\/wp\/v2\/media?parent=1797"}],"wp:term":[{"taxonomy":"product_cat","embeddable":true,"href":"https:\/\/pluginviet.com\/mau38\/wp-json\/wp\/v2\/product_cat?post=1797"},{"taxonomy":"product_tag","embeddable":true,"href":"https:\/\/pluginviet.com\/mau38\/wp-json\/wp\/v2\/product_tag?post=1797"}],"curies":[{"name":"wp","href":"https:\/\/api.w.org\/{rel}","templated":true}]}}