{"id":3454,"date":"2022-09-28T22:02:06","date_gmt":"2022-09-28T15:02:06","guid":{"rendered":"https:\/\/khomaudep.com\/likefit\/?post_type=product&#038;p=3454"},"modified":"2022-09-28T22:02:29","modified_gmt":"2022-09-28T15:02:29","slug":"ao-ba-lo-tank-top-buzt","status":"publish","type":"product","link":"https:\/\/pluginviet.com\/mau37\/san-pham\/ao-ba-lo-tank-top-buzt\/","title":{"rendered":"\u00c1o Ba l\u1ed7 &#8211; Tank top Buzt"},"content":{"rendered":"<p><img loading=\"lazy\" decoding=\"async\" class=\"alignnone size-large wp-image-2163\" src=\"https:\/\/khomaudep.com\/likefit\/wp-content\/uploads\/2020\/07\/Ao-tap-gym-nam-tanktop-mu-11-1067x800.jpg\" alt=\"\" width=\"1020\" height=\"765\" srcset=\"https:\/\/pluginviet.com\/mau37\/wp-content\/uploads\/2020\/07\/Ao-tap-gym-nam-tanktop-mu-11-1067x800.jpg 1067w, https:\/\/pluginviet.com\/mau37\/wp-content\/uploads\/2020\/07\/Ao-tap-gym-nam-tanktop-mu-11-533x400.jpg 533w, https:\/\/pluginviet.com\/mau37\/wp-content\/uploads\/2020\/07\/Ao-tap-gym-nam-tanktop-mu-11-768x576.jpg 768w, https:\/\/pluginviet.com\/mau37\/wp-content\/uploads\/2020\/07\/Ao-tap-gym-nam-tanktop-mu-11-600x450.jpg 600w, https:\/\/pluginviet.com\/mau37\/wp-content\/uploads\/2020\/07\/Ao-tap-gym-nam-tanktop-mu-11.jpg 1500w\" sizes=\"(max-width: 1020px) 100vw, 1020px\" \/> <img loading=\"lazy\" decoding=\"async\" class=\"alignnone size-full wp-image-2160\" src=\"https:\/\/khomaudep.com\/likefit\/wp-content\/uploads\/2020\/07\/Ao-tap-gym-nam-tanktop-mu-4.jpg\" alt=\"\" width=\"750\" height=\"750\" srcset=\"https:\/\/pluginviet.com\/mau37\/wp-content\/uploads\/2020\/07\/Ao-tap-gym-nam-tanktop-mu-4.jpg 750w, https:\/\/pluginviet.com\/mau37\/wp-content\/uploads\/2020\/07\/Ao-tap-gym-nam-tanktop-mu-4-400x400.jpg 400w, https:\/\/pluginviet.com\/mau37\/wp-content\/uploads\/2020\/07\/Ao-tap-gym-nam-tanktop-mu-4-280x280.jpg 280w, https:\/\/pluginviet.com\/mau37\/wp-content\/uploads\/2020\/07\/Ao-tap-gym-nam-tanktop-mu-4-600x600.jpg 600w, https:\/\/pluginviet.com\/mau37\/wp-content\/uploads\/2020\/07\/Ao-tap-gym-nam-tanktop-mu-4-100x100.jpg 100w\" sizes=\"(max-width: 750px) 100vw, 750px\" \/> <img loading=\"lazy\" decoding=\"async\" class=\"alignnone size-full wp-image-2156\" src=\"https:\/\/khomaudep.com\/likefit\/wp-content\/uploads\/2020\/07\/4-1.jpg\" alt=\"\" width=\"750\" height=\"750\" srcset=\"https:\/\/pluginviet.com\/mau37\/wp-content\/uploads\/2020\/07\/4-1.jpg 750w, https:\/\/pluginviet.com\/mau37\/wp-content\/uploads\/2020\/07\/4-1-400x400.jpg 400w, https:\/\/pluginviet.com\/mau37\/wp-content\/uploads\/2020\/07\/4-1-280x280.jpg 280w, https:\/\/pluginviet.com\/mau37\/wp-content\/uploads\/2020\/07\/4-1-600x600.jpg 600w, https:\/\/pluginviet.com\/mau37\/wp-content\/uploads\/2020\/07\/4-1-100x100.jpg 100w\" sizes=\"(max-width: 750px) 100vw, 750px\" \/> <img loading=\"lazy\" decoding=\"async\" class=\"alignnone size-full wp-image-2155\" src=\"https:\/\/khomaudep.com\/likefit\/wp-content\/uploads\/2020\/07\/3-2.jpg\" alt=\"\" width=\"750\" height=\"750\" srcset=\"https:\/\/pluginviet.com\/mau37\/wp-content\/uploads\/2020\/07\/3-2.jpg 750w, https:\/\/pluginviet.com\/mau37\/wp-content\/uploads\/2020\/07\/3-2-400x400.jpg 400w, https:\/\/pluginviet.com\/mau37\/wp-content\/uploads\/2020\/07\/3-2-280x280.jpg 280w, https:\/\/pluginviet.com\/mau37\/wp-content\/uploads\/2020\/07\/3-2-600x600.jpg 600w, https:\/\/pluginviet.com\/mau37\/wp-content\/uploads\/2020\/07\/3-2-100x100.jpg 100w\" sizes=\"(max-width: 750px) 100vw, 750px\" \/> <img loading=\"lazy\" decoding=\"async\" class=\"alignnone size-full wp-image-2154\" src=\"https:\/\/khomaudep.com\/likefit\/wp-content\/uploads\/2020\/07\/2-2.jpg\" alt=\"\" width=\"750\" height=\"750\" srcset=\"https:\/\/pluginviet.com\/mau37\/wp-content\/uploads\/2020\/07\/2-2.jpg 750w, https:\/\/pluginviet.com\/mau37\/wp-content\/uploads\/2020\/07\/2-2-400x400.jpg 400w, https:\/\/pluginviet.com\/mau37\/wp-content\/uploads\/2020\/07\/2-2-280x280.jpg 280w, https:\/\/pluginviet.com\/mau37\/wp-content\/uploads\/2020\/07\/2-2-600x600.jpg 600w, https:\/\/pluginviet.com\/mau37\/wp-content\/uploads\/2020\/07\/2-2-100x100.jpg 100w\" sizes=\"(max-width: 750px) 100vw, 750px\" \/> <img loading=\"lazy\" decoding=\"async\" class=\"alignnone size-full wp-image-2153\" src=\"https:\/\/khomaudep.com\/likefit\/wp-content\/uploads\/2020\/07\/1-2.jpg\" alt=\"\" width=\"750\" height=\"750\" srcset=\"https:\/\/pluginviet.com\/mau37\/wp-content\/uploads\/2020\/07\/1-2.jpg 750w, https:\/\/pluginviet.com\/mau37\/wp-content\/uploads\/2020\/07\/1-2-400x400.jpg 400w, https:\/\/pluginviet.com\/mau37\/wp-content\/uploads\/2020\/07\/1-2-280x280.jpg 280w, https:\/\/pluginviet.com\/mau37\/wp-content\/uploads\/2020\/07\/1-2-600x600.jpg 600w, https:\/\/pluginviet.com\/mau37\/wp-content\/uploads\/2020\/07\/1-2-100x100.jpg 100w\" sizes=\"(max-width: 750px) 100vw, 750px\" \/><\/p>\n","protected":false},"excerpt":{"rendered":"<p><strong>M\u00f4 t\u1ea3 s\u1ea3n ph\u1ea9m:<\/strong><\/p>\n<p>&#8211; <strong>Form d\u00e1ng<\/strong>: \u00c1o tank top Butz form c\u1eaft x\u1ebb tank top, x\u1ebb ngang s\u01b0\u1eddn, form m\u1eb7c r\u1ed9ng tho\u1ea3i m\u00e1i, kh\u00f4ng qu\u00e1 \u00f4m<\/p>\n<p style=\"text-align: justify;\">&#8211; <strong>Ch\u1ea5t v\u1ea3i<\/strong>: \u00c1o v\u1ea3i thun l\u01b0\u1edbi m\u1ecbn, co d\u00e3n 4 chi\u1ec1u, kh\u00f4ng bai x\u00f9, tho\u00e1ng kh\u00ed<\/p>\n<p style=\"text-align: justify;\"><span style=\"font-size: 100%;\"><strong><span style=\"color: #000000;\">H\u01b0\u1edbng d\u1eabn ch\u1ecdn size<\/span><\/strong><\/span><br \/>\n<span style=\"color: #000000; font-size: 100%;\">\u2605 Size M: 50 Kg &#8211; 63 Kg<\/span><br \/>\n<span style=\"color: #000000; font-size: 100%;\">\u2605 Size L: 64 Kg &#8211; 70 Kg <\/span><br \/>\n<span style=\"color: #000000; font-size: 100%;\">\u2605 Size XL: 71kg -78 Kg<\/span><br \/>\n<span style=\"color: #000000; font-size: 100%;\">\u2605 Size XXL: 79 Kg \u2013 90 Kg,.<\/span><\/p>\n","protected":false},"featured_media":2221,"template":"","meta":[],"product_cat":[15,163,162,183,165,164,161],"product_tag":[],"yoast_head":"<!-- This site is optimized with the Yoast SEO plugin v21.5 - https:\/\/yoast.com\/wordpress\/plugins\/seo\/ -->\n<title>\u00c1o Ba l\u1ed7 - Tank top Buzt - Likefit<\/title>\n<meta name=\"robots\" content=\"index, follow, max-snippet:-1, max-image-preview:large, max-video-preview:-1\" \/>\n<link rel=\"canonical\" href=\"https:\/\/pluginviet.com\/mau37\/san-pham\/ao-ba-lo-tank-top-buzt\/\" \/>\n<meta property=\"og:locale\" content=\"vi_VN\" \/>\n<meta property=\"og:type\" content=\"article\" \/>\n<meta property=\"og:title\" content=\"\u00c1o Ba l\u1ed7 - Tank top Buzt - Likefit\" \/>\n<meta property=\"og:description\" content=\"M\u00f4 t\u1ea3 s\u1ea3n ph\u1ea9m:  - Form d\u00e1ng: \u00c1o tank top Butz form c\u1eaft x\u1ebb tank top, x\u1ebb ngang s\u01b0\u1eddn, form m\u1eb7c r\u1ed9ng tho\u1ea3i m\u00e1i, kh\u00f4ng qu\u00e1 \u00f4m - Ch\u1ea5t v\u1ea3i: \u00c1o v\u1ea3i thun l\u01b0\u1edbi m\u1ecbn, co d\u00e3n 4 chi\u1ec1u, kh\u00f4ng bai x\u00f9, tho\u00e1ng kh\u00ed H\u01b0\u1edbng d\u1eabn ch\u1ecdn size \u2605 Size M: 50 Kg - 63 Kg \u2605 Size L: 64 Kg - 70 Kg  \u2605 Size XL: 71kg -78 Kg \u2605 Size XXL: 79 Kg \u2013 90 Kg,.\" \/>\n<meta property=\"og:url\" content=\"https:\/\/pluginviet.com\/mau37\/san-pham\/ao-ba-lo-tank-top-buzt\/\" \/>\n<meta property=\"og:site_name\" content=\"Likefit\" \/>\n<meta property=\"article:modified_time\" content=\"2022-09-28T15:02:29+00:00\" \/>\n<meta property=\"og:image\" content=\"https:\/\/pluginviet.com\/mau37\/wp-content\/uploads\/2020\/07\/Ao-tap-gym-nam-2.jpg\" \/>\n\t<meta property=\"og:image:width\" content=\"800\" \/>\n\t<meta property=\"og:image:height\" content=\"800\" \/>\n\t<meta property=\"og:image:type\" content=\"image\/jpeg\" \/>\n<meta name=\"twitter:card\" content=\"summary_large_image\" \/>\n<script type=\"application\/ld+json\" class=\"yoast-schema-graph\">{\"@context\":\"https:\/\/schema.org\",\"@graph\":[{\"@type\":\"WebPage\",\"@id\":\"https:\/\/pluginviet.com\/mau37\/san-pham\/ao-ba-lo-tank-top-buzt\/\",\"url\":\"https:\/\/pluginviet.com\/mau37\/san-pham\/ao-ba-lo-tank-top-buzt\/\",\"name\":\"\u00c1o Ba l\u1ed7 - Tank top Buzt - Likefit\",\"isPartOf\":{\"@id\":\"https:\/\/pluginviet.com\/mau37\/#website\"},\"datePublished\":\"2022-09-28T15:02:06+00:00\",\"dateModified\":\"2022-09-28T15:02:29+00:00\",\"breadcrumb\":{\"@id\":\"https:\/\/pluginviet.com\/mau37\/san-pham\/ao-ba-lo-tank-top-buzt\/#breadcrumb\"},\"inLanguage\":\"vi\",\"potentialAction\":[{\"@type\":\"ReadAction\",\"target\":[\"https:\/\/pluginviet.com\/mau37\/san-pham\/ao-ba-lo-tank-top-buzt\/\"]}]},{\"@type\":\"BreadcrumbList\",\"@id\":\"https:\/\/pluginviet.com\/mau37\/san-pham\/ao-ba-lo-tank-top-buzt\/#breadcrumb\",\"itemListElement\":[{\"@type\":\"ListItem\",\"position\":1,\"name\":\"Trang ch\u1ee7\",\"item\":\"https:\/\/pluginviet.com\/mau37\/\"},{\"@type\":\"ListItem\",\"position\":2,\"name\":\"Shop\",\"item\":\"https:\/\/pluginviet.com\/mau37\/shop\/\"},{\"@type\":\"ListItem\",\"position\":3,\"name\":\"\u00c1o Ba l\u1ed7 &#8211; Tank top Buzt\"}]},{\"@type\":\"WebSite\",\"@id\":\"https:\/\/pluginviet.com\/mau37\/#website\",\"url\":\"https:\/\/pluginviet.com\/mau37\/\",\"name\":\"Likefit\",\"description\":\"\",\"potentialAction\":[{\"@type\":\"SearchAction\",\"target\":{\"@type\":\"EntryPoint\",\"urlTemplate\":\"https:\/\/pluginviet.com\/mau37\/?s={search_term_string}\"},\"query-input\":\"required name=search_term_string\"}],\"inLanguage\":\"vi\"}]}<\/script>\n<!-- \/ Yoast SEO plugin. -->","yoast_head_json":{"title":"\u00c1o Ba l\u1ed7 - Tank top Buzt - Likefit","robots":{"index":"index","follow":"follow","max-snippet":"max-snippet:-1","max-image-preview":"max-image-preview:large","max-video-preview":"max-video-preview:-1"},"canonical":"https:\/\/pluginviet.com\/mau37\/san-pham\/ao-ba-lo-tank-top-buzt\/","og_locale":"vi_VN","og_type":"article","og_title":"\u00c1o Ba l\u1ed7 - Tank top Buzt - Likefit","og_description":"M\u00f4 t\u1ea3 s\u1ea3n ph\u1ea9m:  - Form d\u00e1ng: \u00c1o tank top Butz form c\u1eaft x\u1ebb tank top, x\u1ebb ngang s\u01b0\u1eddn, form m\u1eb7c r\u1ed9ng tho\u1ea3i m\u00e1i, kh\u00f4ng qu\u00e1 \u00f4m - Ch\u1ea5t v\u1ea3i: \u00c1o v\u1ea3i thun l\u01b0\u1edbi m\u1ecbn, co d\u00e3n 4 chi\u1ec1u, kh\u00f4ng bai x\u00f9, tho\u00e1ng kh\u00ed H\u01b0\u1edbng d\u1eabn ch\u1ecdn size \u2605 Size M: 50 Kg - 63 Kg \u2605 Size L: 64 Kg - 70 Kg  \u2605 Size XL: 71kg -78 Kg \u2605 Size XXL: 79 Kg \u2013 90 Kg,.","og_url":"https:\/\/pluginviet.com\/mau37\/san-pham\/ao-ba-lo-tank-top-buzt\/","og_site_name":"Likefit","article_modified_time":"2022-09-28T15:02:29+00:00","og_image":[{"width":800,"height":800,"url":"https:\/\/pluginviet.com\/mau37\/wp-content\/uploads\/2020\/07\/Ao-tap-gym-nam-2.jpg","type":"image\/jpeg"}],"twitter_card":"summary_large_image","schema":{"@context":"https:\/\/schema.org","@graph":[{"@type":"WebPage","@id":"https:\/\/pluginviet.com\/mau37\/san-pham\/ao-ba-lo-tank-top-buzt\/","url":"https:\/\/pluginviet.com\/mau37\/san-pham\/ao-ba-lo-tank-top-buzt\/","name":"\u00c1o Ba l\u1ed7 - Tank top Buzt - Likefit","isPartOf":{"@id":"https:\/\/pluginviet.com\/mau37\/#website"},"datePublished":"2022-09-28T15:02:06+00:00","dateModified":"2022-09-28T15:02:29+00:00","breadcrumb":{"@id":"https:\/\/pluginviet.com\/mau37\/san-pham\/ao-ba-lo-tank-top-buzt\/#breadcrumb"},"inLanguage":"vi","potentialAction":[{"@type":"ReadAction","target":["https:\/\/pluginviet.com\/mau37\/san-pham\/ao-ba-lo-tank-top-buzt\/"]}]},{"@type":"BreadcrumbList","@id":"https:\/\/pluginviet.com\/mau37\/san-pham\/ao-ba-lo-tank-top-buzt\/#breadcrumb","itemListElement":[{"@type":"ListItem","position":1,"name":"Trang ch\u1ee7","item":"https:\/\/pluginviet.com\/mau37\/"},{"@type":"ListItem","position":2,"name":"Shop","item":"https:\/\/pluginviet.com\/mau37\/shop\/"},{"@type":"ListItem","position":3,"name":"\u00c1o Ba l\u1ed7 &#8211; Tank top Buzt"}]},{"@type":"WebSite","@id":"https:\/\/pluginviet.com\/mau37\/#website","url":"https:\/\/pluginviet.com\/mau37\/","name":"Likefit","description":"","potentialAction":[{"@type":"SearchAction","target":{"@type":"EntryPoint","urlTemplate":"https:\/\/pluginviet.com\/mau37\/?s={search_term_string}"},"query-input":"required name=search_term_string"}],"inLanguage":"vi"}]}},"_links":{"self":[{"href":"https:\/\/pluginviet.com\/mau37\/wp-json\/wp\/v2\/product\/3454"}],"collection":[{"href":"https:\/\/pluginviet.com\/mau37\/wp-json\/wp\/v2\/product"}],"about":[{"href":"https:\/\/pluginviet.com\/mau37\/wp-json\/wp\/v2\/types\/product"}],"wp:featuredmedia":[{"embeddable":true,"href":"https:\/\/pluginviet.com\/mau37\/wp-json\/wp\/v2\/media\/2221"}],"wp:attachment":[{"href":"https:\/\/pluginviet.com\/mau37\/wp-json\/wp\/v2\/media?parent=3454"}],"wp:term":[{"taxonomy":"product_cat","embeddable":true,"href":"https:\/\/pluginviet.com\/mau37\/wp-json\/wp\/v2\/product_cat?post=3454"},{"taxonomy":"product_tag","embeddable":true,"href":"https:\/\/pluginviet.com\/mau37\/wp-json\/wp\/v2\/product_tag?post=3454"}],"curies":[{"name":"wp","href":"https:\/\/api.w.org\/{rel}","templated":true}]}}