{"id":2183,"date":"2020-07-07T16:35:14","date_gmt":"2020-07-07T16:35:14","guid":{"rendered":"https:\/\/khomaudep.com\/likefit\/?post_type=product&#038;p=2183"},"modified":"2022-09-28T22:00:18","modified_gmt":"2022-09-28T15:00:18","slug":"ba-lo-crns","status":"publish","type":"product","link":"https:\/\/pluginviet.com\/mau37\/san-pham\/ba-lo-crns\/","title":{"rendered":"\u00c1o Ba l\u1ed7 &#8211; Tank top CRNS"},"content":{"rendered":"<p><img loading=\"lazy\" decoding=\"async\" class=\"alignnone size-full wp-image-2193\" src=\"https:\/\/khomaudep.com\/likefit\/wp-content\/uploads\/2020\/07\/11155955490_1603545263.jpg\" alt=\"\" width=\"800\" height=\"800\" srcset=\"https:\/\/pluginviet.com\/mau37\/wp-content\/uploads\/2020\/07\/11155955490_1603545263.jpg 800w, https:\/\/pluginviet.com\/mau37\/wp-content\/uploads\/2020\/07\/11155955490_1603545263-400x400.jpg 400w, https:\/\/pluginviet.com\/mau37\/wp-content\/uploads\/2020\/07\/11155955490_1603545263-280x280.jpg 280w, https:\/\/pluginviet.com\/mau37\/wp-content\/uploads\/2020\/07\/11155955490_1603545263-768x768.jpg 768w, https:\/\/pluginviet.com\/mau37\/wp-content\/uploads\/2020\/07\/11155955490_1603545263-600x600.jpg 600w, https:\/\/pluginviet.com\/mau37\/wp-content\/uploads\/2020\/07\/11155955490_1603545263-100x100.jpg 100w\" sizes=\"(max-width: 800px) 100vw, 800px\" \/> <img loading=\"lazy\" decoding=\"async\" class=\"alignnone size-large wp-image-2194\" src=\"https:\/\/khomaudep.com\/likefit\/wp-content\/uploads\/2020\/07\/11155967368_1603545263-1109x800.jpg\" alt=\"\" width=\"1020\" height=\"736\" srcset=\"https:\/\/pluginviet.com\/mau37\/wp-content\/uploads\/2020\/07\/11155967368_1603545263-1109x800.jpg 1109w, https:\/\/pluginviet.com\/mau37\/wp-content\/uploads\/2020\/07\/11155967368_1603545263-554x400.jpg 554w, https:\/\/pluginviet.com\/mau37\/wp-content\/uploads\/2020\/07\/11155967368_1603545263-768x554.jpg 768w, https:\/\/pluginviet.com\/mau37\/wp-content\/uploads\/2020\/07\/11155967368_1603545263-600x433.jpg 600w, https:\/\/pluginviet.com\/mau37\/wp-content\/uploads\/2020\/07\/11155967368_1603545263.jpg 1300w\" sizes=\"(max-width: 1020px) 100vw, 1020px\" \/> <img loading=\"lazy\" decoding=\"async\" class=\"alignnone size-large wp-image-2191\" src=\"https:\/\/khomaudep.com\/likefit\/wp-content\/uploads\/2020\/07\/11094099469_1603545263-629x800.jpg\" alt=\"\" width=\"629\" height=\"800\" srcset=\"https:\/\/pluginviet.com\/mau37\/wp-content\/uploads\/2020\/07\/11094099469_1603545263-629x800.jpg 629w, https:\/\/pluginviet.com\/mau37\/wp-content\/uploads\/2020\/07\/11094099469_1603545263-315x400.jpg 315w, https:\/\/pluginviet.com\/mau37\/wp-content\/uploads\/2020\/07\/11094099469_1603545263-768x976.jpg 768w, https:\/\/pluginviet.com\/mau37\/wp-content\/uploads\/2020\/07\/11094099469_1603545263-600x763.jpg 600w, https:\/\/pluginviet.com\/mau37\/wp-content\/uploads\/2020\/07\/11094099469_1603545263.jpg 1150w\" sizes=\"(max-width: 629px) 100vw, 629px\" \/> <img loading=\"lazy\" decoding=\"async\" class=\"alignnone size-large wp-image-2190\" src=\"https:\/\/khomaudep.com\/likefit\/wp-content\/uploads\/2020\/07\/11094042981_1603545263-800x800.jpg\" alt=\"\" width=\"800\" height=\"800\" srcset=\"https:\/\/pluginviet.com\/mau37\/wp-content\/uploads\/2020\/07\/11094042981_1603545263-800x800.jpg 800w, https:\/\/pluginviet.com\/mau37\/wp-content\/uploads\/2020\/07\/11094042981_1603545263-400x400.jpg 400w, https:\/\/pluginviet.com\/mau37\/wp-content\/uploads\/2020\/07\/11094042981_1603545263-280x280.jpg 280w, https:\/\/pluginviet.com\/mau37\/wp-content\/uploads\/2020\/07\/11094042981_1603545263-768x768.jpg 768w, https:\/\/pluginviet.com\/mau37\/wp-content\/uploads\/2020\/07\/11094042981_1603545263-600x600.jpg 600w, https:\/\/pluginviet.com\/mau37\/wp-content\/uploads\/2020\/07\/11094042981_1603545263-100x100.jpg 100w, https:\/\/pluginviet.com\/mau37\/wp-content\/uploads\/2020\/07\/11094042981_1603545263.jpg 925w\" sizes=\"(max-width: 800px) 100vw, 800px\" \/><\/p>\n","protected":false},"excerpt":{"rendered":"<p><strong>M\u00f4 t\u1ea3 s\u1ea3n ph\u1ea9m:<\/strong><\/p>\n<p>&#8211; <strong>Form d\u00e1ng<\/strong>: Form c\u1eaft x\u1ebb tank top, x\u1ebb ngang s\u01b0\u1eddn, form m\u1eb7c r\u1ed9ng tho\u1ea3i m\u00e1i, kh\u00f4ng \u00f4m<\/p>\n<p>&#8211; <strong>Ch\u1ea5t v\u1ea3i<\/strong>: \u00c1o v\u1ea3i Cotton 100%, th\u1ea5m m\u1ed3 h\u00f4i, co d\u00e3n 4 chi\u1ec1u, kh\u00f4ng bai x\u00f9<\/p>\n<p><span style=\"font-size: 100%;\"><strong><span style=\"color: #000000;\">H\u01b0\u1edbng d\u1eabn ch\u1ecdn size<\/span><\/strong><\/span><br \/>\n<span style=\"font-size: 100%; color: #000000;\">\u2605 Size M: 50 Kg &#8211; 65 Kg<\/span><br \/>\n<span style=\"font-size: 100%; color: #000000;\">\u2605 Size L: 66 Kg &#8211; 73 Kg <\/span><br \/>\n<span style=\"font-size: 100%; color: #000000;\">\u2605 Size XL: 74kg -81 Kg<\/span><br \/>\n<span style=\"font-size: 100%; color: #000000;\">\u2605 Size XXL: 82 Kg \u2013 95 Kg<\/span><\/p>\n","protected":false},"featured_media":2193,"template":"","meta":[],"product_cat":[15,163,162,183,165,164,161],"product_tag":[],"yoast_head":"<!-- This site is optimized with the Yoast SEO plugin v21.5 - https:\/\/yoast.com\/wordpress\/plugins\/seo\/ -->\n<title>\u00c1o Ba l\u1ed7 - Tank top CRNS - Likefit<\/title>\n<meta name=\"robots\" content=\"index, follow, max-snippet:-1, max-image-preview:large, max-video-preview:-1\" \/>\n<link rel=\"canonical\" href=\"https:\/\/pluginviet.com\/mau37\/san-pham\/ba-lo-crns\/\" \/>\n<meta property=\"og:locale\" content=\"vi_VN\" \/>\n<meta property=\"og:type\" content=\"article\" \/>\n<meta property=\"og:title\" content=\"\u00c1o Ba l\u1ed7 - Tank top CRNS - Likefit\" \/>\n<meta property=\"og:description\" content=\"M\u00f4 t\u1ea3 s\u1ea3n ph\u1ea9m:  - Form d\u00e1ng: Form c\u1eaft x\u1ebb tank top, x\u1ebb ngang s\u01b0\u1eddn, form m\u1eb7c r\u1ed9ng tho\u1ea3i m\u00e1i, kh\u00f4ng \u00f4m  - Ch\u1ea5t v\u1ea3i: \u00c1o v\u1ea3i Cotton 100%, th\u1ea5m m\u1ed3 h\u00f4i, co d\u00e3n 4 chi\u1ec1u, kh\u00f4ng bai x\u00f9  H\u01b0\u1edbng d\u1eabn ch\u1ecdn size \u2605 Size M: 50 Kg - 65 Kg \u2605 Size L: 66 Kg - 73 Kg  \u2605 Size XL: 74kg -81 Kg \u2605 Size XXL: 82 Kg \u2013 95 Kg\" \/>\n<meta property=\"og:url\" content=\"https:\/\/pluginviet.com\/mau37\/san-pham\/ba-lo-crns\/\" \/>\n<meta property=\"og:site_name\" content=\"Likefit\" \/>\n<meta property=\"article:modified_time\" content=\"2022-09-28T15:00:18+00:00\" \/>\n<meta property=\"og:image\" content=\"https:\/\/pluginviet.com\/mau37\/wp-content\/uploads\/2020\/07\/11155955490_1603545263.jpg\" \/>\n\t<meta property=\"og:image:width\" content=\"800\" \/>\n\t<meta property=\"og:image:height\" content=\"800\" \/>\n\t<meta property=\"og:image:type\" content=\"image\/jpeg\" \/>\n<meta name=\"twitter:card\" content=\"summary_large_image\" \/>\n<script type=\"application\/ld+json\" class=\"yoast-schema-graph\">{\"@context\":\"https:\/\/schema.org\",\"@graph\":[{\"@type\":\"WebPage\",\"@id\":\"https:\/\/pluginviet.com\/mau37\/san-pham\/ba-lo-crns\/\",\"url\":\"https:\/\/pluginviet.com\/mau37\/san-pham\/ba-lo-crns\/\",\"name\":\"\u00c1o Ba l\u1ed7 - Tank top CRNS - Likefit\",\"isPartOf\":{\"@id\":\"https:\/\/pluginviet.com\/mau37\/#website\"},\"datePublished\":\"2020-07-07T16:35:14+00:00\",\"dateModified\":\"2022-09-28T15:00:18+00:00\",\"breadcrumb\":{\"@id\":\"https:\/\/pluginviet.com\/mau37\/san-pham\/ba-lo-crns\/#breadcrumb\"},\"inLanguage\":\"vi\",\"potentialAction\":[{\"@type\":\"ReadAction\",\"target\":[\"https:\/\/pluginviet.com\/mau37\/san-pham\/ba-lo-crns\/\"]}]},{\"@type\":\"BreadcrumbList\",\"@id\":\"https:\/\/pluginviet.com\/mau37\/san-pham\/ba-lo-crns\/#breadcrumb\",\"itemListElement\":[{\"@type\":\"ListItem\",\"position\":1,\"name\":\"Trang ch\u1ee7\",\"item\":\"https:\/\/pluginviet.com\/mau37\/\"},{\"@type\":\"ListItem\",\"position\":2,\"name\":\"Shop\",\"item\":\"https:\/\/pluginviet.com\/mau37\/shop\/\"},{\"@type\":\"ListItem\",\"position\":3,\"name\":\"\u00c1o Ba l\u1ed7 &#8211; Tank top CRNS\"}]},{\"@type\":\"WebSite\",\"@id\":\"https:\/\/pluginviet.com\/mau37\/#website\",\"url\":\"https:\/\/pluginviet.com\/mau37\/\",\"name\":\"Likefit\",\"description\":\"\",\"potentialAction\":[{\"@type\":\"SearchAction\",\"target\":{\"@type\":\"EntryPoint\",\"urlTemplate\":\"https:\/\/pluginviet.com\/mau37\/?s={search_term_string}\"},\"query-input\":\"required name=search_term_string\"}],\"inLanguage\":\"vi\"}]}<\/script>\n<!-- \/ Yoast SEO plugin. -->","yoast_head_json":{"title":"\u00c1o Ba l\u1ed7 - Tank top CRNS - Likefit","robots":{"index":"index","follow":"follow","max-snippet":"max-snippet:-1","max-image-preview":"max-image-preview:large","max-video-preview":"max-video-preview:-1"},"canonical":"https:\/\/pluginviet.com\/mau37\/san-pham\/ba-lo-crns\/","og_locale":"vi_VN","og_type":"article","og_title":"\u00c1o Ba l\u1ed7 - Tank top CRNS - Likefit","og_description":"M\u00f4 t\u1ea3 s\u1ea3n ph\u1ea9m:  - Form d\u00e1ng: Form c\u1eaft x\u1ebb tank top, x\u1ebb ngang s\u01b0\u1eddn, form m\u1eb7c r\u1ed9ng tho\u1ea3i m\u00e1i, kh\u00f4ng \u00f4m  - Ch\u1ea5t v\u1ea3i: \u00c1o v\u1ea3i Cotton 100%, th\u1ea5m m\u1ed3 h\u00f4i, co d\u00e3n 4 chi\u1ec1u, kh\u00f4ng bai x\u00f9  H\u01b0\u1edbng d\u1eabn ch\u1ecdn size \u2605 Size M: 50 Kg - 65 Kg \u2605 Size L: 66 Kg - 73 Kg  \u2605 Size XL: 74kg -81 Kg \u2605 Size XXL: 82 Kg \u2013 95 Kg","og_url":"https:\/\/pluginviet.com\/mau37\/san-pham\/ba-lo-crns\/","og_site_name":"Likefit","article_modified_time":"2022-09-28T15:00:18+00:00","og_image":[{"width":800,"height":800,"url":"https:\/\/pluginviet.com\/mau37\/wp-content\/uploads\/2020\/07\/11155955490_1603545263.jpg","type":"image\/jpeg"}],"twitter_card":"summary_large_image","schema":{"@context":"https:\/\/schema.org","@graph":[{"@type":"WebPage","@id":"https:\/\/pluginviet.com\/mau37\/san-pham\/ba-lo-crns\/","url":"https:\/\/pluginviet.com\/mau37\/san-pham\/ba-lo-crns\/","name":"\u00c1o Ba l\u1ed7 - Tank top CRNS - Likefit","isPartOf":{"@id":"https:\/\/pluginviet.com\/mau37\/#website"},"datePublished":"2020-07-07T16:35:14+00:00","dateModified":"2022-09-28T15:00:18+00:00","breadcrumb":{"@id":"https:\/\/pluginviet.com\/mau37\/san-pham\/ba-lo-crns\/#breadcrumb"},"inLanguage":"vi","potentialAction":[{"@type":"ReadAction","target":["https:\/\/pluginviet.com\/mau37\/san-pham\/ba-lo-crns\/"]}]},{"@type":"BreadcrumbList","@id":"https:\/\/pluginviet.com\/mau37\/san-pham\/ba-lo-crns\/#breadcrumb","itemListElement":[{"@type":"ListItem","position":1,"name":"Trang ch\u1ee7","item":"https:\/\/pluginviet.com\/mau37\/"},{"@type":"ListItem","position":2,"name":"Shop","item":"https:\/\/pluginviet.com\/mau37\/shop\/"},{"@type":"ListItem","position":3,"name":"\u00c1o Ba l\u1ed7 &#8211; Tank top CRNS"}]},{"@type":"WebSite","@id":"https:\/\/pluginviet.com\/mau37\/#website","url":"https:\/\/pluginviet.com\/mau37\/","name":"Likefit","description":"","potentialAction":[{"@type":"SearchAction","target":{"@type":"EntryPoint","urlTemplate":"https:\/\/pluginviet.com\/mau37\/?s={search_term_string}"},"query-input":"required name=search_term_string"}],"inLanguage":"vi"}]}},"_links":{"self":[{"href":"https:\/\/pluginviet.com\/mau37\/wp-json\/wp\/v2\/product\/2183"}],"collection":[{"href":"https:\/\/pluginviet.com\/mau37\/wp-json\/wp\/v2\/product"}],"about":[{"href":"https:\/\/pluginviet.com\/mau37\/wp-json\/wp\/v2\/types\/product"}],"wp:featuredmedia":[{"embeddable":true,"href":"https:\/\/pluginviet.com\/mau37\/wp-json\/wp\/v2\/media\/2193"}],"wp:attachment":[{"href":"https:\/\/pluginviet.com\/mau37\/wp-json\/wp\/v2\/media?parent=2183"}],"wp:term":[{"taxonomy":"product_cat","embeddable":true,"href":"https:\/\/pluginviet.com\/mau37\/wp-json\/wp\/v2\/product_cat?post=2183"},{"taxonomy":"product_tag","embeddable":true,"href":"https:\/\/pluginviet.com\/mau37\/wp-json\/wp\/v2\/product_tag?post=2183"}],"curies":[{"name":"wp","href":"https:\/\/api.w.org\/{rel}","templated":true}]}}