{"id":3244,"date":"2020-08-05T15:44:56","date_gmt":"2020-08-05T08:44:56","guid":{"rendered":"https:\/\/khomaudep.com\/likefit\/?page_id=3244"},"modified":"2020-08-05T15:44:56","modified_gmt":"2020-08-05T08:44:56","slug":"chinh-sach-doi-tra-hang","status":"publish","type":"page","link":"https:\/\/pluginviet.com\/mau37\/chinh-sach-doi-tra-hang\/","title":{"rendered":"Ch\u00ednh s\u00e1ch \u0111\u1ed5i tr\u1ea3 h\u00e0ng"},"content":{"rendered":"<div class=\"right_noidung\">\n<p>\u0110\u1ec3 mua h\u00e0ng m\u1ed9t c\u00e1ch t\u1ed1t nh\u1ea5t t\u1ea1i <strong>khomaudep.com\/likefit <\/strong>\u0111\u1ea3m b\u1ea3o quy\u1ec1n l\u1ee3i \u0111\u1ed5i tr\u1ea3 h\u00e0ng ch\u00fang t\u00f4i c\u00f3 ch\u00ednh s\u00e1ch \u0111\u1ed5i tr\u1ea3 nh\u01b0 sau:<\/p>\n<p><strong>\u0110\u1ed5i tr\u1ea3 h\u00e0ng trong tr\u01b0\u1eddng h\u1ee3p s\u1ea3n ph\u1ea9m c\u00f3 l\u1ed7i<\/strong><\/p>\n<p>&#8211; S\u1ea3n ph\u1ea9m b\u1ecb h\u01b0 h\u1ecfng, l\u1ed7i do nh\u00e0 s\u1ea3n xu\u1ea5t.<\/p>\n<p>&#8211; <strong>khomaudep.com\/likefit <\/strong>giao nh\u1ea7m h\u00e0ng so v\u1edbi h\u00e0ng \u0111\u00e3 \u0111\u1eb7t.<\/p>\n<p><strong>Quy tr\u00ecnh \u0111\u1ed5i tr\u1ea3<\/strong><\/p>\n<p>&#8211; Li\u00ean l\u1ea1c v\u1edbi ch\u00fang t\u00f4i ph\u1ea3n \u00e1nh khi\u1ebfu n\u1ea1i theo s\u0111t: 0966.039.801<\/p>\n<p>&#8211; Mi\u1ec5n ph\u00ed ph\u00ed \u0111\u1ed5i tr\u1ea3 h\u00e0ng n\u1ebfu: \u0111\u1ed5i m\u1eb7t h\u00e0ng \u0111\u00f3 ho\u1eb7c m\u1eb7t h\u00e0ng kh\u00e1c c\u00f3 gi\u00e1 tr\u1ecb t\u01b0\u01a1ng \u0111\u01b0\u01a1ng.<\/p>\n<p>&#8211; Tr\u1eeb 10% tr\u00ean gi\u00e1 b\u00e1n m\u1eb7t h\u00e0ng \u0111\u00f3 n\u1ebfu qu\u00fd kh\u00e1ch mu\u1ed1n \u0111\u1ed5i sang m\u1eb7t h\u00e0ng kh\u00e1c c\u00f3 gi\u00e1 tr\u1ecb th\u1ea5p h\u01a1n.<\/p>\n<p><strong>\u0110\u1ecba ch\u1ec9 \u0111\u1ed5i tr\u1ea3<\/strong><\/p>\n<p>&#8211; G\u1eedi s\u1ea3n ph\u1ea9m v\u1ec1 \u0111\u1ecba ch\u1ec9: LikeFit &#8211; S\u1ed1 15 ng\u00f5 195 Minh Khai &#8211; Hai B\u00e0 Tr\u01b0ng &#8211; H\u00e0 N\u1ed9i.<\/p>\n<p><strong>Th\u1eddi gian \u0111\u1ed5i tr\u1ea3<\/strong><\/p>\n<p>&#8211; Trong v\u00f2ng 7 ng\u00e0y k\u1ec3 t\u1eeb ng\u00e0y nh\u1eadn h\u00e0ng.<\/p>\n<p><strong>\u0110i\u1ec1u ki\u1ec7n \u0111\u1ed5i tr\u1ea3<\/strong><\/p>\n<p>&#8211; H\u00e0ng \u0111\u1ed5i tr\u1ea3 l\u00e0 h\u00e0ng h\u00f3a mua t\u1ea1i <strong>khomaudep.com\/likefit <\/strong>c\u00f3 h\u00f3a \u0111\u01a1n t\u00ednh ti\u1ec1n t\u01b0\u01a1ng \u1ee9ng.<\/p>\n<p>&#8211; H\u00e0ng c\u00f2n bao b\u00ec, nh\u00e3n m\u00e1c ch\u01b0a b\u00f3c x\u00e9, kh\u00f4ng b\u1ecb bi\u1ebfn \u0111\u1ed5i v\u1ec1 h\u00ecnh d\u1ea1ng v\u00e0 ch\u1ea5t l\u01b0\u1ee3ng.<\/p>\n<p>&#8211; K\u1ec3 t\u1eeb ng\u00e0y nh\u1eadn h\u00e0ng (ghi tr\u00ean h\u00f3a \u0111\u01a1n) \u0111\u1ebfn th\u1eddi \u0111i\u1ec3m y\u00eau c\u1ea7u \u0111\u1ed5i\/tr\u1ea3 h\u00e0ng kh\u00f4ng v\u01b0\u1ee3t qu\u00e1 07 ng\u00e0y.<\/p>\n<p>&#8211; H\u00e0ng ch\u01b0a c\u00f3 d\u1ea5u hi\u1ec7u s\u1eed d\u1ee5ng<\/p>\n<p>&#8211; H\u00e0ng \u0111\u01b0\u1ee3c \u0111\u1ed5i ph\u1ea3i c\u00f2n nguy\u00ean v\u1eb9n, kh\u00f4ng tr\u1ea7y x\u01b0\u1edbc, v\u00e0 ph\u1ea3i \u0111\u1ea7y \u0111\u1ee7 c\u00e1c ph\u1ee5 ki\u1ec7n \u0111i k\u00e8m.<\/p>\n<p><strong>Tr\u01b0\u1eddng h\u1ee3p kh\u00f4ng \u0111\u01b0\u1ee3c \u0111\u1ed5i tr\u1ea3<\/strong><\/p>\n<p>&#8211;\u00a0<strong>maytrotho.vn<\/strong>\u00a0KH\u00d4NG\u00a0\u00e1p d\u1ee5ng\u00a0TR\u1ea2 H\u00c0NG\u00a0trong tr\u01b0\u1eddng h\u1ee3p kh\u00e1ch h\u00e0ng kh\u00f4ng h\u00e0i l\u00f2ng v\u1ec1 m\u1eabu m\u00e3, hay nhu c\u1ea7u s\u1eed d\u1ee5ng thay \u0111\u1ed5i.<\/p>\n<p>&#8211; S\u1ea3n ph\u1ea9m kh\u00f4ng b\u1ecb l\u1ed7i.<\/p>\n<p><strong>Ch\u00ednh s\u00e1ch ho\u00e0n ti\u1ec1n<\/strong><\/p>\n<p>Qu\u00fd kh\u00e1ch \u0111\u01b0\u1ee3c ho\u00e0n ti\u1ec1n trong tr\u01b0\u1eddng h\u1ee3p:<\/p>\n<p>&#8211; S\u1ea3n ph\u1ea9m do l\u1ed7i k\u1ef9 thu\u1eadt \/ l\u1ed7i t\u1eeb nh\u00e0 s\u1ea3n xu\u1ea5t kh\u00f4ng th\u1ec3 kh\u1eafc ph\u1ee5c \u0111\u01b0\u1ee3c.<\/p>\n<p>&#8211; Kh\u00f4ng c\u00f3 s\u1ea3n ph\u1ea9m thay th\u1ebf.<\/p>\n<p>&#8211; L\u1ed7i ho\u00e0n to\u00e0n kh\u00f4ng th\u1ec3 s\u1eeda ch\u1eefa \u0111\u01b0\u1ee3c.<\/p>\n<p><strong>C\u00e1ch th\u1ee9c ho\u00e0n tr\u1ea3 ti\u1ec1n<\/strong><\/p>\n<p>&#8211; Ph\u1ee5 thu\u1ed9c v\u00e0o c\u00e1ch th\u1ee9c b\u1ea1n thanh to\u00e1n khi mua h\u00e0ng. H\u00e3y li\u00ean h\u1ec7 v\u1edbi b\u1ed9 ph\u1eadn ch\u0103m s\u00f3c kh\u00e1ch h\u00e0ng c\u1ee7a ch\u00fang t\u00f4i \u0111\u1ec3 \u0111\u01b0\u1ee3c l\u00e0m r\u00f5 t\u1eebng tr\u01b0\u1eddng h\u1ee3p ri\u00eang theo s\u1ed1 \u0110T: 0966 039 801<\/p>\n<\/div>\n","protected":false},"excerpt":{"rendered":"<p>\u0110\u1ec3 mua h\u00e0ng m\u1ed9t c\u00e1ch t\u1ed1t nh\u1ea5t t\u1ea1i khomaudep.com\/likefit \u0111\u1ea3m b\u1ea3o quy\u1ec1n l\u1ee3i \u0111\u1ed5i tr\u1ea3 h\u00e0ng ch\u00fang t\u00f4i c\u00f3 ch\u00ednh s\u00e1ch \u0111\u1ed5i tr\u1ea3 nh\u01b0 sau: \u0110\u1ed5i tr\u1ea3 h\u00e0ng trong tr\u01b0\u1eddng h\u1ee3p s\u1ea3n ph\u1ea9m c\u00f3 l\u1ed7i &#8211; S\u1ea3n ph\u1ea9m b\u1ecb h\u01b0 h\u1ecfng, l\u1ed7i do nh\u00e0 s\u1ea3n xu\u1ea5t. &#8211; khomaudep.com\/likefit giao nh\u1ea7m h\u00e0ng so v\u1edbi h\u00e0ng \u0111\u00e3 [&#8230;]\n","protected":false},"author":4,"featured_media":0,"parent":0,"menu_order":0,"comment_status":"closed","ping_status":"closed","template":"","meta":{"footnotes":""},"yoast_head":"<!-- This site is optimized with the Yoast SEO plugin v21.5 - https:\/\/yoast.com\/wordpress\/plugins\/seo\/ -->\n<title>Ch\u00ednh s\u00e1ch \u0111\u1ed5i tr\u1ea3 h\u00e0ng - Likefit<\/title>\n<meta name=\"robots\" content=\"index, follow, max-snippet:-1, max-image-preview:large, max-video-preview:-1\" \/>\n<link rel=\"canonical\" href=\"https:\/\/pluginviet.com\/mau37\/chinh-sach-doi-tra-hang\/\" \/>\n<meta property=\"og:locale\" content=\"vi_VN\" \/>\n<meta property=\"og:type\" content=\"article\" \/>\n<meta property=\"og:title\" content=\"Ch\u00ednh s\u00e1ch \u0111\u1ed5i tr\u1ea3 h\u00e0ng - Likefit\" \/>\n<meta property=\"og:description\" content=\"\u0110\u1ec3 mua h\u00e0ng m\u1ed9t c\u00e1ch t\u1ed1t nh\u1ea5t t\u1ea1i khomaudep.com\/likefit \u0111\u1ea3m b\u1ea3o quy\u1ec1n l\u1ee3i \u0111\u1ed5i tr\u1ea3 h\u00e0ng ch\u00fang t\u00f4i c\u00f3 ch\u00ednh s\u00e1ch \u0111\u1ed5i tr\u1ea3 nh\u01b0 sau: \u0110\u1ed5i tr\u1ea3 h\u00e0ng trong tr\u01b0\u1eddng h\u1ee3p s\u1ea3n ph\u1ea9m c\u00f3 l\u1ed7i &#8211; S\u1ea3n ph\u1ea9m b\u1ecb h\u01b0 h\u1ecfng, l\u1ed7i do nh\u00e0 s\u1ea3n xu\u1ea5t. &#8211; khomaudep.com\/likefit giao nh\u1ea7m h\u00e0ng so v\u1edbi h\u00e0ng \u0111\u00e3 [...]\" \/>\n<meta property=\"og:url\" content=\"https:\/\/pluginviet.com\/mau37\/chinh-sach-doi-tra-hang\/\" \/>\n<meta property=\"og:site_name\" content=\"Likefit\" \/>\n<meta name=\"twitter:card\" content=\"summary_large_image\" \/>\n<meta name=\"twitter:label1\" content=\"\u01af\u1edbc t\u00ednh th\u1eddi gian \u0111\u1ecdc\" \/>\n\t<meta name=\"twitter:data1\" content=\"3 ph\u00fat\" \/>\n<script type=\"application\/ld+json\" class=\"yoast-schema-graph\">{\"@context\":\"https:\/\/schema.org\",\"@graph\":[{\"@type\":\"WebPage\",\"@id\":\"https:\/\/pluginviet.com\/mau37\/chinh-sach-doi-tra-hang\/\",\"url\":\"https:\/\/pluginviet.com\/mau37\/chinh-sach-doi-tra-hang\/\",\"name\":\"Ch\u00ednh s\u00e1ch \u0111\u1ed5i tr\u1ea3 h\u00e0ng - Likefit\",\"isPartOf\":{\"@id\":\"https:\/\/pluginviet.com\/mau37\/#website\"},\"datePublished\":\"2020-08-05T08:44:56+00:00\",\"dateModified\":\"2020-08-05T08:44:56+00:00\",\"breadcrumb\":{\"@id\":\"https:\/\/pluginviet.com\/mau37\/chinh-sach-doi-tra-hang\/#breadcrumb\"},\"inLanguage\":\"vi\",\"potentialAction\":[{\"@type\":\"ReadAction\",\"target\":[\"https:\/\/pluginviet.com\/mau37\/chinh-sach-doi-tra-hang\/\"]}]},{\"@type\":\"BreadcrumbList\",\"@id\":\"https:\/\/pluginviet.com\/mau37\/chinh-sach-doi-tra-hang\/#breadcrumb\",\"itemListElement\":[{\"@type\":\"ListItem\",\"position\":1,\"name\":\"Trang ch\u1ee7\",\"item\":\"https:\/\/pluginviet.com\/mau37\/\"},{\"@type\":\"ListItem\",\"position\":2,\"name\":\"Ch\u00ednh s\u00e1ch \u0111\u1ed5i tr\u1ea3 h\u00e0ng\"}]},{\"@type\":\"WebSite\",\"@id\":\"https:\/\/pluginviet.com\/mau37\/#website\",\"url\":\"https:\/\/pluginviet.com\/mau37\/\",\"name\":\"Likefit\",\"description\":\"\",\"potentialAction\":[{\"@type\":\"SearchAction\",\"target\":{\"@type\":\"EntryPoint\",\"urlTemplate\":\"https:\/\/pluginviet.com\/mau37\/?s={search_term_string}\"},\"query-input\":\"required name=search_term_string\"}],\"inLanguage\":\"vi\"}]}<\/script>\n<!-- \/ Yoast SEO plugin. -->","yoast_head_json":{"title":"Ch\u00ednh s\u00e1ch \u0111\u1ed5i tr\u1ea3 h\u00e0ng - Likefit","robots":{"index":"index","follow":"follow","max-snippet":"max-snippet:-1","max-image-preview":"max-image-preview:large","max-video-preview":"max-video-preview:-1"},"canonical":"https:\/\/pluginviet.com\/mau37\/chinh-sach-doi-tra-hang\/","og_locale":"vi_VN","og_type":"article","og_title":"Ch\u00ednh s\u00e1ch \u0111\u1ed5i tr\u1ea3 h\u00e0ng - Likefit","og_description":"\u0110\u1ec3 mua h\u00e0ng m\u1ed9t c\u00e1ch t\u1ed1t nh\u1ea5t t\u1ea1i khomaudep.com\/likefit \u0111\u1ea3m b\u1ea3o quy\u1ec1n l\u1ee3i \u0111\u1ed5i tr\u1ea3 h\u00e0ng ch\u00fang t\u00f4i c\u00f3 ch\u00ednh s\u00e1ch \u0111\u1ed5i tr\u1ea3 nh\u01b0 sau: \u0110\u1ed5i tr\u1ea3 h\u00e0ng trong tr\u01b0\u1eddng h\u1ee3p s\u1ea3n ph\u1ea9m c\u00f3 l\u1ed7i &#8211; S\u1ea3n ph\u1ea9m b\u1ecb h\u01b0 h\u1ecfng, l\u1ed7i do nh\u00e0 s\u1ea3n xu\u1ea5t. &#8211; khomaudep.com\/likefit giao nh\u1ea7m h\u00e0ng so v\u1edbi h\u00e0ng \u0111\u00e3 [...]","og_url":"https:\/\/pluginviet.com\/mau37\/chinh-sach-doi-tra-hang\/","og_site_name":"Likefit","twitter_card":"summary_large_image","twitter_misc":{"\u01af\u1edbc t\u00ednh th\u1eddi gian \u0111\u1ecdc":"3 ph\u00fat"},"schema":{"@context":"https:\/\/schema.org","@graph":[{"@type":"WebPage","@id":"https:\/\/pluginviet.com\/mau37\/chinh-sach-doi-tra-hang\/","url":"https:\/\/pluginviet.com\/mau37\/chinh-sach-doi-tra-hang\/","name":"Ch\u00ednh s\u00e1ch \u0111\u1ed5i tr\u1ea3 h\u00e0ng - Likefit","isPartOf":{"@id":"https:\/\/pluginviet.com\/mau37\/#website"},"datePublished":"2020-08-05T08:44:56+00:00","dateModified":"2020-08-05T08:44:56+00:00","breadcrumb":{"@id":"https:\/\/pluginviet.com\/mau37\/chinh-sach-doi-tra-hang\/#breadcrumb"},"inLanguage":"vi","potentialAction":[{"@type":"ReadAction","target":["https:\/\/pluginviet.com\/mau37\/chinh-sach-doi-tra-hang\/"]}]},{"@type":"BreadcrumbList","@id":"https:\/\/pluginviet.com\/mau37\/chinh-sach-doi-tra-hang\/#breadcrumb","itemListElement":[{"@type":"ListItem","position":1,"name":"Trang ch\u1ee7","item":"https:\/\/pluginviet.com\/mau37\/"},{"@type":"ListItem","position":2,"name":"Ch\u00ednh s\u00e1ch \u0111\u1ed5i tr\u1ea3 h\u00e0ng"}]},{"@type":"WebSite","@id":"https:\/\/pluginviet.com\/mau37\/#website","url":"https:\/\/pluginviet.com\/mau37\/","name":"Likefit","description":"","potentialAction":[{"@type":"SearchAction","target":{"@type":"EntryPoint","urlTemplate":"https:\/\/pluginviet.com\/mau37\/?s={search_term_string}"},"query-input":"required name=search_term_string"}],"inLanguage":"vi"}]}},"_links":{"self":[{"href":"https:\/\/pluginviet.com\/mau37\/wp-json\/wp\/v2\/pages\/3244"}],"collection":[{"href":"https:\/\/pluginviet.com\/mau37\/wp-json\/wp\/v2\/pages"}],"about":[{"href":"https:\/\/pluginviet.com\/mau37\/wp-json\/wp\/v2\/types\/page"}],"author":[{"embeddable":true,"href":"https:\/\/pluginviet.com\/mau37\/wp-json\/wp\/v2\/users\/4"}],"replies":[{"embeddable":true,"href":"https:\/\/pluginviet.com\/mau37\/wp-json\/wp\/v2\/comments?post=3244"}],"version-history":[{"count":2,"href":"https:\/\/pluginviet.com\/mau37\/wp-json\/wp\/v2\/pages\/3244\/revisions"}],"predecessor-version":[{"id":3246,"href":"https:\/\/pluginviet.com\/mau37\/wp-json\/wp\/v2\/pages\/3244\/revisions\/3246"}],"wp:attachment":[{"href":"https:\/\/pluginviet.com\/mau37\/wp-json\/wp\/v2\/media?parent=3244"}],"curies":[{"name":"wp","href":"https:\/\/api.w.org\/{rel}","templated":true}]}}