{"id":3242,"date":"2020-08-05T15:41:40","date_gmt":"2020-08-05T08:41:40","guid":{"rendered":"https:\/\/khomaudep.com\/likefit\/?page_id=3242"},"modified":"2020-08-05T15:41:40","modified_gmt":"2020-08-05T08:41:40","slug":"dich-vu-bao-hanh","status":"publish","type":"page","link":"https:\/\/pluginviet.com\/mau37\/dich-vu-bao-hanh\/","title":{"rendered":"D\u1ecbch v\u1ee5 b\u1ea3o h\u00e0nh"},"content":{"rendered":"<p><strong>Likefit.vn <\/strong>lu\u00f4n n\u1ed7 l\u1ef1c mang \u0111\u1ebfn cho kh\u00e1ch h\u00e0ng s\u1ef1 h\u00e0i l\u00f2ng tr\u01b0\u1edbc v\u00e0 sau khi mua h\u00e0ng b\u1eb1ng nh\u1eefng ch\u00ednh s\u00e1ch ch\u0103m s\u00f3c kh\u00e1ch h\u00e0ng chu \u0111\u00e1o v\u00e0 t\u1eadn t\u00e2m. Do \u0111\u00f3, trong th\u1eddi gian s\u1eed d\u1ee5ng s\u1ea3n ph\u1ea9m, n\u1ebfu g\u1eb7p b\u1ea5t k\u00ec tr\u1edd ng\u1ea1i n\u00e0o do l\u1ed7i k\u1ef9 thu\u1eadt, kh\u00e1ch h\u00e0ng h\u00e3y li\u00ean h\u1ec7 tr\u1ef1c ti\u1ebfp v\u1edbi ch\u00fang t\u00f4i (th\u00f4ng tin ghi tr\u00ean phi\u1ebfu b\u1ea3o h\u00e0nh) \u0111\u1ec3 nh\u1eadn \u0111\u01b0\u1ee3c ch\u00ednh s\u00e1ch h\u1eadu m\u00e3i th\u1ecfa \u0111\u00e1ng.<\/p>\n<p><strong>Quy \u0111\u1ecbnh v\u1ec1 s\u1ea3n ph\u1ea9m \u0111\u01b0\u1ee3c b\u1ea3o h\u00e0nh mi\u1ec5n ph\u00ed<\/strong><\/p>\n<p><em><strong>Nh\u1eefng s\u1ea3n ph\u1ea9m \u0111\u01b0\u1ee3c b\u1ea3o h\u00e0nh mi\u1ec5n ph\u00ed khi \u0111\u1ea3m b\u1ea3o \u0111\u1ee7 c\u00e1c \u0111i\u1ec1u ki\u1ec7n sau:<\/strong><\/em><\/p>\n<p>&#8211; S\u1ea3n ph\u1ea9m c\u00f2n th\u1eddi h\u1ea1n b\u1ea3o h\u00e0nh (t\u00ednh t\u1eeb ng\u00e0y \u0111\u01b0\u1ee3c ghi tr\u00ean h\u00f3a \u0111\u01a1n ch\u1ee9ng t\u1eeb mua h\u00e0ng), c\u00f3 tem b\u1ea3o h\u00e0nh v\u00e0 phi\u1ebfu b\u1ea3o h\u00e0nh c\u1ee7a ch\u00ednh c\u00f4ng ty (th\u1ec3 hi\u1ec7n \u0111\u1ea7y \u0111\u1ee7 th\u00f4ng tin kh\u00f4ng \u0111\u01b0\u1ee3c t\u1ea9y x\u00f3a, s\u1eeda ch\u1eefa).<\/p>\n<p>&#8211; Th\u1eddi gian b\u1ea3o h\u00e0nh \u0111\u01b0\u1ee3c ghi tr\u00ean phi\u1ebfu b\u1ea3o h\u00e0nh v\u00e0 theo quy \u0111\u1ecbnh c\u1ee7a t\u1eebng h\u00e3ng s\u1ea3n xu\u1ea5t \u0111\u1ed1i v\u1edbi t\u1ea5t c\u1ea3 s\u1ef1 c\u1ed1 v\u1ec1 m\u1eb7t k\u1ef9 thu\u1eadt.<\/p>\n<p>&#8211; S\u1ed1 serial tr\u00ean s\u1ea3n ph\u1ea9m v\u00e0 tem ni\u00eam phong tr\u00ean s\u1ea3n ph\u1ea9m ph\u1ea3i c\u00f2n nguy\u00ean v\u1eb9n, kh\u00f4ng b\u1ecb r\u00e1ch ho\u1eb7c m\u1ea5t \u0111i.<\/p>\n<p>&#8211; S\u1ed1 serial tr\u00ean s\u1ea3n ph\u1ea9m, tr\u00ean phi\u1ebfu b\u1ea3o h\u00e0nh v\u00e0 tr\u00ean phi\u1ebfu xu\u1ea5t b\u00e1n h\u00e0ng ph\u1ea3i tr\u00f9ng kh\u1edbp v\u1edbi nhau.<\/p>\n<p>&#8211; S\u1ea3n ph\u1ea9m ph\u1ea3i \u0111\u01b0\u1ee3c l\u1eafp \u0111\u1eb7t theo \u0111\u00fang h\u01b0\u1edbng d\u1eabn s\u1eed d\u1ee5ng, catalogue theo m\u00e1y.<\/p>\n<p>&#8211; S\u1ea3n ph\u1ea9m b\u1ecb h\u01b0 h\u1ecfng do link ki\u1ec7n trong m\u00e1y ho\u1eb7c do nh\u00e0 s\u1ea3n xu\u1ea5t.<\/p>\n<p><strong>Quy \u0111\u1ecbnh v\u1ec1 s\u1ea3n ph\u1ea9m kh\u00f4ng \u0111\u01b0\u1ee3c b\u1ea3o h\u00e0nh mi\u1ec5n ph\u00ed<\/strong><\/p>\n<p>&#8211; S\u1ea3n ph\u1ea9m \u0111\u00e3 qu\u00e1 th\u1eddi h\u1ea1n b\u1ea3o h\u00e0nh ghi tr\u00ean phi\u1ebfu ho\u1eb7c m\u1ea5t phi\u1ebfu b\u00e0o h\u00e0nh.<\/p>\n<p>&#8211; S\u1eed d\u1ee5ng kh\u00f4ng \u0111\u00fang theo s\u00e1ch h\u01b0\u1edbng d\u1eabn ho\u1eb7c h\u01b0 h\u1ecfng do v\u1eadn chuy\u1ec3n<\/p>\n<p>&#8211; Tem ni\u00eam phong b\u1ea3o h\u00e0nh b\u1ecb r\u00e1ch, b\u1ecb d\u00e1n \u0111\u00e8 ho\u1eb7c b\u1ecb s\u1eeda \u0111\u1ed5i.<\/p>\n<p>&#8211; Phi\u1ebfu b\u1ea3o h\u00e0nh kh\u00f4ng ghi r\u00f5 model, s\u1ed1 serial v\u00e0 ng\u00e0y mua h\u00e0ng.<\/p>\n<p>&#8211; S\u1ed1 serial tr\u00ean s\u1ea3n ph\u1ea9m kh\u00f4ng tr\u00f9ng h\u1ee3p (ho\u1eb7c b\u1ecb m\u1edd, kh\u00f4ng nh\u1eadn d\u1ea1ng \u0111\u01b0\u1ee3c) so v\u1edbi phi\u1ebfu b\u1ea3o h\u00e0nh.<\/p>\n<p>&#8211; S\u1ea3n ph\u1ea9m h\u01b0 h\u1ecfng do t\u00e1c \u0111\u1ed9ng b\u00ean ngo\u00e0i nh\u01b0 r\u01a1i, v\u1ee1, va \u0111\u1eadp, tr\u1ea7y x\u01b0\u1edbc, m\u00f3p m\u00e9o, \u1ea9m \u01b0\u1edbt, hoen r\u1ec9, ch\u1ea3y n\u01b0\u1edbc ho\u1eb7c do h\u1ecfa ho\u1ea1n, thi\u00ean tai, c\u00f4n tr\u00f9ng x\u00e2m nh\u1eadp.<\/p>\n<p>&#8211; C\u00e1c lo\u1ea1i ph\u1ee5 ki\u1ec7n k\u00e8m theo s\u1ea3n ph\u1ea9m\u00a0ho\u1eb7c c\u00e1c t\u1eb7ng ph\u1ea9m \u0111i k\u00e8m.<\/p>\n<p>&#8211; S\u1ea3n ph\u1ea9m c\u00f3 d\u1ea5u hi\u1ec7u \u0111\u00e3 b\u1ecb s\u1eeda ch\u1eefa tr\u01b0\u1edbc khi \u0111\u01b0a \u0111\u1ebfn <strong>khomaudep.com\/likefit.<\/strong><\/p>\n<p><strong>Th\u1eddi gian b\u1ea3o h\u00e0nh cam k\u1ebft:<\/strong><\/p>\n<p>&#8211; \u0110\u1ed1i v\u1edbi c\u00e1c s\u1ea3n ph\u1ea9m h\u01b0 h\u1ecfng nh\u1eb9, x\u1ea3y ra c\u00e1c l\u1ed7i th\u01b0\u1eddng g\u1eb7p: th\u1eddi gian b\u1ea3o h\u00e0nh trong v\u00f2ng 05 ng\u00e0y l\u00e0m vi\u1ec7c (kh\u00f4ng t\u00ednh th\u1eddi gian v\u1eadn chuy\u1ec3n).<\/p>\n<p>&#8211; L\u01b0u \u00fd: B\u1ea3o h\u00e0nh kh\u00f4ng bao g\u1ed3m chi ph\u00ed v\u1eadn chuy\u1ec3n v\u00e0 giao h\u00e0ng.<\/p>\n<p><strong>Kh\u00e1ch h\u00e0ng vui l\u00f2ng li\u00ean h\u1ec7:<\/strong><\/p>\n<ul>\n<li><strong>TRUNG T\u00c2M B\u1ea2O H\u00c0NH V\u00c0 CH\u0102M S\u00d3C KH\u00c1CH H\u00c0NG<\/strong><\/li>\n<li>\u0110c: S\u1ed1 15 ng\u00f5 195 Minh Khai &#8211; Hai B\u00e0 Tr\u01b0ng &#8211; H\u00e0 N\u1ed9i<\/li>\n<li>T\u1ed5ng \u0111\u00e0i: <strong>0966039801<\/strong><\/li>\n<\/ul>\n","protected":false},"excerpt":{"rendered":"<p>Likefit.vn lu\u00f4n n\u1ed7 l\u1ef1c mang \u0111\u1ebfn cho kh\u00e1ch h\u00e0ng s\u1ef1 h\u00e0i l\u00f2ng tr\u01b0\u1edbc v\u00e0 sau khi mua h\u00e0ng b\u1eb1ng nh\u1eefng ch\u00ednh s\u00e1ch ch\u0103m s\u00f3c kh\u00e1ch h\u00e0ng chu \u0111\u00e1o v\u00e0 t\u1eadn t\u00e2m. Do \u0111\u00f3, trong th\u1eddi gian s\u1eed d\u1ee5ng s\u1ea3n ph\u1ea9m, n\u1ebfu g\u1eb7p b\u1ea5t k\u00ec tr\u1edd ng\u1ea1i n\u00e0o do l\u1ed7i k\u1ef9 thu\u1eadt, kh\u00e1ch h\u00e0ng h\u00e3y li\u00ean [&#8230;]\n","protected":false},"author":4,"featured_media":0,"parent":0,"menu_order":1,"comment_status":"closed","ping_status":"closed","template":"","meta":{"footnotes":""},"yoast_head":"<!-- This site is optimized with the Yoast SEO plugin v21.5 - https:\/\/yoast.com\/wordpress\/plugins\/seo\/ -->\n<title>D\u1ecbch v\u1ee5 b\u1ea3o h\u00e0nh - Likefit<\/title>\n<meta name=\"robots\" content=\"index, follow, max-snippet:-1, max-image-preview:large, max-video-preview:-1\" \/>\n<link rel=\"canonical\" href=\"https:\/\/pluginviet.com\/mau37\/dich-vu-bao-hanh\/\" \/>\n<meta property=\"og:locale\" content=\"vi_VN\" \/>\n<meta property=\"og:type\" content=\"article\" \/>\n<meta property=\"og:title\" content=\"D\u1ecbch v\u1ee5 b\u1ea3o h\u00e0nh - Likefit\" \/>\n<meta property=\"og:description\" content=\"Likefit.vn lu\u00f4n n\u1ed7 l\u1ef1c mang \u0111\u1ebfn cho kh\u00e1ch h\u00e0ng s\u1ef1 h\u00e0i l\u00f2ng tr\u01b0\u1edbc v\u00e0 sau khi mua h\u00e0ng b\u1eb1ng nh\u1eefng ch\u00ednh s\u00e1ch ch\u0103m s\u00f3c kh\u00e1ch h\u00e0ng chu \u0111\u00e1o v\u00e0 t\u1eadn t\u00e2m. Do \u0111\u00f3, trong th\u1eddi gian s\u1eed d\u1ee5ng s\u1ea3n ph\u1ea9m, n\u1ebfu g\u1eb7p b\u1ea5t k\u00ec tr\u1edd ng\u1ea1i n\u00e0o do l\u1ed7i k\u1ef9 thu\u1eadt, kh\u00e1ch h\u00e0ng h\u00e3y li\u00ean [...]\" \/>\n<meta property=\"og:url\" content=\"https:\/\/pluginviet.com\/mau37\/dich-vu-bao-hanh\/\" \/>\n<meta property=\"og:site_name\" content=\"Likefit\" \/>\n<meta name=\"twitter:card\" content=\"summary_large_image\" \/>\n<meta name=\"twitter:label1\" content=\"\u01af\u1edbc t\u00ednh th\u1eddi gian \u0111\u1ecdc\" \/>\n\t<meta name=\"twitter:data1\" content=\"4 ph\u00fat\" \/>\n<script type=\"application\/ld+json\" class=\"yoast-schema-graph\">{\"@context\":\"https:\/\/schema.org\",\"@graph\":[{\"@type\":\"WebPage\",\"@id\":\"https:\/\/pluginviet.com\/mau37\/dich-vu-bao-hanh\/\",\"url\":\"https:\/\/pluginviet.com\/mau37\/dich-vu-bao-hanh\/\",\"name\":\"D\u1ecbch v\u1ee5 b\u1ea3o h\u00e0nh - Likefit\",\"isPartOf\":{\"@id\":\"https:\/\/pluginviet.com\/mau37\/#website\"},\"datePublished\":\"2020-08-05T08:41:40+00:00\",\"dateModified\":\"2020-08-05T08:41:40+00:00\",\"breadcrumb\":{\"@id\":\"https:\/\/pluginviet.com\/mau37\/dich-vu-bao-hanh\/#breadcrumb\"},\"inLanguage\":\"vi\",\"potentialAction\":[{\"@type\":\"ReadAction\",\"target\":[\"https:\/\/pluginviet.com\/mau37\/dich-vu-bao-hanh\/\"]}]},{\"@type\":\"BreadcrumbList\",\"@id\":\"https:\/\/pluginviet.com\/mau37\/dich-vu-bao-hanh\/#breadcrumb\",\"itemListElement\":[{\"@type\":\"ListItem\",\"position\":1,\"name\":\"Trang ch\u1ee7\",\"item\":\"https:\/\/pluginviet.com\/mau37\/\"},{\"@type\":\"ListItem\",\"position\":2,\"name\":\"D\u1ecbch v\u1ee5 b\u1ea3o h\u00e0nh\"}]},{\"@type\":\"WebSite\",\"@id\":\"https:\/\/pluginviet.com\/mau37\/#website\",\"url\":\"https:\/\/pluginviet.com\/mau37\/\",\"name\":\"Likefit\",\"description\":\"\",\"potentialAction\":[{\"@type\":\"SearchAction\",\"target\":{\"@type\":\"EntryPoint\",\"urlTemplate\":\"https:\/\/pluginviet.com\/mau37\/?s={search_term_string}\"},\"query-input\":\"required name=search_term_string\"}],\"inLanguage\":\"vi\"}]}<\/script>\n<!-- \/ Yoast SEO plugin. -->","yoast_head_json":{"title":"D\u1ecbch v\u1ee5 b\u1ea3o h\u00e0nh - Likefit","robots":{"index":"index","follow":"follow","max-snippet":"max-snippet:-1","max-image-preview":"max-image-preview:large","max-video-preview":"max-video-preview:-1"},"canonical":"https:\/\/pluginviet.com\/mau37\/dich-vu-bao-hanh\/","og_locale":"vi_VN","og_type":"article","og_title":"D\u1ecbch v\u1ee5 b\u1ea3o h\u00e0nh - Likefit","og_description":"Likefit.vn lu\u00f4n n\u1ed7 l\u1ef1c mang \u0111\u1ebfn cho kh\u00e1ch h\u00e0ng s\u1ef1 h\u00e0i l\u00f2ng tr\u01b0\u1edbc v\u00e0 sau khi mua h\u00e0ng b\u1eb1ng nh\u1eefng ch\u00ednh s\u00e1ch ch\u0103m s\u00f3c kh\u00e1ch h\u00e0ng chu \u0111\u00e1o v\u00e0 t\u1eadn t\u00e2m. Do \u0111\u00f3, trong th\u1eddi gian s\u1eed d\u1ee5ng s\u1ea3n ph\u1ea9m, n\u1ebfu g\u1eb7p b\u1ea5t k\u00ec tr\u1edd ng\u1ea1i n\u00e0o do l\u1ed7i k\u1ef9 thu\u1eadt, kh\u00e1ch h\u00e0ng h\u00e3y li\u00ean [...]","og_url":"https:\/\/pluginviet.com\/mau37\/dich-vu-bao-hanh\/","og_site_name":"Likefit","twitter_card":"summary_large_image","twitter_misc":{"\u01af\u1edbc t\u00ednh th\u1eddi gian \u0111\u1ecdc":"4 ph\u00fat"},"schema":{"@context":"https:\/\/schema.org","@graph":[{"@type":"WebPage","@id":"https:\/\/pluginviet.com\/mau37\/dich-vu-bao-hanh\/","url":"https:\/\/pluginviet.com\/mau37\/dich-vu-bao-hanh\/","name":"D\u1ecbch v\u1ee5 b\u1ea3o h\u00e0nh - Likefit","isPartOf":{"@id":"https:\/\/pluginviet.com\/mau37\/#website"},"datePublished":"2020-08-05T08:41:40+00:00","dateModified":"2020-08-05T08:41:40+00:00","breadcrumb":{"@id":"https:\/\/pluginviet.com\/mau37\/dich-vu-bao-hanh\/#breadcrumb"},"inLanguage":"vi","potentialAction":[{"@type":"ReadAction","target":["https:\/\/pluginviet.com\/mau37\/dich-vu-bao-hanh\/"]}]},{"@type":"BreadcrumbList","@id":"https:\/\/pluginviet.com\/mau37\/dich-vu-bao-hanh\/#breadcrumb","itemListElement":[{"@type":"ListItem","position":1,"name":"Trang ch\u1ee7","item":"https:\/\/pluginviet.com\/mau37\/"},{"@type":"ListItem","position":2,"name":"D\u1ecbch v\u1ee5 b\u1ea3o h\u00e0nh"}]},{"@type":"WebSite","@id":"https:\/\/pluginviet.com\/mau37\/#website","url":"https:\/\/pluginviet.com\/mau37\/","name":"Likefit","description":"","potentialAction":[{"@type":"SearchAction","target":{"@type":"EntryPoint","urlTemplate":"https:\/\/pluginviet.com\/mau37\/?s={search_term_string}"},"query-input":"required name=search_term_string"}],"inLanguage":"vi"}]}},"_links":{"self":[{"href":"https:\/\/pluginviet.com\/mau37\/wp-json\/wp\/v2\/pages\/3242"}],"collection":[{"href":"https:\/\/pluginviet.com\/mau37\/wp-json\/wp\/v2\/pages"}],"about":[{"href":"https:\/\/pluginviet.com\/mau37\/wp-json\/wp\/v2\/types\/page"}],"author":[{"embeddable":true,"href":"https:\/\/pluginviet.com\/mau37\/wp-json\/wp\/v2\/users\/4"}],"replies":[{"embeddable":true,"href":"https:\/\/pluginviet.com\/mau37\/wp-json\/wp\/v2\/comments?post=3242"}],"version-history":[{"count":1,"href":"https:\/\/pluginviet.com\/mau37\/wp-json\/wp\/v2\/pages\/3242\/revisions"}],"predecessor-version":[{"id":3243,"href":"https:\/\/pluginviet.com\/mau37\/wp-json\/wp\/v2\/pages\/3242\/revisions\/3243"}],"wp:attachment":[{"href":"https:\/\/pluginviet.com\/mau37\/wp-json\/wp\/v2\/media?parent=3242"}],"curies":[{"name":"wp","href":"https:\/\/api.w.org\/{rel}","templated":true}]}}