{"id":3240,"date":"2020-08-05T15:39:35","date_gmt":"2020-08-05T08:39:35","guid":{"rendered":"https:\/\/khomaudep.com\/likefit\/?page_id=3240"},"modified":"2020-08-05T15:39:35","modified_gmt":"2020-08-05T08:39:35","slug":"huong-dan-thanh-toan","status":"publish","type":"page","link":"https:\/\/pluginviet.com\/mau37\/huong-dan-thanh-toan\/","title":{"rendered":"H\u01b0\u1edbng d\u1eabn thanh to\u00e1n"},"content":{"rendered":"<div class=\"right_noidung\">\n<p>\u0110\u1ec3 thu\u1eadn l\u1ee3i cho kh\u00e1ch h\u00e0ng khi giao d\u1ecbch v\u1edbi <strong>khomaudep.com\/likefit<\/strong>, qu\u00fd kh\u00e1ch c\u00f3 th\u1ec3 t\u1ef1 l\u1ef1a ch\u1ecdn cho m\u00ecnh m\u1ed9t trong c\u00e1c h\u00ecnh th\u1ee9c thanh to\u00e1n th\u00edch h\u1ee3p sau:<\/p>\n<p><strong>1. Thanh to\u00e1n tr\u1ef1c ti\u1ebfp<\/strong><\/p>\n<ul>\n<li>Kh\u00e1ch h\u00e0ng c\u00f3 th\u1ec3 \u0111\u1ebfn tr\u1ef1c ti\u1ebfp c\u1eeda h\u00e0ng \u0111\u1ec3 tr\u1ea3i nghi\u1ec7m s\u1ea3n ph\u1ea9m v\u00e0 thanh to\u00e1n<\/li>\n<li>Giao h\u00e0ng v\u00e0 thu ti\u1ec1n t\u1ea1i nh\u00e0 (COD): <strong>likeift.vn <\/strong>s\u1ebd \u1ee7y th\u00e1c cho m\u1ed9t \u0111\u01a1n v\u1ecb v\u1eadn chuy\u1ec3n tr\u1ef1c ti\u1ebfp giao h\u00e0ng v\u00e0 thu ti\u1ec1n theo \u0111\u1ecba ch\u1ec9 m\u00e0 qu\u00fd kh\u00e1ch \u0111\u00e3 \u0111\u0103ng k\u00fd.<\/li>\n<\/ul>\n<p>&#8211; Trong tr\u01b0\u1eddng h\u1ee3p qu\u00fd kh\u00e1ch \u0111i v\u1eafng, vui l\u00f2ng \u1ee7y th\u00e1c cho ng\u01b0\u1eddi kh\u00e1c nh\u1eadn h\u00e0ng v\u00e0 thanh to\u00e1n ti\u1ec1n thay.<\/p>\n<p>&#8211; Trong m\u1ed9t s\u1ed1 tr\u01b0\u1eddng h\u1ee3p nh\u00e2n vi\u00ean giao h\u00e0ng \u0111\u1ebfn m\u00e0 kh\u00f4ng c\u00f3 ng\u01b0\u1eddi nh\u1eadn s\u1ebd \u0111\u1ec3 l\u1ea1i tin nh\u1eafn m\u1eddi kh\u00e1ch h\u00e0ng \u0111\u1ebfn b\u01b0u \u0111i\u1ec7n nh\u1eadn h\u00e0ng (\u0111\u1ed1i v\u1edbi kh\u00e1ch h\u00e0ng \u1edf t\u1ec9nh).<\/p>\n<p>&#8211;\u00a0 Ph\u1ea1m vi c\u1ee7a ph\u01b0\u01a1ng th\u1ee9c thanh to\u00e1n n\u00e0y: D\u1ecbch v\u1ee5 b\u00e1n h\u00e0ng va thu ti\u1ec1n t\u1ea1i nh\u00e0 tr\u00ean to\u00e0n qu\u1ed1c.<\/p>\n<p><strong>2. Thanh to\u00e1n b\u1eb1ng c\u00e1ch chuy\u1ec3n kho\u1ea3n<\/strong><\/p>\n<p>Kh\u00e1ch h\u00e0ng vui l\u00f2ng chuy\u1ec3n kho\u1ea3n cho Likefit theo th\u00f4ng tin sau:<\/p>\n<ul>\n<li><strong>Ng\u00e2n h\u00e0ng k\u1ef9 th\u01b0\u01a1ng Vi\u1ec7t Nam (TCB)<br \/>\n<\/strong><\/li>\n<\/ul>\n<p>&#8211; T\u00ean ch\u1ee7 t\u00e0i kho\u1ea3n: Nguyen Van Hoa.<\/p>\n<p>&#8211; S\u1ed1 t\u00e0i kho\u1ea3n: 19033247965013<\/p>\n<ul>\n<li><strong>Ng\u00e2n h\u00e0ng Ngo\u1ea1i th\u01b0\u01a1ng Vi\u1ec7t Nam (VCB)<br \/>\n<\/strong><\/li>\n<\/ul>\n<p>&#8211; T\u00ean ch\u1ee7 t\u00e0i kho\u1ea3n: Nguyen Van Hoa<br \/>\n&#8211; S\u1ed1 t\u00e0i kho\u1ea3n: 0451000460439<\/p>\n<p><strong>N\u1ed9i dung:\u00a0<\/strong>Mua online ho\u1eb7c qua email ho\u1eb7c qua \u0111i\u1ec7n tho\u1ea1i [T\u00ean s\u1ea3n ph\u1ea9m] [T\u00ean kh\u00e1ch h\u00e0ng] [Ng\u00e0y mua]\n<p><strong>Email th\u00f4ng b\u00e1o:<\/strong> likefitquanaotapgym@gmail.com ho\u1eb7c \u0111i\u1ec7n tho\u1ea1i th\u00f4ng b\u00e1o: (0966039801<\/p>\n<p><strong>L\u01b0u \u00fd:<\/strong>\u00a0Sau khi qu\u00fd kh\u00e1ch chuy\u1ec3n ti\u1ec1n, h\u00e3y email ho\u1eb7c g\u1ecdi \u0111i\u1ec7n th\u00f4ng b\u00e1o cho ch\u00fang t\u00f4i \u0111\u1ec3 ch\u00fang t\u00f4i ki\u1ec3m tra v\u00e0 th\u1ef1c hi\u1ec7n giao h\u00e0ng s\u1edbm cho qu\u00fd kh\u00e1ch.<\/p>\n<\/div>\n","protected":false},"excerpt":{"rendered":"<p>\u0110\u1ec3 thu\u1eadn l\u1ee3i cho kh\u00e1ch h\u00e0ng khi giao d\u1ecbch v\u1edbi khomaudep.com\/likefit, qu\u00fd kh\u00e1ch c\u00f3 th\u1ec3 t\u1ef1 l\u1ef1a ch\u1ecdn cho m\u00ecnh m\u1ed9t trong c\u00e1c h\u00ecnh th\u1ee9c thanh to\u00e1n th\u00edch h\u1ee3p sau: 1. Thanh to\u00e1n tr\u1ef1c ti\u1ebfp Kh\u00e1ch h\u00e0ng c\u00f3 th\u1ec3 \u0111\u1ebfn tr\u1ef1c ti\u1ebfp c\u1eeda h\u00e0ng \u0111\u1ec3 tr\u1ea3i nghi\u1ec7m s\u1ea3n ph\u1ea9m v\u00e0 thanh to\u00e1n Giao h\u00e0ng v\u00e0 [&#8230;]\n","protected":false},"author":4,"featured_media":0,"parent":0,"menu_order":3,"comment_status":"closed","ping_status":"closed","template":"","meta":{"footnotes":""},"yoast_head":"<!-- This site is optimized with the Yoast SEO plugin v21.5 - https:\/\/yoast.com\/wordpress\/plugins\/seo\/ -->\n<title>H\u01b0\u1edbng d\u1eabn thanh to\u00e1n - Likefit<\/title>\n<meta name=\"robots\" content=\"index, follow, max-snippet:-1, max-image-preview:large, max-video-preview:-1\" \/>\n<link rel=\"canonical\" href=\"https:\/\/pluginviet.com\/mau37\/huong-dan-thanh-toan\/\" \/>\n<meta property=\"og:locale\" content=\"vi_VN\" \/>\n<meta property=\"og:type\" content=\"article\" \/>\n<meta property=\"og:title\" content=\"H\u01b0\u1edbng d\u1eabn thanh to\u00e1n - Likefit\" \/>\n<meta property=\"og:description\" content=\"\u0110\u1ec3 thu\u1eadn l\u1ee3i cho kh\u00e1ch h\u00e0ng khi giao d\u1ecbch v\u1edbi khomaudep.com\/likefit, qu\u00fd kh\u00e1ch c\u00f3 th\u1ec3 t\u1ef1 l\u1ef1a ch\u1ecdn cho m\u00ecnh m\u1ed9t trong c\u00e1c h\u00ecnh th\u1ee9c thanh to\u00e1n th\u00edch h\u1ee3p sau: 1. Thanh to\u00e1n tr\u1ef1c ti\u1ebfp Kh\u00e1ch h\u00e0ng c\u00f3 th\u1ec3 \u0111\u1ebfn tr\u1ef1c ti\u1ebfp c\u1eeda h\u00e0ng \u0111\u1ec3 tr\u1ea3i nghi\u1ec7m s\u1ea3n ph\u1ea9m v\u00e0 thanh to\u00e1n Giao h\u00e0ng v\u00e0 [...]\" \/>\n<meta property=\"og:url\" content=\"https:\/\/pluginviet.com\/mau37\/huong-dan-thanh-toan\/\" \/>\n<meta property=\"og:site_name\" content=\"Likefit\" \/>\n<meta name=\"twitter:card\" content=\"summary_large_image\" \/>\n<meta name=\"twitter:label1\" content=\"\u01af\u1edbc t\u00ednh th\u1eddi gian \u0111\u1ecdc\" \/>\n\t<meta name=\"twitter:data1\" content=\"2 ph\u00fat\" \/>\n<script type=\"application\/ld+json\" class=\"yoast-schema-graph\">{\"@context\":\"https:\/\/schema.org\",\"@graph\":[{\"@type\":\"WebPage\",\"@id\":\"https:\/\/pluginviet.com\/mau37\/huong-dan-thanh-toan\/\",\"url\":\"https:\/\/pluginviet.com\/mau37\/huong-dan-thanh-toan\/\",\"name\":\"H\u01b0\u1edbng d\u1eabn thanh to\u00e1n - Likefit\",\"isPartOf\":{\"@id\":\"https:\/\/pluginviet.com\/mau37\/#website\"},\"datePublished\":\"2020-08-05T08:39:35+00:00\",\"dateModified\":\"2020-08-05T08:39:35+00:00\",\"breadcrumb\":{\"@id\":\"https:\/\/pluginviet.com\/mau37\/huong-dan-thanh-toan\/#breadcrumb\"},\"inLanguage\":\"vi\",\"potentialAction\":[{\"@type\":\"ReadAction\",\"target\":[\"https:\/\/pluginviet.com\/mau37\/huong-dan-thanh-toan\/\"]}]},{\"@type\":\"BreadcrumbList\",\"@id\":\"https:\/\/pluginviet.com\/mau37\/huong-dan-thanh-toan\/#breadcrumb\",\"itemListElement\":[{\"@type\":\"ListItem\",\"position\":1,\"name\":\"Trang ch\u1ee7\",\"item\":\"https:\/\/pluginviet.com\/mau37\/\"},{\"@type\":\"ListItem\",\"position\":2,\"name\":\"H\u01b0\u1edbng d\u1eabn thanh to\u00e1n\"}]},{\"@type\":\"WebSite\",\"@id\":\"https:\/\/pluginviet.com\/mau37\/#website\",\"url\":\"https:\/\/pluginviet.com\/mau37\/\",\"name\":\"Likefit\",\"description\":\"\",\"potentialAction\":[{\"@type\":\"SearchAction\",\"target\":{\"@type\":\"EntryPoint\",\"urlTemplate\":\"https:\/\/pluginviet.com\/mau37\/?s={search_term_string}\"},\"query-input\":\"required name=search_term_string\"}],\"inLanguage\":\"vi\"}]}<\/script>\n<!-- \/ Yoast SEO plugin. -->","yoast_head_json":{"title":"H\u01b0\u1edbng d\u1eabn thanh to\u00e1n - Likefit","robots":{"index":"index","follow":"follow","max-snippet":"max-snippet:-1","max-image-preview":"max-image-preview:large","max-video-preview":"max-video-preview:-1"},"canonical":"https:\/\/pluginviet.com\/mau37\/huong-dan-thanh-toan\/","og_locale":"vi_VN","og_type":"article","og_title":"H\u01b0\u1edbng d\u1eabn thanh to\u00e1n - Likefit","og_description":"\u0110\u1ec3 thu\u1eadn l\u1ee3i cho kh\u00e1ch h\u00e0ng khi giao d\u1ecbch v\u1edbi khomaudep.com\/likefit, qu\u00fd kh\u00e1ch c\u00f3 th\u1ec3 t\u1ef1 l\u1ef1a ch\u1ecdn cho m\u00ecnh m\u1ed9t trong c\u00e1c h\u00ecnh th\u1ee9c thanh to\u00e1n th\u00edch h\u1ee3p sau: 1. Thanh to\u00e1n tr\u1ef1c ti\u1ebfp Kh\u00e1ch h\u00e0ng c\u00f3 th\u1ec3 \u0111\u1ebfn tr\u1ef1c ti\u1ebfp c\u1eeda h\u00e0ng \u0111\u1ec3 tr\u1ea3i nghi\u1ec7m s\u1ea3n ph\u1ea9m v\u00e0 thanh to\u00e1n Giao h\u00e0ng v\u00e0 [...]","og_url":"https:\/\/pluginviet.com\/mau37\/huong-dan-thanh-toan\/","og_site_name":"Likefit","twitter_card":"summary_large_image","twitter_misc":{"\u01af\u1edbc t\u00ednh th\u1eddi gian \u0111\u1ecdc":"2 ph\u00fat"},"schema":{"@context":"https:\/\/schema.org","@graph":[{"@type":"WebPage","@id":"https:\/\/pluginviet.com\/mau37\/huong-dan-thanh-toan\/","url":"https:\/\/pluginviet.com\/mau37\/huong-dan-thanh-toan\/","name":"H\u01b0\u1edbng d\u1eabn thanh to\u00e1n - Likefit","isPartOf":{"@id":"https:\/\/pluginviet.com\/mau37\/#website"},"datePublished":"2020-08-05T08:39:35+00:00","dateModified":"2020-08-05T08:39:35+00:00","breadcrumb":{"@id":"https:\/\/pluginviet.com\/mau37\/huong-dan-thanh-toan\/#breadcrumb"},"inLanguage":"vi","potentialAction":[{"@type":"ReadAction","target":["https:\/\/pluginviet.com\/mau37\/huong-dan-thanh-toan\/"]}]},{"@type":"BreadcrumbList","@id":"https:\/\/pluginviet.com\/mau37\/huong-dan-thanh-toan\/#breadcrumb","itemListElement":[{"@type":"ListItem","position":1,"name":"Trang ch\u1ee7","item":"https:\/\/pluginviet.com\/mau37\/"},{"@type":"ListItem","position":2,"name":"H\u01b0\u1edbng d\u1eabn thanh to\u00e1n"}]},{"@type":"WebSite","@id":"https:\/\/pluginviet.com\/mau37\/#website","url":"https:\/\/pluginviet.com\/mau37\/","name":"Likefit","description":"","potentialAction":[{"@type":"SearchAction","target":{"@type":"EntryPoint","urlTemplate":"https:\/\/pluginviet.com\/mau37\/?s={search_term_string}"},"query-input":"required name=search_term_string"}],"inLanguage":"vi"}]}},"_links":{"self":[{"href":"https:\/\/pluginviet.com\/mau37\/wp-json\/wp\/v2\/pages\/3240"}],"collection":[{"href":"https:\/\/pluginviet.com\/mau37\/wp-json\/wp\/v2\/pages"}],"about":[{"href":"https:\/\/pluginviet.com\/mau37\/wp-json\/wp\/v2\/types\/page"}],"author":[{"embeddable":true,"href":"https:\/\/pluginviet.com\/mau37\/wp-json\/wp\/v2\/users\/4"}],"replies":[{"embeddable":true,"href":"https:\/\/pluginviet.com\/mau37\/wp-json\/wp\/v2\/comments?post=3240"}],"version-history":[{"count":1,"href":"https:\/\/pluginviet.com\/mau37\/wp-json\/wp\/v2\/pages\/3240\/revisions"}],"predecessor-version":[{"id":3241,"href":"https:\/\/pluginviet.com\/mau37\/wp-json\/wp\/v2\/pages\/3240\/revisions\/3241"}],"wp:attachment":[{"href":"https:\/\/pluginviet.com\/mau37\/wp-json\/wp\/v2\/media?parent=3240"}],"curies":[{"name":"wp","href":"https:\/\/api.w.org\/{rel}","templated":true}]}}