{"id":3234,"date":"2020-08-05T15:21:09","date_gmt":"2020-08-05T08:21:09","guid":{"rendered":"https:\/\/khomaudep.com\/likefit\/?page_id=3234"},"modified":"2020-08-05T15:21:10","modified_gmt":"2020-08-05T08:21:10","slug":"bieu-phi-van-chuyen","status":"publish","type":"page","link":"https:\/\/pluginviet.com\/mau37\/bieu-phi-van-chuyen\/","title":{"rendered":"Bi\u1ec3u ph\u00ed v\u1eadn chuy\u1ec3n"},"content":{"rendered":"<p>Nh\u1eb1m \u0111em l\u1ea1i s\u1ef1 ti\u1ec7n l\u1ee3i, ti\u1ebft ki\u1ec7m chi ph\u00ed cho kh\u00e1ch h\u00e0ng khi mua s\u1ea3n ph\u1ea9m c\u1ee7a <strong>khomaudep.com\/likefit <\/strong>qua \u0111i\u1ec7n tho\u1ea1i, email ho\u1eb7c online. <strong>khomaudep.com\/likefit <\/strong>\u00e1p d\u1ee5ng bi\u1ec3u ph\u00ed v\u1eadn chuy\u1ec3n \u0111\u1ed1i v\u1edbi c\u00e1c \u0111\u01a1n h\u00e0ng t\u1ea1i c\u00e1c t\u1ec9nh th\u00e0nh nh\u01b0 sau:<\/p>\n<ul>\n<li>C\u00e1c \u0111\u01a1n h\u00e0ng d\u01b0\u1edbi 700.000\u0111 t\u1ea1i <strong>khomaudep.com\/likefit <\/strong>s\u1ebd \u0111\u01b0\u1ee3c t\u00ednh ph\u00ed v\u1eadn chuy\u1ec3n l\u00e0 30.000\u0111 \u00e1p d\u1ee5ng to\u00e0n qu\u1ed1c. (Kh\u00f4ng t\u00ednh th\u00eam ph\u00ed COD).<\/li>\n<li>Mi\u1ec5n ph\u00ed giao h\u00e0ng v\u1edbi c\u00e1c \u0111\u01a1n tr\u00ean 700.000\u0111<\/li>\n<\/ul>\n<p><strong>L\u01b0u \u00fd chung<\/strong><\/p>\n<p>&#8211; Khi mua h\u00e0ng, kh\u00e1ch h\u00e0ng vui l\u00f2ng cung c\u1ea5p \u0111\u1ea7y \u0111\u1ee7 v\u00e0 ch\u00ednh x\u00e1c c\u00e1c th\u00f4ng tin c\u1ea7n thi\u1ebft theo y\u00eau c\u1ea7u \u0111\u1ec3 t\u1ea1o \u0111i\u1ec1u ki\u1ec7n thu\u1eadn l\u1ee3i cho vi\u1ec7c giao d\u1ecbch.<\/p>\n<p>&#8211; M\u1ed9t s\u1ed1 tr\u01b0\u1eddng h\u1ee3p nh\u1ea1y c\u1ea3m: gi\u00e1 tr\u1ecb \u0111\u01a1n h\u00e0ng qu\u00e1 l\u1edbn, \u0111\u1ecba ch\u1ec9 giao h\u00e0ng kh\u00f4ng r\u00f5 r\u00e0ng, n\u1eb1m trong ng\u00f5 ho\u1eb7c c\u00f3 th\u1ec3 d\u1eabn t\u1edbi nguy hi\u1ec3m, ch\u00fang t\u00f4i c\u00f3 th\u1ec3 t\u1eeb ch\u1ed1i giao h\u00e0ng tr\u1ef1c ti\u1ebfp, k\u00ednh mong Qu\u00fd kh\u00e1ch h\u00e0ng th\u00f4ng c\u1ea3m.<\/p>\n<p>&#8211; Qu\u00fd kh\u00e1ch vui l\u00f2ng ki\u1ec3m tra k\u0129 h\u00e0ng h\u00f3a khi nh\u1eadn h\u00e0ng t\u1eeb nh\u00e2n vi\u00ean giao h\u00e0ng, n\u1ebfu c\u00f3 b\u1ea5t k\u1ef3 khi\u1ebfu n\u1ea1i g\u00ec v\u1ec1 h\u01b0 h\u1ecfng, tr\u1ea7y x\u01b0\u1edbc, b\u1ec3 v\u1ee1, m\u00f3p m\u00e9o, sai h\u00e0ng h\u00f3a,\u2026 sau khi nh\u00e2n vi\u00ean giao h\u00e0ng \u0111i th\u00ec ch\u00fang t\u00f4i kh\u00f4ng ch\u1ecbu tr\u00e1ch nhi\u1ec7m.<\/p>\n","protected":false},"excerpt":{"rendered":"<p>Nh\u1eb1m \u0111em l\u1ea1i s\u1ef1 ti\u1ec7n l\u1ee3i, ti\u1ebft ki\u1ec7m chi ph\u00ed cho kh\u00e1ch h\u00e0ng khi mua s\u1ea3n ph\u1ea9m c\u1ee7a khomaudep.com\/likefit qua \u0111i\u1ec7n tho\u1ea1i, email ho\u1eb7c online. khomaudep.com\/likefit \u00e1p d\u1ee5ng bi\u1ec3u ph\u00ed v\u1eadn chuy\u1ec3n \u0111\u1ed1i v\u1edbi c\u00e1c \u0111\u01a1n h\u00e0ng t\u1ea1i c\u00e1c t\u1ec9nh th\u00e0nh nh\u01b0 sau: C\u00e1c \u0111\u01a1n h\u00e0ng d\u01b0\u1edbi 700.000\u0111 t\u1ea1i khomaudep.com\/likefit s\u1ebd \u0111\u01b0\u1ee3c t\u00ednh ph\u00ed v\u1eadn [&#8230;]\n","protected":false},"author":4,"featured_media":0,"parent":0,"menu_order":6,"comment_status":"closed","ping_status":"closed","template":"","meta":{"footnotes":""},"yoast_head":"<!-- This site is optimized with the Yoast SEO plugin v21.5 - https:\/\/yoast.com\/wordpress\/plugins\/seo\/ -->\n<title>Bi\u1ec3u ph\u00ed v\u1eadn chuy\u1ec3n - Likefit<\/title>\n<meta name=\"robots\" content=\"index, follow, max-snippet:-1, max-image-preview:large, max-video-preview:-1\" \/>\n<link rel=\"canonical\" href=\"https:\/\/pluginviet.com\/mau37\/bieu-phi-van-chuyen\/\" \/>\n<meta property=\"og:locale\" content=\"vi_VN\" \/>\n<meta property=\"og:type\" content=\"article\" \/>\n<meta property=\"og:title\" content=\"Bi\u1ec3u ph\u00ed v\u1eadn chuy\u1ec3n - Likefit\" \/>\n<meta property=\"og:description\" content=\"Nh\u1eb1m \u0111em l\u1ea1i s\u1ef1 ti\u1ec7n l\u1ee3i, ti\u1ebft ki\u1ec7m chi ph\u00ed cho kh\u00e1ch h\u00e0ng khi mua s\u1ea3n ph\u1ea9m c\u1ee7a khomaudep.com\/likefit qua \u0111i\u1ec7n tho\u1ea1i, email ho\u1eb7c online. khomaudep.com\/likefit \u00e1p d\u1ee5ng bi\u1ec3u ph\u00ed v\u1eadn chuy\u1ec3n \u0111\u1ed1i v\u1edbi c\u00e1c \u0111\u01a1n h\u00e0ng t\u1ea1i c\u00e1c t\u1ec9nh th\u00e0nh nh\u01b0 sau: C\u00e1c \u0111\u01a1n h\u00e0ng d\u01b0\u1edbi 700.000\u0111 t\u1ea1i khomaudep.com\/likefit s\u1ebd \u0111\u01b0\u1ee3c t\u00ednh ph\u00ed v\u1eadn [...]\" \/>\n<meta property=\"og:url\" content=\"https:\/\/pluginviet.com\/mau37\/bieu-phi-van-chuyen\/\" \/>\n<meta property=\"og:site_name\" content=\"Likefit\" \/>\n<meta property=\"article:modified_time\" content=\"2020-08-05T08:21:10+00:00\" \/>\n<meta name=\"twitter:card\" content=\"summary_large_image\" \/>\n<meta name=\"twitter:label1\" content=\"\u01af\u1edbc t\u00ednh th\u1eddi gian \u0111\u1ecdc\" \/>\n\t<meta name=\"twitter:data1\" content=\"2 ph\u00fat\" \/>\n<script type=\"application\/ld+json\" class=\"yoast-schema-graph\">{\"@context\":\"https:\/\/schema.org\",\"@graph\":[{\"@type\":\"WebPage\",\"@id\":\"https:\/\/pluginviet.com\/mau37\/bieu-phi-van-chuyen\/\",\"url\":\"https:\/\/pluginviet.com\/mau37\/bieu-phi-van-chuyen\/\",\"name\":\"Bi\u1ec3u ph\u00ed v\u1eadn chuy\u1ec3n - Likefit\",\"isPartOf\":{\"@id\":\"https:\/\/pluginviet.com\/mau37\/#website\"},\"datePublished\":\"2020-08-05T08:21:09+00:00\",\"dateModified\":\"2020-08-05T08:21:10+00:00\",\"breadcrumb\":{\"@id\":\"https:\/\/pluginviet.com\/mau37\/bieu-phi-van-chuyen\/#breadcrumb\"},\"inLanguage\":\"vi\",\"potentialAction\":[{\"@type\":\"ReadAction\",\"target\":[\"https:\/\/pluginviet.com\/mau37\/bieu-phi-van-chuyen\/\"]}]},{\"@type\":\"BreadcrumbList\",\"@id\":\"https:\/\/pluginviet.com\/mau37\/bieu-phi-van-chuyen\/#breadcrumb\",\"itemListElement\":[{\"@type\":\"ListItem\",\"position\":1,\"name\":\"Trang ch\u1ee7\",\"item\":\"https:\/\/pluginviet.com\/mau37\/\"},{\"@type\":\"ListItem\",\"position\":2,\"name\":\"Bi\u1ec3u ph\u00ed v\u1eadn chuy\u1ec3n\"}]},{\"@type\":\"WebSite\",\"@id\":\"https:\/\/pluginviet.com\/mau37\/#website\",\"url\":\"https:\/\/pluginviet.com\/mau37\/\",\"name\":\"Likefit\",\"description\":\"\",\"potentialAction\":[{\"@type\":\"SearchAction\",\"target\":{\"@type\":\"EntryPoint\",\"urlTemplate\":\"https:\/\/pluginviet.com\/mau37\/?s={search_term_string}\"},\"query-input\":\"required name=search_term_string\"}],\"inLanguage\":\"vi\"}]}<\/script>\n<!-- \/ Yoast SEO plugin. -->","yoast_head_json":{"title":"Bi\u1ec3u ph\u00ed v\u1eadn chuy\u1ec3n - Likefit","robots":{"index":"index","follow":"follow","max-snippet":"max-snippet:-1","max-image-preview":"max-image-preview:large","max-video-preview":"max-video-preview:-1"},"canonical":"https:\/\/pluginviet.com\/mau37\/bieu-phi-van-chuyen\/","og_locale":"vi_VN","og_type":"article","og_title":"Bi\u1ec3u ph\u00ed v\u1eadn chuy\u1ec3n - Likefit","og_description":"Nh\u1eb1m \u0111em l\u1ea1i s\u1ef1 ti\u1ec7n l\u1ee3i, ti\u1ebft ki\u1ec7m chi ph\u00ed cho kh\u00e1ch h\u00e0ng khi mua s\u1ea3n ph\u1ea9m c\u1ee7a khomaudep.com\/likefit qua \u0111i\u1ec7n tho\u1ea1i, email ho\u1eb7c online. khomaudep.com\/likefit \u00e1p d\u1ee5ng bi\u1ec3u ph\u00ed v\u1eadn chuy\u1ec3n \u0111\u1ed1i v\u1edbi c\u00e1c \u0111\u01a1n h\u00e0ng t\u1ea1i c\u00e1c t\u1ec9nh th\u00e0nh nh\u01b0 sau: C\u00e1c \u0111\u01a1n h\u00e0ng d\u01b0\u1edbi 700.000\u0111 t\u1ea1i khomaudep.com\/likefit s\u1ebd \u0111\u01b0\u1ee3c t\u00ednh ph\u00ed v\u1eadn [...]","og_url":"https:\/\/pluginviet.com\/mau37\/bieu-phi-van-chuyen\/","og_site_name":"Likefit","article_modified_time":"2020-08-05T08:21:10+00:00","twitter_card":"summary_large_image","twitter_misc":{"\u01af\u1edbc t\u00ednh th\u1eddi gian \u0111\u1ecdc":"2 ph\u00fat"},"schema":{"@context":"https:\/\/schema.org","@graph":[{"@type":"WebPage","@id":"https:\/\/pluginviet.com\/mau37\/bieu-phi-van-chuyen\/","url":"https:\/\/pluginviet.com\/mau37\/bieu-phi-van-chuyen\/","name":"Bi\u1ec3u ph\u00ed v\u1eadn chuy\u1ec3n - Likefit","isPartOf":{"@id":"https:\/\/pluginviet.com\/mau37\/#website"},"datePublished":"2020-08-05T08:21:09+00:00","dateModified":"2020-08-05T08:21:10+00:00","breadcrumb":{"@id":"https:\/\/pluginviet.com\/mau37\/bieu-phi-van-chuyen\/#breadcrumb"},"inLanguage":"vi","potentialAction":[{"@type":"ReadAction","target":["https:\/\/pluginviet.com\/mau37\/bieu-phi-van-chuyen\/"]}]},{"@type":"BreadcrumbList","@id":"https:\/\/pluginviet.com\/mau37\/bieu-phi-van-chuyen\/#breadcrumb","itemListElement":[{"@type":"ListItem","position":1,"name":"Trang ch\u1ee7","item":"https:\/\/pluginviet.com\/mau37\/"},{"@type":"ListItem","position":2,"name":"Bi\u1ec3u ph\u00ed v\u1eadn chuy\u1ec3n"}]},{"@type":"WebSite","@id":"https:\/\/pluginviet.com\/mau37\/#website","url":"https:\/\/pluginviet.com\/mau37\/","name":"Likefit","description":"","potentialAction":[{"@type":"SearchAction","target":{"@type":"EntryPoint","urlTemplate":"https:\/\/pluginviet.com\/mau37\/?s={search_term_string}"},"query-input":"required name=search_term_string"}],"inLanguage":"vi"}]}},"_links":{"self":[{"href":"https:\/\/pluginviet.com\/mau37\/wp-json\/wp\/v2\/pages\/3234"}],"collection":[{"href":"https:\/\/pluginviet.com\/mau37\/wp-json\/wp\/v2\/pages"}],"about":[{"href":"https:\/\/pluginviet.com\/mau37\/wp-json\/wp\/v2\/types\/page"}],"author":[{"embeddable":true,"href":"https:\/\/pluginviet.com\/mau37\/wp-json\/wp\/v2\/users\/4"}],"replies":[{"embeddable":true,"href":"https:\/\/pluginviet.com\/mau37\/wp-json\/wp\/v2\/comments?post=3234"}],"version-history":[{"count":1,"href":"https:\/\/pluginviet.com\/mau37\/wp-json\/wp\/v2\/pages\/3234\/revisions"}],"predecessor-version":[{"id":3235,"href":"https:\/\/pluginviet.com\/mau37\/wp-json\/wp\/v2\/pages\/3234\/revisions\/3235"}],"wp:attachment":[{"href":"https:\/\/pluginviet.com\/mau37\/wp-json\/wp\/v2\/media?parent=3234"}],"curies":[{"name":"wp","href":"https:\/\/api.w.org\/{rel}","templated":true}]}}