{"id":3232,"date":"2020-08-05T15:19:01","date_gmt":"2020-08-05T08:19:01","guid":{"rendered":"https:\/\/khomaudep.com\/likefit\/?page_id=3232"},"modified":"2020-08-05T15:19:01","modified_gmt":"2020-08-05T08:19:01","slug":"dieu-khoan-su-dung-dich-vu","status":"publish","type":"page","link":"https:\/\/pluginviet.com\/mau37\/dieu-khoan-su-dung-dich-vu\/","title":{"rendered":"\u0110i\u1ec1u kho\u1ea3n s\u1eed d\u1ee5ng d\u1ecbch v\u1ee5"},"content":{"rendered":"<p>C\u1ea3m \u01a1n qu\u00fd kh\u00e1ch \u0111\u00e3 tin t\u01b0\u1edfng v\u00e0 ch\u1ecdn website <strong>www.Likefit.vn<\/strong> l\u00e0 \u0111i\u1ec3m \u0111\u1ebfn mua s\u1eafm c\u00e1c s\u1ea3n ph\u1ea9m \u0111\u1ed3 t\u1eadp gym th\u1ec3 thao<\/p>\n<p><strong>NGUY\u00caN T\u1eaeC<\/strong><\/p>\n<ul>\n<li>C\u00e1c \u0111i\u1ec1u kho\u1ea3n m\u00e0 ch\u00fang t\u00f4i \u0111\u01b0a ra d\u01b0\u1edbi \u0111\u00e2y \u00e1p d\u1ee5ng cho c\u00e1c kh\u00e1ch h\u00e0ng \u0111\u0103ng k\u00fd l\u00e0 th\u00e0nh vi\u00ean (ng\u01b0\u1eddi mua) th\u1ef1c hi\u1ec7n giao d\u1ecbch mua h\u00e0ng tr\u00ean website <strong>www.Likefit.vn<\/strong> l\u00e0 c\u00e1c c\u00e1 nh\u00e2n ph\u1ea3i \u0111\u0103ng k\u00fd c\u00e1c th\u00f4ng tin c\u00e1 nh\u00e2n b\u1eaft bu\u1ed9c theo y\u00eau c\u1ea7u v\u00e0 \u0111\u01b0\u1ee3c <strong>khomaudep.com\/likefit <\/strong>ch\u00ednh th\u1ee9c c\u00f4ng nh\u1eadn \u0111\u01b0\u1ee3c th\u1ef1c hi\u1ec7n giao d\u1ecbch.<\/li>\n<li>Th\u00e0nh vi\u00ean tham gia giao d\u1ecbch tr\u00ean <strong>www.Likefit.vn<\/strong> l\u00e0 c\u00e1c c\u00e1 nh\u00e2n ph\u1ea3i \u0111\u0103ng k\u00fd c\u00e1c th\u00f4ng tin c\u00e1 nh\u00e2n b\u1eaft bu\u1ed9c theo y\u00eau c\u1ea7u v\u00e0 \u0111\u01b0\u1ee3c <strong>khomaudep.com\/likefit <\/strong>ch\u00ednh th\u1ee9c c\u00f4ng nh\u1eadn \u0111\u01b0\u1ee3c th\u1ef1c hi\u1ec7n giao d\u1ecbch.<\/li>\n<li>Website <strong>www.Likefit.vn<\/strong> l\u00e0 n\u01a1i c\u00e1c th\u00e0nh vi\u00ean (ng\u01b0\u1eddi mua) th\u1ef1c hi\u1ec7n qu\u00e1 tr\u00ecnh mua h\u00e0ng qua m\u1ea1ng m\u1ed9t c\u00e1ch tr\u1ecdn v\u1eb9n b\u1eb1ng vi\u1ec7c t\u00edch h\u1ee3p t\u00ednh n\u0103ng tr\u1ef1c tuy\u1ebfn. Kh\u00e1ch h\u00e0ng c\u1ea7n \u0111\u1ea3m b\u1ea3o th\u1ef1c hi\u1ec7n \u0111\u00fang c\u00e1c b\u01b0\u1edbc c\u1ee7a quy tr\u00ecnh mua h\u00e0ng.<\/li>\n<\/ul>\n<p><strong>QUY TR\u00ccNH GIAO D\u1ecaCH<\/strong><\/p>\n<ul>\n<li><strong>khomaudep.com\/likefit <\/strong>gi\u1edbi thi\u1ec7u \u0111\u1ebfn kh\u00e1ch h\u00e0ng (ng\u01b0\u1eddi mua) c\u00e1c s\u1ea3n ph\u1ea9m thu\u1ed9c l\u0129nh v\u1ef1c th\u1ec3 thao, gym d\u00e0nh cho nam. M\u1ee9c gi\u00e1 \u0111\u01b0\u1ee3c ni\u00eam y\u1ebft c\u1ee5 th\u1ec3, c\u00e1c h\u00ecnh th\u1ee9c thanh to\u00e1n linh ho\u1ea1t. C\u00e1c th\u00e0nh vi\u00ean c\u00f3 th\u1ec3 tham kh\u1ea3o v\u00e0 l\u1ef1a ch\u1ecdn mua s\u1ea3n ph\u1ea9m v\u00e0 s\u1eed d\u1ee5ng d\u1ecbch v\u1ee5 thanh to\u00e1n ph\u00f9 h\u1ee3p nh\u1ea5t v\u1edbi m\u00ecnh.<\/li>\n<li><strong>www.Likefit.vn<\/strong> x\u00e2y d\u1ef1ng h\u1ec7 th\u1ed1ng thanh to\u00e1n tr\u1ef1c tuy\u1ebfn t\u00edch h\u1ee3p nhi\u1ec1u t\u00ednh n\u0103ng th\u00f4ng minh, c\u00f3 th\u1ec3 gi\u00fap c\u00e1c giao d\u1ecbch an to\u00e0n, ch\u1ebf \u0111\u1ed9 b\u1ea3o m\u1eadt cao, gi\u00fap ti\u1ebft ki\u1ec7m th\u1eddi gian v\u00e0 chi ph\u00ed cho c\u00e1c b\u00ean. C\u00e1ch th\u1ee9c thanh to\u00e1n th\u1ef1c hi\u1ec7n nh\u01b0 sau:<\/li>\n<\/ul>\n<p><strong>Thanh to\u00e1n tr\u1ea3 tr\u01b0\u1edbc Online<\/strong><\/p>\n<ul>\n<li>B\u1eb1ng th\u1ebb ATM n\u1ed9i \u0111\u1ecba th\u00f4ng qua h\u1ec7 th\u1ed1ng Ng\u00e2n L\u01b0\u1ee3ng (Vietcombank, Techcombank, ViettinBank, Eximbank, ACB, HDBank, SacomBank, AgriBank, TienPhongBank\u2026)<\/li>\n<li>Th\u1ebb t\u00edn d\u1ee5ng v\u00e0 ghi n\u1ee3 qu\u1ed1c t\u1ebf: Visa, MasterCard<\/li>\n<\/ul>\n<p><strong>Thanh to\u00e1n Online \u0111\u01b0\u1ee3c th\u1ef1c hi\u1ec7n theo tr\u00ecnh t\u1ef1 nh\u01b0 sau<\/strong><\/p>\n<ul>\n<li>B\u01b0\u1edbc 1: Kh\u00e1ch h\u00e0ng th\u1ef1c hi\u1ec7n \u0111\u1eb7t mua h\u00e0ng<\/li>\n<li>B\u01b0\u1edbc 2: Kh\u00e1ch h\u00e0ng thanh to\u00e1n tr\u01b0\u1edbc<\/li>\n<li>B\u01b0\u1edbc 3: <strong>khomaudep.com\/likefit <\/strong>x\u00e1c nh\u1eadn \u0111\u01a1n h\u00e0ng v\u00e0 chuy\u1ec3n h\u00e0ng<\/li>\n<li>B\u01b0\u1edbc 4: Kh\u00e1ch h\u00e0ng ki\u1ec3m tra v\u00e0 nh\u1eadn h\u00e0ng.<\/li>\n<\/ul>\n","protected":false},"excerpt":{"rendered":"<p>C\u1ea3m \u01a1n qu\u00fd kh\u00e1ch \u0111\u00e3 tin t\u01b0\u1edfng v\u00e0 ch\u1ecdn website www.Likefit.vn l\u00e0 \u0111i\u1ec3m \u0111\u1ebfn mua s\u1eafm c\u00e1c s\u1ea3n ph\u1ea9m \u0111\u1ed3 t\u1eadp gym th\u1ec3 thao NGUY\u00caN T\u1eaeC C\u00e1c \u0111i\u1ec1u kho\u1ea3n m\u00e0 ch\u00fang t\u00f4i \u0111\u01b0a ra d\u01b0\u1edbi \u0111\u00e2y \u00e1p d\u1ee5ng cho c\u00e1c kh\u00e1ch h\u00e0ng \u0111\u0103ng k\u00fd l\u00e0 th\u00e0nh vi\u00ean (ng\u01b0\u1eddi mua) th\u1ef1c hi\u1ec7n giao d\u1ecbch mua h\u00e0ng [&#8230;]\n","protected":false},"author":4,"featured_media":0,"parent":0,"menu_order":7,"comment_status":"closed","ping_status":"closed","template":"","meta":{"footnotes":""},"yoast_head":"<!-- This site is optimized with the Yoast SEO plugin v21.5 - https:\/\/yoast.com\/wordpress\/plugins\/seo\/ -->\n<title>\u0110i\u1ec1u kho\u1ea3n s\u1eed d\u1ee5ng d\u1ecbch v\u1ee5 - Likefit<\/title>\n<meta name=\"description\" content=\"C\u00e1c \u0111i\u1ec1u kho\u1ea3n m\u00e0 ch\u00fang t\u00f4i \u0111\u01b0a ra d\u01b0\u1edbi \u0111\u00e2y \u00e1p d\u1ee5ng cho c\u00e1c kh\u00e1ch h\u00e0ng \u0111\u0103ng k\u00fd l\u00e0 th\u00e0nh vi\u00ean (ng\u01b0\u1eddi mua) th\u1ef1c hi\u1ec7n giao d\u1ecbch mua h\u00e0ng tr\u00ean website www.Likefit.vn l\u00e0 c\u00e1c c\u00e1 nh\u00e2n ph\u1ea3i \u0111\u0103ng k\u00fd c\u00e1c th\u00f4ng tin c\u00e1 nh\u00e2n b\u1eaft bu\u1ed9c theo y\u00eau c\u1ea7u v\u00e0 \u0111\u01b0\u1ee3c khomaudep.com\/likefit ch\u00ednh th\u1ee9c c\u00f4ng nh\u1eadn \u0111\u01b0\u1ee3c th\u1ef1c hi\u1ec7n giao d\u1ecbch.\" \/>\n<meta name=\"robots\" content=\"index, follow, max-snippet:-1, max-image-preview:large, max-video-preview:-1\" \/>\n<link rel=\"canonical\" href=\"https:\/\/pluginviet.com\/mau37\/dieu-khoan-su-dung-dich-vu\/\" \/>\n<meta property=\"og:locale\" content=\"vi_VN\" \/>\n<meta property=\"og:type\" content=\"article\" \/>\n<meta property=\"og:title\" content=\"\u0110i\u1ec1u kho\u1ea3n s\u1eed d\u1ee5ng d\u1ecbch v\u1ee5 - Likefit\" \/>\n<meta property=\"og:description\" content=\"C\u00e1c \u0111i\u1ec1u kho\u1ea3n m\u00e0 ch\u00fang t\u00f4i \u0111\u01b0a ra d\u01b0\u1edbi \u0111\u00e2y \u00e1p d\u1ee5ng cho c\u00e1c kh\u00e1ch h\u00e0ng \u0111\u0103ng k\u00fd l\u00e0 th\u00e0nh vi\u00ean (ng\u01b0\u1eddi mua) th\u1ef1c hi\u1ec7n giao d\u1ecbch mua h\u00e0ng tr\u00ean website www.Likefit.vn l\u00e0 c\u00e1c c\u00e1 nh\u00e2n ph\u1ea3i \u0111\u0103ng k\u00fd c\u00e1c th\u00f4ng tin c\u00e1 nh\u00e2n b\u1eaft bu\u1ed9c theo y\u00eau c\u1ea7u v\u00e0 \u0111\u01b0\u1ee3c khomaudep.com\/likefit ch\u00ednh th\u1ee9c c\u00f4ng nh\u1eadn \u0111\u01b0\u1ee3c th\u1ef1c hi\u1ec7n giao d\u1ecbch.\" \/>\n<meta property=\"og:url\" content=\"https:\/\/pluginviet.com\/mau37\/dieu-khoan-su-dung-dich-vu\/\" \/>\n<meta property=\"og:site_name\" content=\"Likefit\" \/>\n<meta name=\"twitter:card\" content=\"summary_large_image\" \/>\n<meta name=\"twitter:label1\" content=\"\u01af\u1edbc t\u00ednh th\u1eddi gian \u0111\u1ecdc\" \/>\n\t<meta name=\"twitter:data1\" content=\"3 ph\u00fat\" \/>\n<script type=\"application\/ld+json\" class=\"yoast-schema-graph\">{\"@context\":\"https:\/\/schema.org\",\"@graph\":[{\"@type\":\"WebPage\",\"@id\":\"https:\/\/pluginviet.com\/mau37\/dieu-khoan-su-dung-dich-vu\/\",\"url\":\"https:\/\/pluginviet.com\/mau37\/dieu-khoan-su-dung-dich-vu\/\",\"name\":\"\u0110i\u1ec1u kho\u1ea3n s\u1eed d\u1ee5ng d\u1ecbch v\u1ee5 - Likefit\",\"isPartOf\":{\"@id\":\"https:\/\/pluginviet.com\/mau37\/#website\"},\"datePublished\":\"2020-08-05T08:19:01+00:00\",\"dateModified\":\"2020-08-05T08:19:01+00:00\",\"description\":\"C\u00e1c \u0111i\u1ec1u kho\u1ea3n m\u00e0 ch\u00fang t\u00f4i \u0111\u01b0a ra d\u01b0\u1edbi \u0111\u00e2y \u00e1p d\u1ee5ng cho c\u00e1c kh\u00e1ch h\u00e0ng \u0111\u0103ng k\u00fd l\u00e0 th\u00e0nh vi\u00ean (ng\u01b0\u1eddi mua) th\u1ef1c hi\u1ec7n giao d\u1ecbch mua h\u00e0ng tr\u00ean website www.Likefit.vn l\u00e0 c\u00e1c c\u00e1 nh\u00e2n ph\u1ea3i \u0111\u0103ng k\u00fd c\u00e1c th\u00f4ng tin c\u00e1 nh\u00e2n b\u1eaft bu\u1ed9c theo y\u00eau c\u1ea7u v\u00e0 \u0111\u01b0\u1ee3c khomaudep.com\/likefit ch\u00ednh th\u1ee9c c\u00f4ng nh\u1eadn \u0111\u01b0\u1ee3c th\u1ef1c hi\u1ec7n giao d\u1ecbch.\",\"breadcrumb\":{\"@id\":\"https:\/\/pluginviet.com\/mau37\/dieu-khoan-su-dung-dich-vu\/#breadcrumb\"},\"inLanguage\":\"vi\",\"potentialAction\":[{\"@type\":\"ReadAction\",\"target\":[\"https:\/\/pluginviet.com\/mau37\/dieu-khoan-su-dung-dich-vu\/\"]}]},{\"@type\":\"BreadcrumbList\",\"@id\":\"https:\/\/pluginviet.com\/mau37\/dieu-khoan-su-dung-dich-vu\/#breadcrumb\",\"itemListElement\":[{\"@type\":\"ListItem\",\"position\":1,\"name\":\"Trang ch\u1ee7\",\"item\":\"https:\/\/pluginviet.com\/mau37\/\"},{\"@type\":\"ListItem\",\"position\":2,\"name\":\"\u0110i\u1ec1u kho\u1ea3n s\u1eed d\u1ee5ng d\u1ecbch v\u1ee5\"}]},{\"@type\":\"WebSite\",\"@id\":\"https:\/\/pluginviet.com\/mau37\/#website\",\"url\":\"https:\/\/pluginviet.com\/mau37\/\",\"name\":\"Likefit\",\"description\":\"\",\"potentialAction\":[{\"@type\":\"SearchAction\",\"target\":{\"@type\":\"EntryPoint\",\"urlTemplate\":\"https:\/\/pluginviet.com\/mau37\/?s={search_term_string}\"},\"query-input\":\"required name=search_term_string\"}],\"inLanguage\":\"vi\"}]}<\/script>\n<!-- \/ Yoast SEO plugin. -->","yoast_head_json":{"title":"\u0110i\u1ec1u kho\u1ea3n s\u1eed d\u1ee5ng d\u1ecbch v\u1ee5 - Likefit","description":"C\u00e1c \u0111i\u1ec1u kho\u1ea3n m\u00e0 ch\u00fang t\u00f4i \u0111\u01b0a ra d\u01b0\u1edbi \u0111\u00e2y \u00e1p d\u1ee5ng cho c\u00e1c kh\u00e1ch h\u00e0ng \u0111\u0103ng k\u00fd l\u00e0 th\u00e0nh vi\u00ean (ng\u01b0\u1eddi mua) th\u1ef1c hi\u1ec7n giao d\u1ecbch mua h\u00e0ng tr\u00ean website www.Likefit.vn l\u00e0 c\u00e1c c\u00e1 nh\u00e2n ph\u1ea3i \u0111\u0103ng k\u00fd c\u00e1c th\u00f4ng tin c\u00e1 nh\u00e2n b\u1eaft bu\u1ed9c theo y\u00eau c\u1ea7u v\u00e0 \u0111\u01b0\u1ee3c khomaudep.com\/likefit ch\u00ednh th\u1ee9c c\u00f4ng nh\u1eadn \u0111\u01b0\u1ee3c th\u1ef1c hi\u1ec7n giao d\u1ecbch.","robots":{"index":"index","follow":"follow","max-snippet":"max-snippet:-1","max-image-preview":"max-image-preview:large","max-video-preview":"max-video-preview:-1"},"canonical":"https:\/\/pluginviet.com\/mau37\/dieu-khoan-su-dung-dich-vu\/","og_locale":"vi_VN","og_type":"article","og_title":"\u0110i\u1ec1u kho\u1ea3n s\u1eed d\u1ee5ng d\u1ecbch v\u1ee5 - Likefit","og_description":"C\u00e1c \u0111i\u1ec1u kho\u1ea3n m\u00e0 ch\u00fang t\u00f4i \u0111\u01b0a ra d\u01b0\u1edbi \u0111\u00e2y \u00e1p d\u1ee5ng cho c\u00e1c kh\u00e1ch h\u00e0ng \u0111\u0103ng k\u00fd l\u00e0 th\u00e0nh vi\u00ean (ng\u01b0\u1eddi mua) th\u1ef1c hi\u1ec7n giao d\u1ecbch mua h\u00e0ng tr\u00ean website www.Likefit.vn l\u00e0 c\u00e1c c\u00e1 nh\u00e2n ph\u1ea3i \u0111\u0103ng k\u00fd c\u00e1c th\u00f4ng tin c\u00e1 nh\u00e2n b\u1eaft bu\u1ed9c theo y\u00eau c\u1ea7u v\u00e0 \u0111\u01b0\u1ee3c khomaudep.com\/likefit ch\u00ednh th\u1ee9c c\u00f4ng nh\u1eadn \u0111\u01b0\u1ee3c th\u1ef1c hi\u1ec7n giao d\u1ecbch.","og_url":"https:\/\/pluginviet.com\/mau37\/dieu-khoan-su-dung-dich-vu\/","og_site_name":"Likefit","twitter_card":"summary_large_image","twitter_misc":{"\u01af\u1edbc t\u00ednh th\u1eddi gian \u0111\u1ecdc":"3 ph\u00fat"},"schema":{"@context":"https:\/\/schema.org","@graph":[{"@type":"WebPage","@id":"https:\/\/pluginviet.com\/mau37\/dieu-khoan-su-dung-dich-vu\/","url":"https:\/\/pluginviet.com\/mau37\/dieu-khoan-su-dung-dich-vu\/","name":"\u0110i\u1ec1u kho\u1ea3n s\u1eed d\u1ee5ng d\u1ecbch v\u1ee5 - Likefit","isPartOf":{"@id":"https:\/\/pluginviet.com\/mau37\/#website"},"datePublished":"2020-08-05T08:19:01+00:00","dateModified":"2020-08-05T08:19:01+00:00","description":"C\u00e1c \u0111i\u1ec1u kho\u1ea3n m\u00e0 ch\u00fang t\u00f4i \u0111\u01b0a ra d\u01b0\u1edbi \u0111\u00e2y \u00e1p d\u1ee5ng cho c\u00e1c kh\u00e1ch h\u00e0ng \u0111\u0103ng k\u00fd l\u00e0 th\u00e0nh vi\u00ean (ng\u01b0\u1eddi mua) th\u1ef1c hi\u1ec7n giao d\u1ecbch mua h\u00e0ng tr\u00ean website www.Likefit.vn l\u00e0 c\u00e1c c\u00e1 nh\u00e2n ph\u1ea3i \u0111\u0103ng k\u00fd c\u00e1c th\u00f4ng tin c\u00e1 nh\u00e2n b\u1eaft bu\u1ed9c theo y\u00eau c\u1ea7u v\u00e0 \u0111\u01b0\u1ee3c khomaudep.com\/likefit ch\u00ednh th\u1ee9c c\u00f4ng nh\u1eadn \u0111\u01b0\u1ee3c th\u1ef1c hi\u1ec7n giao d\u1ecbch.","breadcrumb":{"@id":"https:\/\/pluginviet.com\/mau37\/dieu-khoan-su-dung-dich-vu\/#breadcrumb"},"inLanguage":"vi","potentialAction":[{"@type":"ReadAction","target":["https:\/\/pluginviet.com\/mau37\/dieu-khoan-su-dung-dich-vu\/"]}]},{"@type":"BreadcrumbList","@id":"https:\/\/pluginviet.com\/mau37\/dieu-khoan-su-dung-dich-vu\/#breadcrumb","itemListElement":[{"@type":"ListItem","position":1,"name":"Trang ch\u1ee7","item":"https:\/\/pluginviet.com\/mau37\/"},{"@type":"ListItem","position":2,"name":"\u0110i\u1ec1u kho\u1ea3n s\u1eed d\u1ee5ng d\u1ecbch v\u1ee5"}]},{"@type":"WebSite","@id":"https:\/\/pluginviet.com\/mau37\/#website","url":"https:\/\/pluginviet.com\/mau37\/","name":"Likefit","description":"","potentialAction":[{"@type":"SearchAction","target":{"@type":"EntryPoint","urlTemplate":"https:\/\/pluginviet.com\/mau37\/?s={search_term_string}"},"query-input":"required name=search_term_string"}],"inLanguage":"vi"}]}},"_links":{"self":[{"href":"https:\/\/pluginviet.com\/mau37\/wp-json\/wp\/v2\/pages\/3232"}],"collection":[{"href":"https:\/\/pluginviet.com\/mau37\/wp-json\/wp\/v2\/pages"}],"about":[{"href":"https:\/\/pluginviet.com\/mau37\/wp-json\/wp\/v2\/types\/page"}],"author":[{"embeddable":true,"href":"https:\/\/pluginviet.com\/mau37\/wp-json\/wp\/v2\/users\/4"}],"replies":[{"embeddable":true,"href":"https:\/\/pluginviet.com\/mau37\/wp-json\/wp\/v2\/comments?post=3232"}],"version-history":[{"count":1,"href":"https:\/\/pluginviet.com\/mau37\/wp-json\/wp\/v2\/pages\/3232\/revisions"}],"predecessor-version":[{"id":3233,"href":"https:\/\/pluginviet.com\/mau37\/wp-json\/wp\/v2\/pages\/3232\/revisions\/3233"}],"wp:attachment":[{"href":"https:\/\/pluginviet.com\/mau37\/wp-json\/wp\/v2\/media?parent=3232"}],"curies":[{"name":"wp","href":"https:\/\/api.w.org\/{rel}","templated":true}]}}