{"id":1359,"date":"2022-06-19T08:38:02","date_gmt":"2022-06-19T08:38:02","guid":{"rendered":"https:\/\/khomaudep.com\/kimnature\/?post_type=product&#038;p=1359"},"modified":"2022-06-19T08:38:30","modified_gmt":"2022-06-19T08:38:30","slug":"angela-gold-60v-11","status":"publish","type":"product","link":"https:\/\/pluginviet.com\/mau36\/san-pham\/angela-gold-60v-11\/","title":{"rendered":"Angela Gold 60V"},"content":{"rendered":"<p>C\u00e1c nghi\u00ean c\u1ee9u n\u0103m 2008 c\u1ee7a \u0110H bang Victoria, \u00dac \u0111\u00e3 ch\u1ee9ng minh tinh ch\u1ea5t Lepidium Meyenii gi\u00fap: &#8211; C\u1ea3i thi\u1ec7n t\u1ed1t c\u00e1c tri\u1ec7u ch\u1ee9ng v\u1ec1 t\u00e2m l\u00fd, t\u00ecnh d\u1ee5c c\u1ee7a ph\u1ee5 n\u1eef m\u00e3n kinh &#8211; Duy tr\u00ec s\u1ee9c kh\u1ecfe t\u1ed1t v\u00e0 \u1ed5n \u0111\u1ecbnh theo th\u1eddi gian Ngo\u00e0i ra, tinh ch\u1ea5t P. Leucotomos \u0111\u00e3 \u0111\u01b0\u1ee3c ch\u1ee9ng minh gi\u00fap: &#8211; Gi\u00fap da c\u0103ng m\u1ecbn, l\u00e0m ch\u1eadm v\u00e0 c\u1ea3i thi\u1ec7n qu\u00e1 tr\u00ecnh l\u00e3o ho\u00e1 da.<\/p>\n<p>Nghi\u00ean c\u1ee9u c\u1ee7a \u0110H Fairleigh Dickinson, New Jersey, M\u1ef9 ch\u1ee9ng minh tinh ch\u1ea5t P. Leucotomos gi\u00fap b\u1ea3o v\u1ec7 c\u1ea5u tr\u00fac n\u1ec1n c\u1ee7a da b\u1eb1ng c\u00e1ch gi\u1ea3m t\u00e1c \u0111\u1ed9ng c\u1ee7a men ti\u00eau h\u1ee7y c\u1ea5u tr\u00fac n\u1ec1n l\u00e0 MMPs (Matrix Metalloproteinases), \u0111\u1ed3ng th\u1eddi k\u00edch th\u00edch s\u1ef1 ph\u00e1t tri\u1ec3n c\u1ee7a c\u00e1c protein d\u1ea1ng s\u1ee3i (bao g\u1ed3m: collagen, elastin, laminin, fibronectin) v\u00e0 t\u0103ng c\u01b0\u1eddng s\u1ea3n xu\u1ea5t proteoglycan l\u00e0 nh\u1eefng ph\u00e2n t\u1eed gi\u1eef n\u01b0\u1edbc quan tr\u1ecdng t\u1ea1o n\u00ean s\u1ef1 s\u0103n ch\u1eafc, t\u00ednh \u0111\u00e0n h\u1ed3i v\u00e0 \u0111\u1ed9 \u1ea9m c\u1ee7a da. &#8211; Gi\u1ea3m s\u1ea1m, l\u00e0m s\u00e1ng da.<\/p>\n<p>Theo nghi\u00ean c\u1ee9u c\u1ee7a \u0110H Harvard (M\u1ef9), P. Leucotomos \u1ee9c ch\u1ebf ho\u1ea1t \u0111\u1ed9ng c\u1ee7a t\u1ebf b\u00e0o s\u1eafc t\u1ed1 da nh\u1edd trung h\u00f2a c\u00e1c ch\u1ea5t c\u00f3 h\u1ea1i nh\u01b0 superoxide anion, hydroxyl radicals, singlet oxygen, 8-oxd-Guanosine&#8230; C\u00e1c nh\u00e0 khoa h\u1ecdc th\u1eadm ch\u00ed c\u00f2n g\u1ecdi P. Leucotomos l\u00e0 \u201ckem ch\u1ed1ng n\u1eafng t\u1eeb b\u00ean trong b\u1eb1ng \u0111\u01b0\u1eddng u\u1ed1ng.<\/p>\n<p>&nbsp;<\/p>\n<p>&nbsp;<\/p>\n","protected":false},"excerpt":{"rendered":"<p>Sau tu\u1ed5i 35, s\u1ee9c kh\u1ecfe, s\u1eafc \u0111\u1eb9p v\u00e0 sinh l\u00fd n\u1eef ng\u00e0y c\u00e0ng gi\u1ea3m s\u00fat l\u00e0 do h\u1ec7 tr\u1ee5c N\u00e3o b\u1ed9 &#8211; Tuy\u1ebfn y\u00ean &#8211; Bu\u1ed3ng tr\u1ee9ng suy y\u1ebfu ho\u1ea1t \u0111\u1ed9ng khi\u1ebfn b\u1ed9 3 n\u1ed9i ti\u1ebft t\u1ed1 b\u1ecb r\u1ed1i lo\u1ea1n, \u0111\u1ed3ng th\u1eddi c\u1ea5u tr\u00fac n\u1ec1n c\u1ee7a da d\u1ea7n h\u01b0 t\u1ed5n b\u1edfi tia UV li\u00ean t\u1ee5c t\u1ea5n c\u00f4ng.<\/p>\n<p>Angela Gold \u0111\u01b0\u1ee3c tinh chi\u1ebft t\u1eeb nhi\u1ec1u th\u1ea3o d\u01b0\u1ee3c thi\u00ean nhi\u00ean b\u1eb1ng c\u00f4ng ngh\u1ec7 hi\u1ec7n \u0111\u1ea1i t\u1ea1i M\u1ef9, n\u1ed5i b\u1eadt l\u00e0 tinh ch\u1ea5t Lepidium Meyenii t\u0103ng c\u01b0\u1eddng ho\u1ea1t \u0111\u1ed9ng h\u1ec7 tr\u1ee5c N\u00e3o b\u1ed9 &#8211; Tuy\u1ebfn y\u00ean &#8211; Bu\u1ed3ng tr\u1ee9ng, duy tr\u00ec t\u1ed1t s\u1ee9c kh\u1ecfe, sinh l\u00fd n\u1eef.<\/p>\n<p>\u0110\u1ed3ng th\u1eddi, Angela Gold b\u1ed5 sung th\u00eam tinh ch\u1ea5t P. Leucotomos thi\u00ean nhi\u00ean b\u1ea3o v\u1ec7, t\u00e1i t\u1ea1o c\u1ea5u tr\u00fac n\u1ec1n c\u1ee7a da, \u0111em \u0111\u1ebfn l\u00e0n da m\u1ec1m m\u1ecbn, c\u0103ng s\u00e1ng t\u1eeb b\u00ean trong.<\/p>\n","protected":false},"featured_media":1181,"comment_status":"open","ping_status":"closed","template":"","meta":[],"product_cat":[15],"product_tag":[],"yoast_head":"<!-- This site is optimized with the Yoast SEO plugin v21.9 - https:\/\/yoast.com\/wordpress\/plugins\/seo\/ -->\n<title>Angela Gold 60V - kimnature<\/title>\n<meta name=\"robots\" content=\"index, follow, max-snippet:-1, max-image-preview:large, max-video-preview:-1\" \/>\n<link rel=\"canonical\" href=\"https:\/\/pluginviet.com\/mau36\/san-pham\/angela-gold-60v-11\/\" \/>\n<meta property=\"og:locale\" content=\"vi_VN\" \/>\n<meta property=\"og:type\" content=\"article\" \/>\n<meta property=\"og:title\" content=\"Angela Gold 60V - kimnature\" \/>\n<meta property=\"og:description\" content=\"Sau tu\u1ed5i 35, s\u1ee9c kh\u1ecfe, s\u1eafc \u0111\u1eb9p v\u00e0 sinh l\u00fd n\u1eef ng\u00e0y c\u00e0ng gi\u1ea3m s\u00fat l\u00e0 do h\u1ec7 tr\u1ee5c N\u00e3o b\u1ed9 - Tuy\u1ebfn y\u00ean - Bu\u1ed3ng tr\u1ee9ng suy y\u1ebfu ho\u1ea1t \u0111\u1ed9ng khi\u1ebfn b\u1ed9 3 n\u1ed9i ti\u1ebft t\u1ed1 b\u1ecb r\u1ed1i lo\u1ea1n, \u0111\u1ed3ng th\u1eddi c\u1ea5u tr\u00fac n\u1ec1n c\u1ee7a da d\u1ea7n h\u01b0 t\u1ed5n b\u1edfi tia UV li\u00ean t\u1ee5c t\u1ea5n c\u00f4ng.  Angela Gold \u0111\u01b0\u1ee3c tinh chi\u1ebft t\u1eeb nhi\u1ec1u th\u1ea3o d\u01b0\u1ee3c thi\u00ean nhi\u00ean b\u1eb1ng c\u00f4ng ngh\u1ec7 hi\u1ec7n \u0111\u1ea1i t\u1ea1i M\u1ef9, n\u1ed5i b\u1eadt l\u00e0 tinh ch\u1ea5t Lepidium Meyenii t\u0103ng c\u01b0\u1eddng ho\u1ea1t \u0111\u1ed9ng h\u1ec7 tr\u1ee5c N\u00e3o b\u1ed9 - Tuy\u1ebfn y\u00ean - Bu\u1ed3ng tr\u1ee9ng, duy tr\u00ec t\u1ed1t s\u1ee9c kh\u1ecfe, sinh l\u00fd n\u1eef.  \u0110\u1ed3ng th\u1eddi, Angela Gold b\u1ed5 sung th\u00eam tinh ch\u1ea5t P. Leucotomos thi\u00ean nhi\u00ean b\u1ea3o v\u1ec7, t\u00e1i t\u1ea1o c\u1ea5u tr\u00fac n\u1ec1n c\u1ee7a da, \u0111em \u0111\u1ebfn l\u00e0n da m\u1ec1m m\u1ecbn, c\u0103ng s\u00e1ng t\u1eeb b\u00ean trong.\" \/>\n<meta property=\"og:url\" content=\"https:\/\/pluginviet.com\/mau36\/san-pham\/angela-gold-60v-11\/\" \/>\n<meta property=\"og:site_name\" content=\"kimnature\" \/>\n<meta property=\"article:modified_time\" content=\"2022-06-19T08:38:30+00:00\" \/>\n<meta property=\"og:image\" content=\"https:\/\/pluginviet.com\/mau36\/wp-content\/uploads\/2022\/06\/52fb595a2b1851745324712f7b65ce36.png\" \/>\n\t<meta property=\"og:image:width\" content=\"528\" \/>\n\t<meta property=\"og:image:height\" content=\"380\" \/>\n\t<meta property=\"og:image:type\" content=\"image\/png\" \/>\n<meta name=\"twitter:card\" content=\"summary_large_image\" \/>\n<meta name=\"twitter:label1\" content=\"\u01af\u1edbc t\u00ednh th\u1eddi gian \u0111\u1ecdc\" \/>\n\t<meta name=\"twitter:data1\" content=\"2 ph\u00fat\" \/>\n<script type=\"application\/ld+json\" class=\"yoast-schema-graph\">{\"@context\":\"https:\/\/schema.org\",\"@graph\":[{\"@type\":\"WebPage\",\"@id\":\"https:\/\/pluginviet.com\/mau36\/san-pham\/angela-gold-60v-11\/\",\"url\":\"https:\/\/pluginviet.com\/mau36\/san-pham\/angela-gold-60v-11\/\",\"name\":\"Angela Gold 60V - kimnature\",\"isPartOf\":{\"@id\":\"https:\/\/pluginviet.com\/mau36\/#website\"},\"datePublished\":\"2022-06-19T08:38:02+00:00\",\"dateModified\":\"2022-06-19T08:38:30+00:00\",\"breadcrumb\":{\"@id\":\"https:\/\/pluginviet.com\/mau36\/san-pham\/angela-gold-60v-11\/#breadcrumb\"},\"inLanguage\":\"vi\",\"potentialAction\":[{\"@type\":\"ReadAction\",\"target\":[\"https:\/\/pluginviet.com\/mau36\/san-pham\/angela-gold-60v-11\/\"]}]},{\"@type\":\"BreadcrumbList\",\"@id\":\"https:\/\/pluginviet.com\/mau36\/san-pham\/angela-gold-60v-11\/#breadcrumb\",\"itemListElement\":[{\"@type\":\"ListItem\",\"position\":1,\"name\":\"Trang ch\u1ee7\",\"item\":\"https:\/\/pluginviet.com\/mau36\/\"},{\"@type\":\"ListItem\",\"position\":2,\"name\":\"Shop\",\"item\":\"https:\/\/pluginviet.com\/mau36\/shop\/\"},{\"@type\":\"ListItem\",\"position\":3,\"name\":\"Angela Gold 60V\"}]},{\"@type\":\"WebSite\",\"@id\":\"https:\/\/pluginviet.com\/mau36\/#website\",\"url\":\"https:\/\/pluginviet.com\/mau36\/\",\"name\":\"kimnature\",\"description\":\"\",\"potentialAction\":[{\"@type\":\"SearchAction\",\"target\":{\"@type\":\"EntryPoint\",\"urlTemplate\":\"https:\/\/pluginviet.com\/mau36\/?s={search_term_string}\"},\"query-input\":\"required name=search_term_string\"}],\"inLanguage\":\"vi\"}]}<\/script>\n<!-- \/ Yoast SEO plugin. -->","yoast_head_json":{"title":"Angela Gold 60V - kimnature","robots":{"index":"index","follow":"follow","max-snippet":"max-snippet:-1","max-image-preview":"max-image-preview:large","max-video-preview":"max-video-preview:-1"},"canonical":"https:\/\/pluginviet.com\/mau36\/san-pham\/angela-gold-60v-11\/","og_locale":"vi_VN","og_type":"article","og_title":"Angela Gold 60V - kimnature","og_description":"Sau tu\u1ed5i 35, s\u1ee9c kh\u1ecfe, s\u1eafc \u0111\u1eb9p v\u00e0 sinh l\u00fd n\u1eef ng\u00e0y c\u00e0ng gi\u1ea3m s\u00fat l\u00e0 do h\u1ec7 tr\u1ee5c N\u00e3o b\u1ed9 - Tuy\u1ebfn y\u00ean - Bu\u1ed3ng tr\u1ee9ng suy y\u1ebfu ho\u1ea1t \u0111\u1ed9ng khi\u1ebfn b\u1ed9 3 n\u1ed9i ti\u1ebft t\u1ed1 b\u1ecb r\u1ed1i lo\u1ea1n, \u0111\u1ed3ng th\u1eddi c\u1ea5u tr\u00fac n\u1ec1n c\u1ee7a da d\u1ea7n h\u01b0 t\u1ed5n b\u1edfi tia UV li\u00ean t\u1ee5c t\u1ea5n c\u00f4ng.  Angela Gold \u0111\u01b0\u1ee3c tinh chi\u1ebft t\u1eeb nhi\u1ec1u th\u1ea3o d\u01b0\u1ee3c thi\u00ean nhi\u00ean b\u1eb1ng c\u00f4ng ngh\u1ec7 hi\u1ec7n \u0111\u1ea1i t\u1ea1i M\u1ef9, n\u1ed5i b\u1eadt l\u00e0 tinh ch\u1ea5t Lepidium Meyenii t\u0103ng c\u01b0\u1eddng ho\u1ea1t \u0111\u1ed9ng h\u1ec7 tr\u1ee5c N\u00e3o b\u1ed9 - Tuy\u1ebfn y\u00ean - Bu\u1ed3ng tr\u1ee9ng, duy tr\u00ec t\u1ed1t s\u1ee9c kh\u1ecfe, sinh l\u00fd n\u1eef.  \u0110\u1ed3ng th\u1eddi, Angela Gold b\u1ed5 sung th\u00eam tinh ch\u1ea5t P. Leucotomos thi\u00ean nhi\u00ean b\u1ea3o v\u1ec7, t\u00e1i t\u1ea1o c\u1ea5u tr\u00fac n\u1ec1n c\u1ee7a da, \u0111em \u0111\u1ebfn l\u00e0n da m\u1ec1m m\u1ecbn, c\u0103ng s\u00e1ng t\u1eeb b\u00ean trong.","og_url":"https:\/\/pluginviet.com\/mau36\/san-pham\/angela-gold-60v-11\/","og_site_name":"kimnature","article_modified_time":"2022-06-19T08:38:30+00:00","og_image":[{"width":528,"height":380,"url":"https:\/\/pluginviet.com\/mau36\/wp-content\/uploads\/2022\/06\/52fb595a2b1851745324712f7b65ce36.png","type":"image\/png"}],"twitter_card":"summary_large_image","twitter_misc":{"\u01af\u1edbc t\u00ednh th\u1eddi gian \u0111\u1ecdc":"2 ph\u00fat"},"schema":{"@context":"https:\/\/schema.org","@graph":[{"@type":"WebPage","@id":"https:\/\/pluginviet.com\/mau36\/san-pham\/angela-gold-60v-11\/","url":"https:\/\/pluginviet.com\/mau36\/san-pham\/angela-gold-60v-11\/","name":"Angela Gold 60V - kimnature","isPartOf":{"@id":"https:\/\/pluginviet.com\/mau36\/#website"},"datePublished":"2022-06-19T08:38:02+00:00","dateModified":"2022-06-19T08:38:30+00:00","breadcrumb":{"@id":"https:\/\/pluginviet.com\/mau36\/san-pham\/angela-gold-60v-11\/#breadcrumb"},"inLanguage":"vi","potentialAction":[{"@type":"ReadAction","target":["https:\/\/pluginviet.com\/mau36\/san-pham\/angela-gold-60v-11\/"]}]},{"@type":"BreadcrumbList","@id":"https:\/\/pluginviet.com\/mau36\/san-pham\/angela-gold-60v-11\/#breadcrumb","itemListElement":[{"@type":"ListItem","position":1,"name":"Trang ch\u1ee7","item":"https:\/\/pluginviet.com\/mau36\/"},{"@type":"ListItem","position":2,"name":"Shop","item":"https:\/\/pluginviet.com\/mau36\/shop\/"},{"@type":"ListItem","position":3,"name":"Angela Gold 60V"}]},{"@type":"WebSite","@id":"https:\/\/pluginviet.com\/mau36\/#website","url":"https:\/\/pluginviet.com\/mau36\/","name":"kimnature","description":"","potentialAction":[{"@type":"SearchAction","target":{"@type":"EntryPoint","urlTemplate":"https:\/\/pluginviet.com\/mau36\/?s={search_term_string}"},"query-input":"required name=search_term_string"}],"inLanguage":"vi"}]}},"_links":{"self":[{"href":"https:\/\/pluginviet.com\/mau36\/wp-json\/wp\/v2\/product\/1359"}],"collection":[{"href":"https:\/\/pluginviet.com\/mau36\/wp-json\/wp\/v2\/product"}],"about":[{"href":"https:\/\/pluginviet.com\/mau36\/wp-json\/wp\/v2\/types\/product"}],"replies":[{"embeddable":true,"href":"https:\/\/pluginviet.com\/mau36\/wp-json\/wp\/v2\/comments?post=1359"}],"wp:featuredmedia":[{"embeddable":true,"href":"https:\/\/pluginviet.com\/mau36\/wp-json\/wp\/v2\/media\/1181"}],"wp:attachment":[{"href":"https:\/\/pluginviet.com\/mau36\/wp-json\/wp\/v2\/media?parent=1359"}],"wp:term":[{"taxonomy":"product_cat","embeddable":true,"href":"https:\/\/pluginviet.com\/mau36\/wp-json\/wp\/v2\/product_cat?post=1359"},{"taxonomy":"product_tag","embeddable":true,"href":"https:\/\/pluginviet.com\/mau36\/wp-json\/wp\/v2\/product_tag?post=1359"}],"curies":[{"name":"wp","href":"https:\/\/api.w.org\/{rel}","templated":true}]}}