{"id":510,"date":"2019-03-06T08:02:47","date_gmt":"2019-03-06T08:02:47","guid":{"rendered":"http:\/\/khomaudep.com\/giadung\/?page_id=510"},"modified":"2022-06-19T10:13:04","modified_gmt":"2022-06-19T10:13:04","slug":"lien-he","status":"publish","type":"page","link":"https:\/\/pluginviet.com\/mau36\/lien-he\/","title":{"rendered":"Li\u00ean h\u1ec7"},"content":{"rendered":"<div class=\"row\"  id=\"row-1679956818\">\n\n\t<div id=\"col-663012823\" class=\"col medium-6 small-12 large-6\"  >\n\t\t\t\t<div class=\"col-inner\"  >\n\t\t\t\n\t\t\t\n<h2>Li\u00ean h\u1ec7 v\u1edbi ch\u00fang t\u00f4i<\/h2>\n<p>\u0110\u1ec3 kh\u00f4ng ng\u1eebng n\u00e2ng cao ch\u1ea5t l\u01b0\u1ee3ng d\u1ecbch v\u1ee5 v\u00e0 \u0111\u00e1p \u1ee9ng t\u1ed1t h\u01a1n n\u1eefa c\u00e1c y\u00eau c\u1ea7u c\u1ee7a Qu\u00fd kh\u00e1ch, ch\u00fang t\u00f4i mong mu\u1ed1n nh\u1eadn \u0111\u01b0\u1ee3c c\u00e1c th\u00f4ng tin ph\u1ea3n h\u1ed3i. N\u1ebfu Qu\u00fd kh\u00e1ch c\u00f3 b\u1ea5t k\u1ef3 th\u1eafc m\u1eafc ho\u1eb7c \u0111\u00f3ng g\u00f3p n\u00e0o, xin vui l\u00f2ng li\u00ean h\u1ec7 v\u1edbi ch\u00fang t\u00f4i theo th\u00f4ng tin d\u01b0\u1edbi \u0111\u00e2y. Ch\u00fang t\u00f4i s\u1ebd ph\u1ea3n h\u1ed3i l\u1ea1i Qu\u00fd kh\u00e1ch trong th\u1eddi gian s\u1edbm nh\u1ea5t.<\/p>\n<p>\u2013 \u0110\u1ecba ch\u1ec9: Ho\u00e0i \u0110\u1ee9c, H\u00e0 N\u1ed9i<\/p>\n<p>\u2013 Hotline: 034 985 7955 (Mrs Th\u1ea3o)<\/p>\n<p>\u2013 Website: kimnature.vn.<\/p>\n\t\t<\/div>\n\t\t\t\t\t<\/div>\n\n\t\n\n\t<div id=\"col-1553123712\" class=\"col medium-6 small-12 large-6\"  >\n\t\t\t\t<div class=\"col-inner\"  >\n\t\t\t\n\t\t\t\n<h2>\u0110\u0103ng k\u00fd nh\u1eadn t\u01b0 v\u1ea5n mi\u1ec5n ph\u00ed<\/h2>\n\n<div class=\"wpcf7 no-js\" id=\"wpcf7-f999-o1\" lang=\"vi\" dir=\"ltr\">\n<div class=\"screen-reader-response\"><p role=\"status\" aria-live=\"polite\" aria-atomic=\"true\"><\/p> <ul><\/ul><\/div>\n<form action=\"\/mau36\/wp-json\/wp\/v2\/pages\/510#wpcf7-f999-o1\" method=\"post\" class=\"wpcf7-form init\" aria-label=\"Form li\u00ean h\u1ec7\" novalidate=\"novalidate\" data-status=\"init\">\n<div style=\"display: none;\">\n<input type=\"hidden\" name=\"_wpcf7\" value=\"999\" \/>\n<input type=\"hidden\" name=\"_wpcf7_version\" value=\"5.8.6\" \/>\n<input type=\"hidden\" name=\"_wpcf7_locale\" value=\"vi\" \/>\n<input type=\"hidden\" name=\"_wpcf7_unit_tag\" value=\"wpcf7-f999-o1\" \/>\n<input type=\"hidden\" name=\"_wpcf7_container_post\" value=\"0\" \/>\n<input type=\"hidden\" name=\"_wpcf7_posted_data_hash\" value=\"\" \/>\n<\/div>\n<p><span class=\"wpcf7-form-control-wrap\" data-name=\"text-58\"><input size=\"40\" class=\"wpcf7-form-control wpcf7-text wpcf7-validates-as-required\" aria-required=\"true\" aria-invalid=\"false\" placeholder=\"H\u1ecd t\u00ean\" value=\"\" type=\"text\" name=\"text-58\" \/><\/span><span class=\"wpcf7-form-control-wrap\" data-name=\"email-222\"><input size=\"40\" class=\"wpcf7-form-control wpcf7-email wpcf7-validates-as-required wpcf7-text wpcf7-validates-as-email\" aria-required=\"true\" aria-invalid=\"false\" placeholder=\"Email\" value=\"\" type=\"email\" name=\"email-222\" \/><\/span><span class=\"wpcf7-form-control-wrap\" data-name=\"tel-168\"><input size=\"40\" class=\"wpcf7-form-control wpcf7-tel wpcf7-validates-as-required wpcf7-text wpcf7-validates-as-tel\" aria-required=\"true\" aria-invalid=\"false\" placeholder=\"\u0110i\u1ec7n tho\u1ea1i\" value=\"\" type=\"tel\" name=\"tel-168\" \/><\/span><span class=\"wpcf7-form-control-wrap\" data-name=\"textarea-534\"><textarea cols=\"40\" rows=\"10\" class=\"wpcf7-form-control wpcf7-textarea\" aria-invalid=\"false\" placeholder=\"N\u1ed9i dung\" name=\"textarea-534\"><\/textarea><\/span><input class=\"wpcf7-form-control wpcf7-submit has-spinner\" type=\"submit\" value=\"G\u1eedi \u0111i\" \/>\n<\/p><div class=\"wpcf7-response-output\" aria-hidden=\"true\"><\/div>\n<\/form>\n<\/div>\n\n\t\t<\/div>\n\t\t\t\t\t<\/div>\n\n\t\n<\/div>\n","protected":false},"excerpt":{"rendered":"","protected":false},"author":2,"featured_media":0,"parent":0,"menu_order":0,"comment_status":"closed","ping_status":"closed","template":"","meta":{"footnotes":""},"yoast_head":"<!-- This site is optimized with the Yoast SEO plugin v21.9 - https:\/\/yoast.com\/wordpress\/plugins\/seo\/ -->\n<title>kimnature<\/title>\n<meta name=\"robots\" content=\"index, follow, max-snippet:-1, max-image-preview:large, max-video-preview:-1\" \/>\n<link rel=\"canonical\" href=\"https:\/\/pluginviet.com\/mau36\/lien-he\/\" \/>\n<meta property=\"og:locale\" content=\"vi_VN\" \/>\n<meta property=\"og:type\" content=\"article\" \/>\n<meta property=\"og:title\" content=\"kimnature\" \/>\n<meta property=\"og:url\" content=\"https:\/\/pluginviet.com\/mau36\/lien-he\/\" \/>\n<meta property=\"og:site_name\" content=\"kimnature\" \/>\n<meta property=\"article:modified_time\" content=\"2022-06-19T10:13:04+00:00\" \/>\n<meta name=\"twitter:card\" content=\"summary_large_image\" \/>\n<meta name=\"twitter:label1\" content=\"\u01af\u1edbc t\u00ednh th\u1eddi gian \u0111\u1ecdc\" \/>\n\t<meta name=\"twitter:data1\" content=\"1 ph\u00fat\" \/>\n<script type=\"application\/ld+json\" class=\"yoast-schema-graph\">{\"@context\":\"https:\/\/schema.org\",\"@graph\":[{\"@type\":\"WebPage\",\"@id\":\"https:\/\/pluginviet.com\/mau36\/lien-he\/\",\"url\":\"https:\/\/pluginviet.com\/mau36\/lien-he\/\",\"name\":\"kimnature\",\"isPartOf\":{\"@id\":\"https:\/\/pluginviet.com\/mau36\/#website\"},\"datePublished\":\"2019-03-06T08:02:47+00:00\",\"dateModified\":\"2022-06-19T10:13:04+00:00\",\"breadcrumb\":{\"@id\":\"https:\/\/pluginviet.com\/mau36\/lien-he\/#breadcrumb\"},\"inLanguage\":\"vi\",\"potentialAction\":[{\"@type\":\"ReadAction\",\"target\":[\"https:\/\/pluginviet.com\/mau36\/lien-he\/\"]}]},{\"@type\":\"BreadcrumbList\",\"@id\":\"https:\/\/pluginviet.com\/mau36\/lien-he\/#breadcrumb\",\"itemListElement\":[{\"@type\":\"ListItem\",\"position\":1,\"name\":\"Trang ch\u1ee7\",\"item\":\"https:\/\/pluginviet.com\/mau36\/\"},{\"@type\":\"ListItem\",\"position\":2,\"name\":\"Li\u00ean h\u1ec7\"}]},{\"@type\":\"WebSite\",\"@id\":\"https:\/\/pluginviet.com\/mau36\/#website\",\"url\":\"https:\/\/pluginviet.com\/mau36\/\",\"name\":\"kimnature\",\"description\":\"\",\"potentialAction\":[{\"@type\":\"SearchAction\",\"target\":{\"@type\":\"EntryPoint\",\"urlTemplate\":\"https:\/\/pluginviet.com\/mau36\/?s={search_term_string}\"},\"query-input\":\"required name=search_term_string\"}],\"inLanguage\":\"vi\"}]}<\/script>\n<!-- \/ Yoast SEO plugin. -->","yoast_head_json":{"title":"kimnature","robots":{"index":"index","follow":"follow","max-snippet":"max-snippet:-1","max-image-preview":"max-image-preview:large","max-video-preview":"max-video-preview:-1"},"canonical":"https:\/\/pluginviet.com\/mau36\/lien-he\/","og_locale":"vi_VN","og_type":"article","og_title":"kimnature","og_url":"https:\/\/pluginviet.com\/mau36\/lien-he\/","og_site_name":"kimnature","article_modified_time":"2022-06-19T10:13:04+00:00","twitter_card":"summary_large_image","twitter_misc":{"\u01af\u1edbc t\u00ednh th\u1eddi gian \u0111\u1ecdc":"1 ph\u00fat"},"schema":{"@context":"https:\/\/schema.org","@graph":[{"@type":"WebPage","@id":"https:\/\/pluginviet.com\/mau36\/lien-he\/","url":"https:\/\/pluginviet.com\/mau36\/lien-he\/","name":"kimnature","isPartOf":{"@id":"https:\/\/pluginviet.com\/mau36\/#website"},"datePublished":"2019-03-06T08:02:47+00:00","dateModified":"2022-06-19T10:13:04+00:00","breadcrumb":{"@id":"https:\/\/pluginviet.com\/mau36\/lien-he\/#breadcrumb"},"inLanguage":"vi","potentialAction":[{"@type":"ReadAction","target":["https:\/\/pluginviet.com\/mau36\/lien-he\/"]}]},{"@type":"BreadcrumbList","@id":"https:\/\/pluginviet.com\/mau36\/lien-he\/#breadcrumb","itemListElement":[{"@type":"ListItem","position":1,"name":"Trang ch\u1ee7","item":"https:\/\/pluginviet.com\/mau36\/"},{"@type":"ListItem","position":2,"name":"Li\u00ean h\u1ec7"}]},{"@type":"WebSite","@id":"https:\/\/pluginviet.com\/mau36\/#website","url":"https:\/\/pluginviet.com\/mau36\/","name":"kimnature","description":"","potentialAction":[{"@type":"SearchAction","target":{"@type":"EntryPoint","urlTemplate":"https:\/\/pluginviet.com\/mau36\/?s={search_term_string}"},"query-input":"required name=search_term_string"}],"inLanguage":"vi"}]}},"_links":{"self":[{"href":"https:\/\/pluginviet.com\/mau36\/wp-json\/wp\/v2\/pages\/510"}],"collection":[{"href":"https:\/\/pluginviet.com\/mau36\/wp-json\/wp\/v2\/pages"}],"about":[{"href":"https:\/\/pluginviet.com\/mau36\/wp-json\/wp\/v2\/types\/page"}],"author":[{"embeddable":true,"href":"https:\/\/pluginviet.com\/mau36\/wp-json\/wp\/v2\/users\/2"}],"replies":[{"embeddable":true,"href":"https:\/\/pluginviet.com\/mau36\/wp-json\/wp\/v2\/comments?post=510"}],"version-history":[{"count":8,"href":"https:\/\/pluginviet.com\/mau36\/wp-json\/wp\/v2\/pages\/510\/revisions"}],"predecessor-version":[{"id":1383,"href":"https:\/\/pluginviet.com\/mau36\/wp-json\/wp\/v2\/pages\/510\/revisions\/1383"}],"wp:attachment":[{"href":"https:\/\/pluginviet.com\/mau36\/wp-json\/wp\/v2\/media?parent=510"}],"curies":[{"name":"wp","href":"https:\/\/api.w.org\/{rel}","templated":true}]}}