{"id":508,"date":"2019-03-06T08:02:34","date_gmt":"2019-03-06T08:02:34","guid":{"rendered":"http:\/\/khomaudep.com\/giadung\/?page_id=508"},"modified":"2022-06-19T10:11:31","modified_gmt":"2022-06-19T10:11:31","slug":"gioi-thieu","status":"publish","type":"page","link":"https:\/\/pluginviet.com\/mau36\/gioi-thieu\/","title":{"rendered":"Gi\u1edbi thi\u1ec7u"},"content":{"rendered":"<p><a class=\"text-is-link\" target=\"_blank\" rel=\"noopener noreferrer\">Kimnature.vn<\/a><span class=\"text\">\u00a0l\u00e0 trang Web \u0111\u01b0\u1ee3c th\u00e0nh l\u1eadp t\u1eeb 2019, do Kim Nature c\u1ee7a Ph\u00e1p th\u00e0nh l\u1eadp ri\u00eang cho kh\u00e1ch h\u00e0ng t\u1ea1i VN ti\u1ec7n theo d\u00f5i c\u00e1c th\u00f4ng tin.<\/span><\/p>\n<div>Xin ch\u00e0o b\u1ea1n \u2013 \u0111\u1ed9c gi\u1ea3 c\u1ee7a www.kimnature.vn<\/div>\n<div><\/div>\n<div>L\u00e0 website ch\u00ednh th\u1ee9c c\u1ee7a Kim Nature \u2013 FRANCE\u00a0 t\u1ea1i VN, chuy\u00ean t\u01b0 v\u1ea5n v\u00e0 cung c\u1ea5p c\u00e1c s\u1ea3n ph\u1ea9m ch\u0103m s\u00f3c s\u1ee9c kh\u1ecfe, Th\u1ef1c ph\u1ea9m ch\u1ee9c n\u0103ng, Th\u1ea3o d\u01b0\u1ee3c thi\u00ean nhi\u00ean, M\u1ef9 ph\u1ea9m, tinh d\u1ea7u\u2026 tr\u00ean n\u1ec1n t\u1ea3ng online v\u00e0 th\u01b0\u01a1ng m\u1ea1i \u0111i\u1ec7n t\u1eed c\u1ee7a nh\u1eefng th\u01b0\u01a1ng hi\u1ec7u cao c\u1ea5p v\u00e0 uy t\u00edn nh\u1ea5t c\u1ee7a Ph\u00e1p.<\/div>\n<div>\u2013 Diet Horizon<\/div>\n<div>\u2013 Api Nature<\/div>\n<div>\u2013 Essence Pure<\/div>\n<div>\u2013 GPH<\/div>\n<div>\u2013 Vit\u2019all Plus<\/div>\n<div>\u2013 Santerra<\/div>\n<div>\u2013 Sarmance<\/div>\n<div><\/div>\n<div>Ch\u00fang t\u00f4i cam k\u1ebft ch\u1ea5t l\u01b0\u1ee3ng s\u1ea3n ph\u1ea9m tr\u00ean web \u0111\u1ec1u l\u00e0 s\u1ea3n ph\u1ea9m n\u1ed9i \u0111\u1ecba c\u1ee7a Ph\u00e1p, \u0111ang \u0111\u01b0\u1ee3c b\u00e1n t\u1ea1i Kim Nature \/ 6 rue de la Libert\u00e9, 35500 Vitr\u00e9, France v\u00e0 h\u1ec7 th\u1ed1ng nh\u00e0 thu\u1ed1c t\u1ea1i Ph\u00e1p.<\/div>\n<div><\/div>\n<div>\u2013 \u0110\u1eb7c bi\u1ec7t ch\u00fang t\u00f4i lu\u00f4n t\u00ecm ki\u1ebfm c\u00e1c \u0111\u1ed1i t\u00e1c mong mu\u1ed1n ph\u00e2n ph\u1ed1i s\u1ea3n ph\u1ea9m tr\u00ean to\u00e0n qu\u1ed1c.<\/div>\n<div><\/div>\n<div>\u2013 Li\u00ean h\u1ec7 t\u1ea1i VN: Ms Th\u1ea3o 034 985 7955.<\/div>\n<div>\u2013 Li\u00ean h\u1ec7 t\u1ea1i Ph\u00e1p: Ds Kim Boivin\u00a0 + 33 602 632213 (Zalo)<\/div>\n<div><\/div>\n<div>\u2013 Xin c\u1ea3m \u01a1n s\u1ef1 tin t\u01b0\u1edfng v\u00e0 \u1ee7ng h\u1ed9 c\u1ee7a qu\u00fd kh\u00e1ch trong th\u1eddi gian qua.<\/div>\n<div><\/div>\n<div>\u2013 Tr\u00e2n tr\u1ecdng.\/.<\/div>\n","protected":false},"excerpt":{"rendered":"<p>Kimnature.vn\u00a0l\u00e0 trang Web \u0111\u01b0\u1ee3c th\u00e0nh l\u1eadp t\u1eeb 2019, do Kim Nature c\u1ee7a Ph\u00e1p th\u00e0nh l\u1eadp ri\u00eang cho kh\u00e1ch h\u00e0ng t\u1ea1i VN ti\u1ec7n theo d\u00f5i c\u00e1c th\u00f4ng tin. Xin ch\u00e0o b\u1ea1n \u2013 \u0111\u1ed9c gi\u1ea3 c\u1ee7a www.kimnature.vn L\u00e0 website ch\u00ednh th\u1ee9c c\u1ee7a Kim Nature \u2013 FRANCE\u00a0 t\u1ea1i VN, chuy\u00ean t\u01b0 v\u1ea5n v\u00e0 cung c\u1ea5p c\u00e1c s\u1ea3n ph\u1ea9m [&#8230;]\n","protected":false},"author":2,"featured_media":0,"parent":0,"menu_order":0,"comment_status":"closed","ping_status":"closed","template":"","meta":{"footnotes":""},"yoast_head":"<!-- This site is optimized with the Yoast SEO plugin v21.9 - https:\/\/yoast.com\/wordpress\/plugins\/seo\/ -->\n<title>kimnature<\/title>\n<meta name=\"robots\" content=\"index, follow, max-snippet:-1, max-image-preview:large, max-video-preview:-1\" \/>\n<link rel=\"canonical\" href=\"https:\/\/pluginviet.com\/mau36\/gioi-thieu\/\" \/>\n<meta property=\"og:locale\" content=\"vi_VN\" \/>\n<meta property=\"og:type\" content=\"article\" \/>\n<meta property=\"og:title\" content=\"kimnature\" \/>\n<meta property=\"og:description\" content=\"Kimnature.vn\u00a0l\u00e0 trang Web \u0111\u01b0\u1ee3c th\u00e0nh l\u1eadp t\u1eeb 2019, do Kim Nature c\u1ee7a Ph\u00e1p th\u00e0nh l\u1eadp ri\u00eang cho kh\u00e1ch h\u00e0ng t\u1ea1i VN ti\u1ec7n theo d\u00f5i c\u00e1c th\u00f4ng tin. Xin ch\u00e0o b\u1ea1n \u2013 \u0111\u1ed9c gi\u1ea3 c\u1ee7a www.kimnature.vn L\u00e0 website ch\u00ednh th\u1ee9c c\u1ee7a Kim Nature \u2013 FRANCE\u00a0 t\u1ea1i VN, chuy\u00ean t\u01b0 v\u1ea5n v\u00e0 cung c\u1ea5p c\u00e1c s\u1ea3n ph\u1ea9m [...]\" \/>\n<meta property=\"og:url\" content=\"https:\/\/pluginviet.com\/mau36\/gioi-thieu\/\" \/>\n<meta property=\"og:site_name\" content=\"kimnature\" \/>\n<meta property=\"article:modified_time\" content=\"2022-06-19T10:11:31+00:00\" \/>\n<meta name=\"twitter:card\" content=\"summary_large_image\" \/>\n<meta name=\"twitter:label1\" content=\"\u01af\u1edbc t\u00ednh th\u1eddi gian \u0111\u1ecdc\" \/>\n\t<meta name=\"twitter:data1\" content=\"1 ph\u00fat\" \/>\n<script type=\"application\/ld+json\" class=\"yoast-schema-graph\">{\"@context\":\"https:\/\/schema.org\",\"@graph\":[{\"@type\":\"WebPage\",\"@id\":\"https:\/\/pluginviet.com\/mau36\/gioi-thieu\/\",\"url\":\"https:\/\/pluginviet.com\/mau36\/gioi-thieu\/\",\"name\":\"kimnature\",\"isPartOf\":{\"@id\":\"https:\/\/pluginviet.com\/mau36\/#website\"},\"datePublished\":\"2019-03-06T08:02:34+00:00\",\"dateModified\":\"2022-06-19T10:11:31+00:00\",\"breadcrumb\":{\"@id\":\"https:\/\/pluginviet.com\/mau36\/gioi-thieu\/#breadcrumb\"},\"inLanguage\":\"vi\",\"potentialAction\":[{\"@type\":\"ReadAction\",\"target\":[\"https:\/\/pluginviet.com\/mau36\/gioi-thieu\/\"]}]},{\"@type\":\"BreadcrumbList\",\"@id\":\"https:\/\/pluginviet.com\/mau36\/gioi-thieu\/#breadcrumb\",\"itemListElement\":[{\"@type\":\"ListItem\",\"position\":1,\"name\":\"Trang ch\u1ee7\",\"item\":\"https:\/\/pluginviet.com\/mau36\/\"},{\"@type\":\"ListItem\",\"position\":2,\"name\":\"Gi\u1edbi thi\u1ec7u\"}]},{\"@type\":\"WebSite\",\"@id\":\"https:\/\/pluginviet.com\/mau36\/#website\",\"url\":\"https:\/\/pluginviet.com\/mau36\/\",\"name\":\"kimnature\",\"description\":\"\",\"potentialAction\":[{\"@type\":\"SearchAction\",\"target\":{\"@type\":\"EntryPoint\",\"urlTemplate\":\"https:\/\/pluginviet.com\/mau36\/?s={search_term_string}\"},\"query-input\":\"required name=search_term_string\"}],\"inLanguage\":\"vi\"}]}<\/script>\n<!-- \/ Yoast SEO plugin. -->","yoast_head_json":{"title":"kimnature","robots":{"index":"index","follow":"follow","max-snippet":"max-snippet:-1","max-image-preview":"max-image-preview:large","max-video-preview":"max-video-preview:-1"},"canonical":"https:\/\/pluginviet.com\/mau36\/gioi-thieu\/","og_locale":"vi_VN","og_type":"article","og_title":"kimnature","og_description":"Kimnature.vn\u00a0l\u00e0 trang Web \u0111\u01b0\u1ee3c th\u00e0nh l\u1eadp t\u1eeb 2019, do Kim Nature c\u1ee7a Ph\u00e1p th\u00e0nh l\u1eadp ri\u00eang cho kh\u00e1ch h\u00e0ng t\u1ea1i VN ti\u1ec7n theo d\u00f5i c\u00e1c th\u00f4ng tin. Xin ch\u00e0o b\u1ea1n \u2013 \u0111\u1ed9c gi\u1ea3 c\u1ee7a www.kimnature.vn L\u00e0 website ch\u00ednh th\u1ee9c c\u1ee7a Kim Nature \u2013 FRANCE\u00a0 t\u1ea1i VN, chuy\u00ean t\u01b0 v\u1ea5n v\u00e0 cung c\u1ea5p c\u00e1c s\u1ea3n ph\u1ea9m [...]","og_url":"https:\/\/pluginviet.com\/mau36\/gioi-thieu\/","og_site_name":"kimnature","article_modified_time":"2022-06-19T10:11:31+00:00","twitter_card":"summary_large_image","twitter_misc":{"\u01af\u1edbc t\u00ednh th\u1eddi gian \u0111\u1ecdc":"1 ph\u00fat"},"schema":{"@context":"https:\/\/schema.org","@graph":[{"@type":"WebPage","@id":"https:\/\/pluginviet.com\/mau36\/gioi-thieu\/","url":"https:\/\/pluginviet.com\/mau36\/gioi-thieu\/","name":"kimnature","isPartOf":{"@id":"https:\/\/pluginviet.com\/mau36\/#website"},"datePublished":"2019-03-06T08:02:34+00:00","dateModified":"2022-06-19T10:11:31+00:00","breadcrumb":{"@id":"https:\/\/pluginviet.com\/mau36\/gioi-thieu\/#breadcrumb"},"inLanguage":"vi","potentialAction":[{"@type":"ReadAction","target":["https:\/\/pluginviet.com\/mau36\/gioi-thieu\/"]}]},{"@type":"BreadcrumbList","@id":"https:\/\/pluginviet.com\/mau36\/gioi-thieu\/#breadcrumb","itemListElement":[{"@type":"ListItem","position":1,"name":"Trang ch\u1ee7","item":"https:\/\/pluginviet.com\/mau36\/"},{"@type":"ListItem","position":2,"name":"Gi\u1edbi thi\u1ec7u"}]},{"@type":"WebSite","@id":"https:\/\/pluginviet.com\/mau36\/#website","url":"https:\/\/pluginviet.com\/mau36\/","name":"kimnature","description":"","potentialAction":[{"@type":"SearchAction","target":{"@type":"EntryPoint","urlTemplate":"https:\/\/pluginviet.com\/mau36\/?s={search_term_string}"},"query-input":"required name=search_term_string"}],"inLanguage":"vi"}]}},"_links":{"self":[{"href":"https:\/\/pluginviet.com\/mau36\/wp-json\/wp\/v2\/pages\/508"}],"collection":[{"href":"https:\/\/pluginviet.com\/mau36\/wp-json\/wp\/v2\/pages"}],"about":[{"href":"https:\/\/pluginviet.com\/mau36\/wp-json\/wp\/v2\/types\/page"}],"author":[{"embeddable":true,"href":"https:\/\/pluginviet.com\/mau36\/wp-json\/wp\/v2\/users\/2"}],"replies":[{"embeddable":true,"href":"https:\/\/pluginviet.com\/mau36\/wp-json\/wp\/v2\/comments?post=508"}],"version-history":[{"count":3,"href":"https:\/\/pluginviet.com\/mau36\/wp-json\/wp\/v2\/pages\/508\/revisions"}],"predecessor-version":[{"id":1381,"href":"https:\/\/pluginviet.com\/mau36\/wp-json\/wp\/v2\/pages\/508\/revisions\/1381"}],"wp:attachment":[{"href":"https:\/\/pluginviet.com\/mau36\/wp-json\/wp\/v2\/media?parent=508"}],"curies":[{"name":"wp","href":"https:\/\/api.w.org\/{rel}","templated":true}]}}