{"id":2180,"date":"2023-04-18T12:10:31","date_gmt":"2023-04-18T12:10:31","guid":{"rendered":"https:\/\/khomaudep.com\/khoruou\/?post_type=product&#038;p=2180"},"modified":"2023-04-19T13:58:32","modified_gmt":"2023-04-19T13:58:32","slug":"vang-chile-viento-norte-family-reserva","status":"publish","type":"product","link":"https:\/\/pluginviet.com\/mau35\/san-pham\/vang-chile-viento-norte-family-reserva\/","title":{"rendered":"Vang Chile Viento Norte Family Reserva"},"content":{"rendered":"<p>Vang \u0111\u1ecf Chile t\u1ef1 bao gi\u1edd \u0111i v\u00e0o ti\u1ec1m th\u1ee9c c\u1ee7a ng\u01b0\u1eddi d\u00f9ng vang tr\u00ean th\u1ebf gi\u1edbi m\u1ed9t c\u00e1ch h\u1ebft s\u1ee9c t\u1ef1 nhi\u00ean. Ch\u01b0a t\u1eebng thua k\u00e9m g\u00ec so v\u1edbi b\u1ea5t c\u1ee9 m\u1ed9t s\u1ea3n ph\u1ea9m r\u01b0\u1ee3u vang n\u00e0o kh\u00e1c tr\u00ean th\u1ecb tr\u01b0\u1eddng, chai\u00a0<a href=\"https:\/\/khoruounhap.vn\/san-pham\/vang-chile-viento-norte-family-reserva\/\"><strong>r\u01b0\u1ee3u vang Viento Norte Family Reserva<\/strong><\/a>\u00a0tr\u1edf th\u00e0nh d\u00f2ng vang \u0111\u1ecf \u0111i\u1ec3n h\u00ecnh ti\u00eau bi\u1ec3u c\u1ee7a \u0111\u1ea5t n\u01b0\u1edbc h\u1ecd m\u00e0 kh\u00e1ch h\u00e0ng khi c\u00f3 c\u01a1 h\u1ed9i \u0111\u01b0\u1ee3c tr\u1ea3i nghi\u1ec7m v\u1edbi chai r\u01b0\u1ee3u vang th\u00ec \u0111\u00f3 s\u1ebd l\u00e0 c\u1ea3 m\u1ed9t s\u1ef1 may m\u1eafn l\u1edbn. C\u00f9ng\u00a0<strong>Kho R\u01b0\u1ee3u Nh\u1eadp<\/strong>\u00a0t\u00ecm hi\u1ec3u chi ti\u1ebft h\u01a1n v\u1ec1 chai vang n\u00e0y qua b\u00e0i vi\u1ebft d\u01b0\u1edbi \u0111\u00e2y nh\u00e9!<\/p>\n<p><img loading=\"lazy\" decoding=\"async\" class=\"size-full wp-image-2186 aligncenter\" src=\"https:\/\/khomaudep.com\/khoruou\/wp-content\/uploads\/2023\/04\/ruou-vang-y-SESSANTESIMO-MONTEPULCIANO-DOC-nhap-khau.jpg\" alt=\"\" width=\"1080\" height=\"1440\" srcset=\"https:\/\/pluginviet.com\/mau35\/wp-content\/uploads\/2023\/04\/ruou-vang-y-SESSANTESIMO-MONTEPULCIANO-DOC-nhap-khau.jpg 1080w, https:\/\/pluginviet.com\/mau35\/wp-content\/uploads\/2023\/04\/ruou-vang-y-SESSANTESIMO-MONTEPULCIANO-DOC-nhap-khau-300x400.jpg 300w, https:\/\/pluginviet.com\/mau35\/wp-content\/uploads\/2023\/04\/ruou-vang-y-SESSANTESIMO-MONTEPULCIANO-DOC-nhap-khau-600x800.jpg 600w, https:\/\/pluginviet.com\/mau35\/wp-content\/uploads\/2023\/04\/ruou-vang-y-SESSANTESIMO-MONTEPULCIANO-DOC-nhap-khau-768x1024.jpg 768w\" sizes=\"(max-width: 1080px) 100vw, 1080px\" \/><\/p>\n<h2>Gi\u1edbi thi\u1ec7u r\u01b0\u1ee3u vang Viento Norte Family Reserva<\/h2>\n<p>Trong ph\u00e2n h\u1ea1ng c\u1ee7a r\u01b0\u1ee3u vang Chile th\u00ec Family Reserva \u0111\u1ec3 ch\u1ec9 nh\u1eefng chai r\u01b0\u1ee3u vang ngon. Nh\u1eefng qu\u1ea3 nho \u0111\u1ec3 s\u1ea3n xu\u1ea5t d\u00f2ng <a href=\"https:\/\/khoruounhap.vn\/danh-muc-san-pham\/ruou-vang\/\" target=\"_blank\" rel=\"noopener\"><strong>r\u01b0\u1ee3u vang<\/strong><\/a> n\u00e0y th\u01b0\u1eddng l\u00e0 nho cu\u1ed1i v\u1ee5 trong m\u00f9a thu ho\u1ea1ch nho.<\/p>\n<p>\u0110i\u1ec1u \u0111\u00f3 gi\u1ea3i th\u00edch cho l\u00fd do nhi\u1ec1u kh\u00e1ch h\u00e0ng l\u1ef1a ch\u1ecdn d\u00f2ng Family Reserva c\u1ee7a d\u00f2ng Viento Norte. Nh\u1eefng qu\u1ea3 nho n\u00e0y th\u01b0\u1eddng \u0111\u01b0\u1ee3c l\u1ef1a ch\u1ecdn \u1edf cu\u1ed1i v\u01b0\u1eddn nho Cabernet Sauvignon v\u00f9ng Central c\u1ee7a nh\u00e0 Sur Valless, v\u00ec khu v\u1ef1c n\u00e0y ti\u1ebfp gi\u00e1p v\u1edbi n\u00fai n\u00ean l\u01b0\u1ee3ng s\u01b0\u01a1ng m\u00f9 th\u01b0\u1eddng nhi\u1ec1u, \u0111\u1ed9 \u0111\u00e0n h\u1ed3i c\u1ee7a \u0111\u1ea5t th\u01b0\u1eddng th\u1ea5p h\u01a1n n\u00ean g\u1ed1c nho to, cho qu\u1ea3 \u00edt nh\u01b0ng ch\u1ea5t l\u01b0\u1ee3ng<\/p>\n<p>Th\u1eddi gian \u1ee7 nho l\u00ean \u0111\u1ebfn 24 th\u00e1ng, \u0111\u1ea3m b\u1ea3o mang l\u1ea1i nh\u1eefng h\u01b0\u01a1ng th\u01a1m tuy\u1ec7t v\u1eddi nh\u1ea5t khi b\u1ea1n th\u01b0\u1edfng th\u1ee9c d\u00f2ng vang Chile n\u00e0y. B\u1ea1n s\u1ebd th\u1ea5y \u0111i\u1ec1u \u0111\u00f3 ngay khi m\u1edf n\u00fat chai vang, h\u01b0\u01a1ng th\u01a1m c\u1ee7a tr\u00e1i c\u00e2y lan t\u1ecfa kh\u1eafp c\u0103n ph\u00f2ng ngay t\u1eeb khi b\u1ea1n nghe th\u1ea5y ti\u1ebfng b\u1ea5c b\u1ea5c c\u1ee7a n\u00fat chai.<\/p>\n<h2>M\u00f4 t\u1ea3 h\u01b0\u01a1ng v\u1ecb r\u01b0\u1ee3u Viento Norte Family Reserva<\/h2>\n<p>Khi r\u00f3t r\u01b0\u1ee3u vang Viento Norte Family Reserva b\u1ea1n s\u1ebd th\u1ea5y \u0111\u01b0\u1ee3c m\u00e0u \u0111\u1ecf t\u00edm \u0111\u1eadm \u0111\u00e0 s\u00f3ng s\u00e1nh theo t\u1eebng c\u01a1n s\u00f3ng va v\u00e0o th\u00e0nh ly. C\u00e0ng l\u1eafc r\u01b0\u1ee3u b\u1ea1n s\u1ebd th\u1ea5y \u0111\u01b0\u1ee3c ch\u00e2n vang th\u1ec3 hi\u1ec7n m\u1ed9t c\u00e1ch r\u00f5 n\u00e9t, khi n\u1ebfm th\u1eed b\u1ea1n s\u1ebd c\u1ea3m nh\u1eadn \u0111\u01b0\u1ee3c h\u01b0\u01a1ng th\u01a1m c\u1ee7a m\u1eadn, anh \u0111\u00e0o, cam th\u1ea3o, vani v\u00e0 cao cao lan t\u1ecfa d\u1ecdc theo s\u1ed1ng m\u0169i l\u00ean tr\u00ean.<\/p>\n<p><img loading=\"lazy\" decoding=\"async\" class=\"aligncenter wp-image-4176 size-full\" title=\"vang \u0111\u1ecfChile Viento Norte Family Reserva \" src=\"http:\/\/khoruounhap.vn\/wp-content\/uploads\/2022\/10\/vang-do-viento-norte-family-reserva.jpg\" alt=\"vang \u0111\u1ecfChile Viento Norte Family Reserva \" width=\"630\" height=\"449\" \/><\/p>\n<p>Ch\u1ec9 ng\u1edbp m\u1ed9t ng\u1ee5m nh\u1ecf b\u1ea1n s\u1ebd nh\u1eadn ra r\u01b0\u1ee3u c\u00f3 c\u1ea5u tr\u00fac \u0111\u1eadm \u0111\u00e0, tannin tr\u00f2n tr\u1ecb, ch\u1eafc ch\u0103n \u0111an xen v\u00e0o \u0111\u00f3 l\u00e0 h\u01b0\u01a1ng c\u1ee7a anh \u0111\u00e0o khi ban k\u1ebft th\u00fac ng\u1ee5m r\u01b0\u1ee3u \u0111\u00f3. V\u1edbi n\u1ed3ng \u0111\u1ed9 14% \u0111\u1ea3m b\u1ea3o mang l\u1ea1i s\u1ef1 \u0111\u00ea m\u00ea cho b\u1ea1n, h\u01a1n n\u1eefa axit chua \u1edf m\u1ee9c 5,4 g\/lit n\u00ean s\u1ebd c\u1ef1c ph\u00f9 h\u1ee3p cho nh\u1eefng \u201d th\u1ef1c kh\u00e1ch\u201d th\u00edch bay cao c\u00f9ng n\u1ed3ng \u0111\u1ed9 c\u1ed3n.<\/p>\n<h2>Th\u00f4ng s\u1ed1 s\u1ea3n ph\u1ea9m r\u01b0\u1ee3u Viento Norte Family Reserva<\/h2>\n<ul>\n<li>M\u00e3 s\u1ea3n ph\u1ea9m: HPW \u2013 090<\/li>\n<li>Lo\u1ea1i vang: Vang \u0111\u1ecf<\/li>\n<li>Xu\u1ea5t x\u1ee9: Chile<\/li>\n<li>V\u00f9ng tr\u1ed3ng nho: Curico Valley<\/li>\n<li>Ph\u00e2n h\u1ea1ng: Family Reserva<\/li>\n<li>H\u00e3ng s\u1ea3n xu\u1ea5t: Sur Valles<\/li>\n<li>Gi\u1ed1ng nho: Cabernet Sauvignon<\/li>\n<li>N\u1ed3ng \u0111\u1ed9: 14%<\/li>\n<li>Quy c\u00e1ch: 750ml *6c\/ th\u00f9ng<\/li>\n<\/ul>\n<h2>Th\u01b0\u1edfng th\u1ee9c r\u01b0\u1ee3u vang Viento Norte Chile ngon nh\u1ea5t<\/h2>\n<p>B\u1ea1n c\u00f3 th\u1ec3 th\u01b0\u1edfng th\u1ee9c r\u01b0\u1ee3u c\u00f9ng m\u1ed9t s\u1ed1 m\u00f3n \u0103n nh\u01b0 th\u1ecbt \u0111\u1ecf, ph\u00f4 mai v\u00e0 m\u1ed9t s\u1ed1 m\u00f3n \u0103n c\u00f3 gia v\u1ecb \u0111\u01a1n gi\u1ea3n kh\u00e1c. Khi b\u1ea3o qu\u1ea3n r\u01b0\u1ee3u ch\u00fang ta n\u00ean l\u01b0u \u00fd kh\u00f4ng \u0111\u1ec3 r\u01b0\u1ee3u \u1edf n\u01a1i c\u00f3 nhi\u1ec7t \u0111\u1ed9 qu\u00e1 cao. Ho\u1eb7c qu\u00e1 th\u1ea5p s\u1ebd l\u00e0m \u1ea3nh h\u01b0\u1edfng \u0111\u1ebfn v\u1ecb ngon c\u1ee7a r\u01b0\u1ee3u. Tr\u00e1nh ti\u1ebfp x\u00fac tr\u1ef1c ti\u1ebfp v\u1edbi \u00e1nh n\u1eafng m\u1eb7t tr\u1eddi.<\/p>\n<h2><b>R\u01b0\u1ee3u vang Viento Norte Family Reserva gi\u00e1 bao nhi\u00eau?<\/b><\/h2>\n<p>Tr\u00ean th\u1ecb tr\u01b0\u1eddng hi\u1ec7n nay c\u00f3 r\u1ea5t nhi\u1ec1u c\u00e1c \u0111\u01a1n v\u1ecb cung c\u1ea5p s\u1ea3n ph\u1ea9m\u00a0<a href=\"https:\/\/khoruounhap.vn\/danh-muc-san-pham\/ruou-vang\/ruou-vang-chile\/\" target=\"_blank\" rel=\"noopener\"><b>r\u01b0\u1ee3u vang Chile<\/b><\/a>\u00a0n\u00e0y. Ch\u00ednh v\u00ec v\u1eady m\u1ee9c gi\u00e1 c\u1ee7a ch\u00fang c\u0169ng r\u1ea5t kh\u00e1c nhau \u1edf t\u00f9y t\u1eebng \u0111\u1ecba \u0111i\u1ec3m b\u00e1n. Kh\u00e1ch h\u00e0ng mua ph\u1ea3i s\u1ea3n ph\u1ea9m v\u1edbi gi\u00e1 cao ng\u1ea5t ng\u01b0\u1edfng c\u0169ng nh\u01b0 h\u00e0ng kh\u00f4ng ch\u00ednh h\u00e3ng, ch\u1ea5t l\u01b0\u1ee3ng kh\u00f4ng \u0111\u1ea3m b\u1ea3o l\u00e0 hi\u1ec7n t\u01b0\u1ee3ng x\u1ea3y ra kh\u00e1 nhi\u1ec1u v\u00ec h\u00e0ng gi\u1ea3 h\u00e0ng nh\u00e1i tr\u00ean th\u1ecb tr\u01b0\u1eddng xu\u1ea5t hi\u1ec7n v\u00f4 c\u00f9ng nhi\u1ec1u v\u00e0 kh\u00f3 c\u00f3 th\u1ec3 ph\u00e2n bi\u1ec7t \u0111\u01b0\u1ee3c.<\/p>\n<p><img loading=\"lazy\" decoding=\"async\" class=\"aligncenter wp-image-4177 size-full\" title=\"Viento Norte Family Reserva \" src=\"http:\/\/khoruounhap.vn\/wp-content\/uploads\/2022\/10\/viento-norte-family-reserva.jpg\" alt=\"Viento Norte Family Reserva \" width=\"720\" height=\"960\" \/><\/p>\n<p>\u0110\u1ebfn v\u1edbi <a href=\"https:\/\/khoruounhap.vn\/\" target=\"_blank\" rel=\"noopener\"><strong>Kho R\u01b0\u1ee3u Nh\u1eadp<\/strong><\/a>, qu\u00fd kh\u00e1ch s\u1ebd \u0111\u01b0\u1ee3c kh\u00e1m ph\u00e1 m\u1ed9t th\u1ebf gi\u1edbi phong ph\u00fa v\u1ec1 r\u01b0\u1ee3u vang v\u00e0 bia nh\u1eadp kh\u1ea9u. Ch\u00fang t\u00f4i cung c\u1ea5p nh\u1eefng chai r\u01b0\u1ee3u vang \u0111\u01b0\u1ee3c nh\u1eadp ch\u00ednh ng\u1ea1ch v\u00e0 t\u1eeb ch\u00ednh h\u00e3ng 100%. M\u1ed7i chai r\u01b0\u1ee3u \u0111\u01b0\u1ee3c ch\u00fang t\u00f4i cung c\u1ea5p ph\u1ea3i lu\u00f4n c\u00f3 xu\u1ea5t x\u1ee9 r\u00f5 r\u00e0ng. \u0110\u1ea3m b\u1ea3o ch\u1ea5t l\u01b0\u1ee3ng v\u00e0 lu\u00f4n \u0111\u01b0\u1ee3c b\u1ea3o qu\u1ea3n t\u1ed1t.<\/p>\n<p>Gi\u00e1 c\u1ee7a s\u1ea3n ph\u1ea9m\u00a0<b>r\u01b0\u1ee3u vang Viento Norte Family Reserva<\/b> t\u1ea1i Kho R\u01b0\u1ee3u Nh\u1eadp hi\u1ec7n nay ch\u1ec9 v\u1edbi 900.000 VN\u0110 m\u1ed9t chai 750ml.<\/p>\n<h2><b>Th\u00f4ng tin li\u00ean h\u1ec7 Kho R\u01b0\u1ee3u Nh\u1eadp<\/b><\/h2>\n<p>C\u00d4NG TY TNHH TH\u01af\u01a0NG M\u1ea0I V\u00c0 D\u1ecaCH V\u1ee4 DI VI\u1ec6T NAM<\/p>\n<p>\u0110\u1ecba ch\u1ec9: S\u1ed1 121 Nguy\u1ec5n Xi\u1ec3n, Ph\u01b0\u1eddng H\u1ea1 \u0110\u00ecnh, Qu\u1eadn Thanh Xu\u00e2n, TP. H\u00e0 N\u1ed9i<\/p>\n<p>Email: khoruounhap88@gmail.com<\/p>\n<p>GPKD s\u1ed1: 0109212838 do S\u1edf KH v\u00e0 \u0110T TP H\u00e0 N\u1ed9i c\u1ea5p ng\u00e0y 08\/06\/2020<\/p>\n<p>S\u1ed1 \u0111i\u1ec7n tho\u1ea1i: 0935.719.699 \u2013 0935.719.699<\/p>\n<p>Website:\u00a0<b>https:\/\/khoruounhap.vn\/<\/b><\/p>\n","protected":false},"excerpt":{"rendered":"<p>Vang \u0111\u1ecf Chile t\u1ef1 bao gi\u1edd \u0111i v\u00e0o ti\u1ec1m th\u1ee9c c\u1ee7a ng\u01b0\u1eddi d\u00f9ng vang tr\u00ean th\u1ebf gi\u1edbi m\u1ed9t c\u00e1ch h\u1ebft s\u1ee9c t\u1ef1 nhi\u00ean. Ch\u01b0a t\u1eebng thua k\u00e9m g\u00ec so v\u1edbi b\u1ea5t c\u1ee9 m\u1ed9t s\u1ea3n ph\u1ea9m r\u01b0\u1ee3u vang n\u00e0o kh\u00e1c tr\u00ean th\u1ecb tr\u01b0\u1eddng, chai\u00a0r\u01b0\u1ee3u vang Viento Norte Family Reserva\u00a0tr\u1edf th\u00e0nh d\u00f2ng vang \u0111\u1ecf \u0111i\u1ec3n h\u00ecnh ti\u00eau [&#8230;]\n","protected":false},"featured_media":2186,"comment_status":"open","ping_status":"closed","template":"","meta":[],"product_cat":[154,141,221,229,227,222,136,228,155,135,132,226,146],"product_tag":[],"yoast_head":"<!-- This site is optimized with the Yoast SEO plugin v21.5 - https:\/\/yoast.com\/wordpress\/plugins\/seo\/ -->\n<title>Vang \u00dd Parelli PugliaVang Chile Viento Norte Family Reserva<\/title>\n<meta name=\"robots\" content=\"index, follow, max-snippet:-1, max-image-preview:large, max-video-preview:-1\" \/>\n<link rel=\"canonical\" href=\"https:\/\/pluginviet.com\/mau35\/san-pham\/vang-chile-viento-norte-family-reserva\/\" \/>\n<meta property=\"og:locale\" content=\"vi_VN\" \/>\n<meta property=\"og:type\" content=\"article\" \/>\n<meta property=\"og:title\" content=\"Vang \u00dd Parelli PugliaVang Chile Viento Norte Family Reserva\" \/>\n<meta property=\"og:description\" content=\"Vang \u0111\u1ecf Chile t\u1ef1 bao gi\u1edd \u0111i v\u00e0o ti\u1ec1m th\u1ee9c c\u1ee7a ng\u01b0\u1eddi d\u00f9ng vang tr\u00ean th\u1ebf gi\u1edbi m\u1ed9t c\u00e1ch h\u1ebft s\u1ee9c t\u1ef1 nhi\u00ean. Ch\u01b0a t\u1eebng thua k\u00e9m g\u00ec so v\u1edbi b\u1ea5t c\u1ee9 m\u1ed9t s\u1ea3n ph\u1ea9m r\u01b0\u1ee3u vang n\u00e0o kh\u00e1c tr\u00ean th\u1ecb tr\u01b0\u1eddng, chai\u00a0r\u01b0\u1ee3u vang Viento Norte Family Reserva\u00a0tr\u1edf th\u00e0nh d\u00f2ng vang \u0111\u1ecf \u0111i\u1ec3n h\u00ecnh ti\u00eau [...]\" \/>\n<meta property=\"og:url\" content=\"https:\/\/pluginviet.com\/mau35\/san-pham\/vang-chile-viento-norte-family-reserva\/\" \/>\n<meta property=\"og:site_name\" content=\"Wine Wave\" \/>\n<meta property=\"article:modified_time\" content=\"2023-04-19T13:58:32+00:00\" \/>\n<meta property=\"og:image\" content=\"https:\/\/pluginviet.com\/mau35\/wp-content\/uploads\/2023\/04\/ruou-vang-y-SESSANTESIMO-MONTEPULCIANO-DOC-nhap-khau.jpg\" \/>\n\t<meta property=\"og:image:width\" content=\"1080\" \/>\n\t<meta property=\"og:image:height\" content=\"1440\" \/>\n\t<meta property=\"og:image:type\" content=\"image\/jpeg\" \/>\n<meta name=\"twitter:card\" content=\"summary_large_image\" \/>\n<meta name=\"twitter:label1\" content=\"\u01af\u1edbc t\u00ednh th\u1eddi gian \u0111\u1ecdc\" \/>\n\t<meta name=\"twitter:data1\" content=\"5 ph\u00fat\" \/>\n<script type=\"application\/ld+json\" class=\"yoast-schema-graph\">{\"@context\":\"https:\/\/schema.org\",\"@graph\":[{\"@type\":\"WebPage\",\"@id\":\"https:\/\/pluginviet.com\/mau35\/san-pham\/vang-chile-viento-norte-family-reserva\/\",\"url\":\"https:\/\/pluginviet.com\/mau35\/san-pham\/vang-chile-viento-norte-family-reserva\/\",\"name\":\"Vang \u00dd Parelli PugliaVang Chile Viento Norte Family Reserva\",\"isPartOf\":{\"@id\":\"https:\/\/pluginviet.com\/mau35\/#website\"},\"datePublished\":\"2023-04-18T12:10:31+00:00\",\"dateModified\":\"2023-04-19T13:58:32+00:00\",\"breadcrumb\":{\"@id\":\"https:\/\/pluginviet.com\/mau35\/san-pham\/vang-chile-viento-norte-family-reserva\/#breadcrumb\"},\"inLanguage\":\"vi\",\"potentialAction\":[{\"@type\":\"ReadAction\",\"target\":[\"https:\/\/pluginviet.com\/mau35\/san-pham\/vang-chile-viento-norte-family-reserva\/\"]}]},{\"@type\":\"BreadcrumbList\",\"@id\":\"https:\/\/pluginviet.com\/mau35\/san-pham\/vang-chile-viento-norte-family-reserva\/#breadcrumb\",\"itemListElement\":[{\"@type\":\"ListItem\",\"position\":1,\"name\":\"Trang ch\u1ee7\",\"item\":\"https:\/\/pluginviet.com\/mau35\/\"},{\"@type\":\"ListItem\",\"position\":2,\"name\":\"Shop\",\"item\":\"https:\/\/pluginviet.com\/mau35\/shop\/\"},{\"@type\":\"ListItem\",\"position\":3,\"name\":\"Vang Chile Viento Norte Family Reserva\"}]},{\"@type\":\"WebSite\",\"@id\":\"https:\/\/pluginviet.com\/mau35\/#website\",\"url\":\"https:\/\/pluginviet.com\/mau35\/\",\"name\":\"Wine Wave\",\"description\":\"Th\u01b0\u01a1ng hi\u00ea\u0323u r\u01b0\u01a1\u0323u Vang nh\u00e2\u0323p kh\u00e2\u0309u s\u00f4\u0301 1\",\"potentialAction\":[{\"@type\":\"SearchAction\",\"target\":{\"@type\":\"EntryPoint\",\"urlTemplate\":\"https:\/\/pluginviet.com\/mau35\/?s={search_term_string}\"},\"query-input\":\"required name=search_term_string\"}],\"inLanguage\":\"vi\"}]}<\/script>\n<!-- \/ Yoast SEO plugin. -->","yoast_head_json":{"title":"Vang \u00dd Parelli PugliaVang Chile Viento Norte Family Reserva","robots":{"index":"index","follow":"follow","max-snippet":"max-snippet:-1","max-image-preview":"max-image-preview:large","max-video-preview":"max-video-preview:-1"},"canonical":"https:\/\/pluginviet.com\/mau35\/san-pham\/vang-chile-viento-norte-family-reserva\/","og_locale":"vi_VN","og_type":"article","og_title":"Vang \u00dd Parelli PugliaVang Chile Viento Norte Family Reserva","og_description":"Vang \u0111\u1ecf Chile t\u1ef1 bao gi\u1edd \u0111i v\u00e0o ti\u1ec1m th\u1ee9c c\u1ee7a ng\u01b0\u1eddi d\u00f9ng vang tr\u00ean th\u1ebf gi\u1edbi m\u1ed9t c\u00e1ch h\u1ebft s\u1ee9c t\u1ef1 nhi\u00ean. Ch\u01b0a t\u1eebng thua k\u00e9m g\u00ec so v\u1edbi b\u1ea5t c\u1ee9 m\u1ed9t s\u1ea3n ph\u1ea9m r\u01b0\u1ee3u vang n\u00e0o kh\u00e1c tr\u00ean th\u1ecb tr\u01b0\u1eddng, chai\u00a0r\u01b0\u1ee3u vang Viento Norte Family Reserva\u00a0tr\u1edf th\u00e0nh d\u00f2ng vang \u0111\u1ecf \u0111i\u1ec3n h\u00ecnh ti\u00eau [...]","og_url":"https:\/\/pluginviet.com\/mau35\/san-pham\/vang-chile-viento-norte-family-reserva\/","og_site_name":"Wine Wave","article_modified_time":"2023-04-19T13:58:32+00:00","og_image":[{"width":1080,"height":1440,"url":"https:\/\/pluginviet.com\/mau35\/wp-content\/uploads\/2023\/04\/ruou-vang-y-SESSANTESIMO-MONTEPULCIANO-DOC-nhap-khau.jpg","type":"image\/jpeg"}],"twitter_card":"summary_large_image","twitter_misc":{"\u01af\u1edbc t\u00ednh th\u1eddi gian \u0111\u1ecdc":"5 ph\u00fat"},"schema":{"@context":"https:\/\/schema.org","@graph":[{"@type":"WebPage","@id":"https:\/\/pluginviet.com\/mau35\/san-pham\/vang-chile-viento-norte-family-reserva\/","url":"https:\/\/pluginviet.com\/mau35\/san-pham\/vang-chile-viento-norte-family-reserva\/","name":"Vang \u00dd Parelli PugliaVang Chile Viento Norte Family Reserva","isPartOf":{"@id":"https:\/\/pluginviet.com\/mau35\/#website"},"datePublished":"2023-04-18T12:10:31+00:00","dateModified":"2023-04-19T13:58:32+00:00","breadcrumb":{"@id":"https:\/\/pluginviet.com\/mau35\/san-pham\/vang-chile-viento-norte-family-reserva\/#breadcrumb"},"inLanguage":"vi","potentialAction":[{"@type":"ReadAction","target":["https:\/\/pluginviet.com\/mau35\/san-pham\/vang-chile-viento-norte-family-reserva\/"]}]},{"@type":"BreadcrumbList","@id":"https:\/\/pluginviet.com\/mau35\/san-pham\/vang-chile-viento-norte-family-reserva\/#breadcrumb","itemListElement":[{"@type":"ListItem","position":1,"name":"Trang ch\u1ee7","item":"https:\/\/pluginviet.com\/mau35\/"},{"@type":"ListItem","position":2,"name":"Shop","item":"https:\/\/pluginviet.com\/mau35\/shop\/"},{"@type":"ListItem","position":3,"name":"Vang Chile Viento Norte Family Reserva"}]},{"@type":"WebSite","@id":"https:\/\/pluginviet.com\/mau35\/#website","url":"https:\/\/pluginviet.com\/mau35\/","name":"Wine Wave","description":"Th\u01b0\u01a1ng hi\u00ea\u0323u r\u01b0\u01a1\u0323u Vang nh\u00e2\u0323p kh\u00e2\u0309u s\u00f4\u0301 1","potentialAction":[{"@type":"SearchAction","target":{"@type":"EntryPoint","urlTemplate":"https:\/\/pluginviet.com\/mau35\/?s={search_term_string}"},"query-input":"required name=search_term_string"}],"inLanguage":"vi"}]}},"_links":{"self":[{"href":"https:\/\/pluginviet.com\/mau35\/wp-json\/wp\/v2\/product\/2180"}],"collection":[{"href":"https:\/\/pluginviet.com\/mau35\/wp-json\/wp\/v2\/product"}],"about":[{"href":"https:\/\/pluginviet.com\/mau35\/wp-json\/wp\/v2\/types\/product"}],"replies":[{"embeddable":true,"href":"https:\/\/pluginviet.com\/mau35\/wp-json\/wp\/v2\/comments?post=2180"}],"wp:featuredmedia":[{"embeddable":true,"href":"https:\/\/pluginviet.com\/mau35\/wp-json\/wp\/v2\/media\/2186"}],"wp:attachment":[{"href":"https:\/\/pluginviet.com\/mau35\/wp-json\/wp\/v2\/media?parent=2180"}],"wp:term":[{"taxonomy":"product_cat","embeddable":true,"href":"https:\/\/pluginviet.com\/mau35\/wp-json\/wp\/v2\/product_cat?post=2180"},{"taxonomy":"product_tag","embeddable":true,"href":"https:\/\/pluginviet.com\/mau35\/wp-json\/wp\/v2\/product_tag?post=2180"}],"curies":[{"name":"wp","href":"https:\/\/api.w.org\/{rel}","templated":true}]}}