{"id":2179,"date":"2023-04-18T12:06:28","date_gmt":"2023-04-18T12:06:28","guid":{"rendered":"https:\/\/khomaudep.com\/khoruou\/?post_type=product&#038;p=2179"},"modified":"2023-04-18T12:21:32","modified_gmt":"2023-04-18T12:21:32","slug":"vang-y-parelli-puglia","status":"publish","type":"product","link":"https:\/\/pluginviet.com\/mau35\/san-pham\/vang-y-parelli-puglia\/","title":{"rendered":"Vang \u00dd Parelli Puglia"},"content":{"rendered":"<p>Puglia l\u00e0 v\u00f9ng r\u01b0\u1ee3u vang \u00dd n\u1ed5i ti\u1ebfng \u0111\u01b0\u1ee3c nhi\u1ec1u ng\u01b0\u1eddi y\u00eau th\u00edch nh\u1ea5t tr\u00ean th\u1ebf gi\u1edbi hi\u1ec7n nay. Khi n\u1ebfm th\u1eed b\u1ea5t c\u1ee9 m\u1ed9t chai r\u01b0\u1ee3u vang n\u00e0o \u1edf \u0111\u00e2y qu\u00fd kh\u00e1ch c\u0169ng ph\u1ea3i ng\u1ee1 ng\u00e0ng tr\u01b0\u1edbc h\u01b0\u01a1ng th\u01a1m \u0111\u1eb7c tr\u01b0ng, c\u0169ng nh\u01b0 m\u00e0u s\u1eafc \u0111\u1ea7y quy\u1ebfn r\u0169. Khi \u0111\u1ebfn \u0111\u00e2y n\u1ebfu ch\u01b0a t\u1eebng th\u1eed m\u1ed9t ly <a href=\"https:\/\/khoruounhap.vn\/san-pham\/vang-y-parelli-puglia\/\"><strong>r\u01b0\u1ee3u vang \u00dd Parelli Puglia<\/strong><\/a> c\u1ee7a nh\u00e0 Rocca th\u00ec \u0111\u00f3 s\u1ebd m\u00e0 m\u1ed9t thi\u1ebfu s\u00f3t \u0111\u1ed1i v\u1edbi nh\u1eefng ng\u01b0\u1eddi y\u00eau r\u01b0\u1ee3u vang. C\u00f9ng t\u00ecm hi\u1ec3u d\u00f2ng r\u01b0\u1ee3u vang Parelli Puglia \u00dd qua b\u00e0i vi\u1ebft d\u01b0\u1edbi \u0111\u00e2y c\u1ee7a <strong>Kho R\u01b0\u1ee3u Nh\u1eadp<\/strong> nh\u00e9!<\/p>\n<p><img loading=\"lazy\" decoding=\"async\" class=\"aligncenter wp-image-2191 size-full\" src=\"https:\/\/khomaudep.com\/khoruou\/wp-content\/uploads\/2023\/04\/vang-y-Parelli-Puglia-scaled-1.jpg\" alt=\"\" width=\"1920\" height=\"2560\" srcset=\"https:\/\/pluginviet.com\/mau35\/wp-content\/uploads\/2023\/04\/vang-y-Parelli-Puglia-scaled-1.jpg 1920w, https:\/\/pluginviet.com\/mau35\/wp-content\/uploads\/2023\/04\/vang-y-Parelli-Puglia-scaled-1-300x400.jpg 300w, https:\/\/pluginviet.com\/mau35\/wp-content\/uploads\/2023\/04\/vang-y-Parelli-Puglia-scaled-1-600x800.jpg 600w, https:\/\/pluginviet.com\/mau35\/wp-content\/uploads\/2023\/04\/vang-y-Parelli-Puglia-scaled-1-768x1024.jpg 768w, https:\/\/pluginviet.com\/mau35\/wp-content\/uploads\/2023\/04\/vang-y-Parelli-Puglia-scaled-1-1152x1536.jpg 1152w, https:\/\/pluginviet.com\/mau35\/wp-content\/uploads\/2023\/04\/vang-y-Parelli-Puglia-scaled-1-1536x2048.jpg 1536w\" sizes=\"(max-width: 1920px) 100vw, 1920px\" \/><\/p>\n<h2>\u0110\u1eb7c \u0111i\u1ec3m r\u01b0\u1ee3u vang \u00dd Parelli Puglia<\/h2>\n<p>\u0110\u1ec3 quy\u1ebft \u0111\u1ecbnh mua m\u1ed9t chai r\u01b0\u1ee3u vang \u00dd n\u00e0o \u0111\u00f3 th\u00ec h\u1ea7u nh\u01b0 qu\u00fd kh\u00e1ch s\u1ebd ph\u1ea3i quan t\u00e2m \u0111\u1ebfn ch\u1ea5t l\u01b0\u1ee3ng, h\u01b0\u01a1ng v\u1ecb, m\u00e0u s\u1eafc v\u00e0 gi\u00e1 ti\u1ec1n nh\u01b0 \u1edf tr\u00ean \u0111\u00e3 n\u00f3i, \u0111\u1ec3 hi\u1ec3u h\u01a1n v\u1ec1 d\u00f2ng vang \u0111\u1ecf h\u00e3y c\u00f9ng ch\u00fang t\u00f4i kh\u00e1m ph\u00e1 v\u1ec1 h\u01b0\u01a1ng, v\u1ecb, m\u00e0u s\u1eafc c\u1ee7a Parelli nh\u00e0 Rocca.<\/p>\n<h3>1. H\u01b0\u01a1ng v\u1ecb c\u1ee7a vang Parelli<\/h3>\n<p>\u0110\u1ec3 t\u1ea1o n\u00ean s\u1ef1 h\u1ea5p d\u1eabn trong h\u01b0\u01a1ng v\u1ecb c\u1ee7a r\u01b0\u1ee3u, nh\u00e0 s\u1ea3n xu\u1ea5t \u0111\u00e3 kh\u00e9o l\u00e9o k\u1ebft h\u1ee3p hai gi\u1ed1ng nho Negroamaro v\u00e0 Malvasia Nera \u0111\u1ec3 t\u1ea1o n\u00ean nh\u1eefng gi\u1ecdt r\u01b0\u1ee3u vang Parelli Puglia tuy\u1ec7t v\u1eddi.<\/p>\n<p>Ngay khi r\u00f3t r\u01b0\u1ee3u ra ly qu\u00fd kh\u00e1ch s\u1ebd th\u1ea5y \u0111\u01b0\u1ee3c s\u1ef1 h\u01b0\u01a1ng th\u01a1m \u0111\u1ea7y tinh t\u1ebf t\u1ecfa ra, m\u1ed9t ch\u00fat m\u1ea1nh m\u1ebd c\u1ee7a nho Negroamaro, m\u1ed9t ch\u00fat tinh t\u1ebf t\u1eeb nho Malvasia Nera s\u1ebd l\u00e0m n\u00ean m\u1ed9t ly r\u01b0\u1ee3u vang huy\u1ec1n \u1ea3o v\u1edbi h\u01b0\u01a1ng th\u01a1m ch\u1ee7 \u0111\u1ea1o c\u1ee7a m\u1eadn ch\u00ed, qu\u1ea3 cherry, tanin v\u1eeba ph\u1ea3i l\u00e0m cho r\u01b0\u1ee3u c\u00f3 c\u1ea5u tr\u00fac th\u00eam ph\u1ea7n ch\u1eafc ch\u1eafn, m\u1ecbn m\u01b0\u1ee3t. \u0110\u1eb7c bi\u1ec7t, nh\u1eefng h\u01b0\u01a1ng th\u01a1m t\u1eeb gi\u1ed1ng nho Negroamaro s\u1ebd l\u00e0m cho qu\u00fd kh\u00e1ch c\u1ea3m th\u1ea5y \u0111\u01b0\u1ee3c nh\u1eefng con gi\u00f3 bi\u1ec3n c\u1ee7a \u0110\u1ecba Trung H\u1ea3i th\u1ed5i qua v\u00f9ng Puglia.<\/p>\n<p>R\u01b0\u1ee3u \u0111\u01b0\u1ee3c ng\u00e2m \u1ee7 trong th\u00f9ng g\u1ed7 s\u1ed3i 12 th\u00e1ng n\u00ean khi th\u01b0\u1edfng th\u1ee9c \u0111\u1ebfn nh\u1eefng ly cu\u1ed1i c\u00f9ng, qu\u00fd kh\u00e1ch s\u1ebd th\u1ea5y \u0111\u01b0\u1ee3c h\u01b0\u01a1ng th\u01a1m c\u1ee7a g\u1ed7 tuy\u1ebft t\u00f9ng trong t\u1eebng gi\u1ecdt r\u01b0\u1ee3u vang \u00dd th\u01a1m ngon n\u00e0y.<\/p>\n<h3>2. M\u00e0u \u0111\u1ecf \u00e1nh t\u00edm t\u1eeb Parelli Puglia<\/h3>\n<p>N\u1ebfu m\u00e0u s\u1eafc c\u1ee7a r\u01b0\u1ee3u m\u1ea1nh ph\u1ee5 thu\u1ed9c r\u1ea5t nhi\u1ec1u v\u00e0o l\u00faa m\u1ea1ch th\u00ec r\u01b0\u1ee3u vang c\u0169ng c\u00f3 nh\u1eefng \u0111i\u1ec3m t\u01b0\u01a1ng \u0111\u1ed3ng nh\u01b0 v\u1eady. Th\u1ec3 hi\u1ec7n r\u00f5 n\u00e9t nh\u1ea5t l\u00e0 m\u00e0u c\u1ee7a r\u01b0\u1ee3u vang ph\u1ee5 thu\u1ed9c v\u00e0o lo\u1ea1i nho \u0111\u1ec3 s\u1ea3n xu\u1ea5t ra n\u00f3.<\/p>\n<p><img loading=\"lazy\" decoding=\"async\" class=\"aligncenter wp-image-4182 size-full\" title=\"r\u01b0\u1ee3u vang \u00fd Parelli Puglia\" src=\"http:\/\/khoruounhap.vn\/wp-content\/uploads\/2022\/10\/ruou-vang-Parelli-Puglia.jpg\" alt=\"r\u01b0\u1ee3u vang \u00fd Parelli Puglia\" width=\"2560\" height=\"1920\" \/><\/p>\n<p>\u1ede \u0111\u00e2y nh\u00e0 s\u1ea3n xu\u1ea5t Rocca \u0111\u00e3 k\u1ebft h\u1ee3p m\u00e0u \u0111\u1ecf s\u1eabm c\u1ee7a nho Negroamaro v\u00e0 ch\u00fat \u00e1nh t\u00edm l\u1ea5p l\u00e1nh t\u1eeb nho Malvasia Nera \u0111\u1ec3 t\u1ea1o n\u00ean m\u00e0u \u0111\u1ecf s\u1eabm ruby pha ch\u00fat l\u1ea5p l\u00e1nh \u00e1nh t\u00edm m\u1ed7i khi qu\u00fd kh\u00e1ch l\u1eafc ly r\u01b0\u1ee3u.<\/p>\n<p>\u00c1nh t\u00edm n\u00e0y th\u1ec3 hi\u1ec7n h\u00e0m l\u01b0\u1ee3ng tannin trong r\u01b0\u1ee3u l\u00e0 t\u01b0\u01a1ng \u0111\u1ed1i c\u00e2n b\u1eb1ng t\u1ea1o n\u00ean m\u1ed9t m\u00e0u \u0111\u1ea7y quy\u1ebfn r\u0169 m\u00e0 ch\u1ec9 c\u00f3 trong c\u00e1c chai r\u01b0\u1ee3u vang Negroamaro Puglia m\u00e0 th\u00f4i.<\/p>\n<h2>Th\u00f4ng s\u1ed1 s\u1ea3n ph\u1ea9m r\u01b0\u1ee3u vang \u00dd Parelli Puglia<\/h2>\n<ul>\n<li>M\u00e3 s\u1ea3n ph\u1ea9m: HPW \u2013 0775<\/li>\n<li>Lo\u1ea1i vang: Vang \u0111\u1ecf<\/li>\n<li>Xu\u1ea5t x\u1ee9: Italia<\/li>\n<li>V\u00f9ng tr\u1ed3ng nho: Puglia<\/li>\n<li>Ph\u00e2n h\u1ea1ng: IGT<\/li>\n<li>H\u00e3ng s\u1ea3n xu\u1ea5t: Rocca<\/li>\n<li>Gi\u1ed1ng nho: Negroamaro \u2013 Malvasia Nera<\/li>\n<li>N\u1ed3ng \u0111\u1ed9: 14%<\/li>\n<li>Quy c\u00e1ch: 750ml *6c\/ th\u00f9ng<\/li>\n<\/ul>\n<h2>Th\u01b0\u1edfng th\u1ee9c r\u01b0\u1ee3u vang \u00dd Parelli Puglia ngon nh\u1ea5t<\/h2>\n<p>L\u1ef1a ch\u1ecdn m\u00f3n \u0103n ph\u00f9 h\u1ee3p v\u1edbi lo\u1ea1i r\u01b0\u1ee3u vang \u0111\u1ecf cao c\u1ea5p nhi\u1ec1u khi t\u01b0\u1edfng \u0111\u01a1n gi\u1ea3n nh\u01b0ng nhi\u1ec1u ng\u01b0\u1eddi v\u1eabn m\u1eafc nh\u1eefng l\u1ed7i c\u01a1 b\u1ea3n, gi\u1edd \u0111\u00e2y qu\u00fd kh\u00e1ch kh\u00f4ng c\u00f2n ph\u1ea3i lo l\u1eafng v\u1ec1 \u0111i\u1ec1u \u0111\u00f3 v\u00ec \u0111\u00e3 c\u00f3 nh\u1eefng chuy\u00ean gia r\u01b0\u1ee3u vang \u0111\u1ebfn t\u1eeb Kho R\u01b0\u1ee3u Nh\u1eadp.<\/p>\n<p>Theo kinh nghi\u1ec7m c\u1ee7a c\u00e1c chuy\u00ean gia <a href=\"https:\/\/khoruounhap.vn\/danh-muc-san-pham\/ruou-vang\/\" target=\"_blank\" rel=\"noopener\"><strong>r\u01b0\u1ee3u vang<\/strong><\/a> th\u00ec c\u00e1c m\u00f3n \u0103n sau s\u1ebd l\u00e0 m\u00f3n k\u1ebft h\u1ee3p tuy\u1ec7t v\u1eddi khi th\u01b0\u1edfng th\u1ee9c v\u1edbi chai r\u01b0\u1ee3u vang Parelli Puglia nh\u1eadp kh\u1ea9u c\u1ee7a \u00dd, g\u1ed3m c\u00f3:<\/p>\n<ul>\n<li>Beefsteak<\/li>\n<li>Phomai<\/li>\n<li>Th\u1ecbt c\u1eebu n\u01b0\u1edbng<\/li>\n<li>Khoai t\u00e2y nghi\u1ec1n<\/li>\n<li>M\u1ef3 \u00dd<\/li>\n<\/ul>\n<p>\u0110\u1ec3 th\u01b0\u1edfng th\u1ee9c r\u01b0\u1ee3u vang v\u1edbi m\u00f3n \u0103n th\u00eam ph\u1ea7n thi v\u1ecb, qu\u00fd kh\u00e1ch n\u00ean decanter r\u01b0\u1ee3u vang tr\u01b0\u1edbc b\u1eefa ch\u00ednh kho\u1ea3ng 30 ph\u00fat \u0111\u1ec3 c\u1ea5u tr\u00fac r\u01b0\u1ee3u th\u00eam ph\u1ea7n m\u1ec1m m\u01b0\u1ee3t, \u0111\u1eb7c bi\u1ec7t n\u00ean ng\u00e2m trong x\u00f4 \u0111\u00e1 nhi\u1ec7t \u0111\u1ed9 18 \u0111\u1ed9 C \u0111\u1ec3 cho c\u00e1c t\u1ea7ng l\u1edbp h\u01b0\u01a1ng hoa h\u00f2a quy\u1ec7n v\u1edbi nhau.<\/p>\n<h2><b>R\u01b0\u1ee3u vang \u00dd Parelli Puglia gi\u00e1 bao nhi\u00eau?<\/b><\/h2>\n<p>Tr\u00ean th\u1ecb tr\u01b0\u1eddng hi\u1ec7n nay c\u00f3 r\u1ea5t nhi\u1ec1u c\u00e1c \u0111\u01a1n v\u1ecb cung c\u1ea5p s\u1ea3n ph\u1ea9m\u00a0<a href=\"https:\/\/khoruounhap.vn\/danh-muc-san-pham\/ruou-vang\/ruou-vang-y\/\" target=\"_blank\" rel=\"noopener\"><b>r\u01b0\u1ee3u vang \u00dd<\/b><\/a>\u00a0n\u00e0y. Ch\u00ednh v\u00ec v\u1eady m\u1ee9c gi\u00e1 c\u1ee7a ch\u00fang c\u0169ng r\u1ea5t kh\u00e1c nhau \u1edf t\u00f9y t\u1eebng \u0111\u1ecba \u0111i\u1ec3m b\u00e1n. Kh\u00e1ch h\u00e0ng mua ph\u1ea3i s\u1ea3n ph\u1ea9m v\u1edbi gi\u00e1 cao ng\u1ea5t ng\u01b0\u1edfng c\u0169ng nh\u01b0 h\u00e0ng kh\u00f4ng ch\u00ednh h\u00e3ng, ch\u1ea5t l\u01b0\u1ee3ng kh\u00f4ng \u0111\u1ea3m b\u1ea3o l\u00e0 hi\u1ec7n t\u01b0\u1ee3ng x\u1ea3y ra kh\u00e1 nhi\u1ec1u v\u00ec h\u00e0ng gi\u1ea3 h\u00e0ng nh\u00e1i tr\u00ean th\u1ecb tr\u01b0\u1eddng xu\u1ea5t hi\u1ec7n v\u00f4 c\u00f9ng nhi\u1ec1u v\u00e0 kh\u00f3 c\u00f3 th\u1ec3 ph\u00e2n bi\u1ec7t \u0111\u01b0\u1ee3c.<\/p>\n<p><img loading=\"lazy\" decoding=\"async\" class=\"aligncenter wp-image-4183 size-full\" title=\"Parelli Puglia\" src=\"http:\/\/khoruounhap.vn\/wp-content\/uploads\/2022\/10\/vang-Parelli-Puglia.jpg\" alt=\"Parelli Puglia\" width=\"2560\" height=\"1920\" \/><\/p>\n<p>\u0110\u1ebfn v\u1edbi\u00a0<strong><a href=\"https:\/\/khoruounhap.vn\/\" target=\"_blank\" rel=\"noopener\">Kho R\u01b0\u1ee3u Nh\u1eadp<\/a><\/strong>, qu\u00fd kh\u00e1ch s\u1ebd \u0111\u01b0\u1ee3c kh\u00e1m ph\u00e1 m\u1ed9t th\u1ebf gi\u1edbi phong ph\u00fa v\u1ec1 r\u01b0\u1ee3u vang v\u00e0 bia nh\u1eadp kh\u1ea9u. Ch\u00fang t\u00f4i cung c\u1ea5p nh\u1eefng chai r\u01b0\u1ee3u vang \u0111\u01b0\u1ee3c nh\u1eadp ch\u00ednh ng\u1ea1ch v\u00e0 t\u1eeb ch\u00ednh h\u00e3ng 100%. M\u1ed7i chai r\u01b0\u1ee3u \u0111\u01b0\u1ee3c ch\u00fang t\u00f4i cung c\u1ea5p ph\u1ea3i lu\u00f4n c\u00f3 xu\u1ea5t x\u1ee9 r\u00f5 r\u00e0ng. \u0110\u1ea3m b\u1ea3o ch\u1ea5t l\u01b0\u1ee3ng v\u00e0 lu\u00f4n \u0111\u01b0\u1ee3c b\u1ea3o qu\u1ea3n t\u1ed1t.<\/p>\n<p>Gi\u00e1 c\u1ee7a s\u1ea3n ph\u1ea9m\u00a0<b>r\u01b0\u1ee3u vang \u00dd Parelli Puglia<\/b> t\u1ea1i Kho R\u01b0\u1ee3u Nh\u1eadp hi\u1ec7n nay ch\u1ec9 v\u1edbi 775.000 VN\u0110 m\u1ed9t chai 750ml.<\/p>\n<h2><b>Th\u00f4ng tin li\u00ean h\u1ec7 Kho R\u01b0\u1ee3u Nh\u1eadp<\/b><\/h2>\n<p>C\u00d4NG TY TNHH TH\u01af\u01a0NG M\u1ea0I V\u00c0 D\u1ecaCH V\u1ee4 DI VI\u1ec6T NAM<\/p>\n<p>\u0110\u1ecba ch\u1ec9: S\u1ed1 121 Nguy\u1ec5n Xi\u1ec3n, Ph\u01b0\u1eddng H\u1ea1 \u0110\u00ecnh, Qu\u1eadn Thanh Xu\u00e2n, TP. H\u00e0 N\u1ed9i<\/p>\n<p>Email: khoruounhap88@gmail.com<\/p>\n<p>GPKD s\u1ed1: 0109212838 do S\u1edf KH v\u00e0 \u0110T TP H\u00e0 N\u1ed9i c\u1ea5p ng\u00e0y 08\/06\/2020<\/p>\n<p>S\u1ed1 \u0111i\u1ec7n tho\u1ea1i: 0935.719.699 \u2013 0935.719.699<\/p>\n<p>Website:\u00a0<b>https:\/\/khoruounhap.vn\/<\/b><\/p>\n","protected":false},"excerpt":{"rendered":"<p>Puglia l\u00e0 v\u00f9ng r\u01b0\u1ee3u vang \u00dd n\u1ed5i ti\u1ebfng \u0111\u01b0\u1ee3c nhi\u1ec1u ng\u01b0\u1eddi y\u00eau th\u00edch nh\u1ea5t tr\u00ean th\u1ebf gi\u1edbi hi\u1ec7n nay. Khi n\u1ebfm th\u1eed b\u1ea5t c\u1ee9 m\u1ed9t chai r\u01b0\u1ee3u vang n\u00e0o \u1edf \u0111\u00e2y qu\u00fd kh\u00e1ch c\u0169ng ph\u1ea3i ng\u1ee1 ng\u00e0ng tr\u01b0\u1edbc h\u01b0\u01a1ng th\u01a1m \u0111\u1eb7c tr\u01b0ng, c\u0169ng nh\u01b0 m\u00e0u s\u1eafc \u0111\u1ea7y quy\u1ebfn r\u0169. Khi \u0111\u1ebfn \u0111\u00e2y n\u1ebfu ch\u01b0a t\u1eebng [&#8230;]\n","protected":false},"featured_media":2190,"comment_status":"open","ping_status":"closed","template":"","meta":[],"product_cat":[154,141,221,229,227,222,136,228,155,135,132,226,146],"product_tag":[],"yoast_head":"<!-- This site is optimized with the Yoast SEO plugin v21.5 - https:\/\/yoast.com\/wordpress\/plugins\/seo\/ -->\n<title>Vang \u00dd Parelli Puglia<\/title>\n<meta name=\"robots\" content=\"index, follow, max-snippet:-1, max-image-preview:large, max-video-preview:-1\" \/>\n<link rel=\"canonical\" href=\"https:\/\/pluginviet.com\/mau35\/san-pham\/vang-y-parelli-puglia\/\" \/>\n<meta property=\"og:locale\" content=\"vi_VN\" \/>\n<meta property=\"og:type\" content=\"article\" \/>\n<meta property=\"og:title\" content=\"Vang \u00dd Parelli Puglia\" \/>\n<meta property=\"og:description\" content=\"Puglia l\u00e0 v\u00f9ng r\u01b0\u1ee3u vang \u00dd n\u1ed5i ti\u1ebfng \u0111\u01b0\u1ee3c nhi\u1ec1u ng\u01b0\u1eddi y\u00eau th\u00edch nh\u1ea5t tr\u00ean th\u1ebf gi\u1edbi hi\u1ec7n nay. Khi n\u1ebfm th\u1eed b\u1ea5t c\u1ee9 m\u1ed9t chai r\u01b0\u1ee3u vang n\u00e0o \u1edf \u0111\u00e2y qu\u00fd kh\u00e1ch c\u0169ng ph\u1ea3i ng\u1ee1 ng\u00e0ng tr\u01b0\u1edbc h\u01b0\u01a1ng th\u01a1m \u0111\u1eb7c tr\u01b0ng, c\u0169ng nh\u01b0 m\u00e0u s\u1eafc \u0111\u1ea7y quy\u1ebfn r\u0169. Khi \u0111\u1ebfn \u0111\u00e2y n\u1ebfu ch\u01b0a t\u1eebng [...]\" \/>\n<meta property=\"og:url\" content=\"https:\/\/pluginviet.com\/mau35\/san-pham\/vang-y-parelli-puglia\/\" \/>\n<meta property=\"og:site_name\" content=\"Wine Wave\" \/>\n<meta property=\"article:modified_time\" content=\"2023-04-18T12:21:32+00:00\" \/>\n<meta property=\"og:image\" content=\"https:\/\/pluginviet.com\/mau35\/wp-content\/uploads\/2023\/04\/ruou-vang-Viento-Norte-Family-reserva-1-scaled-1.jpg\" \/>\n\t<meta property=\"og:image:width\" content=\"1920\" \/>\n\t<meta property=\"og:image:height\" content=\"2560\" \/>\n\t<meta property=\"og:image:type\" content=\"image\/jpeg\" \/>\n<meta name=\"twitter:card\" content=\"summary_large_image\" \/>\n<meta name=\"twitter:label1\" content=\"\u01af\u1edbc t\u00ednh th\u1eddi gian \u0111\u1ecdc\" \/>\n\t<meta name=\"twitter:data1\" content=\"6 ph\u00fat\" \/>\n<script type=\"application\/ld+json\" class=\"yoast-schema-graph\">{\"@context\":\"https:\/\/schema.org\",\"@graph\":[{\"@type\":\"WebPage\",\"@id\":\"https:\/\/pluginviet.com\/mau35\/san-pham\/vang-y-parelli-puglia\/\",\"url\":\"https:\/\/pluginviet.com\/mau35\/san-pham\/vang-y-parelli-puglia\/\",\"name\":\"Vang \u00dd Parelli Puglia\",\"isPartOf\":{\"@id\":\"https:\/\/pluginviet.com\/mau35\/#website\"},\"datePublished\":\"2023-04-18T12:06:28+00:00\",\"dateModified\":\"2023-04-18T12:21:32+00:00\",\"breadcrumb\":{\"@id\":\"https:\/\/pluginviet.com\/mau35\/san-pham\/vang-y-parelli-puglia\/#breadcrumb\"},\"inLanguage\":\"vi\",\"potentialAction\":[{\"@type\":\"ReadAction\",\"target\":[\"https:\/\/pluginviet.com\/mau35\/san-pham\/vang-y-parelli-puglia\/\"]}]},{\"@type\":\"BreadcrumbList\",\"@id\":\"https:\/\/pluginviet.com\/mau35\/san-pham\/vang-y-parelli-puglia\/#breadcrumb\",\"itemListElement\":[{\"@type\":\"ListItem\",\"position\":1,\"name\":\"Trang ch\u1ee7\",\"item\":\"https:\/\/pluginviet.com\/mau35\/\"},{\"@type\":\"ListItem\",\"position\":2,\"name\":\"Shop\",\"item\":\"https:\/\/pluginviet.com\/mau35\/shop\/\"},{\"@type\":\"ListItem\",\"position\":3,\"name\":\"Vang \u00dd Parelli Puglia\"}]},{\"@type\":\"WebSite\",\"@id\":\"https:\/\/pluginviet.com\/mau35\/#website\",\"url\":\"https:\/\/pluginviet.com\/mau35\/\",\"name\":\"Wine Wave\",\"description\":\"Th\u01b0\u01a1ng hi\u00ea\u0323u r\u01b0\u01a1\u0323u Vang nh\u00e2\u0323p kh\u00e2\u0309u s\u00f4\u0301 1\",\"potentialAction\":[{\"@type\":\"SearchAction\",\"target\":{\"@type\":\"EntryPoint\",\"urlTemplate\":\"https:\/\/pluginviet.com\/mau35\/?s={search_term_string}\"},\"query-input\":\"required name=search_term_string\"}],\"inLanguage\":\"vi\"}]}<\/script>\n<!-- \/ Yoast SEO plugin. -->","yoast_head_json":{"title":"Vang \u00dd Parelli Puglia","robots":{"index":"index","follow":"follow","max-snippet":"max-snippet:-1","max-image-preview":"max-image-preview:large","max-video-preview":"max-video-preview:-1"},"canonical":"https:\/\/pluginviet.com\/mau35\/san-pham\/vang-y-parelli-puglia\/","og_locale":"vi_VN","og_type":"article","og_title":"Vang \u00dd Parelli Puglia","og_description":"Puglia l\u00e0 v\u00f9ng r\u01b0\u1ee3u vang \u00dd n\u1ed5i ti\u1ebfng \u0111\u01b0\u1ee3c nhi\u1ec1u ng\u01b0\u1eddi y\u00eau th\u00edch nh\u1ea5t tr\u00ean th\u1ebf gi\u1edbi hi\u1ec7n nay. Khi n\u1ebfm th\u1eed b\u1ea5t c\u1ee9 m\u1ed9t chai r\u01b0\u1ee3u vang n\u00e0o \u1edf \u0111\u00e2y qu\u00fd kh\u00e1ch c\u0169ng ph\u1ea3i ng\u1ee1 ng\u00e0ng tr\u01b0\u1edbc h\u01b0\u01a1ng th\u01a1m \u0111\u1eb7c tr\u01b0ng, c\u0169ng nh\u01b0 m\u00e0u s\u1eafc \u0111\u1ea7y quy\u1ebfn r\u0169. Khi \u0111\u1ebfn \u0111\u00e2y n\u1ebfu ch\u01b0a t\u1eebng [...]","og_url":"https:\/\/pluginviet.com\/mau35\/san-pham\/vang-y-parelli-puglia\/","og_site_name":"Wine Wave","article_modified_time":"2023-04-18T12:21:32+00:00","og_image":[{"width":1920,"height":2560,"url":"https:\/\/pluginviet.com\/mau35\/wp-content\/uploads\/2023\/04\/ruou-vang-Viento-Norte-Family-reserva-1-scaled-1.jpg","type":"image\/jpeg"}],"twitter_card":"summary_large_image","twitter_misc":{"\u01af\u1edbc t\u00ednh th\u1eddi gian \u0111\u1ecdc":"6 ph\u00fat"},"schema":{"@context":"https:\/\/schema.org","@graph":[{"@type":"WebPage","@id":"https:\/\/pluginviet.com\/mau35\/san-pham\/vang-y-parelli-puglia\/","url":"https:\/\/pluginviet.com\/mau35\/san-pham\/vang-y-parelli-puglia\/","name":"Vang \u00dd Parelli Puglia","isPartOf":{"@id":"https:\/\/pluginviet.com\/mau35\/#website"},"datePublished":"2023-04-18T12:06:28+00:00","dateModified":"2023-04-18T12:21:32+00:00","breadcrumb":{"@id":"https:\/\/pluginviet.com\/mau35\/san-pham\/vang-y-parelli-puglia\/#breadcrumb"},"inLanguage":"vi","potentialAction":[{"@type":"ReadAction","target":["https:\/\/pluginviet.com\/mau35\/san-pham\/vang-y-parelli-puglia\/"]}]},{"@type":"BreadcrumbList","@id":"https:\/\/pluginviet.com\/mau35\/san-pham\/vang-y-parelli-puglia\/#breadcrumb","itemListElement":[{"@type":"ListItem","position":1,"name":"Trang ch\u1ee7","item":"https:\/\/pluginviet.com\/mau35\/"},{"@type":"ListItem","position":2,"name":"Shop","item":"https:\/\/pluginviet.com\/mau35\/shop\/"},{"@type":"ListItem","position":3,"name":"Vang \u00dd Parelli Puglia"}]},{"@type":"WebSite","@id":"https:\/\/pluginviet.com\/mau35\/#website","url":"https:\/\/pluginviet.com\/mau35\/","name":"Wine Wave","description":"Th\u01b0\u01a1ng hi\u00ea\u0323u r\u01b0\u01a1\u0323u Vang nh\u00e2\u0323p kh\u00e2\u0309u s\u00f4\u0301 1","potentialAction":[{"@type":"SearchAction","target":{"@type":"EntryPoint","urlTemplate":"https:\/\/pluginviet.com\/mau35\/?s={search_term_string}"},"query-input":"required name=search_term_string"}],"inLanguage":"vi"}]}},"_links":{"self":[{"href":"https:\/\/pluginviet.com\/mau35\/wp-json\/wp\/v2\/product\/2179"}],"collection":[{"href":"https:\/\/pluginviet.com\/mau35\/wp-json\/wp\/v2\/product"}],"about":[{"href":"https:\/\/pluginviet.com\/mau35\/wp-json\/wp\/v2\/types\/product"}],"replies":[{"embeddable":true,"href":"https:\/\/pluginviet.com\/mau35\/wp-json\/wp\/v2\/comments?post=2179"}],"wp:featuredmedia":[{"embeddable":true,"href":"https:\/\/pluginviet.com\/mau35\/wp-json\/wp\/v2\/media\/2190"}],"wp:attachment":[{"href":"https:\/\/pluginviet.com\/mau35\/wp-json\/wp\/v2\/media?parent=2179"}],"wp:term":[{"taxonomy":"product_cat","embeddable":true,"href":"https:\/\/pluginviet.com\/mau35\/wp-json\/wp\/v2\/product_cat?post=2179"},{"taxonomy":"product_tag","embeddable":true,"href":"https:\/\/pluginviet.com\/mau35\/wp-json\/wp\/v2\/product_tag?post=2179"}],"curies":[{"name":"wp","href":"https:\/\/api.w.org\/{rel}","templated":true}]}}