{"id":3945,"date":"2023-01-11T12:19:45","date_gmt":"2023-01-11T05:19:45","guid":{"rendered":"https:\/\/khomaudep.com\/huongvie\/?post_type=product&#038;p=3945"},"modified":"2023-02-07T11:12:25","modified_gmt":"2023-02-07T04:12:25","slug":"mit-say-deo","status":"publish","type":"product","link":"https:\/\/pluginviet.com\/mau32\/san-pham\/mit-say-deo\/","title":{"rendered":"M\u00cdT S\u1ea4Y D\u1ebaO"},"content":{"rendered":"<p>&nbsp;<\/p>\n<p>&nbsp;<\/p>\n<p><strong>M\u00d4 T\u1ea2\u00a0<\/strong><\/p>\n<p>M\u00edt s\u1ea5y\u00a0c\u00f3 v\u1ecb ng\u1ecdt thanh t\u1ef1 nhi\u00ean, kh\u00f4ng \u0111\u01b0\u1eddng, c\u00f3 m\u00e0u v\u00e0ng s\u00e1ng l\u00e0 m\u00f3n \u0103n v\u1eb7t \u0111\u01b0\u1ee3c nhi\u1ec1u ng\u01b0\u1eddi th\u00edch b\u1edfi h\u01b0\u01a1ng v\u1ecb th\u01a1m ngon, gi\u00f2n x\u1ed1p.<\/p>\n<p>M\u00edt s\u1ea5y ch\u1ee9a nhi\u1ec1u ch\u1ea5t x\u01a1, vitamin A, C v\u00e0 c\u00e1c kho\u00e1ng ch\u1ea5t nh\u01b0 canxi, kali, s\u1eaft, thiamin, riboflavin, niacin, magnesium, c\u00f3 nhi\u1ec1u l\u1ee3i \u00edch r\u1ea5t t\u1ed1t cho s\u1ee9c kh\u1ecfe<\/p>\n<p><strong>CH\u1ee8C N\u0102NG\u00a0<\/strong><\/p>\n<ul>\n<li>B\u1ed5 sung ch\u1ea5t x\u01a1, h\u1ed7 tr\u1ee3 ch\u1ee9c n\u0103ng ti\u00eau h\u00f3a v\u00e0 x\u01b0\u01a1ng kh\u1edbp<\/li>\n<li>Gi\u00fap ng\u0103n ng\u1eeba b\u1ec7nh tim m\u1ea1ch, t\u1ed1t cho m\u1eaft<\/li>\n<li>Ng\u0103n ng\u1eeba ung th\u01b0<\/li>\n<li>H\u1ed7 tr\u1ee3 gi\u1ea3m c\u00e2n, ch\u1ed1ng l\u00e3o h\u00f3a da<\/li>\n<\/ul>\n<p>M\u00edt s\u1ea5y c\u1ee7a H\u01b0\u01a1ng Vie\u00a0 l\u00e0 s\u1ea3n ph\u1ea9m \u0111\u01b0\u1ee3c ch\u1ecdn l\u1ecdc t\u1eeb nh\u1eefng nguy\u00ean li\u1ec7u t\u01b0\u01a1i ngon nh\u1ea5t, \u0111\u01b0\u1ee3c ph\u00e1t tri\u1ec3n tr\u00ean d\u00e2y chuy\u1ec1n c\u00f4ng ngh\u1ec7 hi\u1ec7n \u0111\u1ea1i, ti\u00ean ti\u1ebfn, kh\u00f4ng l\u00e0m m\u1ea5t c\u00e1c ch\u1ea5t dinh d\u01b0\u1ee1ng trong qu\u00e1 tr\u00ecnh s\u1ea5y, \u0111\u1ea3m b\u1ea3o v\u1ec7 sinh an to\u00e0n th\u1ef1c ph\u1ea9m, kh\u00f4ng s\u1eed d\u1ee5ng h\u00f3a ch\u1ea5t v\u00e0 ph\u1ee5 gia.<\/p>\n<p>S\u1ea3n ph\u1ea9m \u0111\u1ea1t ti\u00eau chu\u1ea9n an to\u00e0n v\u1ec7 sinh, kh\u00f4ng ch\u1ea5t b\u1ea3o qu\u1ea3n, c\u00f3 th\u1ec3 s\u1eed d\u1ee5ng cho ng\u01b0\u1eddi \u0103n chay, \u0111\u01b0\u1ee3c \u0111\u00f3ng g\u00f3i ti\u1ec7n d\u1ee5ng.<\/p>\n<p><strong>H\u01b0\u1edbng d\u1eabn b\u1ea3o qu\u1ea3n:\u00a0<\/strong>N\u01a1i kh\u00f4 r\u00e1o, tho\u00e1ng m\u00e1t. Tr\u00e1nh \u00e1nh n\u1eafng m\u1eb7t tr\u1eddi tr\u1ef1c ti\u1ebfp.<\/p>\n<p><strong>H\u01b0\u1edbng d\u1eabn s\u1eed d\u1ee5ng:\u00a0<\/strong>D\u00f9ng ngay sau khi m\u1edf bao b\u00ec. \u0110\u00f3ng k\u00edn sau khi s\u1eed d\u1ee5ng.<\/p>\n<p>H\u01b0\u01a1ng Vie &#8211; Nh\u00e0 s\u1ea3n xu\u1ea5t h\u01b0\u01a1ng li\u1ec7u t\u1ef1 nhi\u00ean thu\u1ea7n Vi\u1ec7t cao c\u1ea5p.<\/p>\n<p>T\u00ecm \u0111\u1ed1i t\u00e1c nghi\u00ean c\u1ee9u v\u00e0 ph\u00e1t tri\u1ec3n s\u1ea3n ph\u1ea9m t\u00ecm H\u01b0\u01a1ng Vie!<\/p>\n<p>T\u00ecm h\u01b0\u01a1ng li\u1ec7u th\u1ef1c ph\u1ea9m cao c\u1ea5p, t\u00ecm H\u01b0\u01a1ng Vie!<\/p>\n<p>G\u1ecdi ngay hotline:\u00a0<strong> 0904883061<\/strong>\u00a0\u0111\u1ec3 \u0111\u01b0\u1ee3c t\u01b0 v\u1ea5n v\u00e0 nh\u1eadn m\u1eabu th\u1eed.<\/p>\n<p>Email: contact@huongvie.com<\/p>\n<p>&nbsp;<\/p>\n","protected":false},"excerpt":{"rendered":"<table style=\"border-collapse: collapse;width: 100%;height: 128px\">\n<tbody>\n<tr style=\"height: 21px\">\n<td style=\"width: 50%;height: 21px\">S\u1ea3n ph\u1ea9m:<\/td>\n<td style=\"width: 50%;height: 21px\">Xo\u00e0y s\u1ea5y<\/td>\n<\/tr>\n<tr style=\"height: 21px\">\n<td style=\"width: 50%;height: 21px\">Danh m\u1ee5c<\/td>\n<td style=\"width: 50%;height: 21px\">H\u01b0\u01a1ng li\u1ec7u th\u1ef1c ph\u1ea9m- tr\u00e1i c\u00e2y s\u1ea5y<\/td>\n<\/tr>\n<tr style=\"height: 21px\">\n<td style=\"width: 50%;height: 21px\">Th\u00e0nh ph\u1ea7n<\/td>\n<td style=\"width: 50%;height: 21px\">100%\u00a0 xo\u00e0i<\/td>\n<\/tr>\n<tr style=\"height: 21px\">\n<td style=\"width: 50%;height: 22px\">Kh\u1ed1i l\u01b0\u1ee3ng<\/td>\n<td style=\"width: 50%;height: 22px\">5 kg &#8211; 15kg &#8211; 25kg &#8211; 50kg<\/td>\n<\/tr>\n<tr style=\"height: 43px\">\n<td style=\"width: 50%;height: 43px\">S\u1ea3n xu\u1ea5t<\/td>\n<td style=\"width: 50%;height: 43px\">C\u00f4ng ty TNHH H\u01b0\u01a1ng Li\u1ec7u &amp; Nguy\u00ean Li\u1ec7u Th\u1ef1c Ph\u1ea9m H\u01b0\u01a1ng Vie<\/td>\n<\/tr>\n<\/tbody>\n<\/table>\n","protected":false},"featured_media":4079,"comment_status":"open","ping_status":"closed","template":"","meta":[],"product_cat":[15,207],"product_tag":[],"class_list":{"0":"post-3945","1":"product","2":"type-product","3":"status-publish","4":"has-post-thumbnail","6":"product_cat-san-pham","7":"product_cat-hoa-qua-say","9":"first","10":"instock","11":"shipping-taxable","12":"product-type-simple"},"acf":[],"yoast_head":"<!-- This site is optimized with the Yoast SEO plugin v23.6 - https:\/\/yoast.com\/wordpress\/plugins\/seo\/ -->\n<title>M\u00cdT S\u1ea4Y D\u1ebaO - H\u01b0\u01a1ng Vie<\/title>\n<meta name=\"robots\" content=\"index, follow, max-snippet:-1, max-image-preview:large, max-video-preview:-1\" \/>\n<link rel=\"canonical\" href=\"https:\/\/pluginviet.com\/mau32\/san-pham\/mit-say-deo\/\" \/>\n<meta property=\"og:locale\" content=\"vi_VN\" \/>\n<meta property=\"og:type\" content=\"article\" \/>\n<meta property=\"og:title\" content=\"M\u00cdT S\u1ea4Y D\u1ebaO - H\u01b0\u01a1ng Vie\" \/>\n<meta property=\"og:description\" content=\"S\u1ea3n ph\u1ea9m: Xo\u00e0y s\u1ea5y   Danh m\u1ee5c H\u01b0\u01a1ng li\u1ec7u th\u1ef1c ph\u1ea9m- tr\u00e1i c\u00e2y s\u1ea5y   Th\u00e0nh ph\u1ea7n 100%\u00a0 xo\u00e0i   Kh\u1ed1i l\u01b0\u1ee3ng 5 kg - 15kg - 25kg - 50kg   S\u1ea3n xu\u1ea5t C\u00f4ng ty TNHH H\u01b0\u01a1ng Li\u1ec7u &amp; Nguy\u00ean Li\u1ec7u Th\u1ef1c Ph\u1ea9m H\u01b0\u01a1ng Vie\" \/>\n<meta property=\"og:url\" content=\"https:\/\/pluginviet.com\/mau32\/san-pham\/mit-say-deo\/\" \/>\n<meta property=\"og:site_name\" content=\"H\u01b0\u01a1ng Vie\" \/>\n<meta property=\"article:modified_time\" content=\"2023-02-07T04:12:25+00:00\" \/>\n<meta property=\"og:image\" content=\"https:\/\/pluginviet.com\/mau32\/wp-content\/uploads\/2023\/01\/mit.webp\" \/>\n\t<meta property=\"og:image:width\" content=\"2500\" \/>\n\t<meta property=\"og:image:height\" content=\"2500\" \/>\n\t<meta property=\"og:image:type\" content=\"image\/webp\" \/>\n<meta name=\"twitter:card\" content=\"summary_large_image\" \/>\n<meta name=\"twitter:label1\" content=\"\u01af\u1edbc t\u00ednh th\u1eddi gian \u0111\u1ecdc\" \/>\n\t<meta name=\"twitter:data1\" content=\"2 ph\u00fat\" \/>\n<script type=\"application\/ld+json\" class=\"yoast-schema-graph\">{\"@context\":\"https:\/\/schema.org\",\"@graph\":[{\"@type\":\"WebPage\",\"@id\":\"https:\/\/pluginviet.com\/mau32\/san-pham\/mit-say-deo\/\",\"url\":\"https:\/\/pluginviet.com\/mau32\/san-pham\/mit-say-deo\/\",\"name\":\"M\u00cdT S\u1ea4Y D\u1ebaO - H\u01b0\u01a1ng Vie\",\"isPartOf\":{\"@id\":\"https:\/\/pluginviet.com\/mau32\/#website\"},\"primaryImageOfPage\":{\"@id\":\"https:\/\/pluginviet.com\/mau32\/san-pham\/mit-say-deo\/#primaryimage\"},\"image\":{\"@id\":\"https:\/\/pluginviet.com\/mau32\/san-pham\/mit-say-deo\/#primaryimage\"},\"thumbnailUrl\":\"https:\/\/pluginviet.com\/mau32\/wp-content\/uploads\/2023\/01\/mit.webp\",\"datePublished\":\"2023-01-11T05:19:45+00:00\",\"dateModified\":\"2023-02-07T04:12:25+00:00\",\"breadcrumb\":{\"@id\":\"https:\/\/pluginviet.com\/mau32\/san-pham\/mit-say-deo\/#breadcrumb\"},\"inLanguage\":\"vi\",\"potentialAction\":[{\"@type\":\"ReadAction\",\"target\":[\"https:\/\/pluginviet.com\/mau32\/san-pham\/mit-say-deo\/\"]}]},{\"@type\":\"ImageObject\",\"inLanguage\":\"vi\",\"@id\":\"https:\/\/pluginviet.com\/mau32\/san-pham\/mit-say-deo\/#primaryimage\",\"url\":\"https:\/\/pluginviet.com\/mau32\/wp-content\/uploads\/2023\/01\/mit.webp\",\"contentUrl\":\"https:\/\/pluginviet.com\/mau32\/wp-content\/uploads\/2023\/01\/mit.webp\",\"width\":2500,\"height\":2500},{\"@type\":\"BreadcrumbList\",\"@id\":\"https:\/\/pluginviet.com\/mau32\/san-pham\/mit-say-deo\/#breadcrumb\",\"itemListElement\":[{\"@type\":\"ListItem\",\"position\":1,\"name\":\"Trang ch\u1ee7\",\"item\":\"https:\/\/pluginviet.com\/mau32\/\"},{\"@type\":\"ListItem\",\"position\":2,\"name\":\"Shop\",\"item\":\"https:\/\/pluginviet.com\/mau32\/shop\/\"},{\"@type\":\"ListItem\",\"position\":3,\"name\":\"M\u00cdT S\u1ea4Y D\u1ebaO\"}]},{\"@type\":\"WebSite\",\"@id\":\"https:\/\/pluginviet.com\/mau32\/#website\",\"url\":\"https:\/\/pluginviet.com\/mau32\/\",\"name\":\"H\u01b0\u01a1ng Vie\",\"description\":\"\",\"potentialAction\":[{\"@type\":\"SearchAction\",\"target\":{\"@type\":\"EntryPoint\",\"urlTemplate\":\"https:\/\/pluginviet.com\/mau32\/?s={search_term_string}\"},\"query-input\":{\"@type\":\"PropertyValueSpecification\",\"valueRequired\":true,\"valueName\":\"search_term_string\"}}],\"inLanguage\":\"vi\"}]}<\/script>\n<!-- \/ Yoast SEO plugin. -->","yoast_head_json":{"title":"M\u00cdT S\u1ea4Y D\u1ebaO - H\u01b0\u01a1ng Vie","robots":{"index":"index","follow":"follow","max-snippet":"max-snippet:-1","max-image-preview":"max-image-preview:large","max-video-preview":"max-video-preview:-1"},"canonical":"https:\/\/pluginviet.com\/mau32\/san-pham\/mit-say-deo\/","og_locale":"vi_VN","og_type":"article","og_title":"M\u00cdT S\u1ea4Y D\u1ebaO - H\u01b0\u01a1ng Vie","og_description":"S\u1ea3n ph\u1ea9m: Xo\u00e0y s\u1ea5y   Danh m\u1ee5c H\u01b0\u01a1ng li\u1ec7u th\u1ef1c ph\u1ea9m- tr\u00e1i c\u00e2y s\u1ea5y   Th\u00e0nh ph\u1ea7n 100%\u00a0 xo\u00e0i   Kh\u1ed1i l\u01b0\u1ee3ng 5 kg - 15kg - 25kg - 50kg   S\u1ea3n xu\u1ea5t C\u00f4ng ty TNHH H\u01b0\u01a1ng Li\u1ec7u &amp; Nguy\u00ean Li\u1ec7u Th\u1ef1c Ph\u1ea9m H\u01b0\u01a1ng Vie","og_url":"https:\/\/pluginviet.com\/mau32\/san-pham\/mit-say-deo\/","og_site_name":"H\u01b0\u01a1ng Vie","article_modified_time":"2023-02-07T04:12:25+00:00","og_image":[{"width":2500,"height":2500,"url":"https:\/\/pluginviet.com\/mau32\/wp-content\/uploads\/2023\/01\/mit.webp","type":"image\/webp"}],"twitter_card":"summary_large_image","twitter_misc":{"\u01af\u1edbc t\u00ednh th\u1eddi gian \u0111\u1ecdc":"2 ph\u00fat"},"schema":{"@context":"https:\/\/schema.org","@graph":[{"@type":"WebPage","@id":"https:\/\/pluginviet.com\/mau32\/san-pham\/mit-say-deo\/","url":"https:\/\/pluginviet.com\/mau32\/san-pham\/mit-say-deo\/","name":"M\u00cdT S\u1ea4Y D\u1ebaO - H\u01b0\u01a1ng Vie","isPartOf":{"@id":"https:\/\/pluginviet.com\/mau32\/#website"},"primaryImageOfPage":{"@id":"https:\/\/pluginviet.com\/mau32\/san-pham\/mit-say-deo\/#primaryimage"},"image":{"@id":"https:\/\/pluginviet.com\/mau32\/san-pham\/mit-say-deo\/#primaryimage"},"thumbnailUrl":"https:\/\/pluginviet.com\/mau32\/wp-content\/uploads\/2023\/01\/mit.webp","datePublished":"2023-01-11T05:19:45+00:00","dateModified":"2023-02-07T04:12:25+00:00","breadcrumb":{"@id":"https:\/\/pluginviet.com\/mau32\/san-pham\/mit-say-deo\/#breadcrumb"},"inLanguage":"vi","potentialAction":[{"@type":"ReadAction","target":["https:\/\/pluginviet.com\/mau32\/san-pham\/mit-say-deo\/"]}]},{"@type":"ImageObject","inLanguage":"vi","@id":"https:\/\/pluginviet.com\/mau32\/san-pham\/mit-say-deo\/#primaryimage","url":"https:\/\/pluginviet.com\/mau32\/wp-content\/uploads\/2023\/01\/mit.webp","contentUrl":"https:\/\/pluginviet.com\/mau32\/wp-content\/uploads\/2023\/01\/mit.webp","width":2500,"height":2500},{"@type":"BreadcrumbList","@id":"https:\/\/pluginviet.com\/mau32\/san-pham\/mit-say-deo\/#breadcrumb","itemListElement":[{"@type":"ListItem","position":1,"name":"Trang ch\u1ee7","item":"https:\/\/pluginviet.com\/mau32\/"},{"@type":"ListItem","position":2,"name":"Shop","item":"https:\/\/pluginviet.com\/mau32\/shop\/"},{"@type":"ListItem","position":3,"name":"M\u00cdT S\u1ea4Y D\u1ebaO"}]},{"@type":"WebSite","@id":"https:\/\/pluginviet.com\/mau32\/#website","url":"https:\/\/pluginviet.com\/mau32\/","name":"H\u01b0\u01a1ng Vie","description":"","potentialAction":[{"@type":"SearchAction","target":{"@type":"EntryPoint","urlTemplate":"https:\/\/pluginviet.com\/mau32\/?s={search_term_string}"},"query-input":{"@type":"PropertyValueSpecification","valueRequired":true,"valueName":"search_term_string"}}],"inLanguage":"vi"}]}},"_links":{"self":[{"href":"https:\/\/pluginviet.com\/mau32\/wp-json\/wp\/v2\/product\/3945"}],"collection":[{"href":"https:\/\/pluginviet.com\/mau32\/wp-json\/wp\/v2\/product"}],"about":[{"href":"https:\/\/pluginviet.com\/mau32\/wp-json\/wp\/v2\/types\/product"}],"replies":[{"embeddable":true,"href":"https:\/\/pluginviet.com\/mau32\/wp-json\/wp\/v2\/comments?post=3945"}],"wp:featuredmedia":[{"embeddable":true,"href":"https:\/\/pluginviet.com\/mau32\/wp-json\/wp\/v2\/media\/4079"}],"wp:attachment":[{"href":"https:\/\/pluginviet.com\/mau32\/wp-json\/wp\/v2\/media?parent=3945"}],"wp:term":[{"taxonomy":"product_cat","embeddable":true,"href":"https:\/\/pluginviet.com\/mau32\/wp-json\/wp\/v2\/product_cat?post=3945"},{"taxonomy":"product_tag","embeddable":true,"href":"https:\/\/pluginviet.com\/mau32\/wp-json\/wp\/v2\/product_tag?post=3945"}],"curies":[{"name":"wp","href":"https:\/\/api.w.org\/{rel}","templated":true}]}}