{"id":3942,"date":"2023-01-11T12:15:54","date_gmt":"2023-01-11T05:15:54","guid":{"rendered":"https:\/\/khomaudep.com\/huongvie\/?post_type=product&#038;p=3942"},"modified":"2023-02-07T11:16:09","modified_gmt":"2023-02-07T04:16:09","slug":"xoay-say-deo","status":"publish","type":"product","link":"https:\/\/pluginviet.com\/mau32\/san-pham\/xoay-say-deo\/","title":{"rendered":"XO\u00c0Y S\u1ea4Y D\u1ebaO"},"content":{"rendered":"<p>&nbsp;<\/p>\n<p><strong>M\u00d4 T\u1ea2\u00a0<\/strong><\/p>\n<p>Xo\u00e0i s\u1ea5y d\u1ebbo \u0111\u01b0\u1ee3c l\u00e0m t\u1eeb nh\u1eefng nguy\u00ean li\u1ec7u t\u01b0\u01a1i ngon v\u00e0 ch\u1ecdn l\u1ecdc k\u0129 l\u01b0\u1ee1ng t\u1eeb c\u00e1c v\u01b0\u1eddn tr\u00e1i c\u00e2y Vi\u1ec7t Nam, H\u01b0\u01a1ng Vie cam k\u1ebft \u0111em \u0111\u1ebfn nh\u1eefng s\u1ea3n ph\u1ea9m an to\u00e0n, h\u1ee3p v\u1ec7 sinh v\u00e0 h\u01b0\u01a1ng v\u1ecb thanh ng\u1ecdt t\u1ef1 nhi\u00ean. Kh\u00f4ng s\u1eed d\u1ee5ng ch\u1ea5t b\u1ea3o qu\u1ea3n v\u00e0 quy tr\u00ecnh s\u1ea5y hi\u1ec7n \u0111\u1ea1i gi\u1eef l\u1ea1i dinh d\u01b0\u1ee1ng c\u1ee7a s\u1ea3n ph\u1ea9m.<\/p>\n<p><b>CH\u1ee8C N\u0102NG\u00a0<\/b><\/p>\n<ul>\n<li>T\u1ed1t cho ng\u01b0\u1eddi b\u1ec7nh ti\u1ec3u \u0111\u01b0\u1eddng<\/li>\n<li>Gi\u00fap t\u0103ng c\u01b0\u1eddng kh\u1ea3 n\u0103ng c\u00f3 con \u1edf \u0111\u00e0n \u00f4ng<\/li>\n<li>Gi\u00fap b\u1ed5 n\u00e3o<\/li>\n<li>H\u1ed7 tr\u1ee3 gi\u1ea3m c\u00e2n<\/li>\n<li>Ch\u1ed1ng ung th\u01b0<\/li>\n<li>L\u00e0m \u0111\u1eb9p da<\/li>\n<li>H\u1ed7 tr\u1ee3 ti\u00eau h\u00f3a<\/li>\n<\/ul>\n<p><strong>H\u01b0\u1edbng d\u1eabn b\u1ea3o qu\u1ea3n<\/strong><\/p>\n<p>N\u01a1i kh\u00f4 r\u00e1o, tho\u00e1ng m\u00e1t. Tr\u00e1nh \u00e1nh n\u1eafng m\u1eb7t tr\u1eddi tr\u1ef1c ti\u1ebfp.<\/p>\n<p><strong>H\u01b0\u1edbng d\u1eabn s\u1eed d\u1ee5ng<\/strong><\/p>\n<p>D\u00f9ng ngay sau khi m\u1edf bao b\u00ec. \u0110\u00f3ng k\u00edn sau khi s\u1eed d\u1ee5ng.<\/p>\n<p>H\u01b0\u01a1ng Vie &#8211; Nh\u00e0 s\u1ea3n xu\u1ea5t h\u01b0\u01a1ng li\u1ec7u t\u1ef1 nhi\u00ean thu\u1ea7n Vi\u1ec7t cao c\u1ea5p.<\/p>\n<p>T\u00ecm \u0111\u1ed1i t\u00e1c nghi\u00ean c\u1ee9u v\u00e0 ph\u00e1t tri\u1ec3n s\u1ea3n ph\u1ea9m t\u00ecm H\u01b0\u01a1ng Vie!<\/p>\n<p>T\u00ecm h\u01b0\u01a1ng li\u1ec7u th\u1ef1c ph\u1ea9m cao c\u1ea5p, t\u00ecm H\u01b0\u01a1ng Vie!<\/p>\n<p>G\u1ecdi ngay hotline:\u00a0<strong> 0904883061<\/strong>\u00a0\u0111\u1ec3 \u0111\u01b0\u1ee3c t\u01b0 v\u1ea5n v\u00e0 nh\u1eadn m\u1eabu th\u1eed.<\/p>\n<p>Email: contact@huongvie.com<\/p>\n","protected":false},"excerpt":{"rendered":"<table style=\"border-collapse: collapse;width: 100%;height: 128px\">\n<tbody>\n<tr style=\"height: 21px\">\n<td style=\"width: 50%;height: 21px\">S\u1ea3n ph\u1ea9m:<\/td>\n<td style=\"width: 50%;height: 21px\">Tinh D\u1ea7u B\u1ea1c H\u00e0<\/td>\n<\/tr>\n<tr style=\"height: 21px\">\n<td style=\"width: 50%;height: 21px\">Danh m\u1ee5c<\/td>\n<td style=\"width: 50%;height: 21px\">H\u01b0\u01a1ng li\u1ec7u th\u1ef1c ph\u1ea9m- Tinh D\u1ea7u<\/td>\n<\/tr>\n<tr style=\"height: 21px\">\n<td style=\"width: 50%;height: 21px\">Th\u00e0nh ph\u1ea7n<\/td>\n<td style=\"width: 50%;height: 21px\">100%\u00a0 b\u1ea1c h\u00e0<\/td>\n<\/tr>\n<tr style=\"height: 21px\">\n<td style=\"width: 50%;height: 22px\">Kh\u1ed1i l\u01b0\u1ee3ng<\/td>\n<td style=\"width: 50%;height: 22px\">2 lit- 5lit &#8211; 15lit- 25 lit- 50 lit<\/td>\n<\/tr>\n<tr style=\"height: 43px\">\n<td style=\"width: 50%;height: 43px\">S\u1ea3n xu\u1ea5t<\/td>\n<td style=\"width: 50%;height: 43px\">C\u00f4ng ty TNHH H\u01b0\u01a1ng Li\u1ec7u &amp; Nguy\u00ean Li\u1ec7u Th\u1ef1c Ph\u1ea9m H\u01b0\u01a1ng Vie<\/td>\n<\/tr>\n<\/tbody>\n<\/table>\n","protected":false},"featured_media":3944,"comment_status":"open","ping_status":"closed","template":"","meta":[],"product_cat":[15,207],"product_tag":[],"class_list":{"0":"post-3942","1":"product","2":"type-product","3":"status-publish","4":"has-post-thumbnail","6":"product_cat-san-pham","7":"product_cat-hoa-qua-say","9":"first","10":"instock","11":"shipping-taxable","12":"product-type-simple"},"acf":[],"yoast_head":"<!-- This site is optimized with the Yoast SEO plugin v23.6 - https:\/\/yoast.com\/wordpress\/plugins\/seo\/ -->\n<title>XO\u00c0Y S\u1ea4Y D\u1ebaO - H\u01b0\u01a1ng Vie<\/title>\n<meta name=\"robots\" content=\"index, follow, max-snippet:-1, max-image-preview:large, max-video-preview:-1\" \/>\n<link rel=\"canonical\" href=\"https:\/\/pluginviet.com\/mau32\/san-pham\/xoay-say-deo\/\" \/>\n<meta property=\"og:locale\" content=\"vi_VN\" \/>\n<meta property=\"og:type\" content=\"article\" \/>\n<meta property=\"og:title\" content=\"XO\u00c0Y S\u1ea4Y D\u1ebaO - H\u01b0\u01a1ng Vie\" \/>\n<meta property=\"og:description\" content=\"S\u1ea3n ph\u1ea9m: Tinh D\u1ea7u B\u1ea1c H\u00e0   Danh m\u1ee5c H\u01b0\u01a1ng li\u1ec7u th\u1ef1c ph\u1ea9m- Tinh D\u1ea7u   Th\u00e0nh ph\u1ea7n 100%\u00a0 b\u1ea1c h\u00e0   Kh\u1ed1i l\u01b0\u1ee3ng 2 lit- 5lit - 15lit- 25 lit- 50 lit   S\u1ea3n xu\u1ea5t C\u00f4ng ty TNHH H\u01b0\u01a1ng Li\u1ec7u &amp; Nguy\u00ean Li\u1ec7u Th\u1ef1c Ph\u1ea9m H\u01b0\u01a1ng Vie\" \/>\n<meta property=\"og:url\" content=\"https:\/\/pluginviet.com\/mau32\/san-pham\/xoay-say-deo\/\" \/>\n<meta property=\"og:site_name\" content=\"H\u01b0\u01a1ng Vie\" \/>\n<meta property=\"article:modified_time\" content=\"2023-02-07T04:16:09+00:00\" \/>\n<meta property=\"og:image\" content=\"https:\/\/pluginviet.com\/mau32\/wp-content\/uploads\/2023\/01\/FA1.jpg\" \/>\n\t<meta property=\"og:image:width\" content=\"2000\" \/>\n\t<meta property=\"og:image:height\" content=\"2000\" \/>\n\t<meta property=\"og:image:type\" content=\"image\/jpeg\" \/>\n<meta name=\"twitter:card\" content=\"summary_large_image\" \/>\n<meta name=\"twitter:label1\" content=\"\u01af\u1edbc t\u00ednh th\u1eddi gian \u0111\u1ecdc\" \/>\n\t<meta name=\"twitter:data1\" content=\"1 ph\u00fat\" \/>\n<script type=\"application\/ld+json\" class=\"yoast-schema-graph\">{\"@context\":\"https:\/\/schema.org\",\"@graph\":[{\"@type\":\"WebPage\",\"@id\":\"https:\/\/pluginviet.com\/mau32\/san-pham\/xoay-say-deo\/\",\"url\":\"https:\/\/pluginviet.com\/mau32\/san-pham\/xoay-say-deo\/\",\"name\":\"XO\u00c0Y S\u1ea4Y D\u1ebaO - H\u01b0\u01a1ng Vie\",\"isPartOf\":{\"@id\":\"https:\/\/pluginviet.com\/mau32\/#website\"},\"primaryImageOfPage\":{\"@id\":\"https:\/\/pluginviet.com\/mau32\/san-pham\/xoay-say-deo\/#primaryimage\"},\"image\":{\"@id\":\"https:\/\/pluginviet.com\/mau32\/san-pham\/xoay-say-deo\/#primaryimage\"},\"thumbnailUrl\":\"https:\/\/pluginviet.com\/mau32\/wp-content\/uploads\/2023\/01\/FA1.jpg\",\"datePublished\":\"2023-01-11T05:15:54+00:00\",\"dateModified\":\"2023-02-07T04:16:09+00:00\",\"breadcrumb\":{\"@id\":\"https:\/\/pluginviet.com\/mau32\/san-pham\/xoay-say-deo\/#breadcrumb\"},\"inLanguage\":\"vi\",\"potentialAction\":[{\"@type\":\"ReadAction\",\"target\":[\"https:\/\/pluginviet.com\/mau32\/san-pham\/xoay-say-deo\/\"]}]},{\"@type\":\"ImageObject\",\"inLanguage\":\"vi\",\"@id\":\"https:\/\/pluginviet.com\/mau32\/san-pham\/xoay-say-deo\/#primaryimage\",\"url\":\"https:\/\/pluginviet.com\/mau32\/wp-content\/uploads\/2023\/01\/FA1.jpg\",\"contentUrl\":\"https:\/\/pluginviet.com\/mau32\/wp-content\/uploads\/2023\/01\/FA1.jpg\",\"width\":2000,\"height\":2000},{\"@type\":\"BreadcrumbList\",\"@id\":\"https:\/\/pluginviet.com\/mau32\/san-pham\/xoay-say-deo\/#breadcrumb\",\"itemListElement\":[{\"@type\":\"ListItem\",\"position\":1,\"name\":\"Trang ch\u1ee7\",\"item\":\"https:\/\/pluginviet.com\/mau32\/\"},{\"@type\":\"ListItem\",\"position\":2,\"name\":\"Shop\",\"item\":\"https:\/\/pluginviet.com\/mau32\/shop\/\"},{\"@type\":\"ListItem\",\"position\":3,\"name\":\"XO\u00c0Y S\u1ea4Y D\u1ebaO\"}]},{\"@type\":\"WebSite\",\"@id\":\"https:\/\/pluginviet.com\/mau32\/#website\",\"url\":\"https:\/\/pluginviet.com\/mau32\/\",\"name\":\"H\u01b0\u01a1ng Vie\",\"description\":\"\",\"potentialAction\":[{\"@type\":\"SearchAction\",\"target\":{\"@type\":\"EntryPoint\",\"urlTemplate\":\"https:\/\/pluginviet.com\/mau32\/?s={search_term_string}\"},\"query-input\":{\"@type\":\"PropertyValueSpecification\",\"valueRequired\":true,\"valueName\":\"search_term_string\"}}],\"inLanguage\":\"vi\"}]}<\/script>\n<!-- \/ Yoast SEO plugin. -->","yoast_head_json":{"title":"XO\u00c0Y S\u1ea4Y D\u1ebaO - H\u01b0\u01a1ng Vie","robots":{"index":"index","follow":"follow","max-snippet":"max-snippet:-1","max-image-preview":"max-image-preview:large","max-video-preview":"max-video-preview:-1"},"canonical":"https:\/\/pluginviet.com\/mau32\/san-pham\/xoay-say-deo\/","og_locale":"vi_VN","og_type":"article","og_title":"XO\u00c0Y S\u1ea4Y D\u1ebaO - H\u01b0\u01a1ng Vie","og_description":"S\u1ea3n ph\u1ea9m: Tinh D\u1ea7u B\u1ea1c H\u00e0   Danh m\u1ee5c H\u01b0\u01a1ng li\u1ec7u th\u1ef1c ph\u1ea9m- Tinh D\u1ea7u   Th\u00e0nh ph\u1ea7n 100%\u00a0 b\u1ea1c h\u00e0   Kh\u1ed1i l\u01b0\u1ee3ng 2 lit- 5lit - 15lit- 25 lit- 50 lit   S\u1ea3n xu\u1ea5t C\u00f4ng ty TNHH H\u01b0\u01a1ng Li\u1ec7u &amp; Nguy\u00ean Li\u1ec7u Th\u1ef1c Ph\u1ea9m H\u01b0\u01a1ng Vie","og_url":"https:\/\/pluginviet.com\/mau32\/san-pham\/xoay-say-deo\/","og_site_name":"H\u01b0\u01a1ng Vie","article_modified_time":"2023-02-07T04:16:09+00:00","og_image":[{"width":2000,"height":2000,"url":"https:\/\/pluginviet.com\/mau32\/wp-content\/uploads\/2023\/01\/FA1.jpg","type":"image\/jpeg"}],"twitter_card":"summary_large_image","twitter_misc":{"\u01af\u1edbc t\u00ednh th\u1eddi gian \u0111\u1ecdc":"1 ph\u00fat"},"schema":{"@context":"https:\/\/schema.org","@graph":[{"@type":"WebPage","@id":"https:\/\/pluginviet.com\/mau32\/san-pham\/xoay-say-deo\/","url":"https:\/\/pluginviet.com\/mau32\/san-pham\/xoay-say-deo\/","name":"XO\u00c0Y S\u1ea4Y D\u1ebaO - H\u01b0\u01a1ng Vie","isPartOf":{"@id":"https:\/\/pluginviet.com\/mau32\/#website"},"primaryImageOfPage":{"@id":"https:\/\/pluginviet.com\/mau32\/san-pham\/xoay-say-deo\/#primaryimage"},"image":{"@id":"https:\/\/pluginviet.com\/mau32\/san-pham\/xoay-say-deo\/#primaryimage"},"thumbnailUrl":"https:\/\/pluginviet.com\/mau32\/wp-content\/uploads\/2023\/01\/FA1.jpg","datePublished":"2023-01-11T05:15:54+00:00","dateModified":"2023-02-07T04:16:09+00:00","breadcrumb":{"@id":"https:\/\/pluginviet.com\/mau32\/san-pham\/xoay-say-deo\/#breadcrumb"},"inLanguage":"vi","potentialAction":[{"@type":"ReadAction","target":["https:\/\/pluginviet.com\/mau32\/san-pham\/xoay-say-deo\/"]}]},{"@type":"ImageObject","inLanguage":"vi","@id":"https:\/\/pluginviet.com\/mau32\/san-pham\/xoay-say-deo\/#primaryimage","url":"https:\/\/pluginviet.com\/mau32\/wp-content\/uploads\/2023\/01\/FA1.jpg","contentUrl":"https:\/\/pluginviet.com\/mau32\/wp-content\/uploads\/2023\/01\/FA1.jpg","width":2000,"height":2000},{"@type":"BreadcrumbList","@id":"https:\/\/pluginviet.com\/mau32\/san-pham\/xoay-say-deo\/#breadcrumb","itemListElement":[{"@type":"ListItem","position":1,"name":"Trang ch\u1ee7","item":"https:\/\/pluginviet.com\/mau32\/"},{"@type":"ListItem","position":2,"name":"Shop","item":"https:\/\/pluginviet.com\/mau32\/shop\/"},{"@type":"ListItem","position":3,"name":"XO\u00c0Y S\u1ea4Y D\u1ebaO"}]},{"@type":"WebSite","@id":"https:\/\/pluginviet.com\/mau32\/#website","url":"https:\/\/pluginviet.com\/mau32\/","name":"H\u01b0\u01a1ng Vie","description":"","potentialAction":[{"@type":"SearchAction","target":{"@type":"EntryPoint","urlTemplate":"https:\/\/pluginviet.com\/mau32\/?s={search_term_string}"},"query-input":{"@type":"PropertyValueSpecification","valueRequired":true,"valueName":"search_term_string"}}],"inLanguage":"vi"}]}},"_links":{"self":[{"href":"https:\/\/pluginviet.com\/mau32\/wp-json\/wp\/v2\/product\/3942"}],"collection":[{"href":"https:\/\/pluginviet.com\/mau32\/wp-json\/wp\/v2\/product"}],"about":[{"href":"https:\/\/pluginviet.com\/mau32\/wp-json\/wp\/v2\/types\/product"}],"replies":[{"embeddable":true,"href":"https:\/\/pluginviet.com\/mau32\/wp-json\/wp\/v2\/comments?post=3942"}],"wp:featuredmedia":[{"embeddable":true,"href":"https:\/\/pluginviet.com\/mau32\/wp-json\/wp\/v2\/media\/3944"}],"wp:attachment":[{"href":"https:\/\/pluginviet.com\/mau32\/wp-json\/wp\/v2\/media?parent=3942"}],"wp:term":[{"taxonomy":"product_cat","embeddable":true,"href":"https:\/\/pluginviet.com\/mau32\/wp-json\/wp\/v2\/product_cat?post=3942"},{"taxonomy":"product_tag","embeddable":true,"href":"https:\/\/pluginviet.com\/mau32\/wp-json\/wp\/v2\/product_tag?post=3942"}],"curies":[{"name":"wp","href":"https:\/\/api.w.org\/{rel}","templated":true}]}}