{"id":3940,"date":"2023-01-11T12:04:41","date_gmt":"2023-01-11T05:04:41","guid":{"rendered":"https:\/\/khomaudep.com\/huongvie\/?post_type=product&#038;p=3940"},"modified":"2023-02-07T11:15:34","modified_gmt":"2023-02-07T04:15:34","slug":"tinh-dau-buoi","status":"publish","type":"product","link":"https:\/\/pluginviet.com\/mau32\/san-pham\/tinh-dau-buoi\/","title":{"rendered":"Tinh D\u1ea7u B\u01b0\u1edfi\u00a0"},"content":{"rendered":"<p>&nbsp;<\/p>\n<p><strong>M\u00d4 T\u1ea2 <\/strong><\/p>\n<p>rong l\u00e1, hoa, v\u1ecf qu\u1ea3 b\u01b0\u1edfi \u0111\u1ec1u c\u00f3 ch\u1ee9a tinh d\u1ea7u.<\/p>\n<p>Tinh d\u1ea7u b\u01b0\u1edfi l\u00e0 m\u1ed9t lo\u1ea1i d\u1ea7u c\u00f3 m\u00e0u cam, m\u00f9i th\u01a1m ng\u1ecdt nh\u1eb9, th\u01b0\u1eddng \u0111\u01b0\u1ee3c s\u1eed d\u1ee5ng trong li\u1ec7u ph\u00e1p h\u01b0\u01a1ng th\u01a1m (Aromatherapy). Th\u00f4ng qua ph\u01b0\u01a1ng ph\u00e1p chi\u1ebft xu\u1ea5t kh\u00e1c nhau nh\u01b0: \u00e9p l\u1ea1nh (cold-pressing), ch\u01b0ng c\u1ea5t l\u00f4i cu\u1ed1n h\u01a1i n\u01b0\u1edbc (steam distillation), hay hi\u1ec7n \u0111\u1ea1i h\u01a1n l\u00e0 chi\u1ebft xu\u1ea5t vi ba kh\u00f4ng d\u00f9ng dung m\u00f4i (solvent \u2013 free microwave extraction), \u2026 tinh d\u1ea7u b\u01b0\u1edfi \u0111\u01b0\u1ee3c l\u1ea5y ra t\u1eeb c\u00e1c tuy\u1ebfn tinh d\u1ea7u.<\/p>\n<p><strong>TH\u00c0NH PH\u1ea6N <\/strong><\/p>\n<p><em><strong>V\u1ecf b\u01b0\u1edfi<\/strong><\/em><\/p>\n<p>Trong\u00a0v\u1ecf b\u01b0\u1edfi, t\u1ed5ng c\u1ed9ng c\u00f3 21 h\u1ee3p ch\u1ea5t \u0111\u01b0\u1ee3c ph\u00e1t hi\u1ec7n. Trong s\u1ed1 c\u00e1c h\u1ee3p ch\u1ea5t n\u00e0y, 13 h\u1ee3p ch\u1ea5t l\u00e0 tecpen, chi\u1ebfm 94,15% t\u1ed5ng s\u1ed1. H\u00e0m l\u01b0\u1ee3ng limonene chi\u1ebfm t\u1ec9 l\u1ec7 cao nh\u1ea5t trong v\u1ecf b\u01b0\u1edfi, ti\u1ebfp theo l\u00e0 \u03b2-myrcene, \u03b2-pinen, ocimene v\u00e0 \u03b2-copaene.<\/p>\n<p><em><strong>L\u00e1 b\u01b0\u1edfi<\/strong><\/em><\/p>\n<p>Tinh d\u1ea7u l\u00e1 b\u01b0\u1edfi bao g\u1ed3m Citronellal, citronellol, citronellyl butyrate, \u03b2-caryophyllene v\u00e0 \u03b2-pinen.<\/p>\n<p><strong>B\u1ea2O QU\u1ea2N<\/strong><\/p>\n<div class=\"bg_title\">&#8211; B\u1ea3o qu\u1ea3n n\u01a1i tho\u00e1ng m\u00e1t, t\u1ed1t nh\u1ea5t: 20\u00b0C.<br \/>\n&#8211; Gi\u1eef l\u1ea1nh khi m\u1edf n\u1eafp ( 5- 10\u00b0C).<br \/>\n&#8211; Kh\u00f4ng s\u1eed d\u1ee5ng khi c\u00f3 m\u00f9i l\u1ea1, m\u1ed1c, bi\u1ebfn m\u00e0u.<\/div>\n<p><strong>CH\u1ee8C N\u0102NG\u00a0<\/strong><\/p>\n<p><span style=\"font-weight: 400\">&#8211; T\u00e1c d\u1ee5ng ch\u1ed1ng vi\u00eam<\/span><\/p>\n<p><span style=\"font-weight: 400\">&#8211; Tinh d\u1ea7u b\u01b0\u1edfi gi\u00fap gi\u1ea3m lo \u00e2u<\/span><\/p>\n<p><span style=\"font-weight: 400\">&#8211; Gi\u1ea3m huy\u1ebft \u00e1p<\/span><\/p>\n<p><span style=\"font-weight: 400\">&#8211; Tinh d\u1ea7u b\u01b0\u1edfi gi\u00fap gi\u1ea3m b\u00e9o ph\u00ec<\/span><\/p>\n<p><span style=\"font-weight: 400\">&#8211; L\u00e0m x\u00e0 ph\u00f2ng\u00a0<\/span><\/p>\n<p><span style=\"font-weight: 400\">&#8211; N\u01b0\u1edbc hoa\u00a0<\/span><\/p>\n<p><span style=\"font-weight: 400\">&#8211; M\u1ef9 ph\u1ea9m\u00a0<\/span><\/p>\n<p>L\u01b0u \u00fd khi s\u1eed d\u1ee5ng tinh d\u1ea7u b\u01b0\u1edfi t\u1ef1 nhi\u00ean: b\u1ea3o qu\u1ea3n n\u01a1i kh\u00f4 r\u00e1o, tho\u00e1ng m\u00e1t, tr\u00e1nh \u00e1nh s\u00e1ng m\u1eb7t tr\u1eddi tr\u1ef1c ti\u1ebfp, nhi\u1ec7t \u0111\u1ed9 ph\u00f2ng 25 \u0111\u1ed9 C.<\/p>\n<p><strong>\u01afU \u0110I\u1ec2M<\/strong> c\u1ee7a tinh d\u1ea7u b\u01b0\u1edfi t\u1ea1i H\u01b0\u01a1ng Vie: l\u00e0 m\u1ed9t trong nh\u1eefng d\u00f2ng chi\u1ebft xu\u1ea5t t\u1ef1 nhi\u00ean cao c\u1ea5p nh\u1ea5t, tinh d\u1ea7u b\u01b0\u1edfi gi\u1eef nguy\u00ean \u0111\u01b0\u1ee3c nh\u1eefng d\u01b0\u1ee3c t\u00ednh, tinh ch\u1ea5t qu\u00fd v\u1ed1n c\u00f3 trong s\u1ea3n ph\u1ea9m, s\u1eed d\u1ee5ng c\u00f4ng ngh\u1ec7 s\u1ea5y phun n\u00ean \u0111\u1ec5 tan ho\u00e0n to\u00e0n trong n\u01b0\u1edbc. \u0110\u01b0\u1ee3c t\u01b0 v\u1ea5n b\u1edfi nh\u1eefng nh\u00e0 khoa h\u1ecdc h\u00e0ng \u0111\u1ea7u v\u1ec1 chi\u1ebft xu\u1ea5t t\u1ef1 nhi\u00ean gi\u00fap ph\u00e1t huy t\u1ed1i \u0111a l\u1ee3i th\u1ebf c\u1ee7a chi\u1ebft xu\u1ea5t t\u1ef1 nhi\u00ean, gi\u1ea5y ch\u1ee9ng nh\u1eadn ch\u1ea5t l\u01b0\u1ee3ng v\u00e0 ch\u1ee9ng nh\u1eadn ngu\u1ed3n g\u1ed1c chi\u1ebft xu\u1ea5t t\u1ef1 nhi\u00ean.<\/p>\n<p>H\u01b0\u01a1ng Vie &#8211; Nh\u00e0 s\u1ea3n xu\u1ea5t h\u01b0\u01a1ng li\u1ec7u t\u1ef1 nhi\u00ean thu\u1ea7n Vi\u1ec7t cao c\u1ea5p.<\/p>\n<p>T\u00ecm \u0111\u1ed1i t\u00e1c nghi\u00ean c\u1ee9u v\u00e0 ph\u00e1t tri\u1ec3n s\u1ea3n ph\u1ea9m t\u00ecm H\u01b0\u01a1ng Vie!<\/p>\n<p>T\u00ecm h\u01b0\u01a1ng li\u1ec7u th\u1ef1c ph\u1ea9m cao c\u1ea5p, t\u00ecm H\u01b0\u01a1ng Vie!<\/p>\n<p>G\u1ecdi ngay hotline:\u00a0<strong> 0904883061<\/strong>\u00a0\u0111\u1ec3 \u0111\u01b0\u1ee3c t\u01b0 v\u1ea5n v\u00e0 nh\u1eadn m\u1eabu th\u1eed.<\/p>\n<p>Email: contact@huongvie.com<\/p>\n","protected":false},"excerpt":{"rendered":"<table style=\"border-collapse: collapse;width: 100%;height: 128px\">\n<tbody>\n<tr style=\"height: 21px\">\n<td style=\"width: 50%;height: 21px\">S\u1ea3n ph\u1ea9m:<\/td>\n<td style=\"width: 50%;height: 21px\">Tinh D\u1ea7u B\u01b0\u1edfi<\/td>\n<\/tr>\n<tr style=\"height: 21px\">\n<td style=\"width: 50%;height: 21px\">Danh m\u1ee5c<\/td>\n<td style=\"width: 50%;height: 21px\">H\u01b0\u01a1ng li\u1ec7u th\u1ef1c ph\u1ea9m- Tinh D\u1ea7u<\/td>\n<\/tr>\n<tr style=\"height: 21px\">\n<td style=\"width: 50%;height: 21px\">Th\u00e0nh ph\u1ea7n<\/td>\n<td style=\"width: 50%;height: 21px\">100%\u00a0 b\u01b0\u1edfi<\/td>\n<\/tr>\n<tr style=\"height: 21px\">\n<td style=\"width: 50%;height: 22px\">Kh\u1ed1i l\u01b0\u1ee3ng<\/td>\n<td style=\"width: 50%;height: 22px\">2 lit- 5 lit &#8211; 15 lit &#8211; 25 lit- 50 lit<\/td>\n<\/tr>\n<tr style=\"height: 43px\">\n<td style=\"width: 50%;height: 43px\">S\u1ea3n xu\u1ea5t<\/td>\n<td style=\"width: 50%;height: 43px\">C\u00f4ng ty TNHH H\u01b0\u01a1ng Li\u1ec7u &amp; Nguy\u00ean Li\u1ec7u Th\u1ef1c Ph\u1ea9m H\u01b0\u01a1ng Vi<\/td>\n<\/tr>\n<\/tbody>\n<\/table>\n","protected":false},"featured_media":3941,"comment_status":"open","ping_status":"closed","template":"","meta":[],"product_cat":[15,205],"product_tag":[],"class_list":{"0":"post-3940","1":"product","2":"type-product","3":"status-publish","4":"has-post-thumbnail","6":"product_cat-san-pham","7":"product_cat-tinh-dau","9":"first","10":"instock","11":"shipping-taxable","12":"product-type-simple"},"acf":[],"yoast_head":"<!-- This site is optimized with the Yoast SEO plugin v23.6 - https:\/\/yoast.com\/wordpress\/plugins\/seo\/ -->\n<title>Tinh D\u1ea7u B\u01b0\u1edfi\u00a0 - H\u01b0\u01a1ng Vie<\/title>\n<meta name=\"robots\" content=\"index, follow, max-snippet:-1, max-image-preview:large, max-video-preview:-1\" \/>\n<link rel=\"canonical\" href=\"https:\/\/pluginviet.com\/mau32\/san-pham\/tinh-dau-buoi\/\" \/>\n<meta property=\"og:locale\" content=\"vi_VN\" \/>\n<meta property=\"og:type\" content=\"article\" \/>\n<meta property=\"og:title\" content=\"Tinh D\u1ea7u B\u01b0\u1edfi\u00a0 - H\u01b0\u01a1ng Vie\" \/>\n<meta property=\"og:description\" content=\"S\u1ea3n ph\u1ea9m: Tinh D\u1ea7u B\u01b0\u1edfi   Danh m\u1ee5c H\u01b0\u01a1ng li\u1ec7u th\u1ef1c ph\u1ea9m- Tinh D\u1ea7u   Th\u00e0nh ph\u1ea7n 100%\u00a0 b\u01b0\u1edfi   Kh\u1ed1i l\u01b0\u1ee3ng 2 lit- 5 lit - 15 lit - 25 lit- 50 lit   S\u1ea3n xu\u1ea5t C\u00f4ng ty TNHH H\u01b0\u01a1ng Li\u1ec7u &amp; Nguy\u00ean Li\u1ec7u Th\u1ef1c Ph\u1ea9m H\u01b0\u01a1ng Vi\" \/>\n<meta property=\"og:url\" content=\"https:\/\/pluginviet.com\/mau32\/san-pham\/tinh-dau-buoi\/\" \/>\n<meta property=\"og:site_name\" content=\"H\u01b0\u01a1ng Vie\" \/>\n<meta property=\"article:modified_time\" content=\"2023-02-07T04:15:34+00:00\" \/>\n<meta property=\"og:image\" content=\"https:\/\/pluginviet.com\/mau32\/wp-content\/uploads\/2023\/01\/tinh-dau-buoi-hong-grapefruit-400x400-1.png\" \/>\n\t<meta property=\"og:image:width\" content=\"400\" \/>\n\t<meta property=\"og:image:height\" content=\"400\" \/>\n\t<meta property=\"og:image:type\" content=\"image\/png\" \/>\n<meta name=\"twitter:card\" content=\"summary_large_image\" \/>\n<meta name=\"twitter:label1\" content=\"\u01af\u1edbc t\u00ednh th\u1eddi gian \u0111\u1ecdc\" \/>\n\t<meta name=\"twitter:data1\" content=\"3 ph\u00fat\" \/>\n<script type=\"application\/ld+json\" class=\"yoast-schema-graph\">{\"@context\":\"https:\/\/schema.org\",\"@graph\":[{\"@type\":\"WebPage\",\"@id\":\"https:\/\/pluginviet.com\/mau32\/san-pham\/tinh-dau-buoi\/\",\"url\":\"https:\/\/pluginviet.com\/mau32\/san-pham\/tinh-dau-buoi\/\",\"name\":\"Tinh D\u1ea7u B\u01b0\u1edfi\u00a0 - H\u01b0\u01a1ng Vie\",\"isPartOf\":{\"@id\":\"https:\/\/pluginviet.com\/mau32\/#website\"},\"primaryImageOfPage\":{\"@id\":\"https:\/\/pluginviet.com\/mau32\/san-pham\/tinh-dau-buoi\/#primaryimage\"},\"image\":{\"@id\":\"https:\/\/pluginviet.com\/mau32\/san-pham\/tinh-dau-buoi\/#primaryimage\"},\"thumbnailUrl\":\"https:\/\/pluginviet.com\/mau32\/wp-content\/uploads\/2023\/01\/tinh-dau-buoi-hong-grapefruit-400x400-1.png\",\"datePublished\":\"2023-01-11T05:04:41+00:00\",\"dateModified\":\"2023-02-07T04:15:34+00:00\",\"breadcrumb\":{\"@id\":\"https:\/\/pluginviet.com\/mau32\/san-pham\/tinh-dau-buoi\/#breadcrumb\"},\"inLanguage\":\"vi\",\"potentialAction\":[{\"@type\":\"ReadAction\",\"target\":[\"https:\/\/pluginviet.com\/mau32\/san-pham\/tinh-dau-buoi\/\"]}]},{\"@type\":\"ImageObject\",\"inLanguage\":\"vi\",\"@id\":\"https:\/\/pluginviet.com\/mau32\/san-pham\/tinh-dau-buoi\/#primaryimage\",\"url\":\"https:\/\/pluginviet.com\/mau32\/wp-content\/uploads\/2023\/01\/tinh-dau-buoi-hong-grapefruit-400x400-1.png\",\"contentUrl\":\"https:\/\/pluginviet.com\/mau32\/wp-content\/uploads\/2023\/01\/tinh-dau-buoi-hong-grapefruit-400x400-1.png\",\"width\":400,\"height\":400},{\"@type\":\"BreadcrumbList\",\"@id\":\"https:\/\/pluginviet.com\/mau32\/san-pham\/tinh-dau-buoi\/#breadcrumb\",\"itemListElement\":[{\"@type\":\"ListItem\",\"position\":1,\"name\":\"Trang ch\u1ee7\",\"item\":\"https:\/\/pluginviet.com\/mau32\/\"},{\"@type\":\"ListItem\",\"position\":2,\"name\":\"Shop\",\"item\":\"https:\/\/pluginviet.com\/mau32\/shop\/\"},{\"@type\":\"ListItem\",\"position\":3,\"name\":\"Tinh D\u1ea7u B\u01b0\u1edfi\u00a0\"}]},{\"@type\":\"WebSite\",\"@id\":\"https:\/\/pluginviet.com\/mau32\/#website\",\"url\":\"https:\/\/pluginviet.com\/mau32\/\",\"name\":\"H\u01b0\u01a1ng Vie\",\"description\":\"\",\"potentialAction\":[{\"@type\":\"SearchAction\",\"target\":{\"@type\":\"EntryPoint\",\"urlTemplate\":\"https:\/\/pluginviet.com\/mau32\/?s={search_term_string}\"},\"query-input\":{\"@type\":\"PropertyValueSpecification\",\"valueRequired\":true,\"valueName\":\"search_term_string\"}}],\"inLanguage\":\"vi\"}]}<\/script>\n<!-- \/ Yoast SEO plugin. -->","yoast_head_json":{"title":"Tinh D\u1ea7u B\u01b0\u1edfi\u00a0 - H\u01b0\u01a1ng Vie","robots":{"index":"index","follow":"follow","max-snippet":"max-snippet:-1","max-image-preview":"max-image-preview:large","max-video-preview":"max-video-preview:-1"},"canonical":"https:\/\/pluginviet.com\/mau32\/san-pham\/tinh-dau-buoi\/","og_locale":"vi_VN","og_type":"article","og_title":"Tinh D\u1ea7u B\u01b0\u1edfi\u00a0 - H\u01b0\u01a1ng Vie","og_description":"S\u1ea3n ph\u1ea9m: Tinh D\u1ea7u B\u01b0\u1edfi   Danh m\u1ee5c H\u01b0\u01a1ng li\u1ec7u th\u1ef1c ph\u1ea9m- Tinh D\u1ea7u   Th\u00e0nh ph\u1ea7n 100%\u00a0 b\u01b0\u1edfi   Kh\u1ed1i l\u01b0\u1ee3ng 2 lit- 5 lit - 15 lit - 25 lit- 50 lit   S\u1ea3n xu\u1ea5t C\u00f4ng ty TNHH H\u01b0\u01a1ng Li\u1ec7u &amp; Nguy\u00ean Li\u1ec7u Th\u1ef1c Ph\u1ea9m H\u01b0\u01a1ng Vi","og_url":"https:\/\/pluginviet.com\/mau32\/san-pham\/tinh-dau-buoi\/","og_site_name":"H\u01b0\u01a1ng Vie","article_modified_time":"2023-02-07T04:15:34+00:00","og_image":[{"width":400,"height":400,"url":"https:\/\/pluginviet.com\/mau32\/wp-content\/uploads\/2023\/01\/tinh-dau-buoi-hong-grapefruit-400x400-1.png","type":"image\/png"}],"twitter_card":"summary_large_image","twitter_misc":{"\u01af\u1edbc t\u00ednh th\u1eddi gian \u0111\u1ecdc":"3 ph\u00fat"},"schema":{"@context":"https:\/\/schema.org","@graph":[{"@type":"WebPage","@id":"https:\/\/pluginviet.com\/mau32\/san-pham\/tinh-dau-buoi\/","url":"https:\/\/pluginviet.com\/mau32\/san-pham\/tinh-dau-buoi\/","name":"Tinh D\u1ea7u B\u01b0\u1edfi\u00a0 - H\u01b0\u01a1ng Vie","isPartOf":{"@id":"https:\/\/pluginviet.com\/mau32\/#website"},"primaryImageOfPage":{"@id":"https:\/\/pluginviet.com\/mau32\/san-pham\/tinh-dau-buoi\/#primaryimage"},"image":{"@id":"https:\/\/pluginviet.com\/mau32\/san-pham\/tinh-dau-buoi\/#primaryimage"},"thumbnailUrl":"https:\/\/pluginviet.com\/mau32\/wp-content\/uploads\/2023\/01\/tinh-dau-buoi-hong-grapefruit-400x400-1.png","datePublished":"2023-01-11T05:04:41+00:00","dateModified":"2023-02-07T04:15:34+00:00","breadcrumb":{"@id":"https:\/\/pluginviet.com\/mau32\/san-pham\/tinh-dau-buoi\/#breadcrumb"},"inLanguage":"vi","potentialAction":[{"@type":"ReadAction","target":["https:\/\/pluginviet.com\/mau32\/san-pham\/tinh-dau-buoi\/"]}]},{"@type":"ImageObject","inLanguage":"vi","@id":"https:\/\/pluginviet.com\/mau32\/san-pham\/tinh-dau-buoi\/#primaryimage","url":"https:\/\/pluginviet.com\/mau32\/wp-content\/uploads\/2023\/01\/tinh-dau-buoi-hong-grapefruit-400x400-1.png","contentUrl":"https:\/\/pluginviet.com\/mau32\/wp-content\/uploads\/2023\/01\/tinh-dau-buoi-hong-grapefruit-400x400-1.png","width":400,"height":400},{"@type":"BreadcrumbList","@id":"https:\/\/pluginviet.com\/mau32\/san-pham\/tinh-dau-buoi\/#breadcrumb","itemListElement":[{"@type":"ListItem","position":1,"name":"Trang ch\u1ee7","item":"https:\/\/pluginviet.com\/mau32\/"},{"@type":"ListItem","position":2,"name":"Shop","item":"https:\/\/pluginviet.com\/mau32\/shop\/"},{"@type":"ListItem","position":3,"name":"Tinh D\u1ea7u B\u01b0\u1edfi\u00a0"}]},{"@type":"WebSite","@id":"https:\/\/pluginviet.com\/mau32\/#website","url":"https:\/\/pluginviet.com\/mau32\/","name":"H\u01b0\u01a1ng Vie","description":"","potentialAction":[{"@type":"SearchAction","target":{"@type":"EntryPoint","urlTemplate":"https:\/\/pluginviet.com\/mau32\/?s={search_term_string}"},"query-input":{"@type":"PropertyValueSpecification","valueRequired":true,"valueName":"search_term_string"}}],"inLanguage":"vi"}]}},"_links":{"self":[{"href":"https:\/\/pluginviet.com\/mau32\/wp-json\/wp\/v2\/product\/3940"}],"collection":[{"href":"https:\/\/pluginviet.com\/mau32\/wp-json\/wp\/v2\/product"}],"about":[{"href":"https:\/\/pluginviet.com\/mau32\/wp-json\/wp\/v2\/types\/product"}],"replies":[{"embeddable":true,"href":"https:\/\/pluginviet.com\/mau32\/wp-json\/wp\/v2\/comments?post=3940"}],"wp:featuredmedia":[{"embeddable":true,"href":"https:\/\/pluginviet.com\/mau32\/wp-json\/wp\/v2\/media\/3941"}],"wp:attachment":[{"href":"https:\/\/pluginviet.com\/mau32\/wp-json\/wp\/v2\/media?parent=3940"}],"wp:term":[{"taxonomy":"product_cat","embeddable":true,"href":"https:\/\/pluginviet.com\/mau32\/wp-json\/wp\/v2\/product_cat?post=3940"},{"taxonomy":"product_tag","embeddable":true,"href":"https:\/\/pluginviet.com\/mau32\/wp-json\/wp\/v2\/product_tag?post=3940"}],"curies":[{"name":"wp","href":"https:\/\/api.w.org\/{rel}","templated":true}]}}