{"id":3936,"date":"2023-01-11T11:46:14","date_gmt":"2023-01-11T04:46:14","guid":{"rendered":"https:\/\/khomaudep.com\/huongvie\/?post_type=product&#038;p=3936"},"modified":"2023-02-07T11:14:40","modified_gmt":"2023-02-07T04:14:40","slug":"tinh-dau-bac-ha","status":"publish","type":"product","link":"https:\/\/pluginviet.com\/mau32\/san-pham\/tinh-dau-bac-ha\/","title":{"rendered":"TINH D\u1ea6U B\u1ea0C H\u00c0"},"content":{"rendered":"<p>&nbsp;<\/p>\n<p>&nbsp;<\/p>\n<p><strong>M\u00d4 T\u1ea2 <\/strong><\/p>\n<p>C\u00e2y b\u1ea1c h\u00e0 l\u00e0 lo\u00e0i c\u00e2y th\u00e2n th\u1ea3o, n\u00f3 l\u00e0 k\u1ebft qu\u1ea3 c\u1ee7a s\u1ef1 lai t\u1ea1o gi\u1eefa 2 gi\u1ed1ng b\u1ea1c h\u00e0 M aquatica v\u00e0 M. spicata. Theo s\u1ed5 s\u00e1ch \u0111\u01b0\u1ee3c ghi ch\u00e9p l\u1ea1i, c\u00e2y b\u1ea1c h\u00e0 c\u00f2n c\u00f3 t\u00ean g\u1ecdi latinh l\u00e0 Mentha piperita, thu\u1ed9c h\u1ecd Hoa m\u00f4i. M\u00f9a h\u00e8 ch\u00ednh l\u00e0 kho\u1ea3ng th\u1eddi gian l\u00fd t\u01b0\u1edfng nh\u1ea5t \u0111\u1ec3 tinh d\u1ea7u b\u1ea1c h\u00e0 th\u1ec3 hi\u1ec7n t\u1ed1i \u0111a c\u00f4ng d\u1ee5ng hi\u1ec7n c\u00f3 c\u1ee7a m\u00ecnh. H\u01b0\u01a1ng th\u01a1m n\u1ed3ng n\u00e0n ch\u1ec9 c\u1ea7n \u0111\u01b0a nh\u1eb9 g\u1ea7n m\u0169i c\u0169ng \u0111\u1ee7 khi\u1ebfn b\u1ea1n c\u1ea3m nh\u1eadn r\u00f5 s\u1ef1 quy\u1ebfn r\u0169 kh\u00f3 c\u01b0\u1ee1ng \u1ea5y. Nh\u00e2m nhi m\u1ed9t ly tr\u00e0 b\u1ea1c h\u00e0 \u0111\u00e1 l\u1ea1nh hay th\u01b0\u1edfng th\u1ee9c m\u1ed9t m\u1ea9u b\u00e1nh c\u00f3 nguy\u00ean li\u1ec7u b\u1ea1c h\u00e0, c\u1ea3m gi\u00e1c t\u01b0\u01a1i m\u00e1t tr\u00e0n \u0111\u1ea7y khoang mi\u1ec7ng \u0111\u1ee7 s\u1ee9c \u0111\u1ec3 gi\u1ea3m s\u1ee9c n\u00f3ng c\u1ee7a ng\u00e0y h\u00e8!<\/p>\n<p><strong>B\u1ea2O QU\u1ea2N<\/strong><\/p>\n<div class=\"bg_title\">&#8211; B\u1ea3o qu\u1ea3n n\u01a1i tho\u00e1ng m\u00e1t, t\u1ed1t nh\u1ea5t: 20\u00b0C.<br \/>\n&#8211; Gi\u1eef l\u1ea1nh khi m\u1edf n\u1eafp ( 5- 10\u00b0C).<br \/>\n&#8211; Kh\u00f4ng s\u1eed d\u1ee5ng khi c\u00f3 m\u00f9i l\u1ea1, m\u1ed1c, bi\u1ebfn m\u00e0u.<\/div>\n<p><strong>CH\u1ee8C N\u0102NG\u00a0<\/strong><\/p>\n<p><span style=\"font-weight: 400\">&#8211; Tinh d\u1ea7u b\u1ea1c h\u00e0 \u201cX\u00f3a s\u1ed5\u201d c\u1ea3m gi\u00e1c bu\u1ed3n n\u00f4n<\/span><\/p>\n<p><span style=\"font-weight: 400\">&#8211; Gi\u1ea3m tri\u1ec7u ch\u1ee9ng ng\u1ee9a ng\u00e1y kh\u00f3 ch\u1ecbu<\/span><\/p>\n<p><span style=\"font-weight: 400\">&#8211; Tinh d\u1ea7u b\u1ea1c h\u00e0 k\u00edch th\u00edch m\u1ecdc t\u00f3c<\/span><\/p>\n<p><span style=\"font-weight: 400\">&#8211; Gi\u1ea3m \u0111au \u0111\u1ea7u hi\u1ec7u qu\u1ea3<\/span><\/p>\n<p><span style=\"font-weight: 400\">&#8211; Tinh d\u1ea7u b\u1ea1c h\u00e0 tr\u1ecb li\u1ec7u t\u00e2m h\u1ed3n\u00a0<\/span><\/p>\n<p><span style=\"font-weight: 400\">&#8211; Ho\u1ea1t \u0111\u1ed9ng nh\u01b0 m\u1ed9t ch\u1ea5t t\u1ea1o h\u01b0\u01a1ng<\/span><\/p>\n<p><span style=\"font-weight: 400\">-Tinh d\u1ea7u b\u1ea1c h\u00e0 gi\u00fap l\u00e0m s\u1ea1ch da\u00a0<\/span><\/p>\n<p><span style=\"font-weight: 400\">&#8211; Gi\u1ea3m c\u00e1c tri\u1ec7u ch\u1ee9ng ti\u1ec1n kinh nguy\u1ec7t<\/span><\/p>\n<p><span style=\"font-weight: 400\">&#8211; Lo\u1ea1i b\u1ecf c\u00f4n tr\u00f9ng v\u00e0 s\u00e2u b\u1ec7nh<\/span><\/p>\n<p><span style=\"font-weight: 400\">&#8211; Gi\u1ea3m \u0111au v\u00e0 chu\u1ed9t r\u00fat<\/span><\/p>\n<p><span style=\"font-weight: 400\">&#8211; Tinh d\u1ea7u b\u1ea1c h\u00e0 h\u1ed7 tr\u1ee3 \u0111i\u1ec1u tr\u1ecb t\u1eafc ngh\u1ebdn \u0111\u01b0\u1eddng h\u00f4 h\u1ea5p<\/span><\/p>\n<p><span style=\"font-weight: 400\">&#8211; Tr\u1ee3 th\u1ee7 \u0111\u1eafc l\u1ef1c trong quy tr\u00ecnh ch\u0103m s\u00f3c r\u0103ng mi\u1ec7ng<\/span><\/p>\n<p><span style=\"font-weight: 400\">&#8211; S\u1ea3n xu\u1ea5t x\u00e0 ph\u00f2ng<\/span><\/p>\n<p>L\u01b0u \u00fd khi s\u1eed d\u1ee5ng tinh d\u1ea7u b\u1ea1c h\u00e0 t\u1ef1 nhi\u00ean: b\u1ea3o qu\u1ea3n n\u01a1i kh\u00f4 r\u00e1o, tho\u00e1ng m\u00e1t, tr\u00e1nh \u00e1nh s\u00e1ng m\u1eb7t tr\u1eddi tr\u1ef1c ti\u1ebfp, nhi\u1ec7t \u0111\u1ed9 ph\u00f2ng 25 \u0111\u1ed9 C.<\/p>\n<p><strong>\u01afU \u0110I\u1ec2M<\/strong> c\u1ee7a tinh d\u1ea7u b\u1ea1c h\u00e0 t\u1ea1i H\u01b0\u01a1ng Vie: l\u00e0 m\u1ed9t trong nh\u1eefng d\u00f2ng chi\u1ebft xu\u1ea5t t\u1ef1 nhi\u00ean cao c\u1ea5p nh\u1ea5t, tinh d\u1ea7u b\u1ea1c h\u00e0 gi\u1eef nguy\u00ean \u0111\u01b0\u1ee3c nh\u1eefng d\u01b0\u1ee3c t\u00ednh, tinh ch\u1ea5t qu\u00fd v\u1ed1n c\u00f3 trong s\u1ea3n ph\u1ea9m, s\u1eed d\u1ee5ng c\u00f4ng ngh\u1ec7 s\u1ea5y phun n\u00ean \u0111\u1ec5 tan ho\u00e0n to\u00e0n trong n\u01b0\u1edbc. \u0110\u01b0\u1ee3c t\u01b0 v\u1ea5n b\u1edfi nh\u1eefng nh\u00e0 khoa h\u1ecdc h\u00e0ng \u0111\u1ea7u v\u1ec1 chi\u1ebft xu\u1ea5t t\u1ef1 nhi\u00ean gi\u00fap ph\u00e1t huy t\u1ed1i \u0111a l\u1ee3i th\u1ebf c\u1ee7a chi\u1ebft xu\u1ea5t t\u1ef1 nhi\u00ean, gi\u1ea5y ch\u1ee9ng nh\u1eadn ch\u1ea5t l\u01b0\u1ee3ng v\u00e0 ch\u1ee9ng nh\u1eadn ngu\u1ed3n g\u1ed1c chi\u1ebft xu\u1ea5t t\u1ef1 nhi\u00ean.<\/p>\n<p>H\u01b0\u01a1ng Vie &#8211; Nh\u00e0 s\u1ea3n xu\u1ea5t h\u01b0\u01a1ng li\u1ec7u t\u1ef1 nhi\u00ean thu\u1ea7n Vi\u1ec7t cao c\u1ea5p.<\/p>\n<p>T\u00ecm \u0111\u1ed1i t\u00e1c nghi\u00ean c\u1ee9u v\u00e0 ph\u00e1t tri\u1ec3n s\u1ea3n ph\u1ea9m t\u00ecm H\u01b0\u01a1ng Vie!<\/p>\n<p>T\u00ecm h\u01b0\u01a1ng li\u1ec7u th\u1ef1c ph\u1ea9m cao c\u1ea5p, t\u00ecm H\u01b0\u01a1ng Vie!<\/p>\n<p>G\u1ecdi ngay hotline:\u00a0<strong> 0904883061<\/strong>\u00a0\u0111\u1ec3 \u0111\u01b0\u1ee3c t\u01b0 v\u1ea5n v\u00e0 nh\u1eadn m\u1eabu th\u1eed.<\/p>\n<p>Email: contact@huongvie.com<\/p>\n","protected":false},"excerpt":{"rendered":"<table style=\"border-collapse: collapse;width: 100%;height: 128px\">\n<tbody>\n<tr style=\"height: 21px\">\n<td style=\"width: 50%;height: 21px\">S\u1ea3n ph\u1ea9m:<\/td>\n<td style=\"width: 50%;height: 21px\">Tinh D\u1ea7u B\u1ea1c H\u00e0<\/td>\n<\/tr>\n<tr style=\"height: 21px\">\n<td style=\"width: 50%;height: 21px\">Danh m\u1ee5c<\/td>\n<td style=\"width: 50%;height: 21px\">H\u01b0\u01a1ng li\u1ec7u th\u1ef1c ph\u1ea9m- Tinh D\u1ea7u<\/td>\n<\/tr>\n<tr style=\"height: 21px\">\n<td style=\"width: 50%;height: 21px\">Th\u00e0nh ph\u1ea7n<\/td>\n<td style=\"width: 50%;height: 21px\">100%\u00a0 b\u1ea1c h\u00e0<\/td>\n<\/tr>\n<tr style=\"height: 21px\">\n<td style=\"width: 50%;height: 22px\">Kh\u1ed1i l\u01b0\u1ee3ng<\/td>\n<td style=\"width: 50%;height: 22px\">2 lit- 5lit &#8211; 15lit- 25 lit- 50 lit<\/td>\n<\/tr>\n<tr style=\"height: 43px\">\n<td style=\"width: 50%;height: 43px\">S\u1ea3n xu\u1ea5t<\/td>\n<td style=\"width: 50%;height: 43px\">C\u00f4ng ty TNHH H\u01b0\u01a1ng Li\u1ec7u &amp; Nguy\u00ean Li\u1ec7u Th\u1ef1c Ph\u1ea9m H\u01b0\u01a1ng Vie<\/td>\n<\/tr>\n<\/tbody>\n<\/table>\n","protected":false},"featured_media":3939,"comment_status":"open","ping_status":"closed","template":"","meta":[],"product_cat":[15,205],"product_tag":[],"class_list":{"0":"post-3936","1":"product","2":"type-product","3":"status-publish","4":"has-post-thumbnail","6":"product_cat-san-pham","7":"product_cat-tinh-dau","9":"first","10":"instock","11":"shipping-taxable","12":"product-type-simple"},"acf":[],"yoast_head":"<!-- This site is optimized with the Yoast SEO plugin v23.6 - https:\/\/yoast.com\/wordpress\/plugins\/seo\/ -->\n<title>TINH D\u1ea6U B\u1ea0C H\u00c0 - H\u01b0\u01a1ng Vie<\/title>\n<meta name=\"robots\" content=\"index, follow, max-snippet:-1, max-image-preview:large, max-video-preview:-1\" \/>\n<link rel=\"canonical\" href=\"https:\/\/pluginviet.com\/mau32\/san-pham\/tinh-dau-bac-ha\/\" \/>\n<meta property=\"og:locale\" content=\"vi_VN\" \/>\n<meta property=\"og:type\" content=\"article\" \/>\n<meta property=\"og:title\" content=\"TINH D\u1ea6U B\u1ea0C H\u00c0 - H\u01b0\u01a1ng Vie\" \/>\n<meta property=\"og:description\" content=\"S\u1ea3n ph\u1ea9m: Tinh D\u1ea7u B\u1ea1c H\u00e0   Danh m\u1ee5c H\u01b0\u01a1ng li\u1ec7u th\u1ef1c ph\u1ea9m- Tinh D\u1ea7u   Th\u00e0nh ph\u1ea7n 100%\u00a0 b\u1ea1c h\u00e0   Kh\u1ed1i l\u01b0\u1ee3ng 2 lit- 5lit - 15lit- 25 lit- 50 lit   S\u1ea3n xu\u1ea5t C\u00f4ng ty TNHH H\u01b0\u01a1ng Li\u1ec7u &amp; Nguy\u00ean Li\u1ec7u Th\u1ef1c Ph\u1ea9m H\u01b0\u01a1ng Vie\" \/>\n<meta property=\"og:url\" content=\"https:\/\/pluginviet.com\/mau32\/san-pham\/tinh-dau-bac-ha\/\" \/>\n<meta property=\"og:site_name\" content=\"H\u01b0\u01a1ng Vie\" \/>\n<meta property=\"article:modified_time\" content=\"2023-02-07T04:14:40+00:00\" \/>\n<meta property=\"og:image\" content=\"https:\/\/pluginviet.com\/mau32\/wp-content\/uploads\/2023\/01\/tinh-dau-bac-ha-kobi-peppermint-essential-oil-1-1-400x400-1.png\" \/>\n\t<meta property=\"og:image:width\" content=\"400\" \/>\n\t<meta property=\"og:image:height\" content=\"400\" \/>\n\t<meta property=\"og:image:type\" content=\"image\/png\" \/>\n<meta name=\"twitter:card\" content=\"summary_large_image\" \/>\n<meta name=\"twitter:label1\" content=\"\u01af\u1edbc t\u00ednh th\u1eddi gian \u0111\u1ecdc\" \/>\n\t<meta name=\"twitter:data1\" content=\"3 ph\u00fat\" \/>\n<script type=\"application\/ld+json\" class=\"yoast-schema-graph\">{\"@context\":\"https:\/\/schema.org\",\"@graph\":[{\"@type\":\"WebPage\",\"@id\":\"https:\/\/pluginviet.com\/mau32\/san-pham\/tinh-dau-bac-ha\/\",\"url\":\"https:\/\/pluginviet.com\/mau32\/san-pham\/tinh-dau-bac-ha\/\",\"name\":\"TINH D\u1ea6U B\u1ea0C H\u00c0 - H\u01b0\u01a1ng Vie\",\"isPartOf\":{\"@id\":\"https:\/\/pluginviet.com\/mau32\/#website\"},\"primaryImageOfPage\":{\"@id\":\"https:\/\/pluginviet.com\/mau32\/san-pham\/tinh-dau-bac-ha\/#primaryimage\"},\"image\":{\"@id\":\"https:\/\/pluginviet.com\/mau32\/san-pham\/tinh-dau-bac-ha\/#primaryimage\"},\"thumbnailUrl\":\"https:\/\/pluginviet.com\/mau32\/wp-content\/uploads\/2023\/01\/tinh-dau-bac-ha-kobi-peppermint-essential-oil-1-1-400x400-1.png\",\"datePublished\":\"2023-01-11T04:46:14+00:00\",\"dateModified\":\"2023-02-07T04:14:40+00:00\",\"breadcrumb\":{\"@id\":\"https:\/\/pluginviet.com\/mau32\/san-pham\/tinh-dau-bac-ha\/#breadcrumb\"},\"inLanguage\":\"vi\",\"potentialAction\":[{\"@type\":\"ReadAction\",\"target\":[\"https:\/\/pluginviet.com\/mau32\/san-pham\/tinh-dau-bac-ha\/\"]}]},{\"@type\":\"ImageObject\",\"inLanguage\":\"vi\",\"@id\":\"https:\/\/pluginviet.com\/mau32\/san-pham\/tinh-dau-bac-ha\/#primaryimage\",\"url\":\"https:\/\/pluginviet.com\/mau32\/wp-content\/uploads\/2023\/01\/tinh-dau-bac-ha-kobi-peppermint-essential-oil-1-1-400x400-1.png\",\"contentUrl\":\"https:\/\/pluginviet.com\/mau32\/wp-content\/uploads\/2023\/01\/tinh-dau-bac-ha-kobi-peppermint-essential-oil-1-1-400x400-1.png\",\"width\":400,\"height\":400},{\"@type\":\"BreadcrumbList\",\"@id\":\"https:\/\/pluginviet.com\/mau32\/san-pham\/tinh-dau-bac-ha\/#breadcrumb\",\"itemListElement\":[{\"@type\":\"ListItem\",\"position\":1,\"name\":\"Trang ch\u1ee7\",\"item\":\"https:\/\/pluginviet.com\/mau32\/\"},{\"@type\":\"ListItem\",\"position\":2,\"name\":\"Shop\",\"item\":\"https:\/\/pluginviet.com\/mau32\/shop\/\"},{\"@type\":\"ListItem\",\"position\":3,\"name\":\"TINH D\u1ea6U B\u1ea0C H\u00c0\"}]},{\"@type\":\"WebSite\",\"@id\":\"https:\/\/pluginviet.com\/mau32\/#website\",\"url\":\"https:\/\/pluginviet.com\/mau32\/\",\"name\":\"H\u01b0\u01a1ng Vie\",\"description\":\"\",\"potentialAction\":[{\"@type\":\"SearchAction\",\"target\":{\"@type\":\"EntryPoint\",\"urlTemplate\":\"https:\/\/pluginviet.com\/mau32\/?s={search_term_string}\"},\"query-input\":{\"@type\":\"PropertyValueSpecification\",\"valueRequired\":true,\"valueName\":\"search_term_string\"}}],\"inLanguage\":\"vi\"}]}<\/script>\n<!-- \/ Yoast SEO plugin. -->","yoast_head_json":{"title":"TINH D\u1ea6U B\u1ea0C H\u00c0 - H\u01b0\u01a1ng Vie","robots":{"index":"index","follow":"follow","max-snippet":"max-snippet:-1","max-image-preview":"max-image-preview:large","max-video-preview":"max-video-preview:-1"},"canonical":"https:\/\/pluginviet.com\/mau32\/san-pham\/tinh-dau-bac-ha\/","og_locale":"vi_VN","og_type":"article","og_title":"TINH D\u1ea6U B\u1ea0C H\u00c0 - H\u01b0\u01a1ng Vie","og_description":"S\u1ea3n ph\u1ea9m: Tinh D\u1ea7u B\u1ea1c H\u00e0   Danh m\u1ee5c H\u01b0\u01a1ng li\u1ec7u th\u1ef1c ph\u1ea9m- Tinh D\u1ea7u   Th\u00e0nh ph\u1ea7n 100%\u00a0 b\u1ea1c h\u00e0   Kh\u1ed1i l\u01b0\u1ee3ng 2 lit- 5lit - 15lit- 25 lit- 50 lit   S\u1ea3n xu\u1ea5t C\u00f4ng ty TNHH H\u01b0\u01a1ng Li\u1ec7u &amp; Nguy\u00ean Li\u1ec7u Th\u1ef1c Ph\u1ea9m H\u01b0\u01a1ng Vie","og_url":"https:\/\/pluginviet.com\/mau32\/san-pham\/tinh-dau-bac-ha\/","og_site_name":"H\u01b0\u01a1ng Vie","article_modified_time":"2023-02-07T04:14:40+00:00","og_image":[{"width":400,"height":400,"url":"https:\/\/pluginviet.com\/mau32\/wp-content\/uploads\/2023\/01\/tinh-dau-bac-ha-kobi-peppermint-essential-oil-1-1-400x400-1.png","type":"image\/png"}],"twitter_card":"summary_large_image","twitter_misc":{"\u01af\u1edbc t\u00ednh th\u1eddi gian \u0111\u1ecdc":"3 ph\u00fat"},"schema":{"@context":"https:\/\/schema.org","@graph":[{"@type":"WebPage","@id":"https:\/\/pluginviet.com\/mau32\/san-pham\/tinh-dau-bac-ha\/","url":"https:\/\/pluginviet.com\/mau32\/san-pham\/tinh-dau-bac-ha\/","name":"TINH D\u1ea6U B\u1ea0C H\u00c0 - H\u01b0\u01a1ng Vie","isPartOf":{"@id":"https:\/\/pluginviet.com\/mau32\/#website"},"primaryImageOfPage":{"@id":"https:\/\/pluginviet.com\/mau32\/san-pham\/tinh-dau-bac-ha\/#primaryimage"},"image":{"@id":"https:\/\/pluginviet.com\/mau32\/san-pham\/tinh-dau-bac-ha\/#primaryimage"},"thumbnailUrl":"https:\/\/pluginviet.com\/mau32\/wp-content\/uploads\/2023\/01\/tinh-dau-bac-ha-kobi-peppermint-essential-oil-1-1-400x400-1.png","datePublished":"2023-01-11T04:46:14+00:00","dateModified":"2023-02-07T04:14:40+00:00","breadcrumb":{"@id":"https:\/\/pluginviet.com\/mau32\/san-pham\/tinh-dau-bac-ha\/#breadcrumb"},"inLanguage":"vi","potentialAction":[{"@type":"ReadAction","target":["https:\/\/pluginviet.com\/mau32\/san-pham\/tinh-dau-bac-ha\/"]}]},{"@type":"ImageObject","inLanguage":"vi","@id":"https:\/\/pluginviet.com\/mau32\/san-pham\/tinh-dau-bac-ha\/#primaryimage","url":"https:\/\/pluginviet.com\/mau32\/wp-content\/uploads\/2023\/01\/tinh-dau-bac-ha-kobi-peppermint-essential-oil-1-1-400x400-1.png","contentUrl":"https:\/\/pluginviet.com\/mau32\/wp-content\/uploads\/2023\/01\/tinh-dau-bac-ha-kobi-peppermint-essential-oil-1-1-400x400-1.png","width":400,"height":400},{"@type":"BreadcrumbList","@id":"https:\/\/pluginviet.com\/mau32\/san-pham\/tinh-dau-bac-ha\/#breadcrumb","itemListElement":[{"@type":"ListItem","position":1,"name":"Trang ch\u1ee7","item":"https:\/\/pluginviet.com\/mau32\/"},{"@type":"ListItem","position":2,"name":"Shop","item":"https:\/\/pluginviet.com\/mau32\/shop\/"},{"@type":"ListItem","position":3,"name":"TINH D\u1ea6U B\u1ea0C H\u00c0"}]},{"@type":"WebSite","@id":"https:\/\/pluginviet.com\/mau32\/#website","url":"https:\/\/pluginviet.com\/mau32\/","name":"H\u01b0\u01a1ng Vie","description":"","potentialAction":[{"@type":"SearchAction","target":{"@type":"EntryPoint","urlTemplate":"https:\/\/pluginviet.com\/mau32\/?s={search_term_string}"},"query-input":{"@type":"PropertyValueSpecification","valueRequired":true,"valueName":"search_term_string"}}],"inLanguage":"vi"}]}},"_links":{"self":[{"href":"https:\/\/pluginviet.com\/mau32\/wp-json\/wp\/v2\/product\/3936"}],"collection":[{"href":"https:\/\/pluginviet.com\/mau32\/wp-json\/wp\/v2\/product"}],"about":[{"href":"https:\/\/pluginviet.com\/mau32\/wp-json\/wp\/v2\/types\/product"}],"replies":[{"embeddable":true,"href":"https:\/\/pluginviet.com\/mau32\/wp-json\/wp\/v2\/comments?post=3936"}],"wp:featuredmedia":[{"embeddable":true,"href":"https:\/\/pluginviet.com\/mau32\/wp-json\/wp\/v2\/media\/3939"}],"wp:attachment":[{"href":"https:\/\/pluginviet.com\/mau32\/wp-json\/wp\/v2\/media?parent=3936"}],"wp:term":[{"taxonomy":"product_cat","embeddable":true,"href":"https:\/\/pluginviet.com\/mau32\/wp-json\/wp\/v2\/product_cat?post=3936"},{"taxonomy":"product_tag","embeddable":true,"href":"https:\/\/pluginviet.com\/mau32\/wp-json\/wp\/v2\/product_tag?post=3936"}],"curies":[{"name":"wp","href":"https:\/\/api.w.org\/{rel}","templated":true}]}}