{"id":3930,"date":"2023-01-11T11:04:21","date_gmt":"2023-01-11T04:04:21","guid":{"rendered":"https:\/\/khomaudep.com\/huongvie\/?post_type=product&#038;p=3930"},"modified":"2023-02-07T11:13:50","modified_gmt":"2023-02-07T04:13:50","slug":"nuoc-cot-tao-co-dac","status":"publish","type":"product","link":"https:\/\/pluginviet.com\/mau32\/san-pham\/nuoc-cot-tao-co-dac\/","title":{"rendered":"N\u01af\u1edaC C\u1ed0T T\u00c1O C\u00d4 \u0110\u1eb6C"},"content":{"rendered":"<p>&nbsp;<\/p>\n<div class=\"box-header archive-header has-title\">\n<p>&nbsp;<\/p>\n<p class=\"title\"><strong>M\u00d4 T\u1ea2<\/strong><\/p>\n<\/div>\n<div class=\"tab-description-content\">\n<p>T\u00e1o l\u00e0 lo\u1ea1i tr\u00e1i c\u00e2y c\u00f3 h\u01b0\u01a1ng v\u1ecb r\u1ea5t th\u01a1m ngon, \u0111\u01b0\u1ee3c nhi\u1ec1u ng\u01b0\u1eddi y\u00eau th\u00edch. Lo\u1ea1i tr\u00e1i c\u00e2y n\u00e0y r\u1ea5t t\u1ed1t cho ng\u01b0\u1eddi cao tu\u1ed5i b\u1edfi nh\u1eefng l\u1ee3i \u00edch s\u1ee9c kh\u1ecfe n\u00f3 mang l\u1ea1i nh\u01b0 h\u1ed7 tr\u1ee3 ph\u00f2ng ch\u1ed1ng c\u00e1c b\u1ec7nh v\u1ec1 tim m\u1ea1ch, t\u0103ng c\u01b0\u1eddng tr\u00ed nh\u1edb, gi\u1ea3m nguy c\u01a1 ti\u1ec3u \u0111\u01b0\u1eddng, ph\u00f2ng ch\u1ed1ng ung th\u01b0\u2026.<\/p>\n<p><strong>B\u1ea2O QU\u1ea2N<\/strong><\/p>\n<div class=\"bg_title\">&#8211; B\u1ea3o qu\u1ea3n n\u01a1i tho\u00e1ng m\u00e1t, t\u1ed1t nh\u1ea5t: 20\u00b0C.<br \/>\n&#8211; Gi\u1eef l\u1ea1nh khi m\u1edf n\u1eafp ( 5- 10\u00b0C).<br \/>\n&#8211; Kh\u00f4ng s\u1eed d\u1ee5ng khi c\u00f3 m\u00f9i l\u1ea1, m\u1ed1c, bi\u1ebfn m\u00e0u.<\/div>\n<p><b>CH\u1ee8C N\u0102NG\u00a0<\/b><\/p>\n<p>&#8211; C\u1ea3i thi\u1ec7n \u0111\u01b0\u1eddng ru\u1ed9t c\u00f9ng h\u1ec7 ti\u00eau h\u00f3a<\/p>\n<p><span id=\"Cai_thien_tinh_trang_thieu_mau\" class=\"ez-toc-section\"><\/span>&#8211; C\u1ea3i thi\u1ec7n t\u00ecnh tr\u1ea1ng thi\u1ebfu m\u00e1u<\/p>\n<p><span id=\"Kiem_soat_nong_do_cholesterol_xau_trong_mau\" class=\"ez-toc-section\"><\/span>&#8211; Ki\u1ec3m so\u00e1t n\u1ed3ng \u0111\u1ed9 cholesterol x\u1ea5u trong m\u00e1u<\/p>\n<p><span style=\"font-weight: 400\">&#8211; H\u1ed7 tr\u1ee3 \u0111i\u1ec1u tr\u1ecb vi\u00eam kh\u1edbp<\/span><\/p>\n<p><span style=\"font-weight: 400\">&#8211; N\u01b0\u1edbc \u00e9p t\u00e1o gi\u00e0u ch\u1ea5t ch\u1ed1ng oxy h\u00f3a v\u00e0 c\u00f3 th\u1ec3 b\u1ea3o v\u1ec7 n\u00e3o b\u1ed9<\/span><\/p>\n<p><span style=\"font-weight: 400\">&#8211; Gi\u1ea3i \u0111\u1ed9c gan<\/span><\/p>\n<p><span style=\"font-weight: 400\">&#8211; Ph\u00f2ng ng\u1eeba hen suy\u1ec5n<\/span><\/p>\n<p>L\u01b0u \u00fd khi s\u1eed d\u1ee5ng chi\u1ebft xu\u1ea5t h\u00e0 th\u1ee7 \u00f4 t\u1ef1 nhi\u00ean: b\u1ea3o qu\u1ea3n n\u01a1i kh\u00f4 r\u00e1o, tho\u00e1ng m\u00e1t, tr\u00e1nh \u00e1nh s\u00e1ng m\u1eb7t tr\u1eddi tr\u1ef1c ti\u1ebfp, nhi\u1ec7t \u0111\u1ed9 ph\u00f2ng 25 \u0111\u1ed9 C.<\/p>\n<p><strong>\u01afU \u0110I\u1ec2M<\/strong> c\u1ee7a chi\u1ebft xu\u1ea5t t\u00e1o t\u1ea1i H\u01b0\u01a1ng Vie: l\u00e0 m\u1ed9t trong nh\u1eefng d\u00f2ng chi\u1ebft xu\u1ea5t t\u1ef1 nhi\u00ean cao c\u1ea5p nh\u1ea5t, chi\u1ebft xu\u1ea5t t\u00e1o\u00a0 gi\u1eef nguy\u00ean \u0111\u01b0\u1ee3c nh\u1eefng d\u01b0\u1ee3c t\u00ednh, tinh ch\u1ea5t qu\u00fd v\u1ed1n c\u00f3 trong s\u1ea3n ph\u1ea9m, s\u1eed d\u1ee5ng c\u00f4ng ngh\u1ec7 s\u1ea5y phun n\u00ean \u0111\u1ec5 tan ho\u00e0n to\u00e0n trong n\u01b0\u1edbc. \u0110\u01b0\u1ee3c t\u01b0 v\u1ea5n b\u1edfi nh\u1eefng nh\u00e0 khoa h\u1ecdc h\u00e0ng \u0111\u1ea7u v\u1ec1 chi\u1ebft xu\u1ea5t t\u1ef1 nhi\u00ean gi\u00fap ph\u00e1t huy t\u1ed1i \u0111a l\u1ee3i th\u1ebf c\u1ee7a chi\u1ebft xu\u1ea5t t\u1ef1 nhi\u00ean, gi\u1ea5y ch\u1ee9ng nh\u1eadn ch\u1ea5t l\u01b0\u1ee3ng v\u00e0 ch\u1ee9ng nh\u1eadn ngu\u1ed3n g\u1ed1c chi\u1ebft xu\u1ea5t t\u1ef1 nhi\u00ean.<\/p>\n<p>H\u01b0\u01a1ng Vie &#8211; Nh\u00e0 s\u1ea3n xu\u1ea5t h\u01b0\u01a1ng li\u1ec7u t\u1ef1 nhi\u00ean thu\u1ea7n Vi\u1ec7t cao c\u1ea5p.<\/p>\n<p>T\u00ecm \u0111\u1ed1i t\u00e1c nghi\u00ean c\u1ee9u v\u00e0 ph\u00e1t tri\u1ec3n s\u1ea3n ph\u1ea9m t\u00ecm H\u01b0\u01a1ng Vie!<\/p>\n<p>T\u00ecm h\u01b0\u01a1ng li\u1ec7u th\u1ef1c ph\u1ea9m cao c\u1ea5p, t\u00ecm H\u01b0\u01a1ng Vie!<\/p>\n<p>G\u1ecdi ngay hotline:\u00a0<strong> 0904883061<\/strong>\u00a0\u0111\u1ec3 \u0111\u01b0\u1ee3c t\u01b0 v\u1ea5n v\u00e0 nh\u1eadn m\u1eabu th\u1eed.<\/p>\n<p>Email: contact@huongvie.com<\/p>\n<\/div>\n","protected":false},"excerpt":{"rendered":"<table style=\"border-collapse: collapse;width: 100%;height: 128px\">\n<tbody>\n<tr style=\"height: 21px\">\n<td style=\"width: 50%;height: 21px\">S\u1ea3n ph\u1ea9m:<\/td>\n<td style=\"width: 50%;height: 21px\">Chi\u1ebft Xu\u1ea5t t\u00e1o<\/td>\n<\/tr>\n<tr style=\"height: 21px\">\n<td style=\"width: 50%;height: 21px\">Danh m\u1ee5c<\/td>\n<td style=\"width: 50%;height: 21px\">H\u01b0\u01a1ng li\u1ec7u th\u1ef1c ph\u1ea9m- D\u1ecbch c\u00f4 \u0111\u1eb7c<\/td>\n<\/tr>\n<tr style=\"height: 21px\">\n<td style=\"width: 50%;height: 21px\">Th\u00e0nh ph\u1ea7n<\/td>\n<td style=\"width: 50%;height: 21px\">100%\u00a0 t\u00e1o<\/td>\n<\/tr>\n<tr style=\"height: 21px\">\n<td style=\"width: 50%;height: 22px\">Kh\u1ed1i l\u01b0\u1ee3ng<\/td>\n<td style=\"width: 50%;height: 22px\">10 lit\/can<\/td>\n<\/tr>\n<tr style=\"height: 43px\">\n<td style=\"width: 50%;height: 43px\">S\u1ea3n xu\u1ea5t<\/td>\n<td style=\"width: 50%;height: 43px\">C\u00f4ng ty TNHH H\u01b0\u01a1ng Li\u1ec7u &amp; Nguy\u00ean Li\u1ec7u Th\u1ef1c Ph\u1ea9m H\u01b0\u01a1ng Vie<\/td>\n<\/tr>\n<\/tbody>\n<\/table>\n","protected":false},"featured_media":3932,"comment_status":"open","ping_status":"closed","template":"","meta":[],"product_cat":[15,206],"product_tag":[],"class_list":{"0":"post-3930","1":"product","2":"type-product","3":"status-publish","4":"has-post-thumbnail","6":"product_cat-san-pham","7":"product_cat-dich-co-dac","9":"first","10":"instock","11":"shipping-taxable","12":"product-type-simple"},"acf":[],"yoast_head":"<!-- This site is optimized with the Yoast SEO plugin v23.6 - https:\/\/yoast.com\/wordpress\/plugins\/seo\/ -->\n<title>N\u01af\u1edaC C\u1ed0T T\u00c1O C\u00d4 \u0110\u1eb6C - H\u01b0\u01a1ng Vie<\/title>\n<meta name=\"robots\" content=\"index, follow, max-snippet:-1, max-image-preview:large, max-video-preview:-1\" \/>\n<link rel=\"canonical\" href=\"https:\/\/pluginviet.com\/mau32\/san-pham\/nuoc-cot-tao-co-dac\/\" \/>\n<meta property=\"og:locale\" content=\"vi_VN\" \/>\n<meta property=\"og:type\" content=\"article\" \/>\n<meta property=\"og:title\" content=\"N\u01af\u1edaC C\u1ed0T T\u00c1O C\u00d4 \u0110\u1eb6C - H\u01b0\u01a1ng Vie\" \/>\n<meta property=\"og:description\" content=\"S\u1ea3n ph\u1ea9m: Chi\u1ebft Xu\u1ea5t t\u00e1o   Danh m\u1ee5c H\u01b0\u01a1ng li\u1ec7u th\u1ef1c ph\u1ea9m- D\u1ecbch c\u00f4 \u0111\u1eb7c   Th\u00e0nh ph\u1ea7n 100%\u00a0 t\u00e1o   Kh\u1ed1i l\u01b0\u1ee3ng 10 lit\/can   S\u1ea3n xu\u1ea5t C\u00f4ng ty TNHH H\u01b0\u01a1ng Li\u1ec7u &amp; Nguy\u00ean Li\u1ec7u Th\u1ef1c Ph\u1ea9m H\u01b0\u01a1ng Vie\" \/>\n<meta property=\"og:url\" content=\"https:\/\/pluginviet.com\/mau32\/san-pham\/nuoc-cot-tao-co-dac\/\" \/>\n<meta property=\"og:site_name\" content=\"H\u01b0\u01a1ng Vie\" \/>\n<meta property=\"article:modified_time\" content=\"2023-02-07T04:13:50+00:00\" \/>\n<meta property=\"og:image\" content=\"https:\/\/pluginviet.com\/mau32\/wp-content\/uploads\/2023\/01\/nuoc-cot-tao-co-dac-4l-UoAHae.png\" \/>\n\t<meta property=\"og:image:width\" content=\"600\" \/>\n\t<meta property=\"og:image:height\" content=\"600\" \/>\n\t<meta property=\"og:image:type\" content=\"image\/png\" \/>\n<meta name=\"twitter:card\" content=\"summary_large_image\" \/>\n<meta name=\"twitter:label1\" content=\"\u01af\u1edbc t\u00ednh th\u1eddi gian \u0111\u1ecdc\" \/>\n\t<meta name=\"twitter:data1\" content=\"2 ph\u00fat\" \/>\n<script type=\"application\/ld+json\" class=\"yoast-schema-graph\">{\"@context\":\"https:\/\/schema.org\",\"@graph\":[{\"@type\":\"WebPage\",\"@id\":\"https:\/\/pluginviet.com\/mau32\/san-pham\/nuoc-cot-tao-co-dac\/\",\"url\":\"https:\/\/pluginviet.com\/mau32\/san-pham\/nuoc-cot-tao-co-dac\/\",\"name\":\"N\u01af\u1edaC C\u1ed0T T\u00c1O C\u00d4 \u0110\u1eb6C - H\u01b0\u01a1ng Vie\",\"isPartOf\":{\"@id\":\"https:\/\/pluginviet.com\/mau32\/#website\"},\"primaryImageOfPage\":{\"@id\":\"https:\/\/pluginviet.com\/mau32\/san-pham\/nuoc-cot-tao-co-dac\/#primaryimage\"},\"image\":{\"@id\":\"https:\/\/pluginviet.com\/mau32\/san-pham\/nuoc-cot-tao-co-dac\/#primaryimage\"},\"thumbnailUrl\":\"https:\/\/pluginviet.com\/mau32\/wp-content\/uploads\/2023\/01\/nuoc-cot-tao-co-dac-4l-UoAHae.png\",\"datePublished\":\"2023-01-11T04:04:21+00:00\",\"dateModified\":\"2023-02-07T04:13:50+00:00\",\"breadcrumb\":{\"@id\":\"https:\/\/pluginviet.com\/mau32\/san-pham\/nuoc-cot-tao-co-dac\/#breadcrumb\"},\"inLanguage\":\"vi\",\"potentialAction\":[{\"@type\":\"ReadAction\",\"target\":[\"https:\/\/pluginviet.com\/mau32\/san-pham\/nuoc-cot-tao-co-dac\/\"]}]},{\"@type\":\"ImageObject\",\"inLanguage\":\"vi\",\"@id\":\"https:\/\/pluginviet.com\/mau32\/san-pham\/nuoc-cot-tao-co-dac\/#primaryimage\",\"url\":\"https:\/\/pluginviet.com\/mau32\/wp-content\/uploads\/2023\/01\/nuoc-cot-tao-co-dac-4l-UoAHae.png\",\"contentUrl\":\"https:\/\/pluginviet.com\/mau32\/wp-content\/uploads\/2023\/01\/nuoc-cot-tao-co-dac-4l-UoAHae.png\",\"width\":600,\"height\":600},{\"@type\":\"BreadcrumbList\",\"@id\":\"https:\/\/pluginviet.com\/mau32\/san-pham\/nuoc-cot-tao-co-dac\/#breadcrumb\",\"itemListElement\":[{\"@type\":\"ListItem\",\"position\":1,\"name\":\"Trang ch\u1ee7\",\"item\":\"https:\/\/pluginviet.com\/mau32\/\"},{\"@type\":\"ListItem\",\"position\":2,\"name\":\"Shop\",\"item\":\"https:\/\/pluginviet.com\/mau32\/shop\/\"},{\"@type\":\"ListItem\",\"position\":3,\"name\":\"N\u01af\u1edaC C\u1ed0T T\u00c1O C\u00d4 \u0110\u1eb6C\"}]},{\"@type\":\"WebSite\",\"@id\":\"https:\/\/pluginviet.com\/mau32\/#website\",\"url\":\"https:\/\/pluginviet.com\/mau32\/\",\"name\":\"H\u01b0\u01a1ng Vie\",\"description\":\"\",\"potentialAction\":[{\"@type\":\"SearchAction\",\"target\":{\"@type\":\"EntryPoint\",\"urlTemplate\":\"https:\/\/pluginviet.com\/mau32\/?s={search_term_string}\"},\"query-input\":{\"@type\":\"PropertyValueSpecification\",\"valueRequired\":true,\"valueName\":\"search_term_string\"}}],\"inLanguage\":\"vi\"}]}<\/script>\n<!-- \/ Yoast SEO plugin. -->","yoast_head_json":{"title":"N\u01af\u1edaC C\u1ed0T T\u00c1O C\u00d4 \u0110\u1eb6C - H\u01b0\u01a1ng Vie","robots":{"index":"index","follow":"follow","max-snippet":"max-snippet:-1","max-image-preview":"max-image-preview:large","max-video-preview":"max-video-preview:-1"},"canonical":"https:\/\/pluginviet.com\/mau32\/san-pham\/nuoc-cot-tao-co-dac\/","og_locale":"vi_VN","og_type":"article","og_title":"N\u01af\u1edaC C\u1ed0T T\u00c1O C\u00d4 \u0110\u1eb6C - H\u01b0\u01a1ng Vie","og_description":"S\u1ea3n ph\u1ea9m: Chi\u1ebft Xu\u1ea5t t\u00e1o   Danh m\u1ee5c H\u01b0\u01a1ng li\u1ec7u th\u1ef1c ph\u1ea9m- D\u1ecbch c\u00f4 \u0111\u1eb7c   Th\u00e0nh ph\u1ea7n 100%\u00a0 t\u00e1o   Kh\u1ed1i l\u01b0\u1ee3ng 10 lit\/can   S\u1ea3n xu\u1ea5t C\u00f4ng ty TNHH H\u01b0\u01a1ng Li\u1ec7u &amp; Nguy\u00ean Li\u1ec7u Th\u1ef1c Ph\u1ea9m H\u01b0\u01a1ng Vie","og_url":"https:\/\/pluginviet.com\/mau32\/san-pham\/nuoc-cot-tao-co-dac\/","og_site_name":"H\u01b0\u01a1ng Vie","article_modified_time":"2023-02-07T04:13:50+00:00","og_image":[{"width":600,"height":600,"url":"https:\/\/pluginviet.com\/mau32\/wp-content\/uploads\/2023\/01\/nuoc-cot-tao-co-dac-4l-UoAHae.png","type":"image\/png"}],"twitter_card":"summary_large_image","twitter_misc":{"\u01af\u1edbc t\u00ednh th\u1eddi gian \u0111\u1ecdc":"2 ph\u00fat"},"schema":{"@context":"https:\/\/schema.org","@graph":[{"@type":"WebPage","@id":"https:\/\/pluginviet.com\/mau32\/san-pham\/nuoc-cot-tao-co-dac\/","url":"https:\/\/pluginviet.com\/mau32\/san-pham\/nuoc-cot-tao-co-dac\/","name":"N\u01af\u1edaC C\u1ed0T T\u00c1O C\u00d4 \u0110\u1eb6C - H\u01b0\u01a1ng Vie","isPartOf":{"@id":"https:\/\/pluginviet.com\/mau32\/#website"},"primaryImageOfPage":{"@id":"https:\/\/pluginviet.com\/mau32\/san-pham\/nuoc-cot-tao-co-dac\/#primaryimage"},"image":{"@id":"https:\/\/pluginviet.com\/mau32\/san-pham\/nuoc-cot-tao-co-dac\/#primaryimage"},"thumbnailUrl":"https:\/\/pluginviet.com\/mau32\/wp-content\/uploads\/2023\/01\/nuoc-cot-tao-co-dac-4l-UoAHae.png","datePublished":"2023-01-11T04:04:21+00:00","dateModified":"2023-02-07T04:13:50+00:00","breadcrumb":{"@id":"https:\/\/pluginviet.com\/mau32\/san-pham\/nuoc-cot-tao-co-dac\/#breadcrumb"},"inLanguage":"vi","potentialAction":[{"@type":"ReadAction","target":["https:\/\/pluginviet.com\/mau32\/san-pham\/nuoc-cot-tao-co-dac\/"]}]},{"@type":"ImageObject","inLanguage":"vi","@id":"https:\/\/pluginviet.com\/mau32\/san-pham\/nuoc-cot-tao-co-dac\/#primaryimage","url":"https:\/\/pluginviet.com\/mau32\/wp-content\/uploads\/2023\/01\/nuoc-cot-tao-co-dac-4l-UoAHae.png","contentUrl":"https:\/\/pluginviet.com\/mau32\/wp-content\/uploads\/2023\/01\/nuoc-cot-tao-co-dac-4l-UoAHae.png","width":600,"height":600},{"@type":"BreadcrumbList","@id":"https:\/\/pluginviet.com\/mau32\/san-pham\/nuoc-cot-tao-co-dac\/#breadcrumb","itemListElement":[{"@type":"ListItem","position":1,"name":"Trang ch\u1ee7","item":"https:\/\/pluginviet.com\/mau32\/"},{"@type":"ListItem","position":2,"name":"Shop","item":"https:\/\/pluginviet.com\/mau32\/shop\/"},{"@type":"ListItem","position":3,"name":"N\u01af\u1edaC C\u1ed0T T\u00c1O C\u00d4 \u0110\u1eb6C"}]},{"@type":"WebSite","@id":"https:\/\/pluginviet.com\/mau32\/#website","url":"https:\/\/pluginviet.com\/mau32\/","name":"H\u01b0\u01a1ng Vie","description":"","potentialAction":[{"@type":"SearchAction","target":{"@type":"EntryPoint","urlTemplate":"https:\/\/pluginviet.com\/mau32\/?s={search_term_string}"},"query-input":{"@type":"PropertyValueSpecification","valueRequired":true,"valueName":"search_term_string"}}],"inLanguage":"vi"}]}},"_links":{"self":[{"href":"https:\/\/pluginviet.com\/mau32\/wp-json\/wp\/v2\/product\/3930"}],"collection":[{"href":"https:\/\/pluginviet.com\/mau32\/wp-json\/wp\/v2\/product"}],"about":[{"href":"https:\/\/pluginviet.com\/mau32\/wp-json\/wp\/v2\/types\/product"}],"replies":[{"embeddable":true,"href":"https:\/\/pluginviet.com\/mau32\/wp-json\/wp\/v2\/comments?post=3930"}],"wp:featuredmedia":[{"embeddable":true,"href":"https:\/\/pluginviet.com\/mau32\/wp-json\/wp\/v2\/media\/3932"}],"wp:attachment":[{"href":"https:\/\/pluginviet.com\/mau32\/wp-json\/wp\/v2\/media?parent=3930"}],"wp:term":[{"taxonomy":"product_cat","embeddable":true,"href":"https:\/\/pluginviet.com\/mau32\/wp-json\/wp\/v2\/product_cat?post=3930"},{"taxonomy":"product_tag","embeddable":true,"href":"https:\/\/pluginviet.com\/mau32\/wp-json\/wp\/v2\/product_tag?post=3930"}],"curies":[{"name":"wp","href":"https:\/\/api.w.org\/{rel}","templated":true}]}}