{"id":3728,"date":"2023-01-02T11:19:56","date_gmt":"2023-01-02T04:19:56","guid":{"rendered":"https:\/\/khomaudep.com\/huongvie\/?post_type=product&#038;p=3728"},"modified":"2023-02-07T11:10:46","modified_gmt":"2023-02-07T04:10:46","slug":"huong-tao-dang-bot","status":"publish","type":"product","link":"https:\/\/pluginviet.com\/mau32\/san-pham\/huong-tao-dang-bot\/","title":{"rendered":"H\u01af\u01a0NG T\u00c1O D\u1ea0NG B\u1ed8T"},"content":{"rendered":"<p>&nbsp;<\/p>\n<div class=\"tab-description-content\">\n<p>&nbsp;<\/p>\n<p><strong>M\u00d4 T\u1ea2 <\/strong><\/p>\n<p><strong>H\u01b0\u01a1ng T\u00e1o Xanh \u2013 Green Apple Flavor <\/strong>\u00a0\u0111\u01b0\u1ee3c chi\u1ebft xu\u1ea5t t\u1eeb nh\u1eefng th\u00e0nh ph\u1ea7n t\u1ef1 nhi\u00ean c\u1ee7a qu\u1ea3 t\u00e1o xanh t\u01b0\u01a1i t\u1ef1 nhi\u00ean, c\u1ea5u tr\u00fac h\u01b0\u01a1ng d\u1ea7y, tr\u00f2n v\u1ecb gi\u1eef \u0111\u01b0\u1ee3c h\u01b0\u01a1ng v\u1ecb th\u01a1m, \u0111\u1eb7c tr\u01b0ng c\u1ee7a t\u00e1o xanh.<\/p>\n<p><strong>\u0110I\u1ec2M \u0110\u1eb6C TR\u01afNG N\u1ed4I B\u1eacT<\/strong>: h\u01b0\u01a1ng v\u1ecb t\u00e1o xanh t\u01b0\u01a1i r\u1ea5t t\u1ef1 nhi\u00ean, ch\u1ecbu nhi\u1ec7t t\u1ed1t.<\/p>\n<p><strong>\u1ee8NG D\u1ee4NG<\/strong>: N\u01b0\u1edbc gi\u1ea3i kh\u00e1t, n\u01b0\u1edbc t\u00e1o l\u00ean men s\u1eefa chua\u2026<\/p>\n<p>Nh\u1eefng s\u1ea3n ph\u1ea9m t\u1eeb h\u01b0\u01a1ng t\u00e1o xanh \u0111\u00e3 c\u00f3 m\u1eb7t tr\u00ean th\u1ecb tr\u01b0\u1eddng: N\u01b0\u1edbc Mirinda h\u01b0\u01a1ng t\u00e1o xanh, n\u01b0\u1edbc t\u00e1o l\u00ean men Strongbow, n\u01b0\u1edbc gi\u1ea3i kh\u00e1t kh\u00f4ng c\u1ed3n Barbican h\u01b0\u01a1ng t\u00e1o,\u2026<\/p>\n<p><strong>XU H\u01af\u1edaNG<\/strong> v\u1ec1 h\u01b0\u01a1ng t\u00e1o xanh t\u1ef1 nhi\u00ean tr\u00ean th\u1ebf gi\u1edbi v\u00e0 Vi\u1ec7t Nam:\u00a0 t\u00e1o l\u00e0 m\u1ed9t lo\u1ea1i tr\u00e1i c\u00e2y r\u1ea5t t\u1ed1t cho s\u1ee9c kh\u1ecfe, gi\u00fap gi\u1ea3m c\u00e2n, ph\u00f2ng ch\u1ed1ng b\u1ec7nh ti\u1ec3u \u0111\u01b0\u1eddng, t\u0103ng t\u1ed1c \u0111\u1ed9 chuy\u1ec3n h\u00f3a v\u00e0 ch\u1ed1ng oxy h\u00f3a r\u1ea5t cao. Ng\u00e0nh c\u00f4ng nghi\u1ec7p n\u01b0\u1edbc gi\u1ea3i kh\u00e1t v\u00e0 \u0111\u1ed3 u\u1ed1ng kh\u00f4ng c\u1ed3n h\u01b0\u01a1ng t\u00e1o xanh ch\u1eafc ch\u1eafn s\u1ebd tr\u1edf th\u00e0nh xu h\u01b0\u1edbng trong th\u1eddi gian t\u1edbi.<\/p>\n<p>L\u01b0u \u00fd khi s\u1eed d\u1ee5ng h\u01b0\u01a1ng t\u00e1o xanh: b\u1ea3o qu\u1ea3n n\u01a1i kh\u00f4 r\u00e1o, tho\u00e1ng m\u00e1t, tr\u00e1nh \u00e1nh s\u00e1ng m\u1eb7t tr\u1eddi tr\u1ef1c ti\u1ebfp, nhi\u1ec7t \u0111\u1ed9 ph\u00f2ng 25 \u0111\u1ed9 C.<\/p>\n<p><strong>\u01afU \u0110I\u1ec2M<\/strong>: h\u01b0\u01a1ng v\u1ecb t\u00e1o xanh t\u01b0\u01a1i \u0111\u00fang chu\u1ea9n c\u1ee7a t\u00e1o xanh t\u01b0\u01a1i t\u1ef1 nhi\u00ean, kh\u1ea3 n\u0103ng ch\u1ecbu nhi\u1ec7t t\u1ed1t. C\u00f4ng th\u1ee9c \u0111\u01b0\u1ee3c nghi\u00ean c\u1ee9u b\u1edfi c\u00e1c chuy\u00ean gia v\u1ec1 h\u01b0\u01a1ng li\u1ec7u th\u1ef1c ph\u1ea9m gi\u00fap ph\u00e1t huy t\u1ed1i \u0111a l\u1ee3i th\u1ebf c\u1ee7a h\u01b0\u01a1ng t\u1ef1 nhi\u00ean, gi\u1ea5y ch\u1ee9ng nh\u1eadn ch\u1ea5t l\u01b0\u1ee3ng v\u00e0 ch\u1ee9ng nh\u1eadn xu\u1ea5t x\u1ee9, ngu\u1ed3n g\u1ed1c, s\u1ea3n ph\u1ea9m.<\/p>\n<p>H\u01b0\u01a1ng Vie &#8211; Nh\u00e0 s\u1ea3n xu\u1ea5t h\u01b0\u01a1ng li\u1ec7u t\u1ef1 nhi\u00ean thu\u1ea7n Vi\u1ec7t cao c\u1ea5p.<\/p>\n<p>T\u00ecm \u0111\u1ed1i t\u00e1c nghi\u00ean c\u1ee9u v\u00e0 ph\u00e1t tri\u1ec3n s\u1ea3n ph\u1ea9m t\u00ecm H\u01b0\u01a1ng Vie!<\/p>\n<p>T\u00ecm h\u01b0\u01a1ng li\u1ec7u th\u1ef1c ph\u1ea9m cao c\u1ea5p, t\u00ecm H\u01b0\u01a1ng Vie!<\/p>\n<p>G\u1ecdi ngay hotline:\u00a0<strong> 0904883061<\/strong>\u00a0\u0111\u1ec3 \u0111\u01b0\u1ee3c t\u01b0 v\u1ea5n v\u00e0 nh\u1eadn m\u1eabu th\u1eed.<\/p>\n<p>Email: contact@huongvie.com<\/p>\n<\/div>\n","protected":false},"excerpt":{"rendered":"<table style=\"border-collapse: collapse;width: 100%;height: 128px\">\n<tbody>\n<tr style=\"height: 21px\">\n<td style=\"width: 50%;height: 21px\">S\u1ea3n ph\u1ea9m:<\/td>\n<td style=\"width: 50%;height: 21px\">H\u01b0\u01a1ng T\u00e1o D\u1ea1ng B\u1ed9t<\/td>\n<\/tr>\n<tr style=\"height: 21px\">\n<td style=\"width: 50%;height: 21px\">Danh m\u1ee5c<\/td>\n<td style=\"width: 50%;height: 21px\">H\u01b0\u01a1ng li\u1ec7u th\u1ef1c ph\u1ea9m- B\u1ed9t Chi\u1ebft xu\u1ea5t<\/td>\n<\/tr>\n<tr style=\"height: 21px\">\n<td style=\"width: 50%;height: 21px\">Th\u00e0nh ph\u1ea7n<\/td>\n<td style=\"width: 50%;height: 21px\">100%\u00a0 t\u00e1o<\/td>\n<\/tr>\n<tr style=\"height: 21px\">\n<td style=\"width: 50%;height: 22px\">Kh\u1ed1i l\u01b0\u1ee3ng<\/td>\n<td style=\"width: 50%;height: 22px\">50kg\/t\u00fai<\/td>\n<\/tr>\n<tr style=\"height: 43px\">\n<td style=\"width: 50%;height: 43px\">S\u1ea3n xu\u1ea5t<\/td>\n<td style=\"width: 50%;height: 43px\">C\u00f4ng ty TNHH H\u01b0\u01a1ng Li\u1ec7u &amp; Nguy\u00ean Li\u1ec7u Th\u1ef1c Ph\u1ea9m H\u01b0\u01a1ng Vie<\/td>\n<\/tr>\n<\/tbody>\n<\/table>\n","protected":false},"featured_media":3988,"comment_status":"open","ping_status":"closed","template":"","meta":[],"product_cat":[15,204],"product_tag":[],"class_list":{"0":"post-3728","1":"product","2":"type-product","3":"status-publish","4":"has-post-thumbnail","6":"product_cat-san-pham","7":"product_cat-bot-chiet-xuat","9":"first","10":"instock","11":"shipping-taxable","12":"product-type-simple"},"acf":[],"yoast_head":"<!-- This site is optimized with the Yoast SEO plugin v23.6 - https:\/\/yoast.com\/wordpress\/plugins\/seo\/ -->\n<title>H\u01af\u01a0NG T\u00c1O D\u1ea0NG B\u1ed8T - H\u01b0\u01a1ng Vie<\/title>\n<meta name=\"robots\" content=\"index, follow, max-snippet:-1, max-image-preview:large, max-video-preview:-1\" \/>\n<link rel=\"canonical\" href=\"https:\/\/pluginviet.com\/mau32\/san-pham\/huong-tao-dang-bot\/\" \/>\n<meta property=\"og:locale\" content=\"vi_VN\" \/>\n<meta property=\"og:type\" content=\"article\" \/>\n<meta property=\"og:title\" content=\"H\u01af\u01a0NG T\u00c1O D\u1ea0NG B\u1ed8T - H\u01b0\u01a1ng Vie\" \/>\n<meta property=\"og:description\" content=\"S\u1ea3n ph\u1ea9m: H\u01b0\u01a1ng T\u00e1o D\u1ea1ng B\u1ed9t   Danh m\u1ee5c H\u01b0\u01a1ng li\u1ec7u th\u1ef1c ph\u1ea9m- B\u1ed9t Chi\u1ebft xu\u1ea5t   Th\u00e0nh ph\u1ea7n 100%\u00a0 t\u00e1o   Kh\u1ed1i l\u01b0\u1ee3ng 50kg\/t\u00fai   S\u1ea3n xu\u1ea5t C\u00f4ng ty TNHH H\u01b0\u01a1ng Li\u1ec7u &amp; Nguy\u00ean Li\u1ec7u Th\u1ef1c Ph\u1ea9m H\u01b0\u01a1ng Vie\" \/>\n<meta property=\"og:url\" content=\"https:\/\/pluginviet.com\/mau32\/san-pham\/huong-tao-dang-bot\/\" \/>\n<meta property=\"og:site_name\" content=\"H\u01b0\u01a1ng Vie\" \/>\n<meta property=\"article:modified_time\" content=\"2023-02-07T04:10:46+00:00\" \/>\n<meta property=\"og:image\" content=\"https:\/\/pluginviet.com\/mau32\/wp-content\/uploads\/2023\/01\/TAO.jpg\" \/>\n\t<meta property=\"og:image:width\" content=\"800\" \/>\n\t<meta property=\"og:image:height\" content=\"800\" \/>\n\t<meta property=\"og:image:type\" content=\"image\/jpeg\" \/>\n<meta name=\"twitter:card\" content=\"summary_large_image\" \/>\n<meta name=\"twitter:label1\" content=\"\u01af\u1edbc t\u00ednh th\u1eddi gian \u0111\u1ecdc\" \/>\n\t<meta name=\"twitter:data1\" content=\"2 ph\u00fat\" \/>\n<script type=\"application\/ld+json\" class=\"yoast-schema-graph\">{\"@context\":\"https:\/\/schema.org\",\"@graph\":[{\"@type\":\"WebPage\",\"@id\":\"https:\/\/pluginviet.com\/mau32\/san-pham\/huong-tao-dang-bot\/\",\"url\":\"https:\/\/pluginviet.com\/mau32\/san-pham\/huong-tao-dang-bot\/\",\"name\":\"H\u01af\u01a0NG T\u00c1O D\u1ea0NG B\u1ed8T - H\u01b0\u01a1ng Vie\",\"isPartOf\":{\"@id\":\"https:\/\/pluginviet.com\/mau32\/#website\"},\"primaryImageOfPage\":{\"@id\":\"https:\/\/pluginviet.com\/mau32\/san-pham\/huong-tao-dang-bot\/#primaryimage\"},\"image\":{\"@id\":\"https:\/\/pluginviet.com\/mau32\/san-pham\/huong-tao-dang-bot\/#primaryimage\"},\"thumbnailUrl\":\"https:\/\/pluginviet.com\/mau32\/wp-content\/uploads\/2023\/01\/TAO.jpg\",\"datePublished\":\"2023-01-02T04:19:56+00:00\",\"dateModified\":\"2023-02-07T04:10:46+00:00\",\"breadcrumb\":{\"@id\":\"https:\/\/pluginviet.com\/mau32\/san-pham\/huong-tao-dang-bot\/#breadcrumb\"},\"inLanguage\":\"vi\",\"potentialAction\":[{\"@type\":\"ReadAction\",\"target\":[\"https:\/\/pluginviet.com\/mau32\/san-pham\/huong-tao-dang-bot\/\"]}]},{\"@type\":\"ImageObject\",\"inLanguage\":\"vi\",\"@id\":\"https:\/\/pluginviet.com\/mau32\/san-pham\/huong-tao-dang-bot\/#primaryimage\",\"url\":\"https:\/\/pluginviet.com\/mau32\/wp-content\/uploads\/2023\/01\/TAO.jpg\",\"contentUrl\":\"https:\/\/pluginviet.com\/mau32\/wp-content\/uploads\/2023\/01\/TAO.jpg\",\"width\":800,\"height\":800},{\"@type\":\"BreadcrumbList\",\"@id\":\"https:\/\/pluginviet.com\/mau32\/san-pham\/huong-tao-dang-bot\/#breadcrumb\",\"itemListElement\":[{\"@type\":\"ListItem\",\"position\":1,\"name\":\"Trang ch\u1ee7\",\"item\":\"https:\/\/pluginviet.com\/mau32\/\"},{\"@type\":\"ListItem\",\"position\":2,\"name\":\"Shop\",\"item\":\"https:\/\/pluginviet.com\/mau32\/shop\/\"},{\"@type\":\"ListItem\",\"position\":3,\"name\":\"H\u01af\u01a0NG T\u00c1O D\u1ea0NG B\u1ed8T\"}]},{\"@type\":\"WebSite\",\"@id\":\"https:\/\/pluginviet.com\/mau32\/#website\",\"url\":\"https:\/\/pluginviet.com\/mau32\/\",\"name\":\"H\u01b0\u01a1ng Vie\",\"description\":\"\",\"potentialAction\":[{\"@type\":\"SearchAction\",\"target\":{\"@type\":\"EntryPoint\",\"urlTemplate\":\"https:\/\/pluginviet.com\/mau32\/?s={search_term_string}\"},\"query-input\":{\"@type\":\"PropertyValueSpecification\",\"valueRequired\":true,\"valueName\":\"search_term_string\"}}],\"inLanguage\":\"vi\"}]}<\/script>\n<!-- \/ Yoast SEO plugin. -->","yoast_head_json":{"title":"H\u01af\u01a0NG T\u00c1O D\u1ea0NG B\u1ed8T - H\u01b0\u01a1ng Vie","robots":{"index":"index","follow":"follow","max-snippet":"max-snippet:-1","max-image-preview":"max-image-preview:large","max-video-preview":"max-video-preview:-1"},"canonical":"https:\/\/pluginviet.com\/mau32\/san-pham\/huong-tao-dang-bot\/","og_locale":"vi_VN","og_type":"article","og_title":"H\u01af\u01a0NG T\u00c1O D\u1ea0NG B\u1ed8T - H\u01b0\u01a1ng Vie","og_description":"S\u1ea3n ph\u1ea9m: H\u01b0\u01a1ng T\u00e1o D\u1ea1ng B\u1ed9t   Danh m\u1ee5c H\u01b0\u01a1ng li\u1ec7u th\u1ef1c ph\u1ea9m- B\u1ed9t Chi\u1ebft xu\u1ea5t   Th\u00e0nh ph\u1ea7n 100%\u00a0 t\u00e1o   Kh\u1ed1i l\u01b0\u1ee3ng 50kg\/t\u00fai   S\u1ea3n xu\u1ea5t C\u00f4ng ty TNHH H\u01b0\u01a1ng Li\u1ec7u &amp; Nguy\u00ean Li\u1ec7u Th\u1ef1c Ph\u1ea9m H\u01b0\u01a1ng Vie","og_url":"https:\/\/pluginviet.com\/mau32\/san-pham\/huong-tao-dang-bot\/","og_site_name":"H\u01b0\u01a1ng Vie","article_modified_time":"2023-02-07T04:10:46+00:00","og_image":[{"width":800,"height":800,"url":"https:\/\/pluginviet.com\/mau32\/wp-content\/uploads\/2023\/01\/TAO.jpg","type":"image\/jpeg"}],"twitter_card":"summary_large_image","twitter_misc":{"\u01af\u1edbc t\u00ednh th\u1eddi gian \u0111\u1ecdc":"2 ph\u00fat"},"schema":{"@context":"https:\/\/schema.org","@graph":[{"@type":"WebPage","@id":"https:\/\/pluginviet.com\/mau32\/san-pham\/huong-tao-dang-bot\/","url":"https:\/\/pluginviet.com\/mau32\/san-pham\/huong-tao-dang-bot\/","name":"H\u01af\u01a0NG T\u00c1O D\u1ea0NG B\u1ed8T - H\u01b0\u01a1ng Vie","isPartOf":{"@id":"https:\/\/pluginviet.com\/mau32\/#website"},"primaryImageOfPage":{"@id":"https:\/\/pluginviet.com\/mau32\/san-pham\/huong-tao-dang-bot\/#primaryimage"},"image":{"@id":"https:\/\/pluginviet.com\/mau32\/san-pham\/huong-tao-dang-bot\/#primaryimage"},"thumbnailUrl":"https:\/\/pluginviet.com\/mau32\/wp-content\/uploads\/2023\/01\/TAO.jpg","datePublished":"2023-01-02T04:19:56+00:00","dateModified":"2023-02-07T04:10:46+00:00","breadcrumb":{"@id":"https:\/\/pluginviet.com\/mau32\/san-pham\/huong-tao-dang-bot\/#breadcrumb"},"inLanguage":"vi","potentialAction":[{"@type":"ReadAction","target":["https:\/\/pluginviet.com\/mau32\/san-pham\/huong-tao-dang-bot\/"]}]},{"@type":"ImageObject","inLanguage":"vi","@id":"https:\/\/pluginviet.com\/mau32\/san-pham\/huong-tao-dang-bot\/#primaryimage","url":"https:\/\/pluginviet.com\/mau32\/wp-content\/uploads\/2023\/01\/TAO.jpg","contentUrl":"https:\/\/pluginviet.com\/mau32\/wp-content\/uploads\/2023\/01\/TAO.jpg","width":800,"height":800},{"@type":"BreadcrumbList","@id":"https:\/\/pluginviet.com\/mau32\/san-pham\/huong-tao-dang-bot\/#breadcrumb","itemListElement":[{"@type":"ListItem","position":1,"name":"Trang ch\u1ee7","item":"https:\/\/pluginviet.com\/mau32\/"},{"@type":"ListItem","position":2,"name":"Shop","item":"https:\/\/pluginviet.com\/mau32\/shop\/"},{"@type":"ListItem","position":3,"name":"H\u01af\u01a0NG T\u00c1O D\u1ea0NG B\u1ed8T"}]},{"@type":"WebSite","@id":"https:\/\/pluginviet.com\/mau32\/#website","url":"https:\/\/pluginviet.com\/mau32\/","name":"H\u01b0\u01a1ng Vie","description":"","potentialAction":[{"@type":"SearchAction","target":{"@type":"EntryPoint","urlTemplate":"https:\/\/pluginviet.com\/mau32\/?s={search_term_string}"},"query-input":{"@type":"PropertyValueSpecification","valueRequired":true,"valueName":"search_term_string"}}],"inLanguage":"vi"}]}},"_links":{"self":[{"href":"https:\/\/pluginviet.com\/mau32\/wp-json\/wp\/v2\/product\/3728"}],"collection":[{"href":"https:\/\/pluginviet.com\/mau32\/wp-json\/wp\/v2\/product"}],"about":[{"href":"https:\/\/pluginviet.com\/mau32\/wp-json\/wp\/v2\/types\/product"}],"replies":[{"embeddable":true,"href":"https:\/\/pluginviet.com\/mau32\/wp-json\/wp\/v2\/comments?post=3728"}],"wp:featuredmedia":[{"embeddable":true,"href":"https:\/\/pluginviet.com\/mau32\/wp-json\/wp\/v2\/media\/3988"}],"wp:attachment":[{"href":"https:\/\/pluginviet.com\/mau32\/wp-json\/wp\/v2\/media?parent=3728"}],"wp:term":[{"taxonomy":"product_cat","embeddable":true,"href":"https:\/\/pluginviet.com\/mau32\/wp-json\/wp\/v2\/product_cat?post=3728"},{"taxonomy":"product_tag","embeddable":true,"href":"https:\/\/pluginviet.com\/mau32\/wp-json\/wp\/v2\/product_tag?post=3728"}],"curies":[{"name":"wp","href":"https:\/\/api.w.org\/{rel}","templated":true}]}}