{"id":3699,"date":"2023-01-01T01:01:51","date_gmt":"2022-12-31T18:01:51","guid":{"rendered":"https:\/\/khomaudep.com\/huongvie\/?post_type=product&#038;p=3699"},"modified":"2023-02-07T11:11:52","modified_gmt":"2023-02-07T04:11:52","slug":"huong-viet-quat-dang-bot","status":"publish","type":"product","link":"https:\/\/pluginviet.com\/mau32\/san-pham\/huong-viet-quat-dang-bot\/","title":{"rendered":"H\u01af\u01a0NG VI\u1ec6T QU\u1ea4T D\u1ea0NG B\u1ed8T"},"content":{"rendered":"<div class=\"summary entry-summary\"><\/div>\n<div class=\"barcelona-tabs\">\n<div class=\"barcelona-tab tab-description\">\n<div class=\"box-header archive-header has-title\">\n<h2><\/h2>\n<p>M\u00d4 T\u1ea2<\/p>\n<p>H\u01b0\u01a1ng Vi\u1ec7t Qu\u1ea5t d\u1ea1ng b\u1ed9t \u2013 Blueberry Flavor Powder \u0111\u01b0\u1ee3c chi\u1ebft xu\u1ea5t t\u1eeb nh\u1eefng th\u00e0nh ph\u1ea7n t\u1ef1 nhi\u00ean c\u1ee7a qu\u1ea3 vi\u1ec7t qu\u1ea5t t\u1ef1 nhi\u00ean, c\u1ea5u tr\u00fac h\u01b0\u01a1ng d\u1ea7y, tr\u00f2n v\u1ecb gi\u1eef \u0111\u01b0\u1ee3c h\u01b0\u01a1ng v\u1ecb th\u01a1m, \u0111\u1eb7c tr\u01b0ng c\u1ee7a vi\u1ec7t qu\u1ea5t.<\/p>\n<p>\u0110\u1eb6C \u0110I\u1ec2M N\u1ed4I B\u1eacT: h\u01b0\u01a1ng v\u1ecb vi\u1ec7t qu\u1ea5t r\u1ea5t t\u1ef1 nhi\u00ean, r\u1ea5t th\u1eadt, ch\u1ecbu nhi\u1ec7t t\u1ed1t.<\/p>\n<p>\u1ee8NG D\u1ee4NG: n\u01b0\u1edbc gi\u1ea3i kh\u00e1t, b\u00e1nh, k\u1eb9o, kem\u2026<\/p>\n<p>Nh\u1eefng s\u1ea3n ph\u1ea9m t\u1eeb qu\u1ea3 vi\u1ec7t qu\u1ea5t \u0111\u00e3 c\u00f3 m\u1eb7t tr\u00ean th\u1ecb tr\u01b0\u1eddng: n\u01b0\u1edbc u\u1ed1ng qu\u1ea3 vi\u1ec7t qu\u1ea5t Hachi Hachi, k\u1eb9o h\u01b0\u01a1ng vi\u1ec7t qu\u1ea5t Brooksie, Vi\u1ec7t qu\u1ea5t s\u1ea5y T\u00e2n Vi\u1ec7t H\u01b0ng, m\u1ee9t vi\u1ec7t qu\u1ea5t Bonne Maman,\u2026<\/p>\n<p>XU H\u01af\u1edaNG: vi\u1ec7t qu\u1ea5t t\u1ef1 nhi\u00ean l\u00e0 m\u1ed9t lo\u1ea1i th\u1ef1c ph\u1ea9m r\u1ea5t t\u1ed1t cho s\u1ee9c kh\u1ecfe, c\u00f3 t\u00e1c d\u1ee5ng gi\u1ea3m c\u00e2n, cung c\u1ea5p nhi\u1ec1u vitamin v\u00e0 kho\u00e1ng ch\u1ea5t, c\u1ea3i thi\u1ec7n h\u1ec7 ti\u00eau h\u00f3a, ch\u1ed1ng oxy h\u00f3a. Ng\u00e0y nay vi\u1ec7c s\u1eed d\u1ee5ng qu\u1ea3 vi\u1ec7t qu\u1ea5t ng\u00e0y c\u00e0ng \u0111\u01b0\u1ee3c ph\u1ed5 bi\u1ebfn r\u1ed9ng r\u00e3i trong cu\u1ed9c s\u1ed1ng.<\/p>\n<p>L\u01b0u \u00fd khi s\u1eed d\u1ee5ng h\u01b0\u01a1ng vi\u1ec7t qu\u1ea5t: b\u1ea3o qu\u1ea3n n\u01a1i kh\u00f4 r\u00e1o, tho\u00e1ng m\u00e1t, tr\u00e1nh \u00e1nh s\u00e1ng m\u1eb7t tr\u1eddi tr\u1ef1c ti\u1ebfp, nhi\u1ec7t \u0111\u1ed9 ph\u00f2ng 25 \u0111\u1ed9 C.<\/p>\n<p>\u01afU \u0110I\u1ec2M: h\u01b0\u01a1ng v\u1ecb vi\u1ec7t qu\u1ea5t t\u01b0\u01a1i \u0111\u00fang chu\u1ea9n c\u1ee7a vi\u1ec7t qu\u1ea5t t\u1ef1 nhi\u00ean, kh\u1ea3 n\u0103ng ch\u1ecbu nhi\u1ec7t t\u1ed1t. C\u00f4ng th\u1ee9c \u0111\u01b0\u1ee3c nghi\u00ean c\u1ee9u b\u1edfi c\u00e1c chuy\u00ean gia v\u1ec1 h\u01b0\u01a1ng li\u1ec7u th\u1ef1c ph\u1ea9m gi\u00fap ph\u00e1t huy t\u1ed1i \u0111a l\u1ee3i th\u1ebf c\u1ee7a h\u01b0\u01a1ng t\u1ef1 nhi\u00ean, gi\u1ea5y ch\u1ee9ng nh\u1eadn ch\u1ea5t l\u01b0\u1ee3ng v\u00e0 ch\u1ee9ng nh\u1eadn xu\u1ea5t x\u1ee9, ngu\u1ed3n g\u1ed1c, s\u1ea3n ph\u1ea9m \u0111\u01b0\u1ee3c l\u00e0m 100% vi\u1ec7t qu\u1ea5t.<\/p>\n<p>H\u01b0\u01a1ng Vie &#8211; Nh\u00e0 s\u1ea3n xu\u1ea5t h\u01b0\u01a1ng li\u1ec7u t\u1ef1 nhi\u00ean thu\u1ea7n Vi\u1ec7t cao c\u1ea5p.<\/p>\n<p>T\u00ecm \u0111\u1ed1i t\u00e1c nghi\u00ean c\u1ee9u v\u00e0 ph\u00e1t tri\u1ec3n s\u1ea3n ph\u1ea9m t\u00ecm H\u01b0\u01a1ng Vie!<\/p>\n<p>T\u00ecm h\u01b0\u01a1ng li\u1ec7u th\u1ef1c ph\u1ea9m cao c\u1ea5p, t\u00ecm H\u01b0\u01a1ng Vie!<\/p>\n<p>G\u1ecdi ngay hotline:\u00a0<strong>\u00a00927742222<\/strong>\u00a0\u0111\u1ec3 \u0111\u01b0\u1ee3c t\u01b0 v\u1ea5n v\u00e0 nh\u1eadn m\u1eabu th\u1eed.<\/p>\n<p>Email: anhthuong1996cs@gmail.com<\/p>\n<\/div>\n<\/div>\n<\/div>\n","protected":false},"excerpt":{"rendered":"<table style=\"border-collapse: collapse;width: 100.149%;height: 128px\">\n<tbody>\n<tr style=\"height: 21px\">\n<td style=\"width: 50%;height: 21px\">S\u1ea3n ph\u1ea9m:<\/td>\n<td style=\"width: 50.1493%;height: 21px\">H\u01b0\u01a1ng Vi\u1ec7t qu\u1ea5t D\u1ea1ng B\u1ed9t<\/td>\n<\/tr>\n<tr style=\"height: 21px\">\n<td style=\"width: 50%;height: 21px\">Danh m\u1ee5c<\/td>\n<td style=\"width: 50.1493%;height: 21px\">H\u01b0\u01a1ng li\u1ec7u th\u1ef1c ph\u1ea9m- B\u1ed9t Chi\u1ebft xu\u1ea5t<\/td>\n<\/tr>\n<tr style=\"height: 21px\">\n<td style=\"width: 50%;height: 21px\">Th\u00e0nh ph\u1ea7n<\/td>\n<td style=\"width: 50.1493%;height: 21px\">100%\u00a0 Vi\u1ec7t Qu\u1ea5t<\/td>\n<\/tr>\n<tr style=\"height: 21px\">\n<td style=\"width: 50%;height: 22px\">Kh\u1ed1i l\u01b0\u1ee3ng<\/td>\n<td style=\"width: 50.1493%;height: 22px\">50kg\/t\u00fai<\/td>\n<\/tr>\n<tr style=\"height: 43px\">\n<td style=\"width: 50%;height: 43px\">S\u1ea3n xu\u1ea5t<\/td>\n<td style=\"width: 50.1493%;height: 43px\">C\u00f4ng ty TNHH H\u01b0\u01a1ng Li\u1ec7u &amp; Nguy\u00ean Li\u1ec7u Th\u1ef1c Ph\u1ea9m H\u01b0\u01a1ng Vie<\/td>\n<\/tr>\n<\/tbody>\n<\/table>\n","protected":false},"featured_media":3986,"comment_status":"open","ping_status":"closed","template":"","meta":[],"product_cat":[204],"product_tag":[],"class_list":{"0":"post-3699","1":"product","2":"type-product","3":"status-publish","4":"has-post-thumbnail","6":"product_cat-bot-chiet-xuat","8":"first","9":"instock","10":"shipping-taxable","11":"product-type-simple"},"acf":[],"yoast_head":"<!-- This site is optimized with the Yoast SEO plugin v23.6 - https:\/\/yoast.com\/wordpress\/plugins\/seo\/ -->\n<title>H\u01af\u01a0NG VI\u1ec6T QU\u1ea4T D\u1ea0NG B\u1ed8T - H\u01b0\u01a1ng Vie<\/title>\n<meta name=\"robots\" content=\"index, follow, max-snippet:-1, max-image-preview:large, max-video-preview:-1\" \/>\n<link rel=\"canonical\" href=\"https:\/\/pluginviet.com\/mau32\/san-pham\/huong-viet-quat-dang-bot\/\" \/>\n<meta property=\"og:locale\" content=\"vi_VN\" \/>\n<meta property=\"og:type\" content=\"article\" \/>\n<meta property=\"og:title\" content=\"H\u01af\u01a0NG VI\u1ec6T QU\u1ea4T D\u1ea0NG B\u1ed8T - H\u01b0\u01a1ng Vie\" \/>\n<meta property=\"og:description\" content=\"S\u1ea3n ph\u1ea9m: H\u01b0\u01a1ng Vi\u1ec7t qu\u1ea5t D\u1ea1ng B\u1ed9t   Danh m\u1ee5c H\u01b0\u01a1ng li\u1ec7u th\u1ef1c ph\u1ea9m- B\u1ed9t Chi\u1ebft xu\u1ea5t   Th\u00e0nh ph\u1ea7n 100%\u00a0 Vi\u1ec7t Qu\u1ea5t   Kh\u1ed1i l\u01b0\u1ee3ng 50kg\/t\u00fai   S\u1ea3n xu\u1ea5t C\u00f4ng ty TNHH H\u01b0\u01a1ng Li\u1ec7u &amp; Nguy\u00ean Li\u1ec7u Th\u1ef1c Ph\u1ea9m H\u01b0\u01a1ng Vie\" \/>\n<meta property=\"og:url\" content=\"https:\/\/pluginviet.com\/mau32\/san-pham\/huong-viet-quat-dang-bot\/\" \/>\n<meta property=\"og:site_name\" content=\"H\u01b0\u01a1ng Vie\" \/>\n<meta property=\"article:modified_time\" content=\"2023-02-07T04:11:52+00:00\" \/>\n<meta property=\"og:image\" content=\"https:\/\/pluginviet.com\/mau32\/wp-content\/uploads\/2023\/01\/biofinest-acai-berry-juice-powder-organic-superfood.jpg\" \/>\n\t<meta property=\"og:image:width\" content=\"800\" \/>\n\t<meta property=\"og:image:height\" content=\"800\" \/>\n\t<meta property=\"og:image:type\" content=\"image\/jpeg\" \/>\n<meta name=\"twitter:card\" content=\"summary_large_image\" \/>\n<meta name=\"twitter:label1\" content=\"\u01af\u1edbc t\u00ednh th\u1eddi gian \u0111\u1ecdc\" \/>\n\t<meta name=\"twitter:data1\" content=\"2 ph\u00fat\" \/>\n<script type=\"application\/ld+json\" class=\"yoast-schema-graph\">{\"@context\":\"https:\/\/schema.org\",\"@graph\":[{\"@type\":\"WebPage\",\"@id\":\"https:\/\/pluginviet.com\/mau32\/san-pham\/huong-viet-quat-dang-bot\/\",\"url\":\"https:\/\/pluginviet.com\/mau32\/san-pham\/huong-viet-quat-dang-bot\/\",\"name\":\"H\u01af\u01a0NG VI\u1ec6T QU\u1ea4T D\u1ea0NG B\u1ed8T - H\u01b0\u01a1ng Vie\",\"isPartOf\":{\"@id\":\"https:\/\/pluginviet.com\/mau32\/#website\"},\"primaryImageOfPage\":{\"@id\":\"https:\/\/pluginviet.com\/mau32\/san-pham\/huong-viet-quat-dang-bot\/#primaryimage\"},\"image\":{\"@id\":\"https:\/\/pluginviet.com\/mau32\/san-pham\/huong-viet-quat-dang-bot\/#primaryimage\"},\"thumbnailUrl\":\"https:\/\/pluginviet.com\/mau32\/wp-content\/uploads\/2023\/01\/biofinest-acai-berry-juice-powder-organic-superfood.jpg\",\"datePublished\":\"2022-12-31T18:01:51+00:00\",\"dateModified\":\"2023-02-07T04:11:52+00:00\",\"breadcrumb\":{\"@id\":\"https:\/\/pluginviet.com\/mau32\/san-pham\/huong-viet-quat-dang-bot\/#breadcrumb\"},\"inLanguage\":\"vi\",\"potentialAction\":[{\"@type\":\"ReadAction\",\"target\":[\"https:\/\/pluginviet.com\/mau32\/san-pham\/huong-viet-quat-dang-bot\/\"]}]},{\"@type\":\"ImageObject\",\"inLanguage\":\"vi\",\"@id\":\"https:\/\/pluginviet.com\/mau32\/san-pham\/huong-viet-quat-dang-bot\/#primaryimage\",\"url\":\"https:\/\/pluginviet.com\/mau32\/wp-content\/uploads\/2023\/01\/biofinest-acai-berry-juice-powder-organic-superfood.jpg\",\"contentUrl\":\"https:\/\/pluginviet.com\/mau32\/wp-content\/uploads\/2023\/01\/biofinest-acai-berry-juice-powder-organic-superfood.jpg\",\"width\":800,\"height\":800},{\"@type\":\"BreadcrumbList\",\"@id\":\"https:\/\/pluginviet.com\/mau32\/san-pham\/huong-viet-quat-dang-bot\/#breadcrumb\",\"itemListElement\":[{\"@type\":\"ListItem\",\"position\":1,\"name\":\"Trang ch\u1ee7\",\"item\":\"https:\/\/pluginviet.com\/mau32\/\"},{\"@type\":\"ListItem\",\"position\":2,\"name\":\"Shop\",\"item\":\"https:\/\/pluginviet.com\/mau32\/shop\/\"},{\"@type\":\"ListItem\",\"position\":3,\"name\":\"H\u01af\u01a0NG VI\u1ec6T QU\u1ea4T D\u1ea0NG B\u1ed8T\"}]},{\"@type\":\"WebSite\",\"@id\":\"https:\/\/pluginviet.com\/mau32\/#website\",\"url\":\"https:\/\/pluginviet.com\/mau32\/\",\"name\":\"H\u01b0\u01a1ng Vie\",\"description\":\"\",\"potentialAction\":[{\"@type\":\"SearchAction\",\"target\":{\"@type\":\"EntryPoint\",\"urlTemplate\":\"https:\/\/pluginviet.com\/mau32\/?s={search_term_string}\"},\"query-input\":{\"@type\":\"PropertyValueSpecification\",\"valueRequired\":true,\"valueName\":\"search_term_string\"}}],\"inLanguage\":\"vi\"}]}<\/script>\n<!-- \/ Yoast SEO plugin. -->","yoast_head_json":{"title":"H\u01af\u01a0NG VI\u1ec6T QU\u1ea4T D\u1ea0NG B\u1ed8T - H\u01b0\u01a1ng Vie","robots":{"index":"index","follow":"follow","max-snippet":"max-snippet:-1","max-image-preview":"max-image-preview:large","max-video-preview":"max-video-preview:-1"},"canonical":"https:\/\/pluginviet.com\/mau32\/san-pham\/huong-viet-quat-dang-bot\/","og_locale":"vi_VN","og_type":"article","og_title":"H\u01af\u01a0NG VI\u1ec6T QU\u1ea4T D\u1ea0NG B\u1ed8T - H\u01b0\u01a1ng Vie","og_description":"S\u1ea3n ph\u1ea9m: H\u01b0\u01a1ng Vi\u1ec7t qu\u1ea5t D\u1ea1ng B\u1ed9t   Danh m\u1ee5c H\u01b0\u01a1ng li\u1ec7u th\u1ef1c ph\u1ea9m- B\u1ed9t Chi\u1ebft xu\u1ea5t   Th\u00e0nh ph\u1ea7n 100%\u00a0 Vi\u1ec7t Qu\u1ea5t   Kh\u1ed1i l\u01b0\u1ee3ng 50kg\/t\u00fai   S\u1ea3n xu\u1ea5t C\u00f4ng ty TNHH H\u01b0\u01a1ng Li\u1ec7u &amp; Nguy\u00ean Li\u1ec7u Th\u1ef1c Ph\u1ea9m H\u01b0\u01a1ng Vie","og_url":"https:\/\/pluginviet.com\/mau32\/san-pham\/huong-viet-quat-dang-bot\/","og_site_name":"H\u01b0\u01a1ng Vie","article_modified_time":"2023-02-07T04:11:52+00:00","og_image":[{"width":800,"height":800,"url":"https:\/\/pluginviet.com\/mau32\/wp-content\/uploads\/2023\/01\/biofinest-acai-berry-juice-powder-organic-superfood.jpg","type":"image\/jpeg"}],"twitter_card":"summary_large_image","twitter_misc":{"\u01af\u1edbc t\u00ednh th\u1eddi gian \u0111\u1ecdc":"2 ph\u00fat"},"schema":{"@context":"https:\/\/schema.org","@graph":[{"@type":"WebPage","@id":"https:\/\/pluginviet.com\/mau32\/san-pham\/huong-viet-quat-dang-bot\/","url":"https:\/\/pluginviet.com\/mau32\/san-pham\/huong-viet-quat-dang-bot\/","name":"H\u01af\u01a0NG VI\u1ec6T QU\u1ea4T D\u1ea0NG B\u1ed8T - H\u01b0\u01a1ng Vie","isPartOf":{"@id":"https:\/\/pluginviet.com\/mau32\/#website"},"primaryImageOfPage":{"@id":"https:\/\/pluginviet.com\/mau32\/san-pham\/huong-viet-quat-dang-bot\/#primaryimage"},"image":{"@id":"https:\/\/pluginviet.com\/mau32\/san-pham\/huong-viet-quat-dang-bot\/#primaryimage"},"thumbnailUrl":"https:\/\/pluginviet.com\/mau32\/wp-content\/uploads\/2023\/01\/biofinest-acai-berry-juice-powder-organic-superfood.jpg","datePublished":"2022-12-31T18:01:51+00:00","dateModified":"2023-02-07T04:11:52+00:00","breadcrumb":{"@id":"https:\/\/pluginviet.com\/mau32\/san-pham\/huong-viet-quat-dang-bot\/#breadcrumb"},"inLanguage":"vi","potentialAction":[{"@type":"ReadAction","target":["https:\/\/pluginviet.com\/mau32\/san-pham\/huong-viet-quat-dang-bot\/"]}]},{"@type":"ImageObject","inLanguage":"vi","@id":"https:\/\/pluginviet.com\/mau32\/san-pham\/huong-viet-quat-dang-bot\/#primaryimage","url":"https:\/\/pluginviet.com\/mau32\/wp-content\/uploads\/2023\/01\/biofinest-acai-berry-juice-powder-organic-superfood.jpg","contentUrl":"https:\/\/pluginviet.com\/mau32\/wp-content\/uploads\/2023\/01\/biofinest-acai-berry-juice-powder-organic-superfood.jpg","width":800,"height":800},{"@type":"BreadcrumbList","@id":"https:\/\/pluginviet.com\/mau32\/san-pham\/huong-viet-quat-dang-bot\/#breadcrumb","itemListElement":[{"@type":"ListItem","position":1,"name":"Trang ch\u1ee7","item":"https:\/\/pluginviet.com\/mau32\/"},{"@type":"ListItem","position":2,"name":"Shop","item":"https:\/\/pluginviet.com\/mau32\/shop\/"},{"@type":"ListItem","position":3,"name":"H\u01af\u01a0NG VI\u1ec6T QU\u1ea4T D\u1ea0NG B\u1ed8T"}]},{"@type":"WebSite","@id":"https:\/\/pluginviet.com\/mau32\/#website","url":"https:\/\/pluginviet.com\/mau32\/","name":"H\u01b0\u01a1ng Vie","description":"","potentialAction":[{"@type":"SearchAction","target":{"@type":"EntryPoint","urlTemplate":"https:\/\/pluginviet.com\/mau32\/?s={search_term_string}"},"query-input":{"@type":"PropertyValueSpecification","valueRequired":true,"valueName":"search_term_string"}}],"inLanguage":"vi"}]}},"_links":{"self":[{"href":"https:\/\/pluginviet.com\/mau32\/wp-json\/wp\/v2\/product\/3699"}],"collection":[{"href":"https:\/\/pluginviet.com\/mau32\/wp-json\/wp\/v2\/product"}],"about":[{"href":"https:\/\/pluginviet.com\/mau32\/wp-json\/wp\/v2\/types\/product"}],"replies":[{"embeddable":true,"href":"https:\/\/pluginviet.com\/mau32\/wp-json\/wp\/v2\/comments?post=3699"}],"wp:featuredmedia":[{"embeddable":true,"href":"https:\/\/pluginviet.com\/mau32\/wp-json\/wp\/v2\/media\/3986"}],"wp:attachment":[{"href":"https:\/\/pluginviet.com\/mau32\/wp-json\/wp\/v2\/media?parent=3699"}],"wp:term":[{"taxonomy":"product_cat","embeddable":true,"href":"https:\/\/pluginviet.com\/mau32\/wp-json\/wp\/v2\/product_cat?post=3699"},{"taxonomy":"product_tag","embeddable":true,"href":"https:\/\/pluginviet.com\/mau32\/wp-json\/wp\/v2\/product_tag?post=3699"}],"curies":[{"name":"wp","href":"https:\/\/api.w.org\/{rel}","templated":true}]}}