{"id":1994,"date":"2022-08-19T11:45:28","date_gmt":"2022-08-19T04:45:28","guid":{"rendered":"http:\/\/medicare.orendawp.tk\/?page_id=1994"},"modified":"2023-01-04T22:49:45","modified_gmt":"2023-01-04T15:49:45","slug":"lien-he","status":"publish","type":"page","link":"https:\/\/pluginviet.com\/mau32\/lien-he\/","title":{"rendered":"Li\u00ean h\u1ec7"},"content":{"rendered":"\t<section class=\"section lienhe01\" id=\"section_160157798\">\n\t\t<div class=\"bg section-bg fill bg-fill  bg-loaded\" >\n\n\t\t\t\n\t\t\t\n\t\t\t\n\n\t\t<\/div>\n\n\t\t\n\n\t\t<div class=\"section-content relative\">\n\t\t\t\n<div class=\"row\"  id=\"row-1269302173\">\n\n\t<div id=\"col-781999351\" class=\"col medium-8 small-12 large-8\"  >\n\t\t\t\t<div class=\"col-inner\"  >\n\t\t\t\n\t\t\t\n\t<div class=\"img has-hover x md-x lg-x y md-y lg-y\" id=\"image_1923231160\">\n\t\t\t\t\t\t\t\t<div class=\"img-inner dark\" >\n\t\t\t<img loading=\"lazy\" decoding=\"async\" width=\"41\" height=\"36\" src=\"https:\/\/pluginviet.com\/mau32\/wp-content\/uploads\/2022\/12\/la.png\" class=\"attachment-original size-original\" alt=\"\" \/>\t\t\t\t\t\t\n\t\t\t\t\t<\/div>\n\t\t\t\t\t\t\t\t\n<style>\n#image_1923231160 {\n  width: 100%;\n}\n<\/style>\n\t<\/div>\n\t\n<h3>Form Li\u00ean H\u1ec7<\/h3>\n<p>Li\u00ean h\u1ec7 v\u1edbi ch\u00fang t\u00f4i \u0111\u1ec3 t\u00ecm ra gi\u1ea3i ph\u00e1p h\u01b0\u01a1ng li\u1ec7u ph\u00f9 h\u1ee3p nh\u1ea5t v\u1edbi doanh nghi\u1ec7p c\u1ee7a b\u1ea1n.<\/p>\n\t\t<\/div>\n\t\t\t\t\t<\/div>\n\n\t\n<\/div>\n\t\t<\/div>\n\n\t\t\n<style>\n#section_160157798 {\n  padding-top: 30px;\n  padding-bottom: 30px;\n}\n#section_160157798 .ux-shape-divider--top svg {\n  height: 150px;\n  --divider-top-width: 100%;\n}\n#section_160157798 .ux-shape-divider--bottom svg {\n  height: 150px;\n  --divider-width: 100%;\n}\n<\/style>\n\t<\/section>\n\t\n\t<section class=\"section lienhe02\" id=\"section_1952394738\">\n\t\t<div class=\"bg section-bg fill bg-fill  bg-loaded\" >\n\n\t\t\t\n\t\t\t\n\t\t\t\n\n\t\t<\/div>\n\n\t\t\n\n\t\t<div class=\"section-content relative\">\n\t\t\t\n<div class=\"row\"  id=\"row-468190845\">\n\n\t<div id=\"col-1335765686\" class=\"col medium-4 small-12 large-4\"  >\n\t\t\t\t<div class=\"col-inner\"  >\n\t\t\t\n\t\t\t\n\t\t<div class=\"div1\">\n\t\t\t\t\n<div class=\"tp-contact-info-icon\"><i class=\"fas fa-map-marker-alt\"><\/i><\/div>\n<div class=\"tp-contact-info-text\">\n<h4>\u0110\u1ecba ch\u1ec9<\/h4>\n<p><a href=\"#\">47 V\u0169 Tr\u1ecdng Ph\u1ee5ng Thanh Xu\u00e2n H\u00e0 N\u1ed9i<\/a>\n<\/div>\n\t\t<\/div>\n\t\n\t<div id=\"text-3664325752\" class=\"text div1\">\n\t\t\n<div class=\"tp-contact-info-icon\"><i class=\"fas fa-phone-alt\"><\/i><\/div>\n<div class=\"tp-contact-info-text\">\n<h4>Hotline<\/h4>\n<p><a href=\"tel:927742222\">927742222<\/a><\/p>\n<\/div>\n\t\t\t<\/div>\n\t\n\t<div id=\"text-23716432\" class=\"text div1\">\n\t\t\n<div class=\"tp-contact-info-icon\"><i class=\"fas fa-envelope-open\"><\/i><\/div>\n<div class=\"tp-contact-info-text\">\n<h4>Email<\/h4>\n<p><a href=\"mailto:anhthuong1996cs@gmail.com\">anhthuong1996cs@gmail.com<\/a><\/p>\n<\/div>\n\t\t\t<\/div>\n\t\n\t\t<\/div>\n\t\t\t\t\t<\/div>\n\n\t\n\n\t<div id=\"col-685369117\" class=\"col medium-8 small-12 large-8\"  >\n\t\t\t\t<div class=\"col-inner\"  >\n\t\t\t\n\t\t\t\n\n<div class=\"wpcf7 no-js\" id=\"wpcf7-f3502-o1\" lang=\"en-US\" dir=\"ltr\">\n<div class=\"screen-reader-response\"><p role=\"status\" aria-live=\"polite\" aria-atomic=\"true\"><\/p> <ul><\/ul><\/div>\n<form action=\"\/mau32\/wp-json\/wp\/v2\/pages\/1994#wpcf7-f3502-o1\" method=\"post\" class=\"wpcf7-form init\" aria-label=\"Contact form\" novalidate=\"novalidate\" data-status=\"init\">\n<div style=\"display: none;\">\n<input type=\"hidden\" name=\"_wpcf7\" value=\"3502\" \/>\n<input type=\"hidden\" name=\"_wpcf7_version\" value=\"5.9.8\" \/>\n<input type=\"hidden\" name=\"_wpcf7_locale\" value=\"en_US\" \/>\n<input type=\"hidden\" name=\"_wpcf7_unit_tag\" value=\"wpcf7-f3502-o1\" \/>\n<input type=\"hidden\" name=\"_wpcf7_container_post\" value=\"0\" \/>\n<input type=\"hidden\" name=\"_wpcf7_posted_data_hash\" value=\"\" \/>\n<\/div>\n<div class=\"lienhe\">\n\t<div>\n\t\t<div>\n\t\t\t<p><span class=\"wpcf7-form-control-wrap\" data-name=\"text-324\"><input size=\"40\" maxlength=\"400\" class=\"wpcf7-form-control wpcf7-text wpcf7-validates-as-required\" aria-required=\"true\" aria-invalid=\"false\" placeholder=\"H\u1ecd v\u00e0 t\u00ean (*)\" value=\"\" type=\"text\" name=\"text-324\" \/><\/span>\n\t\t\t<\/p>\n\t\t<\/div>\n\t\t<div>\n\t\t\t<p><span class=\"wpcf7-form-control-wrap\" data-name=\"text-325\"><input size=\"40\" maxlength=\"400\" class=\"wpcf7-form-control wpcf7-text wpcf7-validates-as-required\" aria-required=\"true\" aria-invalid=\"false\" placeholder=\"T\u00ean c\u00f4ng ty (*)\" value=\"\" type=\"text\" name=\"text-325\" \/><\/span>\n\t\t\t<\/p>\n\t\t<\/div>\n\t<\/div>\n\t<div>\n\t\t<div>\n\t\t\t<p><span class=\"wpcf7-form-control-wrap\" data-name=\"email-159\"><input size=\"40\" maxlength=\"400\" class=\"wpcf7-form-control wpcf7-email wpcf7-validates-as-required wpcf7-text wpcf7-validates-as-email\" aria-required=\"true\" aria-invalid=\"false\" placeholder=\"\u0110\u1ecba ch\u1ec9 (*)\" value=\"\" type=\"email\" name=\"email-159\" \/><\/span>\n\t\t\t<\/p>\n\t\t<\/div>\n\t\t<div>\n\t\t\t<p><span class=\"wpcf7-form-control-wrap\" data-name=\"tel-643\"><input size=\"40\" maxlength=\"400\" class=\"wpcf7-form-control wpcf7-tel wpcf7-validates-as-required wpcf7-text wpcf7-validates-as-tel\" aria-required=\"true\" aria-invalid=\"false\" placeholder=\"S\u1ed1 \u0111i\u1ec7n tho\u1ea1i (*)\" value=\"\" type=\"tel\" name=\"tel-643\" \/><\/span>\n\t\t\t<\/p>\n\t\t<\/div>\n\t<\/div>\n\t<div>\n\t\t<div>\n\t\t\t<p><span class=\"wpcf7-form-control-wrap\" data-name=\"text-326\"><input size=\"40\" maxlength=\"400\" class=\"wpcf7-form-control wpcf7-text\" aria-invalid=\"false\" placeholder=\"V\u1ea5n \u0111\u1ec1 quan t\u00e2m\" value=\"\" type=\"text\" name=\"text-326\" \/><\/span>\n\t\t\t<\/p>\n\t\t<\/div>\n\t\t<div>\n\t\t\t<p><span class=\"wpcf7-form-control-wrap\" data-name=\"text-327\"><input size=\"40\" maxlength=\"400\" class=\"wpcf7-form-control wpcf7-text\" aria-invalid=\"false\" placeholder=\"L\u0129nh v\u1ef1c l\u00e0m vi\u1ec7c\" value=\"\" type=\"text\" name=\"text-327\" \/><\/span>\n\t\t\t<\/p>\n\t\t<\/div>\n\t<\/div>\n\t<p><input class=\"wpcf7-form-control wpcf7-submit has-spinner\" type=\"submit\" value=\"G\u1eedi\" \/>\n\t<\/p>\n<\/div><div class=\"wpcf7-response-output\" aria-hidden=\"true\"><\/div>\n<\/form>\n<\/div>\n\n\t\t<\/div>\n\t\t\t\t\t<\/div>\n\n\t\n<\/div>\n\t\t<\/div>\n\n\t\t\n<style>\n#section_1952394738 {\n  padding-top: 30px;\n  padding-bottom: 30px;\n}\n#section_1952394738 .ux-shape-divider--top svg {\n  height: 150px;\n  --divider-top-width: 100%;\n}\n#section_1952394738 .ux-shape-divider--bottom svg {\n  height: 150px;\n  --divider-width: 100%;\n}\n<\/style>\n\t<\/section>\n\t\n\t<section class=\"section lienhe03\" id=\"section_607705599\">\n\t\t<div class=\"bg section-bg fill bg-fill  bg-loaded\" >\n\n\t\t\t\n\t\t\t\n\t\t\t\n\n\t\t<\/div>\n\n\t\t\n\n\t\t<div class=\"section-content relative\">\n\t\t\t\n<div class=\"row\"  id=\"row-642422431\">\n\n\t<div id=\"col-593574574\" class=\"col small-12 large-12\"  >\n\t\t\t\t<div class=\"col-inner\"  >\n\t\t\t\n\t\t\t\n\n\n\t\t<\/div>\n\t\t\t\t\t<\/div>\n\n\t\n<\/div>\n\t\t<\/div>\n\n\t\t\n<style>\n#section_607705599 {\n  padding-top: 0px;\n  padding-bottom: 0px;\n}\n#section_607705599 .ux-shape-divider--top svg {\n  height: 150px;\n  --divider-top-width: 100%;\n}\n#section_607705599 .ux-shape-divider--bottom svg {\n  height: 150px;\n  --divider-width: 100%;\n}\n<\/style>\n\t<\/section>\n\t\n","protected":false},"excerpt":{"rendered":"","protected":false},"author":3,"featured_media":3613,"parent":0,"menu_order":0,"comment_status":"closed","ping_status":"closed","template":"page-blank.php","meta":{"footnotes":""},"class_list":["post-1994","page","type-page","status-publish","has-post-thumbnail","hentry"],"acf":[],"yoast_head":"<!-- This site is optimized with the Yoast SEO plugin v23.6 - https:\/\/yoast.com\/wordpress\/plugins\/seo\/ -->\n<title>H\u01b0\u01a1ng Vie<\/title>\n<meta name=\"robots\" content=\"index, follow, max-snippet:-1, max-image-preview:large, max-video-preview:-1\" \/>\n<link rel=\"canonical\" href=\"https:\/\/pluginviet.com\/mau32\/lien-he\/\" \/>\n<meta property=\"og:locale\" content=\"vi_VN\" \/>\n<meta property=\"og:type\" content=\"article\" \/>\n<meta property=\"og:title\" content=\"H\u01b0\u01a1ng Vie\" \/>\n<meta property=\"og:url\" content=\"https:\/\/pluginviet.com\/mau32\/lien-he\/\" \/>\n<meta property=\"og:site_name\" content=\"H\u01b0\u01a1ng Vie\" \/>\n<meta property=\"article:modified_time\" content=\"2023-01-04T15:49:45+00:00\" \/>\n<meta property=\"og:image\" content=\"https:\/\/pluginviet.com\/mau32\/wp-content\/uploads\/2022\/12\/bannerxp-min.png\" \/>\n\t<meta property=\"og:image:width\" content=\"1920\" \/>\n\t<meta property=\"og:image:height\" content=\"800\" \/>\n\t<meta property=\"og:image:type\" content=\"image\/png\" \/>\n<meta name=\"twitter:card\" content=\"summary_large_image\" \/>\n<meta name=\"twitter:label1\" content=\"\u01af\u1edbc t\u00ednh th\u1eddi gian \u0111\u1ecdc\" \/>\n\t<meta name=\"twitter:data1\" content=\"1 ph\u00fat\" \/>\n<script type=\"application\/ld+json\" class=\"yoast-schema-graph\">{\"@context\":\"https:\/\/schema.org\",\"@graph\":[{\"@type\":\"WebPage\",\"@id\":\"https:\/\/pluginviet.com\/mau32\/lien-he\/\",\"url\":\"https:\/\/pluginviet.com\/mau32\/lien-he\/\",\"name\":\"H\u01b0\u01a1ng Vie\",\"isPartOf\":{\"@id\":\"https:\/\/pluginviet.com\/mau32\/#website\"},\"primaryImageOfPage\":{\"@id\":\"https:\/\/pluginviet.com\/mau32\/lien-he\/#primaryimage\"},\"image\":{\"@id\":\"https:\/\/pluginviet.com\/mau32\/lien-he\/#primaryimage\"},\"thumbnailUrl\":\"https:\/\/pluginviet.com\/mau32\/wp-content\/uploads\/2022\/12\/bannerxp-min.png\",\"datePublished\":\"2022-08-19T04:45:28+00:00\",\"dateModified\":\"2023-01-04T15:49:45+00:00\",\"breadcrumb\":{\"@id\":\"https:\/\/pluginviet.com\/mau32\/lien-he\/#breadcrumb\"},\"inLanguage\":\"vi\",\"potentialAction\":[{\"@type\":\"ReadAction\",\"target\":[\"https:\/\/pluginviet.com\/mau32\/lien-he\/\"]}]},{\"@type\":\"ImageObject\",\"inLanguage\":\"vi\",\"@id\":\"https:\/\/pluginviet.com\/mau32\/lien-he\/#primaryimage\",\"url\":\"https:\/\/pluginviet.com\/mau32\/wp-content\/uploads\/2022\/12\/bannerxp-min.png\",\"contentUrl\":\"https:\/\/pluginviet.com\/mau32\/wp-content\/uploads\/2022\/12\/bannerxp-min.png\",\"width\":1920,\"height\":800},{\"@type\":\"BreadcrumbList\",\"@id\":\"https:\/\/pluginviet.com\/mau32\/lien-he\/#breadcrumb\",\"itemListElement\":[{\"@type\":\"ListItem\",\"position\":1,\"name\":\"Trang ch\u1ee7\",\"item\":\"https:\/\/pluginviet.com\/mau32\/\"},{\"@type\":\"ListItem\",\"position\":2,\"name\":\"Li\u00ean h\u1ec7\"}]},{\"@type\":\"WebSite\",\"@id\":\"https:\/\/pluginviet.com\/mau32\/#website\",\"url\":\"https:\/\/pluginviet.com\/mau32\/\",\"name\":\"H\u01b0\u01a1ng Vie\",\"description\":\"\",\"potentialAction\":[{\"@type\":\"SearchAction\",\"target\":{\"@type\":\"EntryPoint\",\"urlTemplate\":\"https:\/\/pluginviet.com\/mau32\/?s={search_term_string}\"},\"query-input\":{\"@type\":\"PropertyValueSpecification\",\"valueRequired\":true,\"valueName\":\"search_term_string\"}}],\"inLanguage\":\"vi\"}]}<\/script>\n<!-- \/ Yoast SEO plugin. -->","yoast_head_json":{"title":"H\u01b0\u01a1ng Vie","robots":{"index":"index","follow":"follow","max-snippet":"max-snippet:-1","max-image-preview":"max-image-preview:large","max-video-preview":"max-video-preview:-1"},"canonical":"https:\/\/pluginviet.com\/mau32\/lien-he\/","og_locale":"vi_VN","og_type":"article","og_title":"H\u01b0\u01a1ng Vie","og_url":"https:\/\/pluginviet.com\/mau32\/lien-he\/","og_site_name":"H\u01b0\u01a1ng Vie","article_modified_time":"2023-01-04T15:49:45+00:00","og_image":[{"width":1920,"height":800,"url":"https:\/\/pluginviet.com\/mau32\/wp-content\/uploads\/2022\/12\/bannerxp-min.png","type":"image\/png"}],"twitter_card":"summary_large_image","twitter_misc":{"\u01af\u1edbc t\u00ednh th\u1eddi gian \u0111\u1ecdc":"1 ph\u00fat"},"schema":{"@context":"https:\/\/schema.org","@graph":[{"@type":"WebPage","@id":"https:\/\/pluginviet.com\/mau32\/lien-he\/","url":"https:\/\/pluginviet.com\/mau32\/lien-he\/","name":"H\u01b0\u01a1ng Vie","isPartOf":{"@id":"https:\/\/pluginviet.com\/mau32\/#website"},"primaryImageOfPage":{"@id":"https:\/\/pluginviet.com\/mau32\/lien-he\/#primaryimage"},"image":{"@id":"https:\/\/pluginviet.com\/mau32\/lien-he\/#primaryimage"},"thumbnailUrl":"https:\/\/pluginviet.com\/mau32\/wp-content\/uploads\/2022\/12\/bannerxp-min.png","datePublished":"2022-08-19T04:45:28+00:00","dateModified":"2023-01-04T15:49:45+00:00","breadcrumb":{"@id":"https:\/\/pluginviet.com\/mau32\/lien-he\/#breadcrumb"},"inLanguage":"vi","potentialAction":[{"@type":"ReadAction","target":["https:\/\/pluginviet.com\/mau32\/lien-he\/"]}]},{"@type":"ImageObject","inLanguage":"vi","@id":"https:\/\/pluginviet.com\/mau32\/lien-he\/#primaryimage","url":"https:\/\/pluginviet.com\/mau32\/wp-content\/uploads\/2022\/12\/bannerxp-min.png","contentUrl":"https:\/\/pluginviet.com\/mau32\/wp-content\/uploads\/2022\/12\/bannerxp-min.png","width":1920,"height":800},{"@type":"BreadcrumbList","@id":"https:\/\/pluginviet.com\/mau32\/lien-he\/#breadcrumb","itemListElement":[{"@type":"ListItem","position":1,"name":"Trang ch\u1ee7","item":"https:\/\/pluginviet.com\/mau32\/"},{"@type":"ListItem","position":2,"name":"Li\u00ean h\u1ec7"}]},{"@type":"WebSite","@id":"https:\/\/pluginviet.com\/mau32\/#website","url":"https:\/\/pluginviet.com\/mau32\/","name":"H\u01b0\u01a1ng Vie","description":"","potentialAction":[{"@type":"SearchAction","target":{"@type":"EntryPoint","urlTemplate":"https:\/\/pluginviet.com\/mau32\/?s={search_term_string}"},"query-input":{"@type":"PropertyValueSpecification","valueRequired":true,"valueName":"search_term_string"}}],"inLanguage":"vi"}]}},"_links":{"self":[{"href":"https:\/\/pluginviet.com\/mau32\/wp-json\/wp\/v2\/pages\/1994"}],"collection":[{"href":"https:\/\/pluginviet.com\/mau32\/wp-json\/wp\/v2\/pages"}],"about":[{"href":"https:\/\/pluginviet.com\/mau32\/wp-json\/wp\/v2\/types\/page"}],"author":[{"embeddable":true,"href":"https:\/\/pluginviet.com\/mau32\/wp-json\/wp\/v2\/users\/3"}],"replies":[{"embeddable":true,"href":"https:\/\/pluginviet.com\/mau32\/wp-json\/wp\/v2\/comments?post=1994"}],"version-history":[{"count":60,"href":"https:\/\/pluginviet.com\/mau32\/wp-json\/wp\/v2\/pages\/1994\/revisions"}],"predecessor-version":[{"id":3776,"href":"https:\/\/pluginviet.com\/mau32\/wp-json\/wp\/v2\/pages\/1994\/revisions\/3776"}],"wp:featuredmedia":[{"embeddable":true,"href":"https:\/\/pluginviet.com\/mau32\/wp-json\/wp\/v2\/media\/3613"}],"wp:attachment":[{"href":"https:\/\/pluginviet.com\/mau32\/wp-json\/wp\/v2\/media?parent=1994"}],"curies":[{"name":"wp","href":"https:\/\/api.w.org\/{rel}","templated":true}]}}