{"id":308,"date":"2021-03-24T04:18:26","date_gmt":"2021-03-24T04:18:26","guid":{"rendered":"https:\/\/orendawp.xyz\/luunguyenmoc\/?post_type=product&#038;p=308"},"modified":"2021-04-14T03:18:52","modified_gmt":"2021-04-14T03:18:52","slug":"cua-03","status":"publish","type":"product","link":"https:\/\/pluginviet.com\/mau29\/san-pham\/cua-03\/","title":{"rendered":"C\u1eecA M\u1eb6T TI\u1ec0N 4"},"content":{"rendered":"","protected":false},"excerpt":{"rendered":"<p>c\u1eeba m\u1eb7t ti\u1ec1n ch\u00e1t li\u1ec7u g\u1ed7 g\u00f5 \u0111\u1ecf L\u00e0o,hoa v\u0103n \u0111\u1ee5c ch\u1ea1m th\u1ee7 c\u00f4ng b\u1edfi ngh\u1ec7 nh\u00e2n.<\/p>\n<p>&nbsp;<\/p>\n","protected":false},"featured_media":309,"comment_status":"closed","ping_status":"closed","template":"","meta":[],"product_cat":[26],"product_tag":[],"yoast_head":"<!-- This site is optimized with the Yoast SEO plugin v20.13 - https:\/\/yoast.com\/wordpress\/plugins\/seo\/ -->\n<title>C\u1eecA M\u1eb6T TI\u1ec0N 4 - N\u1ed9i th\u1ea5t L\u01b0u Nguy\u1ec5n M\u1ed9c<\/title>\n<meta name=\"robots\" content=\"index, follow, max-snippet:-1, max-image-preview:large, max-video-preview:-1\" \/>\n<link rel=\"canonical\" href=\"https:\/\/pluginviet.com\/mau29\/san-pham\/cua-03\/\" \/>\n<meta property=\"og:locale\" content=\"vi_VN\" \/>\n<meta property=\"og:type\" content=\"article\" \/>\n<meta property=\"og:title\" content=\"C\u1eecA M\u1eb6T TI\u1ec0N 4 - N\u1ed9i th\u1ea5t L\u01b0u Nguy\u1ec5n M\u1ed9c\" \/>\n<meta property=\"og:description\" content=\"c\u1eeba m\u1eb7t ti\u1ec1n ch\u00e1t li\u1ec7u g\u1ed7 g\u00f5 \u0111\u1ecf L\u00e0o,hoa v\u0103n \u0111\u1ee5c ch\u1ea1m th\u1ee7 c\u00f4ng b\u1edfi ngh\u1ec7 nh\u00e2n.  &nbsp;\" \/>\n<meta property=\"og:url\" content=\"https:\/\/pluginviet.com\/mau29\/san-pham\/cua-03\/\" \/>\n<meta property=\"og:site_name\" content=\"N\u1ed9i th\u1ea5t L\u01b0u Nguy\u1ec5n M\u1ed9c\" \/>\n<meta property=\"article:publisher\" content=\"https:\/\/www.facebook.com\/LuuNguyenMoc\" \/>\n<meta property=\"article:modified_time\" content=\"2021-04-14T03:18:52+00:00\" \/>\n<meta property=\"og:image\" content=\"https:\/\/pluginviet.com\/mau29\/wp-content\/uploads\/2021\/03\/4-3.jpg\" \/>\n\t<meta property=\"og:image:width\" content=\"1276\" \/>\n\t<meta property=\"og:image:height\" content=\"956\" \/>\n\t<meta property=\"og:image:type\" content=\"image\/jpeg\" \/>\n<meta name=\"twitter:card\" content=\"summary_large_image\" \/>\n<script type=\"application\/ld+json\" class=\"yoast-schema-graph\">{\"@context\":\"https:\/\/schema.org\",\"@graph\":[{\"@type\":\"WebPage\",\"@id\":\"https:\/\/pluginviet.com\/mau29\/san-pham\/cua-03\/\",\"url\":\"https:\/\/pluginviet.com\/mau29\/san-pham\/cua-03\/\",\"name\":\"C\u1eecA M\u1eb6T TI\u1ec0N 4 - N\u1ed9i th\u1ea5t L\u01b0u Nguy\u1ec5n M\u1ed9c\",\"isPartOf\":{\"@id\":\"https:\/\/pluginviet.com\/mau29\/#website\"},\"datePublished\":\"2021-03-24T04:18:26+00:00\",\"dateModified\":\"2021-04-14T03:18:52+00:00\",\"breadcrumb\":{\"@id\":\"https:\/\/pluginviet.com\/mau29\/san-pham\/cua-03\/#breadcrumb\"},\"inLanguage\":\"vi\",\"potentialAction\":[{\"@type\":\"ReadAction\",\"target\":[\"https:\/\/pluginviet.com\/mau29\/san-pham\/cua-03\/\"]}]},{\"@type\":\"BreadcrumbList\",\"@id\":\"https:\/\/pluginviet.com\/mau29\/san-pham\/cua-03\/#breadcrumb\",\"itemListElement\":[{\"@type\":\"ListItem\",\"position\":1,\"name\":\"Trang ch\u1ee7\",\"item\":\"https:\/\/pluginviet.com\/mau29\/\"},{\"@type\":\"ListItem\",\"position\":2,\"name\":\"S\u1ea3n ph\u1ea9m\",\"item\":\"https:\/\/pluginviet.com\/mau29\/shop\/\"},{\"@type\":\"ListItem\",\"position\":3,\"name\":\"C\u1eecA M\u1eb6T TI\u1ec0N 4\"}]},{\"@type\":\"WebSite\",\"@id\":\"https:\/\/pluginviet.com\/mau29\/#website\",\"url\":\"https:\/\/pluginviet.com\/mau29\/\",\"name\":\"N\u1ed9i th\u1ea5t L\u01b0u Nguy\u1ec5n M\u1ed9c\",\"description\":\"Chuy\u00ean t\u01b0 v\u1ea5n, thi\u1ebft k\u1ebf, thi c\u00f4ng n\u1ed9i th\u1ea5t g\u1ed7\",\"publisher\":{\"@id\":\"https:\/\/pluginviet.com\/mau29\/#organization\"},\"potentialAction\":[{\"@type\":\"SearchAction\",\"target\":{\"@type\":\"EntryPoint\",\"urlTemplate\":\"https:\/\/pluginviet.com\/mau29\/?s={search_term_string}\"},\"query-input\":\"required name=search_term_string\"}],\"inLanguage\":\"vi\"},{\"@type\":\"Organization\",\"@id\":\"https:\/\/pluginviet.com\/mau29\/#organization\",\"name\":\"L\u01b0u Nguy\u1ec5n M\u1ed9c\",\"url\":\"https:\/\/pluginviet.com\/mau29\/\",\"logo\":{\"@type\":\"ImageObject\",\"inLanguage\":\"vi\",\"@id\":\"https:\/\/pluginviet.com\/mau29\/#\/schema\/logo\/image\/\",\"url\":\"https:\/\/luunguyenmoc.com.vn\/wp-content\/uploads\/2023\/07\/LNM_Logo_FA_1208-01-removebg-preview.png\",\"contentUrl\":\"https:\/\/luunguyenmoc.com.vn\/wp-content\/uploads\/2023\/07\/LNM_Logo_FA_1208-01-removebg-preview.png\",\"width\":1920,\"height\":1924,\"caption\":\"L\u01b0u Nguy\u1ec5n M\u1ed9c\"},\"image\":{\"@id\":\"https:\/\/pluginviet.com\/mau29\/#\/schema\/logo\/image\/\"},\"sameAs\":[\"https:\/\/www.facebook.com\/LuuNguyenMoc\"]}]}<\/script>\n<!-- \/ Yoast SEO plugin. -->","yoast_head_json":{"title":"C\u1eecA M\u1eb6T TI\u1ec0N 4 - N\u1ed9i th\u1ea5t L\u01b0u Nguy\u1ec5n M\u1ed9c","robots":{"index":"index","follow":"follow","max-snippet":"max-snippet:-1","max-image-preview":"max-image-preview:large","max-video-preview":"max-video-preview:-1"},"canonical":"https:\/\/pluginviet.com\/mau29\/san-pham\/cua-03\/","og_locale":"vi_VN","og_type":"article","og_title":"C\u1eecA M\u1eb6T TI\u1ec0N 4 - N\u1ed9i th\u1ea5t L\u01b0u Nguy\u1ec5n M\u1ed9c","og_description":"c\u1eeba m\u1eb7t ti\u1ec1n ch\u00e1t li\u1ec7u g\u1ed7 g\u00f5 \u0111\u1ecf L\u00e0o,hoa v\u0103n \u0111\u1ee5c ch\u1ea1m th\u1ee7 c\u00f4ng b\u1edfi ngh\u1ec7 nh\u00e2n.  &nbsp;","og_url":"https:\/\/pluginviet.com\/mau29\/san-pham\/cua-03\/","og_site_name":"N\u1ed9i th\u1ea5t L\u01b0u Nguy\u1ec5n M\u1ed9c","article_publisher":"https:\/\/www.facebook.com\/LuuNguyenMoc","article_modified_time":"2021-04-14T03:18:52+00:00","og_image":[{"width":1276,"height":956,"url":"https:\/\/pluginviet.com\/mau29\/wp-content\/uploads\/2021\/03\/4-3.jpg","type":"image\/jpeg"}],"twitter_card":"summary_large_image","schema":{"@context":"https:\/\/schema.org","@graph":[{"@type":"WebPage","@id":"https:\/\/pluginviet.com\/mau29\/san-pham\/cua-03\/","url":"https:\/\/pluginviet.com\/mau29\/san-pham\/cua-03\/","name":"C\u1eecA M\u1eb6T TI\u1ec0N 4 - N\u1ed9i th\u1ea5t L\u01b0u Nguy\u1ec5n M\u1ed9c","isPartOf":{"@id":"https:\/\/pluginviet.com\/mau29\/#website"},"datePublished":"2021-03-24T04:18:26+00:00","dateModified":"2021-04-14T03:18:52+00:00","breadcrumb":{"@id":"https:\/\/pluginviet.com\/mau29\/san-pham\/cua-03\/#breadcrumb"},"inLanguage":"vi","potentialAction":[{"@type":"ReadAction","target":["https:\/\/pluginviet.com\/mau29\/san-pham\/cua-03\/"]}]},{"@type":"BreadcrumbList","@id":"https:\/\/pluginviet.com\/mau29\/san-pham\/cua-03\/#breadcrumb","itemListElement":[{"@type":"ListItem","position":1,"name":"Trang ch\u1ee7","item":"https:\/\/pluginviet.com\/mau29\/"},{"@type":"ListItem","position":2,"name":"S\u1ea3n ph\u1ea9m","item":"https:\/\/pluginviet.com\/mau29\/shop\/"},{"@type":"ListItem","position":3,"name":"C\u1eecA M\u1eb6T TI\u1ec0N 4"}]},{"@type":"WebSite","@id":"https:\/\/pluginviet.com\/mau29\/#website","url":"https:\/\/pluginviet.com\/mau29\/","name":"N\u1ed9i th\u1ea5t L\u01b0u Nguy\u1ec5n M\u1ed9c","description":"Chuy\u00ean t\u01b0 v\u1ea5n, thi\u1ebft k\u1ebf, thi c\u00f4ng n\u1ed9i th\u1ea5t g\u1ed7","publisher":{"@id":"https:\/\/pluginviet.com\/mau29\/#organization"},"potentialAction":[{"@type":"SearchAction","target":{"@type":"EntryPoint","urlTemplate":"https:\/\/pluginviet.com\/mau29\/?s={search_term_string}"},"query-input":"required name=search_term_string"}],"inLanguage":"vi"},{"@type":"Organization","@id":"https:\/\/pluginviet.com\/mau29\/#organization","name":"L\u01b0u Nguy\u1ec5n M\u1ed9c","url":"https:\/\/pluginviet.com\/mau29\/","logo":{"@type":"ImageObject","inLanguage":"vi","@id":"https:\/\/pluginviet.com\/mau29\/#\/schema\/logo\/image\/","url":"https:\/\/luunguyenmoc.com.vn\/wp-content\/uploads\/2023\/07\/LNM_Logo_FA_1208-01-removebg-preview.png","contentUrl":"https:\/\/luunguyenmoc.com.vn\/wp-content\/uploads\/2023\/07\/LNM_Logo_FA_1208-01-removebg-preview.png","width":1920,"height":1924,"caption":"L\u01b0u Nguy\u1ec5n M\u1ed9c"},"image":{"@id":"https:\/\/pluginviet.com\/mau29\/#\/schema\/logo\/image\/"},"sameAs":["https:\/\/www.facebook.com\/LuuNguyenMoc"]}]}},"_links":{"self":[{"href":"https:\/\/pluginviet.com\/mau29\/wp-json\/wp\/v2\/product\/308"}],"collection":[{"href":"https:\/\/pluginviet.com\/mau29\/wp-json\/wp\/v2\/product"}],"about":[{"href":"https:\/\/pluginviet.com\/mau29\/wp-json\/wp\/v2\/types\/product"}],"replies":[{"embeddable":true,"href":"https:\/\/pluginviet.com\/mau29\/wp-json\/wp\/v2\/comments?post=308"}],"wp:featuredmedia":[{"embeddable":true,"href":"https:\/\/pluginviet.com\/mau29\/wp-json\/wp\/v2\/media\/309"}],"wp:attachment":[{"href":"https:\/\/pluginviet.com\/mau29\/wp-json\/wp\/v2\/media?parent=308"}],"wp:term":[{"taxonomy":"product_cat","embeddable":true,"href":"https:\/\/pluginviet.com\/mau29\/wp-json\/wp\/v2\/product_cat?post=308"},{"taxonomy":"product_tag","embeddable":true,"href":"https:\/\/pluginviet.com\/mau29\/wp-json\/wp\/v2\/product_tag?post=308"}],"curies":[{"name":"wp","href":"https:\/\/api.w.org\/{rel}","templated":true}]}}