{"id":1329,"date":"2023-07-27T07:16:52","date_gmt":"2023-07-27T07:16:52","guid":{"rendered":"https:\/\/luunguyenmoc.com.vn\/?post_type=product&#038;p=1329"},"modified":"2023-08-17T17:34:22","modified_gmt":"2023-08-17T17:34:22","slug":"noi-that-phong-an-floransa","status":"publish","type":"product","link":"https:\/\/pluginviet.com\/mau29\/san-pham\/noi-that-phong-an-floransa\/","title":{"rendered":"N\u1ed8I TH\u1ea4T PH\u00d2NG \u0102N FLORANSA"},"content":{"rendered":"","protected":false},"excerpt":{"rendered":"<p>N\u1ed9i th\u1ea5t ph\u00f2ng \u0103n FLORANSA \u0111\u01b0\u1ee3c thi\u1ebft k\u1ebf theo phong c\u00e1ch t\u00e2n c\u1ed5 \u0111i\u1ec3n v\u1edbi nhi\u1ec1u hoa v\u0103n trang tr\u00ed \u0111\u01b0\u1ee3c ch\u1ea1m kh\u1eafc c\u00f4ng phu v\u00e0 \u0111\u01b0\u1ee3c d\u00e1t v\u00e0ng 24K k\u1ebft h\u1ee3p v\u1edbi l\u1edbp Veneer ngh\u1ec7 thu\u1eadt mang \u0111\u1ebfn m\u1ed9t kh\u00f4ng gian ph\u00f2ng \u0103n c\u1ef1c k\u1ef3 sang tr\u1ecdng \u0111\u1eadm ch\u1ea5t ho\u00e0ng gia, th\u1ec3 hi\u1ec7n \u0111\u1eb3ng c\u1ea5p c\u1ee7a gia ch\u1ee7.<\/p>\n","protected":false},"featured_media":1339,"comment_status":"closed","ping_status":"closed","template":"","meta":[],"product_cat":[18,23,16],"product_tag":[],"yoast_head":"<!-- This site is optimized with the Yoast SEO plugin v20.13 - https:\/\/yoast.com\/wordpress\/plugins\/seo\/ -->\n<title>N\u1ed8I TH\u1ea4T PH\u00d2NG \u0102N FLORANSA - N\u1ed9i th\u1ea5t L\u01b0u Nguy\u1ec5n M\u1ed9c<\/title>\n<meta name=\"robots\" content=\"index, follow, max-snippet:-1, max-image-preview:large, max-video-preview:-1\" \/>\n<link rel=\"canonical\" href=\"https:\/\/pluginviet.com\/mau29\/san-pham\/noi-that-phong-an-floransa\/\" \/>\n<meta property=\"og:locale\" content=\"vi_VN\" \/>\n<meta property=\"og:type\" content=\"article\" \/>\n<meta property=\"og:title\" content=\"N\u1ed8I TH\u1ea4T PH\u00d2NG \u0102N FLORANSA - N\u1ed9i th\u1ea5t L\u01b0u Nguy\u1ec5n M\u1ed9c\" \/>\n<meta property=\"og:description\" content=\"N\u1ed9i th\u1ea5t ph\u00f2ng \u0103n FLORANSA \u0111\u01b0\u1ee3c thi\u1ebft k\u1ebf theo phong c\u00e1ch t\u00e2n c\u1ed5 \u0111i\u1ec3n v\u1edbi nhi\u1ec1u hoa v\u0103n trang tr\u00ed \u0111\u01b0\u1ee3c ch\u1ea1m kh\u1eafc c\u00f4ng phu v\u00e0 \u0111\u01b0\u1ee3c d\u00e1t v\u00e0ng 24K k\u1ebft h\u1ee3p v\u1edbi l\u1edbp Veneer ngh\u1ec7 thu\u1eadt mang \u0111\u1ebfn m\u1ed9t kh\u00f4ng gian ph\u00f2ng \u0103n c\u1ef1c k\u1ef3 sang tr\u1ecdng \u0111\u1eadm ch\u1ea5t ho\u00e0ng gia, th\u1ec3 hi\u1ec7n \u0111\u1eb3ng c\u1ea5p c\u1ee7a gia ch\u1ee7.\" \/>\n<meta property=\"og:url\" content=\"https:\/\/pluginviet.com\/mau29\/san-pham\/noi-that-phong-an-floransa\/\" \/>\n<meta property=\"og:site_name\" content=\"N\u1ed9i th\u1ea5t L\u01b0u Nguy\u1ec5n M\u1ed9c\" \/>\n<meta property=\"article:publisher\" content=\"https:\/\/www.facebook.com\/LuuNguyenMoc\" \/>\n<meta property=\"article:modified_time\" content=\"2023-08-17T17:34:22+00:00\" \/>\n<meta property=\"og:image\" content=\"https:\/\/pluginviet.com\/mau29\/wp-content\/uploads\/2023\/07\/noi-that-phong-an-Floransa.jpg\" \/>\n\t<meta property=\"og:image:width\" content=\"1800\" \/>\n\t<meta property=\"og:image:height\" content=\"1200\" \/>\n\t<meta property=\"og:image:type\" content=\"image\/jpeg\" \/>\n<meta name=\"twitter:card\" content=\"summary_large_image\" \/>\n<script type=\"application\/ld+json\" class=\"yoast-schema-graph\">{\"@context\":\"https:\/\/schema.org\",\"@graph\":[{\"@type\":\"WebPage\",\"@id\":\"https:\/\/pluginviet.com\/mau29\/san-pham\/noi-that-phong-an-floransa\/\",\"url\":\"https:\/\/pluginviet.com\/mau29\/san-pham\/noi-that-phong-an-floransa\/\",\"name\":\"N\u1ed8I TH\u1ea4T PH\u00d2NG \u0102N FLORANSA - N\u1ed9i th\u1ea5t L\u01b0u Nguy\u1ec5n M\u1ed9c\",\"isPartOf\":{\"@id\":\"https:\/\/pluginviet.com\/mau29\/#website\"},\"datePublished\":\"2023-07-27T07:16:52+00:00\",\"dateModified\":\"2023-08-17T17:34:22+00:00\",\"breadcrumb\":{\"@id\":\"https:\/\/pluginviet.com\/mau29\/san-pham\/noi-that-phong-an-floransa\/#breadcrumb\"},\"inLanguage\":\"vi\",\"potentialAction\":[{\"@type\":\"ReadAction\",\"target\":[\"https:\/\/pluginviet.com\/mau29\/san-pham\/noi-that-phong-an-floransa\/\"]}]},{\"@type\":\"BreadcrumbList\",\"@id\":\"https:\/\/pluginviet.com\/mau29\/san-pham\/noi-that-phong-an-floransa\/#breadcrumb\",\"itemListElement\":[{\"@type\":\"ListItem\",\"position\":1,\"name\":\"Trang ch\u1ee7\",\"item\":\"https:\/\/pluginviet.com\/mau29\/\"},{\"@type\":\"ListItem\",\"position\":2,\"name\":\"S\u1ea3n ph\u1ea9m\",\"item\":\"https:\/\/pluginviet.com\/mau29\/shop\/\"},{\"@type\":\"ListItem\",\"position\":3,\"name\":\"N\u1ed8I TH\u1ea4T PH\u00d2NG \u0102N FLORANSA\"}]},{\"@type\":\"WebSite\",\"@id\":\"https:\/\/pluginviet.com\/mau29\/#website\",\"url\":\"https:\/\/pluginviet.com\/mau29\/\",\"name\":\"N\u1ed9i th\u1ea5t L\u01b0u Nguy\u1ec5n M\u1ed9c\",\"description\":\"Chuy\u00ean t\u01b0 v\u1ea5n, thi\u1ebft k\u1ebf, thi c\u00f4ng n\u1ed9i th\u1ea5t g\u1ed7\",\"publisher\":{\"@id\":\"https:\/\/pluginviet.com\/mau29\/#organization\"},\"potentialAction\":[{\"@type\":\"SearchAction\",\"target\":{\"@type\":\"EntryPoint\",\"urlTemplate\":\"https:\/\/pluginviet.com\/mau29\/?s={search_term_string}\"},\"query-input\":\"required name=search_term_string\"}],\"inLanguage\":\"vi\"},{\"@type\":\"Organization\",\"@id\":\"https:\/\/pluginviet.com\/mau29\/#organization\",\"name\":\"L\u01b0u Nguy\u1ec5n M\u1ed9c\",\"url\":\"https:\/\/pluginviet.com\/mau29\/\",\"logo\":{\"@type\":\"ImageObject\",\"inLanguage\":\"vi\",\"@id\":\"https:\/\/pluginviet.com\/mau29\/#\/schema\/logo\/image\/\",\"url\":\"https:\/\/luunguyenmoc.com.vn\/wp-content\/uploads\/2023\/07\/LNM_Logo_FA_1208-01-removebg-preview.png\",\"contentUrl\":\"https:\/\/luunguyenmoc.com.vn\/wp-content\/uploads\/2023\/07\/LNM_Logo_FA_1208-01-removebg-preview.png\",\"width\":1920,\"height\":1924,\"caption\":\"L\u01b0u Nguy\u1ec5n M\u1ed9c\"},\"image\":{\"@id\":\"https:\/\/pluginviet.com\/mau29\/#\/schema\/logo\/image\/\"},\"sameAs\":[\"https:\/\/www.facebook.com\/LuuNguyenMoc\"]}]}<\/script>\n<!-- \/ Yoast SEO plugin. -->","yoast_head_json":{"title":"N\u1ed8I TH\u1ea4T PH\u00d2NG \u0102N FLORANSA - N\u1ed9i th\u1ea5t L\u01b0u Nguy\u1ec5n M\u1ed9c","robots":{"index":"index","follow":"follow","max-snippet":"max-snippet:-1","max-image-preview":"max-image-preview:large","max-video-preview":"max-video-preview:-1"},"canonical":"https:\/\/pluginviet.com\/mau29\/san-pham\/noi-that-phong-an-floransa\/","og_locale":"vi_VN","og_type":"article","og_title":"N\u1ed8I TH\u1ea4T PH\u00d2NG \u0102N FLORANSA - N\u1ed9i th\u1ea5t L\u01b0u Nguy\u1ec5n M\u1ed9c","og_description":"N\u1ed9i th\u1ea5t ph\u00f2ng \u0103n FLORANSA \u0111\u01b0\u1ee3c thi\u1ebft k\u1ebf theo phong c\u00e1ch t\u00e2n c\u1ed5 \u0111i\u1ec3n v\u1edbi nhi\u1ec1u hoa v\u0103n trang tr\u00ed \u0111\u01b0\u1ee3c ch\u1ea1m kh\u1eafc c\u00f4ng phu v\u00e0 \u0111\u01b0\u1ee3c d\u00e1t v\u00e0ng 24K k\u1ebft h\u1ee3p v\u1edbi l\u1edbp Veneer ngh\u1ec7 thu\u1eadt mang \u0111\u1ebfn m\u1ed9t kh\u00f4ng gian ph\u00f2ng \u0103n c\u1ef1c k\u1ef3 sang tr\u1ecdng \u0111\u1eadm ch\u1ea5t ho\u00e0ng gia, th\u1ec3 hi\u1ec7n \u0111\u1eb3ng c\u1ea5p c\u1ee7a gia ch\u1ee7.","og_url":"https:\/\/pluginviet.com\/mau29\/san-pham\/noi-that-phong-an-floransa\/","og_site_name":"N\u1ed9i th\u1ea5t L\u01b0u Nguy\u1ec5n M\u1ed9c","article_publisher":"https:\/\/www.facebook.com\/LuuNguyenMoc","article_modified_time":"2023-08-17T17:34:22+00:00","og_image":[{"width":1800,"height":1200,"url":"https:\/\/pluginviet.com\/mau29\/wp-content\/uploads\/2023\/07\/noi-that-phong-an-Floransa.jpg","type":"image\/jpeg"}],"twitter_card":"summary_large_image","schema":{"@context":"https:\/\/schema.org","@graph":[{"@type":"WebPage","@id":"https:\/\/pluginviet.com\/mau29\/san-pham\/noi-that-phong-an-floransa\/","url":"https:\/\/pluginviet.com\/mau29\/san-pham\/noi-that-phong-an-floransa\/","name":"N\u1ed8I TH\u1ea4T PH\u00d2NG \u0102N FLORANSA - N\u1ed9i th\u1ea5t L\u01b0u Nguy\u1ec5n M\u1ed9c","isPartOf":{"@id":"https:\/\/pluginviet.com\/mau29\/#website"},"datePublished":"2023-07-27T07:16:52+00:00","dateModified":"2023-08-17T17:34:22+00:00","breadcrumb":{"@id":"https:\/\/pluginviet.com\/mau29\/san-pham\/noi-that-phong-an-floransa\/#breadcrumb"},"inLanguage":"vi","potentialAction":[{"@type":"ReadAction","target":["https:\/\/pluginviet.com\/mau29\/san-pham\/noi-that-phong-an-floransa\/"]}]},{"@type":"BreadcrumbList","@id":"https:\/\/pluginviet.com\/mau29\/san-pham\/noi-that-phong-an-floransa\/#breadcrumb","itemListElement":[{"@type":"ListItem","position":1,"name":"Trang ch\u1ee7","item":"https:\/\/pluginviet.com\/mau29\/"},{"@type":"ListItem","position":2,"name":"S\u1ea3n ph\u1ea9m","item":"https:\/\/pluginviet.com\/mau29\/shop\/"},{"@type":"ListItem","position":3,"name":"N\u1ed8I TH\u1ea4T PH\u00d2NG \u0102N FLORANSA"}]},{"@type":"WebSite","@id":"https:\/\/pluginviet.com\/mau29\/#website","url":"https:\/\/pluginviet.com\/mau29\/","name":"N\u1ed9i th\u1ea5t L\u01b0u Nguy\u1ec5n M\u1ed9c","description":"Chuy\u00ean t\u01b0 v\u1ea5n, thi\u1ebft k\u1ebf, thi c\u00f4ng n\u1ed9i th\u1ea5t g\u1ed7","publisher":{"@id":"https:\/\/pluginviet.com\/mau29\/#organization"},"potentialAction":[{"@type":"SearchAction","target":{"@type":"EntryPoint","urlTemplate":"https:\/\/pluginviet.com\/mau29\/?s={search_term_string}"},"query-input":"required name=search_term_string"}],"inLanguage":"vi"},{"@type":"Organization","@id":"https:\/\/pluginviet.com\/mau29\/#organization","name":"L\u01b0u Nguy\u1ec5n M\u1ed9c","url":"https:\/\/pluginviet.com\/mau29\/","logo":{"@type":"ImageObject","inLanguage":"vi","@id":"https:\/\/pluginviet.com\/mau29\/#\/schema\/logo\/image\/","url":"https:\/\/luunguyenmoc.com.vn\/wp-content\/uploads\/2023\/07\/LNM_Logo_FA_1208-01-removebg-preview.png","contentUrl":"https:\/\/luunguyenmoc.com.vn\/wp-content\/uploads\/2023\/07\/LNM_Logo_FA_1208-01-removebg-preview.png","width":1920,"height":1924,"caption":"L\u01b0u Nguy\u1ec5n M\u1ed9c"},"image":{"@id":"https:\/\/pluginviet.com\/mau29\/#\/schema\/logo\/image\/"},"sameAs":["https:\/\/www.facebook.com\/LuuNguyenMoc"]}]}},"_links":{"self":[{"href":"https:\/\/pluginviet.com\/mau29\/wp-json\/wp\/v2\/product\/1329"}],"collection":[{"href":"https:\/\/pluginviet.com\/mau29\/wp-json\/wp\/v2\/product"}],"about":[{"href":"https:\/\/pluginviet.com\/mau29\/wp-json\/wp\/v2\/types\/product"}],"replies":[{"embeddable":true,"href":"https:\/\/pluginviet.com\/mau29\/wp-json\/wp\/v2\/comments?post=1329"}],"wp:featuredmedia":[{"embeddable":true,"href":"https:\/\/pluginviet.com\/mau29\/wp-json\/wp\/v2\/media\/1339"}],"wp:attachment":[{"href":"https:\/\/pluginviet.com\/mau29\/wp-json\/wp\/v2\/media?parent=1329"}],"wp:term":[{"taxonomy":"product_cat","embeddable":true,"href":"https:\/\/pluginviet.com\/mau29\/wp-json\/wp\/v2\/product_cat?post=1329"},{"taxonomy":"product_tag","embeddable":true,"href":"https:\/\/pluginviet.com\/mau29\/wp-json\/wp\/v2\/product_tag?post=1329"}],"curies":[{"name":"wp","href":"https:\/\/api.w.org\/{rel}","templated":true}]}}