{"id":1187,"date":"2023-07-22T09:34:47","date_gmt":"2023-07-22T09:34:47","guid":{"rendered":"https:\/\/luunguyenmoc.com.vn\/?post_type=product&#038;p=1187"},"modified":"2023-07-22T09:36:55","modified_gmt":"2023-07-22T09:36:55","slug":"noi-that-phong-tho-cao-cap-go-po-mu","status":"publish","type":"product","link":"https:\/\/pluginviet.com\/mau29\/san-pham\/noi-that-phong-tho-cao-cap-go-po-mu\/","title":{"rendered":"N\u1ed8I TH\u1ea4T PH\u00d2NG TH\u1edc CAO C\u1ea4P G\u1ed6 P\u01a0 MU"},"content":{"rendered":"","protected":false},"excerpt":{"rendered":"<p>Ph\u00f2ng th\u1edd l\u00e0 n\u01a1i linh thi\u00eang nh\u1ea5t trong m\u1ed7i gia \u0111\u00ecnh Vi\u1ec7t Nam. N\u00f3 l\u00e0 n\u01a1i th\u1edd c\u00fang t\u1ed5 ti\u00ean, nh\u1eefng ng\u01b0\u1eddi \u0111\u00e3 khu\u1ea5t v\u00e0 l\u00e0 n\u01a1i \u0111\u1ec3 con ch\u00e1u th\u1ec3 hi\u1ec7n l\u00f2ng th\u00e0nh k\u00ednh, bi\u1ebft \u01a1n. N\u1ed9i th\u1ea5t ph\u00f2ng th\u1edd g\u1ed7 \u00f3c ch\u00f3 l\u00e0 m\u1ed9t l\u1ef1a ch\u1ecdn tuy\u1ec7t v\u1eddi cho nh\u1eefng gia \u0111\u00ecnh mu\u1ed1n c\u00f3 m\u1ed9t kh\u00f4ng gian th\u1edd c\u00fang trang nghi\u00eam, \u1ea5m c\u00fang v\u00e0 sang tr\u1ecdng.<\/p>\n<p>B\u00e0n th\u1edd g\u1ed7 p\u01a1 mu l\u00e0 m\u1ed9t trong nh\u1eefng m\u00f3n \u0111\u1ed3 n\u1ed9i th\u1ea5t quan tr\u1ecdng nh\u1ea5t trong ph\u00f2ng th\u1edd. B\u00e0n th\u1edd th\u01b0\u1eddng \u0111\u01b0\u1ee3c l\u00e0m b\u1eb1ng g\u1ed7 nguy\u00ean kh\u1ed1i, c\u00f3 k\u00edch th\u01b0\u1edbc l\u1edbn v\u00e0 \u0111\u01b0\u1ee3c ch\u1ea1m kh\u1eafc tinh x\u1ea3o. B\u00e0n th\u1edd g\u1ed7 p\u01a1 mu\u00a0 mang \u0111\u1ebfn m\u1ed9t kh\u00f4ng gian th\u1edd c\u00fang trang nghi\u00eam v\u00e0 \u1ea5m c\u00fang.<\/p>\n<p>Ngo\u00e0i b\u00e0n th\u1edd, ph\u00f2ng th\u1edd g\u1ed7 p\u01a1 mu c\u00f2n c\u00f3 c\u00e1c m\u00f3n \u0111\u1ed3 n\u1ed9i th\u1ea5t kh\u00e1c nh\u01b0 t\u1ee7 th\u1edd, s\u1eadp th\u1edd, h\u01b0\u01a1ng \u00e1n, b\u00e1t h\u01b0\u01a1ng, \u0111\u00e8n th\u1edd,\u2026 C\u00e1c m\u00f3n \u0111\u1ed3 n\u1ed9i th\u1ea5t n\u00e0y \u0111\u1ec1u \u0111\u01b0\u1ee3c l\u00e0m b\u1eb1ng g\u1ed7 g\u00f5 \u0111\u1ecf nguy\u00ean kh\u1ed1i, c\u00f3 m\u00e0u s\u1eafc \u0111\u1eb9p v\u00e0 \u0111\u1ed9 b\u1ec1n cao. Ch\u00fang mang \u0111\u1ebfn m\u1ed9t kh\u00f4ng gian th\u1edd c\u00fang sang tr\u1ecdng, \u1ea5m c\u00fang v\u00e0 trang nghi\u00eam.<\/p>\n<p>N\u1ed9i th\u1ea5t ph\u00f2ng th\u1edd g\u1ed7 p\u01a1 mu l\u00e0 m\u1ed9t l\u1ef1a ch\u1ecdn tuy\u1ec7t v\u1eddi cho nh\u1eefng gia \u0111\u00ecnh mu\u1ed1n c\u00f3 m\u1ed9t kh\u00f4ng gian th\u1edd c\u00fang trang nghi\u00eam, \u1ea5m c\u00fang v\u00e0 sang tr\u1ecdng. N\u00f3 mang \u0111\u1ebfn m\u1ed9t kh\u00f4ng gian th\u1edd c\u00fang \u0111\u1eb9p, t\u00f4n nghi\u00eam v\u00e0 th\u1ec3 hi\u1ec7n l\u00f2ng th\u00e0nh k\u00ednh c\u1ee7a con ch\u00e1u \u0111\u1ed1i v\u1edbi t\u1ed5 ti\u00ean.<\/p>\n","protected":false},"featured_media":1188,"comment_status":"closed","ping_status":"closed","template":"","meta":[],"product_cat":[29,16],"product_tag":[],"yoast_head":"<!-- This site is optimized with the Yoast SEO plugin v20.13 - https:\/\/yoast.com\/wordpress\/plugins\/seo\/ -->\n<title>N\u1ed8I TH\u1ea4T PH\u00d2NG TH\u1edc CAO C\u1ea4P G\u1ed6 P\u01a0 MU - N\u1ed9i th\u1ea5t L\u01b0u Nguy\u1ec5n M\u1ed9c<\/title>\n<meta name=\"robots\" content=\"index, follow, max-snippet:-1, max-image-preview:large, max-video-preview:-1\" \/>\n<link rel=\"canonical\" href=\"https:\/\/pluginviet.com\/mau29\/san-pham\/noi-that-phong-tho-cao-cap-go-po-mu\/\" \/>\n<meta property=\"og:locale\" content=\"vi_VN\" \/>\n<meta property=\"og:type\" content=\"article\" \/>\n<meta property=\"og:title\" content=\"N\u1ed8I TH\u1ea4T PH\u00d2NG TH\u1edc CAO C\u1ea4P G\u1ed6 P\u01a0 MU - N\u1ed9i th\u1ea5t L\u01b0u Nguy\u1ec5n M\u1ed9c\" \/>\n<meta property=\"og:description\" content=\"Ph\u00f2ng th\u1edd l\u00e0 n\u01a1i linh thi\u00eang nh\u1ea5t trong m\u1ed7i gia \u0111\u00ecnh Vi\u1ec7t Nam. N\u00f3 l\u00e0 n\u01a1i th\u1edd c\u00fang t\u1ed5 ti\u00ean, nh\u1eefng ng\u01b0\u1eddi \u0111\u00e3 khu\u1ea5t v\u00e0 l\u00e0 n\u01a1i \u0111\u1ec3 con ch\u00e1u th\u1ec3 hi\u1ec7n l\u00f2ng th\u00e0nh k\u00ednh, bi\u1ebft \u01a1n. N\u1ed9i th\u1ea5t ph\u00f2ng th\u1edd g\u1ed7 \u00f3c ch\u00f3 l\u00e0 m\u1ed9t l\u1ef1a ch\u1ecdn tuy\u1ec7t v\u1eddi cho nh\u1eefng gia \u0111\u00ecnh mu\u1ed1n c\u00f3 m\u1ed9t kh\u00f4ng gian th\u1edd c\u00fang trang nghi\u00eam, \u1ea5m c\u00fang v\u00e0 sang tr\u1ecdng.  B\u00e0n th\u1edd g\u1ed7 p\u01a1 mu l\u00e0 m\u1ed9t trong nh\u1eefng m\u00f3n \u0111\u1ed3 n\u1ed9i th\u1ea5t quan tr\u1ecdng nh\u1ea5t trong ph\u00f2ng th\u1edd. B\u00e0n th\u1edd th\u01b0\u1eddng \u0111\u01b0\u1ee3c l\u00e0m b\u1eb1ng g\u1ed7 nguy\u00ean kh\u1ed1i, c\u00f3 k\u00edch th\u01b0\u1edbc l\u1edbn v\u00e0 \u0111\u01b0\u1ee3c ch\u1ea1m kh\u1eafc tinh x\u1ea3o. B\u00e0n th\u1edd g\u1ed7 p\u01a1 mu\u00a0 mang \u0111\u1ebfn m\u1ed9t kh\u00f4ng gian th\u1edd c\u00fang trang nghi\u00eam v\u00e0 \u1ea5m c\u00fang.  Ngo\u00e0i b\u00e0n th\u1edd, ph\u00f2ng th\u1edd g\u1ed7 p\u01a1 mu c\u00f2n c\u00f3 c\u00e1c m\u00f3n \u0111\u1ed3 n\u1ed9i th\u1ea5t kh\u00e1c nh\u01b0 t\u1ee7 th\u1edd, s\u1eadp th\u1edd, h\u01b0\u01a1ng \u00e1n, b\u00e1t h\u01b0\u01a1ng, \u0111\u00e8n th\u1edd,\u2026 C\u00e1c m\u00f3n \u0111\u1ed3 n\u1ed9i th\u1ea5t n\u00e0y \u0111\u1ec1u \u0111\u01b0\u1ee3c l\u00e0m b\u1eb1ng g\u1ed7 g\u00f5 \u0111\u1ecf nguy\u00ean kh\u1ed1i, c\u00f3 m\u00e0u s\u1eafc \u0111\u1eb9p v\u00e0 \u0111\u1ed9 b\u1ec1n cao. Ch\u00fang mang \u0111\u1ebfn m\u1ed9t kh\u00f4ng gian th\u1edd c\u00fang sang tr\u1ecdng, \u1ea5m c\u00fang v\u00e0 trang nghi\u00eam.  N\u1ed9i th\u1ea5t ph\u00f2ng th\u1edd g\u1ed7 p\u01a1 mu l\u00e0 m\u1ed9t l\u1ef1a ch\u1ecdn tuy\u1ec7t v\u1eddi cho nh\u1eefng gia \u0111\u00ecnh mu\u1ed1n c\u00f3 m\u1ed9t kh\u00f4ng gian th\u1edd c\u00fang trang nghi\u00eam, \u1ea5m c\u00fang v\u00e0 sang tr\u1ecdng. N\u00f3 mang \u0111\u1ebfn m\u1ed9t kh\u00f4ng gian th\u1edd c\u00fang \u0111\u1eb9p, t\u00f4n nghi\u00eam v\u00e0 th\u1ec3 hi\u1ec7n l\u00f2ng th\u00e0nh k\u00ednh c\u1ee7a con ch\u00e1u \u0111\u1ed1i v\u1edbi t\u1ed5 ti\u00ean.\" \/>\n<meta property=\"og:url\" content=\"https:\/\/pluginviet.com\/mau29\/san-pham\/noi-that-phong-tho-cao-cap-go-po-mu\/\" \/>\n<meta property=\"og:site_name\" content=\"N\u1ed9i th\u1ea5t L\u01b0u Nguy\u1ec5n M\u1ed9c\" \/>\n<meta property=\"article:publisher\" content=\"https:\/\/www.facebook.com\/LuuNguyenMoc\" \/>\n<meta property=\"article:modified_time\" content=\"2023-07-22T09:36:55+00:00\" \/>\n<meta property=\"og:image\" content=\"https:\/\/pluginviet.com\/mau29\/wp-content\/uploads\/2023\/07\/z4525411580791_0d13607a07d5b2c64ca1e8b380012d9a-scaled.jpg\" \/>\n\t<meta property=\"og:image:width\" content=\"2560\" \/>\n\t<meta property=\"og:image:height\" content=\"1707\" \/>\n\t<meta property=\"og:image:type\" content=\"image\/jpeg\" \/>\n<meta name=\"twitter:card\" content=\"summary_large_image\" \/>\n<script type=\"application\/ld+json\" class=\"yoast-schema-graph\">{\"@context\":\"https:\/\/schema.org\",\"@graph\":[{\"@type\":\"WebPage\",\"@id\":\"https:\/\/pluginviet.com\/mau29\/san-pham\/noi-that-phong-tho-cao-cap-go-po-mu\/\",\"url\":\"https:\/\/pluginviet.com\/mau29\/san-pham\/noi-that-phong-tho-cao-cap-go-po-mu\/\",\"name\":\"N\u1ed8I TH\u1ea4T PH\u00d2NG TH\u1edc CAO C\u1ea4P G\u1ed6 P\u01a0 MU - N\u1ed9i th\u1ea5t L\u01b0u Nguy\u1ec5n M\u1ed9c\",\"isPartOf\":{\"@id\":\"https:\/\/pluginviet.com\/mau29\/#website\"},\"datePublished\":\"2023-07-22T09:34:47+00:00\",\"dateModified\":\"2023-07-22T09:36:55+00:00\",\"breadcrumb\":{\"@id\":\"https:\/\/pluginviet.com\/mau29\/san-pham\/noi-that-phong-tho-cao-cap-go-po-mu\/#breadcrumb\"},\"inLanguage\":\"vi\",\"potentialAction\":[{\"@type\":\"ReadAction\",\"target\":[\"https:\/\/pluginviet.com\/mau29\/san-pham\/noi-that-phong-tho-cao-cap-go-po-mu\/\"]}]},{\"@type\":\"BreadcrumbList\",\"@id\":\"https:\/\/pluginviet.com\/mau29\/san-pham\/noi-that-phong-tho-cao-cap-go-po-mu\/#breadcrumb\",\"itemListElement\":[{\"@type\":\"ListItem\",\"position\":1,\"name\":\"Trang ch\u1ee7\",\"item\":\"https:\/\/pluginviet.com\/mau29\/\"},{\"@type\":\"ListItem\",\"position\":2,\"name\":\"S\u1ea3n ph\u1ea9m\",\"item\":\"https:\/\/pluginviet.com\/mau29\/shop\/\"},{\"@type\":\"ListItem\",\"position\":3,\"name\":\"N\u1ed8I TH\u1ea4T PH\u00d2NG TH\u1edc CAO C\u1ea4P G\u1ed6 P\u01a0 MU\"}]},{\"@type\":\"WebSite\",\"@id\":\"https:\/\/pluginviet.com\/mau29\/#website\",\"url\":\"https:\/\/pluginviet.com\/mau29\/\",\"name\":\"N\u1ed9i th\u1ea5t L\u01b0u Nguy\u1ec5n M\u1ed9c\",\"description\":\"Chuy\u00ean t\u01b0 v\u1ea5n, thi\u1ebft k\u1ebf, thi c\u00f4ng n\u1ed9i th\u1ea5t g\u1ed7\",\"publisher\":{\"@id\":\"https:\/\/pluginviet.com\/mau29\/#organization\"},\"potentialAction\":[{\"@type\":\"SearchAction\",\"target\":{\"@type\":\"EntryPoint\",\"urlTemplate\":\"https:\/\/pluginviet.com\/mau29\/?s={search_term_string}\"},\"query-input\":\"required name=search_term_string\"}],\"inLanguage\":\"vi\"},{\"@type\":\"Organization\",\"@id\":\"https:\/\/pluginviet.com\/mau29\/#organization\",\"name\":\"L\u01b0u Nguy\u1ec5n M\u1ed9c\",\"url\":\"https:\/\/pluginviet.com\/mau29\/\",\"logo\":{\"@type\":\"ImageObject\",\"inLanguage\":\"vi\",\"@id\":\"https:\/\/pluginviet.com\/mau29\/#\/schema\/logo\/image\/\",\"url\":\"https:\/\/luunguyenmoc.com.vn\/wp-content\/uploads\/2023\/07\/LNM_Logo_FA_1208-01-removebg-preview.png\",\"contentUrl\":\"https:\/\/luunguyenmoc.com.vn\/wp-content\/uploads\/2023\/07\/LNM_Logo_FA_1208-01-removebg-preview.png\",\"width\":1920,\"height\":1924,\"caption\":\"L\u01b0u Nguy\u1ec5n M\u1ed9c\"},\"image\":{\"@id\":\"https:\/\/pluginviet.com\/mau29\/#\/schema\/logo\/image\/\"},\"sameAs\":[\"https:\/\/www.facebook.com\/LuuNguyenMoc\"]}]}<\/script>\n<!-- \/ Yoast SEO plugin. -->","yoast_head_json":{"title":"N\u1ed8I TH\u1ea4T PH\u00d2NG TH\u1edc CAO C\u1ea4P G\u1ed6 P\u01a0 MU - N\u1ed9i th\u1ea5t L\u01b0u Nguy\u1ec5n M\u1ed9c","robots":{"index":"index","follow":"follow","max-snippet":"max-snippet:-1","max-image-preview":"max-image-preview:large","max-video-preview":"max-video-preview:-1"},"canonical":"https:\/\/pluginviet.com\/mau29\/san-pham\/noi-that-phong-tho-cao-cap-go-po-mu\/","og_locale":"vi_VN","og_type":"article","og_title":"N\u1ed8I TH\u1ea4T PH\u00d2NG TH\u1edc CAO C\u1ea4P G\u1ed6 P\u01a0 MU - N\u1ed9i th\u1ea5t L\u01b0u Nguy\u1ec5n M\u1ed9c","og_description":"Ph\u00f2ng th\u1edd l\u00e0 n\u01a1i linh thi\u00eang nh\u1ea5t trong m\u1ed7i gia \u0111\u00ecnh Vi\u1ec7t Nam. N\u00f3 l\u00e0 n\u01a1i th\u1edd c\u00fang t\u1ed5 ti\u00ean, nh\u1eefng ng\u01b0\u1eddi \u0111\u00e3 khu\u1ea5t v\u00e0 l\u00e0 n\u01a1i \u0111\u1ec3 con ch\u00e1u th\u1ec3 hi\u1ec7n l\u00f2ng th\u00e0nh k\u00ednh, bi\u1ebft \u01a1n. N\u1ed9i th\u1ea5t ph\u00f2ng th\u1edd g\u1ed7 \u00f3c ch\u00f3 l\u00e0 m\u1ed9t l\u1ef1a ch\u1ecdn tuy\u1ec7t v\u1eddi cho nh\u1eefng gia \u0111\u00ecnh mu\u1ed1n c\u00f3 m\u1ed9t kh\u00f4ng gian th\u1edd c\u00fang trang nghi\u00eam, \u1ea5m c\u00fang v\u00e0 sang tr\u1ecdng.  B\u00e0n th\u1edd g\u1ed7 p\u01a1 mu l\u00e0 m\u1ed9t trong nh\u1eefng m\u00f3n \u0111\u1ed3 n\u1ed9i th\u1ea5t quan tr\u1ecdng nh\u1ea5t trong ph\u00f2ng th\u1edd. B\u00e0n th\u1edd th\u01b0\u1eddng \u0111\u01b0\u1ee3c l\u00e0m b\u1eb1ng g\u1ed7 nguy\u00ean kh\u1ed1i, c\u00f3 k\u00edch th\u01b0\u1edbc l\u1edbn v\u00e0 \u0111\u01b0\u1ee3c ch\u1ea1m kh\u1eafc tinh x\u1ea3o. B\u00e0n th\u1edd g\u1ed7 p\u01a1 mu\u00a0 mang \u0111\u1ebfn m\u1ed9t kh\u00f4ng gian th\u1edd c\u00fang trang nghi\u00eam v\u00e0 \u1ea5m c\u00fang.  Ngo\u00e0i b\u00e0n th\u1edd, ph\u00f2ng th\u1edd g\u1ed7 p\u01a1 mu c\u00f2n c\u00f3 c\u00e1c m\u00f3n \u0111\u1ed3 n\u1ed9i th\u1ea5t kh\u00e1c nh\u01b0 t\u1ee7 th\u1edd, s\u1eadp th\u1edd, h\u01b0\u01a1ng \u00e1n, b\u00e1t h\u01b0\u01a1ng, \u0111\u00e8n th\u1edd,\u2026 C\u00e1c m\u00f3n \u0111\u1ed3 n\u1ed9i th\u1ea5t n\u00e0y \u0111\u1ec1u \u0111\u01b0\u1ee3c l\u00e0m b\u1eb1ng g\u1ed7 g\u00f5 \u0111\u1ecf nguy\u00ean kh\u1ed1i, c\u00f3 m\u00e0u s\u1eafc \u0111\u1eb9p v\u00e0 \u0111\u1ed9 b\u1ec1n cao. Ch\u00fang mang \u0111\u1ebfn m\u1ed9t kh\u00f4ng gian th\u1edd c\u00fang sang tr\u1ecdng, \u1ea5m c\u00fang v\u00e0 trang nghi\u00eam.  N\u1ed9i th\u1ea5t ph\u00f2ng th\u1edd g\u1ed7 p\u01a1 mu l\u00e0 m\u1ed9t l\u1ef1a ch\u1ecdn tuy\u1ec7t v\u1eddi cho nh\u1eefng gia \u0111\u00ecnh mu\u1ed1n c\u00f3 m\u1ed9t kh\u00f4ng gian th\u1edd c\u00fang trang nghi\u00eam, \u1ea5m c\u00fang v\u00e0 sang tr\u1ecdng. N\u00f3 mang \u0111\u1ebfn m\u1ed9t kh\u00f4ng gian th\u1edd c\u00fang \u0111\u1eb9p, t\u00f4n nghi\u00eam v\u00e0 th\u1ec3 hi\u1ec7n l\u00f2ng th\u00e0nh k\u00ednh c\u1ee7a con ch\u00e1u \u0111\u1ed1i v\u1edbi t\u1ed5 ti\u00ean.","og_url":"https:\/\/pluginviet.com\/mau29\/san-pham\/noi-that-phong-tho-cao-cap-go-po-mu\/","og_site_name":"N\u1ed9i th\u1ea5t L\u01b0u Nguy\u1ec5n M\u1ed9c","article_publisher":"https:\/\/www.facebook.com\/LuuNguyenMoc","article_modified_time":"2023-07-22T09:36:55+00:00","og_image":[{"width":2560,"height":1707,"url":"https:\/\/pluginviet.com\/mau29\/wp-content\/uploads\/2023\/07\/z4525411580791_0d13607a07d5b2c64ca1e8b380012d9a-scaled.jpg","type":"image\/jpeg"}],"twitter_card":"summary_large_image","schema":{"@context":"https:\/\/schema.org","@graph":[{"@type":"WebPage","@id":"https:\/\/pluginviet.com\/mau29\/san-pham\/noi-that-phong-tho-cao-cap-go-po-mu\/","url":"https:\/\/pluginviet.com\/mau29\/san-pham\/noi-that-phong-tho-cao-cap-go-po-mu\/","name":"N\u1ed8I TH\u1ea4T PH\u00d2NG TH\u1edc CAO C\u1ea4P G\u1ed6 P\u01a0 MU - N\u1ed9i th\u1ea5t L\u01b0u Nguy\u1ec5n M\u1ed9c","isPartOf":{"@id":"https:\/\/pluginviet.com\/mau29\/#website"},"datePublished":"2023-07-22T09:34:47+00:00","dateModified":"2023-07-22T09:36:55+00:00","breadcrumb":{"@id":"https:\/\/pluginviet.com\/mau29\/san-pham\/noi-that-phong-tho-cao-cap-go-po-mu\/#breadcrumb"},"inLanguage":"vi","potentialAction":[{"@type":"ReadAction","target":["https:\/\/pluginviet.com\/mau29\/san-pham\/noi-that-phong-tho-cao-cap-go-po-mu\/"]}]},{"@type":"BreadcrumbList","@id":"https:\/\/pluginviet.com\/mau29\/san-pham\/noi-that-phong-tho-cao-cap-go-po-mu\/#breadcrumb","itemListElement":[{"@type":"ListItem","position":1,"name":"Trang ch\u1ee7","item":"https:\/\/pluginviet.com\/mau29\/"},{"@type":"ListItem","position":2,"name":"S\u1ea3n ph\u1ea9m","item":"https:\/\/pluginviet.com\/mau29\/shop\/"},{"@type":"ListItem","position":3,"name":"N\u1ed8I TH\u1ea4T PH\u00d2NG TH\u1edc CAO C\u1ea4P G\u1ed6 P\u01a0 MU"}]},{"@type":"WebSite","@id":"https:\/\/pluginviet.com\/mau29\/#website","url":"https:\/\/pluginviet.com\/mau29\/","name":"N\u1ed9i th\u1ea5t L\u01b0u Nguy\u1ec5n M\u1ed9c","description":"Chuy\u00ean t\u01b0 v\u1ea5n, thi\u1ebft k\u1ebf, thi c\u00f4ng n\u1ed9i th\u1ea5t g\u1ed7","publisher":{"@id":"https:\/\/pluginviet.com\/mau29\/#organization"},"potentialAction":[{"@type":"SearchAction","target":{"@type":"EntryPoint","urlTemplate":"https:\/\/pluginviet.com\/mau29\/?s={search_term_string}"},"query-input":"required name=search_term_string"}],"inLanguage":"vi"},{"@type":"Organization","@id":"https:\/\/pluginviet.com\/mau29\/#organization","name":"L\u01b0u Nguy\u1ec5n M\u1ed9c","url":"https:\/\/pluginviet.com\/mau29\/","logo":{"@type":"ImageObject","inLanguage":"vi","@id":"https:\/\/pluginviet.com\/mau29\/#\/schema\/logo\/image\/","url":"https:\/\/luunguyenmoc.com.vn\/wp-content\/uploads\/2023\/07\/LNM_Logo_FA_1208-01-removebg-preview.png","contentUrl":"https:\/\/luunguyenmoc.com.vn\/wp-content\/uploads\/2023\/07\/LNM_Logo_FA_1208-01-removebg-preview.png","width":1920,"height":1924,"caption":"L\u01b0u Nguy\u1ec5n M\u1ed9c"},"image":{"@id":"https:\/\/pluginviet.com\/mau29\/#\/schema\/logo\/image\/"},"sameAs":["https:\/\/www.facebook.com\/LuuNguyenMoc"]}]}},"_links":{"self":[{"href":"https:\/\/pluginviet.com\/mau29\/wp-json\/wp\/v2\/product\/1187"}],"collection":[{"href":"https:\/\/pluginviet.com\/mau29\/wp-json\/wp\/v2\/product"}],"about":[{"href":"https:\/\/pluginviet.com\/mau29\/wp-json\/wp\/v2\/types\/product"}],"replies":[{"embeddable":true,"href":"https:\/\/pluginviet.com\/mau29\/wp-json\/wp\/v2\/comments?post=1187"}],"wp:featuredmedia":[{"embeddable":true,"href":"https:\/\/pluginviet.com\/mau29\/wp-json\/wp\/v2\/media\/1188"}],"wp:attachment":[{"href":"https:\/\/pluginviet.com\/mau29\/wp-json\/wp\/v2\/media?parent=1187"}],"wp:term":[{"taxonomy":"product_cat","embeddable":true,"href":"https:\/\/pluginviet.com\/mau29\/wp-json\/wp\/v2\/product_cat?post=1187"},{"taxonomy":"product_tag","embeddable":true,"href":"https:\/\/pluginviet.com\/mau29\/wp-json\/wp\/v2\/product_tag?post=1187"}],"curies":[{"name":"wp","href":"https:\/\/api.w.org\/{rel}","templated":true}]}}