{"id":1387,"date":"2023-08-16T23:43:38","date_gmt":"2023-08-16T23:43:38","guid":{"rendered":"https:\/\/luunguyenmoc.com.vn\/?page_id=1387"},"modified":"2023-08-17T09:19:04","modified_gmt":"2023-08-17T09:19:04","slug":"video","status":"publish","type":"page","link":"https:\/\/pluginviet.com\/mau29\/video\/","title":{"rendered":"Video"},"content":{"rendered":"<div class=\"row title_video\"  id=\"row-1698250931\">\n\n\t<div id=\"col-468873442\" class=\"col small-12 large-12\"  >\n\t\t\t\t<div class=\"col-inner\"  >\n\t\t\t\n\t\t\t\n\n<h1>Video<\/h1>\n\n\t\t<\/div>\n\t\t\t\t\t<\/div>\n\n\t\n<\/div>\n<div class=\"row xp_video\"  id=\"row-1043553012\">\n\n\t<div id=\"col-36384568\" class=\"col medium-4 small-12 large-4\"  >\n\t\t\t\t<div class=\"col-inner\"  >\n\t\t\t\n\t\t\t\n\t<div class=\"box has-hover   has-hover box-text-bottom\" >\n\n\t\t<div class=\"box-image\" >\n\t\t\t\t\t\t<div class=\"\" >\n\t\t\t\t\t\t\t\t\t\t\t\t\t\t\t<\/div>\n\t\t\t\t\t<\/div>\n\n\t\t<div class=\"box-text text-center\" >\n\t\t\t<div class=\"box-text-inner\">\n\t\t\t\t\n<h3>Ho\u00e0n thi\u1ec7n c\u0103n nh\u00e0 g\u1ed7 3 gian 16 c\u1ed9t do n\u1ed9i th\u1ea5t L\u01b0u Nguy\u1ec5n M\u1ed9c th\u1ef1c hi\u1ec7n<\/p>\n<div class=\"video-button-wrapper\" ><a href=\"https:\/\/www.youtube.com\/watch?v=UEmaSRBh4Uc\" class=\"button open-video icon circle is-outline is-xlarge\"><i class=\"icon-play\" style=\"font-size:1.5em;\" ><\/i><\/a><\/div>\n\t\t\t<\/div>\n\t\t<\/div>\n\t<\/div>\n\t\n\t\t<\/div>\n\t\t\t\t\t<\/div>\n\n\t\n\n\t<div id=\"col-1506507012\" class=\"col medium-4 small-12 large-4\"  >\n\t\t\t\t<div class=\"col-inner\"  >\n\t\t\t\n\t\t\t\n\t<div class=\"box has-hover   has-hover box-text-bottom\" >\n\n\t\t<div class=\"box-image\" >\n\t\t\t\t\t\t<div class=\"\" >\n\t\t\t\t<img width=\"1920\" height=\"1280\" src=\"https:\/\/pluginviet.com\/mau29\/wp-content\/uploads\/2023\/08\/DSC01820.jpg\" class=\"attachment- size-\" alt=\"\" decoding=\"async\" loading=\"lazy\" srcset=\"https:\/\/pluginviet.com\/mau29\/wp-content\/uploads\/2023\/08\/DSC01820.jpg 1920w, https:\/\/pluginviet.com\/mau29\/wp-content\/uploads\/2023\/08\/DSC01820-300x200.jpg 300w, https:\/\/pluginviet.com\/mau29\/wp-content\/uploads\/2023\/08\/DSC01820-1024x683.jpg 1024w, https:\/\/pluginviet.com\/mau29\/wp-content\/uploads\/2023\/08\/DSC01820-768x512.jpg 768w, https:\/\/pluginviet.com\/mau29\/wp-content\/uploads\/2023\/08\/DSC01820-1536x1024.jpg 1536w, https:\/\/pluginviet.com\/mau29\/wp-content\/uploads\/2023\/08\/DSC01820-1000x667.jpg 1000w\" sizes=\"(max-width: 1920px) 100vw, 1920px\" \/>\t\t\t\t\t\t\t\t\t\t\t<\/div>\n\t\t\t\t\t<\/div>\n\n\t\t<div class=\"box-text text-left\" >\n\t\t\t<div class=\"box-text-inner\">\n\t\t\t\t\n<h3>Ch\u1ea1m kh\u1eafc hoa v\u0103n cho b\u00e0n th\u1edd th\u1ea7n t\u00e0i th\u1ed5 \u0111\u1ecba do c\u00e1c ngh\u1ec7 nh\u00e2n t\u1ea1i n\u1ed9i th\u1ea5t L\u01b0u Nguy\u1ec5n M\u1ed9c<\/h3>\n<div class=\"video-button-wrapper\" ><a href=\"https:\/\/www.youtube.com\/watch?v=WE_ZXBf1Mck\" class=\"button open-video icon circle is-outline is-xlarge\"><i class=\"icon-play\" style=\"font-size:1.5em;\" ><\/i><\/a><\/div>\n\t\t\t<\/div>\n\t\t<\/div>\n\t<\/div>\n\t\n\t\t<\/div>\n\t\t\t\t\t<\/div>\n\n\t\n\n\t<div id=\"col-1664468102\" class=\"col medium-4 small-12 large-4\"  >\n\t\t\t\t<div class=\"col-inner\"  >\n\t\t\t\n\t\t\t\n\t<div class=\"box has-hover   has-hover box-text-bottom\" >\n\n\t\t<div class=\"box-image\" >\n\t\t\t<a href=\"https:\/\/youtu.be\/dDqB7JARYO8\" >\t\t\t<div class=\"\" >\n\t\t\t\t<img width=\"1920\" height=\"1387\" src=\"https:\/\/pluginviet.com\/mau29\/wp-content\/uploads\/2023\/08\/DSC01898.jpg\" class=\"attachment- size-\" alt=\"\" decoding=\"async\" loading=\"lazy\" srcset=\"https:\/\/pluginviet.com\/mau29\/wp-content\/uploads\/2023\/08\/DSC01898.jpg 1920w, https:\/\/pluginviet.com\/mau29\/wp-content\/uploads\/2023\/08\/DSC01898-300x217.jpg 300w, https:\/\/pluginviet.com\/mau29\/wp-content\/uploads\/2023\/08\/DSC01898-1024x740.jpg 1024w, https:\/\/pluginviet.com\/mau29\/wp-content\/uploads\/2023\/08\/DSC01898-768x555.jpg 768w, https:\/\/pluginviet.com\/mau29\/wp-content\/uploads\/2023\/08\/DSC01898-1536x1110.jpg 1536w, https:\/\/pluginviet.com\/mau29\/wp-content\/uploads\/2023\/08\/DSC01898-1000x722.jpg 1000w\" sizes=\"(max-width: 1920px) 100vw, 1920px\" \/>\t\t\t\t\t\t\t\t\t\t\t<\/div>\n\t\t\t<\/a>\t\t<\/div>\n\n\t\t<div class=\"box-text text-left\" >\n\t\t\t<div class=\"box-text-inner\">\n\t\t\t\t\n<h3>Qu\u00e1 tr\u00ecnh s\u1ea3n xu\u1ea5t b\u1ed9 b\u00e0n th\u1edd Th\u1ea7n T\u00e0i &#8211; \u00d4ng \u0110\u1ecba t\u00e2n c\u1ed5 \u0111i\u1ec3n t\u1ea1i L\u01b0u Nguy\u1ec5n M\u1ed9c<\/h3>\n<div class=\"video-button-wrapper\" ><a href=\"https:\/\/www.youtube.com\/watch?v=dDqB7JARYO8\" class=\"button open-video icon circle is-outline is-xlarge\"><i class=\"icon-play\" style=\"font-size:1.5em;\" ><\/i><\/a><\/div>\n\t\t\t<\/div>\n\t\t<\/div>\n\t<\/div>\n\t\n\t\t<\/div>\n\t\t\t\t\t<\/div>\n\n\t\n\n\t<div id=\"col-440053239\" class=\"col medium-4 small-12 large-4\"  >\n\t\t\t\t<div class=\"col-inner\"  >\n\t\t\t\n\t\t\t\n\t<div class=\"box has-hover   has-hover box-text-bottom\" >\n\n\t\t<div class=\"box-image\" >\n\t\t\t\t\t\t<div class=\"\" >\n\t\t\t\t<img width=\"1920\" height=\"1280\" src=\"https:\/\/pluginviet.com\/mau29\/wp-content\/uploads\/2023\/08\/DSC00579-1.jpg\" class=\"attachment- size-\" alt=\"\" decoding=\"async\" loading=\"lazy\" srcset=\"https:\/\/pluginviet.com\/mau29\/wp-content\/uploads\/2023\/08\/DSC00579-1.jpg 1920w, https:\/\/pluginviet.com\/mau29\/wp-content\/uploads\/2023\/08\/DSC00579-1-300x200.jpg 300w, https:\/\/pluginviet.com\/mau29\/wp-content\/uploads\/2023\/08\/DSC00579-1-1024x683.jpg 1024w, https:\/\/pluginviet.com\/mau29\/wp-content\/uploads\/2023\/08\/DSC00579-1-768x512.jpg 768w, https:\/\/pluginviet.com\/mau29\/wp-content\/uploads\/2023\/08\/DSC00579-1-1536x1024.jpg 1536w, https:\/\/pluginviet.com\/mau29\/wp-content\/uploads\/2023\/08\/DSC00579-1-1000x667.jpg 1000w\" sizes=\"(max-width: 1920px) 100vw, 1920px\" \/>\t\t\t\t\t\t\t\t\t\t\t<\/div>\n\t\t\t\t\t<\/div>\n\n\t\t<div class=\"box-text text-left\" >\n\t\t\t<div class=\"box-text-inner\">\n\t\t\t\t\n<h3>Qu\u00e1 tr\u00ecnh thi c\u00f4ng nh\u00e0 g\u1ed7 3 gian 16 c\u1ed9t do n\u1ed9i th\u1ea5t L\u01b0u Nguy\u1ec5n M\u1ed9c th\u1ef1c hi\u1ec7n<\/h3>\n<div class=\"video-button-wrapper\" ><a href=\"https:\/\/www.youtube.com\/watch?v=cdet-a9TYdM\" class=\"button open-video icon circle is-outline is-xlarge\"><i class=\"icon-play\" style=\"font-size:1.5em;\" ><\/i><\/a><\/div>\n\t\t\t<\/div>\n\t\t<\/div>\n\t<\/div>\n\t\n\t\t<\/div>\n\t\t\t\t\t<\/div>\n\n\t\n\n\t<div id=\"col-1457838143\" class=\"col medium-4 small-12 large-4\"  >\n\t\t\t\t<div class=\"col-inner\"  >\n\t\t\t\n\t\t\t\n\t<div class=\"box has-hover   has-hover box-text-bottom\" >\n\n\t\t<div class=\"box-image\" >\n\t\t\t\t\t\t<div class=\"\" >\n\t\t\t\t<img width=\"2560\" height=\"1706\" src=\"https:\/\/pluginviet.com\/mau29\/wp-content\/uploads\/2023\/08\/DSC01745-scaled.jpg\" class=\"attachment- size-\" alt=\"\" decoding=\"async\" loading=\"lazy\" srcset=\"https:\/\/pluginviet.com\/mau29\/wp-content\/uploads\/2023\/08\/DSC01745-scaled.jpg 2560w, https:\/\/pluginviet.com\/mau29\/wp-content\/uploads\/2023\/08\/DSC01745-300x200.jpg 300w, https:\/\/pluginviet.com\/mau29\/wp-content\/uploads\/2023\/08\/DSC01745-1024x683.jpg 1024w, https:\/\/pluginviet.com\/mau29\/wp-content\/uploads\/2023\/08\/DSC01745-768x512.jpg 768w, https:\/\/pluginviet.com\/mau29\/wp-content\/uploads\/2023\/08\/DSC01745-1536x1024.jpg 1536w, https:\/\/pluginviet.com\/mau29\/wp-content\/uploads\/2023\/08\/DSC01745-2048x1365.jpg 2048w, https:\/\/pluginviet.com\/mau29\/wp-content\/uploads\/2023\/08\/DSC01745-1000x667.jpg 1000w\" sizes=\"(max-width: 2560px) 100vw, 2560px\" \/>\t\t\t\t\t\t\t\t\t\t\t<\/div>\n\t\t\t\t\t<\/div>\n\n\t\t<div class=\"box-text text-center\" >\n\t\t\t<div class=\"box-text-inner\">\n\t\t\t\t\n<h3>Ch\u1ea1m kh\u1eafc g\u1ed7 ngh\u1ec7 thu\u1eadt do c\u00e1c ngh\u1ec7 nh\u00e2n t\u1ea1i L\u01b0u Nguy\u1ec5n M\u1ed9c th\u1ef1c hi\u1ec7n<\/p>\n<div class=\"video-button-wrapper\" ><a href=\"https:\/\/www.youtube.com\/watch?v=JMnsYk_FSjA\" class=\"button open-video icon circle is-outline is-xlarge\"><i class=\"icon-play\" style=\"font-size:1.5em;\" ><\/i><\/a><\/div>\n\t\t\t<\/div>\n\t\t<\/div>\n\t<\/div>\n\t\n\t\t<\/div>\n\t\t\t\t\t<\/div>\n\n\t\n\n\t<div id=\"col-1579587678\" class=\"col medium-4 small-12 large-4\"  >\n\t\t\t\t<div class=\"col-inner\"  >\n\t\t\t\n\t\t\t\n\t<div class=\"box has-hover   has-hover box-text-bottom\" >\n\n\t\t<div class=\"box-image\" >\n\t\t\t\t\t\t<div class=\"\" >\n\t\t\t\t<img width=\"1920\" height=\"1280\" src=\"https:\/\/pluginviet.com\/mau29\/wp-content\/uploads\/2023\/08\/DSC00186.jpg\" class=\"attachment- size-\" alt=\"\" decoding=\"async\" loading=\"lazy\" srcset=\"https:\/\/pluginviet.com\/mau29\/wp-content\/uploads\/2023\/08\/DSC00186.jpg 1920w, https:\/\/pluginviet.com\/mau29\/wp-content\/uploads\/2023\/08\/DSC00186-300x200.jpg 300w, https:\/\/pluginviet.com\/mau29\/wp-content\/uploads\/2023\/08\/DSC00186-1024x683.jpg 1024w, https:\/\/pluginviet.com\/mau29\/wp-content\/uploads\/2023\/08\/DSC00186-768x512.jpg 768w, https:\/\/pluginviet.com\/mau29\/wp-content\/uploads\/2023\/08\/DSC00186-1536x1024.jpg 1536w, https:\/\/pluginviet.com\/mau29\/wp-content\/uploads\/2023\/08\/DSC00186-1000x667.jpg 1000w\" sizes=\"(max-width: 1920px) 100vw, 1920px\" \/>\t\t\t\t\t\t\t\t\t\t\t<\/div>\n\t\t\t\t\t<\/div>\n\n\t\t<div class=\"box-text text-left\" >\n\t\t\t<div class=\"box-text-inner\">\n\t\t\t\t\n<h3>K\u1ef9 n\u0103ng ch\u1ea1m kh\u1eafc c\u1ee7a ngh\u1ec7 nh\u00e2n t\u1ea1i n\u1ed9i th\u1ea5t L\u01b0u Nguy\u1ec5n M\u1ed9c<\/h3>\n<div class=\"video-button-wrapper\" ><a href=\"https:\/\/www.youtube.com\/watch?v=eCiKZxFJ_Vg\" class=\"button open-video icon circle is-outline is-xlarge\"><i class=\"icon-play\" style=\"font-size:1.5em;\" ><\/i><\/a><\/div>\n\t\t\t<\/div>\n\t\t<\/div>\n\t<\/div>\n\t\n\t\t<\/div>\n\t\t\t\t\t<\/div>\n\n\t\n\n\t<div id=\"col-55405678\" class=\"col medium-4 small-12 large-4\"  >\n\t\t\t\t<div class=\"col-inner\"  >\n\t\t\t\n\t\t\t\n\t<div class=\"box has-hover   has-hover box-text-bottom\" >\n\n\t\t<div class=\"box-image\" >\n\t\t\t\t\t\t<div class=\"\" >\n\t\t\t\t<img width=\"2560\" height=\"1769\" src=\"https:\/\/pluginviet.com\/mau29\/wp-content\/uploads\/2023\/08\/DSC01737-scaled.jpg\" class=\"attachment- size-\" alt=\"\" decoding=\"async\" loading=\"lazy\" srcset=\"https:\/\/pluginviet.com\/mau29\/wp-content\/uploads\/2023\/08\/DSC01737-scaled.jpg 2560w, https:\/\/pluginviet.com\/mau29\/wp-content\/uploads\/2023\/08\/DSC01737-300x207.jpg 300w, https:\/\/pluginviet.com\/mau29\/wp-content\/uploads\/2023\/08\/DSC01737-1024x708.jpg 1024w, https:\/\/pluginviet.com\/mau29\/wp-content\/uploads\/2023\/08\/DSC01737-768x531.jpg 768w, https:\/\/pluginviet.com\/mau29\/wp-content\/uploads\/2023\/08\/DSC01737-1536x1062.jpg 1536w, https:\/\/pluginviet.com\/mau29\/wp-content\/uploads\/2023\/08\/DSC01737-2048x1415.jpg 2048w, https:\/\/pluginviet.com\/mau29\/wp-content\/uploads\/2023\/08\/DSC01737-1000x691.jpg 1000w\" sizes=\"(max-width: 2560px) 100vw, 2560px\" \/>\t\t\t\t\t\t\t\t\t\t\t<\/div>\n\t\t\t\t\t<\/div>\n\n\t\t<div class=\"box-text text-center\" >\n\t\t\t<div class=\"box-text-inner\">\n\t\t\t\t\n<h3>K\u1ef9 n\u0103ng ch\u1ea1m kh\u1eafc g\u1ed7 c\u1ee7a c\u00e1c ngh\u1ec7 nh\u00e2n t\u1ea1i L\u01b0u Nguy\u1ec5n M\u1ed9c<\/p>\n<div class=\"video-button-wrapper\" ><a href=\"https:\/\/www.youtube.com\/watch?v=JMnsYk_FSjA\" class=\"button open-video icon circle is-outline is-xlarge\"><i class=\"icon-play\" style=\"font-size:1.5em;\" ><\/i><\/a><\/div>\n\t\t\t<\/div>\n\t\t<\/div>\n\t<\/div>\n\t\n\t\t<\/div>\n\t\t\t\t\t<\/div>\n\n\t\n<\/div>\n","protected":false},"excerpt":{"rendered":"","protected":false},"author":1,"featured_media":0,"parent":0,"menu_order":0,"comment_status":"closed","ping_status":"closed","template":"","meta":{"footnotes":""},"yoast_head":"<!-- This site is optimized with the Yoast SEO plugin v20.13 - https:\/\/yoast.com\/wordpress\/plugins\/seo\/ -->\n<title>Video - N\u1ed9i th\u1ea5t L\u01b0u Nguy\u1ec5n M\u1ed9c<\/title>\n<meta name=\"robots\" content=\"index, follow, max-snippet:-1, max-image-preview:large, max-video-preview:-1\" \/>\n<link rel=\"canonical\" href=\"https:\/\/pluginviet.com\/mau29\/video\/\" \/>\n<meta property=\"og:locale\" content=\"vi_VN\" \/>\n<meta property=\"og:type\" content=\"article\" \/>\n<meta property=\"og:title\" content=\"Video - N\u1ed9i th\u1ea5t L\u01b0u Nguy\u1ec5n M\u1ed9c\" \/>\n<meta property=\"og:url\" content=\"https:\/\/pluginviet.com\/mau29\/video\/\" \/>\n<meta property=\"og:site_name\" content=\"N\u1ed9i th\u1ea5t L\u01b0u Nguy\u1ec5n M\u1ed9c\" \/>\n<meta property=\"article:publisher\" content=\"https:\/\/www.facebook.com\/LuuNguyenMoc\" \/>\n<meta property=\"article:modified_time\" content=\"2023-08-17T09:19:04+00:00\" \/>\n<meta name=\"twitter:card\" content=\"summary_large_image\" \/>\n<script type=\"application\/ld+json\" class=\"yoast-schema-graph\">{\"@context\":\"https:\/\/schema.org\",\"@graph\":[{\"@type\":\"WebPage\",\"@id\":\"https:\/\/pluginviet.com\/mau29\/video\/\",\"url\":\"https:\/\/pluginviet.com\/mau29\/video\/\",\"name\":\"Video - N\u1ed9i th\u1ea5t L\u01b0u Nguy\u1ec5n M\u1ed9c\",\"isPartOf\":{\"@id\":\"https:\/\/pluginviet.com\/mau29\/#website\"},\"datePublished\":\"2023-08-16T23:43:38+00:00\",\"dateModified\":\"2023-08-17T09:19:04+00:00\",\"breadcrumb\":{\"@id\":\"https:\/\/pluginviet.com\/mau29\/video\/#breadcrumb\"},\"inLanguage\":\"vi\",\"potentialAction\":[{\"@type\":\"ReadAction\",\"target\":[\"https:\/\/pluginviet.com\/mau29\/video\/\"]}]},{\"@type\":\"BreadcrumbList\",\"@id\":\"https:\/\/pluginviet.com\/mau29\/video\/#breadcrumb\",\"itemListElement\":[{\"@type\":\"ListItem\",\"position\":1,\"name\":\"Trang ch\u1ee7\",\"item\":\"https:\/\/pluginviet.com\/mau29\/\"},{\"@type\":\"ListItem\",\"position\":2,\"name\":\"Video\"}]},{\"@type\":\"WebSite\",\"@id\":\"https:\/\/pluginviet.com\/mau29\/#website\",\"url\":\"https:\/\/pluginviet.com\/mau29\/\",\"name\":\"N\u1ed9i th\u1ea5t L\u01b0u Nguy\u1ec5n M\u1ed9c\",\"description\":\"Chuy\u00ean t\u01b0 v\u1ea5n, thi\u1ebft k\u1ebf, thi c\u00f4ng n\u1ed9i th\u1ea5t g\u1ed7\",\"publisher\":{\"@id\":\"https:\/\/pluginviet.com\/mau29\/#organization\"},\"potentialAction\":[{\"@type\":\"SearchAction\",\"target\":{\"@type\":\"EntryPoint\",\"urlTemplate\":\"https:\/\/pluginviet.com\/mau29\/?s={search_term_string}\"},\"query-input\":\"required name=search_term_string\"}],\"inLanguage\":\"vi\"},{\"@type\":\"Organization\",\"@id\":\"https:\/\/pluginviet.com\/mau29\/#organization\",\"name\":\"L\u01b0u Nguy\u1ec5n M\u1ed9c\",\"url\":\"https:\/\/pluginviet.com\/mau29\/\",\"logo\":{\"@type\":\"ImageObject\",\"inLanguage\":\"vi\",\"@id\":\"https:\/\/pluginviet.com\/mau29\/#\/schema\/logo\/image\/\",\"url\":\"https:\/\/luunguyenmoc.com.vn\/wp-content\/uploads\/2023\/07\/LNM_Logo_FA_1208-01-removebg-preview.png\",\"contentUrl\":\"https:\/\/luunguyenmoc.com.vn\/wp-content\/uploads\/2023\/07\/LNM_Logo_FA_1208-01-removebg-preview.png\",\"width\":1920,\"height\":1924,\"caption\":\"L\u01b0u Nguy\u1ec5n M\u1ed9c\"},\"image\":{\"@id\":\"https:\/\/pluginviet.com\/mau29\/#\/schema\/logo\/image\/\"},\"sameAs\":[\"https:\/\/www.facebook.com\/LuuNguyenMoc\"]}]}<\/script>\n<!-- \/ Yoast SEO plugin. -->","yoast_head_json":{"title":"Video - N\u1ed9i th\u1ea5t L\u01b0u Nguy\u1ec5n M\u1ed9c","robots":{"index":"index","follow":"follow","max-snippet":"max-snippet:-1","max-image-preview":"max-image-preview:large","max-video-preview":"max-video-preview:-1"},"canonical":"https:\/\/pluginviet.com\/mau29\/video\/","og_locale":"vi_VN","og_type":"article","og_title":"Video - N\u1ed9i th\u1ea5t L\u01b0u Nguy\u1ec5n M\u1ed9c","og_url":"https:\/\/pluginviet.com\/mau29\/video\/","og_site_name":"N\u1ed9i th\u1ea5t L\u01b0u Nguy\u1ec5n M\u1ed9c","article_publisher":"https:\/\/www.facebook.com\/LuuNguyenMoc","article_modified_time":"2023-08-17T09:19:04+00:00","twitter_card":"summary_large_image","schema":{"@context":"https:\/\/schema.org","@graph":[{"@type":"WebPage","@id":"https:\/\/pluginviet.com\/mau29\/video\/","url":"https:\/\/pluginviet.com\/mau29\/video\/","name":"Video - N\u1ed9i th\u1ea5t L\u01b0u Nguy\u1ec5n M\u1ed9c","isPartOf":{"@id":"https:\/\/pluginviet.com\/mau29\/#website"},"datePublished":"2023-08-16T23:43:38+00:00","dateModified":"2023-08-17T09:19:04+00:00","breadcrumb":{"@id":"https:\/\/pluginviet.com\/mau29\/video\/#breadcrumb"},"inLanguage":"vi","potentialAction":[{"@type":"ReadAction","target":["https:\/\/pluginviet.com\/mau29\/video\/"]}]},{"@type":"BreadcrumbList","@id":"https:\/\/pluginviet.com\/mau29\/video\/#breadcrumb","itemListElement":[{"@type":"ListItem","position":1,"name":"Trang ch\u1ee7","item":"https:\/\/pluginviet.com\/mau29\/"},{"@type":"ListItem","position":2,"name":"Video"}]},{"@type":"WebSite","@id":"https:\/\/pluginviet.com\/mau29\/#website","url":"https:\/\/pluginviet.com\/mau29\/","name":"N\u1ed9i th\u1ea5t L\u01b0u Nguy\u1ec5n M\u1ed9c","description":"Chuy\u00ean t\u01b0 v\u1ea5n, thi\u1ebft k\u1ebf, thi c\u00f4ng n\u1ed9i th\u1ea5t g\u1ed7","publisher":{"@id":"https:\/\/pluginviet.com\/mau29\/#organization"},"potentialAction":[{"@type":"SearchAction","target":{"@type":"EntryPoint","urlTemplate":"https:\/\/pluginviet.com\/mau29\/?s={search_term_string}"},"query-input":"required name=search_term_string"}],"inLanguage":"vi"},{"@type":"Organization","@id":"https:\/\/pluginviet.com\/mau29\/#organization","name":"L\u01b0u Nguy\u1ec5n M\u1ed9c","url":"https:\/\/pluginviet.com\/mau29\/","logo":{"@type":"ImageObject","inLanguage":"vi","@id":"https:\/\/pluginviet.com\/mau29\/#\/schema\/logo\/image\/","url":"https:\/\/luunguyenmoc.com.vn\/wp-content\/uploads\/2023\/07\/LNM_Logo_FA_1208-01-removebg-preview.png","contentUrl":"https:\/\/luunguyenmoc.com.vn\/wp-content\/uploads\/2023\/07\/LNM_Logo_FA_1208-01-removebg-preview.png","width":1920,"height":1924,"caption":"L\u01b0u Nguy\u1ec5n M\u1ed9c"},"image":{"@id":"https:\/\/pluginviet.com\/mau29\/#\/schema\/logo\/image\/"},"sameAs":["https:\/\/www.facebook.com\/LuuNguyenMoc"]}]}},"_links":{"self":[{"href":"https:\/\/pluginviet.com\/mau29\/wp-json\/wp\/v2\/pages\/1387"}],"collection":[{"href":"https:\/\/pluginviet.com\/mau29\/wp-json\/wp\/v2\/pages"}],"about":[{"href":"https:\/\/pluginviet.com\/mau29\/wp-json\/wp\/v2\/types\/page"}],"author":[{"embeddable":true,"href":"https:\/\/pluginviet.com\/mau29\/wp-json\/wp\/v2\/users\/1"}],"replies":[{"embeddable":true,"href":"https:\/\/pluginviet.com\/mau29\/wp-json\/wp\/v2\/comments?post=1387"}],"version-history":[{"count":21,"href":"https:\/\/pluginviet.com\/mau29\/wp-json\/wp\/v2\/pages\/1387\/revisions"}],"predecessor-version":[{"id":1418,"href":"https:\/\/pluginviet.com\/mau29\/wp-json\/wp\/v2\/pages\/1387\/revisions\/1418"}],"wp:attachment":[{"href":"https:\/\/pluginviet.com\/mau29\/wp-json\/wp\/v2\/media?parent=1387"}],"curies":[{"name":"wp","href":"https:\/\/api.w.org\/{rel}","templated":true}]}}