{"id":1897,"date":"2023-08-10T13:43:50","date_gmt":"2023-08-10T06:43:50","guid":{"rendered":"http:\/\/depthoitrang.com\/lkleather\/?post_type=product&#038;p=1897"},"modified":"2023-08-10T14:12:28","modified_gmt":"2023-08-10T07:12:28","slug":"giay-da-nam-kieu-dang-oxford-gnlaaz01-1-d-6","status":"publish","type":"product","link":"https:\/\/pluginviet.com\/mau27\/san-pham\/giay-da-nam-kieu-dang-oxford-gnlaaz01-1-d-6\/","title":{"rendered":"Gi\u00e0y da nam ki\u1ec3u d\u00e1ng Oxford GNLAAZ01-1-D"},"content":{"rendered":"<p>N\u1ed9i dung \u0111ang c\u1eadp nh\u1eadt&#8230;<\/p>\n<ul>\n<li><strong>Ch\u1ea5t li\u1ec7u<\/strong>: Da b\u00f2 th\u1eadt to\u00e0n b\u1ed9 t\u1eeb ch\u00e2u \u00c2u<\/li>\n<li>\u0110\u01b0\u1eddng may chi ti\u1ebft, t\u1ec9 m\u1ec9 theo ti\u00eau chu\u1ea9n.<\/li>\n<li>\u0110\u1ebf gi\u00e0y ch\u1eafc ch\u1eafn, ch\u1ed1ng tr\u01a1n tr\u01b0\u1ee3t.<\/li>\n<li>M\u00e0u s\u1eafc trang nh\u00e3, h\u00e0i h\u00f2a.<\/li>\n<li>Thi\u1ebft k\u1ebf hi\u1ec7n \u0111\u1ea1i, sang tr\u1ecdng ph\u00f9 h\u1ee3p v\u1edbi c\u00e1c qu\u00fd \u00f4ng l\u1ecbch l\u00e3m.<\/li>\n<li>S\u1ea3n ph\u1ea9m\u00a0<strong>gi\u00e0y t\u00e2y nam<\/strong>\u00a0th\u00edch h\u1ee3p ph\u1ed1i c\u00f9ng qu\u1ea7n \u00e2u, kaki, trang ph\u1ee5c l\u1ecbch s\u1ef1.<\/li>\n<li><strong>M\u00e0u<\/strong>: \u0110en<\/li>\n<li><strong>K\u00edch th\u01b0\u1edbc<\/strong><strong>:\u00a0<\/strong>38 \u2013 43<\/li>\n<\/ul>\n","protected":false},"excerpt":{"rendered":"<ul>\n<li><strong>Ch\u1ea5t li\u1ec7u<\/strong>: Da b\u00f2 th\u1eadt to\u00e0n b\u1ed9 t\u1eeb ch\u00e2u \u00c2u<\/li>\n<li><strong>M\u00e0u<\/strong>: \u0110en<\/li>\n<li><strong>K\u00edch th\u01b0\u1edbc<\/strong><strong>:\u00a0<\/strong>38 \u2013 43<\/li>\n<\/ul>\n","protected":false},"featured_media":1796,"comment_status":"open","ping_status":"closed","template":"","meta":[],"product_cat":[15,178],"product_tag":[],"yoast_head":"<!-- This site is optimized with the Yoast SEO plugin v20.13 - https:\/\/yoast.com\/wordpress\/plugins\/seo\/ -->\n<title>Gi\u00e0y da nam ki\u1ec3u d\u00e1ng Oxford GNLAAZ01-1-D - Chuy\u00ean \u0111\u1ed3 da cao c\u1ea5p, gi\u00e0y da, t\u00fai x\u00e1ch, th\u1eaft l\u01b0ng, v\u00ed da<\/title>\n<meta name=\"robots\" content=\"index, follow, max-snippet:-1, max-image-preview:large, max-video-preview:-1\" \/>\n<link rel=\"canonical\" href=\"https:\/\/pluginviet.com\/mau27\/san-pham\/giay-da-nam-kieu-dang-oxford-gnlaaz01-1-d-6\/\" \/>\n<meta property=\"og:locale\" content=\"vi_VN\" \/>\n<meta property=\"og:type\" content=\"article\" \/>\n<meta property=\"og:title\" content=\"Gi\u00e0y da nam ki\u1ec3u d\u00e1ng Oxford GNLAAZ01-1-D - Chuy\u00ean \u0111\u1ed3 da cao c\u1ea5p, gi\u00e0y da, t\u00fai x\u00e1ch, th\u1eaft l\u01b0ng, v\u00ed da\" \/>\n<meta property=\"og:description\" content=\"Ch\u1ea5t li\u1ec7u: Da b\u00f2 th\u1eadt to\u00e0n b\u1ed9 t\u1eeb ch\u00e2u \u00c2u  M\u00e0u: \u0110en  K\u00edch th\u01b0\u1edbc:\u00a038 \u2013 43\" \/>\n<meta property=\"og:url\" content=\"https:\/\/pluginviet.com\/mau27\/san-pham\/giay-da-nam-kieu-dang-oxford-gnlaaz01-1-d-6\/\" \/>\n<meta property=\"og:site_name\" content=\"Chuy\u00ean \u0111\u1ed3 da cao c\u1ea5p, gi\u00e0y da, t\u00fai x\u00e1ch, th\u1eaft l\u01b0ng, v\u00ed da\" \/>\n<meta property=\"article:modified_time\" content=\"2023-08-10T07:12:28+00:00\" \/>\n<meta property=\"og:image\" content=\"https:\/\/pluginviet.com\/mau27\/wp-content\/uploads\/2023\/08\/giay-tay-oxford-nam-gnlaa176-r8-v-5.jpg\" \/>\n\t<meta property=\"og:image:width\" content=\"901\" \/>\n\t<meta property=\"og:image:height\" content=\"901\" \/>\n\t<meta property=\"og:image:type\" content=\"image\/jpeg\" \/>\n<meta name=\"twitter:card\" content=\"summary_large_image\" \/>\n<meta name=\"twitter:label1\" content=\"\u01af\u1edbc t\u00ednh th\u1eddi gian \u0111\u1ecdc\" \/>\n\t<meta name=\"twitter:data1\" content=\"1 ph\u00fat\" \/>\n<script type=\"application\/ld+json\" class=\"yoast-schema-graph\">{\"@context\":\"https:\/\/schema.org\",\"@graph\":[{\"@type\":\"WebPage\",\"@id\":\"https:\/\/pluginviet.com\/mau27\/san-pham\/giay-da-nam-kieu-dang-oxford-gnlaaz01-1-d-6\/\",\"url\":\"https:\/\/pluginviet.com\/mau27\/san-pham\/giay-da-nam-kieu-dang-oxford-gnlaaz01-1-d-6\/\",\"name\":\"Gi\u00e0y da nam ki\u1ec3u d\u00e1ng Oxford GNLAAZ01-1-D - Chuy\u00ean \u0111\u1ed3 da cao c\u1ea5p, gi\u00e0y da, t\u00fai x\u00e1ch, th\u1eaft l\u01b0ng, v\u00ed da\",\"isPartOf\":{\"@id\":\"https:\/\/pluginviet.com\/mau27\/#website\"},\"datePublished\":\"2023-08-10T06:43:50+00:00\",\"dateModified\":\"2023-08-10T07:12:28+00:00\",\"breadcrumb\":{\"@id\":\"https:\/\/pluginviet.com\/mau27\/san-pham\/giay-da-nam-kieu-dang-oxford-gnlaaz01-1-d-6\/#breadcrumb\"},\"inLanguage\":\"vi\",\"potentialAction\":[{\"@type\":\"ReadAction\",\"target\":[\"https:\/\/pluginviet.com\/mau27\/san-pham\/giay-da-nam-kieu-dang-oxford-gnlaaz01-1-d-6\/\"]}]},{\"@type\":\"BreadcrumbList\",\"@id\":\"https:\/\/pluginviet.com\/mau27\/san-pham\/giay-da-nam-kieu-dang-oxford-gnlaaz01-1-d-6\/#breadcrumb\",\"itemListElement\":[{\"@type\":\"ListItem\",\"position\":1,\"name\":\"Trang ch\u1ee7\",\"item\":\"https:\/\/pluginviet.com\/mau27\/\"},{\"@type\":\"ListItem\",\"position\":2,\"name\":\"Shop\",\"item\":\"https:\/\/pluginviet.com\/mau27\/shop\/\"},{\"@type\":\"ListItem\",\"position\":3,\"name\":\"Gi\u00e0y da nam ki\u1ec3u d\u00e1ng Oxford GNLAAZ01-1-D\"}]},{\"@type\":\"WebSite\",\"@id\":\"https:\/\/pluginviet.com\/mau27\/#website\",\"url\":\"https:\/\/pluginviet.com\/mau27\/\",\"name\":\"Chuy\u00ean \u0111\u1ed3 da cao c\u1ea5p, gi\u00e0y da, t\u00fai x\u00e1ch, th\u1eaft l\u01b0ng, v\u00ed da\",\"description\":\"\",\"potentialAction\":[{\"@type\":\"SearchAction\",\"target\":{\"@type\":\"EntryPoint\",\"urlTemplate\":\"https:\/\/pluginviet.com\/mau27\/?s={search_term_string}\"},\"query-input\":\"required name=search_term_string\"}],\"inLanguage\":\"vi\"}]}<\/script>\n<!-- \/ Yoast SEO plugin. -->","yoast_head_json":{"title":"Gi\u00e0y da nam ki\u1ec3u d\u00e1ng Oxford GNLAAZ01-1-D - Chuy\u00ean \u0111\u1ed3 da cao c\u1ea5p, gi\u00e0y da, t\u00fai x\u00e1ch, th\u1eaft l\u01b0ng, v\u00ed da","robots":{"index":"index","follow":"follow","max-snippet":"max-snippet:-1","max-image-preview":"max-image-preview:large","max-video-preview":"max-video-preview:-1"},"canonical":"https:\/\/pluginviet.com\/mau27\/san-pham\/giay-da-nam-kieu-dang-oxford-gnlaaz01-1-d-6\/","og_locale":"vi_VN","og_type":"article","og_title":"Gi\u00e0y da nam ki\u1ec3u d\u00e1ng Oxford GNLAAZ01-1-D - Chuy\u00ean \u0111\u1ed3 da cao c\u1ea5p, gi\u00e0y da, t\u00fai x\u00e1ch, th\u1eaft l\u01b0ng, v\u00ed da","og_description":"Ch\u1ea5t li\u1ec7u: Da b\u00f2 th\u1eadt to\u00e0n b\u1ed9 t\u1eeb ch\u00e2u \u00c2u  M\u00e0u: \u0110en  K\u00edch th\u01b0\u1edbc:\u00a038 \u2013 43","og_url":"https:\/\/pluginviet.com\/mau27\/san-pham\/giay-da-nam-kieu-dang-oxford-gnlaaz01-1-d-6\/","og_site_name":"Chuy\u00ean \u0111\u1ed3 da cao c\u1ea5p, gi\u00e0y da, t\u00fai x\u00e1ch, th\u1eaft l\u01b0ng, v\u00ed da","article_modified_time":"2023-08-10T07:12:28+00:00","og_image":[{"width":901,"height":901,"url":"https:\/\/pluginviet.com\/mau27\/wp-content\/uploads\/2023\/08\/giay-tay-oxford-nam-gnlaa176-r8-v-5.jpg","type":"image\/jpeg"}],"twitter_card":"summary_large_image","twitter_misc":{"\u01af\u1edbc t\u00ednh th\u1eddi gian \u0111\u1ecdc":"1 ph\u00fat"},"schema":{"@context":"https:\/\/schema.org","@graph":[{"@type":"WebPage","@id":"https:\/\/pluginviet.com\/mau27\/san-pham\/giay-da-nam-kieu-dang-oxford-gnlaaz01-1-d-6\/","url":"https:\/\/pluginviet.com\/mau27\/san-pham\/giay-da-nam-kieu-dang-oxford-gnlaaz01-1-d-6\/","name":"Gi\u00e0y da nam ki\u1ec3u d\u00e1ng Oxford GNLAAZ01-1-D - Chuy\u00ean \u0111\u1ed3 da cao c\u1ea5p, gi\u00e0y da, t\u00fai x\u00e1ch, th\u1eaft l\u01b0ng, v\u00ed da","isPartOf":{"@id":"https:\/\/pluginviet.com\/mau27\/#website"},"datePublished":"2023-08-10T06:43:50+00:00","dateModified":"2023-08-10T07:12:28+00:00","breadcrumb":{"@id":"https:\/\/pluginviet.com\/mau27\/san-pham\/giay-da-nam-kieu-dang-oxford-gnlaaz01-1-d-6\/#breadcrumb"},"inLanguage":"vi","potentialAction":[{"@type":"ReadAction","target":["https:\/\/pluginviet.com\/mau27\/san-pham\/giay-da-nam-kieu-dang-oxford-gnlaaz01-1-d-6\/"]}]},{"@type":"BreadcrumbList","@id":"https:\/\/pluginviet.com\/mau27\/san-pham\/giay-da-nam-kieu-dang-oxford-gnlaaz01-1-d-6\/#breadcrumb","itemListElement":[{"@type":"ListItem","position":1,"name":"Trang ch\u1ee7","item":"https:\/\/pluginviet.com\/mau27\/"},{"@type":"ListItem","position":2,"name":"Shop","item":"https:\/\/pluginviet.com\/mau27\/shop\/"},{"@type":"ListItem","position":3,"name":"Gi\u00e0y da nam ki\u1ec3u d\u00e1ng Oxford GNLAAZ01-1-D"}]},{"@type":"WebSite","@id":"https:\/\/pluginviet.com\/mau27\/#website","url":"https:\/\/pluginviet.com\/mau27\/","name":"Chuy\u00ean \u0111\u1ed3 da cao c\u1ea5p, gi\u00e0y da, t\u00fai x\u00e1ch, th\u1eaft l\u01b0ng, v\u00ed da","description":"","potentialAction":[{"@type":"SearchAction","target":{"@type":"EntryPoint","urlTemplate":"https:\/\/pluginviet.com\/mau27\/?s={search_term_string}"},"query-input":"required name=search_term_string"}],"inLanguage":"vi"}]}},"_links":{"self":[{"href":"https:\/\/pluginviet.com\/mau27\/wp-json\/wp\/v2\/product\/1897"}],"collection":[{"href":"https:\/\/pluginviet.com\/mau27\/wp-json\/wp\/v2\/product"}],"about":[{"href":"https:\/\/pluginviet.com\/mau27\/wp-json\/wp\/v2\/types\/product"}],"replies":[{"embeddable":true,"href":"https:\/\/pluginviet.com\/mau27\/wp-json\/wp\/v2\/comments?post=1897"}],"wp:featuredmedia":[{"embeddable":true,"href":"https:\/\/pluginviet.com\/mau27\/wp-json\/wp\/v2\/media\/1796"}],"wp:attachment":[{"href":"https:\/\/pluginviet.com\/mau27\/wp-json\/wp\/v2\/media?parent=1897"}],"wp:term":[{"taxonomy":"product_cat","embeddable":true,"href":"https:\/\/pluginviet.com\/mau27\/wp-json\/wp\/v2\/product_cat?post=1897"},{"taxonomy":"product_tag","embeddable":true,"href":"https:\/\/pluginviet.com\/mau27\/wp-json\/wp\/v2\/product_tag?post=1897"}],"curies":[{"name":"wp","href":"https:\/\/api.w.org\/{rel}","templated":true}]}}