{"id":1855,"date":"2023-08-08T15:09:20","date_gmt":"2023-08-08T08:09:20","guid":{"rendered":"http:\/\/depthoitrang.com\/lkleather\/?post_type=product&#038;p=1855"},"modified":"2023-08-10T14:04:24","modified_gmt":"2023-08-10T07:04:24","slug":"tui-messenger-valentino-creations-lsb-230094-blk","status":"publish","type":"product","link":"https:\/\/pluginviet.com\/mau27\/san-pham\/tui-messenger-valentino-creations-lsb-230094-blk\/","title":{"rendered":"T\u00fai Messenger Valentino Creations &#8211; LSB-230094-BLK"},"content":{"rendered":"","protected":false},"excerpt":{"rendered":"<p>T\u00fai \u0110eo Ch\u00e9o Valentino Creations &#8211; LSB-230094-BLK<br \/>\nK\u00edch th\u01b0\u1edbc: 18x22x8cm<br \/>\nM\u00e0u s\u1eafc: \u0110en<br \/>\nThi\u1ebft k\u1ebf t\u00fai x\u00e1ch messenger d\u00e0nh cho ch\u00e0ng trai n\u0103ng \u0111\u1ed9ng. S\u1ea3n ph\u1ea9m \u0111\u01b0\u1ee3c thi\u1ebft k\u1ebf t\u1eeb ch\u1ea5t li\u1ec7u da b\u00f2 th\u01b0\u1ee3ng h\u1ea1ng, c\u00f9ng s\u1ef1 ch\u1ec9n chu trong t\u1eebng \u0111\u01b0\u1eddng may gi\u00fap l\u00e0m n\u1ed5i b\u1eadt n\u00ean s\u1ef1 l\u1ecbch l\u00e3m cho nh\u1eefng ch\u00e0ng trai \u0111ang mu\u1ed1n kh\u1eb3ng \u0111\u1ecbnh phong c\u00e1ch b\u1ea3n th\u00e2n.<\/p>\n","protected":false},"featured_media":1856,"comment_status":"open","ping_status":"closed","template":"","meta":[],"product_cat":[15,181,179],"product_tag":[],"yoast_head":"<!-- This site is optimized with the Yoast SEO plugin v20.13 - https:\/\/yoast.com\/wordpress\/plugins\/seo\/ -->\n<title>T\u00fai Messenger Valentino Creations - LSB-230094-BLK - Chuy\u00ean \u0111\u1ed3 da cao c\u1ea5p, gi\u00e0y da, t\u00fai x\u00e1ch, th\u1eaft l\u01b0ng, v\u00ed da<\/title>\n<meta name=\"robots\" content=\"index, follow, max-snippet:-1, max-image-preview:large, max-video-preview:-1\" \/>\n<link rel=\"canonical\" href=\"https:\/\/pluginviet.com\/mau27\/san-pham\/tui-messenger-valentino-creations-lsb-230094-blk\/\" \/>\n<meta property=\"og:locale\" content=\"vi_VN\" \/>\n<meta property=\"og:type\" content=\"article\" \/>\n<meta property=\"og:title\" content=\"T\u00fai Messenger Valentino Creations - LSB-230094-BLK - Chuy\u00ean \u0111\u1ed3 da cao c\u1ea5p, gi\u00e0y da, t\u00fai x\u00e1ch, th\u1eaft l\u01b0ng, v\u00ed da\" \/>\n<meta property=\"og:description\" content=\"T\u00fai \u0110eo Ch\u00e9o Valentino Creations - LSB-230094-BLK K\u00edch th\u01b0\u1edbc: 18x22x8cm M\u00e0u s\u1eafc: \u0110en Thi\u1ebft k\u1ebf t\u00fai x\u00e1ch messenger d\u00e0nh cho ch\u00e0ng trai n\u0103ng \u0111\u1ed9ng. S\u1ea3n ph\u1ea9m \u0111\u01b0\u1ee3c thi\u1ebft k\u1ebf t\u1eeb ch\u1ea5t li\u1ec7u da b\u00f2 th\u01b0\u1ee3ng h\u1ea1ng, c\u00f9ng s\u1ef1 ch\u1ec9n chu trong t\u1eebng \u0111\u01b0\u1eddng may gi\u00fap l\u00e0m n\u1ed5i b\u1eadt n\u00ean s\u1ef1 l\u1ecbch l\u00e3m cho nh\u1eefng ch\u00e0ng trai \u0111ang mu\u1ed1n kh\u1eb3ng \u0111\u1ecbnh phong c\u00e1ch b\u1ea3n th\u00e2n.\" \/>\n<meta property=\"og:url\" content=\"https:\/\/pluginviet.com\/mau27\/san-pham\/tui-messenger-valentino-creations-lsb-230094-blk\/\" \/>\n<meta property=\"og:site_name\" content=\"Chuy\u00ean \u0111\u1ed3 da cao c\u1ea5p, gi\u00e0y da, t\u00fai x\u00e1ch, th\u1eaft l\u01b0ng, v\u00ed da\" \/>\n<meta property=\"article:modified_time\" content=\"2023-08-10T07:04:24+00:00\" \/>\n<meta property=\"og:image\" content=\"https:\/\/pluginviet.com\/mau27\/wp-content\/uploads\/2023\/08\/lsb-230064-black-1_0bb69251307d4262aeb96c1b9fc5bce1_master.jpg\" \/>\n\t<meta property=\"og:image:width\" content=\"800\" \/>\n\t<meta property=\"og:image:height\" content=\"800\" \/>\n\t<meta property=\"og:image:type\" content=\"image\/jpeg\" \/>\n<meta name=\"twitter:card\" content=\"summary_large_image\" \/>\n<script type=\"application\/ld+json\" class=\"yoast-schema-graph\">{\"@context\":\"https:\/\/schema.org\",\"@graph\":[{\"@type\":\"WebPage\",\"@id\":\"https:\/\/pluginviet.com\/mau27\/san-pham\/tui-messenger-valentino-creations-lsb-230094-blk\/\",\"url\":\"https:\/\/pluginviet.com\/mau27\/san-pham\/tui-messenger-valentino-creations-lsb-230094-blk\/\",\"name\":\"T\u00fai Messenger Valentino Creations - LSB-230094-BLK - Chuy\u00ean \u0111\u1ed3 da cao c\u1ea5p, gi\u00e0y da, t\u00fai x\u00e1ch, th\u1eaft l\u01b0ng, v\u00ed da\",\"isPartOf\":{\"@id\":\"https:\/\/pluginviet.com\/mau27\/#website\"},\"datePublished\":\"2023-08-08T08:09:20+00:00\",\"dateModified\":\"2023-08-10T07:04:24+00:00\",\"breadcrumb\":{\"@id\":\"https:\/\/pluginviet.com\/mau27\/san-pham\/tui-messenger-valentino-creations-lsb-230094-blk\/#breadcrumb\"},\"inLanguage\":\"vi\",\"potentialAction\":[{\"@type\":\"ReadAction\",\"target\":[\"https:\/\/pluginviet.com\/mau27\/san-pham\/tui-messenger-valentino-creations-lsb-230094-blk\/\"]}]},{\"@type\":\"BreadcrumbList\",\"@id\":\"https:\/\/pluginviet.com\/mau27\/san-pham\/tui-messenger-valentino-creations-lsb-230094-blk\/#breadcrumb\",\"itemListElement\":[{\"@type\":\"ListItem\",\"position\":1,\"name\":\"Trang ch\u1ee7\",\"item\":\"https:\/\/pluginviet.com\/mau27\/\"},{\"@type\":\"ListItem\",\"position\":2,\"name\":\"Shop\",\"item\":\"https:\/\/pluginviet.com\/mau27\/shop\/\"},{\"@type\":\"ListItem\",\"position\":3,\"name\":\"T\u00fai Messenger Valentino Creations &#8211; LSB-230094-BLK\"}]},{\"@type\":\"WebSite\",\"@id\":\"https:\/\/pluginviet.com\/mau27\/#website\",\"url\":\"https:\/\/pluginviet.com\/mau27\/\",\"name\":\"Chuy\u00ean \u0111\u1ed3 da cao c\u1ea5p, gi\u00e0y da, t\u00fai x\u00e1ch, th\u1eaft l\u01b0ng, v\u00ed da\",\"description\":\"\",\"potentialAction\":[{\"@type\":\"SearchAction\",\"target\":{\"@type\":\"EntryPoint\",\"urlTemplate\":\"https:\/\/pluginviet.com\/mau27\/?s={search_term_string}\"},\"query-input\":\"required name=search_term_string\"}],\"inLanguage\":\"vi\"}]}<\/script>\n<!-- \/ Yoast SEO plugin. -->","yoast_head_json":{"title":"T\u00fai Messenger Valentino Creations - LSB-230094-BLK - Chuy\u00ean \u0111\u1ed3 da cao c\u1ea5p, gi\u00e0y da, t\u00fai x\u00e1ch, th\u1eaft l\u01b0ng, v\u00ed da","robots":{"index":"index","follow":"follow","max-snippet":"max-snippet:-1","max-image-preview":"max-image-preview:large","max-video-preview":"max-video-preview:-1"},"canonical":"https:\/\/pluginviet.com\/mau27\/san-pham\/tui-messenger-valentino-creations-lsb-230094-blk\/","og_locale":"vi_VN","og_type":"article","og_title":"T\u00fai Messenger Valentino Creations - LSB-230094-BLK - Chuy\u00ean \u0111\u1ed3 da cao c\u1ea5p, gi\u00e0y da, t\u00fai x\u00e1ch, th\u1eaft l\u01b0ng, v\u00ed da","og_description":"T\u00fai \u0110eo Ch\u00e9o Valentino Creations - LSB-230094-BLK K\u00edch th\u01b0\u1edbc: 18x22x8cm M\u00e0u s\u1eafc: \u0110en Thi\u1ebft k\u1ebf t\u00fai x\u00e1ch messenger d\u00e0nh cho ch\u00e0ng trai n\u0103ng \u0111\u1ed9ng. S\u1ea3n ph\u1ea9m \u0111\u01b0\u1ee3c thi\u1ebft k\u1ebf t\u1eeb ch\u1ea5t li\u1ec7u da b\u00f2 th\u01b0\u1ee3ng h\u1ea1ng, c\u00f9ng s\u1ef1 ch\u1ec9n chu trong t\u1eebng \u0111\u01b0\u1eddng may gi\u00fap l\u00e0m n\u1ed5i b\u1eadt n\u00ean s\u1ef1 l\u1ecbch l\u00e3m cho nh\u1eefng ch\u00e0ng trai \u0111ang mu\u1ed1n kh\u1eb3ng \u0111\u1ecbnh phong c\u00e1ch b\u1ea3n th\u00e2n.","og_url":"https:\/\/pluginviet.com\/mau27\/san-pham\/tui-messenger-valentino-creations-lsb-230094-blk\/","og_site_name":"Chuy\u00ean \u0111\u1ed3 da cao c\u1ea5p, gi\u00e0y da, t\u00fai x\u00e1ch, th\u1eaft l\u01b0ng, v\u00ed da","article_modified_time":"2023-08-10T07:04:24+00:00","og_image":[{"width":800,"height":800,"url":"https:\/\/pluginviet.com\/mau27\/wp-content\/uploads\/2023\/08\/lsb-230064-black-1_0bb69251307d4262aeb96c1b9fc5bce1_master.jpg","type":"image\/jpeg"}],"twitter_card":"summary_large_image","schema":{"@context":"https:\/\/schema.org","@graph":[{"@type":"WebPage","@id":"https:\/\/pluginviet.com\/mau27\/san-pham\/tui-messenger-valentino-creations-lsb-230094-blk\/","url":"https:\/\/pluginviet.com\/mau27\/san-pham\/tui-messenger-valentino-creations-lsb-230094-blk\/","name":"T\u00fai Messenger Valentino Creations - LSB-230094-BLK - Chuy\u00ean \u0111\u1ed3 da cao c\u1ea5p, gi\u00e0y da, t\u00fai x\u00e1ch, th\u1eaft l\u01b0ng, v\u00ed da","isPartOf":{"@id":"https:\/\/pluginviet.com\/mau27\/#website"},"datePublished":"2023-08-08T08:09:20+00:00","dateModified":"2023-08-10T07:04:24+00:00","breadcrumb":{"@id":"https:\/\/pluginviet.com\/mau27\/san-pham\/tui-messenger-valentino-creations-lsb-230094-blk\/#breadcrumb"},"inLanguage":"vi","potentialAction":[{"@type":"ReadAction","target":["https:\/\/pluginviet.com\/mau27\/san-pham\/tui-messenger-valentino-creations-lsb-230094-blk\/"]}]},{"@type":"BreadcrumbList","@id":"https:\/\/pluginviet.com\/mau27\/san-pham\/tui-messenger-valentino-creations-lsb-230094-blk\/#breadcrumb","itemListElement":[{"@type":"ListItem","position":1,"name":"Trang ch\u1ee7","item":"https:\/\/pluginviet.com\/mau27\/"},{"@type":"ListItem","position":2,"name":"Shop","item":"https:\/\/pluginviet.com\/mau27\/shop\/"},{"@type":"ListItem","position":3,"name":"T\u00fai Messenger Valentino Creations &#8211; LSB-230094-BLK"}]},{"@type":"WebSite","@id":"https:\/\/pluginviet.com\/mau27\/#website","url":"https:\/\/pluginviet.com\/mau27\/","name":"Chuy\u00ean \u0111\u1ed3 da cao c\u1ea5p, gi\u00e0y da, t\u00fai x\u00e1ch, th\u1eaft l\u01b0ng, v\u00ed da","description":"","potentialAction":[{"@type":"SearchAction","target":{"@type":"EntryPoint","urlTemplate":"https:\/\/pluginviet.com\/mau27\/?s={search_term_string}"},"query-input":"required name=search_term_string"}],"inLanguage":"vi"}]}},"_links":{"self":[{"href":"https:\/\/pluginviet.com\/mau27\/wp-json\/wp\/v2\/product\/1855"}],"collection":[{"href":"https:\/\/pluginviet.com\/mau27\/wp-json\/wp\/v2\/product"}],"about":[{"href":"https:\/\/pluginviet.com\/mau27\/wp-json\/wp\/v2\/types\/product"}],"replies":[{"embeddable":true,"href":"https:\/\/pluginviet.com\/mau27\/wp-json\/wp\/v2\/comments?post=1855"}],"wp:featuredmedia":[{"embeddable":true,"href":"https:\/\/pluginviet.com\/mau27\/wp-json\/wp\/v2\/media\/1856"}],"wp:attachment":[{"href":"https:\/\/pluginviet.com\/mau27\/wp-json\/wp\/v2\/media?parent=1855"}],"wp:term":[{"taxonomy":"product_cat","embeddable":true,"href":"https:\/\/pluginviet.com\/mau27\/wp-json\/wp\/v2\/product_cat?post=1855"},{"taxonomy":"product_tag","embeddable":true,"href":"https:\/\/pluginviet.com\/mau27\/wp-json\/wp\/v2\/product_tag?post=1855"}],"curies":[{"name":"wp","href":"https:\/\/api.w.org\/{rel}","templated":true}]}}