{"id":1851,"date":"2023-08-08T15:07:45","date_gmt":"2023-08-08T08:07:45","guid":{"rendered":"http:\/\/depthoitrang.com\/lkleather\/?post_type=product&#038;p=1851"},"modified":"2023-08-10T14:01:41","modified_gmt":"2023-08-10T07:01:41","slug":"vi-nam-valentino-creations-lrm-230009z-blk","status":"publish","type":"product","link":"https:\/\/pluginviet.com\/mau27\/san-pham\/vi-nam-valentino-creations-lrm-230009z-blk\/","title":{"rendered":"V\u00ed Nam Valentino Creations &#8211; LRM-230009Z-BLK"},"content":{"rendered":"","protected":false},"excerpt":{"rendered":"<p>V\u00ed Nam Valentino Creations &#8211; LRM-230009Z-BLK<\/p>\n<p>V\u00ed da nam sang tr\u1ecdng t\u1eeb th\u01b0\u01a1ng hi\u1ec7u Valentino Creations<\/p>\n<p>Thi\u1ebft k\u1ebf d\u00e1ng ngang tr\u1ebb trung.<\/p>\n<p>Ch\u1ea5t li\u1ec7u: da b\u00f2\u00a0\u0111\u01b0\u1ee3c d\u1eadp v\u00e2n sang tr\u1ecdng<\/p>\n<p>K\u00edch th\u01b0\u1edbc: 23.5 x 10 cm<\/p>\n","protected":false},"featured_media":1852,"comment_status":"open","ping_status":"closed","template":"","meta":[],"product_cat":[15,179],"product_tag":[],"yoast_head":"<!-- This site is optimized with the Yoast SEO plugin v20.13 - https:\/\/yoast.com\/wordpress\/plugins\/seo\/ -->\n<title>V\u00ed Nam Valentino Creations - LRM-230009Z-BLK - Chuy\u00ean \u0111\u1ed3 da cao c\u1ea5p, gi\u00e0y da, t\u00fai x\u00e1ch, th\u1eaft l\u01b0ng, v\u00ed da<\/title>\n<meta name=\"robots\" content=\"index, follow, max-snippet:-1, max-image-preview:large, max-video-preview:-1\" \/>\n<link rel=\"canonical\" href=\"https:\/\/pluginviet.com\/mau27\/san-pham\/vi-nam-valentino-creations-lrm-230009z-blk\/\" \/>\n<meta property=\"og:locale\" content=\"vi_VN\" \/>\n<meta property=\"og:type\" content=\"article\" \/>\n<meta property=\"og:title\" content=\"V\u00ed Nam Valentino Creations - LRM-230009Z-BLK - Chuy\u00ean \u0111\u1ed3 da cao c\u1ea5p, gi\u00e0y da, t\u00fai x\u00e1ch, th\u1eaft l\u01b0ng, v\u00ed da\" \/>\n<meta property=\"og:description\" content=\"V\u00ed Nam Valentino Creations - LRM-230009Z-BLK  V\u00ed da nam sang tr\u1ecdng t\u1eeb th\u01b0\u01a1ng hi\u1ec7u Valentino Creations  Thi\u1ebft k\u1ebf d\u00e1ng ngang tr\u1ebb trung.  Ch\u1ea5t li\u1ec7u: da b\u00f2\u00a0\u0111\u01b0\u1ee3c d\u1eadp v\u00e2n sang tr\u1ecdng  K\u00edch th\u01b0\u1edbc: 23.5 x 10 cm\" \/>\n<meta property=\"og:url\" content=\"https:\/\/pluginviet.com\/mau27\/san-pham\/vi-nam-valentino-creations-lrm-230009z-blk\/\" \/>\n<meta property=\"og:site_name\" content=\"Chuy\u00ean \u0111\u1ed3 da cao c\u1ea5p, gi\u00e0y da, t\u00fai x\u00e1ch, th\u1eaft l\u01b0ng, v\u00ed da\" \/>\n<meta property=\"article:modified_time\" content=\"2023-08-10T07:01:41+00:00\" \/>\n<meta property=\"og:image\" content=\"https:\/\/pluginviet.com\/mau27\/wp-content\/uploads\/2023\/08\/lrm-230009z-blk_1_8d144ea741324fad8a69fb278d26a18a_master.jpg\" \/>\n\t<meta property=\"og:image:width\" content=\"800\" \/>\n\t<meta property=\"og:image:height\" content=\"800\" \/>\n\t<meta property=\"og:image:type\" content=\"image\/jpeg\" \/>\n<meta name=\"twitter:card\" content=\"summary_large_image\" \/>\n<script type=\"application\/ld+json\" class=\"yoast-schema-graph\">{\"@context\":\"https:\/\/schema.org\",\"@graph\":[{\"@type\":\"WebPage\",\"@id\":\"https:\/\/pluginviet.com\/mau27\/san-pham\/vi-nam-valentino-creations-lrm-230009z-blk\/\",\"url\":\"https:\/\/pluginviet.com\/mau27\/san-pham\/vi-nam-valentino-creations-lrm-230009z-blk\/\",\"name\":\"V\u00ed Nam Valentino Creations - LRM-230009Z-BLK - Chuy\u00ean \u0111\u1ed3 da cao c\u1ea5p, gi\u00e0y da, t\u00fai x\u00e1ch, th\u1eaft l\u01b0ng, v\u00ed da\",\"isPartOf\":{\"@id\":\"https:\/\/pluginviet.com\/mau27\/#website\"},\"datePublished\":\"2023-08-08T08:07:45+00:00\",\"dateModified\":\"2023-08-10T07:01:41+00:00\",\"breadcrumb\":{\"@id\":\"https:\/\/pluginviet.com\/mau27\/san-pham\/vi-nam-valentino-creations-lrm-230009z-blk\/#breadcrumb\"},\"inLanguage\":\"vi\",\"potentialAction\":[{\"@type\":\"ReadAction\",\"target\":[\"https:\/\/pluginviet.com\/mau27\/san-pham\/vi-nam-valentino-creations-lrm-230009z-blk\/\"]}]},{\"@type\":\"BreadcrumbList\",\"@id\":\"https:\/\/pluginviet.com\/mau27\/san-pham\/vi-nam-valentino-creations-lrm-230009z-blk\/#breadcrumb\",\"itemListElement\":[{\"@type\":\"ListItem\",\"position\":1,\"name\":\"Trang ch\u1ee7\",\"item\":\"https:\/\/pluginviet.com\/mau27\/\"},{\"@type\":\"ListItem\",\"position\":2,\"name\":\"Shop\",\"item\":\"https:\/\/pluginviet.com\/mau27\/shop\/\"},{\"@type\":\"ListItem\",\"position\":3,\"name\":\"V\u00ed Nam Valentino Creations &#8211; LRM-230009Z-BLK\"}]},{\"@type\":\"WebSite\",\"@id\":\"https:\/\/pluginviet.com\/mau27\/#website\",\"url\":\"https:\/\/pluginviet.com\/mau27\/\",\"name\":\"Chuy\u00ean \u0111\u1ed3 da cao c\u1ea5p, gi\u00e0y da, t\u00fai x\u00e1ch, th\u1eaft l\u01b0ng, v\u00ed da\",\"description\":\"\",\"potentialAction\":[{\"@type\":\"SearchAction\",\"target\":{\"@type\":\"EntryPoint\",\"urlTemplate\":\"https:\/\/pluginviet.com\/mau27\/?s={search_term_string}\"},\"query-input\":\"required name=search_term_string\"}],\"inLanguage\":\"vi\"}]}<\/script>\n<!-- \/ Yoast SEO plugin. -->","yoast_head_json":{"title":"V\u00ed Nam Valentino Creations - LRM-230009Z-BLK - Chuy\u00ean \u0111\u1ed3 da cao c\u1ea5p, gi\u00e0y da, t\u00fai x\u00e1ch, th\u1eaft l\u01b0ng, v\u00ed da","robots":{"index":"index","follow":"follow","max-snippet":"max-snippet:-1","max-image-preview":"max-image-preview:large","max-video-preview":"max-video-preview:-1"},"canonical":"https:\/\/pluginviet.com\/mau27\/san-pham\/vi-nam-valentino-creations-lrm-230009z-blk\/","og_locale":"vi_VN","og_type":"article","og_title":"V\u00ed Nam Valentino Creations - LRM-230009Z-BLK - Chuy\u00ean \u0111\u1ed3 da cao c\u1ea5p, gi\u00e0y da, t\u00fai x\u00e1ch, th\u1eaft l\u01b0ng, v\u00ed da","og_description":"V\u00ed Nam Valentino Creations - LRM-230009Z-BLK  V\u00ed da nam sang tr\u1ecdng t\u1eeb th\u01b0\u01a1ng hi\u1ec7u Valentino Creations  Thi\u1ebft k\u1ebf d\u00e1ng ngang tr\u1ebb trung.  Ch\u1ea5t li\u1ec7u: da b\u00f2\u00a0\u0111\u01b0\u1ee3c d\u1eadp v\u00e2n sang tr\u1ecdng  K\u00edch th\u01b0\u1edbc: 23.5 x 10 cm","og_url":"https:\/\/pluginviet.com\/mau27\/san-pham\/vi-nam-valentino-creations-lrm-230009z-blk\/","og_site_name":"Chuy\u00ean \u0111\u1ed3 da cao c\u1ea5p, gi\u00e0y da, t\u00fai x\u00e1ch, th\u1eaft l\u01b0ng, v\u00ed da","article_modified_time":"2023-08-10T07:01:41+00:00","og_image":[{"width":800,"height":800,"url":"https:\/\/pluginviet.com\/mau27\/wp-content\/uploads\/2023\/08\/lrm-230009z-blk_1_8d144ea741324fad8a69fb278d26a18a_master.jpg","type":"image\/jpeg"}],"twitter_card":"summary_large_image","schema":{"@context":"https:\/\/schema.org","@graph":[{"@type":"WebPage","@id":"https:\/\/pluginviet.com\/mau27\/san-pham\/vi-nam-valentino-creations-lrm-230009z-blk\/","url":"https:\/\/pluginviet.com\/mau27\/san-pham\/vi-nam-valentino-creations-lrm-230009z-blk\/","name":"V\u00ed Nam Valentino Creations - LRM-230009Z-BLK - Chuy\u00ean \u0111\u1ed3 da cao c\u1ea5p, gi\u00e0y da, t\u00fai x\u00e1ch, th\u1eaft l\u01b0ng, v\u00ed da","isPartOf":{"@id":"https:\/\/pluginviet.com\/mau27\/#website"},"datePublished":"2023-08-08T08:07:45+00:00","dateModified":"2023-08-10T07:01:41+00:00","breadcrumb":{"@id":"https:\/\/pluginviet.com\/mau27\/san-pham\/vi-nam-valentino-creations-lrm-230009z-blk\/#breadcrumb"},"inLanguage":"vi","potentialAction":[{"@type":"ReadAction","target":["https:\/\/pluginviet.com\/mau27\/san-pham\/vi-nam-valentino-creations-lrm-230009z-blk\/"]}]},{"@type":"BreadcrumbList","@id":"https:\/\/pluginviet.com\/mau27\/san-pham\/vi-nam-valentino-creations-lrm-230009z-blk\/#breadcrumb","itemListElement":[{"@type":"ListItem","position":1,"name":"Trang ch\u1ee7","item":"https:\/\/pluginviet.com\/mau27\/"},{"@type":"ListItem","position":2,"name":"Shop","item":"https:\/\/pluginviet.com\/mau27\/shop\/"},{"@type":"ListItem","position":3,"name":"V\u00ed Nam Valentino Creations &#8211; LRM-230009Z-BLK"}]},{"@type":"WebSite","@id":"https:\/\/pluginviet.com\/mau27\/#website","url":"https:\/\/pluginviet.com\/mau27\/","name":"Chuy\u00ean \u0111\u1ed3 da cao c\u1ea5p, gi\u00e0y da, t\u00fai x\u00e1ch, th\u1eaft l\u01b0ng, v\u00ed da","description":"","potentialAction":[{"@type":"SearchAction","target":{"@type":"EntryPoint","urlTemplate":"https:\/\/pluginviet.com\/mau27\/?s={search_term_string}"},"query-input":"required name=search_term_string"}],"inLanguage":"vi"}]}},"_links":{"self":[{"href":"https:\/\/pluginviet.com\/mau27\/wp-json\/wp\/v2\/product\/1851"}],"collection":[{"href":"https:\/\/pluginviet.com\/mau27\/wp-json\/wp\/v2\/product"}],"about":[{"href":"https:\/\/pluginviet.com\/mau27\/wp-json\/wp\/v2\/types\/product"}],"replies":[{"embeddable":true,"href":"https:\/\/pluginviet.com\/mau27\/wp-json\/wp\/v2\/comments?post=1851"}],"wp:featuredmedia":[{"embeddable":true,"href":"https:\/\/pluginviet.com\/mau27\/wp-json\/wp\/v2\/media\/1852"}],"wp:attachment":[{"href":"https:\/\/pluginviet.com\/mau27\/wp-json\/wp\/v2\/media?parent=1851"}],"wp:term":[{"taxonomy":"product_cat","embeddable":true,"href":"https:\/\/pluginviet.com\/mau27\/wp-json\/wp\/v2\/product_cat?post=1851"},{"taxonomy":"product_tag","embeddable":true,"href":"https:\/\/pluginviet.com\/mau27\/wp-json\/wp\/v2\/product_tag?post=1851"}],"curies":[{"name":"wp","href":"https:\/\/api.w.org\/{rel}","templated":true}]}}