{"id":60,"date":"2015-11-19T10:40:52","date_gmt":"2015-11-19T10:40:52","guid":{"rendered":"http:\/\/flatsome.dev\/my-account\/"},"modified":"2015-11-19T10:40:52","modified_gmt":"2015-11-19T10:40:52","slug":"my-account","status":"publish","type":"page","link":"https:\/\/pluginviet.com\/mau27\/my-account\/","title":{"rendered":"My Account"},"content":{"rendered":"<div class=\"woocommerce\"><\/div>\n","protected":false},"excerpt":{"rendered":"","protected":false},"author":2,"featured_media":0,"parent":0,"menu_order":0,"comment_status":"closed","ping_status":"closed","template":"","meta":{"footnotes":""},"yoast_head":"<!-- This site is optimized with the Yoast SEO plugin v20.13 - https:\/\/yoast.com\/wordpress\/plugins\/seo\/ -->\n<title>Chuy\u00ean \u0111\u1ed3 da cao c\u1ea5p, gi\u00e0y da, t\u00fai x\u00e1ch, th\u1eaft l\u01b0ng, v\u00ed da<\/title>\n<meta name=\"robots\" content=\"index, follow, max-snippet:-1, max-image-preview:large, max-video-preview:-1\" \/>\n<link rel=\"canonical\" href=\"https:\/\/pluginviet.com\/mau27\/my-account\/\" \/>\n<meta property=\"og:locale\" content=\"vi_VN\" \/>\n<meta property=\"og:type\" content=\"article\" \/>\n<meta property=\"og:title\" content=\"Chuy\u00ean \u0111\u1ed3 da cao c\u1ea5p, gi\u00e0y da, t\u00fai x\u00e1ch, th\u1eaft l\u01b0ng, v\u00ed da\" \/>\n<meta property=\"og:url\" content=\"https:\/\/pluginviet.com\/mau27\/my-account\/\" \/>\n<meta property=\"og:site_name\" content=\"Chuy\u00ean \u0111\u1ed3 da cao c\u1ea5p, gi\u00e0y da, t\u00fai x\u00e1ch, th\u1eaft l\u01b0ng, v\u00ed da\" \/>\n<meta name=\"twitter:card\" content=\"summary_large_image\" \/>\n<script type=\"application\/ld+json\" class=\"yoast-schema-graph\">{\"@context\":\"https:\/\/schema.org\",\"@graph\":[{\"@type\":\"WebPage\",\"@id\":\"https:\/\/pluginviet.com\/mau27\/my-account\/\",\"url\":\"https:\/\/pluginviet.com\/mau27\/my-account\/\",\"name\":\"Chuy\u00ean \u0111\u1ed3 da cao c\u1ea5p, gi\u00e0y da, t\u00fai x\u00e1ch, th\u1eaft l\u01b0ng, v\u00ed da\",\"isPartOf\":{\"@id\":\"https:\/\/pluginviet.com\/mau27\/#website\"},\"datePublished\":\"2015-11-19T10:40:52+00:00\",\"dateModified\":\"2015-11-19T10:40:52+00:00\",\"breadcrumb\":{\"@id\":\"https:\/\/pluginviet.com\/mau27\/my-account\/#breadcrumb\"},\"inLanguage\":\"vi\",\"potentialAction\":[{\"@type\":\"ReadAction\",\"target\":[\"https:\/\/pluginviet.com\/mau27\/my-account\/\"]}]},{\"@type\":\"BreadcrumbList\",\"@id\":\"https:\/\/pluginviet.com\/mau27\/my-account\/#breadcrumb\",\"itemListElement\":[{\"@type\":\"ListItem\",\"position\":1,\"name\":\"Trang ch\u1ee7\",\"item\":\"https:\/\/pluginviet.com\/mau27\/\"},{\"@type\":\"ListItem\",\"position\":2,\"name\":\"My Account\"}]},{\"@type\":\"WebSite\",\"@id\":\"https:\/\/pluginviet.com\/mau27\/#website\",\"url\":\"https:\/\/pluginviet.com\/mau27\/\",\"name\":\"Chuy\u00ean \u0111\u1ed3 da cao c\u1ea5p, gi\u00e0y da, t\u00fai x\u00e1ch, th\u1eaft l\u01b0ng, v\u00ed da\",\"description\":\"\",\"potentialAction\":[{\"@type\":\"SearchAction\",\"target\":{\"@type\":\"EntryPoint\",\"urlTemplate\":\"https:\/\/pluginviet.com\/mau27\/?s={search_term_string}\"},\"query-input\":\"required name=search_term_string\"}],\"inLanguage\":\"vi\"}]}<\/script>\n<!-- \/ Yoast SEO plugin. -->","yoast_head_json":{"title":"Chuy\u00ean \u0111\u1ed3 da cao c\u1ea5p, gi\u00e0y da, t\u00fai x\u00e1ch, th\u1eaft l\u01b0ng, v\u00ed da","robots":{"index":"index","follow":"follow","max-snippet":"max-snippet:-1","max-image-preview":"max-image-preview:large","max-video-preview":"max-video-preview:-1"},"canonical":"https:\/\/pluginviet.com\/mau27\/my-account\/","og_locale":"vi_VN","og_type":"article","og_title":"Chuy\u00ean \u0111\u1ed3 da cao c\u1ea5p, gi\u00e0y da, t\u00fai x\u00e1ch, th\u1eaft l\u01b0ng, v\u00ed da","og_url":"https:\/\/pluginviet.com\/mau27\/my-account\/","og_site_name":"Chuy\u00ean \u0111\u1ed3 da cao c\u1ea5p, gi\u00e0y da, t\u00fai x\u00e1ch, th\u1eaft l\u01b0ng, v\u00ed da","twitter_card":"summary_large_image","schema":{"@context":"https:\/\/schema.org","@graph":[{"@type":"WebPage","@id":"https:\/\/pluginviet.com\/mau27\/my-account\/","url":"https:\/\/pluginviet.com\/mau27\/my-account\/","name":"Chuy\u00ean \u0111\u1ed3 da cao c\u1ea5p, gi\u00e0y da, t\u00fai x\u00e1ch, th\u1eaft l\u01b0ng, v\u00ed da","isPartOf":{"@id":"https:\/\/pluginviet.com\/mau27\/#website"},"datePublished":"2015-11-19T10:40:52+00:00","dateModified":"2015-11-19T10:40:52+00:00","breadcrumb":{"@id":"https:\/\/pluginviet.com\/mau27\/my-account\/#breadcrumb"},"inLanguage":"vi","potentialAction":[{"@type":"ReadAction","target":["https:\/\/pluginviet.com\/mau27\/my-account\/"]}]},{"@type":"BreadcrumbList","@id":"https:\/\/pluginviet.com\/mau27\/my-account\/#breadcrumb","itemListElement":[{"@type":"ListItem","position":1,"name":"Trang ch\u1ee7","item":"https:\/\/pluginviet.com\/mau27\/"},{"@type":"ListItem","position":2,"name":"My Account"}]},{"@type":"WebSite","@id":"https:\/\/pluginviet.com\/mau27\/#website","url":"https:\/\/pluginviet.com\/mau27\/","name":"Chuy\u00ean \u0111\u1ed3 da cao c\u1ea5p, gi\u00e0y da, t\u00fai x\u00e1ch, th\u1eaft l\u01b0ng, v\u00ed da","description":"","potentialAction":[{"@type":"SearchAction","target":{"@type":"EntryPoint","urlTemplate":"https:\/\/pluginviet.com\/mau27\/?s={search_term_string}"},"query-input":"required name=search_term_string"}],"inLanguage":"vi"}]}},"_links":{"self":[{"href":"https:\/\/pluginviet.com\/mau27\/wp-json\/wp\/v2\/pages\/60"}],"collection":[{"href":"https:\/\/pluginviet.com\/mau27\/wp-json\/wp\/v2\/pages"}],"about":[{"href":"https:\/\/pluginviet.com\/mau27\/wp-json\/wp\/v2\/types\/page"}],"author":[{"embeddable":true,"href":"https:\/\/pluginviet.com\/mau27\/wp-json\/wp\/v2\/users\/2"}],"replies":[{"embeddable":true,"href":"https:\/\/pluginviet.com\/mau27\/wp-json\/wp\/v2\/comments?post=60"}],"version-history":[{"count":0,"href":"https:\/\/pluginviet.com\/mau27\/wp-json\/wp\/v2\/pages\/60\/revisions"}],"wp:attachment":[{"href":"https:\/\/pluginviet.com\/mau27\/wp-json\/wp\/v2\/media?parent=60"}],"curies":[{"name":"wp","href":"https:\/\/api.w.org\/{rel}","templated":true}]}}