{"id":510,"date":"2019-03-06T08:02:47","date_gmt":"2019-03-06T08:02:47","guid":{"rendered":"http:\/\/khomaudep.com\/giadung\/?page_id=510"},"modified":"2023-08-08T10:40:33","modified_gmt":"2023-08-08T03:40:33","slug":"lien-he","status":"publish","type":"page","link":"https:\/\/pluginviet.com\/mau27\/lien-he\/","title":{"rendered":"Li\u00ean h\u1ec7"},"content":{"rendered":"<div class=\"row\"  id=\"row-1454150202\">\n\n\t<div id=\"col-1964975426\" class=\"col small-12 large-12\"  >\n\t\t\t\t<div class=\"col-inner\"  >\n\t\t\t\n\t\t\t\n<h2>LK.LEATHER &#8211; CHUY\u00caN \u0110\u1ed2 DA NAM CAO C\u1ea4P<\/h2>\n<p>Hotline : 088.6666.183<\/p>\n<p>Email: dodathatlk.leather@gmail.com<\/p>\n<p>\u0110\u1ecba ch\u1ec9: S\u1ed1 87\/43 T\u00e2n Xu\u00e2n, Xu\u00e2n \u0110\u1ec9nh, B\u1eafc T\u1eeb Li\u00eam, H\u00e0 N\u1ed9i, Vi\u1ec7t Nam<\/p>\n\t\t<\/div>\n\t\t\t\t\t<\/div>\n\n\t\n<\/div>\n","protected":false},"excerpt":{"rendered":"","protected":false},"author":2,"featured_media":0,"parent":0,"menu_order":0,"comment_status":"closed","ping_status":"closed","template":"","meta":{"footnotes":""},"yoast_head":"<!-- This site is optimized with the Yoast SEO plugin v20.13 - https:\/\/yoast.com\/wordpress\/plugins\/seo\/ -->\n<title>Chuy\u00ean \u0111\u1ed3 da cao c\u1ea5p, gi\u00e0y da, t\u00fai x\u00e1ch, th\u1eaft l\u01b0ng, v\u00ed da<\/title>\n<meta name=\"robots\" content=\"index, follow, max-snippet:-1, max-image-preview:large, max-video-preview:-1\" \/>\n<link rel=\"canonical\" href=\"https:\/\/pluginviet.com\/mau27\/lien-he\/\" \/>\n<meta property=\"og:locale\" content=\"vi_VN\" \/>\n<meta property=\"og:type\" content=\"article\" \/>\n<meta property=\"og:title\" content=\"Chuy\u00ean \u0111\u1ed3 da cao c\u1ea5p, gi\u00e0y da, t\u00fai x\u00e1ch, th\u1eaft l\u01b0ng, v\u00ed da\" \/>\n<meta property=\"og:url\" content=\"https:\/\/pluginviet.com\/mau27\/lien-he\/\" \/>\n<meta property=\"og:site_name\" content=\"Chuy\u00ean \u0111\u1ed3 da cao c\u1ea5p, gi\u00e0y da, t\u00fai x\u00e1ch, th\u1eaft l\u01b0ng, v\u00ed da\" \/>\n<meta property=\"article:modified_time\" content=\"2023-08-08T03:40:33+00:00\" \/>\n<meta name=\"twitter:card\" content=\"summary_large_image\" \/>\n<script type=\"application\/ld+json\" class=\"yoast-schema-graph\">{\"@context\":\"https:\/\/schema.org\",\"@graph\":[{\"@type\":\"WebPage\",\"@id\":\"https:\/\/pluginviet.com\/mau27\/lien-he\/\",\"url\":\"https:\/\/pluginviet.com\/mau27\/lien-he\/\",\"name\":\"Chuy\u00ean \u0111\u1ed3 da cao c\u1ea5p, gi\u00e0y da, t\u00fai x\u00e1ch, th\u1eaft l\u01b0ng, v\u00ed da\",\"isPartOf\":{\"@id\":\"https:\/\/pluginviet.com\/mau27\/#website\"},\"datePublished\":\"2019-03-06T08:02:47+00:00\",\"dateModified\":\"2023-08-08T03:40:33+00:00\",\"breadcrumb\":{\"@id\":\"https:\/\/pluginviet.com\/mau27\/lien-he\/#breadcrumb\"},\"inLanguage\":\"vi\",\"potentialAction\":[{\"@type\":\"ReadAction\",\"target\":[\"https:\/\/pluginviet.com\/mau27\/lien-he\/\"]}]},{\"@type\":\"BreadcrumbList\",\"@id\":\"https:\/\/pluginviet.com\/mau27\/lien-he\/#breadcrumb\",\"itemListElement\":[{\"@type\":\"ListItem\",\"position\":1,\"name\":\"Trang ch\u1ee7\",\"item\":\"https:\/\/pluginviet.com\/mau27\/\"},{\"@type\":\"ListItem\",\"position\":2,\"name\":\"Li\u00ean h\u1ec7\"}]},{\"@type\":\"WebSite\",\"@id\":\"https:\/\/pluginviet.com\/mau27\/#website\",\"url\":\"https:\/\/pluginviet.com\/mau27\/\",\"name\":\"Chuy\u00ean \u0111\u1ed3 da cao c\u1ea5p, gi\u00e0y da, t\u00fai x\u00e1ch, th\u1eaft l\u01b0ng, v\u00ed da\",\"description\":\"\",\"potentialAction\":[{\"@type\":\"SearchAction\",\"target\":{\"@type\":\"EntryPoint\",\"urlTemplate\":\"https:\/\/pluginviet.com\/mau27\/?s={search_term_string}\"},\"query-input\":\"required name=search_term_string\"}],\"inLanguage\":\"vi\"}]}<\/script>\n<!-- \/ Yoast SEO plugin. -->","yoast_head_json":{"title":"Chuy\u00ean \u0111\u1ed3 da cao c\u1ea5p, gi\u00e0y da, t\u00fai x\u00e1ch, th\u1eaft l\u01b0ng, v\u00ed da","robots":{"index":"index","follow":"follow","max-snippet":"max-snippet:-1","max-image-preview":"max-image-preview:large","max-video-preview":"max-video-preview:-1"},"canonical":"https:\/\/pluginviet.com\/mau27\/lien-he\/","og_locale":"vi_VN","og_type":"article","og_title":"Chuy\u00ean \u0111\u1ed3 da cao c\u1ea5p, gi\u00e0y da, t\u00fai x\u00e1ch, th\u1eaft l\u01b0ng, v\u00ed da","og_url":"https:\/\/pluginviet.com\/mau27\/lien-he\/","og_site_name":"Chuy\u00ean \u0111\u1ed3 da cao c\u1ea5p, gi\u00e0y da, t\u00fai x\u00e1ch, th\u1eaft l\u01b0ng, v\u00ed da","article_modified_time":"2023-08-08T03:40:33+00:00","twitter_card":"summary_large_image","schema":{"@context":"https:\/\/schema.org","@graph":[{"@type":"WebPage","@id":"https:\/\/pluginviet.com\/mau27\/lien-he\/","url":"https:\/\/pluginviet.com\/mau27\/lien-he\/","name":"Chuy\u00ean \u0111\u1ed3 da cao c\u1ea5p, gi\u00e0y da, t\u00fai x\u00e1ch, th\u1eaft l\u01b0ng, v\u00ed da","isPartOf":{"@id":"https:\/\/pluginviet.com\/mau27\/#website"},"datePublished":"2019-03-06T08:02:47+00:00","dateModified":"2023-08-08T03:40:33+00:00","breadcrumb":{"@id":"https:\/\/pluginviet.com\/mau27\/lien-he\/#breadcrumb"},"inLanguage":"vi","potentialAction":[{"@type":"ReadAction","target":["https:\/\/pluginviet.com\/mau27\/lien-he\/"]}]},{"@type":"BreadcrumbList","@id":"https:\/\/pluginviet.com\/mau27\/lien-he\/#breadcrumb","itemListElement":[{"@type":"ListItem","position":1,"name":"Trang ch\u1ee7","item":"https:\/\/pluginviet.com\/mau27\/"},{"@type":"ListItem","position":2,"name":"Li\u00ean h\u1ec7"}]},{"@type":"WebSite","@id":"https:\/\/pluginviet.com\/mau27\/#website","url":"https:\/\/pluginviet.com\/mau27\/","name":"Chuy\u00ean \u0111\u1ed3 da cao c\u1ea5p, gi\u00e0y da, t\u00fai x\u00e1ch, th\u1eaft l\u01b0ng, v\u00ed da","description":"","potentialAction":[{"@type":"SearchAction","target":{"@type":"EntryPoint","urlTemplate":"https:\/\/pluginviet.com\/mau27\/?s={search_term_string}"},"query-input":"required name=search_term_string"}],"inLanguage":"vi"}]}},"_links":{"self":[{"href":"https:\/\/pluginviet.com\/mau27\/wp-json\/wp\/v2\/pages\/510"}],"collection":[{"href":"https:\/\/pluginviet.com\/mau27\/wp-json\/wp\/v2\/pages"}],"about":[{"href":"https:\/\/pluginviet.com\/mau27\/wp-json\/wp\/v2\/types\/page"}],"author":[{"embeddable":true,"href":"https:\/\/pluginviet.com\/mau27\/wp-json\/wp\/v2\/users\/2"}],"replies":[{"embeddable":true,"href":"https:\/\/pluginviet.com\/mau27\/wp-json\/wp\/v2\/comments?post=510"}],"version-history":[{"count":12,"href":"https:\/\/pluginviet.com\/mau27\/wp-json\/wp\/v2\/pages\/510\/revisions"}],"predecessor-version":[{"id":1788,"href":"https:\/\/pluginviet.com\/mau27\/wp-json\/wp\/v2\/pages\/510\/revisions\/1788"}],"wp:attachment":[{"href":"https:\/\/pluginviet.com\/mau27\/wp-json\/wp\/v2\/media?parent=510"}],"curies":[{"name":"wp","href":"https:\/\/api.w.org\/{rel}","templated":true}]}}