{"id":1914,"date":"2023-06-10T18:07:18","date_gmt":"2023-06-10T11:07:18","guid":{"rendered":"https:\/\/depthoitrang.com\/classic\/?post_type=product&#038;p=1914"},"modified":"2023-06-11T00:08:32","modified_gmt":"2023-06-10T17:08:32","slug":"sap-vuot-toc-urban-primate-organic-clay-2","status":"publish","type":"product","link":"https:\/\/pluginviet.com\/mau26\/san-pham\/sap-vuot-toc-urban-primate-organic-clay-2\/","title":{"rendered":"S\u00e1p vu\u1ed1t t\u00f3c Urban Primate Organic Clay"},"content":{"rendered":"<p>Urban Primate Organic Clay l\u00e0 m\u1ed9t s\u1ea3n ph\u1ea9m s\u00e1p vu\u1ed1t t\u00f3c t\u1ef1 nhi\u00ean v\u1edbi th\u00e0nh ph\u1ea7n h\u1eefu c\u01a1, \u0111\u01b0\u1ee3c thi\u1ebft k\u1ebf \u0111\u1ec3 mang l\u1ea1i s\u1ef1 ki\u1ec3m so\u00e1t v\u00e0 \u0111\u1ecbnh h\u00ecnh t\u00f3c tuy\u1ec7t v\u1eddi trong khi duy tr\u00ec \u0111\u1ed9 m\u1ec1m m\u1ea1i v\u00e0 b\u00f3ng t\u1ef1 nhi\u00ean.<\/p>\n<p>V\u1edbi Urban Primate Organic Clay, b\u1ea1n s\u1ebd t\u1eadn h\u01b0\u1edfng m\u1ed9t tr\u1ea3i nghi\u1ec7m t\u1ea1o ki\u1ec3u t\u00f3c \u0111\u1ed9c \u0111\u00e1o v\u00e0 ch\u1ea5t l\u01b0\u1ee3ng. S\u1ea3n ph\u1ea9m n\u00e0y \u0111\u01b0\u1ee3c l\u00e0m t\u1eeb c\u00e1c th\u00e0nh ph\u1ea7n h\u1eefu c\u01a1 t\u1ef1 nhi\u00ean nh\u01b0 s\u00e1p ong, b\u00f9n kho\u00e1ng v\u00e0 c\u00e1c chi\u1ebft xu\u1ea5t th\u1ef1c v\u1eadt, gi\u00fap nu\u00f4i d\u01b0\u1ee1ng v\u00e0 b\u1ea3o v\u1ec7 t\u00f3c c\u1ee7a b\u1ea1n trong qu\u00e1 tr\u00ecnh s\u1eed d\u1ee5ng. Kh\u00f4ng ch\u1ee9a c\u00e1c h\u1ee3p ch\u1ea5t h\u00f3a h\u1ecdc \u0111\u1ed9c h\u1ea1i, Urban Primate Organic Clay l\u00e0 m\u1ed9t l\u1ef1a ch\u1ecdn an to\u00e0n v\u00e0 l\u00e0nh t\u00ednh cho t\u00f3c v\u00e0 da \u0111\u1ea7u c\u1ee7a b\u1ea1n.<\/p>\n","protected":false},"excerpt":{"rendered":"<p>Urban Primate Organic Clay l\u00e0 m\u1ed9t s\u1ea3n ph\u1ea9m s\u00e1p vu\u1ed1t t\u00f3c t\u1ef1 nhi\u00ean v\u1edbi th\u00e0nh ph\u1ea7n h\u1eefu c\u01a1, \u0111\u01b0\u1ee3c thi\u1ebft k\u1ebf \u0111\u1ec3 mang l\u1ea1i s\u1ef1 ki\u1ec3m so\u00e1t v\u00e0 \u0111\u1ecbnh h\u00ecnh t\u00f3c tuy\u1ec7t v\u1eddi trong khi duy tr\u00ec \u0111\u1ed9 m\u1ec1m m\u1ea1i v\u00e0 b\u00f3ng t\u1ef1 nhi\u00ean. V\u1edbi Urban Primate Organic Clay, b\u1ea1n s\u1ebd t\u1eadn h\u01b0\u1edfng m\u1ed9t tr\u1ea3i [&#8230;]\n","protected":false},"featured_media":1797,"comment_status":"open","ping_status":"closed","template":"","meta":[],"product_brand":[],"product_cat":[15,179],"product_tag":[],"berocket_brand":[201],"class_list":{"0":"post-1914","1":"product","2":"type-product","3":"status-publish","4":"has-post-thumbnail","6":"product_cat-thuong-hieu","7":"product_cat-sap-vuot-toc","8":"berocket_brand-urban-primate","10":"first","11":"instock","12":"shipping-taxable","13":"purchasable","14":"product-type-simple"},"yoast_head":"<!-- This site is optimized with the Yoast SEO plugin v24.8.1 - https:\/\/yoast.com\/wordpress\/plugins\/seo\/ -->\n<title>S\u00e1p vu\u1ed1t t\u00f3c Urban Primate Organic Clay - Ho\u00e0ng S\u01a1n - M\u1ef9 ph\u1ea9m nam<\/title>\n<meta name=\"robots\" content=\"index, follow, max-snippet:-1, max-image-preview:large, max-video-preview:-1\" \/>\n<link rel=\"canonical\" href=\"https:\/\/pluginviet.com\/mau26\/san-pham\/sap-vuot-toc-urban-primate-organic-clay-2\/\" \/>\n<meta property=\"og:locale\" content=\"vi_VN\" \/>\n<meta property=\"og:type\" content=\"article\" \/>\n<meta property=\"og:title\" content=\"S\u00e1p vu\u1ed1t t\u00f3c Urban Primate Organic Clay - Ho\u00e0ng S\u01a1n - M\u1ef9 ph\u1ea9m nam\" \/>\n<meta property=\"og:description\" content=\"Urban Primate Organic Clay l\u00e0 m\u1ed9t s\u1ea3n ph\u1ea9m s\u00e1p vu\u1ed1t t\u00f3c t\u1ef1 nhi\u00ean v\u1edbi th\u00e0nh ph\u1ea7n h\u1eefu c\u01a1, \u0111\u01b0\u1ee3c thi\u1ebft k\u1ebf \u0111\u1ec3 mang l\u1ea1i s\u1ef1 ki\u1ec3m so\u00e1t v\u00e0 \u0111\u1ecbnh h\u00ecnh t\u00f3c tuy\u1ec7t v\u1eddi trong khi duy tr\u00ec \u0111\u1ed9 m\u1ec1m m\u1ea1i v\u00e0 b\u00f3ng t\u1ef1 nhi\u00ean. V\u1edbi Urban Primate Organic Clay, b\u1ea1n s\u1ebd t\u1eadn h\u01b0\u1edfng m\u1ed9t tr\u1ea3i [...]\" \/>\n<meta property=\"og:url\" content=\"https:\/\/pluginviet.com\/mau26\/san-pham\/sap-vuot-toc-urban-primate-organic-clay-2\/\" \/>\n<meta property=\"og:site_name\" content=\"Ho\u00e0ng S\u01a1n - M\u1ef9 ph\u1ea9m nam\" \/>\n<meta property=\"article:modified_time\" content=\"2023-06-10T17:08:32+00:00\" \/>\n<meta property=\"og:image\" content=\"https:\/\/pluginviet.com\/mau26\/wp-content\/uploads\/2023\/06\/1-urban-primate-original-clay-600x600-1.png\" \/>\n\t<meta property=\"og:image:width\" content=\"600\" \/>\n\t<meta property=\"og:image:height\" content=\"600\" \/>\n\t<meta property=\"og:image:type\" content=\"image\/png\" \/>\n<meta name=\"twitter:card\" content=\"summary_large_image\" \/>\n<meta name=\"twitter:label1\" content=\"\u01af\u1edbc t\u00ednh th\u1eddi gian \u0111\u1ecdc\" \/>\n\t<meta name=\"twitter:data1\" content=\"1 ph\u00fat\" \/>\n<script type=\"application\/ld+json\" class=\"yoast-schema-graph\">{\"@context\":\"https:\/\/schema.org\",\"@graph\":[{\"@type\":\"WebPage\",\"@id\":\"https:\/\/pluginviet.com\/mau26\/san-pham\/sap-vuot-toc-urban-primate-organic-clay-2\/\",\"url\":\"https:\/\/pluginviet.com\/mau26\/san-pham\/sap-vuot-toc-urban-primate-organic-clay-2\/\",\"name\":\"S\u00e1p vu\u1ed1t t\u00f3c Urban Primate Organic Clay - Ho\u00e0ng S\u01a1n - M\u1ef9 ph\u1ea9m nam\",\"isPartOf\":{\"@id\":\"https:\/\/pluginviet.com\/mau26\/#website\"},\"primaryImageOfPage\":{\"@id\":\"https:\/\/pluginviet.com\/mau26\/san-pham\/sap-vuot-toc-urban-primate-organic-clay-2\/#primaryimage\"},\"image\":{\"@id\":\"https:\/\/pluginviet.com\/mau26\/san-pham\/sap-vuot-toc-urban-primate-organic-clay-2\/#primaryimage\"},\"thumbnailUrl\":\"https:\/\/pluginviet.com\/mau26\/wp-content\/uploads\/2023\/06\/1-urban-primate-original-clay-600x600-1.png\",\"datePublished\":\"2023-06-10T11:07:18+00:00\",\"dateModified\":\"2023-06-10T17:08:32+00:00\",\"breadcrumb\":{\"@id\":\"https:\/\/pluginviet.com\/mau26\/san-pham\/sap-vuot-toc-urban-primate-organic-clay-2\/#breadcrumb\"},\"inLanguage\":\"vi\",\"potentialAction\":[{\"@type\":\"ReadAction\",\"target\":[\"https:\/\/pluginviet.com\/mau26\/san-pham\/sap-vuot-toc-urban-primate-organic-clay-2\/\"]}]},{\"@type\":\"ImageObject\",\"inLanguage\":\"vi\",\"@id\":\"https:\/\/pluginviet.com\/mau26\/san-pham\/sap-vuot-toc-urban-primate-organic-clay-2\/#primaryimage\",\"url\":\"https:\/\/pluginviet.com\/mau26\/wp-content\/uploads\/2023\/06\/1-urban-primate-original-clay-600x600-1.png\",\"contentUrl\":\"https:\/\/pluginviet.com\/mau26\/wp-content\/uploads\/2023\/06\/1-urban-primate-original-clay-600x600-1.png\",\"width\":600,\"height\":600},{\"@type\":\"BreadcrumbList\",\"@id\":\"https:\/\/pluginviet.com\/mau26\/san-pham\/sap-vuot-toc-urban-primate-organic-clay-2\/#breadcrumb\",\"itemListElement\":[{\"@type\":\"ListItem\",\"position\":1,\"name\":\"Trang ch\u1ee7\",\"item\":\"https:\/\/pluginviet.com\/mau26\/\"},{\"@type\":\"ListItem\",\"position\":2,\"name\":\"Shop\",\"item\":\"https:\/\/pluginviet.com\/mau26\/shop\/\"},{\"@type\":\"ListItem\",\"position\":3,\"name\":\"S\u00e1p vu\u1ed1t t\u00f3c Urban Primate Organic Clay\"}]},{\"@type\":\"WebSite\",\"@id\":\"https:\/\/pluginviet.com\/mau26\/#website\",\"url\":\"https:\/\/pluginviet.com\/mau26\/\",\"name\":\"Ho\u00e0ng S\u01a1n - M\u1ef9 ph\u1ea9m nam\",\"description\":\"\",\"potentialAction\":[{\"@type\":\"SearchAction\",\"target\":{\"@type\":\"EntryPoint\",\"urlTemplate\":\"https:\/\/pluginviet.com\/mau26\/?s={search_term_string}\"},\"query-input\":{\"@type\":\"PropertyValueSpecification\",\"valueRequired\":true,\"valueName\":\"search_term_string\"}}],\"inLanguage\":\"vi\"}]}<\/script>\n<!-- \/ Yoast SEO plugin. -->","yoast_head_json":{"title":"S\u00e1p vu\u1ed1t t\u00f3c Urban Primate Organic Clay - Ho\u00e0ng S\u01a1n - M\u1ef9 ph\u1ea9m nam","robots":{"index":"index","follow":"follow","max-snippet":"max-snippet:-1","max-image-preview":"max-image-preview:large","max-video-preview":"max-video-preview:-1"},"canonical":"https:\/\/pluginviet.com\/mau26\/san-pham\/sap-vuot-toc-urban-primate-organic-clay-2\/","og_locale":"vi_VN","og_type":"article","og_title":"S\u00e1p vu\u1ed1t t\u00f3c Urban Primate Organic Clay - Ho\u00e0ng S\u01a1n - M\u1ef9 ph\u1ea9m nam","og_description":"Urban Primate Organic Clay l\u00e0 m\u1ed9t s\u1ea3n ph\u1ea9m s\u00e1p vu\u1ed1t t\u00f3c t\u1ef1 nhi\u00ean v\u1edbi th\u00e0nh ph\u1ea7n h\u1eefu c\u01a1, \u0111\u01b0\u1ee3c thi\u1ebft k\u1ebf \u0111\u1ec3 mang l\u1ea1i s\u1ef1 ki\u1ec3m so\u00e1t v\u00e0 \u0111\u1ecbnh h\u00ecnh t\u00f3c tuy\u1ec7t v\u1eddi trong khi duy tr\u00ec \u0111\u1ed9 m\u1ec1m m\u1ea1i v\u00e0 b\u00f3ng t\u1ef1 nhi\u00ean. V\u1edbi Urban Primate Organic Clay, b\u1ea1n s\u1ebd t\u1eadn h\u01b0\u1edfng m\u1ed9t tr\u1ea3i [...]","og_url":"https:\/\/pluginviet.com\/mau26\/san-pham\/sap-vuot-toc-urban-primate-organic-clay-2\/","og_site_name":"Ho\u00e0ng S\u01a1n - M\u1ef9 ph\u1ea9m nam","article_modified_time":"2023-06-10T17:08:32+00:00","og_image":[{"width":600,"height":600,"url":"https:\/\/pluginviet.com\/mau26\/wp-content\/uploads\/2023\/06\/1-urban-primate-original-clay-600x600-1.png","type":"image\/png"}],"twitter_card":"summary_large_image","twitter_misc":{"\u01af\u1edbc t\u00ednh th\u1eddi gian \u0111\u1ecdc":"1 ph\u00fat"},"schema":{"@context":"https:\/\/schema.org","@graph":[{"@type":"WebPage","@id":"https:\/\/pluginviet.com\/mau26\/san-pham\/sap-vuot-toc-urban-primate-organic-clay-2\/","url":"https:\/\/pluginviet.com\/mau26\/san-pham\/sap-vuot-toc-urban-primate-organic-clay-2\/","name":"S\u00e1p vu\u1ed1t t\u00f3c Urban Primate Organic Clay - Ho\u00e0ng S\u01a1n - M\u1ef9 ph\u1ea9m nam","isPartOf":{"@id":"https:\/\/pluginviet.com\/mau26\/#website"},"primaryImageOfPage":{"@id":"https:\/\/pluginviet.com\/mau26\/san-pham\/sap-vuot-toc-urban-primate-organic-clay-2\/#primaryimage"},"image":{"@id":"https:\/\/pluginviet.com\/mau26\/san-pham\/sap-vuot-toc-urban-primate-organic-clay-2\/#primaryimage"},"thumbnailUrl":"https:\/\/pluginviet.com\/mau26\/wp-content\/uploads\/2023\/06\/1-urban-primate-original-clay-600x600-1.png","datePublished":"2023-06-10T11:07:18+00:00","dateModified":"2023-06-10T17:08:32+00:00","breadcrumb":{"@id":"https:\/\/pluginviet.com\/mau26\/san-pham\/sap-vuot-toc-urban-primate-organic-clay-2\/#breadcrumb"},"inLanguage":"vi","potentialAction":[{"@type":"ReadAction","target":["https:\/\/pluginviet.com\/mau26\/san-pham\/sap-vuot-toc-urban-primate-organic-clay-2\/"]}]},{"@type":"ImageObject","inLanguage":"vi","@id":"https:\/\/pluginviet.com\/mau26\/san-pham\/sap-vuot-toc-urban-primate-organic-clay-2\/#primaryimage","url":"https:\/\/pluginviet.com\/mau26\/wp-content\/uploads\/2023\/06\/1-urban-primate-original-clay-600x600-1.png","contentUrl":"https:\/\/pluginviet.com\/mau26\/wp-content\/uploads\/2023\/06\/1-urban-primate-original-clay-600x600-1.png","width":600,"height":600},{"@type":"BreadcrumbList","@id":"https:\/\/pluginviet.com\/mau26\/san-pham\/sap-vuot-toc-urban-primate-organic-clay-2\/#breadcrumb","itemListElement":[{"@type":"ListItem","position":1,"name":"Trang ch\u1ee7","item":"https:\/\/pluginviet.com\/mau26\/"},{"@type":"ListItem","position":2,"name":"Shop","item":"https:\/\/pluginviet.com\/mau26\/shop\/"},{"@type":"ListItem","position":3,"name":"S\u00e1p vu\u1ed1t t\u00f3c Urban Primate Organic Clay"}]},{"@type":"WebSite","@id":"https:\/\/pluginviet.com\/mau26\/#website","url":"https:\/\/pluginviet.com\/mau26\/","name":"Ho\u00e0ng S\u01a1n - M\u1ef9 ph\u1ea9m nam","description":"","potentialAction":[{"@type":"SearchAction","target":{"@type":"EntryPoint","urlTemplate":"https:\/\/pluginviet.com\/mau26\/?s={search_term_string}"},"query-input":{"@type":"PropertyValueSpecification","valueRequired":true,"valueName":"search_term_string"}}],"inLanguage":"vi"}]}},"_links":{"self":[{"href":"https:\/\/pluginviet.com\/mau26\/wp-json\/wp\/v2\/product\/1914","targetHints":{"allow":["GET"]}}],"collection":[{"href":"https:\/\/pluginviet.com\/mau26\/wp-json\/wp\/v2\/product"}],"about":[{"href":"https:\/\/pluginviet.com\/mau26\/wp-json\/wp\/v2\/types\/product"}],"replies":[{"embeddable":true,"href":"https:\/\/pluginviet.com\/mau26\/wp-json\/wp\/v2\/comments?post=1914"}],"wp:featuredmedia":[{"embeddable":true,"href":"https:\/\/pluginviet.com\/mau26\/wp-json\/wp\/v2\/media\/1797"}],"wp:attachment":[{"href":"https:\/\/pluginviet.com\/mau26\/wp-json\/wp\/v2\/media?parent=1914"}],"wp:term":[{"taxonomy":"product_brand","embeddable":true,"href":"https:\/\/pluginviet.com\/mau26\/wp-json\/wp\/v2\/product_brand?post=1914"},{"taxonomy":"product_cat","embeddable":true,"href":"https:\/\/pluginviet.com\/mau26\/wp-json\/wp\/v2\/product_cat?post=1914"},{"taxonomy":"product_tag","embeddable":true,"href":"https:\/\/pluginviet.com\/mau26\/wp-json\/wp\/v2\/product_tag?post=1914"},{"taxonomy":"berocket_brand","embeddable":true,"href":"https:\/\/pluginviet.com\/mau26\/wp-json\/wp\/v2\/berocket_brand?post=1914"}],"curies":[{"name":"wp","href":"https:\/\/api.w.org\/{rel}","templated":true}]}}